{"id":14776,"date":"2023-09-20T16:57:21","date_gmt":"2023-09-20T15:57:21","guid":{"rendered":"https:\/\/zapateneo.net\/wordpress\/?post_type=product&#038;p=14776"},"modified":"2023-09-20T16:57:31","modified_gmt":"2023-09-20T15:57:31","slug":"historia-social-del-jazz-primitivo-vol-1-del-pantano-de-la-esclavitud-al-blues-de-la-segregacion","status":"publish","type":"product","link":"https:\/\/zapateneo.net\/wordpress\/index.php\/producto\/historia-social-del-jazz-primitivo-vol-1-del-pantano-de-la-esclavitud-al-blues-de-la-segregacion\/","title":{"rendered":"HISTORIA SOCIAL DEL JAZZ PRIMITIVO (Vol. 1) Del pantano de la esclavitud al blues de la segregaci\u00f3n."},"content":{"rendered":"<p>La importancia de aquel jass primitivo no se limitaba a lo novedoso de su intrincada forma \u2014una mixtura compuesta de ragtime y notas blue que beb\u00eda del acervo juglaresco, las canciones de plantaci\u00f3n, el vodevil y el circo itinerantes, y que deformaba con ritmos sincopados la herencia musical europea\u2014; alrededor de este germen se desarroll\u00f3 toda una subcultura con sus propias peculiaridades cuyo protagonista es el lumpemproletariado urbano que conserva a\u00fan maneras rurales de expresi\u00f3n comunitaria, transformadas en torno a las tabernas, los clubes nocturnos, las salas de baile y los espect\u00e1culos de diversi\u00f3n popular.<\/p>\n<p>Sin dejar de lado la experiencia de la esclavitud, pero tomando su abolici\u00f3n como punto de inflexi\u00f3n que inaugura un periodo de movilidad y contagios musicales, este primer volumen trata de determinar las condiciones sociales que posibilitaron el nacimiento del jazz y bajo qu\u00e9 circunstancias fue mutando; con qu\u00e9 avatares tuvieron que lidiar sus art\u00edfices, c\u00f3mo vivieron, resistieron o se adaptaron a las coyunturas de una \u00e9poca de cambios dr\u00e1sticos; sin despreciar las peripecias particulares, qu\u00e9 pr\u00e1cticas y relaciones se dieron entre los distintos colectivos y grupos espec\u00edficos atendiendo a sus procedenias geogr\u00e1ficas y culturales, \u00e9tnicas, de clase y g\u00e9nero.<\/p>\n","protected":false},"excerpt":{"rendered":"<p><strong>Rag Cuter<\/strong><br \/>\n9788409435166 &#8211; Corazones blindados &#8211; 2023 &#8211; 536 p\u00e1ginas \/orri.<\/p>\n","protected":false},"featured_media":14799,"template":"","meta":[],"product_brand":[],"product_cat":[15],"product_tag":[824,6669],"class_list":{"0":"post-14776","1":"product","2":"type-product","3":"status-publish","4":"has-post-thumbnail","6":"product_cat-otros-bestelakoak","7":"product_tag-corazones-blindados","8":"product_tag-rag-cuter","10":"first","11":"instock","12":"sold-individually","13":"shipping-taxable","14":"purchasable","15":"product-type-simple"},"yoast_head":"<!-- This site is optimized with the Yoast SEO plugin v27.3 - https:\/\/yoast.com\/product\/yoast-seo-wordpress\/ -->\n<title>HISTORIA SOCIAL DEL JAZZ PRIMITIVO (Vol. 1) Del pantano de la esclavitud al blues de la segregaci\u00f3n. &#8212; Zapateneo<\/title>\n<meta name=\"robots\" content=\"index, follow, max-snippet:-1, max-image-preview:large, max-video-preview:-1\" \/>\n<link rel=\"canonical\" href=\"https:\/\/zapateneo.net\/wordpress\/index.php\/producto\/historia-social-del-jazz-primitivo-vol-1-del-pantano-de-la-esclavitud-al-blues-de-la-segregacion\/\" \/>\n<meta property=\"og:locale\" content=\"es_ES\" \/>\n<meta property=\"og:type\" content=\"article\" \/>\n<meta property=\"og:title\" content=\"HISTORIA SOCIAL DEL JAZZ PRIMITIVO (Vol. 1) Del pantano de la esclavitud al blues de la segregaci\u00f3n. &#8212; Zapateneo\" \/>\n<meta property=\"og:description\" content=\"Rag Cuter 9788409435166 - Corazones blindados - 2023 - 536 p\u00e1ginas \/orri.\" \/>\n<meta property=\"og:url\" content=\"https:\/\/zapateneo.net\/wordpress\/index.php\/producto\/historia-social-del-jazz-primitivo-vol-1-del-pantano-de-la-esclavitud-al-blues-de-la-segregacion\/\" \/>\n<meta property=\"og:site_name\" content=\"Zapateneo\" \/>\n<meta property=\"article:modified_time\" content=\"2023-09-20T15:57:31+00:00\" \/>\n<meta name=\"twitter:card\" content=\"summary_large_image\" \/>\n<meta name=\"twitter:site\" content=\"@zapateneo\" \/>\n<meta name=\"twitter:label1\" content=\"Tiempo de lectura\" \/>\n\t<meta name=\"twitter:data1\" content=\"1 minuto\" \/>\n<script type=\"application\/ld+json\" class=\"yoast-schema-graph\">{\"@context\":\"https:\\\/\\\/schema.org\",\"@graph\":[{\"@type\":\"WebPage\",\"@id\":\"https:\\\/\\\/zapateneo.net\\\/wordpress\\\/index.php\\\/producto\\\/historia-social-del-jazz-primitivo-vol-1-del-pantano-de-la-esclavitud-al-blues-de-la-segregacion\\\/\",\"url\":\"https:\\\/\\\/zapateneo.net\\\/wordpress\\\/index.php\\\/producto\\\/historia-social-del-jazz-primitivo-vol-1-del-pantano-de-la-esclavitud-al-blues-de-la-segregacion\\\/\",\"name\":\"HISTORIA SOCIAL DEL JAZZ PRIMITIVO (Vol. 1) Del pantano de la esclavitud al blues de la segregaci\u00f3n. &#8212; Zapateneo\",\"isPartOf\":{\"@id\":\"https:\\\/\\\/zapateneo.net\\\/wordpress\\\/#website\"},\"primaryImageOfPage\":{\"@id\":\"https:\\\/\\\/zapateneo.net\\\/wordpress\\\/index.php\\\/producto\\\/historia-social-del-jazz-primitivo-vol-1-del-pantano-de-la-esclavitud-al-blues-de-la-segregacion\\\/#primaryimage\"},\"image\":{\"@id\":\"https:\\\/\\\/zapateneo.net\\\/wordpress\\\/index.php\\\/producto\\\/historia-social-del-jazz-primitivo-vol-1-del-pantano-de-la-esclavitud-al-blues-de-la-segregacion\\\/#primaryimage\"},\"thumbnailUrl\":\"https:\\\/\\\/zapateneo.net\\\/wordpress\\\/wp-content\\\/uploads\\\/2023\\\/09\\\/historia-social-del-jazz-primitivo-vol-1-9788409435166.jpg\",\"datePublished\":\"2023-09-20T15:57:21+00:00\",\"dateModified\":\"2023-09-20T15:57:31+00:00\",\"breadcrumb\":{\"@id\":\"https:\\\/\\\/zapateneo.net\\\/wordpress\\\/index.php\\\/producto\\\/historia-social-del-jazz-primitivo-vol-1-del-pantano-de-la-esclavitud-al-blues-de-la-segregacion\\\/#breadcrumb\"},\"inLanguage\":\"es\",\"potentialAction\":[{\"@type\":\"ReadAction\",\"target\":[\"https:\\\/\\\/zapateneo.net\\\/wordpress\\\/index.php\\\/producto\\\/historia-social-del-jazz-primitivo-vol-1-del-pantano-de-la-esclavitud-al-blues-de-la-segregacion\\\/\"]}]},{\"@type\":\"ImageObject\",\"inLanguage\":\"es\",\"@id\":\"https:\\\/\\\/zapateneo.net\\\/wordpress\\\/index.php\\\/producto\\\/historia-social-del-jazz-primitivo-vol-1-del-pantano-de-la-esclavitud-al-blues-de-la-segregacion\\\/#primaryimage\",\"url\":\"https:\\\/\\\/zapateneo.net\\\/wordpress\\\/wp-content\\\/uploads\\\/2023\\\/09\\\/historia-social-del-jazz-primitivo-vol-1-9788409435166.jpg\",\"contentUrl\":\"https:\\\/\\\/zapateneo.net\\\/wordpress\\\/wp-content\\\/uploads\\\/2023\\\/09\\\/historia-social-del-jazz-primitivo-vol-1-9788409435166.jpg\",\"width\":268,\"height\":400},{\"@type\":\"BreadcrumbList\",\"@id\":\"https:\\\/\\\/zapateneo.net\\\/wordpress\\\/index.php\\\/producto\\\/historia-social-del-jazz-primitivo-vol-1-del-pantano-de-la-esclavitud-al-blues-de-la-segregacion\\\/#breadcrumb\",\"itemListElement\":[{\"@type\":\"ListItem\",\"position\":1,\"name\":\"Portada\",\"item\":\"https:\\\/\\\/zapateneo.net\\\/wordpress\\\/\"},{\"@type\":\"ListItem\",\"position\":2,\"name\":\"Tienda\",\"item\":\"https:\\\/\\\/zapateneo.net\\\/wordpress\\\/\"},{\"@type\":\"ListItem\",\"position\":3,\"name\":\"HISTORIA SOCIAL DEL JAZZ PRIMITIVO (Vol. 1) Del pantano de la esclavitud al blues de la segregaci\u00f3n.\"}]},{\"@type\":\"WebSite\",\"@id\":\"https:\\\/\\\/zapateneo.net\\\/wordpress\\\/#website\",\"url\":\"https:\\\/\\\/zapateneo.net\\\/wordpress\\\/\",\"name\":\"Zapateneo\",\"description\":\"Zapateneoaren webgunea\",\"publisher\":{\"@id\":\"https:\\\/\\\/zapateneo.net\\\/wordpress\\\/#organization\"},\"potentialAction\":[{\"@type\":\"SearchAction\",\"target\":{\"@type\":\"EntryPoint\",\"urlTemplate\":\"https:\\\/\\\/zapateneo.net\\\/wordpress\\\/?s={search_term_string}\"},\"query-input\":{\"@type\":\"PropertyValueSpecification\",\"valueRequired\":true,\"valueName\":\"search_term_string\"}}],\"inLanguage\":\"es\"},{\"@type\":\"Organization\",\"@id\":\"https:\\\/\\\/zapateneo.net\\\/wordpress\\\/#organization\",\"name\":\"Zapateneo Kultur Elkartea\",\"url\":\"https:\\\/\\\/zapateneo.net\\\/wordpress\\\/\",\"logo\":{\"@type\":\"ImageObject\",\"inLanguage\":\"es\",\"@id\":\"https:\\\/\\\/zapateneo.net\\\/wordpress\\\/#\\\/schema\\\/logo\\\/image\\\/\",\"url\":\"https:\\\/\\\/zapateneo.net\\\/wordpress\\\/wp-content\\\/uploads\\\/2021\\\/04\\\/zap-libu-kolec.jpg\",\"contentUrl\":\"https:\\\/\\\/zapateneo.net\\\/wordpress\\\/wp-content\\\/uploads\\\/2021\\\/04\\\/zap-libu-kolec.jpg\",\"width\":2234,\"height\":398,\"caption\":\"Zapateneo Kultur Elkartea\"},\"image\":{\"@id\":\"https:\\\/\\\/zapateneo.net\\\/wordpress\\\/#\\\/schema\\\/logo\\\/image\\\/\"},\"sameAs\":[\"https:\\\/\\\/x.com\\\/zapateneo\"]}]}<\/script>\n<!-- \/ Yoast SEO plugin. -->","yoast_head_json":{"title":"HISTORIA SOCIAL DEL JAZZ PRIMITIVO (Vol. 1) Del pantano de la esclavitud al blues de la segregaci\u00f3n. &#8212; Zapateneo","robots":{"index":"index","follow":"follow","max-snippet":"max-snippet:-1","max-image-preview":"max-image-preview:large","max-video-preview":"max-video-preview:-1"},"canonical":"https:\/\/zapateneo.net\/wordpress\/index.php\/producto\/historia-social-del-jazz-primitivo-vol-1-del-pantano-de-la-esclavitud-al-blues-de-la-segregacion\/","og_locale":"es_ES","og_type":"article","og_title":"HISTORIA SOCIAL DEL JAZZ PRIMITIVO (Vol. 1) Del pantano de la esclavitud al blues de la segregaci\u00f3n. &#8212; Zapateneo","og_description":"Rag Cuter 9788409435166 - Corazones blindados - 2023 - 536 p\u00e1ginas \/orri.","og_url":"https:\/\/zapateneo.net\/wordpress\/index.php\/producto\/historia-social-del-jazz-primitivo-vol-1-del-pantano-de-la-esclavitud-al-blues-de-la-segregacion\/","og_site_name":"Zapateneo","article_modified_time":"2023-09-20T15:57:31+00:00","twitter_card":"summary_large_image","twitter_site":"@zapateneo","twitter_misc":{"Tiempo de lectura":"1 minuto"},"schema":{"@context":"https:\/\/schema.org","@graph":[{"@type":"WebPage","@id":"https:\/\/zapateneo.net\/wordpress\/index.php\/producto\/historia-social-del-jazz-primitivo-vol-1-del-pantano-de-la-esclavitud-al-blues-de-la-segregacion\/","url":"https:\/\/zapateneo.net\/wordpress\/index.php\/producto\/historia-social-del-jazz-primitivo-vol-1-del-pantano-de-la-esclavitud-al-blues-de-la-segregacion\/","name":"HISTORIA SOCIAL DEL JAZZ PRIMITIVO (Vol. 1) Del pantano de la esclavitud al blues de la segregaci\u00f3n. &#8212; Zapateneo","isPartOf":{"@id":"https:\/\/zapateneo.net\/wordpress\/#website"},"primaryImageOfPage":{"@id":"https:\/\/zapateneo.net\/wordpress\/index.php\/producto\/historia-social-del-jazz-primitivo-vol-1-del-pantano-de-la-esclavitud-al-blues-de-la-segregacion\/#primaryimage"},"image":{"@id":"https:\/\/zapateneo.net\/wordpress\/index.php\/producto\/historia-social-del-jazz-primitivo-vol-1-del-pantano-de-la-esclavitud-al-blues-de-la-segregacion\/#primaryimage"},"thumbnailUrl":"https:\/\/zapateneo.net\/wordpress\/wp-content\/uploads\/2023\/09\/historia-social-del-jazz-primitivo-vol-1-9788409435166.jpg","datePublished":"2023-09-20T15:57:21+00:00","dateModified":"2023-09-20T15:57:31+00:00","breadcrumb":{"@id":"https:\/\/zapateneo.net\/wordpress\/index.php\/producto\/historia-social-del-jazz-primitivo-vol-1-del-pantano-de-la-esclavitud-al-blues-de-la-segregacion\/#breadcrumb"},"inLanguage":"es","potentialAction":[{"@type":"ReadAction","target":["https:\/\/zapateneo.net\/wordpress\/index.php\/producto\/historia-social-del-jazz-primitivo-vol-1-del-pantano-de-la-esclavitud-al-blues-de-la-segregacion\/"]}]},{"@type":"ImageObject","inLanguage":"es","@id":"https:\/\/zapateneo.net\/wordpress\/index.php\/producto\/historia-social-del-jazz-primitivo-vol-1-del-pantano-de-la-esclavitud-al-blues-de-la-segregacion\/#primaryimage","url":"https:\/\/zapateneo.net\/wordpress\/wp-content\/uploads\/2023\/09\/historia-social-del-jazz-primitivo-vol-1-9788409435166.jpg","contentUrl":"https:\/\/zapateneo.net\/wordpress\/wp-content\/uploads\/2023\/09\/historia-social-del-jazz-primitivo-vol-1-9788409435166.jpg","width":268,"height":400},{"@type":"BreadcrumbList","@id":"https:\/\/zapateneo.net\/wordpress\/index.php\/producto\/historia-social-del-jazz-primitivo-vol-1-del-pantano-de-la-esclavitud-al-blues-de-la-segregacion\/#breadcrumb","itemListElement":[{"@type":"ListItem","position":1,"name":"Portada","item":"https:\/\/zapateneo.net\/wordpress\/"},{"@type":"ListItem","position":2,"name":"Tienda","item":"https:\/\/zapateneo.net\/wordpress\/"},{"@type":"ListItem","position":3,"name":"HISTORIA SOCIAL DEL JAZZ PRIMITIVO (Vol. 1) Del pantano de la esclavitud al blues de la segregaci\u00f3n."}]},{"@type":"WebSite","@id":"https:\/\/zapateneo.net\/wordpress\/#website","url":"https:\/\/zapateneo.net\/wordpress\/","name":"Zapateneo","description":"Zapateneoaren webgunea","publisher":{"@id":"https:\/\/zapateneo.net\/wordpress\/#organization"},"potentialAction":[{"@type":"SearchAction","target":{"@type":"EntryPoint","urlTemplate":"https:\/\/zapateneo.net\/wordpress\/?s={search_term_string}"},"query-input":{"@type":"PropertyValueSpecification","valueRequired":true,"valueName":"search_term_string"}}],"inLanguage":"es"},{"@type":"Organization","@id":"https:\/\/zapateneo.net\/wordpress\/#organization","name":"Zapateneo Kultur Elkartea","url":"https:\/\/zapateneo.net\/wordpress\/","logo":{"@type":"ImageObject","inLanguage":"es","@id":"https:\/\/zapateneo.net\/wordpress\/#\/schema\/logo\/image\/","url":"https:\/\/zapateneo.net\/wordpress\/wp-content\/uploads\/2021\/04\/zap-libu-kolec.jpg","contentUrl":"https:\/\/zapateneo.net\/wordpress\/wp-content\/uploads\/2021\/04\/zap-libu-kolec.jpg","width":2234,"height":398,"caption":"Zapateneo Kultur Elkartea"},"image":{"@id":"https:\/\/zapateneo.net\/wordpress\/#\/schema\/logo\/image\/"},"sameAs":["https:\/\/x.com\/zapateneo"]}]}},"_links":{"self":[{"href":"https:\/\/zapateneo.net\/wordpress\/index.php\/wp-json\/wp\/v2\/product\/14776","targetHints":{"allow":["GET"]}}],"collection":[{"href":"https:\/\/zapateneo.net\/wordpress\/index.php\/wp-json\/wp\/v2\/product"}],"about":[{"href":"https:\/\/zapateneo.net\/wordpress\/index.php\/wp-json\/wp\/v2\/types\/product"}],"wp:featuredmedia":[{"embeddable":true,"href":"https:\/\/zapateneo.net\/wordpress\/index.php\/wp-json\/wp\/v2\/media\/14799"}],"wp:attachment":[{"href":"https:\/\/zapateneo.net\/wordpress\/index.php\/wp-json\/wp\/v2\/media?parent=14776"}],"wp:term":[{"taxonomy":"product_brand","embeddable":true,"href":"https:\/\/zapateneo.net\/wordpress\/index.php\/wp-json\/wp\/v2\/product_brand?post=14776"},{"taxonomy":"product_cat","embeddable":true,"href":"https:\/\/zapateneo.net\/wordpress\/index.php\/wp-json\/wp\/v2\/product_cat?post=14776"},{"taxonomy":"product_tag","embeddable":true,"href":"https:\/\/zapateneo.net\/wordpress\/index.php\/wp-json\/wp\/v2\/product_tag?post=14776"}],"curies":[{"name":"wp","href":"https:\/\/api.w.org\/{rel}","templated":true}]}}