{"id":14775,"date":"2023-09-20T16:57:20","date_gmt":"2023-09-20T15:57:20","guid":{"rendered":"https:\/\/zapateneo.net\/wordpress\/?post_type=product&#038;p=14775"},"modified":"2023-09-20T16:57:30","modified_gmt":"2023-09-20T15:57:30","slug":"antropologia-en-devenir-politico-encuentros-trans-disciplinares","status":"publish","type":"product","link":"https:\/\/zapateneo.net\/wordpress\/index.php\/producto\/antropologia-en-devenir-politico-encuentros-trans-disciplinares\/","title":{"rendered":"ANTROPOLOG\u00cdA EN DEVENIR POL\u00cdTICO Encuentros trans-disciplinares"},"content":{"rendered":"<p>La antropolog\u00eda instaura la pregunta primigenia de qu\u00e9 ser\u00eda un ser humano, cu\u00e1l ser\u00eda la mejor manera de conocerlo o la relaci\u00f3n que hay entre nosotros y vosotros. El libro compilado por Jos\u00e9 Turp\u00edn viene a enfrentarse a esta concentraci\u00f3n de sentido que re\u00fane raz\u00f3n y reflexi\u00f3n sobre el ser.<\/p>\n<p>El propio Villaca\u00f1as, indica: \u00abLas diversas direcciones de pensamiento dotan al discurso antropol\u00f3gico de una promiscuidad intelectual capaz de registrar la creatividad profunda del pensamiento\u00bb. Y es que nos encontramos en un devenir en el que de repente todo cambia, de ah\u00ed que sea esencial la posibilidad de percibir el cambio desde distintas perspectivas y disponer de todas las claves. Un nuevo\/distinto\/diferente momento que requerir\u00e1 de nuevas, distintas y diferentes organizaciones. \u00bfQui\u00e9nes son los agentes de cambio?, \u00bfestamos dispuestos a asumir esos riesgos?<\/p>\n<p>Esta compilaci\u00f3n nos acerca a que esas cosas que nos espantan adopten una forma sencilla y familiar en contextos dom\u00e9sticos. Una obra capaz de evocar un modo de pensamiento, un modo de ver el mundo de la vida y ponerlo en relaci\u00f3n. Les invitamos a que entren y se sumerjan en ella \u00bfSe atreven?<\/p>\n<p>Jose Turp\u00edn Saor\u00edn (Murcia, 1969). Fil\u00f3sofo y antrop\u00f3logo, estudi\u00f3 y se doctor\u00f3 en la Universidad de Murcia, sigui\u00f3 sus estudios de antropolog\u00eda en la Universidad Miguel Hern\u00e1ndez de Elche. Fue durante 20 a\u00f1os profesor de educaci\u00f3n f\u00edsica y realiz\u00f3 su tesis sobre concepciones del cuerpo y g\u00e9nero mientras realizaba una estancia en Chicago tutelado por James Fern\u00e1ndez (Universidad de Chicago). Tras varios a\u00f1os de docencia en IES como profesor de Filosof\u00eda y profesor asociado en el departamento de Expresi\u00f3n corporal de la Universidad de Murcia, en 2019 se embarc\u00f3 en la realizaci\u00f3n de una investigaci\u00f3n sobre concepciones del tiempo en la cultura amerindia, en concreto sobre los indios Pueblos de Santa Fe (Nuevo M\u00e9xico), de pr\u00f3xima publicaci\u00f3n. Ha participado en distintas conferencias en la UNAM, en la Universidad Sim\u00f3n Bol\u00edvar o en la Universidad de Guadalajara de M\u00e9xico. Ha sido invitado en distintos congresos, siendo el \u00faltimo el III Congreso Iberoamericano de compromiso social y pol\u00edtico, celebrado en la ciudad de Guatemala en 2021. Sus preocupaciones se vienen centrando en la posibilidad, incluso la necesidad, de habilitar espacios comunes desde la divergencia de un pensamiento multidisciplinar. Este es su segundo libro como editor, en el primero Es tiempo de&#8230; (2016), present\u00f3 una compilaci\u00f3n con relaci\u00f3n a qu\u00e9 hacer tras la crisis de 2011.<\/p>\n<p>Pr\u00f3logo de Jos\u00e9 Luis Villaca\u00f1as<\/p>\n","protected":false},"excerpt":{"rendered":"<p><strong>Jos\u00e9 Turp\u00edn Saor\u00edn<\/strong><br \/>\n9788412442472 &#8211; Dado &#8211; 2023 &#8211; 362 p\u00e1ginas \/orri.<\/p>\n","protected":false},"featured_media":14798,"template":"","meta":[],"product_brand":[],"product_cat":[15],"product_tag":[6746,6747],"class_list":{"0":"post-14775","1":"product","2":"type-product","3":"status-publish","4":"has-post-thumbnail","6":"product_cat-otros-bestelakoak","7":"product_tag-dado","8":"product_tag-jose-turpin-saorin","10":"first","11":"instock","12":"sold-individually","13":"shipping-taxable","14":"purchasable","15":"product-type-simple"},"yoast_head":"<!-- This site is optimized with the Yoast SEO plugin v27.3 - https:\/\/yoast.com\/product\/yoast-seo-wordpress\/ -->\n<title>ANTROPOLOG\u00cdA EN DEVENIR POL\u00cdTICO Encuentros trans-disciplinares &#8212; Zapateneo<\/title>\n<meta name=\"robots\" content=\"index, follow, max-snippet:-1, max-image-preview:large, max-video-preview:-1\" \/>\n<link rel=\"canonical\" href=\"https:\/\/zapateneo.net\/wordpress\/index.php\/producto\/antropologia-en-devenir-politico-encuentros-trans-disciplinares\/\" \/>\n<meta property=\"og:locale\" content=\"es_ES\" \/>\n<meta property=\"og:type\" content=\"article\" \/>\n<meta property=\"og:title\" content=\"ANTROPOLOG\u00cdA EN DEVENIR POL\u00cdTICO Encuentros trans-disciplinares &#8212; Zapateneo\" \/>\n<meta property=\"og:description\" content=\"Jos\u00e9 Turp\u00edn Saor\u00edn 9788412442472 - Dado - 2023 - 362 p\u00e1ginas \/orri.\" \/>\n<meta property=\"og:url\" content=\"https:\/\/zapateneo.net\/wordpress\/index.php\/producto\/antropologia-en-devenir-politico-encuentros-trans-disciplinares\/\" \/>\n<meta property=\"og:site_name\" content=\"Zapateneo\" \/>\n<meta property=\"article:modified_time\" content=\"2023-09-20T15:57:30+00:00\" \/>\n<meta name=\"twitter:card\" content=\"summary_large_image\" \/>\n<meta name=\"twitter:site\" content=\"@zapateneo\" \/>\n<meta name=\"twitter:label1\" content=\"Tiempo de lectura\" \/>\n\t<meta name=\"twitter:data1\" content=\"2 minutos\" \/>\n<script type=\"application\/ld+json\" class=\"yoast-schema-graph\">{\"@context\":\"https:\\\/\\\/schema.org\",\"@graph\":[{\"@type\":\"WebPage\",\"@id\":\"https:\\\/\\\/zapateneo.net\\\/wordpress\\\/index.php\\\/producto\\\/antropologia-en-devenir-politico-encuentros-trans-disciplinares\\\/\",\"url\":\"https:\\\/\\\/zapateneo.net\\\/wordpress\\\/index.php\\\/producto\\\/antropologia-en-devenir-politico-encuentros-trans-disciplinares\\\/\",\"name\":\"ANTROPOLOG\u00cdA EN DEVENIR POL\u00cdTICO Encuentros trans-disciplinares &#8212; Zapateneo\",\"isPartOf\":{\"@id\":\"https:\\\/\\\/zapateneo.net\\\/wordpress\\\/#website\"},\"primaryImageOfPage\":{\"@id\":\"https:\\\/\\\/zapateneo.net\\\/wordpress\\\/index.php\\\/producto\\\/antropologia-en-devenir-politico-encuentros-trans-disciplinares\\\/#primaryimage\"},\"image\":{\"@id\":\"https:\\\/\\\/zapateneo.net\\\/wordpress\\\/index.php\\\/producto\\\/antropologia-en-devenir-politico-encuentros-trans-disciplinares\\\/#primaryimage\"},\"thumbnailUrl\":\"https:\\\/\\\/zapateneo.net\\\/wordpress\\\/wp-content\\\/uploads\\\/2023\\\/09\\\/antropologia-en-devenir-politico-9788412442472.jpg\",\"datePublished\":\"2023-09-20T15:57:20+00:00\",\"dateModified\":\"2023-09-20T15:57:30+00:00\",\"breadcrumb\":{\"@id\":\"https:\\\/\\\/zapateneo.net\\\/wordpress\\\/index.php\\\/producto\\\/antropologia-en-devenir-politico-encuentros-trans-disciplinares\\\/#breadcrumb\"},\"inLanguage\":\"es\",\"potentialAction\":[{\"@type\":\"ReadAction\",\"target\":[\"https:\\\/\\\/zapateneo.net\\\/wordpress\\\/index.php\\\/producto\\\/antropologia-en-devenir-politico-encuentros-trans-disciplinares\\\/\"]}]},{\"@type\":\"ImageObject\",\"inLanguage\":\"es\",\"@id\":\"https:\\\/\\\/zapateneo.net\\\/wordpress\\\/index.php\\\/producto\\\/antropologia-en-devenir-politico-encuentros-trans-disciplinares\\\/#primaryimage\",\"url\":\"https:\\\/\\\/zapateneo.net\\\/wordpress\\\/wp-content\\\/uploads\\\/2023\\\/09\\\/antropologia-en-devenir-politico-9788412442472.jpg\",\"contentUrl\":\"https:\\\/\\\/zapateneo.net\\\/wordpress\\\/wp-content\\\/uploads\\\/2023\\\/09\\\/antropologia-en-devenir-politico-9788412442472.jpg\",\"width\":258,\"height\":400},{\"@type\":\"BreadcrumbList\",\"@id\":\"https:\\\/\\\/zapateneo.net\\\/wordpress\\\/index.php\\\/producto\\\/antropologia-en-devenir-politico-encuentros-trans-disciplinares\\\/#breadcrumb\",\"itemListElement\":[{\"@type\":\"ListItem\",\"position\":1,\"name\":\"Portada\",\"item\":\"https:\\\/\\\/zapateneo.net\\\/wordpress\\\/\"},{\"@type\":\"ListItem\",\"position\":2,\"name\":\"Tienda\",\"item\":\"https:\\\/\\\/zapateneo.net\\\/wordpress\\\/\"},{\"@type\":\"ListItem\",\"position\":3,\"name\":\"ANTROPOLOG\u00cdA EN DEVENIR POL\u00cdTICO Encuentros trans-disciplinares\"}]},{\"@type\":\"WebSite\",\"@id\":\"https:\\\/\\\/zapateneo.net\\\/wordpress\\\/#website\",\"url\":\"https:\\\/\\\/zapateneo.net\\\/wordpress\\\/\",\"name\":\"Zapateneo\",\"description\":\"Zapateneoaren webgunea\",\"publisher\":{\"@id\":\"https:\\\/\\\/zapateneo.net\\\/wordpress\\\/#organization\"},\"potentialAction\":[{\"@type\":\"SearchAction\",\"target\":{\"@type\":\"EntryPoint\",\"urlTemplate\":\"https:\\\/\\\/zapateneo.net\\\/wordpress\\\/?s={search_term_string}\"},\"query-input\":{\"@type\":\"PropertyValueSpecification\",\"valueRequired\":true,\"valueName\":\"search_term_string\"}}],\"inLanguage\":\"es\"},{\"@type\":\"Organization\",\"@id\":\"https:\\\/\\\/zapateneo.net\\\/wordpress\\\/#organization\",\"name\":\"Zapateneo Kultur Elkartea\",\"url\":\"https:\\\/\\\/zapateneo.net\\\/wordpress\\\/\",\"logo\":{\"@type\":\"ImageObject\",\"inLanguage\":\"es\",\"@id\":\"https:\\\/\\\/zapateneo.net\\\/wordpress\\\/#\\\/schema\\\/logo\\\/image\\\/\",\"url\":\"https:\\\/\\\/zapateneo.net\\\/wordpress\\\/wp-content\\\/uploads\\\/2021\\\/04\\\/zap-libu-kolec.jpg\",\"contentUrl\":\"https:\\\/\\\/zapateneo.net\\\/wordpress\\\/wp-content\\\/uploads\\\/2021\\\/04\\\/zap-libu-kolec.jpg\",\"width\":2234,\"height\":398,\"caption\":\"Zapateneo Kultur Elkartea\"},\"image\":{\"@id\":\"https:\\\/\\\/zapateneo.net\\\/wordpress\\\/#\\\/schema\\\/logo\\\/image\\\/\"},\"sameAs\":[\"https:\\\/\\\/x.com\\\/zapateneo\"]}]}<\/script>\n<!-- \/ Yoast SEO plugin. -->","yoast_head_json":{"title":"ANTROPOLOG\u00cdA EN DEVENIR POL\u00cdTICO Encuentros trans-disciplinares &#8212; Zapateneo","robots":{"index":"index","follow":"follow","max-snippet":"max-snippet:-1","max-image-preview":"max-image-preview:large","max-video-preview":"max-video-preview:-1"},"canonical":"https:\/\/zapateneo.net\/wordpress\/index.php\/producto\/antropologia-en-devenir-politico-encuentros-trans-disciplinares\/","og_locale":"es_ES","og_type":"article","og_title":"ANTROPOLOG\u00cdA EN DEVENIR POL\u00cdTICO Encuentros trans-disciplinares &#8212; Zapateneo","og_description":"Jos\u00e9 Turp\u00edn Saor\u00edn 9788412442472 - Dado - 2023 - 362 p\u00e1ginas \/orri.","og_url":"https:\/\/zapateneo.net\/wordpress\/index.php\/producto\/antropologia-en-devenir-politico-encuentros-trans-disciplinares\/","og_site_name":"Zapateneo","article_modified_time":"2023-09-20T15:57:30+00:00","twitter_card":"summary_large_image","twitter_site":"@zapateneo","twitter_misc":{"Tiempo de lectura":"2 minutos"},"schema":{"@context":"https:\/\/schema.org","@graph":[{"@type":"WebPage","@id":"https:\/\/zapateneo.net\/wordpress\/index.php\/producto\/antropologia-en-devenir-politico-encuentros-trans-disciplinares\/","url":"https:\/\/zapateneo.net\/wordpress\/index.php\/producto\/antropologia-en-devenir-politico-encuentros-trans-disciplinares\/","name":"ANTROPOLOG\u00cdA EN DEVENIR POL\u00cdTICO Encuentros trans-disciplinares &#8212; Zapateneo","isPartOf":{"@id":"https:\/\/zapateneo.net\/wordpress\/#website"},"primaryImageOfPage":{"@id":"https:\/\/zapateneo.net\/wordpress\/index.php\/producto\/antropologia-en-devenir-politico-encuentros-trans-disciplinares\/#primaryimage"},"image":{"@id":"https:\/\/zapateneo.net\/wordpress\/index.php\/producto\/antropologia-en-devenir-politico-encuentros-trans-disciplinares\/#primaryimage"},"thumbnailUrl":"https:\/\/zapateneo.net\/wordpress\/wp-content\/uploads\/2023\/09\/antropologia-en-devenir-politico-9788412442472.jpg","datePublished":"2023-09-20T15:57:20+00:00","dateModified":"2023-09-20T15:57:30+00:00","breadcrumb":{"@id":"https:\/\/zapateneo.net\/wordpress\/index.php\/producto\/antropologia-en-devenir-politico-encuentros-trans-disciplinares\/#breadcrumb"},"inLanguage":"es","potentialAction":[{"@type":"ReadAction","target":["https:\/\/zapateneo.net\/wordpress\/index.php\/producto\/antropologia-en-devenir-politico-encuentros-trans-disciplinares\/"]}]},{"@type":"ImageObject","inLanguage":"es","@id":"https:\/\/zapateneo.net\/wordpress\/index.php\/producto\/antropologia-en-devenir-politico-encuentros-trans-disciplinares\/#primaryimage","url":"https:\/\/zapateneo.net\/wordpress\/wp-content\/uploads\/2023\/09\/antropologia-en-devenir-politico-9788412442472.jpg","contentUrl":"https:\/\/zapateneo.net\/wordpress\/wp-content\/uploads\/2023\/09\/antropologia-en-devenir-politico-9788412442472.jpg","width":258,"height":400},{"@type":"BreadcrumbList","@id":"https:\/\/zapateneo.net\/wordpress\/index.php\/producto\/antropologia-en-devenir-politico-encuentros-trans-disciplinares\/#breadcrumb","itemListElement":[{"@type":"ListItem","position":1,"name":"Portada","item":"https:\/\/zapateneo.net\/wordpress\/"},{"@type":"ListItem","position":2,"name":"Tienda","item":"https:\/\/zapateneo.net\/wordpress\/"},{"@type":"ListItem","position":3,"name":"ANTROPOLOG\u00cdA EN DEVENIR POL\u00cdTICO Encuentros trans-disciplinares"}]},{"@type":"WebSite","@id":"https:\/\/zapateneo.net\/wordpress\/#website","url":"https:\/\/zapateneo.net\/wordpress\/","name":"Zapateneo","description":"Zapateneoaren webgunea","publisher":{"@id":"https:\/\/zapateneo.net\/wordpress\/#organization"},"potentialAction":[{"@type":"SearchAction","target":{"@type":"EntryPoint","urlTemplate":"https:\/\/zapateneo.net\/wordpress\/?s={search_term_string}"},"query-input":{"@type":"PropertyValueSpecification","valueRequired":true,"valueName":"search_term_string"}}],"inLanguage":"es"},{"@type":"Organization","@id":"https:\/\/zapateneo.net\/wordpress\/#organization","name":"Zapateneo Kultur Elkartea","url":"https:\/\/zapateneo.net\/wordpress\/","logo":{"@type":"ImageObject","inLanguage":"es","@id":"https:\/\/zapateneo.net\/wordpress\/#\/schema\/logo\/image\/","url":"https:\/\/zapateneo.net\/wordpress\/wp-content\/uploads\/2021\/04\/zap-libu-kolec.jpg","contentUrl":"https:\/\/zapateneo.net\/wordpress\/wp-content\/uploads\/2021\/04\/zap-libu-kolec.jpg","width":2234,"height":398,"caption":"Zapateneo Kultur Elkartea"},"image":{"@id":"https:\/\/zapateneo.net\/wordpress\/#\/schema\/logo\/image\/"},"sameAs":["https:\/\/x.com\/zapateneo"]}]}},"_links":{"self":[{"href":"https:\/\/zapateneo.net\/wordpress\/index.php\/wp-json\/wp\/v2\/product\/14775","targetHints":{"allow":["GET"]}}],"collection":[{"href":"https:\/\/zapateneo.net\/wordpress\/index.php\/wp-json\/wp\/v2\/product"}],"about":[{"href":"https:\/\/zapateneo.net\/wordpress\/index.php\/wp-json\/wp\/v2\/types\/product"}],"wp:featuredmedia":[{"embeddable":true,"href":"https:\/\/zapateneo.net\/wordpress\/index.php\/wp-json\/wp\/v2\/media\/14798"}],"wp:attachment":[{"href":"https:\/\/zapateneo.net\/wordpress\/index.php\/wp-json\/wp\/v2\/media?parent=14775"}],"wp:term":[{"taxonomy":"product_brand","embeddable":true,"href":"https:\/\/zapateneo.net\/wordpress\/index.php\/wp-json\/wp\/v2\/product_brand?post=14775"},{"taxonomy":"product_cat","embeddable":true,"href":"https:\/\/zapateneo.net\/wordpress\/index.php\/wp-json\/wp\/v2\/product_cat?post=14775"},{"taxonomy":"product_tag","embeddable":true,"href":"https:\/\/zapateneo.net\/wordpress\/index.php\/wp-json\/wp\/v2\/product_tag?post=14775"}],"curies":[{"name":"wp","href":"https:\/\/api.w.org\/{rel}","templated":true}]}}