{"id":14772,"date":"2023-09-20T16:57:19","date_gmt":"2023-09-20T15:57:19","guid":{"rendered":"https:\/\/zapateneo.net\/wordpress\/?post_type=product&#038;p=14772"},"modified":"2023-09-20T16:57:29","modified_gmt":"2023-09-20T15:57:29","slug":"el-arte-de-la-estadistica-como-aprender-de-los-datos","status":"publish","type":"product","link":"https:\/\/zapateneo.net\/wordpress\/index.php\/producto\/el-arte-de-la-estadistica-como-aprender-de-los-datos\/","title":{"rendered":"EL ARTE DE LA ESTAD\u00cdSTICA C\u00f3mo aprender de los datos"},"content":{"rendered":"<p>Las estad\u00edsticas est\u00e1n en todas partes, tanto en la ciencia como en los negocios, as\u00ed como en los medios de comunicaci\u00f3n populares. En la era de los macrodatos, un conocimiento b\u00e1sico de la estad\u00edstica es m\u00e1s importante que nunca si queremos separar los hechos de la ficci\u00f3n, y m\u00e1s a\u00fan si esperamos participar en el futuro, en lugar de ser simples espectadores.<\/p>\n<p>El reconocido estad\u00edstico David Spiegelhalter nos ense\u00f1a c\u00f3mo extraer conocimientos de los datos en bruto centr\u00e1ndose en los conceptos y las conexiones que hay detr\u00e1s de las matem\u00e1ticas. Bas\u00e1ndose en ejemplos del mundo real para introducir cuestiones complejas, nos muestra c\u00f3mo la estad\u00edstica puede ayudarnos a determinar cu\u00e1l fue el pasajero m\u00e1s afortunado del Titanic, si un famoso asesino en serie podr\u00eda haber sido capturado antes y si el cribado del c\u00e1ncer de ovarios es beneficioso.<\/p>\n<p>Spiegelhalter no solo nos muestra c\u00f3mo los matem\u00e1ticos han utilizado esta ciencia para resolver problemas, sino que tambi\u00e9n nos ense\u00f1a a pensar como estad\u00edsticos. Aprendemos a aclarar nuestras preguntas, suposiciones y expectativas al abordar un problema, y a interpretar responsablemente las respuestas que recibimos. El arte de la estad\u00edstica es, por tanto, la gu\u00eda definitiva de esta disciplina que todos necesitamos.<\/p>\n<p>David Spiegelhalter Estad\u00edstico brit\u00e1nico y miembro del Churchill College (Cambridge), estudi\u00f3 Matem\u00e1ticas en el Keble College de Oxford, donde se licenci\u00f3 en 1974. Obtuvo el t\u00edtulo de Master of Science (MSc) en Estad\u00edstica en el University College de Londres en 1975 y el de doctor en Filosof\u00eda (PhD) en Estad\u00edstica Matem\u00e1tica en 1978. Fue asistente de investigaci\u00f3n en la Universidad Brunel en 1976 y profesor visitante en la Universidad de California entre 1977 y 1978. Fue ayudante de investigaci\u00f3n del Royal College of Physicians. A partir de 1981 estuvo en la Unidad de Bioestad\u00edstica del Consejo de Investigaci\u00f3n M\u00e9dica en Cambridge, y desde 1991 es profesor honorario en la Universidad de Hong Kong. De 2007 a 2018 fue profesor Winton de Comprensi\u00f3n P\u00fablica del Riesgo en el Laboratorio de Estad\u00edstica de la Universidad de Cambridge. Actualmente es presidente del Centro Winton de Comunicaci\u00f3n de Riesgos y Pruebas en el Centro de Ciencias Matem\u00e1ticas de Cambridge. Fue elegido presidente de la Real Sociedad Estad\u00edstica en 2017. Ha sido consultor de GlaxoSmithKline, Novartis y la Agencia Mundial Antidopaje. En 2012 present\u00f3 el documental de la BBC Four Tails You Win: The Science of Chance, que describ\u00eda la aplicaci\u00f3n de la probabilidad en la vida cotidiana. Tambi\u00e9n present\u00f3 una charla en el Festival de Ciencia de Cambridge de 2013, \u00abHow to Spot a Shabby Statistic\u00bb, en el Babbage Lecture Theatre de Cambridge.<\/p>\n","protected":false},"excerpt":{"rendered":"<p><strong>David Spiegelhalter<\/strong><br \/>\n9788412619850 &#8211; Capit\u00e1n Swing &#8211; 2023 &#8211; 368 p\u00e1ginas \/orri.<\/p>\n","protected":false},"featured_media":14795,"template":"","meta":[],"product_brand":[],"product_cat":[15],"product_tag":[102,6743],"class_list":{"0":"post-14772","1":"product","2":"type-product","3":"status-publish","4":"has-post-thumbnail","6":"product_cat-otros-bestelakoak","7":"product_tag-capitan-swing","8":"product_tag-david-spiegelhalter","10":"first","11":"instock","12":"sold-individually","13":"shipping-taxable","14":"purchasable","15":"product-type-simple"},"yoast_head":"<!-- This site is optimized with the Yoast SEO plugin v27.3 - https:\/\/yoast.com\/product\/yoast-seo-wordpress\/ -->\n<title>EL ARTE DE LA ESTAD\u00cdSTICA C\u00f3mo aprender de los datos &#8212; Zapateneo<\/title>\n<meta name=\"robots\" content=\"index, follow, max-snippet:-1, max-image-preview:large, max-video-preview:-1\" \/>\n<link rel=\"canonical\" href=\"https:\/\/zapateneo.net\/wordpress\/index.php\/producto\/el-arte-de-la-estadistica-como-aprender-de-los-datos\/\" \/>\n<meta property=\"og:locale\" content=\"es_ES\" \/>\n<meta property=\"og:type\" content=\"article\" \/>\n<meta property=\"og:title\" content=\"EL ARTE DE LA ESTAD\u00cdSTICA C\u00f3mo aprender de los datos &#8212; Zapateneo\" \/>\n<meta property=\"og:description\" content=\"David Spiegelhalter 9788412619850 - Capit\u00e1n Swing - 2023 - 368 p\u00e1ginas \/orri.\" \/>\n<meta property=\"og:url\" content=\"https:\/\/zapateneo.net\/wordpress\/index.php\/producto\/el-arte-de-la-estadistica-como-aprender-de-los-datos\/\" \/>\n<meta property=\"og:site_name\" content=\"Zapateneo\" \/>\n<meta property=\"article:modified_time\" content=\"2023-09-20T15:57:29+00:00\" \/>\n<meta name=\"twitter:card\" content=\"summary_large_image\" \/>\n<meta name=\"twitter:site\" content=\"@zapateneo\" \/>\n<meta name=\"twitter:label1\" content=\"Tiempo de lectura\" \/>\n\t<meta name=\"twitter:data1\" content=\"2 minutos\" \/>\n<script type=\"application\/ld+json\" class=\"yoast-schema-graph\">{\"@context\":\"https:\\\/\\\/schema.org\",\"@graph\":[{\"@type\":\"WebPage\",\"@id\":\"https:\\\/\\\/zapateneo.net\\\/wordpress\\\/index.php\\\/producto\\\/el-arte-de-la-estadistica-como-aprender-de-los-datos\\\/\",\"url\":\"https:\\\/\\\/zapateneo.net\\\/wordpress\\\/index.php\\\/producto\\\/el-arte-de-la-estadistica-como-aprender-de-los-datos\\\/\",\"name\":\"EL ARTE DE LA ESTAD\u00cdSTICA C\u00f3mo aprender de los datos &#8212; Zapateneo\",\"isPartOf\":{\"@id\":\"https:\\\/\\\/zapateneo.net\\\/wordpress\\\/#website\"},\"primaryImageOfPage\":{\"@id\":\"https:\\\/\\\/zapateneo.net\\\/wordpress\\\/index.php\\\/producto\\\/el-arte-de-la-estadistica-como-aprender-de-los-datos\\\/#primaryimage\"},\"image\":{\"@id\":\"https:\\\/\\\/zapateneo.net\\\/wordpress\\\/index.php\\\/producto\\\/el-arte-de-la-estadistica-como-aprender-de-los-datos\\\/#primaryimage\"},\"thumbnailUrl\":\"https:\\\/\\\/zapateneo.net\\\/wordpress\\\/wp-content\\\/uploads\\\/2023\\\/09\\\/el-arte-de-la-estadistica-9788412619850.jpg\",\"datePublished\":\"2023-09-20T15:57:19+00:00\",\"dateModified\":\"2023-09-20T15:57:29+00:00\",\"breadcrumb\":{\"@id\":\"https:\\\/\\\/zapateneo.net\\\/wordpress\\\/index.php\\\/producto\\\/el-arte-de-la-estadistica-como-aprender-de-los-datos\\\/#breadcrumb\"},\"inLanguage\":\"es\",\"potentialAction\":[{\"@type\":\"ReadAction\",\"target\":[\"https:\\\/\\\/zapateneo.net\\\/wordpress\\\/index.php\\\/producto\\\/el-arte-de-la-estadistica-como-aprender-de-los-datos\\\/\"]}]},{\"@type\":\"ImageObject\",\"inLanguage\":\"es\",\"@id\":\"https:\\\/\\\/zapateneo.net\\\/wordpress\\\/index.php\\\/producto\\\/el-arte-de-la-estadistica-como-aprender-de-los-datos\\\/#primaryimage\",\"url\":\"https:\\\/\\\/zapateneo.net\\\/wordpress\\\/wp-content\\\/uploads\\\/2023\\\/09\\\/el-arte-de-la-estadistica-9788412619850.jpg\",\"contentUrl\":\"https:\\\/\\\/zapateneo.net\\\/wordpress\\\/wp-content\\\/uploads\\\/2023\\\/09\\\/el-arte-de-la-estadistica-9788412619850.jpg\",\"width\":256,\"height\":400},{\"@type\":\"BreadcrumbList\",\"@id\":\"https:\\\/\\\/zapateneo.net\\\/wordpress\\\/index.php\\\/producto\\\/el-arte-de-la-estadistica-como-aprender-de-los-datos\\\/#breadcrumb\",\"itemListElement\":[{\"@type\":\"ListItem\",\"position\":1,\"name\":\"Portada\",\"item\":\"https:\\\/\\\/zapateneo.net\\\/wordpress\\\/\"},{\"@type\":\"ListItem\",\"position\":2,\"name\":\"Tienda\",\"item\":\"https:\\\/\\\/zapateneo.net\\\/wordpress\\\/\"},{\"@type\":\"ListItem\",\"position\":3,\"name\":\"EL ARTE DE LA ESTAD\u00cdSTICA C\u00f3mo aprender de los datos\"}]},{\"@type\":\"WebSite\",\"@id\":\"https:\\\/\\\/zapateneo.net\\\/wordpress\\\/#website\",\"url\":\"https:\\\/\\\/zapateneo.net\\\/wordpress\\\/\",\"name\":\"Zapateneo\",\"description\":\"Zapateneoaren webgunea\",\"publisher\":{\"@id\":\"https:\\\/\\\/zapateneo.net\\\/wordpress\\\/#organization\"},\"potentialAction\":[{\"@type\":\"SearchAction\",\"target\":{\"@type\":\"EntryPoint\",\"urlTemplate\":\"https:\\\/\\\/zapateneo.net\\\/wordpress\\\/?s={search_term_string}\"},\"query-input\":{\"@type\":\"PropertyValueSpecification\",\"valueRequired\":true,\"valueName\":\"search_term_string\"}}],\"inLanguage\":\"es\"},{\"@type\":\"Organization\",\"@id\":\"https:\\\/\\\/zapateneo.net\\\/wordpress\\\/#organization\",\"name\":\"Zapateneo Kultur Elkartea\",\"url\":\"https:\\\/\\\/zapateneo.net\\\/wordpress\\\/\",\"logo\":{\"@type\":\"ImageObject\",\"inLanguage\":\"es\",\"@id\":\"https:\\\/\\\/zapateneo.net\\\/wordpress\\\/#\\\/schema\\\/logo\\\/image\\\/\",\"url\":\"https:\\\/\\\/zapateneo.net\\\/wordpress\\\/wp-content\\\/uploads\\\/2021\\\/04\\\/zap-libu-kolec.jpg\",\"contentUrl\":\"https:\\\/\\\/zapateneo.net\\\/wordpress\\\/wp-content\\\/uploads\\\/2021\\\/04\\\/zap-libu-kolec.jpg\",\"width\":2234,\"height\":398,\"caption\":\"Zapateneo Kultur Elkartea\"},\"image\":{\"@id\":\"https:\\\/\\\/zapateneo.net\\\/wordpress\\\/#\\\/schema\\\/logo\\\/image\\\/\"},\"sameAs\":[\"https:\\\/\\\/x.com\\\/zapateneo\"]}]}<\/script>\n<!-- \/ Yoast SEO plugin. -->","yoast_head_json":{"title":"EL ARTE DE LA ESTAD\u00cdSTICA C\u00f3mo aprender de los datos &#8212; Zapateneo","robots":{"index":"index","follow":"follow","max-snippet":"max-snippet:-1","max-image-preview":"max-image-preview:large","max-video-preview":"max-video-preview:-1"},"canonical":"https:\/\/zapateneo.net\/wordpress\/index.php\/producto\/el-arte-de-la-estadistica-como-aprender-de-los-datos\/","og_locale":"es_ES","og_type":"article","og_title":"EL ARTE DE LA ESTAD\u00cdSTICA C\u00f3mo aprender de los datos &#8212; Zapateneo","og_description":"David Spiegelhalter 9788412619850 - Capit\u00e1n Swing - 2023 - 368 p\u00e1ginas \/orri.","og_url":"https:\/\/zapateneo.net\/wordpress\/index.php\/producto\/el-arte-de-la-estadistica-como-aprender-de-los-datos\/","og_site_name":"Zapateneo","article_modified_time":"2023-09-20T15:57:29+00:00","twitter_card":"summary_large_image","twitter_site":"@zapateneo","twitter_misc":{"Tiempo de lectura":"2 minutos"},"schema":{"@context":"https:\/\/schema.org","@graph":[{"@type":"WebPage","@id":"https:\/\/zapateneo.net\/wordpress\/index.php\/producto\/el-arte-de-la-estadistica-como-aprender-de-los-datos\/","url":"https:\/\/zapateneo.net\/wordpress\/index.php\/producto\/el-arte-de-la-estadistica-como-aprender-de-los-datos\/","name":"EL ARTE DE LA ESTAD\u00cdSTICA C\u00f3mo aprender de los datos &#8212; Zapateneo","isPartOf":{"@id":"https:\/\/zapateneo.net\/wordpress\/#website"},"primaryImageOfPage":{"@id":"https:\/\/zapateneo.net\/wordpress\/index.php\/producto\/el-arte-de-la-estadistica-como-aprender-de-los-datos\/#primaryimage"},"image":{"@id":"https:\/\/zapateneo.net\/wordpress\/index.php\/producto\/el-arte-de-la-estadistica-como-aprender-de-los-datos\/#primaryimage"},"thumbnailUrl":"https:\/\/zapateneo.net\/wordpress\/wp-content\/uploads\/2023\/09\/el-arte-de-la-estadistica-9788412619850.jpg","datePublished":"2023-09-20T15:57:19+00:00","dateModified":"2023-09-20T15:57:29+00:00","breadcrumb":{"@id":"https:\/\/zapateneo.net\/wordpress\/index.php\/producto\/el-arte-de-la-estadistica-como-aprender-de-los-datos\/#breadcrumb"},"inLanguage":"es","potentialAction":[{"@type":"ReadAction","target":["https:\/\/zapateneo.net\/wordpress\/index.php\/producto\/el-arte-de-la-estadistica-como-aprender-de-los-datos\/"]}]},{"@type":"ImageObject","inLanguage":"es","@id":"https:\/\/zapateneo.net\/wordpress\/index.php\/producto\/el-arte-de-la-estadistica-como-aprender-de-los-datos\/#primaryimage","url":"https:\/\/zapateneo.net\/wordpress\/wp-content\/uploads\/2023\/09\/el-arte-de-la-estadistica-9788412619850.jpg","contentUrl":"https:\/\/zapateneo.net\/wordpress\/wp-content\/uploads\/2023\/09\/el-arte-de-la-estadistica-9788412619850.jpg","width":256,"height":400},{"@type":"BreadcrumbList","@id":"https:\/\/zapateneo.net\/wordpress\/index.php\/producto\/el-arte-de-la-estadistica-como-aprender-de-los-datos\/#breadcrumb","itemListElement":[{"@type":"ListItem","position":1,"name":"Portada","item":"https:\/\/zapateneo.net\/wordpress\/"},{"@type":"ListItem","position":2,"name":"Tienda","item":"https:\/\/zapateneo.net\/wordpress\/"},{"@type":"ListItem","position":3,"name":"EL ARTE DE LA ESTAD\u00cdSTICA C\u00f3mo aprender de los datos"}]},{"@type":"WebSite","@id":"https:\/\/zapateneo.net\/wordpress\/#website","url":"https:\/\/zapateneo.net\/wordpress\/","name":"Zapateneo","description":"Zapateneoaren webgunea","publisher":{"@id":"https:\/\/zapateneo.net\/wordpress\/#organization"},"potentialAction":[{"@type":"SearchAction","target":{"@type":"EntryPoint","urlTemplate":"https:\/\/zapateneo.net\/wordpress\/?s={search_term_string}"},"query-input":{"@type":"PropertyValueSpecification","valueRequired":true,"valueName":"search_term_string"}}],"inLanguage":"es"},{"@type":"Organization","@id":"https:\/\/zapateneo.net\/wordpress\/#organization","name":"Zapateneo Kultur Elkartea","url":"https:\/\/zapateneo.net\/wordpress\/","logo":{"@type":"ImageObject","inLanguage":"es","@id":"https:\/\/zapateneo.net\/wordpress\/#\/schema\/logo\/image\/","url":"https:\/\/zapateneo.net\/wordpress\/wp-content\/uploads\/2021\/04\/zap-libu-kolec.jpg","contentUrl":"https:\/\/zapateneo.net\/wordpress\/wp-content\/uploads\/2021\/04\/zap-libu-kolec.jpg","width":2234,"height":398,"caption":"Zapateneo Kultur Elkartea"},"image":{"@id":"https:\/\/zapateneo.net\/wordpress\/#\/schema\/logo\/image\/"},"sameAs":["https:\/\/x.com\/zapateneo"]}]}},"_links":{"self":[{"href":"https:\/\/zapateneo.net\/wordpress\/index.php\/wp-json\/wp\/v2\/product\/14772","targetHints":{"allow":["GET"]}}],"collection":[{"href":"https:\/\/zapateneo.net\/wordpress\/index.php\/wp-json\/wp\/v2\/product"}],"about":[{"href":"https:\/\/zapateneo.net\/wordpress\/index.php\/wp-json\/wp\/v2\/types\/product"}],"wp:featuredmedia":[{"embeddable":true,"href":"https:\/\/zapateneo.net\/wordpress\/index.php\/wp-json\/wp\/v2\/media\/14795"}],"wp:attachment":[{"href":"https:\/\/zapateneo.net\/wordpress\/index.php\/wp-json\/wp\/v2\/media?parent=14772"}],"wp:term":[{"taxonomy":"product_brand","embeddable":true,"href":"https:\/\/zapateneo.net\/wordpress\/index.php\/wp-json\/wp\/v2\/product_brand?post=14772"},{"taxonomy":"product_cat","embeddable":true,"href":"https:\/\/zapateneo.net\/wordpress\/index.php\/wp-json\/wp\/v2\/product_cat?post=14772"},{"taxonomy":"product_tag","embeddable":true,"href":"https:\/\/zapateneo.net\/wordpress\/index.php\/wp-json\/wp\/v2\/product_tag?post=14772"}],"curies":[{"name":"wp","href":"https:\/\/api.w.org\/{rel}","templated":true}]}}