{"id":14770,"date":"2023-09-20T16:57:19","date_gmt":"2023-09-20T15:57:19","guid":{"rendered":"https:\/\/zapateneo.net\/wordpress\/?post_type=product&#038;p=14770"},"modified":"2023-09-20T16:57:28","modified_gmt":"2023-09-20T15:57:28","slug":"asilvestrados-el-regreso-de-la-naturaleza-a-nuestras-tierras","status":"publish","type":"product","link":"https:\/\/zapateneo.net\/wordpress\/index.php\/producto\/asilvestrados-el-regreso-de-la-naturaleza-a-nuestras-tierras\/","title":{"rendered":"ASILVESTRADOS El regreso de la naturaleza a nuestras tierras"},"content":{"rendered":"<p>Isabella Tree nos cuenta la historia del \u00abexperimento Knepp\u00bb, un proyecto pionero de resilvestraci\u00f3n en West Sussex que utiliza animales pastoreadores en libertad para crear nuevos h\u00e1bitats para la fauna. Obligados a aceptar que la agricultura intensiva en la pesada arcilla de sus tierras en Knepp era econ\u00f3micamente insostenible, Tree y su marido decidieron dar un paso atr\u00e1s y dejar que la naturaleza se hiciera cargo.<\/p>\n<p>Gracias a la introducci\u00f3n de ganado vacuno, ponis, cerdos y ciervos en libertad \u2014los grandes animales que anta\u00f1o vagaban por Gran Breta\u00f1a\u2014, el proyecto de mil cuatrocientas hect\u00e1reas ha experimentado un extraordinario aumento del n\u00famero y la diversidad de la fauna en poco m\u00e1s de una d\u00e9cada. Especies extremadamente raras como t\u00f3rtolas, ruise\u00f1ores, halcones peregrinos, p\u00e1jaros carpinteros menores y mariposas emperador morado se reproducen ahora all\u00ed, y las poblaciones de otras especies se est\u00e1n disparando. Las tierras agr\u00edcolas degradadas de los Burrell se han convertido de nuevo en un ecosistema funcional y lleno de vida.<\/p>\n<p>\u00cdntimo e inspirador, Asilvestrados es un relato asombroso de la belleza y la fuerza de la naturaleza cuando se le da libertad.<\/p>\n<p>Isabella Tree Escritora y periodista de viajes brit\u00e1nica, Tree es autora de Asilvestrados. El regreso de la naturaleza a nuestras tierras, que describe la creaci\u00f3n de Knepp Wildland, el primer proyecto de resilvestraci\u00f3n a gran escala en las tierras bajas de Inglaterra. El proyecto, de unas mil cuatrocientas hect\u00e1reas de zonas silvestres, se cre\u00f3 en los terrenos del castillo de Knepp, el hogar ancestral de su marido, sir Charles Burrell, terrateniente y conservacionista. Isabella Tree estudi\u00f3 Cl\u00e1sicas en la Universidad de Londres. Despu\u00e9s se hizo escritora de viajes. De 1993 a 1995, trabaj\u00f3 como corresponsal de viajes en el Evening Standard. En 1999 gan\u00f3 el Travelex Traveler Writer Award por un art\u00edculo sobre las kumaris o \u00abdiosas vivas\u00bb de Nepal para el Sunday Times. Desde 2016 escribe para este peri\u00f3dico, as\u00ed como para otros destacados medios como Evening Standard, Observer, History Today y Conde Nast Traveller. Public\u00f3 su primer libro The Bird Man, a Biography of John Gould cuando ten\u00eda veinticinco a\u00f1os.<\/p>\n","protected":false},"excerpt":{"rendered":"<p><strong>Isabella Tree<\/strong><br \/>\n9788412619805 &#8211; Capit\u00e1n Swing &#8211; 2023 &#8211; 408 p\u00e1ginas \/orri.<\/p>\n","protected":false},"featured_media":14793,"template":"","meta":[],"product_brand":[],"product_cat":[15],"product_tag":[102,6741],"class_list":{"0":"post-14770","1":"product","2":"type-product","3":"status-publish","4":"has-post-thumbnail","6":"product_cat-otros-bestelakoak","7":"product_tag-capitan-swing","8":"product_tag-isabella-tree","10":"first","11":"instock","12":"sold-individually","13":"shipping-taxable","14":"purchasable","15":"product-type-simple"},"yoast_head":"<!-- This site is optimized with the Yoast SEO plugin v27.3 - https:\/\/yoast.com\/product\/yoast-seo-wordpress\/ -->\n<title>ASILVESTRADOS El regreso de la naturaleza a nuestras tierras &#8212; Zapateneo<\/title>\n<meta name=\"robots\" content=\"index, follow, max-snippet:-1, max-image-preview:large, max-video-preview:-1\" \/>\n<link rel=\"canonical\" href=\"https:\/\/zapateneo.net\/wordpress\/index.php\/producto\/asilvestrados-el-regreso-de-la-naturaleza-a-nuestras-tierras\/\" \/>\n<meta property=\"og:locale\" content=\"es_ES\" \/>\n<meta property=\"og:type\" content=\"article\" \/>\n<meta property=\"og:title\" content=\"ASILVESTRADOS El regreso de la naturaleza a nuestras tierras &#8212; Zapateneo\" \/>\n<meta property=\"og:description\" content=\"Isabella Tree 9788412619805 - Capit\u00e1n Swing - 2023 - 408 p\u00e1ginas \/orri.\" \/>\n<meta property=\"og:url\" content=\"https:\/\/zapateneo.net\/wordpress\/index.php\/producto\/asilvestrados-el-regreso-de-la-naturaleza-a-nuestras-tierras\/\" \/>\n<meta property=\"og:site_name\" content=\"Zapateneo\" \/>\n<meta property=\"article:modified_time\" content=\"2023-09-20T15:57:28+00:00\" \/>\n<meta name=\"twitter:card\" content=\"summary_large_image\" \/>\n<meta name=\"twitter:site\" content=\"@zapateneo\" \/>\n<meta name=\"twitter:label1\" content=\"Tiempo de lectura\" \/>\n\t<meta name=\"twitter:data1\" content=\"2 minutos\" \/>\n<script type=\"application\/ld+json\" class=\"yoast-schema-graph\">{\"@context\":\"https:\\\/\\\/schema.org\",\"@graph\":[{\"@type\":\"WebPage\",\"@id\":\"https:\\\/\\\/zapateneo.net\\\/wordpress\\\/index.php\\\/producto\\\/asilvestrados-el-regreso-de-la-naturaleza-a-nuestras-tierras\\\/\",\"url\":\"https:\\\/\\\/zapateneo.net\\\/wordpress\\\/index.php\\\/producto\\\/asilvestrados-el-regreso-de-la-naturaleza-a-nuestras-tierras\\\/\",\"name\":\"ASILVESTRADOS El regreso de la naturaleza a nuestras tierras &#8212; Zapateneo\",\"isPartOf\":{\"@id\":\"https:\\\/\\\/zapateneo.net\\\/wordpress\\\/#website\"},\"primaryImageOfPage\":{\"@id\":\"https:\\\/\\\/zapateneo.net\\\/wordpress\\\/index.php\\\/producto\\\/asilvestrados-el-regreso-de-la-naturaleza-a-nuestras-tierras\\\/#primaryimage\"},\"image\":{\"@id\":\"https:\\\/\\\/zapateneo.net\\\/wordpress\\\/index.php\\\/producto\\\/asilvestrados-el-regreso-de-la-naturaleza-a-nuestras-tierras\\\/#primaryimage\"},\"thumbnailUrl\":\"https:\\\/\\\/zapateneo.net\\\/wordpress\\\/wp-content\\\/uploads\\\/2023\\\/09\\\/asilvestrados-9788412619805.jpg\",\"datePublished\":\"2023-09-20T15:57:19+00:00\",\"dateModified\":\"2023-09-20T15:57:28+00:00\",\"breadcrumb\":{\"@id\":\"https:\\\/\\\/zapateneo.net\\\/wordpress\\\/index.php\\\/producto\\\/asilvestrados-el-regreso-de-la-naturaleza-a-nuestras-tierras\\\/#breadcrumb\"},\"inLanguage\":\"es\",\"potentialAction\":[{\"@type\":\"ReadAction\",\"target\":[\"https:\\\/\\\/zapateneo.net\\\/wordpress\\\/index.php\\\/producto\\\/asilvestrados-el-regreso-de-la-naturaleza-a-nuestras-tierras\\\/\"]}]},{\"@type\":\"ImageObject\",\"inLanguage\":\"es\",\"@id\":\"https:\\\/\\\/zapateneo.net\\\/wordpress\\\/index.php\\\/producto\\\/asilvestrados-el-regreso-de-la-naturaleza-a-nuestras-tierras\\\/#primaryimage\",\"url\":\"https:\\\/\\\/zapateneo.net\\\/wordpress\\\/wp-content\\\/uploads\\\/2023\\\/09\\\/asilvestrados-9788412619805.jpg\",\"contentUrl\":\"https:\\\/\\\/zapateneo.net\\\/wordpress\\\/wp-content\\\/uploads\\\/2023\\\/09\\\/asilvestrados-9788412619805.jpg\",\"width\":256,\"height\":400},{\"@type\":\"BreadcrumbList\",\"@id\":\"https:\\\/\\\/zapateneo.net\\\/wordpress\\\/index.php\\\/producto\\\/asilvestrados-el-regreso-de-la-naturaleza-a-nuestras-tierras\\\/#breadcrumb\",\"itemListElement\":[{\"@type\":\"ListItem\",\"position\":1,\"name\":\"Portada\",\"item\":\"https:\\\/\\\/zapateneo.net\\\/wordpress\\\/\"},{\"@type\":\"ListItem\",\"position\":2,\"name\":\"Tienda\",\"item\":\"https:\\\/\\\/zapateneo.net\\\/wordpress\\\/\"},{\"@type\":\"ListItem\",\"position\":3,\"name\":\"ASILVESTRADOS El regreso de la naturaleza a nuestras tierras\"}]},{\"@type\":\"WebSite\",\"@id\":\"https:\\\/\\\/zapateneo.net\\\/wordpress\\\/#website\",\"url\":\"https:\\\/\\\/zapateneo.net\\\/wordpress\\\/\",\"name\":\"Zapateneo\",\"description\":\"Zapateneoaren webgunea\",\"publisher\":{\"@id\":\"https:\\\/\\\/zapateneo.net\\\/wordpress\\\/#organization\"},\"potentialAction\":[{\"@type\":\"SearchAction\",\"target\":{\"@type\":\"EntryPoint\",\"urlTemplate\":\"https:\\\/\\\/zapateneo.net\\\/wordpress\\\/?s={search_term_string}\"},\"query-input\":{\"@type\":\"PropertyValueSpecification\",\"valueRequired\":true,\"valueName\":\"search_term_string\"}}],\"inLanguage\":\"es\"},{\"@type\":\"Organization\",\"@id\":\"https:\\\/\\\/zapateneo.net\\\/wordpress\\\/#organization\",\"name\":\"Zapateneo Kultur Elkartea\",\"url\":\"https:\\\/\\\/zapateneo.net\\\/wordpress\\\/\",\"logo\":{\"@type\":\"ImageObject\",\"inLanguage\":\"es\",\"@id\":\"https:\\\/\\\/zapateneo.net\\\/wordpress\\\/#\\\/schema\\\/logo\\\/image\\\/\",\"url\":\"https:\\\/\\\/zapateneo.net\\\/wordpress\\\/wp-content\\\/uploads\\\/2021\\\/04\\\/zap-libu-kolec.jpg\",\"contentUrl\":\"https:\\\/\\\/zapateneo.net\\\/wordpress\\\/wp-content\\\/uploads\\\/2021\\\/04\\\/zap-libu-kolec.jpg\",\"width\":2234,\"height\":398,\"caption\":\"Zapateneo Kultur Elkartea\"},\"image\":{\"@id\":\"https:\\\/\\\/zapateneo.net\\\/wordpress\\\/#\\\/schema\\\/logo\\\/image\\\/\"},\"sameAs\":[\"https:\\\/\\\/x.com\\\/zapateneo\"]}]}<\/script>\n<!-- \/ Yoast SEO plugin. -->","yoast_head_json":{"title":"ASILVESTRADOS El regreso de la naturaleza a nuestras tierras &#8212; Zapateneo","robots":{"index":"index","follow":"follow","max-snippet":"max-snippet:-1","max-image-preview":"max-image-preview:large","max-video-preview":"max-video-preview:-1"},"canonical":"https:\/\/zapateneo.net\/wordpress\/index.php\/producto\/asilvestrados-el-regreso-de-la-naturaleza-a-nuestras-tierras\/","og_locale":"es_ES","og_type":"article","og_title":"ASILVESTRADOS El regreso de la naturaleza a nuestras tierras &#8212; Zapateneo","og_description":"Isabella Tree 9788412619805 - Capit\u00e1n Swing - 2023 - 408 p\u00e1ginas \/orri.","og_url":"https:\/\/zapateneo.net\/wordpress\/index.php\/producto\/asilvestrados-el-regreso-de-la-naturaleza-a-nuestras-tierras\/","og_site_name":"Zapateneo","article_modified_time":"2023-09-20T15:57:28+00:00","twitter_card":"summary_large_image","twitter_site":"@zapateneo","twitter_misc":{"Tiempo de lectura":"2 minutos"},"schema":{"@context":"https:\/\/schema.org","@graph":[{"@type":"WebPage","@id":"https:\/\/zapateneo.net\/wordpress\/index.php\/producto\/asilvestrados-el-regreso-de-la-naturaleza-a-nuestras-tierras\/","url":"https:\/\/zapateneo.net\/wordpress\/index.php\/producto\/asilvestrados-el-regreso-de-la-naturaleza-a-nuestras-tierras\/","name":"ASILVESTRADOS El regreso de la naturaleza a nuestras tierras &#8212; Zapateneo","isPartOf":{"@id":"https:\/\/zapateneo.net\/wordpress\/#website"},"primaryImageOfPage":{"@id":"https:\/\/zapateneo.net\/wordpress\/index.php\/producto\/asilvestrados-el-regreso-de-la-naturaleza-a-nuestras-tierras\/#primaryimage"},"image":{"@id":"https:\/\/zapateneo.net\/wordpress\/index.php\/producto\/asilvestrados-el-regreso-de-la-naturaleza-a-nuestras-tierras\/#primaryimage"},"thumbnailUrl":"https:\/\/zapateneo.net\/wordpress\/wp-content\/uploads\/2023\/09\/asilvestrados-9788412619805.jpg","datePublished":"2023-09-20T15:57:19+00:00","dateModified":"2023-09-20T15:57:28+00:00","breadcrumb":{"@id":"https:\/\/zapateneo.net\/wordpress\/index.php\/producto\/asilvestrados-el-regreso-de-la-naturaleza-a-nuestras-tierras\/#breadcrumb"},"inLanguage":"es","potentialAction":[{"@type":"ReadAction","target":["https:\/\/zapateneo.net\/wordpress\/index.php\/producto\/asilvestrados-el-regreso-de-la-naturaleza-a-nuestras-tierras\/"]}]},{"@type":"ImageObject","inLanguage":"es","@id":"https:\/\/zapateneo.net\/wordpress\/index.php\/producto\/asilvestrados-el-regreso-de-la-naturaleza-a-nuestras-tierras\/#primaryimage","url":"https:\/\/zapateneo.net\/wordpress\/wp-content\/uploads\/2023\/09\/asilvestrados-9788412619805.jpg","contentUrl":"https:\/\/zapateneo.net\/wordpress\/wp-content\/uploads\/2023\/09\/asilvestrados-9788412619805.jpg","width":256,"height":400},{"@type":"BreadcrumbList","@id":"https:\/\/zapateneo.net\/wordpress\/index.php\/producto\/asilvestrados-el-regreso-de-la-naturaleza-a-nuestras-tierras\/#breadcrumb","itemListElement":[{"@type":"ListItem","position":1,"name":"Portada","item":"https:\/\/zapateneo.net\/wordpress\/"},{"@type":"ListItem","position":2,"name":"Tienda","item":"https:\/\/zapateneo.net\/wordpress\/"},{"@type":"ListItem","position":3,"name":"ASILVESTRADOS El regreso de la naturaleza a nuestras tierras"}]},{"@type":"WebSite","@id":"https:\/\/zapateneo.net\/wordpress\/#website","url":"https:\/\/zapateneo.net\/wordpress\/","name":"Zapateneo","description":"Zapateneoaren webgunea","publisher":{"@id":"https:\/\/zapateneo.net\/wordpress\/#organization"},"potentialAction":[{"@type":"SearchAction","target":{"@type":"EntryPoint","urlTemplate":"https:\/\/zapateneo.net\/wordpress\/?s={search_term_string}"},"query-input":{"@type":"PropertyValueSpecification","valueRequired":true,"valueName":"search_term_string"}}],"inLanguage":"es"},{"@type":"Organization","@id":"https:\/\/zapateneo.net\/wordpress\/#organization","name":"Zapateneo Kultur Elkartea","url":"https:\/\/zapateneo.net\/wordpress\/","logo":{"@type":"ImageObject","inLanguage":"es","@id":"https:\/\/zapateneo.net\/wordpress\/#\/schema\/logo\/image\/","url":"https:\/\/zapateneo.net\/wordpress\/wp-content\/uploads\/2021\/04\/zap-libu-kolec.jpg","contentUrl":"https:\/\/zapateneo.net\/wordpress\/wp-content\/uploads\/2021\/04\/zap-libu-kolec.jpg","width":2234,"height":398,"caption":"Zapateneo Kultur Elkartea"},"image":{"@id":"https:\/\/zapateneo.net\/wordpress\/#\/schema\/logo\/image\/"},"sameAs":["https:\/\/x.com\/zapateneo"]}]}},"_links":{"self":[{"href":"https:\/\/zapateneo.net\/wordpress\/index.php\/wp-json\/wp\/v2\/product\/14770","targetHints":{"allow":["GET"]}}],"collection":[{"href":"https:\/\/zapateneo.net\/wordpress\/index.php\/wp-json\/wp\/v2\/product"}],"about":[{"href":"https:\/\/zapateneo.net\/wordpress\/index.php\/wp-json\/wp\/v2\/types\/product"}],"wp:featuredmedia":[{"embeddable":true,"href":"https:\/\/zapateneo.net\/wordpress\/index.php\/wp-json\/wp\/v2\/media\/14793"}],"wp:attachment":[{"href":"https:\/\/zapateneo.net\/wordpress\/index.php\/wp-json\/wp\/v2\/media?parent=14770"}],"wp:term":[{"taxonomy":"product_brand","embeddable":true,"href":"https:\/\/zapateneo.net\/wordpress\/index.php\/wp-json\/wp\/v2\/product_brand?post=14770"},{"taxonomy":"product_cat","embeddable":true,"href":"https:\/\/zapateneo.net\/wordpress\/index.php\/wp-json\/wp\/v2\/product_cat?post=14770"},{"taxonomy":"product_tag","embeddable":true,"href":"https:\/\/zapateneo.net\/wordpress\/index.php\/wp-json\/wp\/v2\/product_tag?post=14770"}],"curies":[{"name":"wp","href":"https:\/\/api.w.org\/{rel}","templated":true}]}}