{"id":14768,"date":"2023-09-20T16:57:18","date_gmt":"2023-09-20T15:57:18","guid":{"rendered":"https:\/\/zapateneo.net\/wordpress\/?post_type=product&#038;p=14768"},"modified":"2023-09-20T16:57:27","modified_gmt":"2023-09-20T15:57:27","slug":"el-callejero-que-revelan-los-nombres-de-las-calles-sobre-identidad-raza-riqueza-y-poder","status":"publish","type":"product","link":"https:\/\/zapateneo.net\/wordpress\/index.php\/producto\/el-callejero-que-revelan-los-nombres-de-las-calles-sobre-identidad-raza-riqueza-y-poder\/","title":{"rendered":"EL CALLEJERO Qu\u00e9 revelan los nombres de las calles sobre identidad, raza, riqueza y poder."},"content":{"rendered":"<p>Cuando la mayor\u00eda de la gente piensa en las direcciones de las calles, si es que lo hace alguna vez, piensa en su capacidad para garantizar que el cartero pueda entregar el correo o que un viajero no se pierda. Pero las direcciones no se inventaron para ayudar a encontrar el camino, sino para encontrarte a ti.<\/p>\n<p>En muchas partes del mundo, tu direcci\u00f3n puede revelar tu raza y tu clase. En este extraordinario estudio, Deirdre Mask examina las calles que llevan el nombre de Martin Luther King, los medios de orientaci\u00f3n de los antiguos romanos o c\u00f3mo los nazis a\u00fan rondan por las calles de la Alemania moderna. La otra cara de la moneda de tener una direcci\u00f3n es no tener ninguna; as\u00ed, tambi\u00e9n conoceremos lo que eso significa para millones de personas hoy en d\u00eda, como aquellas que viven en los barrios bajos de Calcuta o en las calles de Londres.<\/p>\n<p>Repleto de personas e historias fascinantes, El callejero ilumina las complejas historias que se esconden detr\u00e1s de los nombres de las calles, as\u00ed como su poder para revelar u ocultar, decidir qui\u00e9n cuenta, qui\u00e9n no y por qu\u00e9.<\/p>\n<p>Deirdre Mask Escritora, abogada y acad\u00e9mica, Deirdre Mask se licenci\u00f3 en el Harvard College en 2002 con la m\u00e1xima calificaci\u00f3n. Tras un a\u00f1o en la Universidad de Oxford con una beca Harlech, volvi\u00f3 a Harvard para estudiar Derecho. Posteriormente fue editora de la Harvard Law Review, y pas\u00f3 tres a\u00f1os trabajando como abogada y secretaria judicial federal, antes de completar un m\u00e1ster en Escritura en la Universidad Nacional de Irlanda como becaria Mitchell. El callejero es su primer libro. Cuando viv\u00eda en Irlanda, al comprar un sello para enviarle una postal a su padre pens\u00f3 que le estaba dando a Irlanda todo el dinero, a pesar de que la entrega y gran parte de la tramitaci\u00f3n se har\u00eda en el extranjero. Se le ocurri\u00f3 buscar r\u00e1pidamente c\u00f3mo recib\u00eda su parte Estados Unidos y fue entonces cuando se top\u00f3 con el sitio web de la Uni\u00f3n Postal Universal. All\u00ed hab\u00eda art\u00edculos sobre la cantidad de personas que no tienen una direcci\u00f3n y c\u00f3mo el hecho de asignar una es una de las formas m\u00e1s baratas de ayudar a salir de la pobreza. Cuando se enter\u00f3 de que incluso algunas partes de Estados Unidos no tienen direcci\u00f3n postal, pidi\u00f3 prestado el coche de su padre y fue a comprobarlo por s\u00ed misma.<\/p>\n","protected":false},"excerpt":{"rendered":"<p><strong>Deirdre Mask<\/strong><br \/>\n9788412619911 &#8211; Capit\u00e1n Swing &#8211; 2023 &#8211; 312 p\u00e1ginas \/orri.<\/p>\n","protected":false},"featured_media":14791,"template":"","meta":[],"product_brand":[],"product_cat":[15],"product_tag":[102,6739],"class_list":{"0":"post-14768","1":"product","2":"type-product","3":"status-publish","4":"has-post-thumbnail","6":"product_cat-otros-bestelakoak","7":"product_tag-capitan-swing","8":"product_tag-deirdre-mask","10":"first","11":"instock","12":"sold-individually","13":"shipping-taxable","14":"purchasable","15":"product-type-simple"},"yoast_head":"<!-- This site is optimized with the Yoast SEO plugin v27.3 - https:\/\/yoast.com\/product\/yoast-seo-wordpress\/ -->\n<title>EL CALLEJERO Qu\u00e9 revelan los nombres de las calles sobre identidad, raza, riqueza y poder. &#8212; Zapateneo<\/title>\n<meta name=\"robots\" content=\"index, follow, max-snippet:-1, max-image-preview:large, max-video-preview:-1\" \/>\n<link rel=\"canonical\" href=\"https:\/\/zapateneo.net\/wordpress\/index.php\/producto\/el-callejero-que-revelan-los-nombres-de-las-calles-sobre-identidad-raza-riqueza-y-poder\/\" \/>\n<meta property=\"og:locale\" content=\"es_ES\" \/>\n<meta property=\"og:type\" content=\"article\" \/>\n<meta property=\"og:title\" content=\"EL CALLEJERO Qu\u00e9 revelan los nombres de las calles sobre identidad, raza, riqueza y poder. &#8212; Zapateneo\" \/>\n<meta property=\"og:description\" content=\"Deirdre Mask 9788412619911 - Capit\u00e1n Swing - 2023 - 312 p\u00e1ginas \/orri.\" \/>\n<meta property=\"og:url\" content=\"https:\/\/zapateneo.net\/wordpress\/index.php\/producto\/el-callejero-que-revelan-los-nombres-de-las-calles-sobre-identidad-raza-riqueza-y-poder\/\" \/>\n<meta property=\"og:site_name\" content=\"Zapateneo\" \/>\n<meta property=\"article:modified_time\" content=\"2023-09-20T15:57:27+00:00\" \/>\n<meta name=\"twitter:card\" content=\"summary_large_image\" \/>\n<meta name=\"twitter:site\" content=\"@zapateneo\" \/>\n<meta name=\"twitter:label1\" content=\"Tiempo de lectura\" \/>\n\t<meta name=\"twitter:data1\" content=\"2 minutos\" \/>\n<script type=\"application\/ld+json\" class=\"yoast-schema-graph\">{\"@context\":\"https:\\\/\\\/schema.org\",\"@graph\":[{\"@type\":\"WebPage\",\"@id\":\"https:\\\/\\\/zapateneo.net\\\/wordpress\\\/index.php\\\/producto\\\/el-callejero-que-revelan-los-nombres-de-las-calles-sobre-identidad-raza-riqueza-y-poder\\\/\",\"url\":\"https:\\\/\\\/zapateneo.net\\\/wordpress\\\/index.php\\\/producto\\\/el-callejero-que-revelan-los-nombres-de-las-calles-sobre-identidad-raza-riqueza-y-poder\\\/\",\"name\":\"EL CALLEJERO Qu\u00e9 revelan los nombres de las calles sobre identidad, raza, riqueza y poder. &#8212; Zapateneo\",\"isPartOf\":{\"@id\":\"https:\\\/\\\/zapateneo.net\\\/wordpress\\\/#website\"},\"primaryImageOfPage\":{\"@id\":\"https:\\\/\\\/zapateneo.net\\\/wordpress\\\/index.php\\\/producto\\\/el-callejero-que-revelan-los-nombres-de-las-calles-sobre-identidad-raza-riqueza-y-poder\\\/#primaryimage\"},\"image\":{\"@id\":\"https:\\\/\\\/zapateneo.net\\\/wordpress\\\/index.php\\\/producto\\\/el-callejero-que-revelan-los-nombres-de-las-calles-sobre-identidad-raza-riqueza-y-poder\\\/#primaryimage\"},\"thumbnailUrl\":\"https:\\\/\\\/zapateneo.net\\\/wordpress\\\/wp-content\\\/uploads\\\/2023\\\/09\\\/el-callejero-9788412619911.jpg\",\"datePublished\":\"2023-09-20T15:57:18+00:00\",\"dateModified\":\"2023-09-20T15:57:27+00:00\",\"breadcrumb\":{\"@id\":\"https:\\\/\\\/zapateneo.net\\\/wordpress\\\/index.php\\\/producto\\\/el-callejero-que-revelan-los-nombres-de-las-calles-sobre-identidad-raza-riqueza-y-poder\\\/#breadcrumb\"},\"inLanguage\":\"es\",\"potentialAction\":[{\"@type\":\"ReadAction\",\"target\":[\"https:\\\/\\\/zapateneo.net\\\/wordpress\\\/index.php\\\/producto\\\/el-callejero-que-revelan-los-nombres-de-las-calles-sobre-identidad-raza-riqueza-y-poder\\\/\"]}]},{\"@type\":\"ImageObject\",\"inLanguage\":\"es\",\"@id\":\"https:\\\/\\\/zapateneo.net\\\/wordpress\\\/index.php\\\/producto\\\/el-callejero-que-revelan-los-nombres-de-las-calles-sobre-identidad-raza-riqueza-y-poder\\\/#primaryimage\",\"url\":\"https:\\\/\\\/zapateneo.net\\\/wordpress\\\/wp-content\\\/uploads\\\/2023\\\/09\\\/el-callejero-9788412619911.jpg\",\"contentUrl\":\"https:\\\/\\\/zapateneo.net\\\/wordpress\\\/wp-content\\\/uploads\\\/2023\\\/09\\\/el-callejero-9788412619911.jpg\",\"width\":256,\"height\":400},{\"@type\":\"BreadcrumbList\",\"@id\":\"https:\\\/\\\/zapateneo.net\\\/wordpress\\\/index.php\\\/producto\\\/el-callejero-que-revelan-los-nombres-de-las-calles-sobre-identidad-raza-riqueza-y-poder\\\/#breadcrumb\",\"itemListElement\":[{\"@type\":\"ListItem\",\"position\":1,\"name\":\"Portada\",\"item\":\"https:\\\/\\\/zapateneo.net\\\/wordpress\\\/\"},{\"@type\":\"ListItem\",\"position\":2,\"name\":\"Tienda\",\"item\":\"https:\\\/\\\/zapateneo.net\\\/wordpress\\\/\"},{\"@type\":\"ListItem\",\"position\":3,\"name\":\"EL CALLEJERO Qu\u00e9 revelan los nombres de las calles sobre identidad, raza, riqueza y poder.\"}]},{\"@type\":\"WebSite\",\"@id\":\"https:\\\/\\\/zapateneo.net\\\/wordpress\\\/#website\",\"url\":\"https:\\\/\\\/zapateneo.net\\\/wordpress\\\/\",\"name\":\"Zapateneo\",\"description\":\"Zapateneoaren webgunea\",\"publisher\":{\"@id\":\"https:\\\/\\\/zapateneo.net\\\/wordpress\\\/#organization\"},\"potentialAction\":[{\"@type\":\"SearchAction\",\"target\":{\"@type\":\"EntryPoint\",\"urlTemplate\":\"https:\\\/\\\/zapateneo.net\\\/wordpress\\\/?s={search_term_string}\"},\"query-input\":{\"@type\":\"PropertyValueSpecification\",\"valueRequired\":true,\"valueName\":\"search_term_string\"}}],\"inLanguage\":\"es\"},{\"@type\":\"Organization\",\"@id\":\"https:\\\/\\\/zapateneo.net\\\/wordpress\\\/#organization\",\"name\":\"Zapateneo Kultur Elkartea\",\"url\":\"https:\\\/\\\/zapateneo.net\\\/wordpress\\\/\",\"logo\":{\"@type\":\"ImageObject\",\"inLanguage\":\"es\",\"@id\":\"https:\\\/\\\/zapateneo.net\\\/wordpress\\\/#\\\/schema\\\/logo\\\/image\\\/\",\"url\":\"https:\\\/\\\/zapateneo.net\\\/wordpress\\\/wp-content\\\/uploads\\\/2021\\\/04\\\/zap-libu-kolec.jpg\",\"contentUrl\":\"https:\\\/\\\/zapateneo.net\\\/wordpress\\\/wp-content\\\/uploads\\\/2021\\\/04\\\/zap-libu-kolec.jpg\",\"width\":2234,\"height\":398,\"caption\":\"Zapateneo Kultur Elkartea\"},\"image\":{\"@id\":\"https:\\\/\\\/zapateneo.net\\\/wordpress\\\/#\\\/schema\\\/logo\\\/image\\\/\"},\"sameAs\":[\"https:\\\/\\\/x.com\\\/zapateneo\"]}]}<\/script>\n<!-- \/ Yoast SEO plugin. -->","yoast_head_json":{"title":"EL CALLEJERO Qu\u00e9 revelan los nombres de las calles sobre identidad, raza, riqueza y poder. &#8212; Zapateneo","robots":{"index":"index","follow":"follow","max-snippet":"max-snippet:-1","max-image-preview":"max-image-preview:large","max-video-preview":"max-video-preview:-1"},"canonical":"https:\/\/zapateneo.net\/wordpress\/index.php\/producto\/el-callejero-que-revelan-los-nombres-de-las-calles-sobre-identidad-raza-riqueza-y-poder\/","og_locale":"es_ES","og_type":"article","og_title":"EL CALLEJERO Qu\u00e9 revelan los nombres de las calles sobre identidad, raza, riqueza y poder. &#8212; Zapateneo","og_description":"Deirdre Mask 9788412619911 - Capit\u00e1n Swing - 2023 - 312 p\u00e1ginas \/orri.","og_url":"https:\/\/zapateneo.net\/wordpress\/index.php\/producto\/el-callejero-que-revelan-los-nombres-de-las-calles-sobre-identidad-raza-riqueza-y-poder\/","og_site_name":"Zapateneo","article_modified_time":"2023-09-20T15:57:27+00:00","twitter_card":"summary_large_image","twitter_site":"@zapateneo","twitter_misc":{"Tiempo de lectura":"2 minutos"},"schema":{"@context":"https:\/\/schema.org","@graph":[{"@type":"WebPage","@id":"https:\/\/zapateneo.net\/wordpress\/index.php\/producto\/el-callejero-que-revelan-los-nombres-de-las-calles-sobre-identidad-raza-riqueza-y-poder\/","url":"https:\/\/zapateneo.net\/wordpress\/index.php\/producto\/el-callejero-que-revelan-los-nombres-de-las-calles-sobre-identidad-raza-riqueza-y-poder\/","name":"EL CALLEJERO Qu\u00e9 revelan los nombres de las calles sobre identidad, raza, riqueza y poder. &#8212; Zapateneo","isPartOf":{"@id":"https:\/\/zapateneo.net\/wordpress\/#website"},"primaryImageOfPage":{"@id":"https:\/\/zapateneo.net\/wordpress\/index.php\/producto\/el-callejero-que-revelan-los-nombres-de-las-calles-sobre-identidad-raza-riqueza-y-poder\/#primaryimage"},"image":{"@id":"https:\/\/zapateneo.net\/wordpress\/index.php\/producto\/el-callejero-que-revelan-los-nombres-de-las-calles-sobre-identidad-raza-riqueza-y-poder\/#primaryimage"},"thumbnailUrl":"https:\/\/zapateneo.net\/wordpress\/wp-content\/uploads\/2023\/09\/el-callejero-9788412619911.jpg","datePublished":"2023-09-20T15:57:18+00:00","dateModified":"2023-09-20T15:57:27+00:00","breadcrumb":{"@id":"https:\/\/zapateneo.net\/wordpress\/index.php\/producto\/el-callejero-que-revelan-los-nombres-de-las-calles-sobre-identidad-raza-riqueza-y-poder\/#breadcrumb"},"inLanguage":"es","potentialAction":[{"@type":"ReadAction","target":["https:\/\/zapateneo.net\/wordpress\/index.php\/producto\/el-callejero-que-revelan-los-nombres-de-las-calles-sobre-identidad-raza-riqueza-y-poder\/"]}]},{"@type":"ImageObject","inLanguage":"es","@id":"https:\/\/zapateneo.net\/wordpress\/index.php\/producto\/el-callejero-que-revelan-los-nombres-de-las-calles-sobre-identidad-raza-riqueza-y-poder\/#primaryimage","url":"https:\/\/zapateneo.net\/wordpress\/wp-content\/uploads\/2023\/09\/el-callejero-9788412619911.jpg","contentUrl":"https:\/\/zapateneo.net\/wordpress\/wp-content\/uploads\/2023\/09\/el-callejero-9788412619911.jpg","width":256,"height":400},{"@type":"BreadcrumbList","@id":"https:\/\/zapateneo.net\/wordpress\/index.php\/producto\/el-callejero-que-revelan-los-nombres-de-las-calles-sobre-identidad-raza-riqueza-y-poder\/#breadcrumb","itemListElement":[{"@type":"ListItem","position":1,"name":"Portada","item":"https:\/\/zapateneo.net\/wordpress\/"},{"@type":"ListItem","position":2,"name":"Tienda","item":"https:\/\/zapateneo.net\/wordpress\/"},{"@type":"ListItem","position":3,"name":"EL CALLEJERO Qu\u00e9 revelan los nombres de las calles sobre identidad, raza, riqueza y poder."}]},{"@type":"WebSite","@id":"https:\/\/zapateneo.net\/wordpress\/#website","url":"https:\/\/zapateneo.net\/wordpress\/","name":"Zapateneo","description":"Zapateneoaren webgunea","publisher":{"@id":"https:\/\/zapateneo.net\/wordpress\/#organization"},"potentialAction":[{"@type":"SearchAction","target":{"@type":"EntryPoint","urlTemplate":"https:\/\/zapateneo.net\/wordpress\/?s={search_term_string}"},"query-input":{"@type":"PropertyValueSpecification","valueRequired":true,"valueName":"search_term_string"}}],"inLanguage":"es"},{"@type":"Organization","@id":"https:\/\/zapateneo.net\/wordpress\/#organization","name":"Zapateneo Kultur Elkartea","url":"https:\/\/zapateneo.net\/wordpress\/","logo":{"@type":"ImageObject","inLanguage":"es","@id":"https:\/\/zapateneo.net\/wordpress\/#\/schema\/logo\/image\/","url":"https:\/\/zapateneo.net\/wordpress\/wp-content\/uploads\/2021\/04\/zap-libu-kolec.jpg","contentUrl":"https:\/\/zapateneo.net\/wordpress\/wp-content\/uploads\/2021\/04\/zap-libu-kolec.jpg","width":2234,"height":398,"caption":"Zapateneo Kultur Elkartea"},"image":{"@id":"https:\/\/zapateneo.net\/wordpress\/#\/schema\/logo\/image\/"},"sameAs":["https:\/\/x.com\/zapateneo"]}]}},"_links":{"self":[{"href":"https:\/\/zapateneo.net\/wordpress\/index.php\/wp-json\/wp\/v2\/product\/14768","targetHints":{"allow":["GET"]}}],"collection":[{"href":"https:\/\/zapateneo.net\/wordpress\/index.php\/wp-json\/wp\/v2\/product"}],"about":[{"href":"https:\/\/zapateneo.net\/wordpress\/index.php\/wp-json\/wp\/v2\/types\/product"}],"wp:featuredmedia":[{"embeddable":true,"href":"https:\/\/zapateneo.net\/wordpress\/index.php\/wp-json\/wp\/v2\/media\/14791"}],"wp:attachment":[{"href":"https:\/\/zapateneo.net\/wordpress\/index.php\/wp-json\/wp\/v2\/media?parent=14768"}],"wp:term":[{"taxonomy":"product_brand","embeddable":true,"href":"https:\/\/zapateneo.net\/wordpress\/index.php\/wp-json\/wp\/v2\/product_brand?post=14768"},{"taxonomy":"product_cat","embeddable":true,"href":"https:\/\/zapateneo.net\/wordpress\/index.php\/wp-json\/wp\/v2\/product_cat?post=14768"},{"taxonomy":"product_tag","embeddable":true,"href":"https:\/\/zapateneo.net\/wordpress\/index.php\/wp-json\/wp\/v2\/product_tag?post=14768"}],"curies":[{"name":"wp","href":"https:\/\/api.w.org\/{rel}","templated":true}]}}