{"id":14766,"date":"2023-09-20T16:57:18","date_gmt":"2023-09-20T15:57:18","guid":{"rendered":"https:\/\/zapateneo.net\/wordpress\/?post_type=product&#038;p=14766"},"modified":"2023-09-20T16:57:26","modified_gmt":"2023-09-20T15:57:26","slug":"walkaway-la-vida-por-defecto","status":"publish","type":"product","link":"https:\/\/zapateneo.net\/wordpress\/index.php\/producto\/walkaway-la-vida-por-defecto\/","title":{"rendered":"WALKAWAY La vida por defecto"},"content":{"rendered":"<p>Hubert Vernon Rudolph Clayton Irving Wilson Alva Anton Jeff Harley Timothy Curtis Cleveland Cecil Ollie Edmund Eli Wiley Marvin Ellis Espinoza (conocido por sus amigos como Hubert, etc.) era demasiado viejo para estar en esa fiesta comunista con su amigo Seth. Pero el desmoronamiento de la sociedad moderna exige formas creativas de diversi\u00f3n y de protesta, a pesar de la violencia y la hipervigilancia policial.<\/p>\n<p>Tras conocer a Natalie, una rica heredera que intenta escapar de las garras de su represivo padre, deciden renunciar por completo a la sociedad por defecto y marcharse. Despu\u00e9s de todo, si cualquiera puede dise\u00f1ar e imprimir las necesidades b\u00e1sicas de la vida \u2014alimentaci\u00f3n, ropa, refugio\u2014 desde un ordenador, hay pocas razones para formar parte del sistema. Sigue siendo un mundo peligroso, las tierras vac\u00edas destrozadas por el cambio clim\u00e1tico, las ciudades muertas desmanteladas por la huida de las industrias, las sombras que esconden a los depredadores, tanto animales como humanos. Sin embargo, las filas de los andantes, que han dejado atr\u00e1s el mundo ultracapitalistas, no dejan de crecer. Los centros de investigaci\u00f3n ajenos al poder desarrollan entonces algo que los zotarricos no han conseguido nunca comprar. Y la vida por defecto cambia para siempre.<\/p>\n<p>Fascinante, inspirador y lleno de humor negro, Walkaway es un thriller de ciencia ficci\u00f3n multigeneracional que abre ventanas y arroja luz y propuestas ante los cambios fundamentales que viviremos antes de que acabe el siglo.<\/p>\n<p>Cory Doctorow Novelista canadiense de ciencia ficci\u00f3n, periodista y activista tecnol\u00f3gico. Es asesor especial de la Electronic Frontier Foundation, un grupo de libertades civiles sin \u00e1nimo de lucro que defiende la libertad en la legislaci\u00f3n, la pol\u00edtica, las normas y los tratados sobre tecnolog\u00eda. Es doctor honoris causa en Inform\u00e1tica por la Open University (Reino Unido), donde es profesor visitante. Tambi\u00e9n es investigador afiliado al MIT Media Lab y profesor visitante de pr\u00e1cticas en la Escuela de Biblioteconom\u00eda y Ciencias de la Informaci\u00f3n de la Universidad de Carolina del Norte. En 2020 ingres\u00f3 en el Sal\u00f3n de la Fama de la Ciencia Ficci\u00f3n y la Fantas\u00eda de Canad\u00e1. Sus novelas han sido traducidas a decenas de idiomas. Ha ganado los premios Locus, Prometheus, Copper Cylinder, White Pine y Sunburst, y ha sido nominado a los premios Hugo, Nebula y British Science Fiction. Entre sus libros recientes se encuentran Attack Surface (2020), una secuela independiente de Peque\u00f1o hermano para adultos, Poesy The Monster Slayer, un libro ilustrado infantil (2020), el libro de tecnolog\u00eda y pol\u00edtica de no ficci\u00f3n How To Destroy Surveillance Capitalism (2020), Radicalizado (2019) y Walkaway (2017), de ciencia ficci\u00f3n para adultos; y En la vida real, una novela gr\u00e1fica para adultos creada con Jen Wang (2014). Su \u00faltima novela es Homeland, la secuela superventas de Peque\u00f1o hermano. Doctorow es tambi\u00e9n cofundador de la empresa de software de c\u00f3digo abierto peer-to-peer OpenCola.<\/p>\n","protected":false},"excerpt":{"rendered":"<p><strong>Cory Doctorow<\/strong><br \/>\n9788412620023 &#8211; Capit\u00e1n Swing &#8211; 2023 &#8211; 650 p\u00e1ginas \/orri.<\/p>\n","protected":false},"featured_media":14789,"template":"","meta":[],"product_brand":[],"product_cat":[15],"product_tag":[102,5769],"class_list":{"0":"post-14766","1":"product","2":"type-product","3":"status-publish","4":"has-post-thumbnail","6":"product_cat-otros-bestelakoak","7":"product_tag-capitan-swing","8":"product_tag-cory-doctorow","10":"first","11":"instock","12":"sold-individually","13":"shipping-taxable","14":"purchasable","15":"product-type-simple"},"yoast_head":"<!-- This site is optimized with the Yoast SEO plugin v27.3 - https:\/\/yoast.com\/product\/yoast-seo-wordpress\/ -->\n<title>WALKAWAY La vida por defecto &#8212; Zapateneo<\/title>\n<meta name=\"robots\" content=\"index, follow, max-snippet:-1, max-image-preview:large, max-video-preview:-1\" \/>\n<link rel=\"canonical\" href=\"https:\/\/zapateneo.net\/wordpress\/index.php\/producto\/walkaway-la-vida-por-defecto\/\" \/>\n<meta property=\"og:locale\" content=\"es_ES\" \/>\n<meta property=\"og:type\" content=\"article\" \/>\n<meta property=\"og:title\" content=\"WALKAWAY La vida por defecto &#8212; Zapateneo\" \/>\n<meta property=\"og:description\" content=\"Cory Doctorow 9788412620023 - Capit\u00e1n Swing - 2023 - 650 p\u00e1ginas \/orri.\" \/>\n<meta property=\"og:url\" content=\"https:\/\/zapateneo.net\/wordpress\/index.php\/producto\/walkaway-la-vida-por-defecto\/\" \/>\n<meta property=\"og:site_name\" content=\"Zapateneo\" \/>\n<meta property=\"article:modified_time\" content=\"2023-09-20T15:57:26+00:00\" \/>\n<meta name=\"twitter:card\" content=\"summary_large_image\" \/>\n<meta name=\"twitter:site\" content=\"@zapateneo\" \/>\n<meta name=\"twitter:label1\" content=\"Tiempo de lectura\" \/>\n\t<meta name=\"twitter:data1\" content=\"2 minutos\" \/>\n<script type=\"application\/ld+json\" class=\"yoast-schema-graph\">{\"@context\":\"https:\\\/\\\/schema.org\",\"@graph\":[{\"@type\":\"WebPage\",\"@id\":\"https:\\\/\\\/zapateneo.net\\\/wordpress\\\/index.php\\\/producto\\\/walkaway-la-vida-por-defecto\\\/\",\"url\":\"https:\\\/\\\/zapateneo.net\\\/wordpress\\\/index.php\\\/producto\\\/walkaway-la-vida-por-defecto\\\/\",\"name\":\"WALKAWAY La vida por defecto &#8212; Zapateneo\",\"isPartOf\":{\"@id\":\"https:\\\/\\\/zapateneo.net\\\/wordpress\\\/#website\"},\"primaryImageOfPage\":{\"@id\":\"https:\\\/\\\/zapateneo.net\\\/wordpress\\\/index.php\\\/producto\\\/walkaway-la-vida-por-defecto\\\/#primaryimage\"},\"image\":{\"@id\":\"https:\\\/\\\/zapateneo.net\\\/wordpress\\\/index.php\\\/producto\\\/walkaway-la-vida-por-defecto\\\/#primaryimage\"},\"thumbnailUrl\":\"https:\\\/\\\/zapateneo.net\\\/wordpress\\\/wp-content\\\/uploads\\\/2023\\\/09\\\/walkaway-9788412620023.jpg\",\"datePublished\":\"2023-09-20T15:57:18+00:00\",\"dateModified\":\"2023-09-20T15:57:26+00:00\",\"breadcrumb\":{\"@id\":\"https:\\\/\\\/zapateneo.net\\\/wordpress\\\/index.php\\\/producto\\\/walkaway-la-vida-por-defecto\\\/#breadcrumb\"},\"inLanguage\":\"es\",\"potentialAction\":[{\"@type\":\"ReadAction\",\"target\":[\"https:\\\/\\\/zapateneo.net\\\/wordpress\\\/index.php\\\/producto\\\/walkaway-la-vida-por-defecto\\\/\"]}]},{\"@type\":\"ImageObject\",\"inLanguage\":\"es\",\"@id\":\"https:\\\/\\\/zapateneo.net\\\/wordpress\\\/index.php\\\/producto\\\/walkaway-la-vida-por-defecto\\\/#primaryimage\",\"url\":\"https:\\\/\\\/zapateneo.net\\\/wordpress\\\/wp-content\\\/uploads\\\/2023\\\/09\\\/walkaway-9788412620023.jpg\",\"contentUrl\":\"https:\\\/\\\/zapateneo.net\\\/wordpress\\\/wp-content\\\/uploads\\\/2023\\\/09\\\/walkaway-9788412620023.jpg\",\"width\":256,\"height\":400},{\"@type\":\"BreadcrumbList\",\"@id\":\"https:\\\/\\\/zapateneo.net\\\/wordpress\\\/index.php\\\/producto\\\/walkaway-la-vida-por-defecto\\\/#breadcrumb\",\"itemListElement\":[{\"@type\":\"ListItem\",\"position\":1,\"name\":\"Portada\",\"item\":\"https:\\\/\\\/zapateneo.net\\\/wordpress\\\/\"},{\"@type\":\"ListItem\",\"position\":2,\"name\":\"Tienda\",\"item\":\"https:\\\/\\\/zapateneo.net\\\/wordpress\\\/\"},{\"@type\":\"ListItem\",\"position\":3,\"name\":\"WALKAWAY La vida por defecto\"}]},{\"@type\":\"WebSite\",\"@id\":\"https:\\\/\\\/zapateneo.net\\\/wordpress\\\/#website\",\"url\":\"https:\\\/\\\/zapateneo.net\\\/wordpress\\\/\",\"name\":\"Zapateneo\",\"description\":\"Zapateneoaren webgunea\",\"publisher\":{\"@id\":\"https:\\\/\\\/zapateneo.net\\\/wordpress\\\/#organization\"},\"potentialAction\":[{\"@type\":\"SearchAction\",\"target\":{\"@type\":\"EntryPoint\",\"urlTemplate\":\"https:\\\/\\\/zapateneo.net\\\/wordpress\\\/?s={search_term_string}\"},\"query-input\":{\"@type\":\"PropertyValueSpecification\",\"valueRequired\":true,\"valueName\":\"search_term_string\"}}],\"inLanguage\":\"es\"},{\"@type\":\"Organization\",\"@id\":\"https:\\\/\\\/zapateneo.net\\\/wordpress\\\/#organization\",\"name\":\"Zapateneo Kultur Elkartea\",\"url\":\"https:\\\/\\\/zapateneo.net\\\/wordpress\\\/\",\"logo\":{\"@type\":\"ImageObject\",\"inLanguage\":\"es\",\"@id\":\"https:\\\/\\\/zapateneo.net\\\/wordpress\\\/#\\\/schema\\\/logo\\\/image\\\/\",\"url\":\"https:\\\/\\\/zapateneo.net\\\/wordpress\\\/wp-content\\\/uploads\\\/2021\\\/04\\\/zap-libu-kolec.jpg\",\"contentUrl\":\"https:\\\/\\\/zapateneo.net\\\/wordpress\\\/wp-content\\\/uploads\\\/2021\\\/04\\\/zap-libu-kolec.jpg\",\"width\":2234,\"height\":398,\"caption\":\"Zapateneo Kultur Elkartea\"},\"image\":{\"@id\":\"https:\\\/\\\/zapateneo.net\\\/wordpress\\\/#\\\/schema\\\/logo\\\/image\\\/\"},\"sameAs\":[\"https:\\\/\\\/x.com\\\/zapateneo\"]}]}<\/script>\n<!-- \/ Yoast SEO plugin. -->","yoast_head_json":{"title":"WALKAWAY La vida por defecto &#8212; Zapateneo","robots":{"index":"index","follow":"follow","max-snippet":"max-snippet:-1","max-image-preview":"max-image-preview:large","max-video-preview":"max-video-preview:-1"},"canonical":"https:\/\/zapateneo.net\/wordpress\/index.php\/producto\/walkaway-la-vida-por-defecto\/","og_locale":"es_ES","og_type":"article","og_title":"WALKAWAY La vida por defecto &#8212; Zapateneo","og_description":"Cory Doctorow 9788412620023 - Capit\u00e1n Swing - 2023 - 650 p\u00e1ginas \/orri.","og_url":"https:\/\/zapateneo.net\/wordpress\/index.php\/producto\/walkaway-la-vida-por-defecto\/","og_site_name":"Zapateneo","article_modified_time":"2023-09-20T15:57:26+00:00","twitter_card":"summary_large_image","twitter_site":"@zapateneo","twitter_misc":{"Tiempo de lectura":"2 minutos"},"schema":{"@context":"https:\/\/schema.org","@graph":[{"@type":"WebPage","@id":"https:\/\/zapateneo.net\/wordpress\/index.php\/producto\/walkaway-la-vida-por-defecto\/","url":"https:\/\/zapateneo.net\/wordpress\/index.php\/producto\/walkaway-la-vida-por-defecto\/","name":"WALKAWAY La vida por defecto &#8212; Zapateneo","isPartOf":{"@id":"https:\/\/zapateneo.net\/wordpress\/#website"},"primaryImageOfPage":{"@id":"https:\/\/zapateneo.net\/wordpress\/index.php\/producto\/walkaway-la-vida-por-defecto\/#primaryimage"},"image":{"@id":"https:\/\/zapateneo.net\/wordpress\/index.php\/producto\/walkaway-la-vida-por-defecto\/#primaryimage"},"thumbnailUrl":"https:\/\/zapateneo.net\/wordpress\/wp-content\/uploads\/2023\/09\/walkaway-9788412620023.jpg","datePublished":"2023-09-20T15:57:18+00:00","dateModified":"2023-09-20T15:57:26+00:00","breadcrumb":{"@id":"https:\/\/zapateneo.net\/wordpress\/index.php\/producto\/walkaway-la-vida-por-defecto\/#breadcrumb"},"inLanguage":"es","potentialAction":[{"@type":"ReadAction","target":["https:\/\/zapateneo.net\/wordpress\/index.php\/producto\/walkaway-la-vida-por-defecto\/"]}]},{"@type":"ImageObject","inLanguage":"es","@id":"https:\/\/zapateneo.net\/wordpress\/index.php\/producto\/walkaway-la-vida-por-defecto\/#primaryimage","url":"https:\/\/zapateneo.net\/wordpress\/wp-content\/uploads\/2023\/09\/walkaway-9788412620023.jpg","contentUrl":"https:\/\/zapateneo.net\/wordpress\/wp-content\/uploads\/2023\/09\/walkaway-9788412620023.jpg","width":256,"height":400},{"@type":"BreadcrumbList","@id":"https:\/\/zapateneo.net\/wordpress\/index.php\/producto\/walkaway-la-vida-por-defecto\/#breadcrumb","itemListElement":[{"@type":"ListItem","position":1,"name":"Portada","item":"https:\/\/zapateneo.net\/wordpress\/"},{"@type":"ListItem","position":2,"name":"Tienda","item":"https:\/\/zapateneo.net\/wordpress\/"},{"@type":"ListItem","position":3,"name":"WALKAWAY La vida por defecto"}]},{"@type":"WebSite","@id":"https:\/\/zapateneo.net\/wordpress\/#website","url":"https:\/\/zapateneo.net\/wordpress\/","name":"Zapateneo","description":"Zapateneoaren webgunea","publisher":{"@id":"https:\/\/zapateneo.net\/wordpress\/#organization"},"potentialAction":[{"@type":"SearchAction","target":{"@type":"EntryPoint","urlTemplate":"https:\/\/zapateneo.net\/wordpress\/?s={search_term_string}"},"query-input":{"@type":"PropertyValueSpecification","valueRequired":true,"valueName":"search_term_string"}}],"inLanguage":"es"},{"@type":"Organization","@id":"https:\/\/zapateneo.net\/wordpress\/#organization","name":"Zapateneo Kultur Elkartea","url":"https:\/\/zapateneo.net\/wordpress\/","logo":{"@type":"ImageObject","inLanguage":"es","@id":"https:\/\/zapateneo.net\/wordpress\/#\/schema\/logo\/image\/","url":"https:\/\/zapateneo.net\/wordpress\/wp-content\/uploads\/2021\/04\/zap-libu-kolec.jpg","contentUrl":"https:\/\/zapateneo.net\/wordpress\/wp-content\/uploads\/2021\/04\/zap-libu-kolec.jpg","width":2234,"height":398,"caption":"Zapateneo Kultur Elkartea"},"image":{"@id":"https:\/\/zapateneo.net\/wordpress\/#\/schema\/logo\/image\/"},"sameAs":["https:\/\/x.com\/zapateneo"]}]}},"_links":{"self":[{"href":"https:\/\/zapateneo.net\/wordpress\/index.php\/wp-json\/wp\/v2\/product\/14766","targetHints":{"allow":["GET"]}}],"collection":[{"href":"https:\/\/zapateneo.net\/wordpress\/index.php\/wp-json\/wp\/v2\/product"}],"about":[{"href":"https:\/\/zapateneo.net\/wordpress\/index.php\/wp-json\/wp\/v2\/types\/product"}],"wp:featuredmedia":[{"embeddable":true,"href":"https:\/\/zapateneo.net\/wordpress\/index.php\/wp-json\/wp\/v2\/media\/14789"}],"wp:attachment":[{"href":"https:\/\/zapateneo.net\/wordpress\/index.php\/wp-json\/wp\/v2\/media?parent=14766"}],"wp:term":[{"taxonomy":"product_brand","embeddable":true,"href":"https:\/\/zapateneo.net\/wordpress\/index.php\/wp-json\/wp\/v2\/product_brand?post=14766"},{"taxonomy":"product_cat","embeddable":true,"href":"https:\/\/zapateneo.net\/wordpress\/index.php\/wp-json\/wp\/v2\/product_cat?post=14766"},{"taxonomy":"product_tag","embeddable":true,"href":"https:\/\/zapateneo.net\/wordpress\/index.php\/wp-json\/wp\/v2\/product_tag?post=14766"}],"curies":[{"name":"wp","href":"https:\/\/api.w.org\/{rel}","templated":true}]}}