{"id":14765,"date":"2023-09-20T16:57:18","date_gmt":"2023-09-20T15:57:18","guid":{"rendered":"https:\/\/zapateneo.net\/wordpress\/?post_type=product&#038;p=14765"},"modified":"2023-09-20T16:57:25","modified_gmt":"2023-09-20T15:57:25","slug":"como-ocultar-un-imperio-historia-de-las-colonias-de-estados-unidos","status":"publish","type":"product","link":"https:\/\/zapateneo.net\/wordpress\/index.php\/producto\/como-ocultar-un-imperio-historia-de-las-colonias-de-estados-unidos\/","title":{"rendered":"C\u00d3MO OCULTAR UN IMPERIO Historia de las colonias de Estados Unidos"},"content":{"rendered":"<p>Esta es una historia innovadora sobre las posesiones de Estados Unidos en el extranjero y el verdadero significado de su imperio. Estamos familiarizados con los mapas que delimitan los cincuenta estados. Pero \u00bfqu\u00e9 hay de los dem\u00e1s territorios reales \u2014islas, atolones y archipi\u00e9lagos\u2014 que ha gobernado y habitado? Immerwahr cuenta la fascinante historia de Estados Unidos fuera de Estados Unidos, revelando episodios olvidados que arrojan una nueva luz sobre la historia estadounidense.<\/p>\n<p>Desde las Islas del Guano, donde los buscadores recogieron uno de los productos m\u00e1s valiosos del siglo XIX, hasta Filipinas, escenario del acontecimiento m\u00e1s destructivo en suelo estadounidense, o Puerto Rico, donde los m\u00e9dicos estadounidenses llevaron a cabo espeluznantes experimentos que jam\u00e1s habr\u00edan realizado en el continente. Pero en los a\u00f1os posteriores a la Segunda Guerra Mundial, se\u00f1ala Immerwahr, el pa\u00eds se alej\u00f3 del colonialismo para poner en pr\u00e1ctica innovaciones en electr\u00f3nica, transporte y cultura, ideando as\u00ed un nuevo tipo de influencia que no requer\u00eda el control de las colonias.<\/p>\n<p>Con una gran cantidad de detalles absorbentes, y una original concepci\u00f3n de lo que significan el imperio y la globalizaci\u00f3n hoy en d\u00eda, C\u00f3mo ocultar un imperio es una obra de historia notable y de lectura compulsiva.<\/p>\n<p>Daniel Immerwahr Historiador estadounidense, profesor y director del departamento de Historia de la Universidad del Noroeste. Se licenci\u00f3 en Historia y Filosof\u00eda en la Universidad de Columbia y obtuvo una segunda licenciatura en el King\u2019s College de la Universidad de Cambridge. De vuelta en Estados Unidos, se doctor\u00f3 en la Universidad de California. Su tesis gan\u00f3 el Premio Allan Nevins de Historia Econ\u00f3mica Americana de la Asociaci\u00f3n de Historia Econ\u00f3mica, y recibi\u00f3 una menci\u00f3n honor\u00edfica para el Premio Betty M. Unterberger de la Sociedad de Historiadores de las Relaciones Exteriores Americanas. En 2011 y 2012 fue becario posdoctoral en el Comit\u00e9 de Pensamiento Global de la Universidad de Columbia, hasta que se incorpor\u00f3 al departamento de Historia de la Universidad del Noroeste. Su primer libro, Thinking Small (2015), gan\u00f3 el Premio Merle Curti de Historia Intelectual de la Organizaci\u00f3n de Historiadores Americanos y el Premio Anual de la Sociedad de Historia Intelectual de Estados Unidos. Su segundo libro, C\u00f3mo ocultar un imperio (2019), gan\u00f3 el Premio Robert H. Ferrell y fue finalista del Premio de Historia Mark Lynton.<\/p>\n","protected":false},"excerpt":{"rendered":"<p><strong>Daniel Immerwahr<\/strong><br \/>\n9788412619836 &#8211; Capit\u00e1n Swing &#8211; 2023 &#8211; 600 p\u00e1ginas \/orri.<\/p>\n","protected":false},"featured_media":14788,"template":"","meta":[],"product_brand":[],"product_cat":[15],"product_tag":[102,6737],"class_list":{"0":"post-14765","1":"product","2":"type-product","3":"status-publish","4":"has-post-thumbnail","6":"product_cat-otros-bestelakoak","7":"product_tag-capitan-swing","8":"product_tag-daniel-immerwahr","10":"first","11":"instock","12":"sold-individually","13":"shipping-taxable","14":"purchasable","15":"product-type-simple"},"yoast_head":"<!-- This site is optimized with the Yoast SEO plugin v27.3 - https:\/\/yoast.com\/product\/yoast-seo-wordpress\/ -->\n<title>C\u00d3MO OCULTAR UN IMPERIO Historia de las colonias de Estados Unidos &#8212; Zapateneo<\/title>\n<meta name=\"robots\" content=\"index, follow, max-snippet:-1, max-image-preview:large, max-video-preview:-1\" \/>\n<link rel=\"canonical\" href=\"https:\/\/zapateneo.net\/wordpress\/index.php\/producto\/como-ocultar-un-imperio-historia-de-las-colonias-de-estados-unidos\/\" \/>\n<meta property=\"og:locale\" content=\"es_ES\" \/>\n<meta property=\"og:type\" content=\"article\" \/>\n<meta property=\"og:title\" content=\"C\u00d3MO OCULTAR UN IMPERIO Historia de las colonias de Estados Unidos &#8212; Zapateneo\" \/>\n<meta property=\"og:description\" content=\"Daniel Immerwahr 9788412619836 - Capit\u00e1n Swing - 2023 - 600 p\u00e1ginas \/orri.\" \/>\n<meta property=\"og:url\" content=\"https:\/\/zapateneo.net\/wordpress\/index.php\/producto\/como-ocultar-un-imperio-historia-de-las-colonias-de-estados-unidos\/\" \/>\n<meta property=\"og:site_name\" content=\"Zapateneo\" \/>\n<meta property=\"article:modified_time\" content=\"2023-09-20T15:57:25+00:00\" \/>\n<meta name=\"twitter:card\" content=\"summary_large_image\" \/>\n<meta name=\"twitter:site\" content=\"@zapateneo\" \/>\n<meta name=\"twitter:label1\" content=\"Tiempo de lectura\" \/>\n\t<meta name=\"twitter:data1\" content=\"2 minutos\" \/>\n<script type=\"application\/ld+json\" class=\"yoast-schema-graph\">{\"@context\":\"https:\\\/\\\/schema.org\",\"@graph\":[{\"@type\":\"WebPage\",\"@id\":\"https:\\\/\\\/zapateneo.net\\\/wordpress\\\/index.php\\\/producto\\\/como-ocultar-un-imperio-historia-de-las-colonias-de-estados-unidos\\\/\",\"url\":\"https:\\\/\\\/zapateneo.net\\\/wordpress\\\/index.php\\\/producto\\\/como-ocultar-un-imperio-historia-de-las-colonias-de-estados-unidos\\\/\",\"name\":\"C\u00d3MO OCULTAR UN IMPERIO Historia de las colonias de Estados Unidos &#8212; Zapateneo\",\"isPartOf\":{\"@id\":\"https:\\\/\\\/zapateneo.net\\\/wordpress\\\/#website\"},\"primaryImageOfPage\":{\"@id\":\"https:\\\/\\\/zapateneo.net\\\/wordpress\\\/index.php\\\/producto\\\/como-ocultar-un-imperio-historia-de-las-colonias-de-estados-unidos\\\/#primaryimage\"},\"image\":{\"@id\":\"https:\\\/\\\/zapateneo.net\\\/wordpress\\\/index.php\\\/producto\\\/como-ocultar-un-imperio-historia-de-las-colonias-de-estados-unidos\\\/#primaryimage\"},\"thumbnailUrl\":\"https:\\\/\\\/zapateneo.net\\\/wordpress\\\/wp-content\\\/uploads\\\/2023\\\/09\\\/como-ocultar-un-imperio-9788412619836.jpg\",\"datePublished\":\"2023-09-20T15:57:18+00:00\",\"dateModified\":\"2023-09-20T15:57:25+00:00\",\"breadcrumb\":{\"@id\":\"https:\\\/\\\/zapateneo.net\\\/wordpress\\\/index.php\\\/producto\\\/como-ocultar-un-imperio-historia-de-las-colonias-de-estados-unidos\\\/#breadcrumb\"},\"inLanguage\":\"es\",\"potentialAction\":[{\"@type\":\"ReadAction\",\"target\":[\"https:\\\/\\\/zapateneo.net\\\/wordpress\\\/index.php\\\/producto\\\/como-ocultar-un-imperio-historia-de-las-colonias-de-estados-unidos\\\/\"]}]},{\"@type\":\"ImageObject\",\"inLanguage\":\"es\",\"@id\":\"https:\\\/\\\/zapateneo.net\\\/wordpress\\\/index.php\\\/producto\\\/como-ocultar-un-imperio-historia-de-las-colonias-de-estados-unidos\\\/#primaryimage\",\"url\":\"https:\\\/\\\/zapateneo.net\\\/wordpress\\\/wp-content\\\/uploads\\\/2023\\\/09\\\/como-ocultar-un-imperio-9788412619836.jpg\",\"contentUrl\":\"https:\\\/\\\/zapateneo.net\\\/wordpress\\\/wp-content\\\/uploads\\\/2023\\\/09\\\/como-ocultar-un-imperio-9788412619836.jpg\",\"width\":256,\"height\":400},{\"@type\":\"BreadcrumbList\",\"@id\":\"https:\\\/\\\/zapateneo.net\\\/wordpress\\\/index.php\\\/producto\\\/como-ocultar-un-imperio-historia-de-las-colonias-de-estados-unidos\\\/#breadcrumb\",\"itemListElement\":[{\"@type\":\"ListItem\",\"position\":1,\"name\":\"Portada\",\"item\":\"https:\\\/\\\/zapateneo.net\\\/wordpress\\\/\"},{\"@type\":\"ListItem\",\"position\":2,\"name\":\"Tienda\",\"item\":\"https:\\\/\\\/zapateneo.net\\\/wordpress\\\/\"},{\"@type\":\"ListItem\",\"position\":3,\"name\":\"C\u00d3MO OCULTAR UN IMPERIO Historia de las colonias de Estados Unidos\"}]},{\"@type\":\"WebSite\",\"@id\":\"https:\\\/\\\/zapateneo.net\\\/wordpress\\\/#website\",\"url\":\"https:\\\/\\\/zapateneo.net\\\/wordpress\\\/\",\"name\":\"Zapateneo\",\"description\":\"Zapateneoaren webgunea\",\"publisher\":{\"@id\":\"https:\\\/\\\/zapateneo.net\\\/wordpress\\\/#organization\"},\"potentialAction\":[{\"@type\":\"SearchAction\",\"target\":{\"@type\":\"EntryPoint\",\"urlTemplate\":\"https:\\\/\\\/zapateneo.net\\\/wordpress\\\/?s={search_term_string}\"},\"query-input\":{\"@type\":\"PropertyValueSpecification\",\"valueRequired\":true,\"valueName\":\"search_term_string\"}}],\"inLanguage\":\"es\"},{\"@type\":\"Organization\",\"@id\":\"https:\\\/\\\/zapateneo.net\\\/wordpress\\\/#organization\",\"name\":\"Zapateneo Kultur Elkartea\",\"url\":\"https:\\\/\\\/zapateneo.net\\\/wordpress\\\/\",\"logo\":{\"@type\":\"ImageObject\",\"inLanguage\":\"es\",\"@id\":\"https:\\\/\\\/zapateneo.net\\\/wordpress\\\/#\\\/schema\\\/logo\\\/image\\\/\",\"url\":\"https:\\\/\\\/zapateneo.net\\\/wordpress\\\/wp-content\\\/uploads\\\/2021\\\/04\\\/zap-libu-kolec.jpg\",\"contentUrl\":\"https:\\\/\\\/zapateneo.net\\\/wordpress\\\/wp-content\\\/uploads\\\/2021\\\/04\\\/zap-libu-kolec.jpg\",\"width\":2234,\"height\":398,\"caption\":\"Zapateneo Kultur Elkartea\"},\"image\":{\"@id\":\"https:\\\/\\\/zapateneo.net\\\/wordpress\\\/#\\\/schema\\\/logo\\\/image\\\/\"},\"sameAs\":[\"https:\\\/\\\/x.com\\\/zapateneo\"]}]}<\/script>\n<!-- \/ Yoast SEO plugin. -->","yoast_head_json":{"title":"C\u00d3MO OCULTAR UN IMPERIO Historia de las colonias de Estados Unidos &#8212; Zapateneo","robots":{"index":"index","follow":"follow","max-snippet":"max-snippet:-1","max-image-preview":"max-image-preview:large","max-video-preview":"max-video-preview:-1"},"canonical":"https:\/\/zapateneo.net\/wordpress\/index.php\/producto\/como-ocultar-un-imperio-historia-de-las-colonias-de-estados-unidos\/","og_locale":"es_ES","og_type":"article","og_title":"C\u00d3MO OCULTAR UN IMPERIO Historia de las colonias de Estados Unidos &#8212; Zapateneo","og_description":"Daniel Immerwahr 9788412619836 - Capit\u00e1n Swing - 2023 - 600 p\u00e1ginas \/orri.","og_url":"https:\/\/zapateneo.net\/wordpress\/index.php\/producto\/como-ocultar-un-imperio-historia-de-las-colonias-de-estados-unidos\/","og_site_name":"Zapateneo","article_modified_time":"2023-09-20T15:57:25+00:00","twitter_card":"summary_large_image","twitter_site":"@zapateneo","twitter_misc":{"Tiempo de lectura":"2 minutos"},"schema":{"@context":"https:\/\/schema.org","@graph":[{"@type":"WebPage","@id":"https:\/\/zapateneo.net\/wordpress\/index.php\/producto\/como-ocultar-un-imperio-historia-de-las-colonias-de-estados-unidos\/","url":"https:\/\/zapateneo.net\/wordpress\/index.php\/producto\/como-ocultar-un-imperio-historia-de-las-colonias-de-estados-unidos\/","name":"C\u00d3MO OCULTAR UN IMPERIO Historia de las colonias de Estados Unidos &#8212; Zapateneo","isPartOf":{"@id":"https:\/\/zapateneo.net\/wordpress\/#website"},"primaryImageOfPage":{"@id":"https:\/\/zapateneo.net\/wordpress\/index.php\/producto\/como-ocultar-un-imperio-historia-de-las-colonias-de-estados-unidos\/#primaryimage"},"image":{"@id":"https:\/\/zapateneo.net\/wordpress\/index.php\/producto\/como-ocultar-un-imperio-historia-de-las-colonias-de-estados-unidos\/#primaryimage"},"thumbnailUrl":"https:\/\/zapateneo.net\/wordpress\/wp-content\/uploads\/2023\/09\/como-ocultar-un-imperio-9788412619836.jpg","datePublished":"2023-09-20T15:57:18+00:00","dateModified":"2023-09-20T15:57:25+00:00","breadcrumb":{"@id":"https:\/\/zapateneo.net\/wordpress\/index.php\/producto\/como-ocultar-un-imperio-historia-de-las-colonias-de-estados-unidos\/#breadcrumb"},"inLanguage":"es","potentialAction":[{"@type":"ReadAction","target":["https:\/\/zapateneo.net\/wordpress\/index.php\/producto\/como-ocultar-un-imperio-historia-de-las-colonias-de-estados-unidos\/"]}]},{"@type":"ImageObject","inLanguage":"es","@id":"https:\/\/zapateneo.net\/wordpress\/index.php\/producto\/como-ocultar-un-imperio-historia-de-las-colonias-de-estados-unidos\/#primaryimage","url":"https:\/\/zapateneo.net\/wordpress\/wp-content\/uploads\/2023\/09\/como-ocultar-un-imperio-9788412619836.jpg","contentUrl":"https:\/\/zapateneo.net\/wordpress\/wp-content\/uploads\/2023\/09\/como-ocultar-un-imperio-9788412619836.jpg","width":256,"height":400},{"@type":"BreadcrumbList","@id":"https:\/\/zapateneo.net\/wordpress\/index.php\/producto\/como-ocultar-un-imperio-historia-de-las-colonias-de-estados-unidos\/#breadcrumb","itemListElement":[{"@type":"ListItem","position":1,"name":"Portada","item":"https:\/\/zapateneo.net\/wordpress\/"},{"@type":"ListItem","position":2,"name":"Tienda","item":"https:\/\/zapateneo.net\/wordpress\/"},{"@type":"ListItem","position":3,"name":"C\u00d3MO OCULTAR UN IMPERIO Historia de las colonias de Estados Unidos"}]},{"@type":"WebSite","@id":"https:\/\/zapateneo.net\/wordpress\/#website","url":"https:\/\/zapateneo.net\/wordpress\/","name":"Zapateneo","description":"Zapateneoaren webgunea","publisher":{"@id":"https:\/\/zapateneo.net\/wordpress\/#organization"},"potentialAction":[{"@type":"SearchAction","target":{"@type":"EntryPoint","urlTemplate":"https:\/\/zapateneo.net\/wordpress\/?s={search_term_string}"},"query-input":{"@type":"PropertyValueSpecification","valueRequired":true,"valueName":"search_term_string"}}],"inLanguage":"es"},{"@type":"Organization","@id":"https:\/\/zapateneo.net\/wordpress\/#organization","name":"Zapateneo Kultur Elkartea","url":"https:\/\/zapateneo.net\/wordpress\/","logo":{"@type":"ImageObject","inLanguage":"es","@id":"https:\/\/zapateneo.net\/wordpress\/#\/schema\/logo\/image\/","url":"https:\/\/zapateneo.net\/wordpress\/wp-content\/uploads\/2021\/04\/zap-libu-kolec.jpg","contentUrl":"https:\/\/zapateneo.net\/wordpress\/wp-content\/uploads\/2021\/04\/zap-libu-kolec.jpg","width":2234,"height":398,"caption":"Zapateneo Kultur Elkartea"},"image":{"@id":"https:\/\/zapateneo.net\/wordpress\/#\/schema\/logo\/image\/"},"sameAs":["https:\/\/x.com\/zapateneo"]}]}},"_links":{"self":[{"href":"https:\/\/zapateneo.net\/wordpress\/index.php\/wp-json\/wp\/v2\/product\/14765","targetHints":{"allow":["GET"]}}],"collection":[{"href":"https:\/\/zapateneo.net\/wordpress\/index.php\/wp-json\/wp\/v2\/product"}],"about":[{"href":"https:\/\/zapateneo.net\/wordpress\/index.php\/wp-json\/wp\/v2\/types\/product"}],"wp:featuredmedia":[{"embeddable":true,"href":"https:\/\/zapateneo.net\/wordpress\/index.php\/wp-json\/wp\/v2\/media\/14788"}],"wp:attachment":[{"href":"https:\/\/zapateneo.net\/wordpress\/index.php\/wp-json\/wp\/v2\/media?parent=14765"}],"wp:term":[{"taxonomy":"product_brand","embeddable":true,"href":"https:\/\/zapateneo.net\/wordpress\/index.php\/wp-json\/wp\/v2\/product_brand?post=14765"},{"taxonomy":"product_cat","embeddable":true,"href":"https:\/\/zapateneo.net\/wordpress\/index.php\/wp-json\/wp\/v2\/product_cat?post=14765"},{"taxonomy":"product_tag","embeddable":true,"href":"https:\/\/zapateneo.net\/wordpress\/index.php\/wp-json\/wp\/v2\/product_tag?post=14765"}],"curies":[{"name":"wp","href":"https:\/\/api.w.org\/{rel}","templated":true}]}}