{"id":14764,"date":"2023-09-20T16:57:17","date_gmt":"2023-09-20T15:57:17","guid":{"rendered":"https:\/\/zapateneo.net\/wordpress\/?post_type=product&#038;p=14764"},"modified":"2023-09-20T16:57:25","modified_gmt":"2023-09-20T15:57:25","slug":"menos-es-mas-como-el-decrecimiento-salvara-al-mundo","status":"publish","type":"product","link":"https:\/\/zapateneo.net\/wordpress\/index.php\/producto\/menos-es-mas-como-el-decrecimiento-salvara-al-mundo\/","title":{"rendered":"MENOS ES M\u00c1S C\u00f3mo el decrecimiento salvar\u00e1 al mundo"},"content":{"rendered":"<p>Nuestro planeta est\u00e1 en problemas. \u00bfC\u00f3mo podemos revertir la crisis actual y crear un futuro sostenible? El mundo ha despertado por fin a la realidad del colapso clim\u00e1tico y ecol\u00f3gico, ahora debemos enfrentarnos a su causa principal. El capitalismo exige una expansi\u00f3n perpetua, que est\u00e1 devastando el mundo, y solo hay una soluci\u00f3n que conducir\u00e1 a un cambio significativo e inmediato: el decrecimiento.<\/p>\n<p>Si queremos tener una oportunidad de detener la crisis, tenemos que frenar y restablecer el equilibrio. Cambiar nuestra forma de ver la naturaleza y nuestro lugar en ella, pasando de una filosof\u00eda de dominaci\u00f3n y extracci\u00f3n a otra basada en la reciprocidad y la regeneraci\u00f3n. Tenemos que evolucionar m\u00e1s all\u00e1 de los dogmas del capitalismo hacia un nuevo sistema adecuado para el siglo XXI. \u00bfPero qu\u00e9 pasa con el empleo? \u00bfY la salud? \u00bfY el progreso?<\/p>\n<p>Jason Hickel aborda estas cuestiones y ofrece una visi\u00f3n inspiradora de c\u00f3mo podr\u00eda ser una econom\u00eda poscapitalista: una econom\u00eda m\u00e1s justa, m\u00e1s solidaria y que no solo nos sacar\u00e1 de la crisis actual, sino que nos devolver\u00e1 el sentido de conexi\u00f3n con un mundo rebosante de vida. Tomando menos, podemos llegar a ser m\u00e1s. Hickel nos muestra c\u00f3mo podemos devolver a nuestra econom\u00eda el equilibrio con el mundo vivo y construir un futuro mejor.<\/p>\n<p>Jason Hickel Antrop\u00f3logo econ\u00f3mico, escritor y miembro de la Royal Society of Arts desde 2017, Hickel es profesor del Instituto de Ciencias Ambientales y Tecnolog\u00eda (ICTA-UAB) y el Departamento de Asuntos Sociales y Culturales y Antropolog\u00eda en la Universidad Aut\u00f3noma de Barcelona, y en el Centro para la Justicia Global y el Medio Ambiente de la Universidad de Oslo. Adem\u00e1s, ha sido profesor visitante del Instituto Internacional de Desigualdades de la London School of Economics. Es editor asociado de la revista World Development, y forma parte del Grupo Asesor Estad\u00edstico del Informe sobre Desarrollo Humano de las Naciones Unidas, del consejo asesor del Green New Deal para Europa, y de la Comisi\u00f3n Harvard-Lancet sobre Reparaciones y Justicia Redistributiva. Sus investigaciones se centran en la desigualdad global, la econom\u00eda pol\u00edtica, el posdesarrollo y la econom\u00eda ecol\u00f3gica.<\/p>\n<p>Pr\u00f3logo de Kofi Mawuli Klu y Rupert Read<\/p>\n","protected":false},"excerpt":{"rendered":"<p><strong>Jason Hickel<\/strong><br \/>\n9788412619959 &#8211; Capit\u00e1n Swing &#8211; 2023 &#8211; 320 p\u00e1ginas \/orri.<\/p>\n","protected":false},"featured_media":14787,"template":"","meta":[],"product_brand":[],"product_cat":[15],"product_tag":[102,6736],"class_list":{"0":"post-14764","1":"product","2":"type-product","3":"status-publish","4":"has-post-thumbnail","6":"product_cat-otros-bestelakoak","7":"product_tag-capitan-swing","8":"product_tag-jason-hickel","10":"first","11":"instock","12":"sold-individually","13":"shipping-taxable","14":"purchasable","15":"product-type-simple"},"yoast_head":"<!-- This site is optimized with the Yoast SEO plugin v27.3 - https:\/\/yoast.com\/product\/yoast-seo-wordpress\/ -->\n<title>MENOS ES M\u00c1S C\u00f3mo el decrecimiento salvar\u00e1 al mundo &#8212; Zapateneo<\/title>\n<meta name=\"robots\" content=\"index, follow, max-snippet:-1, max-image-preview:large, max-video-preview:-1\" \/>\n<link rel=\"canonical\" href=\"https:\/\/zapateneo.net\/wordpress\/index.php\/producto\/menos-es-mas-como-el-decrecimiento-salvara-al-mundo\/\" \/>\n<meta property=\"og:locale\" content=\"es_ES\" \/>\n<meta property=\"og:type\" content=\"article\" \/>\n<meta property=\"og:title\" content=\"MENOS ES M\u00c1S C\u00f3mo el decrecimiento salvar\u00e1 al mundo &#8212; Zapateneo\" \/>\n<meta property=\"og:description\" content=\"Jason Hickel 9788412619959 - Capit\u00e1n Swing - 2023 - 320 p\u00e1ginas \/orri.\" \/>\n<meta property=\"og:url\" content=\"https:\/\/zapateneo.net\/wordpress\/index.php\/producto\/menos-es-mas-como-el-decrecimiento-salvara-al-mundo\/\" \/>\n<meta property=\"og:site_name\" content=\"Zapateneo\" \/>\n<meta property=\"article:modified_time\" content=\"2023-09-20T15:57:25+00:00\" \/>\n<meta name=\"twitter:card\" content=\"summary_large_image\" \/>\n<meta name=\"twitter:site\" content=\"@zapateneo\" \/>\n<meta name=\"twitter:label1\" content=\"Tiempo de lectura\" \/>\n\t<meta name=\"twitter:data1\" content=\"2 minutos\" \/>\n<script type=\"application\/ld+json\" class=\"yoast-schema-graph\">{\"@context\":\"https:\\\/\\\/schema.org\",\"@graph\":[{\"@type\":\"WebPage\",\"@id\":\"https:\\\/\\\/zapateneo.net\\\/wordpress\\\/index.php\\\/producto\\\/menos-es-mas-como-el-decrecimiento-salvara-al-mundo\\\/\",\"url\":\"https:\\\/\\\/zapateneo.net\\\/wordpress\\\/index.php\\\/producto\\\/menos-es-mas-como-el-decrecimiento-salvara-al-mundo\\\/\",\"name\":\"MENOS ES M\u00c1S C\u00f3mo el decrecimiento salvar\u00e1 al mundo &#8212; Zapateneo\",\"isPartOf\":{\"@id\":\"https:\\\/\\\/zapateneo.net\\\/wordpress\\\/#website\"},\"primaryImageOfPage\":{\"@id\":\"https:\\\/\\\/zapateneo.net\\\/wordpress\\\/index.php\\\/producto\\\/menos-es-mas-como-el-decrecimiento-salvara-al-mundo\\\/#primaryimage\"},\"image\":{\"@id\":\"https:\\\/\\\/zapateneo.net\\\/wordpress\\\/index.php\\\/producto\\\/menos-es-mas-como-el-decrecimiento-salvara-al-mundo\\\/#primaryimage\"},\"thumbnailUrl\":\"https:\\\/\\\/zapateneo.net\\\/wordpress\\\/wp-content\\\/uploads\\\/2023\\\/09\\\/menos-es-mas-9788412619959.jpg\",\"datePublished\":\"2023-09-20T15:57:17+00:00\",\"dateModified\":\"2023-09-20T15:57:25+00:00\",\"breadcrumb\":{\"@id\":\"https:\\\/\\\/zapateneo.net\\\/wordpress\\\/index.php\\\/producto\\\/menos-es-mas-como-el-decrecimiento-salvara-al-mundo\\\/#breadcrumb\"},\"inLanguage\":\"es\",\"potentialAction\":[{\"@type\":\"ReadAction\",\"target\":[\"https:\\\/\\\/zapateneo.net\\\/wordpress\\\/index.php\\\/producto\\\/menos-es-mas-como-el-decrecimiento-salvara-al-mundo\\\/\"]}]},{\"@type\":\"ImageObject\",\"inLanguage\":\"es\",\"@id\":\"https:\\\/\\\/zapateneo.net\\\/wordpress\\\/index.php\\\/producto\\\/menos-es-mas-como-el-decrecimiento-salvara-al-mundo\\\/#primaryimage\",\"url\":\"https:\\\/\\\/zapateneo.net\\\/wordpress\\\/wp-content\\\/uploads\\\/2023\\\/09\\\/menos-es-mas-9788412619959.jpg\",\"contentUrl\":\"https:\\\/\\\/zapateneo.net\\\/wordpress\\\/wp-content\\\/uploads\\\/2023\\\/09\\\/menos-es-mas-9788412619959.jpg\",\"width\":256,\"height\":400},{\"@type\":\"BreadcrumbList\",\"@id\":\"https:\\\/\\\/zapateneo.net\\\/wordpress\\\/index.php\\\/producto\\\/menos-es-mas-como-el-decrecimiento-salvara-al-mundo\\\/#breadcrumb\",\"itemListElement\":[{\"@type\":\"ListItem\",\"position\":1,\"name\":\"Portada\",\"item\":\"https:\\\/\\\/zapateneo.net\\\/wordpress\\\/\"},{\"@type\":\"ListItem\",\"position\":2,\"name\":\"Tienda\",\"item\":\"https:\\\/\\\/zapateneo.net\\\/wordpress\\\/\"},{\"@type\":\"ListItem\",\"position\":3,\"name\":\"MENOS ES M\u00c1S C\u00f3mo el decrecimiento salvar\u00e1 al mundo\"}]},{\"@type\":\"WebSite\",\"@id\":\"https:\\\/\\\/zapateneo.net\\\/wordpress\\\/#website\",\"url\":\"https:\\\/\\\/zapateneo.net\\\/wordpress\\\/\",\"name\":\"Zapateneo\",\"description\":\"Zapateneoaren webgunea\",\"publisher\":{\"@id\":\"https:\\\/\\\/zapateneo.net\\\/wordpress\\\/#organization\"},\"potentialAction\":[{\"@type\":\"SearchAction\",\"target\":{\"@type\":\"EntryPoint\",\"urlTemplate\":\"https:\\\/\\\/zapateneo.net\\\/wordpress\\\/?s={search_term_string}\"},\"query-input\":{\"@type\":\"PropertyValueSpecification\",\"valueRequired\":true,\"valueName\":\"search_term_string\"}}],\"inLanguage\":\"es\"},{\"@type\":\"Organization\",\"@id\":\"https:\\\/\\\/zapateneo.net\\\/wordpress\\\/#organization\",\"name\":\"Zapateneo Kultur Elkartea\",\"url\":\"https:\\\/\\\/zapateneo.net\\\/wordpress\\\/\",\"logo\":{\"@type\":\"ImageObject\",\"inLanguage\":\"es\",\"@id\":\"https:\\\/\\\/zapateneo.net\\\/wordpress\\\/#\\\/schema\\\/logo\\\/image\\\/\",\"url\":\"https:\\\/\\\/zapateneo.net\\\/wordpress\\\/wp-content\\\/uploads\\\/2021\\\/04\\\/zap-libu-kolec.jpg\",\"contentUrl\":\"https:\\\/\\\/zapateneo.net\\\/wordpress\\\/wp-content\\\/uploads\\\/2021\\\/04\\\/zap-libu-kolec.jpg\",\"width\":2234,\"height\":398,\"caption\":\"Zapateneo Kultur Elkartea\"},\"image\":{\"@id\":\"https:\\\/\\\/zapateneo.net\\\/wordpress\\\/#\\\/schema\\\/logo\\\/image\\\/\"},\"sameAs\":[\"https:\\\/\\\/x.com\\\/zapateneo\"]}]}<\/script>\n<!-- \/ Yoast SEO plugin. -->","yoast_head_json":{"title":"MENOS ES M\u00c1S C\u00f3mo el decrecimiento salvar\u00e1 al mundo &#8212; Zapateneo","robots":{"index":"index","follow":"follow","max-snippet":"max-snippet:-1","max-image-preview":"max-image-preview:large","max-video-preview":"max-video-preview:-1"},"canonical":"https:\/\/zapateneo.net\/wordpress\/index.php\/producto\/menos-es-mas-como-el-decrecimiento-salvara-al-mundo\/","og_locale":"es_ES","og_type":"article","og_title":"MENOS ES M\u00c1S C\u00f3mo el decrecimiento salvar\u00e1 al mundo &#8212; Zapateneo","og_description":"Jason Hickel 9788412619959 - Capit\u00e1n Swing - 2023 - 320 p\u00e1ginas \/orri.","og_url":"https:\/\/zapateneo.net\/wordpress\/index.php\/producto\/menos-es-mas-como-el-decrecimiento-salvara-al-mundo\/","og_site_name":"Zapateneo","article_modified_time":"2023-09-20T15:57:25+00:00","twitter_card":"summary_large_image","twitter_site":"@zapateneo","twitter_misc":{"Tiempo de lectura":"2 minutos"},"schema":{"@context":"https:\/\/schema.org","@graph":[{"@type":"WebPage","@id":"https:\/\/zapateneo.net\/wordpress\/index.php\/producto\/menos-es-mas-como-el-decrecimiento-salvara-al-mundo\/","url":"https:\/\/zapateneo.net\/wordpress\/index.php\/producto\/menos-es-mas-como-el-decrecimiento-salvara-al-mundo\/","name":"MENOS ES M\u00c1S C\u00f3mo el decrecimiento salvar\u00e1 al mundo &#8212; Zapateneo","isPartOf":{"@id":"https:\/\/zapateneo.net\/wordpress\/#website"},"primaryImageOfPage":{"@id":"https:\/\/zapateneo.net\/wordpress\/index.php\/producto\/menos-es-mas-como-el-decrecimiento-salvara-al-mundo\/#primaryimage"},"image":{"@id":"https:\/\/zapateneo.net\/wordpress\/index.php\/producto\/menos-es-mas-como-el-decrecimiento-salvara-al-mundo\/#primaryimage"},"thumbnailUrl":"https:\/\/zapateneo.net\/wordpress\/wp-content\/uploads\/2023\/09\/menos-es-mas-9788412619959.jpg","datePublished":"2023-09-20T15:57:17+00:00","dateModified":"2023-09-20T15:57:25+00:00","breadcrumb":{"@id":"https:\/\/zapateneo.net\/wordpress\/index.php\/producto\/menos-es-mas-como-el-decrecimiento-salvara-al-mundo\/#breadcrumb"},"inLanguage":"es","potentialAction":[{"@type":"ReadAction","target":["https:\/\/zapateneo.net\/wordpress\/index.php\/producto\/menos-es-mas-como-el-decrecimiento-salvara-al-mundo\/"]}]},{"@type":"ImageObject","inLanguage":"es","@id":"https:\/\/zapateneo.net\/wordpress\/index.php\/producto\/menos-es-mas-como-el-decrecimiento-salvara-al-mundo\/#primaryimage","url":"https:\/\/zapateneo.net\/wordpress\/wp-content\/uploads\/2023\/09\/menos-es-mas-9788412619959.jpg","contentUrl":"https:\/\/zapateneo.net\/wordpress\/wp-content\/uploads\/2023\/09\/menos-es-mas-9788412619959.jpg","width":256,"height":400},{"@type":"BreadcrumbList","@id":"https:\/\/zapateneo.net\/wordpress\/index.php\/producto\/menos-es-mas-como-el-decrecimiento-salvara-al-mundo\/#breadcrumb","itemListElement":[{"@type":"ListItem","position":1,"name":"Portada","item":"https:\/\/zapateneo.net\/wordpress\/"},{"@type":"ListItem","position":2,"name":"Tienda","item":"https:\/\/zapateneo.net\/wordpress\/"},{"@type":"ListItem","position":3,"name":"MENOS ES M\u00c1S C\u00f3mo el decrecimiento salvar\u00e1 al mundo"}]},{"@type":"WebSite","@id":"https:\/\/zapateneo.net\/wordpress\/#website","url":"https:\/\/zapateneo.net\/wordpress\/","name":"Zapateneo","description":"Zapateneoaren webgunea","publisher":{"@id":"https:\/\/zapateneo.net\/wordpress\/#organization"},"potentialAction":[{"@type":"SearchAction","target":{"@type":"EntryPoint","urlTemplate":"https:\/\/zapateneo.net\/wordpress\/?s={search_term_string}"},"query-input":{"@type":"PropertyValueSpecification","valueRequired":true,"valueName":"search_term_string"}}],"inLanguage":"es"},{"@type":"Organization","@id":"https:\/\/zapateneo.net\/wordpress\/#organization","name":"Zapateneo Kultur Elkartea","url":"https:\/\/zapateneo.net\/wordpress\/","logo":{"@type":"ImageObject","inLanguage":"es","@id":"https:\/\/zapateneo.net\/wordpress\/#\/schema\/logo\/image\/","url":"https:\/\/zapateneo.net\/wordpress\/wp-content\/uploads\/2021\/04\/zap-libu-kolec.jpg","contentUrl":"https:\/\/zapateneo.net\/wordpress\/wp-content\/uploads\/2021\/04\/zap-libu-kolec.jpg","width":2234,"height":398,"caption":"Zapateneo Kultur Elkartea"},"image":{"@id":"https:\/\/zapateneo.net\/wordpress\/#\/schema\/logo\/image\/"},"sameAs":["https:\/\/x.com\/zapateneo"]}]}},"_links":{"self":[{"href":"https:\/\/zapateneo.net\/wordpress\/index.php\/wp-json\/wp\/v2\/product\/14764","targetHints":{"allow":["GET"]}}],"collection":[{"href":"https:\/\/zapateneo.net\/wordpress\/index.php\/wp-json\/wp\/v2\/product"}],"about":[{"href":"https:\/\/zapateneo.net\/wordpress\/index.php\/wp-json\/wp\/v2\/types\/product"}],"wp:featuredmedia":[{"embeddable":true,"href":"https:\/\/zapateneo.net\/wordpress\/index.php\/wp-json\/wp\/v2\/media\/14787"}],"wp:attachment":[{"href":"https:\/\/zapateneo.net\/wordpress\/index.php\/wp-json\/wp\/v2\/media?parent=14764"}],"wp:term":[{"taxonomy":"product_brand","embeddable":true,"href":"https:\/\/zapateneo.net\/wordpress\/index.php\/wp-json\/wp\/v2\/product_brand?post=14764"},{"taxonomy":"product_cat","embeddable":true,"href":"https:\/\/zapateneo.net\/wordpress\/index.php\/wp-json\/wp\/v2\/product_cat?post=14764"},{"taxonomy":"product_tag","embeddable":true,"href":"https:\/\/zapateneo.net\/wordpress\/index.php\/wp-json\/wp\/v2\/product_tag?post=14764"}],"curies":[{"name":"wp","href":"https:\/\/api.w.org\/{rel}","templated":true}]}}