{"id":14762,"date":"2023-09-20T16:57:17","date_gmt":"2023-09-20T15:57:17","guid":{"rendered":"https:\/\/zapateneo.net\/wordpress\/?post_type=product&#038;p=14762"},"modified":"2023-09-20T16:57:24","modified_gmt":"2023-09-20T15:57:24","slug":"los-hombres-que-odian-a-las-mujeres-incels-artistas-de-la-seduccion-y-otras-subculturas-misoginas-o","status":"publish","type":"product","link":"https:\/\/zapateneo.net\/wordpress\/index.php\/producto\/los-hombres-que-odian-a-las-mujeres-incels-artistas-de-la-seduccion-y-otras-subculturas-misoginas-o\/","title":{"rendered":"LOS HOMBRES QUE ODIAN A LAS MUJERES Incels, artistas de la seducci\u00f3n y otras subculturas mis\u00f3ginas o"},"content":{"rendered":"<p>Imagina un mundo en el que una vasta red de incels y otros mis\u00f3ginos son capaces de operar pr\u00e1cticamente sin ser detectados. Estos extremistas cometen actos terroristas deliberados contra las mujeres. Los adolescentes vulnerables son preparados y radicalizados. No tienes que imaginar ese mundo. Ya vives en \u00e9l. Quiz\u00e1 no lo sepas porque no nos gusta hablar de ello. Pero ya es hora de que empecemos.<\/p>\n<p>En este libro urgente e innovador, Laura Bates, autora de bestsellers y fundadora del Proyecto Sexismo Cotidiano, se adentra en la clandestinidad para sacar a la luz vastas redes y comunidades mis\u00f3ginas. Es una inmersi\u00f3n profunda en el extremismo mundial. Las entrevistas con antiguos miembros de estos grupos y con las personas que luchan contra ellos ofrecen una visi\u00f3n \u00fanica del funcionamiento de este movimiento. Las ideas se difunden desde los rincones m\u00e1s oscuros de Internet \u2014a trav\u00e9s de trolls, medios de comunicaci\u00f3n y celebridades\u2014 hasta las escuelas, los lugares de trabajo y los pasillos del poder, pasando a formar parte de nuestra conciencia colectiva.<\/p>\n<p>Sin censura, y a veces tanto chocante como aterradora, esta es la inc\u00f3moda verdad sobre el mundo en que vivimos. Y lo que debemos hacer para cambiarlo.<\/p>\n<p>Laura Bates Escritora feminista brit\u00e1nica, colabora con The Guardian entre otras publicaciones. Fund\u00f3 la p\u00e1gina web Daily Sexism Project en abril de 2012. Su primer libro, Everyday Sexism, se public\u00f3 en 2014. Previamente trabaj\u00f3 como actriz y ni\u00f1era, un periodo en el que experiment\u00f3 el sexismo en las audiciones y descubri\u00f3 que las ni\u00f1as que cuidaba estaban demasiado preocupadas por su imagen. Fue galardonada con la Medalla del Imperio Brit\u00e1nico en 2015 por servicios de igualdad de g\u00e9nero y recibi\u00f3 el Ultimate New Feminist Award de la revista Cosmopolitan en 2013.<\/p>\n","protected":false},"excerpt":{"rendered":"<p><strong>Laura Bates<\/strong><br \/>\n9788412619935 &#8211; Capit\u00e1n Swing &#8211; 2023 &#8211; 392 p\u00e1ginas \/orri.<\/p>\n","protected":false},"featured_media":14785,"template":"","meta":[],"product_brand":[],"product_cat":[15],"product_tag":[102,6734],"class_list":{"0":"post-14762","1":"product","2":"type-product","3":"status-publish","4":"has-post-thumbnail","6":"product_cat-otros-bestelakoak","7":"product_tag-capitan-swing","8":"product_tag-laura-bates","10":"first","11":"instock","12":"sold-individually","13":"shipping-taxable","14":"purchasable","15":"product-type-simple"},"yoast_head":"<!-- This site is optimized with the Yoast SEO plugin v27.3 - https:\/\/yoast.com\/product\/yoast-seo-wordpress\/ -->\n<title>LOS HOMBRES QUE ODIAN A LAS MUJERES Incels, artistas de la seducci\u00f3n y otras subculturas mis\u00f3ginas o &#8212; Zapateneo<\/title>\n<meta name=\"robots\" content=\"index, follow, max-snippet:-1, max-image-preview:large, max-video-preview:-1\" \/>\n<link rel=\"canonical\" href=\"https:\/\/zapateneo.net\/wordpress\/index.php\/producto\/los-hombres-que-odian-a-las-mujeres-incels-artistas-de-la-seduccion-y-otras-subculturas-misoginas-o\/\" \/>\n<meta property=\"og:locale\" content=\"es_ES\" \/>\n<meta property=\"og:type\" content=\"article\" \/>\n<meta property=\"og:title\" content=\"LOS HOMBRES QUE ODIAN A LAS MUJERES Incels, artistas de la seducci\u00f3n y otras subculturas mis\u00f3ginas o &#8212; Zapateneo\" \/>\n<meta property=\"og:description\" content=\"Laura Bates 9788412619935 - Capit\u00e1n Swing - 2023 - 392 p\u00e1ginas \/orri.\" \/>\n<meta property=\"og:url\" content=\"https:\/\/zapateneo.net\/wordpress\/index.php\/producto\/los-hombres-que-odian-a-las-mujeres-incels-artistas-de-la-seduccion-y-otras-subculturas-misoginas-o\/\" \/>\n<meta property=\"og:site_name\" content=\"Zapateneo\" \/>\n<meta property=\"article:modified_time\" content=\"2023-09-20T15:57:24+00:00\" \/>\n<meta name=\"twitter:card\" content=\"summary_large_image\" \/>\n<meta name=\"twitter:site\" content=\"@zapateneo\" \/>\n<meta name=\"twitter:label1\" content=\"Tiempo de lectura\" \/>\n\t<meta name=\"twitter:data1\" content=\"2 minutos\" \/>\n<script type=\"application\/ld+json\" class=\"yoast-schema-graph\">{\"@context\":\"https:\\\/\\\/schema.org\",\"@graph\":[{\"@type\":\"WebPage\",\"@id\":\"https:\\\/\\\/zapateneo.net\\\/wordpress\\\/index.php\\\/producto\\\/los-hombres-que-odian-a-las-mujeres-incels-artistas-de-la-seduccion-y-otras-subculturas-misoginas-o\\\/\",\"url\":\"https:\\\/\\\/zapateneo.net\\\/wordpress\\\/index.php\\\/producto\\\/los-hombres-que-odian-a-las-mujeres-incels-artistas-de-la-seduccion-y-otras-subculturas-misoginas-o\\\/\",\"name\":\"LOS HOMBRES QUE ODIAN A LAS MUJERES Incels, artistas de la seducci\u00f3n y otras subculturas mis\u00f3ginas o &#8212; Zapateneo\",\"isPartOf\":{\"@id\":\"https:\\\/\\\/zapateneo.net\\\/wordpress\\\/#website\"},\"primaryImageOfPage\":{\"@id\":\"https:\\\/\\\/zapateneo.net\\\/wordpress\\\/index.php\\\/producto\\\/los-hombres-que-odian-a-las-mujeres-incels-artistas-de-la-seduccion-y-otras-subculturas-misoginas-o\\\/#primaryimage\"},\"image\":{\"@id\":\"https:\\\/\\\/zapateneo.net\\\/wordpress\\\/index.php\\\/producto\\\/los-hombres-que-odian-a-las-mujeres-incels-artistas-de-la-seduccion-y-otras-subculturas-misoginas-o\\\/#primaryimage\"},\"thumbnailUrl\":\"https:\\\/\\\/zapateneo.net\\\/wordpress\\\/wp-content\\\/uploads\\\/2023\\\/09\\\/los-hombres-que-odian-a-las-mujeres-9788412619935.jpg\",\"datePublished\":\"2023-09-20T15:57:17+00:00\",\"dateModified\":\"2023-09-20T15:57:24+00:00\",\"breadcrumb\":{\"@id\":\"https:\\\/\\\/zapateneo.net\\\/wordpress\\\/index.php\\\/producto\\\/los-hombres-que-odian-a-las-mujeres-incels-artistas-de-la-seduccion-y-otras-subculturas-misoginas-o\\\/#breadcrumb\"},\"inLanguage\":\"es\",\"potentialAction\":[{\"@type\":\"ReadAction\",\"target\":[\"https:\\\/\\\/zapateneo.net\\\/wordpress\\\/index.php\\\/producto\\\/los-hombres-que-odian-a-las-mujeres-incels-artistas-de-la-seduccion-y-otras-subculturas-misoginas-o\\\/\"]}]},{\"@type\":\"ImageObject\",\"inLanguage\":\"es\",\"@id\":\"https:\\\/\\\/zapateneo.net\\\/wordpress\\\/index.php\\\/producto\\\/los-hombres-que-odian-a-las-mujeres-incels-artistas-de-la-seduccion-y-otras-subculturas-misoginas-o\\\/#primaryimage\",\"url\":\"https:\\\/\\\/zapateneo.net\\\/wordpress\\\/wp-content\\\/uploads\\\/2023\\\/09\\\/los-hombres-que-odian-a-las-mujeres-9788412619935.jpg\",\"contentUrl\":\"https:\\\/\\\/zapateneo.net\\\/wordpress\\\/wp-content\\\/uploads\\\/2023\\\/09\\\/los-hombres-que-odian-a-las-mujeres-9788412619935.jpg\",\"width\":256,\"height\":400},{\"@type\":\"BreadcrumbList\",\"@id\":\"https:\\\/\\\/zapateneo.net\\\/wordpress\\\/index.php\\\/producto\\\/los-hombres-que-odian-a-las-mujeres-incels-artistas-de-la-seduccion-y-otras-subculturas-misoginas-o\\\/#breadcrumb\",\"itemListElement\":[{\"@type\":\"ListItem\",\"position\":1,\"name\":\"Portada\",\"item\":\"https:\\\/\\\/zapateneo.net\\\/wordpress\\\/\"},{\"@type\":\"ListItem\",\"position\":2,\"name\":\"Tienda\",\"item\":\"https:\\\/\\\/zapateneo.net\\\/wordpress\\\/\"},{\"@type\":\"ListItem\",\"position\":3,\"name\":\"LOS HOMBRES QUE ODIAN A LAS MUJERES Incels, artistas de la seducci\u00f3n y otras subculturas mis\u00f3ginas o\"}]},{\"@type\":\"WebSite\",\"@id\":\"https:\\\/\\\/zapateneo.net\\\/wordpress\\\/#website\",\"url\":\"https:\\\/\\\/zapateneo.net\\\/wordpress\\\/\",\"name\":\"Zapateneo\",\"description\":\"Zapateneoaren webgunea\",\"publisher\":{\"@id\":\"https:\\\/\\\/zapateneo.net\\\/wordpress\\\/#organization\"},\"potentialAction\":[{\"@type\":\"SearchAction\",\"target\":{\"@type\":\"EntryPoint\",\"urlTemplate\":\"https:\\\/\\\/zapateneo.net\\\/wordpress\\\/?s={search_term_string}\"},\"query-input\":{\"@type\":\"PropertyValueSpecification\",\"valueRequired\":true,\"valueName\":\"search_term_string\"}}],\"inLanguage\":\"es\"},{\"@type\":\"Organization\",\"@id\":\"https:\\\/\\\/zapateneo.net\\\/wordpress\\\/#organization\",\"name\":\"Zapateneo Kultur Elkartea\",\"url\":\"https:\\\/\\\/zapateneo.net\\\/wordpress\\\/\",\"logo\":{\"@type\":\"ImageObject\",\"inLanguage\":\"es\",\"@id\":\"https:\\\/\\\/zapateneo.net\\\/wordpress\\\/#\\\/schema\\\/logo\\\/image\\\/\",\"url\":\"https:\\\/\\\/zapateneo.net\\\/wordpress\\\/wp-content\\\/uploads\\\/2021\\\/04\\\/zap-libu-kolec.jpg\",\"contentUrl\":\"https:\\\/\\\/zapateneo.net\\\/wordpress\\\/wp-content\\\/uploads\\\/2021\\\/04\\\/zap-libu-kolec.jpg\",\"width\":2234,\"height\":398,\"caption\":\"Zapateneo Kultur Elkartea\"},\"image\":{\"@id\":\"https:\\\/\\\/zapateneo.net\\\/wordpress\\\/#\\\/schema\\\/logo\\\/image\\\/\"},\"sameAs\":[\"https:\\\/\\\/x.com\\\/zapateneo\"]}]}<\/script>\n<!-- \/ Yoast SEO plugin. -->","yoast_head_json":{"title":"LOS HOMBRES QUE ODIAN A LAS MUJERES Incels, artistas de la seducci\u00f3n y otras subculturas mis\u00f3ginas o &#8212; Zapateneo","robots":{"index":"index","follow":"follow","max-snippet":"max-snippet:-1","max-image-preview":"max-image-preview:large","max-video-preview":"max-video-preview:-1"},"canonical":"https:\/\/zapateneo.net\/wordpress\/index.php\/producto\/los-hombres-que-odian-a-las-mujeres-incels-artistas-de-la-seduccion-y-otras-subculturas-misoginas-o\/","og_locale":"es_ES","og_type":"article","og_title":"LOS HOMBRES QUE ODIAN A LAS MUJERES Incels, artistas de la seducci\u00f3n y otras subculturas mis\u00f3ginas o &#8212; Zapateneo","og_description":"Laura Bates 9788412619935 - Capit\u00e1n Swing - 2023 - 392 p\u00e1ginas \/orri.","og_url":"https:\/\/zapateneo.net\/wordpress\/index.php\/producto\/los-hombres-que-odian-a-las-mujeres-incels-artistas-de-la-seduccion-y-otras-subculturas-misoginas-o\/","og_site_name":"Zapateneo","article_modified_time":"2023-09-20T15:57:24+00:00","twitter_card":"summary_large_image","twitter_site":"@zapateneo","twitter_misc":{"Tiempo de lectura":"2 minutos"},"schema":{"@context":"https:\/\/schema.org","@graph":[{"@type":"WebPage","@id":"https:\/\/zapateneo.net\/wordpress\/index.php\/producto\/los-hombres-que-odian-a-las-mujeres-incels-artistas-de-la-seduccion-y-otras-subculturas-misoginas-o\/","url":"https:\/\/zapateneo.net\/wordpress\/index.php\/producto\/los-hombres-que-odian-a-las-mujeres-incels-artistas-de-la-seduccion-y-otras-subculturas-misoginas-o\/","name":"LOS HOMBRES QUE ODIAN A LAS MUJERES Incels, artistas de la seducci\u00f3n y otras subculturas mis\u00f3ginas o &#8212; Zapateneo","isPartOf":{"@id":"https:\/\/zapateneo.net\/wordpress\/#website"},"primaryImageOfPage":{"@id":"https:\/\/zapateneo.net\/wordpress\/index.php\/producto\/los-hombres-que-odian-a-las-mujeres-incels-artistas-de-la-seduccion-y-otras-subculturas-misoginas-o\/#primaryimage"},"image":{"@id":"https:\/\/zapateneo.net\/wordpress\/index.php\/producto\/los-hombres-que-odian-a-las-mujeres-incels-artistas-de-la-seduccion-y-otras-subculturas-misoginas-o\/#primaryimage"},"thumbnailUrl":"https:\/\/zapateneo.net\/wordpress\/wp-content\/uploads\/2023\/09\/los-hombres-que-odian-a-las-mujeres-9788412619935.jpg","datePublished":"2023-09-20T15:57:17+00:00","dateModified":"2023-09-20T15:57:24+00:00","breadcrumb":{"@id":"https:\/\/zapateneo.net\/wordpress\/index.php\/producto\/los-hombres-que-odian-a-las-mujeres-incels-artistas-de-la-seduccion-y-otras-subculturas-misoginas-o\/#breadcrumb"},"inLanguage":"es","potentialAction":[{"@type":"ReadAction","target":["https:\/\/zapateneo.net\/wordpress\/index.php\/producto\/los-hombres-que-odian-a-las-mujeres-incels-artistas-de-la-seduccion-y-otras-subculturas-misoginas-o\/"]}]},{"@type":"ImageObject","inLanguage":"es","@id":"https:\/\/zapateneo.net\/wordpress\/index.php\/producto\/los-hombres-que-odian-a-las-mujeres-incels-artistas-de-la-seduccion-y-otras-subculturas-misoginas-o\/#primaryimage","url":"https:\/\/zapateneo.net\/wordpress\/wp-content\/uploads\/2023\/09\/los-hombres-que-odian-a-las-mujeres-9788412619935.jpg","contentUrl":"https:\/\/zapateneo.net\/wordpress\/wp-content\/uploads\/2023\/09\/los-hombres-que-odian-a-las-mujeres-9788412619935.jpg","width":256,"height":400},{"@type":"BreadcrumbList","@id":"https:\/\/zapateneo.net\/wordpress\/index.php\/producto\/los-hombres-que-odian-a-las-mujeres-incels-artistas-de-la-seduccion-y-otras-subculturas-misoginas-o\/#breadcrumb","itemListElement":[{"@type":"ListItem","position":1,"name":"Portada","item":"https:\/\/zapateneo.net\/wordpress\/"},{"@type":"ListItem","position":2,"name":"Tienda","item":"https:\/\/zapateneo.net\/wordpress\/"},{"@type":"ListItem","position":3,"name":"LOS HOMBRES QUE ODIAN A LAS MUJERES Incels, artistas de la seducci\u00f3n y otras subculturas mis\u00f3ginas o"}]},{"@type":"WebSite","@id":"https:\/\/zapateneo.net\/wordpress\/#website","url":"https:\/\/zapateneo.net\/wordpress\/","name":"Zapateneo","description":"Zapateneoaren webgunea","publisher":{"@id":"https:\/\/zapateneo.net\/wordpress\/#organization"},"potentialAction":[{"@type":"SearchAction","target":{"@type":"EntryPoint","urlTemplate":"https:\/\/zapateneo.net\/wordpress\/?s={search_term_string}"},"query-input":{"@type":"PropertyValueSpecification","valueRequired":true,"valueName":"search_term_string"}}],"inLanguage":"es"},{"@type":"Organization","@id":"https:\/\/zapateneo.net\/wordpress\/#organization","name":"Zapateneo Kultur Elkartea","url":"https:\/\/zapateneo.net\/wordpress\/","logo":{"@type":"ImageObject","inLanguage":"es","@id":"https:\/\/zapateneo.net\/wordpress\/#\/schema\/logo\/image\/","url":"https:\/\/zapateneo.net\/wordpress\/wp-content\/uploads\/2021\/04\/zap-libu-kolec.jpg","contentUrl":"https:\/\/zapateneo.net\/wordpress\/wp-content\/uploads\/2021\/04\/zap-libu-kolec.jpg","width":2234,"height":398,"caption":"Zapateneo Kultur Elkartea"},"image":{"@id":"https:\/\/zapateneo.net\/wordpress\/#\/schema\/logo\/image\/"},"sameAs":["https:\/\/x.com\/zapateneo"]}]}},"_links":{"self":[{"href":"https:\/\/zapateneo.net\/wordpress\/index.php\/wp-json\/wp\/v2\/product\/14762","targetHints":{"allow":["GET"]}}],"collection":[{"href":"https:\/\/zapateneo.net\/wordpress\/index.php\/wp-json\/wp\/v2\/product"}],"about":[{"href":"https:\/\/zapateneo.net\/wordpress\/index.php\/wp-json\/wp\/v2\/types\/product"}],"wp:featuredmedia":[{"embeddable":true,"href":"https:\/\/zapateneo.net\/wordpress\/index.php\/wp-json\/wp\/v2\/media\/14785"}],"wp:attachment":[{"href":"https:\/\/zapateneo.net\/wordpress\/index.php\/wp-json\/wp\/v2\/media?parent=14762"}],"wp:term":[{"taxonomy":"product_brand","embeddable":true,"href":"https:\/\/zapateneo.net\/wordpress\/index.php\/wp-json\/wp\/v2\/product_brand?post=14762"},{"taxonomy":"product_cat","embeddable":true,"href":"https:\/\/zapateneo.net\/wordpress\/index.php\/wp-json\/wp\/v2\/product_cat?post=14762"},{"taxonomy":"product_tag","embeddable":true,"href":"https:\/\/zapateneo.net\/wordpress\/index.php\/wp-json\/wp\/v2\/product_tag?post=14762"}],"curies":[{"name":"wp","href":"https:\/\/api.w.org\/{rel}","templated":true}]}}