{"id":14761,"date":"2023-09-20T16:57:16","date_gmt":"2023-09-20T15:57:16","guid":{"rendered":"https:\/\/zapateneo.net\/wordpress\/?post_type=product&#038;p=14761"},"modified":"2023-09-20T16:57:23","modified_gmt":"2023-09-20T15:57:23","slug":"hacia-una-psiquiatria-critica-excesos-y-alternativas-en-salud-mental","status":"publish","type":"product","link":"https:\/\/zapateneo.net\/wordpress\/index.php\/producto\/hacia-una-psiquiatria-critica-excesos-y-alternativas-en-salud-mental\/","title":{"rendered":"HACIA UNA PSIQUIATR\u00cdA CR\u00cdTICA Excesos y alternativas en salud mental"},"content":{"rendered":"<p>La hegemon\u00eda del modelo biom\u00e9dico en salud mental y la transformaci\u00f3n de la atenci\u00f3n sanitaria en un mercado extraordinariamente rentable, son factores que favorecen la pr\u00e1ctica iatrog\u00e9nica: abuso de la farmacolog\u00eda, intervenciones preventivas sin fundamento, el uso de etiquetas diagn\u00f3sticas reduccionistas y estigmatizadoras o la aplicaci\u00f3n de tratamientos excesivos, innecesarios o inadecuados que trasgreden con frecuencia los derechos humanos de las personas atendidas. Otra teor\u00eda y otras pr\u00e1cticas de cuidado son posibles.<\/p>\n<p>He aqu\u00ed la raz\u00f3n de la reedici\u00f3n ampliada de Hac\u00eda una psiquiatr\u00eda cr\u00edtica, donde Alberto Ortiz Lobo y Juan Gerv\u00e1s, Vicente Ib\u00e1\u00f1ez, Iv\u00e1n de la Mata, Eva M. Mu\u00f1iz desgranan pr\u00e1cticas alternativas que nos hacen ver otras formas de entender y cuidar el sufrimiento ps\u00edquico, desde el respeto y la autonom\u00eda de las personas afectadas.<\/p>\n<p>Alberto Ortiz Lobo Doctor en Medicina por la Universidad Aut\u00f3noma de Madrid y psiquiatra en los Servicios de Salud Mental de la Comunidad de Madrid. Es profesor del M\u00e1ster en Psicoterapia, perspectiva integradora de la Universidad de Alcal\u00e1 de Henares desde 2001 y ha sido miembro de la Junta de la Asociaci\u00f3n Madrile\u00f1a de Salud Mental (AMSM) durante 12 a\u00f1os. Sus publicaciones se han centrado principalmente en el fen\u00f3meno de la psicopatologizaci\u00f3n de la vida y en la prevenci\u00f3n cuaternaria en salud mental.<\/p>\n","protected":false},"excerpt":{"rendered":"<p><strong>Alberto Ortiz Lobo<\/strong><br \/>\n9788412559040 &#8211; Enclave de libros &#8211; 2023 &#8211; 350 p\u00e1ginas \/orri.<\/p>\n","protected":false},"featured_media":14784,"template":"","meta":[],"product_brand":[],"product_cat":[15],"product_tag":[6733,631],"class_list":{"0":"post-14761","1":"product","2":"type-product","3":"status-publish","4":"has-post-thumbnail","6":"product_cat-otros-bestelakoak","7":"product_tag-alberto-ortiz-lobo","8":"product_tag-enclave-de-libros","10":"first","11":"instock","12":"sold-individually","13":"shipping-taxable","14":"purchasable","15":"product-type-simple"},"yoast_head":"<!-- This site is optimized with the Yoast SEO plugin v27.3 - https:\/\/yoast.com\/product\/yoast-seo-wordpress\/ -->\n<title>HACIA UNA PSIQUIATR\u00cdA CR\u00cdTICA Excesos y alternativas en salud mental &#8212; Zapateneo<\/title>\n<meta name=\"robots\" content=\"index, follow, max-snippet:-1, max-image-preview:large, max-video-preview:-1\" \/>\n<link rel=\"canonical\" href=\"https:\/\/zapateneo.net\/wordpress\/index.php\/producto\/hacia-una-psiquiatria-critica-excesos-y-alternativas-en-salud-mental\/\" \/>\n<meta property=\"og:locale\" content=\"es_ES\" \/>\n<meta property=\"og:type\" content=\"article\" \/>\n<meta property=\"og:title\" content=\"HACIA UNA PSIQUIATR\u00cdA CR\u00cdTICA Excesos y alternativas en salud mental &#8212; Zapateneo\" \/>\n<meta property=\"og:description\" content=\"Alberto Ortiz Lobo 9788412559040 - Enclave de libros - 2023 - 350 p\u00e1ginas \/orri.\" \/>\n<meta property=\"og:url\" content=\"https:\/\/zapateneo.net\/wordpress\/index.php\/producto\/hacia-una-psiquiatria-critica-excesos-y-alternativas-en-salud-mental\/\" \/>\n<meta property=\"og:site_name\" content=\"Zapateneo\" \/>\n<meta property=\"article:modified_time\" content=\"2023-09-20T15:57:23+00:00\" \/>\n<meta name=\"twitter:card\" content=\"summary_large_image\" \/>\n<meta name=\"twitter:site\" content=\"@zapateneo\" \/>\n<meta name=\"twitter:label1\" content=\"Tiempo de lectura\" \/>\n\t<meta name=\"twitter:data1\" content=\"1 minuto\" \/>\n<script type=\"application\/ld+json\" class=\"yoast-schema-graph\">{\"@context\":\"https:\\\/\\\/schema.org\",\"@graph\":[{\"@type\":\"WebPage\",\"@id\":\"https:\\\/\\\/zapateneo.net\\\/wordpress\\\/index.php\\\/producto\\\/hacia-una-psiquiatria-critica-excesos-y-alternativas-en-salud-mental\\\/\",\"url\":\"https:\\\/\\\/zapateneo.net\\\/wordpress\\\/index.php\\\/producto\\\/hacia-una-psiquiatria-critica-excesos-y-alternativas-en-salud-mental\\\/\",\"name\":\"HACIA UNA PSIQUIATR\u00cdA CR\u00cdTICA Excesos y alternativas en salud mental &#8212; Zapateneo\",\"isPartOf\":{\"@id\":\"https:\\\/\\\/zapateneo.net\\\/wordpress\\\/#website\"},\"primaryImageOfPage\":{\"@id\":\"https:\\\/\\\/zapateneo.net\\\/wordpress\\\/index.php\\\/producto\\\/hacia-una-psiquiatria-critica-excesos-y-alternativas-en-salud-mental\\\/#primaryimage\"},\"image\":{\"@id\":\"https:\\\/\\\/zapateneo.net\\\/wordpress\\\/index.php\\\/producto\\\/hacia-una-psiquiatria-critica-excesos-y-alternativas-en-salud-mental\\\/#primaryimage\"},\"thumbnailUrl\":\"https:\\\/\\\/zapateneo.net\\\/wordpress\\\/wp-content\\\/uploads\\\/2023\\\/09\\\/hacia-una-psiquiatria-critica-9788412559040.jpg\",\"datePublished\":\"2023-09-20T15:57:16+00:00\",\"dateModified\":\"2023-09-20T15:57:23+00:00\",\"breadcrumb\":{\"@id\":\"https:\\\/\\\/zapateneo.net\\\/wordpress\\\/index.php\\\/producto\\\/hacia-una-psiquiatria-critica-excesos-y-alternativas-en-salud-mental\\\/#breadcrumb\"},\"inLanguage\":\"es\",\"potentialAction\":[{\"@type\":\"ReadAction\",\"target\":[\"https:\\\/\\\/zapateneo.net\\\/wordpress\\\/index.php\\\/producto\\\/hacia-una-psiquiatria-critica-excesos-y-alternativas-en-salud-mental\\\/\"]}]},{\"@type\":\"ImageObject\",\"inLanguage\":\"es\",\"@id\":\"https:\\\/\\\/zapateneo.net\\\/wordpress\\\/index.php\\\/producto\\\/hacia-una-psiquiatria-critica-excesos-y-alternativas-en-salud-mental\\\/#primaryimage\",\"url\":\"https:\\\/\\\/zapateneo.net\\\/wordpress\\\/wp-content\\\/uploads\\\/2023\\\/09\\\/hacia-una-psiquiatria-critica-9788412559040.jpg\",\"contentUrl\":\"https:\\\/\\\/zapateneo.net\\\/wordpress\\\/wp-content\\\/uploads\\\/2023\\\/09\\\/hacia-una-psiquiatria-critica-9788412559040.jpg\",\"width\":255,\"height\":400},{\"@type\":\"BreadcrumbList\",\"@id\":\"https:\\\/\\\/zapateneo.net\\\/wordpress\\\/index.php\\\/producto\\\/hacia-una-psiquiatria-critica-excesos-y-alternativas-en-salud-mental\\\/#breadcrumb\",\"itemListElement\":[{\"@type\":\"ListItem\",\"position\":1,\"name\":\"Portada\",\"item\":\"https:\\\/\\\/zapateneo.net\\\/wordpress\\\/\"},{\"@type\":\"ListItem\",\"position\":2,\"name\":\"Tienda\",\"item\":\"https:\\\/\\\/zapateneo.net\\\/wordpress\\\/\"},{\"@type\":\"ListItem\",\"position\":3,\"name\":\"HACIA UNA PSIQUIATR\u00cdA CR\u00cdTICA Excesos y alternativas en salud mental\"}]},{\"@type\":\"WebSite\",\"@id\":\"https:\\\/\\\/zapateneo.net\\\/wordpress\\\/#website\",\"url\":\"https:\\\/\\\/zapateneo.net\\\/wordpress\\\/\",\"name\":\"Zapateneo\",\"description\":\"Zapateneoaren webgunea\",\"publisher\":{\"@id\":\"https:\\\/\\\/zapateneo.net\\\/wordpress\\\/#organization\"},\"potentialAction\":[{\"@type\":\"SearchAction\",\"target\":{\"@type\":\"EntryPoint\",\"urlTemplate\":\"https:\\\/\\\/zapateneo.net\\\/wordpress\\\/?s={search_term_string}\"},\"query-input\":{\"@type\":\"PropertyValueSpecification\",\"valueRequired\":true,\"valueName\":\"search_term_string\"}}],\"inLanguage\":\"es\"},{\"@type\":\"Organization\",\"@id\":\"https:\\\/\\\/zapateneo.net\\\/wordpress\\\/#organization\",\"name\":\"Zapateneo Kultur Elkartea\",\"url\":\"https:\\\/\\\/zapateneo.net\\\/wordpress\\\/\",\"logo\":{\"@type\":\"ImageObject\",\"inLanguage\":\"es\",\"@id\":\"https:\\\/\\\/zapateneo.net\\\/wordpress\\\/#\\\/schema\\\/logo\\\/image\\\/\",\"url\":\"https:\\\/\\\/zapateneo.net\\\/wordpress\\\/wp-content\\\/uploads\\\/2021\\\/04\\\/zap-libu-kolec.jpg\",\"contentUrl\":\"https:\\\/\\\/zapateneo.net\\\/wordpress\\\/wp-content\\\/uploads\\\/2021\\\/04\\\/zap-libu-kolec.jpg\",\"width\":2234,\"height\":398,\"caption\":\"Zapateneo Kultur Elkartea\"},\"image\":{\"@id\":\"https:\\\/\\\/zapateneo.net\\\/wordpress\\\/#\\\/schema\\\/logo\\\/image\\\/\"},\"sameAs\":[\"https:\\\/\\\/x.com\\\/zapateneo\"]}]}<\/script>\n<!-- \/ Yoast SEO plugin. -->","yoast_head_json":{"title":"HACIA UNA PSIQUIATR\u00cdA CR\u00cdTICA Excesos y alternativas en salud mental &#8212; Zapateneo","robots":{"index":"index","follow":"follow","max-snippet":"max-snippet:-1","max-image-preview":"max-image-preview:large","max-video-preview":"max-video-preview:-1"},"canonical":"https:\/\/zapateneo.net\/wordpress\/index.php\/producto\/hacia-una-psiquiatria-critica-excesos-y-alternativas-en-salud-mental\/","og_locale":"es_ES","og_type":"article","og_title":"HACIA UNA PSIQUIATR\u00cdA CR\u00cdTICA Excesos y alternativas en salud mental &#8212; Zapateneo","og_description":"Alberto Ortiz Lobo 9788412559040 - Enclave de libros - 2023 - 350 p\u00e1ginas \/orri.","og_url":"https:\/\/zapateneo.net\/wordpress\/index.php\/producto\/hacia-una-psiquiatria-critica-excesos-y-alternativas-en-salud-mental\/","og_site_name":"Zapateneo","article_modified_time":"2023-09-20T15:57:23+00:00","twitter_card":"summary_large_image","twitter_site":"@zapateneo","twitter_misc":{"Tiempo de lectura":"1 minuto"},"schema":{"@context":"https:\/\/schema.org","@graph":[{"@type":"WebPage","@id":"https:\/\/zapateneo.net\/wordpress\/index.php\/producto\/hacia-una-psiquiatria-critica-excesos-y-alternativas-en-salud-mental\/","url":"https:\/\/zapateneo.net\/wordpress\/index.php\/producto\/hacia-una-psiquiatria-critica-excesos-y-alternativas-en-salud-mental\/","name":"HACIA UNA PSIQUIATR\u00cdA CR\u00cdTICA Excesos y alternativas en salud mental &#8212; Zapateneo","isPartOf":{"@id":"https:\/\/zapateneo.net\/wordpress\/#website"},"primaryImageOfPage":{"@id":"https:\/\/zapateneo.net\/wordpress\/index.php\/producto\/hacia-una-psiquiatria-critica-excesos-y-alternativas-en-salud-mental\/#primaryimage"},"image":{"@id":"https:\/\/zapateneo.net\/wordpress\/index.php\/producto\/hacia-una-psiquiatria-critica-excesos-y-alternativas-en-salud-mental\/#primaryimage"},"thumbnailUrl":"https:\/\/zapateneo.net\/wordpress\/wp-content\/uploads\/2023\/09\/hacia-una-psiquiatria-critica-9788412559040.jpg","datePublished":"2023-09-20T15:57:16+00:00","dateModified":"2023-09-20T15:57:23+00:00","breadcrumb":{"@id":"https:\/\/zapateneo.net\/wordpress\/index.php\/producto\/hacia-una-psiquiatria-critica-excesos-y-alternativas-en-salud-mental\/#breadcrumb"},"inLanguage":"es","potentialAction":[{"@type":"ReadAction","target":["https:\/\/zapateneo.net\/wordpress\/index.php\/producto\/hacia-una-psiquiatria-critica-excesos-y-alternativas-en-salud-mental\/"]}]},{"@type":"ImageObject","inLanguage":"es","@id":"https:\/\/zapateneo.net\/wordpress\/index.php\/producto\/hacia-una-psiquiatria-critica-excesos-y-alternativas-en-salud-mental\/#primaryimage","url":"https:\/\/zapateneo.net\/wordpress\/wp-content\/uploads\/2023\/09\/hacia-una-psiquiatria-critica-9788412559040.jpg","contentUrl":"https:\/\/zapateneo.net\/wordpress\/wp-content\/uploads\/2023\/09\/hacia-una-psiquiatria-critica-9788412559040.jpg","width":255,"height":400},{"@type":"BreadcrumbList","@id":"https:\/\/zapateneo.net\/wordpress\/index.php\/producto\/hacia-una-psiquiatria-critica-excesos-y-alternativas-en-salud-mental\/#breadcrumb","itemListElement":[{"@type":"ListItem","position":1,"name":"Portada","item":"https:\/\/zapateneo.net\/wordpress\/"},{"@type":"ListItem","position":2,"name":"Tienda","item":"https:\/\/zapateneo.net\/wordpress\/"},{"@type":"ListItem","position":3,"name":"HACIA UNA PSIQUIATR\u00cdA CR\u00cdTICA Excesos y alternativas en salud mental"}]},{"@type":"WebSite","@id":"https:\/\/zapateneo.net\/wordpress\/#website","url":"https:\/\/zapateneo.net\/wordpress\/","name":"Zapateneo","description":"Zapateneoaren webgunea","publisher":{"@id":"https:\/\/zapateneo.net\/wordpress\/#organization"},"potentialAction":[{"@type":"SearchAction","target":{"@type":"EntryPoint","urlTemplate":"https:\/\/zapateneo.net\/wordpress\/?s={search_term_string}"},"query-input":{"@type":"PropertyValueSpecification","valueRequired":true,"valueName":"search_term_string"}}],"inLanguage":"es"},{"@type":"Organization","@id":"https:\/\/zapateneo.net\/wordpress\/#organization","name":"Zapateneo Kultur Elkartea","url":"https:\/\/zapateneo.net\/wordpress\/","logo":{"@type":"ImageObject","inLanguage":"es","@id":"https:\/\/zapateneo.net\/wordpress\/#\/schema\/logo\/image\/","url":"https:\/\/zapateneo.net\/wordpress\/wp-content\/uploads\/2021\/04\/zap-libu-kolec.jpg","contentUrl":"https:\/\/zapateneo.net\/wordpress\/wp-content\/uploads\/2021\/04\/zap-libu-kolec.jpg","width":2234,"height":398,"caption":"Zapateneo Kultur Elkartea"},"image":{"@id":"https:\/\/zapateneo.net\/wordpress\/#\/schema\/logo\/image\/"},"sameAs":["https:\/\/x.com\/zapateneo"]}]}},"_links":{"self":[{"href":"https:\/\/zapateneo.net\/wordpress\/index.php\/wp-json\/wp\/v2\/product\/14761","targetHints":{"allow":["GET"]}}],"collection":[{"href":"https:\/\/zapateneo.net\/wordpress\/index.php\/wp-json\/wp\/v2\/product"}],"about":[{"href":"https:\/\/zapateneo.net\/wordpress\/index.php\/wp-json\/wp\/v2\/types\/product"}],"wp:featuredmedia":[{"embeddable":true,"href":"https:\/\/zapateneo.net\/wordpress\/index.php\/wp-json\/wp\/v2\/media\/14784"}],"wp:attachment":[{"href":"https:\/\/zapateneo.net\/wordpress\/index.php\/wp-json\/wp\/v2\/media?parent=14761"}],"wp:term":[{"taxonomy":"product_brand","embeddable":true,"href":"https:\/\/zapateneo.net\/wordpress\/index.php\/wp-json\/wp\/v2\/product_brand?post=14761"},{"taxonomy":"product_cat","embeddable":true,"href":"https:\/\/zapateneo.net\/wordpress\/index.php\/wp-json\/wp\/v2\/product_cat?post=14761"},{"taxonomy":"product_tag","embeddable":true,"href":"https:\/\/zapateneo.net\/wordpress\/index.php\/wp-json\/wp\/v2\/product_tag?post=14761"}],"curies":[{"name":"wp","href":"https:\/\/api.w.org\/{rel}","templated":true}]}}