{"id":14746,"date":"2023-09-16T11:24:56","date_gmt":"2023-09-16T10:24:56","guid":{"rendered":"https:\/\/zapateneo.net\/wordpress\/?post_type=product&#038;p=14746"},"modified":"2023-09-16T11:25:04","modified_gmt":"2023-09-16T10:25:04","slug":"todo-el-dinero-del-mundo-del-cauri-a-la-criptomoneda","status":"publish","type":"product","link":"https:\/\/zapateneo.net\/wordpress\/index.php\/producto\/todo-el-dinero-del-mundo-del-cauri-a-la-criptomoneda\/","title":{"rendered":"TODO EL DINERO DEL MUNDO Del cauri a la criptomoneda"},"content":{"rendered":"<p>Cuesta imaginar un mundo sin dinero. Cada pa\u00eds tiene su propia moneda, el hiperespacio tiene varias, y la vida es una transacci\u00f3n constante. No solo econ\u00f3mica, aunque casi siempre siga esa l\u00f3gica, que llamamos capitalismo. Gastamos dinero incluso sin salir de casa, y algunos lo ganan sin hacer nada. Este libro, de hecho, est\u00e1 dedicado \u00abal 99%\u00bb (que tanto trabaja, o ya quisiera trabajar).<\/p>\n<p>Desde que el dinero existe, sin embargo, hay disputa sobre lo que es, si se trata de un fin en s\u00ed mismo o es solo un medio, una cosa o una idea, una bendici\u00f3n o una condena. P\u00e1ginas interminables se han escrito sobre la historia, la filosof\u00eda y la sociolog\u00eda del dinero. \u00bfSe trata de los billetes o del saldo en una cuenta? \u00bfY qui\u00e9n lo invent\u00f3? \u00bfEs cierto que mueve el mundo? \u00bfEntonces qui\u00e9n nos gobierna?<\/p>\n<p>Este libro explica, entre otras cosas, c\u00f3mo era el comercio antes del dinero, ayuda a desentra\u00f1ar cuestiones tan espinosas como la injusta distribuci\u00f3n de la riqueza y resume, de manera entretenida, una reflexi\u00f3n tan antigua como el oficio m\u00e1s antiguo del mundo.<\/p>\n<p>Vitali Konstantinov Naci\u00f3 en Odesa, Ucrania, en 1963. Estudi\u00f3 Arquitectura, Artes gr\u00e1ficas, Pintura e Historia. Ha impartido clases en la Universidad Bauhaus de Weimar y en la HAW de Hamburgo y cursos de ilustraci\u00f3n en Alemania e Italia. Su obra gr\u00e1fica incluye libros de ficci\u00f3n, no ficci\u00f3n e infantiles.<\/p>\n","protected":false},"excerpt":{"rendered":"<p><strong>Vitali Konstantinov<\/strong><br \/>\n9788412570427 &#8211; Zorro Rojo &#8211; 2023 &#8211; 88 p\u00e1ginas \/orri.<\/p>\n","protected":false},"featured_media":14758,"template":"","meta":[],"product_brand":[],"product_cat":[15],"product_tag":[6730,5116],"class_list":{"0":"post-14746","1":"product","2":"type-product","3":"status-publish","4":"has-post-thumbnail","6":"product_cat-otros-bestelakoak","7":"product_tag-vitali-konstantinov","8":"product_tag-zorro-rojo","10":"first","11":"instock","12":"sold-individually","13":"shipping-taxable","14":"purchasable","15":"product-type-simple"},"yoast_head":"<!-- This site is optimized with the Yoast SEO plugin v27.3 - https:\/\/yoast.com\/product\/yoast-seo-wordpress\/ -->\n<title>TODO EL DINERO DEL MUNDO Del cauri a la criptomoneda &#8212; Zapateneo<\/title>\n<meta name=\"robots\" content=\"index, follow, max-snippet:-1, max-image-preview:large, max-video-preview:-1\" \/>\n<link rel=\"canonical\" href=\"https:\/\/zapateneo.net\/wordpress\/index.php\/producto\/todo-el-dinero-del-mundo-del-cauri-a-la-criptomoneda\/\" \/>\n<meta property=\"og:locale\" content=\"es_ES\" \/>\n<meta property=\"og:type\" content=\"article\" \/>\n<meta property=\"og:title\" content=\"TODO EL DINERO DEL MUNDO Del cauri a la criptomoneda &#8212; Zapateneo\" \/>\n<meta property=\"og:description\" content=\"Vitali Konstantinov 9788412570427 - Zorro Rojo - 2023 - 88 p\u00e1ginas \/orri.\" \/>\n<meta property=\"og:url\" content=\"https:\/\/zapateneo.net\/wordpress\/index.php\/producto\/todo-el-dinero-del-mundo-del-cauri-a-la-criptomoneda\/\" \/>\n<meta property=\"og:site_name\" content=\"Zapateneo\" \/>\n<meta property=\"article:modified_time\" content=\"2023-09-16T10:25:04+00:00\" \/>\n<meta name=\"twitter:card\" content=\"summary_large_image\" \/>\n<meta name=\"twitter:site\" content=\"@zapateneo\" \/>\n<meta name=\"twitter:label1\" content=\"Tiempo de lectura\" \/>\n\t<meta name=\"twitter:data1\" content=\"1 minuto\" \/>\n<script type=\"application\/ld+json\" class=\"yoast-schema-graph\">{\"@context\":\"https:\\\/\\\/schema.org\",\"@graph\":[{\"@type\":\"WebPage\",\"@id\":\"https:\\\/\\\/zapateneo.net\\\/wordpress\\\/index.php\\\/producto\\\/todo-el-dinero-del-mundo-del-cauri-a-la-criptomoneda\\\/\",\"url\":\"https:\\\/\\\/zapateneo.net\\\/wordpress\\\/index.php\\\/producto\\\/todo-el-dinero-del-mundo-del-cauri-a-la-criptomoneda\\\/\",\"name\":\"TODO EL DINERO DEL MUNDO Del cauri a la criptomoneda &#8212; Zapateneo\",\"isPartOf\":{\"@id\":\"https:\\\/\\\/zapateneo.net\\\/wordpress\\\/#website\"},\"primaryImageOfPage\":{\"@id\":\"https:\\\/\\\/zapateneo.net\\\/wordpress\\\/index.php\\\/producto\\\/todo-el-dinero-del-mundo-del-cauri-a-la-criptomoneda\\\/#primaryimage\"},\"image\":{\"@id\":\"https:\\\/\\\/zapateneo.net\\\/wordpress\\\/index.php\\\/producto\\\/todo-el-dinero-del-mundo-del-cauri-a-la-criptomoneda\\\/#primaryimage\"},\"thumbnailUrl\":\"https:\\\/\\\/zapateneo.net\\\/wordpress\\\/wp-content\\\/uploads\\\/2023\\\/09\\\/todo-el-dinero-del-mundo-9788412570427.jpg\",\"datePublished\":\"2023-09-16T10:24:56+00:00\",\"dateModified\":\"2023-09-16T10:25:04+00:00\",\"breadcrumb\":{\"@id\":\"https:\\\/\\\/zapateneo.net\\\/wordpress\\\/index.php\\\/producto\\\/todo-el-dinero-del-mundo-del-cauri-a-la-criptomoneda\\\/#breadcrumb\"},\"inLanguage\":\"es\",\"potentialAction\":[{\"@type\":\"ReadAction\",\"target\":[\"https:\\\/\\\/zapateneo.net\\\/wordpress\\\/index.php\\\/producto\\\/todo-el-dinero-del-mundo-del-cauri-a-la-criptomoneda\\\/\"]}]},{\"@type\":\"ImageObject\",\"inLanguage\":\"es\",\"@id\":\"https:\\\/\\\/zapateneo.net\\\/wordpress\\\/index.php\\\/producto\\\/todo-el-dinero-del-mundo-del-cauri-a-la-criptomoneda\\\/#primaryimage\",\"url\":\"https:\\\/\\\/zapateneo.net\\\/wordpress\\\/wp-content\\\/uploads\\\/2023\\\/09\\\/todo-el-dinero-del-mundo-9788412570427.jpg\",\"contentUrl\":\"https:\\\/\\\/zapateneo.net\\\/wordpress\\\/wp-content\\\/uploads\\\/2023\\\/09\\\/todo-el-dinero-del-mundo-9788412570427.jpg\",\"width\":285,\"height\":400},{\"@type\":\"BreadcrumbList\",\"@id\":\"https:\\\/\\\/zapateneo.net\\\/wordpress\\\/index.php\\\/producto\\\/todo-el-dinero-del-mundo-del-cauri-a-la-criptomoneda\\\/#breadcrumb\",\"itemListElement\":[{\"@type\":\"ListItem\",\"position\":1,\"name\":\"Portada\",\"item\":\"https:\\\/\\\/zapateneo.net\\\/wordpress\\\/\"},{\"@type\":\"ListItem\",\"position\":2,\"name\":\"Tienda\",\"item\":\"https:\\\/\\\/zapateneo.net\\\/wordpress\\\/\"},{\"@type\":\"ListItem\",\"position\":3,\"name\":\"TODO EL DINERO DEL MUNDO Del cauri a la criptomoneda\"}]},{\"@type\":\"WebSite\",\"@id\":\"https:\\\/\\\/zapateneo.net\\\/wordpress\\\/#website\",\"url\":\"https:\\\/\\\/zapateneo.net\\\/wordpress\\\/\",\"name\":\"Zapateneo\",\"description\":\"Zapateneoaren webgunea\",\"publisher\":{\"@id\":\"https:\\\/\\\/zapateneo.net\\\/wordpress\\\/#organization\"},\"potentialAction\":[{\"@type\":\"SearchAction\",\"target\":{\"@type\":\"EntryPoint\",\"urlTemplate\":\"https:\\\/\\\/zapateneo.net\\\/wordpress\\\/?s={search_term_string}\"},\"query-input\":{\"@type\":\"PropertyValueSpecification\",\"valueRequired\":true,\"valueName\":\"search_term_string\"}}],\"inLanguage\":\"es\"},{\"@type\":\"Organization\",\"@id\":\"https:\\\/\\\/zapateneo.net\\\/wordpress\\\/#organization\",\"name\":\"Zapateneo Kultur Elkartea\",\"url\":\"https:\\\/\\\/zapateneo.net\\\/wordpress\\\/\",\"logo\":{\"@type\":\"ImageObject\",\"inLanguage\":\"es\",\"@id\":\"https:\\\/\\\/zapateneo.net\\\/wordpress\\\/#\\\/schema\\\/logo\\\/image\\\/\",\"url\":\"https:\\\/\\\/zapateneo.net\\\/wordpress\\\/wp-content\\\/uploads\\\/2021\\\/04\\\/zap-libu-kolec.jpg\",\"contentUrl\":\"https:\\\/\\\/zapateneo.net\\\/wordpress\\\/wp-content\\\/uploads\\\/2021\\\/04\\\/zap-libu-kolec.jpg\",\"width\":2234,\"height\":398,\"caption\":\"Zapateneo Kultur Elkartea\"},\"image\":{\"@id\":\"https:\\\/\\\/zapateneo.net\\\/wordpress\\\/#\\\/schema\\\/logo\\\/image\\\/\"},\"sameAs\":[\"https:\\\/\\\/x.com\\\/zapateneo\"]}]}<\/script>\n<!-- \/ Yoast SEO plugin. -->","yoast_head_json":{"title":"TODO EL DINERO DEL MUNDO Del cauri a la criptomoneda &#8212; Zapateneo","robots":{"index":"index","follow":"follow","max-snippet":"max-snippet:-1","max-image-preview":"max-image-preview:large","max-video-preview":"max-video-preview:-1"},"canonical":"https:\/\/zapateneo.net\/wordpress\/index.php\/producto\/todo-el-dinero-del-mundo-del-cauri-a-la-criptomoneda\/","og_locale":"es_ES","og_type":"article","og_title":"TODO EL DINERO DEL MUNDO Del cauri a la criptomoneda &#8212; Zapateneo","og_description":"Vitali Konstantinov 9788412570427 - Zorro Rojo - 2023 - 88 p\u00e1ginas \/orri.","og_url":"https:\/\/zapateneo.net\/wordpress\/index.php\/producto\/todo-el-dinero-del-mundo-del-cauri-a-la-criptomoneda\/","og_site_name":"Zapateneo","article_modified_time":"2023-09-16T10:25:04+00:00","twitter_card":"summary_large_image","twitter_site":"@zapateneo","twitter_misc":{"Tiempo de lectura":"1 minuto"},"schema":{"@context":"https:\/\/schema.org","@graph":[{"@type":"WebPage","@id":"https:\/\/zapateneo.net\/wordpress\/index.php\/producto\/todo-el-dinero-del-mundo-del-cauri-a-la-criptomoneda\/","url":"https:\/\/zapateneo.net\/wordpress\/index.php\/producto\/todo-el-dinero-del-mundo-del-cauri-a-la-criptomoneda\/","name":"TODO EL DINERO DEL MUNDO Del cauri a la criptomoneda &#8212; Zapateneo","isPartOf":{"@id":"https:\/\/zapateneo.net\/wordpress\/#website"},"primaryImageOfPage":{"@id":"https:\/\/zapateneo.net\/wordpress\/index.php\/producto\/todo-el-dinero-del-mundo-del-cauri-a-la-criptomoneda\/#primaryimage"},"image":{"@id":"https:\/\/zapateneo.net\/wordpress\/index.php\/producto\/todo-el-dinero-del-mundo-del-cauri-a-la-criptomoneda\/#primaryimage"},"thumbnailUrl":"https:\/\/zapateneo.net\/wordpress\/wp-content\/uploads\/2023\/09\/todo-el-dinero-del-mundo-9788412570427.jpg","datePublished":"2023-09-16T10:24:56+00:00","dateModified":"2023-09-16T10:25:04+00:00","breadcrumb":{"@id":"https:\/\/zapateneo.net\/wordpress\/index.php\/producto\/todo-el-dinero-del-mundo-del-cauri-a-la-criptomoneda\/#breadcrumb"},"inLanguage":"es","potentialAction":[{"@type":"ReadAction","target":["https:\/\/zapateneo.net\/wordpress\/index.php\/producto\/todo-el-dinero-del-mundo-del-cauri-a-la-criptomoneda\/"]}]},{"@type":"ImageObject","inLanguage":"es","@id":"https:\/\/zapateneo.net\/wordpress\/index.php\/producto\/todo-el-dinero-del-mundo-del-cauri-a-la-criptomoneda\/#primaryimage","url":"https:\/\/zapateneo.net\/wordpress\/wp-content\/uploads\/2023\/09\/todo-el-dinero-del-mundo-9788412570427.jpg","contentUrl":"https:\/\/zapateneo.net\/wordpress\/wp-content\/uploads\/2023\/09\/todo-el-dinero-del-mundo-9788412570427.jpg","width":285,"height":400},{"@type":"BreadcrumbList","@id":"https:\/\/zapateneo.net\/wordpress\/index.php\/producto\/todo-el-dinero-del-mundo-del-cauri-a-la-criptomoneda\/#breadcrumb","itemListElement":[{"@type":"ListItem","position":1,"name":"Portada","item":"https:\/\/zapateneo.net\/wordpress\/"},{"@type":"ListItem","position":2,"name":"Tienda","item":"https:\/\/zapateneo.net\/wordpress\/"},{"@type":"ListItem","position":3,"name":"TODO EL DINERO DEL MUNDO Del cauri a la criptomoneda"}]},{"@type":"WebSite","@id":"https:\/\/zapateneo.net\/wordpress\/#website","url":"https:\/\/zapateneo.net\/wordpress\/","name":"Zapateneo","description":"Zapateneoaren webgunea","publisher":{"@id":"https:\/\/zapateneo.net\/wordpress\/#organization"},"potentialAction":[{"@type":"SearchAction","target":{"@type":"EntryPoint","urlTemplate":"https:\/\/zapateneo.net\/wordpress\/?s={search_term_string}"},"query-input":{"@type":"PropertyValueSpecification","valueRequired":true,"valueName":"search_term_string"}}],"inLanguage":"es"},{"@type":"Organization","@id":"https:\/\/zapateneo.net\/wordpress\/#organization","name":"Zapateneo Kultur Elkartea","url":"https:\/\/zapateneo.net\/wordpress\/","logo":{"@type":"ImageObject","inLanguage":"es","@id":"https:\/\/zapateneo.net\/wordpress\/#\/schema\/logo\/image\/","url":"https:\/\/zapateneo.net\/wordpress\/wp-content\/uploads\/2021\/04\/zap-libu-kolec.jpg","contentUrl":"https:\/\/zapateneo.net\/wordpress\/wp-content\/uploads\/2021\/04\/zap-libu-kolec.jpg","width":2234,"height":398,"caption":"Zapateneo Kultur Elkartea"},"image":{"@id":"https:\/\/zapateneo.net\/wordpress\/#\/schema\/logo\/image\/"},"sameAs":["https:\/\/x.com\/zapateneo"]}]}},"_links":{"self":[{"href":"https:\/\/zapateneo.net\/wordpress\/index.php\/wp-json\/wp\/v2\/product\/14746","targetHints":{"allow":["GET"]}}],"collection":[{"href":"https:\/\/zapateneo.net\/wordpress\/index.php\/wp-json\/wp\/v2\/product"}],"about":[{"href":"https:\/\/zapateneo.net\/wordpress\/index.php\/wp-json\/wp\/v2\/types\/product"}],"wp:featuredmedia":[{"embeddable":true,"href":"https:\/\/zapateneo.net\/wordpress\/index.php\/wp-json\/wp\/v2\/media\/14758"}],"wp:attachment":[{"href":"https:\/\/zapateneo.net\/wordpress\/index.php\/wp-json\/wp\/v2\/media?parent=14746"}],"wp:term":[{"taxonomy":"product_brand","embeddable":true,"href":"https:\/\/zapateneo.net\/wordpress\/index.php\/wp-json\/wp\/v2\/product_brand?post=14746"},{"taxonomy":"product_cat","embeddable":true,"href":"https:\/\/zapateneo.net\/wordpress\/index.php\/wp-json\/wp\/v2\/product_cat?post=14746"},{"taxonomy":"product_tag","embeddable":true,"href":"https:\/\/zapateneo.net\/wordpress\/index.php\/wp-json\/wp\/v2\/product_tag?post=14746"}],"curies":[{"name":"wp","href":"https:\/\/api.w.org\/{rel}","templated":true}]}}