{"id":14745,"date":"2023-09-16T11:24:56","date_gmt":"2023-09-16T10:24:56","guid":{"rendered":"https:\/\/zapateneo.net\/wordpress\/?post_type=product&#038;p=14745"},"modified":"2023-09-16T11:25:03","modified_gmt":"2023-09-16T10:25:03","slug":"el-senor-de-las-moscas-ilustrado-por-jorge-gonzalez","status":"publish","type":"product","link":"https:\/\/zapateneo.net\/wordpress\/index.php\/producto\/el-senor-de-las-moscas-ilustrado-por-jorge-gonzalez\/","title":{"rendered":"EL SE\u00d1OR DE LAS MOSCAS Ilustrado por Jorge Gonz\u00e1lez"},"content":{"rendered":"<p>Las novelas de William Golding, inquietantes f\u00e1bulas morales, exponen a los protagonistas a situaciones de aislamiento extremo, tanto f\u00edsico como psicol\u00f3gico y espiritual; as\u00ed se encontrar\u00e1n con los instintos m\u00e1s rec\u00f3nditos y oscuros y, como en El Se\u00f1or de las Moscas, con las leyes primordiales de la existencia y la convivencia, no pocas veces sustentadas en la aniquilaci\u00f3n del contrario.<\/p>\n<p>El Se\u00f1or de las Moscas, una alegor\u00eda aterradora, es su obra maestra. Las ilustraciones del virtuoso artista argentino Jorge Gonz\u00e1lez transitan desde el bucolismo dictado por la naturaleza a la pavorosa incertidumbre a que da lugar la inocencia.<\/p>\n<p>William Golding Newquay (Cornualles, Reino Unido) , 1911 Poco despu\u00e9s de ganar el premio Nobel en 1983, William Golding se registr\u00f3 en un hotel y cuando le preguntaron c\u00f3mo se deletreaba su nombre, exclam\u00f3: \u00abPor Dios, me acaban de dar el jodido Nobel\u00bb, una respuesta que traduce su volc\u00e1nica personalidad. Brillante escritor ingl\u00e9s dedicado en sus inicios a la poes\u00eda, en 1952 se decidi\u00f3 por la prosa; su primera novela, El Se\u00f1or de las Moscas (1954), fue rechazada por innumerables editoriales, hasta que un iluminado editor de Faber &#038; Faber la rescat\u00f3 de la pila de manuscritos descartados. La obra obtuvo un \u00e9xito rotundo y se convirti\u00f3 en uno de los libros m\u00e1s le\u00eddos de la literatura contempor\u00e1nea. Traducida en todo el mundo, fue adaptada al cine en dos ocasiones, 1963 y 1990. Golding concibi\u00f3 El Se\u00f1or de las Moscas inspir\u00e1ndose en un relato clave: La isla de Coral de Ballantyne, popular novela de aventuras que narra la historia de un grupo de j\u00f3venes que, tras naufragar, logran sobrevivir en una isla aplicando los principios que rigen la sociedad victoriana; pero la novela de Golding es muy distinta, sus protagonistas no son heroicos robinsones rom\u00e1nticos, sino salvajes que dejan aflorar los m\u00e1s abyectos instintos humanos. William Golding particip\u00f3 en el desembarco de Normand\u00eda en 1944. Sensibilizado por sus vivencias b\u00e9licas y convencido de la maldad intr\u00ednseca del ser humano, vivi\u00f3 obsesionado por la violencia que rige nuestra existencia: \u00abMe describo a m\u00ed mismo como un pesimista universal, pero optimista c\u00f3smico\u00bb. Entre sus obras destacan Los herederos (1955), Las dos muertes de Christopher Martin (1956), Ca\u00edda libre (1959), La pir\u00e1mide (1967) y su notable volumen de cuentos El dios escorpi\u00f3n (1971), donde se reflejan las preocupaciones morales presentes en sus largas narraciones. Falleci\u00f3 en Perranaworthal, Cornualles, en 1993.<\/p>\n","protected":false},"excerpt":{"rendered":"<p><strong>William Golding<\/strong><br \/>\n9788412545906 &#8211; Zorro Rojo &#8211; 2023 &#8211; 260 p\u00e1ginas \/orri.<\/p>\n","protected":false},"featured_media":14757,"template":"","meta":[],"product_brand":[],"product_cat":[15],"product_tag":[6729,5116],"class_list":{"0":"post-14745","1":"product","2":"type-product","3":"status-publish","4":"has-post-thumbnail","6":"product_cat-otros-bestelakoak","7":"product_tag-william-golding","8":"product_tag-zorro-rojo","10":"first","11":"instock","12":"sold-individually","13":"shipping-taxable","14":"purchasable","15":"product-type-simple"},"yoast_head":"<!-- This site is optimized with the Yoast SEO plugin v27.3 - https:\/\/yoast.com\/product\/yoast-seo-wordpress\/ -->\n<title>EL SE\u00d1OR DE LAS MOSCAS Ilustrado por Jorge Gonz\u00e1lez &#8212; Zapateneo<\/title>\n<meta name=\"robots\" content=\"index, follow, max-snippet:-1, max-image-preview:large, max-video-preview:-1\" \/>\n<link rel=\"canonical\" href=\"https:\/\/zapateneo.net\/wordpress\/index.php\/producto\/el-senor-de-las-moscas-ilustrado-por-jorge-gonzalez\/\" \/>\n<meta property=\"og:locale\" content=\"es_ES\" \/>\n<meta property=\"og:type\" content=\"article\" \/>\n<meta property=\"og:title\" content=\"EL SE\u00d1OR DE LAS MOSCAS Ilustrado por Jorge Gonz\u00e1lez &#8212; Zapateneo\" \/>\n<meta property=\"og:description\" content=\"William Golding 9788412545906 - Zorro Rojo - 2023 - 260 p\u00e1ginas \/orri.\" \/>\n<meta property=\"og:url\" content=\"https:\/\/zapateneo.net\/wordpress\/index.php\/producto\/el-senor-de-las-moscas-ilustrado-por-jorge-gonzalez\/\" \/>\n<meta property=\"og:site_name\" content=\"Zapateneo\" \/>\n<meta property=\"article:modified_time\" content=\"2023-09-16T10:25:03+00:00\" \/>\n<meta name=\"twitter:card\" content=\"summary_large_image\" \/>\n<meta name=\"twitter:site\" content=\"@zapateneo\" \/>\n<meta name=\"twitter:label1\" content=\"Tiempo de lectura\" \/>\n\t<meta name=\"twitter:data1\" content=\"2 minutos\" \/>\n<script type=\"application\/ld+json\" class=\"yoast-schema-graph\">{\"@context\":\"https:\\\/\\\/schema.org\",\"@graph\":[{\"@type\":\"WebPage\",\"@id\":\"https:\\\/\\\/zapateneo.net\\\/wordpress\\\/index.php\\\/producto\\\/el-senor-de-las-moscas-ilustrado-por-jorge-gonzalez\\\/\",\"url\":\"https:\\\/\\\/zapateneo.net\\\/wordpress\\\/index.php\\\/producto\\\/el-senor-de-las-moscas-ilustrado-por-jorge-gonzalez\\\/\",\"name\":\"EL SE\u00d1OR DE LAS MOSCAS Ilustrado por Jorge Gonz\u00e1lez &#8212; Zapateneo\",\"isPartOf\":{\"@id\":\"https:\\\/\\\/zapateneo.net\\\/wordpress\\\/#website\"},\"primaryImageOfPage\":{\"@id\":\"https:\\\/\\\/zapateneo.net\\\/wordpress\\\/index.php\\\/producto\\\/el-senor-de-las-moscas-ilustrado-por-jorge-gonzalez\\\/#primaryimage\"},\"image\":{\"@id\":\"https:\\\/\\\/zapateneo.net\\\/wordpress\\\/index.php\\\/producto\\\/el-senor-de-las-moscas-ilustrado-por-jorge-gonzalez\\\/#primaryimage\"},\"thumbnailUrl\":\"https:\\\/\\\/zapateneo.net\\\/wordpress\\\/wp-content\\\/uploads\\\/2023\\\/09\\\/el-senor-de-las-moscas-zorro-rojo-9788412545906.jpg\",\"datePublished\":\"2023-09-16T10:24:56+00:00\",\"dateModified\":\"2023-09-16T10:25:03+00:00\",\"breadcrumb\":{\"@id\":\"https:\\\/\\\/zapateneo.net\\\/wordpress\\\/index.php\\\/producto\\\/el-senor-de-las-moscas-ilustrado-por-jorge-gonzalez\\\/#breadcrumb\"},\"inLanguage\":\"es\",\"potentialAction\":[{\"@type\":\"ReadAction\",\"target\":[\"https:\\\/\\\/zapateneo.net\\\/wordpress\\\/index.php\\\/producto\\\/el-senor-de-las-moscas-ilustrado-por-jorge-gonzalez\\\/\"]}]},{\"@type\":\"ImageObject\",\"inLanguage\":\"es\",\"@id\":\"https:\\\/\\\/zapateneo.net\\\/wordpress\\\/index.php\\\/producto\\\/el-senor-de-las-moscas-ilustrado-por-jorge-gonzalez\\\/#primaryimage\",\"url\":\"https:\\\/\\\/zapateneo.net\\\/wordpress\\\/wp-content\\\/uploads\\\/2023\\\/09\\\/el-senor-de-las-moscas-zorro-rojo-9788412545906.jpg\",\"contentUrl\":\"https:\\\/\\\/zapateneo.net\\\/wordpress\\\/wp-content\\\/uploads\\\/2023\\\/09\\\/el-senor-de-las-moscas-zorro-rojo-9788412545906.jpg\",\"width\":273,\"height\":400},{\"@type\":\"BreadcrumbList\",\"@id\":\"https:\\\/\\\/zapateneo.net\\\/wordpress\\\/index.php\\\/producto\\\/el-senor-de-las-moscas-ilustrado-por-jorge-gonzalez\\\/#breadcrumb\",\"itemListElement\":[{\"@type\":\"ListItem\",\"position\":1,\"name\":\"Portada\",\"item\":\"https:\\\/\\\/zapateneo.net\\\/wordpress\\\/\"},{\"@type\":\"ListItem\",\"position\":2,\"name\":\"Tienda\",\"item\":\"https:\\\/\\\/zapateneo.net\\\/wordpress\\\/\"},{\"@type\":\"ListItem\",\"position\":3,\"name\":\"EL SE\u00d1OR DE LAS MOSCAS Ilustrado por Jorge Gonz\u00e1lez\"}]},{\"@type\":\"WebSite\",\"@id\":\"https:\\\/\\\/zapateneo.net\\\/wordpress\\\/#website\",\"url\":\"https:\\\/\\\/zapateneo.net\\\/wordpress\\\/\",\"name\":\"Zapateneo\",\"description\":\"Zapateneoaren webgunea\",\"publisher\":{\"@id\":\"https:\\\/\\\/zapateneo.net\\\/wordpress\\\/#organization\"},\"potentialAction\":[{\"@type\":\"SearchAction\",\"target\":{\"@type\":\"EntryPoint\",\"urlTemplate\":\"https:\\\/\\\/zapateneo.net\\\/wordpress\\\/?s={search_term_string}\"},\"query-input\":{\"@type\":\"PropertyValueSpecification\",\"valueRequired\":true,\"valueName\":\"search_term_string\"}}],\"inLanguage\":\"es\"},{\"@type\":\"Organization\",\"@id\":\"https:\\\/\\\/zapateneo.net\\\/wordpress\\\/#organization\",\"name\":\"Zapateneo Kultur Elkartea\",\"url\":\"https:\\\/\\\/zapateneo.net\\\/wordpress\\\/\",\"logo\":{\"@type\":\"ImageObject\",\"inLanguage\":\"es\",\"@id\":\"https:\\\/\\\/zapateneo.net\\\/wordpress\\\/#\\\/schema\\\/logo\\\/image\\\/\",\"url\":\"https:\\\/\\\/zapateneo.net\\\/wordpress\\\/wp-content\\\/uploads\\\/2021\\\/04\\\/zap-libu-kolec.jpg\",\"contentUrl\":\"https:\\\/\\\/zapateneo.net\\\/wordpress\\\/wp-content\\\/uploads\\\/2021\\\/04\\\/zap-libu-kolec.jpg\",\"width\":2234,\"height\":398,\"caption\":\"Zapateneo Kultur Elkartea\"},\"image\":{\"@id\":\"https:\\\/\\\/zapateneo.net\\\/wordpress\\\/#\\\/schema\\\/logo\\\/image\\\/\"},\"sameAs\":[\"https:\\\/\\\/x.com\\\/zapateneo\"]}]}<\/script>\n<!-- \/ Yoast SEO plugin. -->","yoast_head_json":{"title":"EL SE\u00d1OR DE LAS MOSCAS Ilustrado por Jorge Gonz\u00e1lez &#8212; Zapateneo","robots":{"index":"index","follow":"follow","max-snippet":"max-snippet:-1","max-image-preview":"max-image-preview:large","max-video-preview":"max-video-preview:-1"},"canonical":"https:\/\/zapateneo.net\/wordpress\/index.php\/producto\/el-senor-de-las-moscas-ilustrado-por-jorge-gonzalez\/","og_locale":"es_ES","og_type":"article","og_title":"EL SE\u00d1OR DE LAS MOSCAS Ilustrado por Jorge Gonz\u00e1lez &#8212; Zapateneo","og_description":"William Golding 9788412545906 - Zorro Rojo - 2023 - 260 p\u00e1ginas \/orri.","og_url":"https:\/\/zapateneo.net\/wordpress\/index.php\/producto\/el-senor-de-las-moscas-ilustrado-por-jorge-gonzalez\/","og_site_name":"Zapateneo","article_modified_time":"2023-09-16T10:25:03+00:00","twitter_card":"summary_large_image","twitter_site":"@zapateneo","twitter_misc":{"Tiempo de lectura":"2 minutos"},"schema":{"@context":"https:\/\/schema.org","@graph":[{"@type":"WebPage","@id":"https:\/\/zapateneo.net\/wordpress\/index.php\/producto\/el-senor-de-las-moscas-ilustrado-por-jorge-gonzalez\/","url":"https:\/\/zapateneo.net\/wordpress\/index.php\/producto\/el-senor-de-las-moscas-ilustrado-por-jorge-gonzalez\/","name":"EL SE\u00d1OR DE LAS MOSCAS Ilustrado por Jorge Gonz\u00e1lez &#8212; Zapateneo","isPartOf":{"@id":"https:\/\/zapateneo.net\/wordpress\/#website"},"primaryImageOfPage":{"@id":"https:\/\/zapateneo.net\/wordpress\/index.php\/producto\/el-senor-de-las-moscas-ilustrado-por-jorge-gonzalez\/#primaryimage"},"image":{"@id":"https:\/\/zapateneo.net\/wordpress\/index.php\/producto\/el-senor-de-las-moscas-ilustrado-por-jorge-gonzalez\/#primaryimage"},"thumbnailUrl":"https:\/\/zapateneo.net\/wordpress\/wp-content\/uploads\/2023\/09\/el-senor-de-las-moscas-zorro-rojo-9788412545906.jpg","datePublished":"2023-09-16T10:24:56+00:00","dateModified":"2023-09-16T10:25:03+00:00","breadcrumb":{"@id":"https:\/\/zapateneo.net\/wordpress\/index.php\/producto\/el-senor-de-las-moscas-ilustrado-por-jorge-gonzalez\/#breadcrumb"},"inLanguage":"es","potentialAction":[{"@type":"ReadAction","target":["https:\/\/zapateneo.net\/wordpress\/index.php\/producto\/el-senor-de-las-moscas-ilustrado-por-jorge-gonzalez\/"]}]},{"@type":"ImageObject","inLanguage":"es","@id":"https:\/\/zapateneo.net\/wordpress\/index.php\/producto\/el-senor-de-las-moscas-ilustrado-por-jorge-gonzalez\/#primaryimage","url":"https:\/\/zapateneo.net\/wordpress\/wp-content\/uploads\/2023\/09\/el-senor-de-las-moscas-zorro-rojo-9788412545906.jpg","contentUrl":"https:\/\/zapateneo.net\/wordpress\/wp-content\/uploads\/2023\/09\/el-senor-de-las-moscas-zorro-rojo-9788412545906.jpg","width":273,"height":400},{"@type":"BreadcrumbList","@id":"https:\/\/zapateneo.net\/wordpress\/index.php\/producto\/el-senor-de-las-moscas-ilustrado-por-jorge-gonzalez\/#breadcrumb","itemListElement":[{"@type":"ListItem","position":1,"name":"Portada","item":"https:\/\/zapateneo.net\/wordpress\/"},{"@type":"ListItem","position":2,"name":"Tienda","item":"https:\/\/zapateneo.net\/wordpress\/"},{"@type":"ListItem","position":3,"name":"EL SE\u00d1OR DE LAS MOSCAS Ilustrado por Jorge Gonz\u00e1lez"}]},{"@type":"WebSite","@id":"https:\/\/zapateneo.net\/wordpress\/#website","url":"https:\/\/zapateneo.net\/wordpress\/","name":"Zapateneo","description":"Zapateneoaren webgunea","publisher":{"@id":"https:\/\/zapateneo.net\/wordpress\/#organization"},"potentialAction":[{"@type":"SearchAction","target":{"@type":"EntryPoint","urlTemplate":"https:\/\/zapateneo.net\/wordpress\/?s={search_term_string}"},"query-input":{"@type":"PropertyValueSpecification","valueRequired":true,"valueName":"search_term_string"}}],"inLanguage":"es"},{"@type":"Organization","@id":"https:\/\/zapateneo.net\/wordpress\/#organization","name":"Zapateneo Kultur Elkartea","url":"https:\/\/zapateneo.net\/wordpress\/","logo":{"@type":"ImageObject","inLanguage":"es","@id":"https:\/\/zapateneo.net\/wordpress\/#\/schema\/logo\/image\/","url":"https:\/\/zapateneo.net\/wordpress\/wp-content\/uploads\/2021\/04\/zap-libu-kolec.jpg","contentUrl":"https:\/\/zapateneo.net\/wordpress\/wp-content\/uploads\/2021\/04\/zap-libu-kolec.jpg","width":2234,"height":398,"caption":"Zapateneo Kultur Elkartea"},"image":{"@id":"https:\/\/zapateneo.net\/wordpress\/#\/schema\/logo\/image\/"},"sameAs":["https:\/\/x.com\/zapateneo"]}]}},"_links":{"self":[{"href":"https:\/\/zapateneo.net\/wordpress\/index.php\/wp-json\/wp\/v2\/product\/14745","targetHints":{"allow":["GET"]}}],"collection":[{"href":"https:\/\/zapateneo.net\/wordpress\/index.php\/wp-json\/wp\/v2\/product"}],"about":[{"href":"https:\/\/zapateneo.net\/wordpress\/index.php\/wp-json\/wp\/v2\/types\/product"}],"wp:featuredmedia":[{"embeddable":true,"href":"https:\/\/zapateneo.net\/wordpress\/index.php\/wp-json\/wp\/v2\/media\/14757"}],"wp:attachment":[{"href":"https:\/\/zapateneo.net\/wordpress\/index.php\/wp-json\/wp\/v2\/media?parent=14745"}],"wp:term":[{"taxonomy":"product_brand","embeddable":true,"href":"https:\/\/zapateneo.net\/wordpress\/index.php\/wp-json\/wp\/v2\/product_brand?post=14745"},{"taxonomy":"product_cat","embeddable":true,"href":"https:\/\/zapateneo.net\/wordpress\/index.php\/wp-json\/wp\/v2\/product_cat?post=14745"},{"taxonomy":"product_tag","embeddable":true,"href":"https:\/\/zapateneo.net\/wordpress\/index.php\/wp-json\/wp\/v2\/product_tag?post=14745"}],"curies":[{"name":"wp","href":"https:\/\/api.w.org\/{rel}","templated":true}]}}