{"id":14741,"date":"2023-09-16T11:24:54","date_gmt":"2023-09-16T10:24:54","guid":{"rendered":"https:\/\/zapateneo.net\/wordpress\/?post_type=product&#038;p=14741"},"modified":"2023-09-16T11:25:01","modified_gmt":"2023-09-16T10:25:01","slug":"el-mensaje-mata-substratos-de-capital-computacional","status":"publish","type":"product","link":"https:\/\/zapateneo.net\/wordpress\/index.php\/producto\/el-mensaje-mata-substratos-de-capital-computacional\/","title":{"rendered":"EL MENSAJE MATA Substratos de capital computacional"},"content":{"rendered":"<p>El mensaje mata analiza la violencia ligada a las funciones cotidianas de los medios digitales. Argumenta que la intensificaci\u00f3n global de la desigualdad se basa en la producci\u00f3n de diferencia social discursiva, inform\u00e1tica y mediada por pantallas. Al centro del libro encontramos el concepto de \u201ccapital computacional\u201d: la idea de que el capitalismo es una computadora que convierte todas las cualidades en cantidades, y que la acumulaci\u00f3n de informaci\u00f3n esta a la base de las nuevas formas de gubernamentalidad y discriminaci\u00f3n sist\u00e9mica tanto racial como de g\u00e9nero.<\/p>\n<p>Jonathan Beller combina diferentes aproximaciones (teor\u00eda de los medios, estudio negro, estudios de g\u00e9neros y econom\u00eda pol\u00edtica) para abordar las estratificaciones del poder contempor\u00e1neo. El libro se presenta como una cr\u00edtica a los estudios de los medios que a menudo obliteran el origen de la violencia computacional.<\/p>\n<p>\u00abJonathan Beller aborda con fuerza el problema m\u00e1s urgente de la econom\u00eda pol\u00edtica actual: la fusi\u00f3n gradual del capital y la computaci\u00f3n en nuevas estructuras de poder\u00bb \u2014Matteo Pasquinelli, Profesor de Teor\u00eda de los Medios, Universidad de Artes y Dise\u00f1o de Karlsruhe<\/p>\n<p>\u00abBeller es uno de los principales te\u00f3ricos de la econom\u00eda pol\u00edtica de la atenci\u00f3n. Este libro es sumamente pertinente para un p\u00fablico que busca nuevas formas de entender el capitalismo contempor\u00e1neo. Beller ha desarrollado una estrategia original al poner la arqueolog\u00eda de los medios y la teor\u00eda cr\u00edtica de la raza en di\u00e1logo con el trabajo popularizado de Marshall McLuhan,y tambi\u00e9n al utilizar a Marx y Borges como interlocutores de conocidos ciber-te\u00f3ricos como Turing y Shannon\u00bb \u2014Allen Feldman, profesor de Medios, Cultura y Comunicaci\u00f3n en la Universidad de Nueva York y autor de Archives of the Insensible<\/p>\n","protected":false},"excerpt":{"rendered":"<p><strong>Jonathan Beller<\/strong><br \/>\n9788412449037 &#8211; If publications &#8211; 2023 &#8211; 200 p\u00e1ginas \/orri.<\/p>\n","protected":false},"featured_media":14753,"template":"","meta":[],"product_brand":[],"product_cat":[15],"product_tag":[5138,6725],"class_list":{"0":"post-14741","1":"product","2":"type-product","3":"status-publish","4":"has-post-thumbnail","6":"product_cat-otros-bestelakoak","7":"product_tag-if-publications","8":"product_tag-jonathan-beller","10":"first","11":"instock","12":"sold-individually","13":"shipping-taxable","14":"purchasable","15":"product-type-simple"},"yoast_head":"<!-- This site is optimized with the Yoast SEO plugin v27.3 - https:\/\/yoast.com\/product\/yoast-seo-wordpress\/ -->\n<title>EL MENSAJE MATA Substratos de capital computacional &#8212; Zapateneo<\/title>\n<meta name=\"robots\" content=\"index, follow, max-snippet:-1, max-image-preview:large, max-video-preview:-1\" \/>\n<link rel=\"canonical\" href=\"https:\/\/zapateneo.net\/wordpress\/index.php\/producto\/el-mensaje-mata-substratos-de-capital-computacional\/\" \/>\n<meta property=\"og:locale\" content=\"es_ES\" \/>\n<meta property=\"og:type\" content=\"article\" \/>\n<meta property=\"og:title\" content=\"EL MENSAJE MATA Substratos de capital computacional &#8212; Zapateneo\" \/>\n<meta property=\"og:description\" content=\"Jonathan Beller 9788412449037 - If publications - 2023 - 200 p\u00e1ginas \/orri.\" \/>\n<meta property=\"og:url\" content=\"https:\/\/zapateneo.net\/wordpress\/index.php\/producto\/el-mensaje-mata-substratos-de-capital-computacional\/\" \/>\n<meta property=\"og:site_name\" content=\"Zapateneo\" \/>\n<meta property=\"article:modified_time\" content=\"2023-09-16T10:25:01+00:00\" \/>\n<meta name=\"twitter:card\" content=\"summary_large_image\" \/>\n<meta name=\"twitter:site\" content=\"@zapateneo\" \/>\n<meta name=\"twitter:label1\" content=\"Tiempo de lectura\" \/>\n\t<meta name=\"twitter:data1\" content=\"2 minutos\" \/>\n<script type=\"application\/ld+json\" class=\"yoast-schema-graph\">{\"@context\":\"https:\\\/\\\/schema.org\",\"@graph\":[{\"@type\":\"WebPage\",\"@id\":\"https:\\\/\\\/zapateneo.net\\\/wordpress\\\/index.php\\\/producto\\\/el-mensaje-mata-substratos-de-capital-computacional\\\/\",\"url\":\"https:\\\/\\\/zapateneo.net\\\/wordpress\\\/index.php\\\/producto\\\/el-mensaje-mata-substratos-de-capital-computacional\\\/\",\"name\":\"EL MENSAJE MATA Substratos de capital computacional &#8212; Zapateneo\",\"isPartOf\":{\"@id\":\"https:\\\/\\\/zapateneo.net\\\/wordpress\\\/#website\"},\"primaryImageOfPage\":{\"@id\":\"https:\\\/\\\/zapateneo.net\\\/wordpress\\\/index.php\\\/producto\\\/el-mensaje-mata-substratos-de-capital-computacional\\\/#primaryimage\"},\"image\":{\"@id\":\"https:\\\/\\\/zapateneo.net\\\/wordpress\\\/index.php\\\/producto\\\/el-mensaje-mata-substratos-de-capital-computacional\\\/#primaryimage\"},\"thumbnailUrl\":\"https:\\\/\\\/zapateneo.net\\\/wordpress\\\/wp-content\\\/uploads\\\/2023\\\/09\\\/el-mensaje-mata-9788412449037.jpg\",\"datePublished\":\"2023-09-16T10:24:54+00:00\",\"dateModified\":\"2023-09-16T10:25:01+00:00\",\"breadcrumb\":{\"@id\":\"https:\\\/\\\/zapateneo.net\\\/wordpress\\\/index.php\\\/producto\\\/el-mensaje-mata-substratos-de-capital-computacional\\\/#breadcrumb\"},\"inLanguage\":\"es\",\"potentialAction\":[{\"@type\":\"ReadAction\",\"target\":[\"https:\\\/\\\/zapateneo.net\\\/wordpress\\\/index.php\\\/producto\\\/el-mensaje-mata-substratos-de-capital-computacional\\\/\"]}]},{\"@type\":\"ImageObject\",\"inLanguage\":\"es\",\"@id\":\"https:\\\/\\\/zapateneo.net\\\/wordpress\\\/index.php\\\/producto\\\/el-mensaje-mata-substratos-de-capital-computacional\\\/#primaryimage\",\"url\":\"https:\\\/\\\/zapateneo.net\\\/wordpress\\\/wp-content\\\/uploads\\\/2023\\\/09\\\/el-mensaje-mata-9788412449037.jpg\",\"contentUrl\":\"https:\\\/\\\/zapateneo.net\\\/wordpress\\\/wp-content\\\/uploads\\\/2023\\\/09\\\/el-mensaje-mata-9788412449037.jpg\",\"width\":272,\"height\":400},{\"@type\":\"BreadcrumbList\",\"@id\":\"https:\\\/\\\/zapateneo.net\\\/wordpress\\\/index.php\\\/producto\\\/el-mensaje-mata-substratos-de-capital-computacional\\\/#breadcrumb\",\"itemListElement\":[{\"@type\":\"ListItem\",\"position\":1,\"name\":\"Portada\",\"item\":\"https:\\\/\\\/zapateneo.net\\\/wordpress\\\/\"},{\"@type\":\"ListItem\",\"position\":2,\"name\":\"Tienda\",\"item\":\"https:\\\/\\\/zapateneo.net\\\/wordpress\\\/\"},{\"@type\":\"ListItem\",\"position\":3,\"name\":\"EL MENSAJE MATA Substratos de capital computacional\"}]},{\"@type\":\"WebSite\",\"@id\":\"https:\\\/\\\/zapateneo.net\\\/wordpress\\\/#website\",\"url\":\"https:\\\/\\\/zapateneo.net\\\/wordpress\\\/\",\"name\":\"Zapateneo\",\"description\":\"Zapateneoaren webgunea\",\"publisher\":{\"@id\":\"https:\\\/\\\/zapateneo.net\\\/wordpress\\\/#organization\"},\"potentialAction\":[{\"@type\":\"SearchAction\",\"target\":{\"@type\":\"EntryPoint\",\"urlTemplate\":\"https:\\\/\\\/zapateneo.net\\\/wordpress\\\/?s={search_term_string}\"},\"query-input\":{\"@type\":\"PropertyValueSpecification\",\"valueRequired\":true,\"valueName\":\"search_term_string\"}}],\"inLanguage\":\"es\"},{\"@type\":\"Organization\",\"@id\":\"https:\\\/\\\/zapateneo.net\\\/wordpress\\\/#organization\",\"name\":\"Zapateneo Kultur Elkartea\",\"url\":\"https:\\\/\\\/zapateneo.net\\\/wordpress\\\/\",\"logo\":{\"@type\":\"ImageObject\",\"inLanguage\":\"es\",\"@id\":\"https:\\\/\\\/zapateneo.net\\\/wordpress\\\/#\\\/schema\\\/logo\\\/image\\\/\",\"url\":\"https:\\\/\\\/zapateneo.net\\\/wordpress\\\/wp-content\\\/uploads\\\/2021\\\/04\\\/zap-libu-kolec.jpg\",\"contentUrl\":\"https:\\\/\\\/zapateneo.net\\\/wordpress\\\/wp-content\\\/uploads\\\/2021\\\/04\\\/zap-libu-kolec.jpg\",\"width\":2234,\"height\":398,\"caption\":\"Zapateneo Kultur Elkartea\"},\"image\":{\"@id\":\"https:\\\/\\\/zapateneo.net\\\/wordpress\\\/#\\\/schema\\\/logo\\\/image\\\/\"},\"sameAs\":[\"https:\\\/\\\/x.com\\\/zapateneo\"]}]}<\/script>\n<!-- \/ Yoast SEO plugin. -->","yoast_head_json":{"title":"EL MENSAJE MATA Substratos de capital computacional &#8212; Zapateneo","robots":{"index":"index","follow":"follow","max-snippet":"max-snippet:-1","max-image-preview":"max-image-preview:large","max-video-preview":"max-video-preview:-1"},"canonical":"https:\/\/zapateneo.net\/wordpress\/index.php\/producto\/el-mensaje-mata-substratos-de-capital-computacional\/","og_locale":"es_ES","og_type":"article","og_title":"EL MENSAJE MATA Substratos de capital computacional &#8212; Zapateneo","og_description":"Jonathan Beller 9788412449037 - If publications - 2023 - 200 p\u00e1ginas \/orri.","og_url":"https:\/\/zapateneo.net\/wordpress\/index.php\/producto\/el-mensaje-mata-substratos-de-capital-computacional\/","og_site_name":"Zapateneo","article_modified_time":"2023-09-16T10:25:01+00:00","twitter_card":"summary_large_image","twitter_site":"@zapateneo","twitter_misc":{"Tiempo de lectura":"2 minutos"},"schema":{"@context":"https:\/\/schema.org","@graph":[{"@type":"WebPage","@id":"https:\/\/zapateneo.net\/wordpress\/index.php\/producto\/el-mensaje-mata-substratos-de-capital-computacional\/","url":"https:\/\/zapateneo.net\/wordpress\/index.php\/producto\/el-mensaje-mata-substratos-de-capital-computacional\/","name":"EL MENSAJE MATA Substratos de capital computacional &#8212; Zapateneo","isPartOf":{"@id":"https:\/\/zapateneo.net\/wordpress\/#website"},"primaryImageOfPage":{"@id":"https:\/\/zapateneo.net\/wordpress\/index.php\/producto\/el-mensaje-mata-substratos-de-capital-computacional\/#primaryimage"},"image":{"@id":"https:\/\/zapateneo.net\/wordpress\/index.php\/producto\/el-mensaje-mata-substratos-de-capital-computacional\/#primaryimage"},"thumbnailUrl":"https:\/\/zapateneo.net\/wordpress\/wp-content\/uploads\/2023\/09\/el-mensaje-mata-9788412449037.jpg","datePublished":"2023-09-16T10:24:54+00:00","dateModified":"2023-09-16T10:25:01+00:00","breadcrumb":{"@id":"https:\/\/zapateneo.net\/wordpress\/index.php\/producto\/el-mensaje-mata-substratos-de-capital-computacional\/#breadcrumb"},"inLanguage":"es","potentialAction":[{"@type":"ReadAction","target":["https:\/\/zapateneo.net\/wordpress\/index.php\/producto\/el-mensaje-mata-substratos-de-capital-computacional\/"]}]},{"@type":"ImageObject","inLanguage":"es","@id":"https:\/\/zapateneo.net\/wordpress\/index.php\/producto\/el-mensaje-mata-substratos-de-capital-computacional\/#primaryimage","url":"https:\/\/zapateneo.net\/wordpress\/wp-content\/uploads\/2023\/09\/el-mensaje-mata-9788412449037.jpg","contentUrl":"https:\/\/zapateneo.net\/wordpress\/wp-content\/uploads\/2023\/09\/el-mensaje-mata-9788412449037.jpg","width":272,"height":400},{"@type":"BreadcrumbList","@id":"https:\/\/zapateneo.net\/wordpress\/index.php\/producto\/el-mensaje-mata-substratos-de-capital-computacional\/#breadcrumb","itemListElement":[{"@type":"ListItem","position":1,"name":"Portada","item":"https:\/\/zapateneo.net\/wordpress\/"},{"@type":"ListItem","position":2,"name":"Tienda","item":"https:\/\/zapateneo.net\/wordpress\/"},{"@type":"ListItem","position":3,"name":"EL MENSAJE MATA Substratos de capital computacional"}]},{"@type":"WebSite","@id":"https:\/\/zapateneo.net\/wordpress\/#website","url":"https:\/\/zapateneo.net\/wordpress\/","name":"Zapateneo","description":"Zapateneoaren webgunea","publisher":{"@id":"https:\/\/zapateneo.net\/wordpress\/#organization"},"potentialAction":[{"@type":"SearchAction","target":{"@type":"EntryPoint","urlTemplate":"https:\/\/zapateneo.net\/wordpress\/?s={search_term_string}"},"query-input":{"@type":"PropertyValueSpecification","valueRequired":true,"valueName":"search_term_string"}}],"inLanguage":"es"},{"@type":"Organization","@id":"https:\/\/zapateneo.net\/wordpress\/#organization","name":"Zapateneo Kultur Elkartea","url":"https:\/\/zapateneo.net\/wordpress\/","logo":{"@type":"ImageObject","inLanguage":"es","@id":"https:\/\/zapateneo.net\/wordpress\/#\/schema\/logo\/image\/","url":"https:\/\/zapateneo.net\/wordpress\/wp-content\/uploads\/2021\/04\/zap-libu-kolec.jpg","contentUrl":"https:\/\/zapateneo.net\/wordpress\/wp-content\/uploads\/2021\/04\/zap-libu-kolec.jpg","width":2234,"height":398,"caption":"Zapateneo Kultur Elkartea"},"image":{"@id":"https:\/\/zapateneo.net\/wordpress\/#\/schema\/logo\/image\/"},"sameAs":["https:\/\/x.com\/zapateneo"]}]}},"_links":{"self":[{"href":"https:\/\/zapateneo.net\/wordpress\/index.php\/wp-json\/wp\/v2\/product\/14741","targetHints":{"allow":["GET"]}}],"collection":[{"href":"https:\/\/zapateneo.net\/wordpress\/index.php\/wp-json\/wp\/v2\/product"}],"about":[{"href":"https:\/\/zapateneo.net\/wordpress\/index.php\/wp-json\/wp\/v2\/types\/product"}],"wp:featuredmedia":[{"embeddable":true,"href":"https:\/\/zapateneo.net\/wordpress\/index.php\/wp-json\/wp\/v2\/media\/14753"}],"wp:attachment":[{"href":"https:\/\/zapateneo.net\/wordpress\/index.php\/wp-json\/wp\/v2\/media?parent=14741"}],"wp:term":[{"taxonomy":"product_brand","embeddable":true,"href":"https:\/\/zapateneo.net\/wordpress\/index.php\/wp-json\/wp\/v2\/product_brand?post=14741"},{"taxonomy":"product_cat","embeddable":true,"href":"https:\/\/zapateneo.net\/wordpress\/index.php\/wp-json\/wp\/v2\/product_cat?post=14741"},{"taxonomy":"product_tag","embeddable":true,"href":"https:\/\/zapateneo.net\/wordpress\/index.php\/wp-json\/wp\/v2\/product_tag?post=14741"}],"curies":[{"name":"wp","href":"https:\/\/api.w.org\/{rel}","templated":true}]}}