{"id":14738,"date":"2023-09-16T11:24:54","date_gmt":"2023-09-16T10:24:54","guid":{"rendered":"https:\/\/zapateneo.net\/wordpress\/?post_type=product&#038;p=14738"},"modified":"2023-09-16T11:24:59","modified_gmt":"2023-09-16T10:24:59","slug":"camino-de-olduvai-poesia-2014-2019","status":"publish","type":"product","link":"https:\/\/zapateneo.net\/wordpress\/index.php\/producto\/camino-de-olduvai-poesia-2014-2019\/","title":{"rendered":"CAMINO DE OLDUVAI Poes\u00eda 2014-2019"},"content":{"rendered":"<p>Antonio Orihuela es uno de los poetas que despunta en el panorama de la po\u00e9tica cr\u00edtica espa\u00f1ola de las \u00faltimas d\u00e9cadas. Su obra se inscribe en la poes\u00eda de la conciencia. La de Orihuela es una poes\u00eda que enfrenta el mundo policial, medi\u00e1tico, y empresarial que vivimos. Que define y ataca el orden de las cosas: el trabajo asalariado, la cultura oficial y la del mercado (que acaso ya son la misma), la violencia socializada, la externalizaci\u00f3n de costes, la clase media y sus ilusiones. A la vez refleja la realidad no complaciente de este lado: conformismo, miedos que cristalizan en individualismo, relaciones sociales alienadas.<\/p>\n<p>En sus poemas, Orihuela desmenuza las estrategias del Poder, pero tambi\u00e9n expone las alternativas ya en curso, las corazonadas de un mundo nuevo, la convivencialidad del barrio y de la comuna. En estos versos reconocemos se\u00f1ales, recordamos intuiciones para pensar las cosas desde otras coordenadas, desde lugares menos frecuentados. Quiz\u00e1s la poes\u00eda sirva para romper el embrujo, el ensue\u00f1o colectivo en el que vivimos y que es tan grande como el propio sistema, incluso puede ayudar a poner las bases de otro orden diferente.<\/p>\n<p>En este trabajo encontramos distintas maneras de escribir poes\u00eda: Camino de Olduvai alberga poemas descriptivos y otros simb\u00f3licos, algunos esconden mitos, algunos reavivan historias recientes, otros invocan luchas sociales, condensan realidades complejas o reflexiones camufladas en verso (otros resultan breves como un pensamiento fugaz: juegos de palabras o haikus). Por estas p\u00e1ginas pasan igual Juan Ram\u00f3n Jim\u00e9nez o Durruti que Hoffman o Kerouac.<\/p>\n<p>Camino de Olduvai es una edici\u00f3n limitada que re\u00fane toda la obra po\u00e9tica de Antonio Orihuela desde el 15M hasta la pandemia, en su mayor\u00eda ya inencontrable. Poemas en un lenguaje directo que desbordan la forma poema y que supuran historia, futuros posibles (a veces ut\u00f3picos, a ratos dist\u00f3picos), bosquejos existenciales, cr\u00f3nicas sociales\u2026 El libro funciona as\u00ed casi como un diario de los a\u00f1os de la crisis y las mayores movilizaciones de este pa\u00eds desde la Transici\u00f3n, tambi\u00e9n de sus desencantos, y de las nuevas brechas que se abren en el sistema. Historias que resuenan en nuestras cabezas y otras que aun vivimos. Pero tambi\u00e9n hay lugar para versos m\u00e1s \u00edntimos: la infancia, la juventud, el amor\u2026<\/p>\n<p>Esto no es un libro, es un repertorio de disidencias, una br\u00fajula, un amasijo de rabia y ternura. Para escapar de este suced\u00e1neo de vida.<\/p>\n","protected":false},"excerpt":{"rendered":"<p><strong>Antonio Orihuela<\/strong><br \/>\n9788485209453 &#8211; Irrecuperables &#8211; 2023 &#8211; 670 p\u00e1ginas \/orri.<\/p>\n","protected":false},"featured_media":14750,"template":"","meta":[],"product_brand":[],"product_cat":[15],"product_tag":[4086,2960],"class_list":{"0":"post-14738","1":"product","2":"type-product","3":"status-publish","4":"has-post-thumbnail","6":"product_cat-otros-bestelakoak","7":"product_tag-antonio-orihuela","8":"product_tag-irrecuperables","10":"first","11":"instock","12":"sold-individually","13":"shipping-taxable","14":"purchasable","15":"product-type-simple"},"yoast_head":"<!-- This site is optimized with the Yoast SEO plugin v27.3 - https:\/\/yoast.com\/product\/yoast-seo-wordpress\/ -->\n<title>CAMINO DE OLDUVAI Poes\u00eda 2014-2019 &#8212; Zapateneo<\/title>\n<meta name=\"robots\" content=\"index, follow, max-snippet:-1, max-image-preview:large, max-video-preview:-1\" \/>\n<link rel=\"canonical\" href=\"https:\/\/zapateneo.net\/wordpress\/index.php\/producto\/camino-de-olduvai-poesia-2014-2019\/\" \/>\n<meta property=\"og:locale\" content=\"es_ES\" \/>\n<meta property=\"og:type\" content=\"article\" \/>\n<meta property=\"og:title\" content=\"CAMINO DE OLDUVAI Poes\u00eda 2014-2019 &#8212; Zapateneo\" \/>\n<meta property=\"og:description\" content=\"Antonio Orihuela 9788485209453 - Irrecuperables - 2023 - 670 p\u00e1ginas \/orri.\" \/>\n<meta property=\"og:url\" content=\"https:\/\/zapateneo.net\/wordpress\/index.php\/producto\/camino-de-olduvai-poesia-2014-2019\/\" \/>\n<meta property=\"og:site_name\" content=\"Zapateneo\" \/>\n<meta property=\"article:modified_time\" content=\"2023-09-16T10:24:59+00:00\" \/>\n<meta name=\"twitter:card\" content=\"summary_large_image\" \/>\n<meta name=\"twitter:site\" content=\"@zapateneo\" \/>\n<meta name=\"twitter:label1\" content=\"Tiempo de lectura\" \/>\n\t<meta name=\"twitter:data1\" content=\"2 minutos\" \/>\n<script type=\"application\/ld+json\" class=\"yoast-schema-graph\">{\"@context\":\"https:\\\/\\\/schema.org\",\"@graph\":[{\"@type\":\"WebPage\",\"@id\":\"https:\\\/\\\/zapateneo.net\\\/wordpress\\\/index.php\\\/producto\\\/camino-de-olduvai-poesia-2014-2019\\\/\",\"url\":\"https:\\\/\\\/zapateneo.net\\\/wordpress\\\/index.php\\\/producto\\\/camino-de-olduvai-poesia-2014-2019\\\/\",\"name\":\"CAMINO DE OLDUVAI Poes\u00eda 2014-2019 &#8212; Zapateneo\",\"isPartOf\":{\"@id\":\"https:\\\/\\\/zapateneo.net\\\/wordpress\\\/#website\"},\"primaryImageOfPage\":{\"@id\":\"https:\\\/\\\/zapateneo.net\\\/wordpress\\\/index.php\\\/producto\\\/camino-de-olduvai-poesia-2014-2019\\\/#primaryimage\"},\"image\":{\"@id\":\"https:\\\/\\\/zapateneo.net\\\/wordpress\\\/index.php\\\/producto\\\/camino-de-olduvai-poesia-2014-2019\\\/#primaryimage\"},\"thumbnailUrl\":\"https:\\\/\\\/zapateneo.net\\\/wordpress\\\/wp-content\\\/uploads\\\/2023\\\/09\\\/camino-de-olduvai-9788485209453.png\",\"datePublished\":\"2023-09-16T10:24:54+00:00\",\"dateModified\":\"2023-09-16T10:24:59+00:00\",\"breadcrumb\":{\"@id\":\"https:\\\/\\\/zapateneo.net\\\/wordpress\\\/index.php\\\/producto\\\/camino-de-olduvai-poesia-2014-2019\\\/#breadcrumb\"},\"inLanguage\":\"es\",\"potentialAction\":[{\"@type\":\"ReadAction\",\"target\":[\"https:\\\/\\\/zapateneo.net\\\/wordpress\\\/index.php\\\/producto\\\/camino-de-olduvai-poesia-2014-2019\\\/\"]}]},{\"@type\":\"ImageObject\",\"inLanguage\":\"es\",\"@id\":\"https:\\\/\\\/zapateneo.net\\\/wordpress\\\/index.php\\\/producto\\\/camino-de-olduvai-poesia-2014-2019\\\/#primaryimage\",\"url\":\"https:\\\/\\\/zapateneo.net\\\/wordpress\\\/wp-content\\\/uploads\\\/2023\\\/09\\\/camino-de-olduvai-9788485209453.png\",\"contentUrl\":\"https:\\\/\\\/zapateneo.net\\\/wordpress\\\/wp-content\\\/uploads\\\/2023\\\/09\\\/camino-de-olduvai-9788485209453.png\",\"width\":316,\"height\":400},{\"@type\":\"BreadcrumbList\",\"@id\":\"https:\\\/\\\/zapateneo.net\\\/wordpress\\\/index.php\\\/producto\\\/camino-de-olduvai-poesia-2014-2019\\\/#breadcrumb\",\"itemListElement\":[{\"@type\":\"ListItem\",\"position\":1,\"name\":\"Portada\",\"item\":\"https:\\\/\\\/zapateneo.net\\\/wordpress\\\/\"},{\"@type\":\"ListItem\",\"position\":2,\"name\":\"Tienda\",\"item\":\"https:\\\/\\\/zapateneo.net\\\/wordpress\\\/\"},{\"@type\":\"ListItem\",\"position\":3,\"name\":\"CAMINO DE OLDUVAI Poes\u00eda 2014-2019\"}]},{\"@type\":\"WebSite\",\"@id\":\"https:\\\/\\\/zapateneo.net\\\/wordpress\\\/#website\",\"url\":\"https:\\\/\\\/zapateneo.net\\\/wordpress\\\/\",\"name\":\"Zapateneo\",\"description\":\"Zapateneoaren webgunea\",\"publisher\":{\"@id\":\"https:\\\/\\\/zapateneo.net\\\/wordpress\\\/#organization\"},\"potentialAction\":[{\"@type\":\"SearchAction\",\"target\":{\"@type\":\"EntryPoint\",\"urlTemplate\":\"https:\\\/\\\/zapateneo.net\\\/wordpress\\\/?s={search_term_string}\"},\"query-input\":{\"@type\":\"PropertyValueSpecification\",\"valueRequired\":true,\"valueName\":\"search_term_string\"}}],\"inLanguage\":\"es\"},{\"@type\":\"Organization\",\"@id\":\"https:\\\/\\\/zapateneo.net\\\/wordpress\\\/#organization\",\"name\":\"Zapateneo Kultur Elkartea\",\"url\":\"https:\\\/\\\/zapateneo.net\\\/wordpress\\\/\",\"logo\":{\"@type\":\"ImageObject\",\"inLanguage\":\"es\",\"@id\":\"https:\\\/\\\/zapateneo.net\\\/wordpress\\\/#\\\/schema\\\/logo\\\/image\\\/\",\"url\":\"https:\\\/\\\/zapateneo.net\\\/wordpress\\\/wp-content\\\/uploads\\\/2021\\\/04\\\/zap-libu-kolec.jpg\",\"contentUrl\":\"https:\\\/\\\/zapateneo.net\\\/wordpress\\\/wp-content\\\/uploads\\\/2021\\\/04\\\/zap-libu-kolec.jpg\",\"width\":2234,\"height\":398,\"caption\":\"Zapateneo Kultur Elkartea\"},\"image\":{\"@id\":\"https:\\\/\\\/zapateneo.net\\\/wordpress\\\/#\\\/schema\\\/logo\\\/image\\\/\"},\"sameAs\":[\"https:\\\/\\\/x.com\\\/zapateneo\"]}]}<\/script>\n<!-- \/ Yoast SEO plugin. -->","yoast_head_json":{"title":"CAMINO DE OLDUVAI Poes\u00eda 2014-2019 &#8212; Zapateneo","robots":{"index":"index","follow":"follow","max-snippet":"max-snippet:-1","max-image-preview":"max-image-preview:large","max-video-preview":"max-video-preview:-1"},"canonical":"https:\/\/zapateneo.net\/wordpress\/index.php\/producto\/camino-de-olduvai-poesia-2014-2019\/","og_locale":"es_ES","og_type":"article","og_title":"CAMINO DE OLDUVAI Poes\u00eda 2014-2019 &#8212; Zapateneo","og_description":"Antonio Orihuela 9788485209453 - Irrecuperables - 2023 - 670 p\u00e1ginas \/orri.","og_url":"https:\/\/zapateneo.net\/wordpress\/index.php\/producto\/camino-de-olduvai-poesia-2014-2019\/","og_site_name":"Zapateneo","article_modified_time":"2023-09-16T10:24:59+00:00","twitter_card":"summary_large_image","twitter_site":"@zapateneo","twitter_misc":{"Tiempo de lectura":"2 minutos"},"schema":{"@context":"https:\/\/schema.org","@graph":[{"@type":"WebPage","@id":"https:\/\/zapateneo.net\/wordpress\/index.php\/producto\/camino-de-olduvai-poesia-2014-2019\/","url":"https:\/\/zapateneo.net\/wordpress\/index.php\/producto\/camino-de-olduvai-poesia-2014-2019\/","name":"CAMINO DE OLDUVAI Poes\u00eda 2014-2019 &#8212; Zapateneo","isPartOf":{"@id":"https:\/\/zapateneo.net\/wordpress\/#website"},"primaryImageOfPage":{"@id":"https:\/\/zapateneo.net\/wordpress\/index.php\/producto\/camino-de-olduvai-poesia-2014-2019\/#primaryimage"},"image":{"@id":"https:\/\/zapateneo.net\/wordpress\/index.php\/producto\/camino-de-olduvai-poesia-2014-2019\/#primaryimage"},"thumbnailUrl":"https:\/\/zapateneo.net\/wordpress\/wp-content\/uploads\/2023\/09\/camino-de-olduvai-9788485209453.png","datePublished":"2023-09-16T10:24:54+00:00","dateModified":"2023-09-16T10:24:59+00:00","breadcrumb":{"@id":"https:\/\/zapateneo.net\/wordpress\/index.php\/producto\/camino-de-olduvai-poesia-2014-2019\/#breadcrumb"},"inLanguage":"es","potentialAction":[{"@type":"ReadAction","target":["https:\/\/zapateneo.net\/wordpress\/index.php\/producto\/camino-de-olduvai-poesia-2014-2019\/"]}]},{"@type":"ImageObject","inLanguage":"es","@id":"https:\/\/zapateneo.net\/wordpress\/index.php\/producto\/camino-de-olduvai-poesia-2014-2019\/#primaryimage","url":"https:\/\/zapateneo.net\/wordpress\/wp-content\/uploads\/2023\/09\/camino-de-olduvai-9788485209453.png","contentUrl":"https:\/\/zapateneo.net\/wordpress\/wp-content\/uploads\/2023\/09\/camino-de-olduvai-9788485209453.png","width":316,"height":400},{"@type":"BreadcrumbList","@id":"https:\/\/zapateneo.net\/wordpress\/index.php\/producto\/camino-de-olduvai-poesia-2014-2019\/#breadcrumb","itemListElement":[{"@type":"ListItem","position":1,"name":"Portada","item":"https:\/\/zapateneo.net\/wordpress\/"},{"@type":"ListItem","position":2,"name":"Tienda","item":"https:\/\/zapateneo.net\/wordpress\/"},{"@type":"ListItem","position":3,"name":"CAMINO DE OLDUVAI Poes\u00eda 2014-2019"}]},{"@type":"WebSite","@id":"https:\/\/zapateneo.net\/wordpress\/#website","url":"https:\/\/zapateneo.net\/wordpress\/","name":"Zapateneo","description":"Zapateneoaren webgunea","publisher":{"@id":"https:\/\/zapateneo.net\/wordpress\/#organization"},"potentialAction":[{"@type":"SearchAction","target":{"@type":"EntryPoint","urlTemplate":"https:\/\/zapateneo.net\/wordpress\/?s={search_term_string}"},"query-input":{"@type":"PropertyValueSpecification","valueRequired":true,"valueName":"search_term_string"}}],"inLanguage":"es"},{"@type":"Organization","@id":"https:\/\/zapateneo.net\/wordpress\/#organization","name":"Zapateneo Kultur Elkartea","url":"https:\/\/zapateneo.net\/wordpress\/","logo":{"@type":"ImageObject","inLanguage":"es","@id":"https:\/\/zapateneo.net\/wordpress\/#\/schema\/logo\/image\/","url":"https:\/\/zapateneo.net\/wordpress\/wp-content\/uploads\/2021\/04\/zap-libu-kolec.jpg","contentUrl":"https:\/\/zapateneo.net\/wordpress\/wp-content\/uploads\/2021\/04\/zap-libu-kolec.jpg","width":2234,"height":398,"caption":"Zapateneo Kultur Elkartea"},"image":{"@id":"https:\/\/zapateneo.net\/wordpress\/#\/schema\/logo\/image\/"},"sameAs":["https:\/\/x.com\/zapateneo"]}]}},"_links":{"self":[{"href":"https:\/\/zapateneo.net\/wordpress\/index.php\/wp-json\/wp\/v2\/product\/14738","targetHints":{"allow":["GET"]}}],"collection":[{"href":"https:\/\/zapateneo.net\/wordpress\/index.php\/wp-json\/wp\/v2\/product"}],"about":[{"href":"https:\/\/zapateneo.net\/wordpress\/index.php\/wp-json\/wp\/v2\/types\/product"}],"wp:featuredmedia":[{"embeddable":true,"href":"https:\/\/zapateneo.net\/wordpress\/index.php\/wp-json\/wp\/v2\/media\/14750"}],"wp:attachment":[{"href":"https:\/\/zapateneo.net\/wordpress\/index.php\/wp-json\/wp\/v2\/media?parent=14738"}],"wp:term":[{"taxonomy":"product_brand","embeddable":true,"href":"https:\/\/zapateneo.net\/wordpress\/index.php\/wp-json\/wp\/v2\/product_brand?post=14738"},{"taxonomy":"product_cat","embeddable":true,"href":"https:\/\/zapateneo.net\/wordpress\/index.php\/wp-json\/wp\/v2\/product_cat?post=14738"},{"taxonomy":"product_tag","embeddable":true,"href":"https:\/\/zapateneo.net\/wordpress\/index.php\/wp-json\/wp\/v2\/product_tag?post=14738"}],"curies":[{"name":"wp","href":"https:\/\/api.w.org\/{rel}","templated":true}]}}