{"id":14737,"date":"2023-09-16T11:24:53","date_gmt":"2023-09-16T10:24:53","guid":{"rendered":"https:\/\/zapateneo.net\/wordpress\/?post_type=product&#038;p=14737"},"modified":"2023-09-16T11:24:58","modified_gmt":"2023-09-16T10:24:58","slug":"tiempo-trabajo-y-dominacion-social-una-reinterpretacion-de-la-teoria-critica-de-marx","status":"publish","type":"product","link":"https:\/\/zapateneo.net\/wordpress\/index.php\/producto\/tiempo-trabajo-y-dominacion-social-una-reinterpretacion-de-la-teoria-critica-de-marx\/","title":{"rendered":"TIEMPO, TRABAJO Y DOMINACI\u00d3N SOCIAL Una reinterpretaci\u00f3n de la teoria cr\u00edtica de Marx"},"content":{"rendered":"<p>Moishe Postone emprende en este libro una reinterpretaci\u00f3n fundamental de la teor\u00eda cr\u00edtica madura de Karl Marx. En ella pone en tela de juicio muchos de los presupuestos de los an\u00e1lisis marxistas tradicionales y ofrece nuevas perspectivas sobre los argumentos centrales de Marx.<\/p>\n<p>Para ello, desarrolla conceptos destinados a captar el car\u00e1cter esencial y el desarrollo hist\u00f3rico de la sociedad moderna, as\u00ed como a superar las conocidas dicotom\u00edas de estructura y acci\u00f3n, sentido y vida material. Estos conceptos le conducen a un an\u00e1lisis original de la naturaleza y los problemas del capitalismo y proporcionan la base para una cr\u00edtica del \u201csocialismo realmente existente\u201d.<\/p>\n<p>Seg\u00fan este enfoque, Marx identifica el n\u00facleo del sistema capitalista con una forma impersonal de dominaci\u00f3n social generada por el propio trabajo y no simplemente con los mecanismos del mercado y la propiedad privada. El trabajo proletario y el proceso de producci\u00f3n industrial se caracterizan como expresiones de dominaci\u00f3n y no como medios de emancipaci\u00f3n humana.<\/p>\n<p>Esta reinterpretaci\u00f3n conlleva un an\u00e1lisis cr\u00edtico del car\u00e1cter hist\u00f3ricamente din\u00e1mico de la vida social moderna, y relaciona la forma de crecimiento econ\u00f3mico y la estructura del trabajo social en la sociedad moderna con la alienaci\u00f3n y la dominaci\u00f3n en el coraz\u00f3n del capitalismo. De esta manera, Postone sienta las bases de una teor\u00eda social cr\u00edtica m\u00e1s adecuada al capitalismo del siglo XXI.<\/p>\n<p>Moishe Postone (1942-2018) fue un historiador y te\u00f3rico social canadiense, y profesor de Historia en la Universidad de Chicago, donde form\u00f3 parte del Comit\u00e9 de Estudios Jud\u00edos. Fue catedr\u00e1tico Thomas E. Donnelley de Historia Moderna y codirector del Centro de Teor\u00eda Contempor\u00e1nea de Chicago. Fue coeditor de Bourdieu: Critical Perspectives. Entre sus obras en castellano se puede citar asimismo Marx Reloaded: Repensar la teor\u00eda cr\u00edtica del capitalismo (Traficantes de Sue\u00f1os). Tambi\u00e9n fue coeditor de Catastrophe and Meaning: The Holocaust and the Twentieth Century (2003), una colecci\u00f3n de ensayos que analizan el significado del Holocausto en la historia del siglo XX y su influencia en la pr\u00e1ctica hist\u00f3rica.<\/p>\n","protected":false},"excerpt":{"rendered":"<p><strong>Moishe Postone<\/strong><br \/>\n9788485209576 &#8211; Irrecuperables &#8211; 2023 &#8211; 556 p\u00e1ginas \/orri.<\/p>\n","protected":false},"featured_media":14749,"template":"","meta":[],"product_brand":[],"product_cat":[15],"product_tag":[2960,6149],"class_list":{"0":"post-14737","1":"product","2":"type-product","3":"status-publish","4":"has-post-thumbnail","6":"product_cat-otros-bestelakoak","7":"product_tag-irrecuperables","8":"product_tag-moishe-postone","10":"first","11":"instock","12":"sold-individually","13":"shipping-taxable","14":"purchasable","15":"product-type-simple"},"yoast_head":"<!-- This site is optimized with the Yoast SEO plugin v27.3 - https:\/\/yoast.com\/product\/yoast-seo-wordpress\/ -->\n<title>TIEMPO, TRABAJO Y DOMINACI\u00d3N SOCIAL Una reinterpretaci\u00f3n de la teoria cr\u00edtica de Marx &#8212; Zapateneo<\/title>\n<meta name=\"robots\" content=\"index, follow, max-snippet:-1, max-image-preview:large, max-video-preview:-1\" \/>\n<link rel=\"canonical\" href=\"https:\/\/zapateneo.net\/wordpress\/index.php\/producto\/tiempo-trabajo-y-dominacion-social-una-reinterpretacion-de-la-teoria-critica-de-marx\/\" \/>\n<meta property=\"og:locale\" content=\"es_ES\" \/>\n<meta property=\"og:type\" content=\"article\" \/>\n<meta property=\"og:title\" content=\"TIEMPO, TRABAJO Y DOMINACI\u00d3N SOCIAL Una reinterpretaci\u00f3n de la teoria cr\u00edtica de Marx &#8212; Zapateneo\" \/>\n<meta property=\"og:description\" content=\"Moishe Postone 9788485209576 - Irrecuperables - 2023 - 556 p\u00e1ginas \/orri.\" \/>\n<meta property=\"og:url\" content=\"https:\/\/zapateneo.net\/wordpress\/index.php\/producto\/tiempo-trabajo-y-dominacion-social-una-reinterpretacion-de-la-teoria-critica-de-marx\/\" \/>\n<meta property=\"og:site_name\" content=\"Zapateneo\" \/>\n<meta property=\"article:modified_time\" content=\"2023-09-16T10:24:58+00:00\" \/>\n<meta name=\"twitter:card\" content=\"summary_large_image\" \/>\n<meta name=\"twitter:site\" content=\"@zapateneo\" \/>\n<meta name=\"twitter:label1\" content=\"Tiempo de lectura\" \/>\n\t<meta name=\"twitter:data1\" content=\"2 minutos\" \/>\n<script type=\"application\/ld+json\" class=\"yoast-schema-graph\">{\"@context\":\"https:\\\/\\\/schema.org\",\"@graph\":[{\"@type\":\"WebPage\",\"@id\":\"https:\\\/\\\/zapateneo.net\\\/wordpress\\\/index.php\\\/producto\\\/tiempo-trabajo-y-dominacion-social-una-reinterpretacion-de-la-teoria-critica-de-marx\\\/\",\"url\":\"https:\\\/\\\/zapateneo.net\\\/wordpress\\\/index.php\\\/producto\\\/tiempo-trabajo-y-dominacion-social-una-reinterpretacion-de-la-teoria-critica-de-marx\\\/\",\"name\":\"TIEMPO, TRABAJO Y DOMINACI\u00d3N SOCIAL Una reinterpretaci\u00f3n de la teoria cr\u00edtica de Marx &#8212; Zapateneo\",\"isPartOf\":{\"@id\":\"https:\\\/\\\/zapateneo.net\\\/wordpress\\\/#website\"},\"primaryImageOfPage\":{\"@id\":\"https:\\\/\\\/zapateneo.net\\\/wordpress\\\/index.php\\\/producto\\\/tiempo-trabajo-y-dominacion-social-una-reinterpretacion-de-la-teoria-critica-de-marx\\\/#primaryimage\"},\"image\":{\"@id\":\"https:\\\/\\\/zapateneo.net\\\/wordpress\\\/index.php\\\/producto\\\/tiempo-trabajo-y-dominacion-social-una-reinterpretacion-de-la-teoria-critica-de-marx\\\/#primaryimage\"},\"thumbnailUrl\":\"https:\\\/\\\/zapateneo.net\\\/wordpress\\\/wp-content\\\/uploads\\\/2023\\\/09\\\/tiempo-trabajo-y-dominacion-social-9788485209576.png\",\"datePublished\":\"2023-09-16T10:24:53+00:00\",\"dateModified\":\"2023-09-16T10:24:58+00:00\",\"breadcrumb\":{\"@id\":\"https:\\\/\\\/zapateneo.net\\\/wordpress\\\/index.php\\\/producto\\\/tiempo-trabajo-y-dominacion-social-una-reinterpretacion-de-la-teoria-critica-de-marx\\\/#breadcrumb\"},\"inLanguage\":\"es\",\"potentialAction\":[{\"@type\":\"ReadAction\",\"target\":[\"https:\\\/\\\/zapateneo.net\\\/wordpress\\\/index.php\\\/producto\\\/tiempo-trabajo-y-dominacion-social-una-reinterpretacion-de-la-teoria-critica-de-marx\\\/\"]}]},{\"@type\":\"ImageObject\",\"inLanguage\":\"es\",\"@id\":\"https:\\\/\\\/zapateneo.net\\\/wordpress\\\/index.php\\\/producto\\\/tiempo-trabajo-y-dominacion-social-una-reinterpretacion-de-la-teoria-critica-de-marx\\\/#primaryimage\",\"url\":\"https:\\\/\\\/zapateneo.net\\\/wordpress\\\/wp-content\\\/uploads\\\/2023\\\/09\\\/tiempo-trabajo-y-dominacion-social-9788485209576.png\",\"contentUrl\":\"https:\\\/\\\/zapateneo.net\\\/wordpress\\\/wp-content\\\/uploads\\\/2023\\\/09\\\/tiempo-trabajo-y-dominacion-social-9788485209576.png\",\"width\":267,\"height\":400},{\"@type\":\"BreadcrumbList\",\"@id\":\"https:\\\/\\\/zapateneo.net\\\/wordpress\\\/index.php\\\/producto\\\/tiempo-trabajo-y-dominacion-social-una-reinterpretacion-de-la-teoria-critica-de-marx\\\/#breadcrumb\",\"itemListElement\":[{\"@type\":\"ListItem\",\"position\":1,\"name\":\"Portada\",\"item\":\"https:\\\/\\\/zapateneo.net\\\/wordpress\\\/\"},{\"@type\":\"ListItem\",\"position\":2,\"name\":\"Tienda\",\"item\":\"https:\\\/\\\/zapateneo.net\\\/wordpress\\\/\"},{\"@type\":\"ListItem\",\"position\":3,\"name\":\"TIEMPO, TRABAJO Y DOMINACI\u00d3N SOCIAL Una reinterpretaci\u00f3n de la teoria cr\u00edtica de Marx\"}]},{\"@type\":\"WebSite\",\"@id\":\"https:\\\/\\\/zapateneo.net\\\/wordpress\\\/#website\",\"url\":\"https:\\\/\\\/zapateneo.net\\\/wordpress\\\/\",\"name\":\"Zapateneo\",\"description\":\"Zapateneoaren webgunea\",\"publisher\":{\"@id\":\"https:\\\/\\\/zapateneo.net\\\/wordpress\\\/#organization\"},\"potentialAction\":[{\"@type\":\"SearchAction\",\"target\":{\"@type\":\"EntryPoint\",\"urlTemplate\":\"https:\\\/\\\/zapateneo.net\\\/wordpress\\\/?s={search_term_string}\"},\"query-input\":{\"@type\":\"PropertyValueSpecification\",\"valueRequired\":true,\"valueName\":\"search_term_string\"}}],\"inLanguage\":\"es\"},{\"@type\":\"Organization\",\"@id\":\"https:\\\/\\\/zapateneo.net\\\/wordpress\\\/#organization\",\"name\":\"Zapateneo Kultur Elkartea\",\"url\":\"https:\\\/\\\/zapateneo.net\\\/wordpress\\\/\",\"logo\":{\"@type\":\"ImageObject\",\"inLanguage\":\"es\",\"@id\":\"https:\\\/\\\/zapateneo.net\\\/wordpress\\\/#\\\/schema\\\/logo\\\/image\\\/\",\"url\":\"https:\\\/\\\/zapateneo.net\\\/wordpress\\\/wp-content\\\/uploads\\\/2021\\\/04\\\/zap-libu-kolec.jpg\",\"contentUrl\":\"https:\\\/\\\/zapateneo.net\\\/wordpress\\\/wp-content\\\/uploads\\\/2021\\\/04\\\/zap-libu-kolec.jpg\",\"width\":2234,\"height\":398,\"caption\":\"Zapateneo Kultur Elkartea\"},\"image\":{\"@id\":\"https:\\\/\\\/zapateneo.net\\\/wordpress\\\/#\\\/schema\\\/logo\\\/image\\\/\"},\"sameAs\":[\"https:\\\/\\\/x.com\\\/zapateneo\"]}]}<\/script>\n<!-- \/ Yoast SEO plugin. -->","yoast_head_json":{"title":"TIEMPO, TRABAJO Y DOMINACI\u00d3N SOCIAL Una reinterpretaci\u00f3n de la teoria cr\u00edtica de Marx &#8212; Zapateneo","robots":{"index":"index","follow":"follow","max-snippet":"max-snippet:-1","max-image-preview":"max-image-preview:large","max-video-preview":"max-video-preview:-1"},"canonical":"https:\/\/zapateneo.net\/wordpress\/index.php\/producto\/tiempo-trabajo-y-dominacion-social-una-reinterpretacion-de-la-teoria-critica-de-marx\/","og_locale":"es_ES","og_type":"article","og_title":"TIEMPO, TRABAJO Y DOMINACI\u00d3N SOCIAL Una reinterpretaci\u00f3n de la teoria cr\u00edtica de Marx &#8212; Zapateneo","og_description":"Moishe Postone 9788485209576 - Irrecuperables - 2023 - 556 p\u00e1ginas \/orri.","og_url":"https:\/\/zapateneo.net\/wordpress\/index.php\/producto\/tiempo-trabajo-y-dominacion-social-una-reinterpretacion-de-la-teoria-critica-de-marx\/","og_site_name":"Zapateneo","article_modified_time":"2023-09-16T10:24:58+00:00","twitter_card":"summary_large_image","twitter_site":"@zapateneo","twitter_misc":{"Tiempo de lectura":"2 minutos"},"schema":{"@context":"https:\/\/schema.org","@graph":[{"@type":"WebPage","@id":"https:\/\/zapateneo.net\/wordpress\/index.php\/producto\/tiempo-trabajo-y-dominacion-social-una-reinterpretacion-de-la-teoria-critica-de-marx\/","url":"https:\/\/zapateneo.net\/wordpress\/index.php\/producto\/tiempo-trabajo-y-dominacion-social-una-reinterpretacion-de-la-teoria-critica-de-marx\/","name":"TIEMPO, TRABAJO Y DOMINACI\u00d3N SOCIAL Una reinterpretaci\u00f3n de la teoria cr\u00edtica de Marx &#8212; Zapateneo","isPartOf":{"@id":"https:\/\/zapateneo.net\/wordpress\/#website"},"primaryImageOfPage":{"@id":"https:\/\/zapateneo.net\/wordpress\/index.php\/producto\/tiempo-trabajo-y-dominacion-social-una-reinterpretacion-de-la-teoria-critica-de-marx\/#primaryimage"},"image":{"@id":"https:\/\/zapateneo.net\/wordpress\/index.php\/producto\/tiempo-trabajo-y-dominacion-social-una-reinterpretacion-de-la-teoria-critica-de-marx\/#primaryimage"},"thumbnailUrl":"https:\/\/zapateneo.net\/wordpress\/wp-content\/uploads\/2023\/09\/tiempo-trabajo-y-dominacion-social-9788485209576.png","datePublished":"2023-09-16T10:24:53+00:00","dateModified":"2023-09-16T10:24:58+00:00","breadcrumb":{"@id":"https:\/\/zapateneo.net\/wordpress\/index.php\/producto\/tiempo-trabajo-y-dominacion-social-una-reinterpretacion-de-la-teoria-critica-de-marx\/#breadcrumb"},"inLanguage":"es","potentialAction":[{"@type":"ReadAction","target":["https:\/\/zapateneo.net\/wordpress\/index.php\/producto\/tiempo-trabajo-y-dominacion-social-una-reinterpretacion-de-la-teoria-critica-de-marx\/"]}]},{"@type":"ImageObject","inLanguage":"es","@id":"https:\/\/zapateneo.net\/wordpress\/index.php\/producto\/tiempo-trabajo-y-dominacion-social-una-reinterpretacion-de-la-teoria-critica-de-marx\/#primaryimage","url":"https:\/\/zapateneo.net\/wordpress\/wp-content\/uploads\/2023\/09\/tiempo-trabajo-y-dominacion-social-9788485209576.png","contentUrl":"https:\/\/zapateneo.net\/wordpress\/wp-content\/uploads\/2023\/09\/tiempo-trabajo-y-dominacion-social-9788485209576.png","width":267,"height":400},{"@type":"BreadcrumbList","@id":"https:\/\/zapateneo.net\/wordpress\/index.php\/producto\/tiempo-trabajo-y-dominacion-social-una-reinterpretacion-de-la-teoria-critica-de-marx\/#breadcrumb","itemListElement":[{"@type":"ListItem","position":1,"name":"Portada","item":"https:\/\/zapateneo.net\/wordpress\/"},{"@type":"ListItem","position":2,"name":"Tienda","item":"https:\/\/zapateneo.net\/wordpress\/"},{"@type":"ListItem","position":3,"name":"TIEMPO, TRABAJO Y DOMINACI\u00d3N SOCIAL Una reinterpretaci\u00f3n de la teoria cr\u00edtica de Marx"}]},{"@type":"WebSite","@id":"https:\/\/zapateneo.net\/wordpress\/#website","url":"https:\/\/zapateneo.net\/wordpress\/","name":"Zapateneo","description":"Zapateneoaren webgunea","publisher":{"@id":"https:\/\/zapateneo.net\/wordpress\/#organization"},"potentialAction":[{"@type":"SearchAction","target":{"@type":"EntryPoint","urlTemplate":"https:\/\/zapateneo.net\/wordpress\/?s={search_term_string}"},"query-input":{"@type":"PropertyValueSpecification","valueRequired":true,"valueName":"search_term_string"}}],"inLanguage":"es"},{"@type":"Organization","@id":"https:\/\/zapateneo.net\/wordpress\/#organization","name":"Zapateneo Kultur Elkartea","url":"https:\/\/zapateneo.net\/wordpress\/","logo":{"@type":"ImageObject","inLanguage":"es","@id":"https:\/\/zapateneo.net\/wordpress\/#\/schema\/logo\/image\/","url":"https:\/\/zapateneo.net\/wordpress\/wp-content\/uploads\/2021\/04\/zap-libu-kolec.jpg","contentUrl":"https:\/\/zapateneo.net\/wordpress\/wp-content\/uploads\/2021\/04\/zap-libu-kolec.jpg","width":2234,"height":398,"caption":"Zapateneo Kultur Elkartea"},"image":{"@id":"https:\/\/zapateneo.net\/wordpress\/#\/schema\/logo\/image\/"},"sameAs":["https:\/\/x.com\/zapateneo"]}]}},"_links":{"self":[{"href":"https:\/\/zapateneo.net\/wordpress\/index.php\/wp-json\/wp\/v2\/product\/14737","targetHints":{"allow":["GET"]}}],"collection":[{"href":"https:\/\/zapateneo.net\/wordpress\/index.php\/wp-json\/wp\/v2\/product"}],"about":[{"href":"https:\/\/zapateneo.net\/wordpress\/index.php\/wp-json\/wp\/v2\/types\/product"}],"wp:featuredmedia":[{"embeddable":true,"href":"https:\/\/zapateneo.net\/wordpress\/index.php\/wp-json\/wp\/v2\/media\/14749"}],"wp:attachment":[{"href":"https:\/\/zapateneo.net\/wordpress\/index.php\/wp-json\/wp\/v2\/media?parent=14737"}],"wp:term":[{"taxonomy":"product_brand","embeddable":true,"href":"https:\/\/zapateneo.net\/wordpress\/index.php\/wp-json\/wp\/v2\/product_brand?post=14737"},{"taxonomy":"product_cat","embeddable":true,"href":"https:\/\/zapateneo.net\/wordpress\/index.php\/wp-json\/wp\/v2\/product_cat?post=14737"},{"taxonomy":"product_tag","embeddable":true,"href":"https:\/\/zapateneo.net\/wordpress\/index.php\/wp-json\/wp\/v2\/product_tag?post=14737"}],"curies":[{"name":"wp","href":"https:\/\/api.w.org\/{rel}","templated":true}]}}