{"id":14736,"date":"2023-09-16T11:24:53","date_gmt":"2023-09-16T10:24:53","guid":{"rendered":"https:\/\/zapateneo.net\/wordpress\/?post_type=product&#038;p=14736"},"modified":"2023-09-16T11:24:57","modified_gmt":"2023-09-16T10:24:57","slug":"el-mito-de-los-derechos-humanos-y-otros-escritos","status":"publish","type":"product","link":"https:\/\/zapateneo.net\/wordpress\/index.php\/producto\/el-mito-de-los-derechos-humanos-y-otros-escritos\/","title":{"rendered":"EL MITO DE LOS DERECHOS HUMANOS (y otros escritos)"},"content":{"rendered":"<p>Los derechos humanos son mitos, creencias m\u00e1s que declaraciones de hechos, no obstante desempe\u00f1an funciones pol\u00edticas, para justificar alguna pr\u00e1ctica social, movimiento o instituci\u00f3n, y en gran medida para justificar la autoridad. En su concepci\u00f3n moderna, los derechos humanos est\u00e1n basados en la naturaleza humana \u2014lo cual evita el problema de Dios\u2014, pero nadie sabe qu\u00e9 es realmente la naturaleza humana, y de ah\u00ed la ambig\u00fcedad de tales derechos.<\/p>\n<p>A estas alturas se reconoce, aunque a rega\u00f1adientes, que no existe ning\u00fan consenso internacional sobre el concepto de derechos humanos, y mucho menos sobre su contenido, que ni siquiera resulta ser progresista per s\u00e9. Estos derechos son una idea relativamente reciente y occidental, que no encaja en la forma en que muchas culturas conciben las relaciones sociales o resuelven sus conflictos tradicionalmente, y a menudo esto les obliga a recurrir a instancias superiores. Por otra parte, hay algo intr\u00ednsecamente capitalista en el discurso de los DDHH, pues pretende una universalidad y homogeneizaci\u00f3n de las sociedades y del modo de aplicar la justicia (acorde al modelo pol\u00edtico y econ\u00f3mico del primer mundo), en detrimento de pr\u00e1cticas aut\u00f3nomas.<\/p>\n<p>Adem\u00e1s, los derechos humanos no constituyen un problema real, sino un problema moral, y por ello no proporcionan razones para actuar, al menos para las personas que los detentan. Ante ello, la sugerencia de Bob Black es: no reclam\u00e9is que se respeten vuestros derechos, exigid que se atiendan vuestras reclamaciones concretas, vuestras necesidades e intereses; mejor a\u00fan, si pod\u00e9is, realizadlos vosotros mismos. Todas los victorias se consiguen con lucha social o autogesti\u00f3n, los derechos si acaso vienen despu\u00e9s y no aseguran nada por s\u00ed mismos.<\/p>\n<p>Esta edici\u00f3n incluye tambi\u00e9n una selecci\u00f3n de escritos de Bob Black.<\/p>\n","protected":false},"excerpt":{"rendered":"<p><strong>Bob Black<\/strong><br \/>\n9788485209545 &#8211; Irrecuperables &#8211; 2023 &#8211; 196 p\u00e1ginas \/orri.<\/p>\n","protected":false},"featured_media":14748,"template":"","meta":[],"product_brand":[],"product_cat":[15],"product_tag":[6723,2960],"class_list":{"0":"post-14736","1":"product","2":"type-product","3":"status-publish","4":"has-post-thumbnail","6":"product_cat-otros-bestelakoak","7":"product_tag-bob-black","8":"product_tag-irrecuperables","10":"first","11":"instock","12":"sold-individually","13":"shipping-taxable","14":"purchasable","15":"product-type-simple"},"yoast_head":"<!-- This site is optimized with the Yoast SEO plugin v27.4 - https:\/\/yoast.com\/product\/yoast-seo-wordpress\/ -->\n<title>EL MITO DE LOS DERECHOS HUMANOS (y otros escritos) &#8212; Zapateneo<\/title>\n<meta name=\"robots\" content=\"index, follow, max-snippet:-1, max-image-preview:large, max-video-preview:-1\" \/>\n<link rel=\"canonical\" href=\"https:\/\/zapateneo.net\/wordpress\/index.php\/producto\/el-mito-de-los-derechos-humanos-y-otros-escritos\/\" \/>\n<meta property=\"og:locale\" content=\"es_ES\" \/>\n<meta property=\"og:type\" content=\"article\" \/>\n<meta property=\"og:title\" content=\"EL MITO DE LOS DERECHOS HUMANOS (y otros escritos) &#8212; Zapateneo\" \/>\n<meta property=\"og:description\" content=\"Bob Black 9788485209545 - Irrecuperables - 2023 - 196 p\u00e1ginas \/orri.\" \/>\n<meta property=\"og:url\" content=\"https:\/\/zapateneo.net\/wordpress\/index.php\/producto\/el-mito-de-los-derechos-humanos-y-otros-escritos\/\" \/>\n<meta property=\"og:site_name\" content=\"Zapateneo\" \/>\n<meta property=\"article:modified_time\" content=\"2023-09-16T10:24:57+00:00\" \/>\n<meta name=\"twitter:card\" content=\"summary_large_image\" \/>\n<meta name=\"twitter:site\" content=\"@zapateneo\" \/>\n<meta name=\"twitter:label1\" content=\"Tiempo de lectura\" \/>\n\t<meta name=\"twitter:data1\" content=\"2 minutos\" \/>\n<script type=\"application\/ld+json\" class=\"yoast-schema-graph\">{\"@context\":\"https:\\\/\\\/schema.org\",\"@graph\":[{\"@type\":\"WebPage\",\"@id\":\"https:\\\/\\\/zapateneo.net\\\/wordpress\\\/index.php\\\/producto\\\/el-mito-de-los-derechos-humanos-y-otros-escritos\\\/\",\"url\":\"https:\\\/\\\/zapateneo.net\\\/wordpress\\\/index.php\\\/producto\\\/el-mito-de-los-derechos-humanos-y-otros-escritos\\\/\",\"name\":\"EL MITO DE LOS DERECHOS HUMANOS (y otros escritos) &#8212; Zapateneo\",\"isPartOf\":{\"@id\":\"https:\\\/\\\/zapateneo.net\\\/wordpress\\\/#website\"},\"primaryImageOfPage\":{\"@id\":\"https:\\\/\\\/zapateneo.net\\\/wordpress\\\/index.php\\\/producto\\\/el-mito-de-los-derechos-humanos-y-otros-escritos\\\/#primaryimage\"},\"image\":{\"@id\":\"https:\\\/\\\/zapateneo.net\\\/wordpress\\\/index.php\\\/producto\\\/el-mito-de-los-derechos-humanos-y-otros-escritos\\\/#primaryimage\"},\"thumbnailUrl\":\"https:\\\/\\\/zapateneo.net\\\/wordpress\\\/wp-content\\\/uploads\\\/2023\\\/09\\\/el-mito-de-los-derechos-humanos-9788485209545.jpg\",\"datePublished\":\"2023-09-16T10:24:53+00:00\",\"dateModified\":\"2023-09-16T10:24:57+00:00\",\"breadcrumb\":{\"@id\":\"https:\\\/\\\/zapateneo.net\\\/wordpress\\\/index.php\\\/producto\\\/el-mito-de-los-derechos-humanos-y-otros-escritos\\\/#breadcrumb\"},\"inLanguage\":\"es\",\"potentialAction\":[{\"@type\":\"ReadAction\",\"target\":[\"https:\\\/\\\/zapateneo.net\\\/wordpress\\\/index.php\\\/producto\\\/el-mito-de-los-derechos-humanos-y-otros-escritos\\\/\"]}]},{\"@type\":\"ImageObject\",\"inLanguage\":\"es\",\"@id\":\"https:\\\/\\\/zapateneo.net\\\/wordpress\\\/index.php\\\/producto\\\/el-mito-de-los-derechos-humanos-y-otros-escritos\\\/#primaryimage\",\"url\":\"https:\\\/\\\/zapateneo.net\\\/wordpress\\\/wp-content\\\/uploads\\\/2023\\\/09\\\/el-mito-de-los-derechos-humanos-9788485209545.jpg\",\"contentUrl\":\"https:\\\/\\\/zapateneo.net\\\/wordpress\\\/wp-content\\\/uploads\\\/2023\\\/09\\\/el-mito-de-los-derechos-humanos-9788485209545.jpg\",\"width\":289,\"height\":400},{\"@type\":\"BreadcrumbList\",\"@id\":\"https:\\\/\\\/zapateneo.net\\\/wordpress\\\/index.php\\\/producto\\\/el-mito-de-los-derechos-humanos-y-otros-escritos\\\/#breadcrumb\",\"itemListElement\":[{\"@type\":\"ListItem\",\"position\":1,\"name\":\"Portada\",\"item\":\"https:\\\/\\\/zapateneo.net\\\/wordpress\\\/\"},{\"@type\":\"ListItem\",\"position\":2,\"name\":\"Tienda\",\"item\":\"https:\\\/\\\/zapateneo.net\\\/wordpress\\\/\"},{\"@type\":\"ListItem\",\"position\":3,\"name\":\"EL MITO DE LOS DERECHOS HUMANOS (y otros escritos)\"}]},{\"@type\":\"WebSite\",\"@id\":\"https:\\\/\\\/zapateneo.net\\\/wordpress\\\/#website\",\"url\":\"https:\\\/\\\/zapateneo.net\\\/wordpress\\\/\",\"name\":\"Zapateneo\",\"description\":\"Zapateneoaren webgunea\",\"publisher\":{\"@id\":\"https:\\\/\\\/zapateneo.net\\\/wordpress\\\/#organization\"},\"potentialAction\":[{\"@type\":\"SearchAction\",\"target\":{\"@type\":\"EntryPoint\",\"urlTemplate\":\"https:\\\/\\\/zapateneo.net\\\/wordpress\\\/?s={search_term_string}\"},\"query-input\":{\"@type\":\"PropertyValueSpecification\",\"valueRequired\":true,\"valueName\":\"search_term_string\"}}],\"inLanguage\":\"es\"},{\"@type\":\"Organization\",\"@id\":\"https:\\\/\\\/zapateneo.net\\\/wordpress\\\/#organization\",\"name\":\"Zapateneo Kultur Elkartea\",\"url\":\"https:\\\/\\\/zapateneo.net\\\/wordpress\\\/\",\"logo\":{\"@type\":\"ImageObject\",\"inLanguage\":\"es\",\"@id\":\"https:\\\/\\\/zapateneo.net\\\/wordpress\\\/#\\\/schema\\\/logo\\\/image\\\/\",\"url\":\"https:\\\/\\\/zapateneo.net\\\/wordpress\\\/wp-content\\\/uploads\\\/2021\\\/04\\\/zap-libu-kolec.jpg\",\"contentUrl\":\"https:\\\/\\\/zapateneo.net\\\/wordpress\\\/wp-content\\\/uploads\\\/2021\\\/04\\\/zap-libu-kolec.jpg\",\"width\":2234,\"height\":398,\"caption\":\"Zapateneo Kultur Elkartea\"},\"image\":{\"@id\":\"https:\\\/\\\/zapateneo.net\\\/wordpress\\\/#\\\/schema\\\/logo\\\/image\\\/\"},\"sameAs\":[\"https:\\\/\\\/x.com\\\/zapateneo\"]}]}<\/script>\n<!-- \/ Yoast SEO plugin. -->","yoast_head_json":{"title":"EL MITO DE LOS DERECHOS HUMANOS (y otros escritos) &#8212; Zapateneo","robots":{"index":"index","follow":"follow","max-snippet":"max-snippet:-1","max-image-preview":"max-image-preview:large","max-video-preview":"max-video-preview:-1"},"canonical":"https:\/\/zapateneo.net\/wordpress\/index.php\/producto\/el-mito-de-los-derechos-humanos-y-otros-escritos\/","og_locale":"es_ES","og_type":"article","og_title":"EL MITO DE LOS DERECHOS HUMANOS (y otros escritos) &#8212; Zapateneo","og_description":"Bob Black 9788485209545 - Irrecuperables - 2023 - 196 p\u00e1ginas \/orri.","og_url":"https:\/\/zapateneo.net\/wordpress\/index.php\/producto\/el-mito-de-los-derechos-humanos-y-otros-escritos\/","og_site_name":"Zapateneo","article_modified_time":"2023-09-16T10:24:57+00:00","twitter_card":"summary_large_image","twitter_site":"@zapateneo","twitter_misc":{"Tiempo de lectura":"2 minutos"},"schema":{"@context":"https:\/\/schema.org","@graph":[{"@type":"WebPage","@id":"https:\/\/zapateneo.net\/wordpress\/index.php\/producto\/el-mito-de-los-derechos-humanos-y-otros-escritos\/","url":"https:\/\/zapateneo.net\/wordpress\/index.php\/producto\/el-mito-de-los-derechos-humanos-y-otros-escritos\/","name":"EL MITO DE LOS DERECHOS HUMANOS (y otros escritos) &#8212; Zapateneo","isPartOf":{"@id":"https:\/\/zapateneo.net\/wordpress\/#website"},"primaryImageOfPage":{"@id":"https:\/\/zapateneo.net\/wordpress\/index.php\/producto\/el-mito-de-los-derechos-humanos-y-otros-escritos\/#primaryimage"},"image":{"@id":"https:\/\/zapateneo.net\/wordpress\/index.php\/producto\/el-mito-de-los-derechos-humanos-y-otros-escritos\/#primaryimage"},"thumbnailUrl":"https:\/\/zapateneo.net\/wordpress\/wp-content\/uploads\/2023\/09\/el-mito-de-los-derechos-humanos-9788485209545.jpg","datePublished":"2023-09-16T10:24:53+00:00","dateModified":"2023-09-16T10:24:57+00:00","breadcrumb":{"@id":"https:\/\/zapateneo.net\/wordpress\/index.php\/producto\/el-mito-de-los-derechos-humanos-y-otros-escritos\/#breadcrumb"},"inLanguage":"es","potentialAction":[{"@type":"ReadAction","target":["https:\/\/zapateneo.net\/wordpress\/index.php\/producto\/el-mito-de-los-derechos-humanos-y-otros-escritos\/"]}]},{"@type":"ImageObject","inLanguage":"es","@id":"https:\/\/zapateneo.net\/wordpress\/index.php\/producto\/el-mito-de-los-derechos-humanos-y-otros-escritos\/#primaryimage","url":"https:\/\/zapateneo.net\/wordpress\/wp-content\/uploads\/2023\/09\/el-mito-de-los-derechos-humanos-9788485209545.jpg","contentUrl":"https:\/\/zapateneo.net\/wordpress\/wp-content\/uploads\/2023\/09\/el-mito-de-los-derechos-humanos-9788485209545.jpg","width":289,"height":400},{"@type":"BreadcrumbList","@id":"https:\/\/zapateneo.net\/wordpress\/index.php\/producto\/el-mito-de-los-derechos-humanos-y-otros-escritos\/#breadcrumb","itemListElement":[{"@type":"ListItem","position":1,"name":"Portada","item":"https:\/\/zapateneo.net\/wordpress\/"},{"@type":"ListItem","position":2,"name":"Tienda","item":"https:\/\/zapateneo.net\/wordpress\/"},{"@type":"ListItem","position":3,"name":"EL MITO DE LOS DERECHOS HUMANOS (y otros escritos)"}]},{"@type":"WebSite","@id":"https:\/\/zapateneo.net\/wordpress\/#website","url":"https:\/\/zapateneo.net\/wordpress\/","name":"Zapateneo","description":"Zapateneoaren webgunea","publisher":{"@id":"https:\/\/zapateneo.net\/wordpress\/#organization"},"potentialAction":[{"@type":"SearchAction","target":{"@type":"EntryPoint","urlTemplate":"https:\/\/zapateneo.net\/wordpress\/?s={search_term_string}"},"query-input":{"@type":"PropertyValueSpecification","valueRequired":true,"valueName":"search_term_string"}}],"inLanguage":"es"},{"@type":"Organization","@id":"https:\/\/zapateneo.net\/wordpress\/#organization","name":"Zapateneo Kultur Elkartea","url":"https:\/\/zapateneo.net\/wordpress\/","logo":{"@type":"ImageObject","inLanguage":"es","@id":"https:\/\/zapateneo.net\/wordpress\/#\/schema\/logo\/image\/","url":"https:\/\/zapateneo.net\/wordpress\/wp-content\/uploads\/2021\/04\/zap-libu-kolec.jpg","contentUrl":"https:\/\/zapateneo.net\/wordpress\/wp-content\/uploads\/2021\/04\/zap-libu-kolec.jpg","width":2234,"height":398,"caption":"Zapateneo Kultur Elkartea"},"image":{"@id":"https:\/\/zapateneo.net\/wordpress\/#\/schema\/logo\/image\/"},"sameAs":["https:\/\/x.com\/zapateneo"]}]}},"_links":{"self":[{"href":"https:\/\/zapateneo.net\/wordpress\/index.php\/wp-json\/wp\/v2\/product\/14736","targetHints":{"allow":["GET"]}}],"collection":[{"href":"https:\/\/zapateneo.net\/wordpress\/index.php\/wp-json\/wp\/v2\/product"}],"about":[{"href":"https:\/\/zapateneo.net\/wordpress\/index.php\/wp-json\/wp\/v2\/types\/product"}],"wp:featuredmedia":[{"embeddable":true,"href":"https:\/\/zapateneo.net\/wordpress\/index.php\/wp-json\/wp\/v2\/media\/14748"}],"wp:attachment":[{"href":"https:\/\/zapateneo.net\/wordpress\/index.php\/wp-json\/wp\/v2\/media?parent=14736"}],"wp:term":[{"taxonomy":"product_brand","embeddable":true,"href":"https:\/\/zapateneo.net\/wordpress\/index.php\/wp-json\/wp\/v2\/product_brand?post=14736"},{"taxonomy":"product_cat","embeddable":true,"href":"https:\/\/zapateneo.net\/wordpress\/index.php\/wp-json\/wp\/v2\/product_cat?post=14736"},{"taxonomy":"product_tag","embeddable":true,"href":"https:\/\/zapateneo.net\/wordpress\/index.php\/wp-json\/wp\/v2\/product_tag?post=14736"}],"curies":[{"name":"wp","href":"https:\/\/api.w.org\/{rel}","templated":true}]}}