{"id":14722,"date":"2023-09-15T05:54:20","date_gmt":"2023-09-15T04:54:20","guid":{"rendered":"https:\/\/zapateneo.net\/wordpress\/?post_type=product&#038;p=14722"},"modified":"2023-09-15T05:54:28","modified_gmt":"2023-09-15T04:54:28","slug":"los-treinta-ingloriosos-escenas-politicas-1991-2021","status":"publish","type":"product","link":"https:\/\/zapateneo.net\/wordpress\/index.php\/producto\/los-treinta-ingloriosos-escenas-politicas-1991-2021\/","title":{"rendered":"LOS TREINTA INGLORIOSOS Escenas pol\u00edticas 1991-2021"},"content":{"rendered":"<p>\u00bfPor qu\u00e9 los partidos de extrema derecha ocupan las primeras filas en casi todas partes? \u00bfPor qu\u00e9 sus ideas se extienden por las esferas acad\u00e9micas, gubernamentales y comunicativas?<\/p>\n<p>Este libro lo explica a partir del colapso de la izquierda. Aquella que crey\u00f3 que la ca\u00edda del ecosistema sovi\u00e9tico en 1991 iba a devenir en una democracia liberal planetaria que, con sus m\u00e1s y sus menos, garantizar\u00eda un progreso apacible de la humanidad.<\/p>\n<p>Sin embargo, a lo largo de las tres \u00faltimas d\u00e9cadas, los poderes realmente existentes han gangrenado la libertad y la democracia. Han empeque\u00f1ecido el reparto de la riqueza y, para conseguirlo, ha resultado imprescindible la colaboraci\u00f3n de amplios sectores de las \u00e9lites pol\u00edticas e intelectuales progresistas, que han transformado sus esperanzas frustradas en un profundo resentimiento contra todo lo que las hubo alimentado.<\/p>\n<p>Para esa izquierda, la clase obrera conforma un populacho superado por la modernidad y la tecnolog\u00eda, incapaz de desprenderse de privilegios arcaicos y cuya nostalgia la asimila a la extrema derecha identitaria y racista. Al mismo tiempo, es la izquierda que defiende un Estado de seguridad que supuestamente protege a la poblaci\u00f3n de las amenazas acechantes pero que, por el contrario, no para de reforzar el miedo, el odio y la persecuci\u00f3n de chivos expiatorios. En definitiva, la izquierda que ha arrinconado la lucha de clases y que apuesta por un Estado de seguridad, va a amalgamarse con el racismo distinguido de los hombres poderosos y con el racismo vulgar de las clases subalternas alienadas.<\/p>\n<p>Entonces, ante esta contrarrevoluci\u00f3n en marcha, \u00bfqu\u00e9 hacer? Ranci\u00e8re tiene unas cuantas propuestas.<\/p>\n<p>Jacques Ranci\u00e8re (1940, Argel)  Fue profesor en la Universidad de Par\u00eds VIII. Sus ensayos sobre literatura, cine, est\u00e9tica, pedagog\u00eda, historia del proletariado y filosof\u00eda lo convierten en una referencia absoluta del pensamiento emancipador contempor\u00e1neo.<\/p>\n<p>Particip\u00f3, entre otros, junto a Louis Althusser (con quien romper\u00eda posteriormente) en la elaboraci\u00f3n de Para leer El capital, texto fundacional del marxismo estructuralista y clave para una interpretaci\u00f3n comunista de los a\u00f1os sesenta. Sus ensayos posteriores son fundamentales para comprender los marcos pol\u00edticos desencadenados por Mayo del 68 que llegan hasta nuestros d\u00edas. En ellos desarrolla su cr\u00edtica a las versiones mecanicistas del trabajo, rechazando la figura simplificadora del obrero explotado y sometido, o niega la dicotom\u00eda de quien detenta el saber frente a quien carece del mismo, defendiendo una capacidad intelectual universal y democr\u00e1tica. Tambi\u00e9n ha caracterizado la est\u00e9tica en relaci\u00f3n esencial con la pol\u00edtica, como reparto de lo sensible, y ha diseccionado el cine desde la cinefilia y la \u00abpol\u00edtica del amateur\u00bb.<\/p>\n<p>Entre sus numerosas obras, cabe destacar La noche de los proletarios (1981), El maestro ignorante. Cinco lecciones para la emancipaci\u00f3n intelectual (1987), El desacuerdo (1995), El espectador emancipado (2008) o Aisthesis (2011).<\/p>\n<p>Presentaci\u00f3n de Javier Bassas Vila<\/p>\n<p>La noche de los proletarios &#8211; Jacques Ranciere<\/p>\n","protected":false},"excerpt":{"rendered":"<p><strong>Jacques Ranci\u00e8re<\/strong><br \/>\n9788416946815 &#8211; Katakrak &#8211; 2023 &#8211; 256 p\u00e1ginas \/orri.<\/p>\n","protected":false},"featured_media":14734,"template":"","meta":[],"product_brand":[],"product_cat":[15],"product_tag":[6722,508],"class_list":{"0":"post-14722","1":"product","2":"type-product","3":"status-publish","4":"has-post-thumbnail","6":"product_cat-otros-bestelakoak","7":"product_tag-jacques-ranciere","8":"product_tag-katakrak","10":"first","11":"instock","12":"sold-individually","13":"shipping-taxable","14":"purchasable","15":"product-type-simple"},"yoast_head":"<!-- This site is optimized with the Yoast SEO plugin v27.3 - https:\/\/yoast.com\/product\/yoast-seo-wordpress\/ -->\n<title>LOS TREINTA INGLORIOSOS Escenas pol\u00edticas 1991-2021 &#8212; Zapateneo<\/title>\n<meta name=\"robots\" content=\"index, follow, max-snippet:-1, max-image-preview:large, max-video-preview:-1\" \/>\n<link rel=\"canonical\" href=\"https:\/\/zapateneo.net\/wordpress\/index.php\/producto\/los-treinta-ingloriosos-escenas-politicas-1991-2021\/\" \/>\n<meta property=\"og:locale\" content=\"es_ES\" \/>\n<meta property=\"og:type\" content=\"article\" \/>\n<meta property=\"og:title\" content=\"LOS TREINTA INGLORIOSOS Escenas pol\u00edticas 1991-2021 &#8212; Zapateneo\" \/>\n<meta property=\"og:description\" content=\"Jacques Ranci\u00e8re 9788416946815 - Katakrak - 2023 - 256 p\u00e1ginas \/orri.\" \/>\n<meta property=\"og:url\" content=\"https:\/\/zapateneo.net\/wordpress\/index.php\/producto\/los-treinta-ingloriosos-escenas-politicas-1991-2021\/\" \/>\n<meta property=\"og:site_name\" content=\"Zapateneo\" \/>\n<meta property=\"article:modified_time\" content=\"2023-09-15T04:54:28+00:00\" \/>\n<meta name=\"twitter:card\" content=\"summary_large_image\" \/>\n<meta name=\"twitter:site\" content=\"@zapateneo\" \/>\n<meta name=\"twitter:label1\" content=\"Tiempo de lectura\" \/>\n\t<meta name=\"twitter:data1\" content=\"2 minutos\" \/>\n<script type=\"application\/ld+json\" class=\"yoast-schema-graph\">{\"@context\":\"https:\\\/\\\/schema.org\",\"@graph\":[{\"@type\":\"WebPage\",\"@id\":\"https:\\\/\\\/zapateneo.net\\\/wordpress\\\/index.php\\\/producto\\\/los-treinta-ingloriosos-escenas-politicas-1991-2021\\\/\",\"url\":\"https:\\\/\\\/zapateneo.net\\\/wordpress\\\/index.php\\\/producto\\\/los-treinta-ingloriosos-escenas-politicas-1991-2021\\\/\",\"name\":\"LOS TREINTA INGLORIOSOS Escenas pol\u00edticas 1991-2021 &#8212; Zapateneo\",\"isPartOf\":{\"@id\":\"https:\\\/\\\/zapateneo.net\\\/wordpress\\\/#website\"},\"primaryImageOfPage\":{\"@id\":\"https:\\\/\\\/zapateneo.net\\\/wordpress\\\/index.php\\\/producto\\\/los-treinta-ingloriosos-escenas-politicas-1991-2021\\\/#primaryimage\"},\"image\":{\"@id\":\"https:\\\/\\\/zapateneo.net\\\/wordpress\\\/index.php\\\/producto\\\/los-treinta-ingloriosos-escenas-politicas-1991-2021\\\/#primaryimage\"},\"thumbnailUrl\":\"https:\\\/\\\/zapateneo.net\\\/wordpress\\\/wp-content\\\/uploads\\\/2023\\\/09\\\/los-treinta-ingloriosos-9788416946815.png\",\"datePublished\":\"2023-09-15T04:54:20+00:00\",\"dateModified\":\"2023-09-15T04:54:28+00:00\",\"breadcrumb\":{\"@id\":\"https:\\\/\\\/zapateneo.net\\\/wordpress\\\/index.php\\\/producto\\\/los-treinta-ingloriosos-escenas-politicas-1991-2021\\\/#breadcrumb\"},\"inLanguage\":\"es\",\"potentialAction\":[{\"@type\":\"ReadAction\",\"target\":[\"https:\\\/\\\/zapateneo.net\\\/wordpress\\\/index.php\\\/producto\\\/los-treinta-ingloriosos-escenas-politicas-1991-2021\\\/\"]}]},{\"@type\":\"ImageObject\",\"inLanguage\":\"es\",\"@id\":\"https:\\\/\\\/zapateneo.net\\\/wordpress\\\/index.php\\\/producto\\\/los-treinta-ingloriosos-escenas-politicas-1991-2021\\\/#primaryimage\",\"url\":\"https:\\\/\\\/zapateneo.net\\\/wordpress\\\/wp-content\\\/uploads\\\/2023\\\/09\\\/los-treinta-ingloriosos-9788416946815.png\",\"contentUrl\":\"https:\\\/\\\/zapateneo.net\\\/wordpress\\\/wp-content\\\/uploads\\\/2023\\\/09\\\/los-treinta-ingloriosos-9788416946815.png\",\"width\":263,\"height\":400},{\"@type\":\"BreadcrumbList\",\"@id\":\"https:\\\/\\\/zapateneo.net\\\/wordpress\\\/index.php\\\/producto\\\/los-treinta-ingloriosos-escenas-politicas-1991-2021\\\/#breadcrumb\",\"itemListElement\":[{\"@type\":\"ListItem\",\"position\":1,\"name\":\"Portada\",\"item\":\"https:\\\/\\\/zapateneo.net\\\/wordpress\\\/\"},{\"@type\":\"ListItem\",\"position\":2,\"name\":\"Tienda\",\"item\":\"https:\\\/\\\/zapateneo.net\\\/wordpress\\\/\"},{\"@type\":\"ListItem\",\"position\":3,\"name\":\"LOS TREINTA INGLORIOSOS Escenas pol\u00edticas 1991-2021\"}]},{\"@type\":\"WebSite\",\"@id\":\"https:\\\/\\\/zapateneo.net\\\/wordpress\\\/#website\",\"url\":\"https:\\\/\\\/zapateneo.net\\\/wordpress\\\/\",\"name\":\"Zapateneo\",\"description\":\"Zapateneoaren webgunea\",\"publisher\":{\"@id\":\"https:\\\/\\\/zapateneo.net\\\/wordpress\\\/#organization\"},\"potentialAction\":[{\"@type\":\"SearchAction\",\"target\":{\"@type\":\"EntryPoint\",\"urlTemplate\":\"https:\\\/\\\/zapateneo.net\\\/wordpress\\\/?s={search_term_string}\"},\"query-input\":{\"@type\":\"PropertyValueSpecification\",\"valueRequired\":true,\"valueName\":\"search_term_string\"}}],\"inLanguage\":\"es\"},{\"@type\":\"Organization\",\"@id\":\"https:\\\/\\\/zapateneo.net\\\/wordpress\\\/#organization\",\"name\":\"Zapateneo Kultur Elkartea\",\"url\":\"https:\\\/\\\/zapateneo.net\\\/wordpress\\\/\",\"logo\":{\"@type\":\"ImageObject\",\"inLanguage\":\"es\",\"@id\":\"https:\\\/\\\/zapateneo.net\\\/wordpress\\\/#\\\/schema\\\/logo\\\/image\\\/\",\"url\":\"https:\\\/\\\/zapateneo.net\\\/wordpress\\\/wp-content\\\/uploads\\\/2021\\\/04\\\/zap-libu-kolec.jpg\",\"contentUrl\":\"https:\\\/\\\/zapateneo.net\\\/wordpress\\\/wp-content\\\/uploads\\\/2021\\\/04\\\/zap-libu-kolec.jpg\",\"width\":2234,\"height\":398,\"caption\":\"Zapateneo Kultur Elkartea\"},\"image\":{\"@id\":\"https:\\\/\\\/zapateneo.net\\\/wordpress\\\/#\\\/schema\\\/logo\\\/image\\\/\"},\"sameAs\":[\"https:\\\/\\\/x.com\\\/zapateneo\"]}]}<\/script>\n<!-- \/ Yoast SEO plugin. -->","yoast_head_json":{"title":"LOS TREINTA INGLORIOSOS Escenas pol\u00edticas 1991-2021 &#8212; Zapateneo","robots":{"index":"index","follow":"follow","max-snippet":"max-snippet:-1","max-image-preview":"max-image-preview:large","max-video-preview":"max-video-preview:-1"},"canonical":"https:\/\/zapateneo.net\/wordpress\/index.php\/producto\/los-treinta-ingloriosos-escenas-politicas-1991-2021\/","og_locale":"es_ES","og_type":"article","og_title":"LOS TREINTA INGLORIOSOS Escenas pol\u00edticas 1991-2021 &#8212; Zapateneo","og_description":"Jacques Ranci\u00e8re 9788416946815 - Katakrak - 2023 - 256 p\u00e1ginas \/orri.","og_url":"https:\/\/zapateneo.net\/wordpress\/index.php\/producto\/los-treinta-ingloriosos-escenas-politicas-1991-2021\/","og_site_name":"Zapateneo","article_modified_time":"2023-09-15T04:54:28+00:00","twitter_card":"summary_large_image","twitter_site":"@zapateneo","twitter_misc":{"Tiempo de lectura":"2 minutos"},"schema":{"@context":"https:\/\/schema.org","@graph":[{"@type":"WebPage","@id":"https:\/\/zapateneo.net\/wordpress\/index.php\/producto\/los-treinta-ingloriosos-escenas-politicas-1991-2021\/","url":"https:\/\/zapateneo.net\/wordpress\/index.php\/producto\/los-treinta-ingloriosos-escenas-politicas-1991-2021\/","name":"LOS TREINTA INGLORIOSOS Escenas pol\u00edticas 1991-2021 &#8212; Zapateneo","isPartOf":{"@id":"https:\/\/zapateneo.net\/wordpress\/#website"},"primaryImageOfPage":{"@id":"https:\/\/zapateneo.net\/wordpress\/index.php\/producto\/los-treinta-ingloriosos-escenas-politicas-1991-2021\/#primaryimage"},"image":{"@id":"https:\/\/zapateneo.net\/wordpress\/index.php\/producto\/los-treinta-ingloriosos-escenas-politicas-1991-2021\/#primaryimage"},"thumbnailUrl":"https:\/\/zapateneo.net\/wordpress\/wp-content\/uploads\/2023\/09\/los-treinta-ingloriosos-9788416946815.png","datePublished":"2023-09-15T04:54:20+00:00","dateModified":"2023-09-15T04:54:28+00:00","breadcrumb":{"@id":"https:\/\/zapateneo.net\/wordpress\/index.php\/producto\/los-treinta-ingloriosos-escenas-politicas-1991-2021\/#breadcrumb"},"inLanguage":"es","potentialAction":[{"@type":"ReadAction","target":["https:\/\/zapateneo.net\/wordpress\/index.php\/producto\/los-treinta-ingloriosos-escenas-politicas-1991-2021\/"]}]},{"@type":"ImageObject","inLanguage":"es","@id":"https:\/\/zapateneo.net\/wordpress\/index.php\/producto\/los-treinta-ingloriosos-escenas-politicas-1991-2021\/#primaryimage","url":"https:\/\/zapateneo.net\/wordpress\/wp-content\/uploads\/2023\/09\/los-treinta-ingloriosos-9788416946815.png","contentUrl":"https:\/\/zapateneo.net\/wordpress\/wp-content\/uploads\/2023\/09\/los-treinta-ingloriosos-9788416946815.png","width":263,"height":400},{"@type":"BreadcrumbList","@id":"https:\/\/zapateneo.net\/wordpress\/index.php\/producto\/los-treinta-ingloriosos-escenas-politicas-1991-2021\/#breadcrumb","itemListElement":[{"@type":"ListItem","position":1,"name":"Portada","item":"https:\/\/zapateneo.net\/wordpress\/"},{"@type":"ListItem","position":2,"name":"Tienda","item":"https:\/\/zapateneo.net\/wordpress\/"},{"@type":"ListItem","position":3,"name":"LOS TREINTA INGLORIOSOS Escenas pol\u00edticas 1991-2021"}]},{"@type":"WebSite","@id":"https:\/\/zapateneo.net\/wordpress\/#website","url":"https:\/\/zapateneo.net\/wordpress\/","name":"Zapateneo","description":"Zapateneoaren webgunea","publisher":{"@id":"https:\/\/zapateneo.net\/wordpress\/#organization"},"potentialAction":[{"@type":"SearchAction","target":{"@type":"EntryPoint","urlTemplate":"https:\/\/zapateneo.net\/wordpress\/?s={search_term_string}"},"query-input":{"@type":"PropertyValueSpecification","valueRequired":true,"valueName":"search_term_string"}}],"inLanguage":"es"},{"@type":"Organization","@id":"https:\/\/zapateneo.net\/wordpress\/#organization","name":"Zapateneo Kultur Elkartea","url":"https:\/\/zapateneo.net\/wordpress\/","logo":{"@type":"ImageObject","inLanguage":"es","@id":"https:\/\/zapateneo.net\/wordpress\/#\/schema\/logo\/image\/","url":"https:\/\/zapateneo.net\/wordpress\/wp-content\/uploads\/2021\/04\/zap-libu-kolec.jpg","contentUrl":"https:\/\/zapateneo.net\/wordpress\/wp-content\/uploads\/2021\/04\/zap-libu-kolec.jpg","width":2234,"height":398,"caption":"Zapateneo Kultur Elkartea"},"image":{"@id":"https:\/\/zapateneo.net\/wordpress\/#\/schema\/logo\/image\/"},"sameAs":["https:\/\/x.com\/zapateneo"]}]}},"_links":{"self":[{"href":"https:\/\/zapateneo.net\/wordpress\/index.php\/wp-json\/wp\/v2\/product\/14722","targetHints":{"allow":["GET"]}}],"collection":[{"href":"https:\/\/zapateneo.net\/wordpress\/index.php\/wp-json\/wp\/v2\/product"}],"about":[{"href":"https:\/\/zapateneo.net\/wordpress\/index.php\/wp-json\/wp\/v2\/types\/product"}],"wp:featuredmedia":[{"embeddable":true,"href":"https:\/\/zapateneo.net\/wordpress\/index.php\/wp-json\/wp\/v2\/media\/14734"}],"wp:attachment":[{"href":"https:\/\/zapateneo.net\/wordpress\/index.php\/wp-json\/wp\/v2\/media?parent=14722"}],"wp:term":[{"taxonomy":"product_brand","embeddable":true,"href":"https:\/\/zapateneo.net\/wordpress\/index.php\/wp-json\/wp\/v2\/product_brand?post=14722"},{"taxonomy":"product_cat","embeddable":true,"href":"https:\/\/zapateneo.net\/wordpress\/index.php\/wp-json\/wp\/v2\/product_cat?post=14722"},{"taxonomy":"product_tag","embeddable":true,"href":"https:\/\/zapateneo.net\/wordpress\/index.php\/wp-json\/wp\/v2\/product_tag?post=14722"}],"curies":[{"name":"wp","href":"https:\/\/api.w.org\/{rel}","templated":true}]}}