{"id":14720,"date":"2023-09-15T05:54:20","date_gmt":"2023-09-15T04:54:20","guid":{"rendered":"https:\/\/zapateneo.net\/wordpress\/?post_type=product&#038;p=14720"},"modified":"2023-09-15T05:54:27","modified_gmt":"2023-09-15T04:54:27","slug":"por-nuestra-cuenta-alternativas-autogestionadas-frente-al-sistema-de-salud-mental","status":"publish","type":"product","link":"https:\/\/zapateneo.net\/wordpress\/index.php\/producto\/por-nuestra-cuenta-alternativas-autogestionadas-frente-al-sistema-de-salud-mental\/","title":{"rendered":"POR NUESTRA CUENTA Alternativas autogestionadas frente al sistema de salud mental"},"content":{"rendered":"<p>Por nuestra cuenta es muchas cosas. Es la autobiograf\u00eda de Judi Chamberlin, una superviviente psiqui\u00e1trica a los ingresos involuntarios, la medicaci\u00f3n forzosa y las celdas de aislamiento sensorial. Es uno de los textos can\u00f3nicos de las alternativas a favor de la salud mental autogestionada. Es un ensayo que impugna y desenmascara los modelos sanitarios cuyas ret\u00f3ricas emancipadoras se combinan con esquemas de funcionamiento jer\u00e1rquicos y paternalistas. Es el manifiesto fundacional del \u00aborgullo loco\u00bb, el movimiento que reivindica la igualdad de derechos de las personas psiquiatrizadas. Es, en definitiva, un ensayo que, m\u00e1s de cuatro d\u00e9cadas despu\u00e9s, resiste el paso del tiempo sin oxidarse, porque sus revolucionarias tesis siguen vigentes.<\/p>\n<p>Porque, \u00bfc\u00f3mo abordar la actual emergencia sanitaria? La devastaci\u00f3n ps\u00edquica provocada por la pandemia (con sus confinamientos involuntarios, la gram\u00e1tica pol\u00edtica del fin que justifica los medios, la propaganda culpabilizadora y el repertorio punitivo del Estado) y las estad\u00edsticas de consumo de psicof\u00e1rmacos en el Reino de Espa\u00f1a (l\u00edder mundial en consumo de ansiol\u00edticos, antidepresivos y reguladores del sue\u00f1o) son elementos de la nueva fase de acumulaci\u00f3n capitalista, una etapa basada en el extractivismo, el r\u00e9gimen de guerra y la econom\u00eda verde, que genera frustraci\u00f3n, ansiedad y tristeza en las clases subalternas.<\/p>\n<p>Precisamente, frente al disciplinamiento que siempre impondr\u00e1n administraciones y multinacionales, este ensayo explica, aqu\u00ed y ahora, las posibilidades y l\u00edmites de la autogesti\u00f3n de la salud mental, desde el respeto, la autonom\u00eda y el apoyo mutuo. Por eso es una obra de referencia en la lucha por la libertad de millones de seres humanos.<\/p>\n<p>Judi Chamberlin Nueva York, 1946\u2014Arlington, 2010 A los 21 a\u00f1os, un aborto espont\u00e1neo la sumi\u00f3 en una profunda tristeza. Despu\u00e9s de varios ingresos voluntarios en distintos centros psiqui\u00e1tricos, la etiquetaron con el diagn\u00f3stico de esquizofrenia. En 1971, tras su internamiento forzoso, el efecto de las drogas psiqui\u00e1tricas y el hecho de presenciar y sufrir todo tipo de abusos, cofund\u00f3 el Proyecto de Liberaci\u00f3n de Pacientes Mentales con otros activistas supervivientes de la psiquiatr\u00eda, al calor de la ola por los derechos civiles en EE.UU. En 1975 acu\u00f1\u00f3 el t\u00e9rmino \u00abcuerdismo\u00bb en un cap\u00edtulo de Las mujeres miran a la psiquiatr\u00eda (Women Look at Psychiatry), concepto que caracteriza al conjunto de prejuicios de la sociedad normativa respecto de las personas con diagn\u00f3stico psiqui\u00e1trico: incompetencia, falta de autonom\u00eda, impredecibilidad, violencia e irracionalidad, entre otros. Fue tambi\u00e9n una de las figuras de referencia del movimiento del Orgullo loco, formado por personas autodefinidas como usuarias, exusuarias y supervivientes de la psiquiatr\u00eda, que arranc\u00f3 en Toronto (Canad\u00e1) en 1993 como \u00abD\u00eda del Orgullo del Superviviente Psiqui\u00e1trico\u00bb, en protesta por la discriminaci\u00f3n a las personas de dicho colectivo. Activista, pensadora y divulgadora feminista, es una figura clave en la historia universal de la lucha por la autonom\u00eda y la dignidad de las personas con diagn\u00f3stico psiqui\u00e1trico.<\/p>\n","protected":false},"excerpt":{"rendered":"<p><strong>Judi Chamberlin<\/strong><br \/>\n9788416946808 &#8211; Katakrak &#8211; 2023 &#8211; 240 p\u00e1ginas \/orri.<\/p>\n","protected":false},"featured_media":14732,"template":"","meta":[],"product_brand":[],"product_cat":[15],"product_tag":[6721,508],"class_list":{"0":"post-14720","1":"product","2":"type-product","3":"status-publish","4":"has-post-thumbnail","6":"product_cat-otros-bestelakoak","7":"product_tag-judi-chamberlin","8":"product_tag-katakrak","10":"first","11":"instock","12":"sold-individually","13":"shipping-taxable","14":"purchasable","15":"product-type-simple"},"yoast_head":"<!-- This site is optimized with the Yoast SEO plugin v27.3 - https:\/\/yoast.com\/product\/yoast-seo-wordpress\/ -->\n<title>POR NUESTRA CUENTA Alternativas autogestionadas frente al sistema de salud mental &#8212; Zapateneo<\/title>\n<meta name=\"robots\" content=\"index, follow, max-snippet:-1, max-image-preview:large, max-video-preview:-1\" \/>\n<link rel=\"canonical\" href=\"https:\/\/zapateneo.net\/wordpress\/index.php\/producto\/por-nuestra-cuenta-alternativas-autogestionadas-frente-al-sistema-de-salud-mental\/\" \/>\n<meta property=\"og:locale\" content=\"es_ES\" \/>\n<meta property=\"og:type\" content=\"article\" \/>\n<meta property=\"og:title\" content=\"POR NUESTRA CUENTA Alternativas autogestionadas frente al sistema de salud mental &#8212; Zapateneo\" \/>\n<meta property=\"og:description\" content=\"Judi Chamberlin 9788416946808 - Katakrak - 2023 - 240 p\u00e1ginas \/orri.\" \/>\n<meta property=\"og:url\" content=\"https:\/\/zapateneo.net\/wordpress\/index.php\/producto\/por-nuestra-cuenta-alternativas-autogestionadas-frente-al-sistema-de-salud-mental\/\" \/>\n<meta property=\"og:site_name\" content=\"Zapateneo\" \/>\n<meta property=\"article:modified_time\" content=\"2023-09-15T04:54:27+00:00\" \/>\n<meta name=\"twitter:card\" content=\"summary_large_image\" \/>\n<meta name=\"twitter:site\" content=\"@zapateneo\" \/>\n<meta name=\"twitter:label1\" content=\"Tiempo de lectura\" \/>\n\t<meta name=\"twitter:data1\" content=\"3 minutos\" \/>\n<script type=\"application\/ld+json\" class=\"yoast-schema-graph\">{\"@context\":\"https:\\\/\\\/schema.org\",\"@graph\":[{\"@type\":\"WebPage\",\"@id\":\"https:\\\/\\\/zapateneo.net\\\/wordpress\\\/index.php\\\/producto\\\/por-nuestra-cuenta-alternativas-autogestionadas-frente-al-sistema-de-salud-mental\\\/\",\"url\":\"https:\\\/\\\/zapateneo.net\\\/wordpress\\\/index.php\\\/producto\\\/por-nuestra-cuenta-alternativas-autogestionadas-frente-al-sistema-de-salud-mental\\\/\",\"name\":\"POR NUESTRA CUENTA Alternativas autogestionadas frente al sistema de salud mental &#8212; Zapateneo\",\"isPartOf\":{\"@id\":\"https:\\\/\\\/zapateneo.net\\\/wordpress\\\/#website\"},\"primaryImageOfPage\":{\"@id\":\"https:\\\/\\\/zapateneo.net\\\/wordpress\\\/index.php\\\/producto\\\/por-nuestra-cuenta-alternativas-autogestionadas-frente-al-sistema-de-salud-mental\\\/#primaryimage\"},\"image\":{\"@id\":\"https:\\\/\\\/zapateneo.net\\\/wordpress\\\/index.php\\\/producto\\\/por-nuestra-cuenta-alternativas-autogestionadas-frente-al-sistema-de-salud-mental\\\/#primaryimage\"},\"thumbnailUrl\":\"https:\\\/\\\/zapateneo.net\\\/wordpress\\\/wp-content\\\/uploads\\\/2023\\\/09\\\/por-nuestra-cuenta-9788416946808.jpg\",\"datePublished\":\"2023-09-15T04:54:20+00:00\",\"dateModified\":\"2023-09-15T04:54:27+00:00\",\"breadcrumb\":{\"@id\":\"https:\\\/\\\/zapateneo.net\\\/wordpress\\\/index.php\\\/producto\\\/por-nuestra-cuenta-alternativas-autogestionadas-frente-al-sistema-de-salud-mental\\\/#breadcrumb\"},\"inLanguage\":\"es\",\"potentialAction\":[{\"@type\":\"ReadAction\",\"target\":[\"https:\\\/\\\/zapateneo.net\\\/wordpress\\\/index.php\\\/producto\\\/por-nuestra-cuenta-alternativas-autogestionadas-frente-al-sistema-de-salud-mental\\\/\"]}]},{\"@type\":\"ImageObject\",\"inLanguage\":\"es\",\"@id\":\"https:\\\/\\\/zapateneo.net\\\/wordpress\\\/index.php\\\/producto\\\/por-nuestra-cuenta-alternativas-autogestionadas-frente-al-sistema-de-salud-mental\\\/#primaryimage\",\"url\":\"https:\\\/\\\/zapateneo.net\\\/wordpress\\\/wp-content\\\/uploads\\\/2023\\\/09\\\/por-nuestra-cuenta-9788416946808.jpg\",\"contentUrl\":\"https:\\\/\\\/zapateneo.net\\\/wordpress\\\/wp-content\\\/uploads\\\/2023\\\/09\\\/por-nuestra-cuenta-9788416946808.jpg\",\"width\":266,\"height\":400},{\"@type\":\"BreadcrumbList\",\"@id\":\"https:\\\/\\\/zapateneo.net\\\/wordpress\\\/index.php\\\/producto\\\/por-nuestra-cuenta-alternativas-autogestionadas-frente-al-sistema-de-salud-mental\\\/#breadcrumb\",\"itemListElement\":[{\"@type\":\"ListItem\",\"position\":1,\"name\":\"Portada\",\"item\":\"https:\\\/\\\/zapateneo.net\\\/wordpress\\\/\"},{\"@type\":\"ListItem\",\"position\":2,\"name\":\"Tienda\",\"item\":\"https:\\\/\\\/zapateneo.net\\\/wordpress\\\/\"},{\"@type\":\"ListItem\",\"position\":3,\"name\":\"POR NUESTRA CUENTA Alternativas autogestionadas frente al sistema de salud mental\"}]},{\"@type\":\"WebSite\",\"@id\":\"https:\\\/\\\/zapateneo.net\\\/wordpress\\\/#website\",\"url\":\"https:\\\/\\\/zapateneo.net\\\/wordpress\\\/\",\"name\":\"Zapateneo\",\"description\":\"Zapateneoaren webgunea\",\"publisher\":{\"@id\":\"https:\\\/\\\/zapateneo.net\\\/wordpress\\\/#organization\"},\"potentialAction\":[{\"@type\":\"SearchAction\",\"target\":{\"@type\":\"EntryPoint\",\"urlTemplate\":\"https:\\\/\\\/zapateneo.net\\\/wordpress\\\/?s={search_term_string}\"},\"query-input\":{\"@type\":\"PropertyValueSpecification\",\"valueRequired\":true,\"valueName\":\"search_term_string\"}}],\"inLanguage\":\"es\"},{\"@type\":\"Organization\",\"@id\":\"https:\\\/\\\/zapateneo.net\\\/wordpress\\\/#organization\",\"name\":\"Zapateneo Kultur Elkartea\",\"url\":\"https:\\\/\\\/zapateneo.net\\\/wordpress\\\/\",\"logo\":{\"@type\":\"ImageObject\",\"inLanguage\":\"es\",\"@id\":\"https:\\\/\\\/zapateneo.net\\\/wordpress\\\/#\\\/schema\\\/logo\\\/image\\\/\",\"url\":\"https:\\\/\\\/zapateneo.net\\\/wordpress\\\/wp-content\\\/uploads\\\/2021\\\/04\\\/zap-libu-kolec.jpg\",\"contentUrl\":\"https:\\\/\\\/zapateneo.net\\\/wordpress\\\/wp-content\\\/uploads\\\/2021\\\/04\\\/zap-libu-kolec.jpg\",\"width\":2234,\"height\":398,\"caption\":\"Zapateneo Kultur Elkartea\"},\"image\":{\"@id\":\"https:\\\/\\\/zapateneo.net\\\/wordpress\\\/#\\\/schema\\\/logo\\\/image\\\/\"},\"sameAs\":[\"https:\\\/\\\/x.com\\\/zapateneo\"]}]}<\/script>\n<!-- \/ Yoast SEO plugin. -->","yoast_head_json":{"title":"POR NUESTRA CUENTA Alternativas autogestionadas frente al sistema de salud mental &#8212; Zapateneo","robots":{"index":"index","follow":"follow","max-snippet":"max-snippet:-1","max-image-preview":"max-image-preview:large","max-video-preview":"max-video-preview:-1"},"canonical":"https:\/\/zapateneo.net\/wordpress\/index.php\/producto\/por-nuestra-cuenta-alternativas-autogestionadas-frente-al-sistema-de-salud-mental\/","og_locale":"es_ES","og_type":"article","og_title":"POR NUESTRA CUENTA Alternativas autogestionadas frente al sistema de salud mental &#8212; Zapateneo","og_description":"Judi Chamberlin 9788416946808 - Katakrak - 2023 - 240 p\u00e1ginas \/orri.","og_url":"https:\/\/zapateneo.net\/wordpress\/index.php\/producto\/por-nuestra-cuenta-alternativas-autogestionadas-frente-al-sistema-de-salud-mental\/","og_site_name":"Zapateneo","article_modified_time":"2023-09-15T04:54:27+00:00","twitter_card":"summary_large_image","twitter_site":"@zapateneo","twitter_misc":{"Tiempo de lectura":"3 minutos"},"schema":{"@context":"https:\/\/schema.org","@graph":[{"@type":"WebPage","@id":"https:\/\/zapateneo.net\/wordpress\/index.php\/producto\/por-nuestra-cuenta-alternativas-autogestionadas-frente-al-sistema-de-salud-mental\/","url":"https:\/\/zapateneo.net\/wordpress\/index.php\/producto\/por-nuestra-cuenta-alternativas-autogestionadas-frente-al-sistema-de-salud-mental\/","name":"POR NUESTRA CUENTA Alternativas autogestionadas frente al sistema de salud mental &#8212; Zapateneo","isPartOf":{"@id":"https:\/\/zapateneo.net\/wordpress\/#website"},"primaryImageOfPage":{"@id":"https:\/\/zapateneo.net\/wordpress\/index.php\/producto\/por-nuestra-cuenta-alternativas-autogestionadas-frente-al-sistema-de-salud-mental\/#primaryimage"},"image":{"@id":"https:\/\/zapateneo.net\/wordpress\/index.php\/producto\/por-nuestra-cuenta-alternativas-autogestionadas-frente-al-sistema-de-salud-mental\/#primaryimage"},"thumbnailUrl":"https:\/\/zapateneo.net\/wordpress\/wp-content\/uploads\/2023\/09\/por-nuestra-cuenta-9788416946808.jpg","datePublished":"2023-09-15T04:54:20+00:00","dateModified":"2023-09-15T04:54:27+00:00","breadcrumb":{"@id":"https:\/\/zapateneo.net\/wordpress\/index.php\/producto\/por-nuestra-cuenta-alternativas-autogestionadas-frente-al-sistema-de-salud-mental\/#breadcrumb"},"inLanguage":"es","potentialAction":[{"@type":"ReadAction","target":["https:\/\/zapateneo.net\/wordpress\/index.php\/producto\/por-nuestra-cuenta-alternativas-autogestionadas-frente-al-sistema-de-salud-mental\/"]}]},{"@type":"ImageObject","inLanguage":"es","@id":"https:\/\/zapateneo.net\/wordpress\/index.php\/producto\/por-nuestra-cuenta-alternativas-autogestionadas-frente-al-sistema-de-salud-mental\/#primaryimage","url":"https:\/\/zapateneo.net\/wordpress\/wp-content\/uploads\/2023\/09\/por-nuestra-cuenta-9788416946808.jpg","contentUrl":"https:\/\/zapateneo.net\/wordpress\/wp-content\/uploads\/2023\/09\/por-nuestra-cuenta-9788416946808.jpg","width":266,"height":400},{"@type":"BreadcrumbList","@id":"https:\/\/zapateneo.net\/wordpress\/index.php\/producto\/por-nuestra-cuenta-alternativas-autogestionadas-frente-al-sistema-de-salud-mental\/#breadcrumb","itemListElement":[{"@type":"ListItem","position":1,"name":"Portada","item":"https:\/\/zapateneo.net\/wordpress\/"},{"@type":"ListItem","position":2,"name":"Tienda","item":"https:\/\/zapateneo.net\/wordpress\/"},{"@type":"ListItem","position":3,"name":"POR NUESTRA CUENTA Alternativas autogestionadas frente al sistema de salud mental"}]},{"@type":"WebSite","@id":"https:\/\/zapateneo.net\/wordpress\/#website","url":"https:\/\/zapateneo.net\/wordpress\/","name":"Zapateneo","description":"Zapateneoaren webgunea","publisher":{"@id":"https:\/\/zapateneo.net\/wordpress\/#organization"},"potentialAction":[{"@type":"SearchAction","target":{"@type":"EntryPoint","urlTemplate":"https:\/\/zapateneo.net\/wordpress\/?s={search_term_string}"},"query-input":{"@type":"PropertyValueSpecification","valueRequired":true,"valueName":"search_term_string"}}],"inLanguage":"es"},{"@type":"Organization","@id":"https:\/\/zapateneo.net\/wordpress\/#organization","name":"Zapateneo Kultur Elkartea","url":"https:\/\/zapateneo.net\/wordpress\/","logo":{"@type":"ImageObject","inLanguage":"es","@id":"https:\/\/zapateneo.net\/wordpress\/#\/schema\/logo\/image\/","url":"https:\/\/zapateneo.net\/wordpress\/wp-content\/uploads\/2021\/04\/zap-libu-kolec.jpg","contentUrl":"https:\/\/zapateneo.net\/wordpress\/wp-content\/uploads\/2021\/04\/zap-libu-kolec.jpg","width":2234,"height":398,"caption":"Zapateneo Kultur Elkartea"},"image":{"@id":"https:\/\/zapateneo.net\/wordpress\/#\/schema\/logo\/image\/"},"sameAs":["https:\/\/x.com\/zapateneo"]}]}},"_links":{"self":[{"href":"https:\/\/zapateneo.net\/wordpress\/index.php\/wp-json\/wp\/v2\/product\/14720","targetHints":{"allow":["GET"]}}],"collection":[{"href":"https:\/\/zapateneo.net\/wordpress\/index.php\/wp-json\/wp\/v2\/product"}],"about":[{"href":"https:\/\/zapateneo.net\/wordpress\/index.php\/wp-json\/wp\/v2\/types\/product"}],"wp:featuredmedia":[{"embeddable":true,"href":"https:\/\/zapateneo.net\/wordpress\/index.php\/wp-json\/wp\/v2\/media\/14732"}],"wp:attachment":[{"href":"https:\/\/zapateneo.net\/wordpress\/index.php\/wp-json\/wp\/v2\/media?parent=14720"}],"wp:term":[{"taxonomy":"product_brand","embeddable":true,"href":"https:\/\/zapateneo.net\/wordpress\/index.php\/wp-json\/wp\/v2\/product_brand?post=14720"},{"taxonomy":"product_cat","embeddable":true,"href":"https:\/\/zapateneo.net\/wordpress\/index.php\/wp-json\/wp\/v2\/product_cat?post=14720"},{"taxonomy":"product_tag","embeddable":true,"href":"https:\/\/zapateneo.net\/wordpress\/index.php\/wp-json\/wp\/v2\/product_tag?post=14720"}],"curies":[{"name":"wp","href":"https:\/\/api.w.org\/{rel}","templated":true}]}}