{"id":14718,"date":"2023-09-15T05:54:19","date_gmt":"2023-09-15T04:54:19","guid":{"rendered":"https:\/\/zapateneo.net\/wordpress\/?post_type=product&#038;p=14718"},"modified":"2023-09-15T05:54:26","modified_gmt":"2023-09-15T04:54:26","slug":"hegel-actualidad-de-su-logica-y-su-sistema","status":"publish","type":"product","link":"https:\/\/zapateneo.net\/wordpress\/index.php\/producto\/hegel-actualidad-de-su-logica-y-su-sistema\/","title":{"rendered":"HEGEL Actualidad de su l\u00f3gica y su sistema"},"content":{"rendered":"<p>Desde 2013 el grupo de estudios hegelianos La raz\u00f3n en la historia ha impulsado actividades acad\u00e9micas como el Congreso Internacional de Estudios Hegelianos y diversos seminarios y presentaciones, para dar a conocer al p\u00fablico acad\u00e9mico y general las l\u00edneas de pensamiento que se abren a partir de la obra hegeliana.<\/p>\n<p>\u00abUna manera determinada, la manera del esp\u00edritu presente, es la manera m\u00e1s elevada del esp\u00edritu\u00bb expresa Hegel en un curso sobre filosof\u00eda del derecho, invit\u00e1ndonos as\u00ed a anclar la reflexi\u00f3n filos\u00f3fica en lo concreto de nuestro mundo presente. Los contenidos de este volumen buscan hacer justicia a este \u00edmpetu hist\u00f3rico y necesidad de actualizaci\u00f3n de los estudios hegelianos; los temas del concepto de la l\u00f3gica de Hegel como punta de lanza de la libertad, de la relevancia de la ciencia de la l\u00f3gica de Hegel de cara a la cr\u00edtica materialista de Marx, entre otros, son abordados en esta compilaci\u00f3n.<\/p>\n<p>Participan: -F\u00e9lix Duque &#8211; Universidad Aut\u00f3noma de Madrid -Stephen Houlgate &#8211; Universidad de Warwick -Evodio Escalante &#8211; Universidad Aut\u00f3noma Metropolitana-Iztapalapa -Leonardo Mattana &#8211; Universidad Aut\u00f3noma de Madrid -Jos\u00e9 Luis Mart\u00ednez &#8211; Universidad Aut\u00f3noma Metropolitana-Iztapalapa -Zaida Olvera &#8211; Universidad Nacional Aut\u00f3noma de M\u00e9xico -Jorge Armando Reyes &#8211; Universidad Nacional Aut\u00f3noma de M\u00e9xico -Johannes-Georg Sch\u00fclein &#8211; Ruhr-Universit\u00e4t Bochum -Fernando Huesca &#8211; Universidad Nacional Aut\u00f3noma de M\u00e9xico -Carlos Mendiola &#8211; Universidad Iberoamericana -Jean-Fran\u00e7ois Kerv\u00e9gan &#8211; La Sorbonne \/ Instituto Universitario de Francia -Sergio P\u00e9rez Cort\u00e9s &#8211; Universidad Aut\u00f3noma Metropolitana-Iztapalapa \/ \u00c9cole des Hautes \u00c9tudes en Sciences Sociales \/ Universidad de Par\u00eds VII Jussieu -Yared Elguera &#8211; Universidad Aut\u00f3noma Metropolitana-Iztapalapa -Javier Balladares &#8211; Universidad Aut\u00f3noma Metropolitana- Iztapalapa<\/p>\n","protected":false},"excerpt":{"rendered":"<p><strong>vvaa<\/strong><br \/>\n9786124817397 &#8211; Ande &#8211; 2023 &#8211; 278 p\u00e1ginas \/orri.<\/p>\n","protected":false},"featured_media":14730,"template":"","meta":[],"product_brand":[],"product_cat":[15],"product_tag":[6720],"class_list":{"0":"post-14718","1":"product","2":"type-product","3":"status-publish","4":"has-post-thumbnail","6":"product_cat-otros-bestelakoak","7":"product_tag-ande","9":"first","10":"instock","11":"sold-individually","12":"shipping-taxable","13":"purchasable","14":"product-type-simple"},"yoast_head":"<!-- This site is optimized with the Yoast SEO plugin v27.3 - https:\/\/yoast.com\/product\/yoast-seo-wordpress\/ -->\n<title>HEGEL Actualidad de su l\u00f3gica y su sistema &#8212; Zapateneo<\/title>\n<meta name=\"robots\" content=\"index, follow, max-snippet:-1, max-image-preview:large, max-video-preview:-1\" \/>\n<link rel=\"canonical\" href=\"https:\/\/zapateneo.net\/wordpress\/index.php\/producto\/hegel-actualidad-de-su-logica-y-su-sistema\/\" \/>\n<meta property=\"og:locale\" content=\"es_ES\" \/>\n<meta property=\"og:type\" content=\"article\" \/>\n<meta property=\"og:title\" content=\"HEGEL Actualidad de su l\u00f3gica y su sistema &#8212; Zapateneo\" \/>\n<meta property=\"og:description\" content=\"vvaa 9786124817397 - Ande - 2023 - 278 p\u00e1ginas \/orri.\" \/>\n<meta property=\"og:url\" content=\"https:\/\/zapateneo.net\/wordpress\/index.php\/producto\/hegel-actualidad-de-su-logica-y-su-sistema\/\" \/>\n<meta property=\"og:site_name\" content=\"Zapateneo\" \/>\n<meta property=\"article:modified_time\" content=\"2023-09-15T04:54:26+00:00\" \/>\n<meta name=\"twitter:card\" content=\"summary_large_image\" \/>\n<meta name=\"twitter:site\" content=\"@zapateneo\" \/>\n<meta name=\"twitter:label1\" content=\"Tiempo de lectura\" \/>\n\t<meta name=\"twitter:data1\" content=\"1 minuto\" \/>\n<script type=\"application\/ld+json\" class=\"yoast-schema-graph\">{\"@context\":\"https:\\\/\\\/schema.org\",\"@graph\":[{\"@type\":\"WebPage\",\"@id\":\"https:\\\/\\\/zapateneo.net\\\/wordpress\\\/index.php\\\/producto\\\/hegel-actualidad-de-su-logica-y-su-sistema\\\/\",\"url\":\"https:\\\/\\\/zapateneo.net\\\/wordpress\\\/index.php\\\/producto\\\/hegel-actualidad-de-su-logica-y-su-sistema\\\/\",\"name\":\"HEGEL Actualidad de su l\u00f3gica y su sistema &#8212; Zapateneo\",\"isPartOf\":{\"@id\":\"https:\\\/\\\/zapateneo.net\\\/wordpress\\\/#website\"},\"primaryImageOfPage\":{\"@id\":\"https:\\\/\\\/zapateneo.net\\\/wordpress\\\/index.php\\\/producto\\\/hegel-actualidad-de-su-logica-y-su-sistema\\\/#primaryimage\"},\"image\":{\"@id\":\"https:\\\/\\\/zapateneo.net\\\/wordpress\\\/index.php\\\/producto\\\/hegel-actualidad-de-su-logica-y-su-sistema\\\/#primaryimage\"},\"thumbnailUrl\":\"https:\\\/\\\/zapateneo.net\\\/wordpress\\\/wp-content\\\/uploads\\\/2023\\\/09\\\/hegel-9786124817397.jpg\",\"datePublished\":\"2023-09-15T04:54:19+00:00\",\"dateModified\":\"2023-09-15T04:54:26+00:00\",\"breadcrumb\":{\"@id\":\"https:\\\/\\\/zapateneo.net\\\/wordpress\\\/index.php\\\/producto\\\/hegel-actualidad-de-su-logica-y-su-sistema\\\/#breadcrumb\"},\"inLanguage\":\"es\",\"potentialAction\":[{\"@type\":\"ReadAction\",\"target\":[\"https:\\\/\\\/zapateneo.net\\\/wordpress\\\/index.php\\\/producto\\\/hegel-actualidad-de-su-logica-y-su-sistema\\\/\"]}]},{\"@type\":\"ImageObject\",\"inLanguage\":\"es\",\"@id\":\"https:\\\/\\\/zapateneo.net\\\/wordpress\\\/index.php\\\/producto\\\/hegel-actualidad-de-su-logica-y-su-sistema\\\/#primaryimage\",\"url\":\"https:\\\/\\\/zapateneo.net\\\/wordpress\\\/wp-content\\\/uploads\\\/2023\\\/09\\\/hegel-9786124817397.jpg\",\"contentUrl\":\"https:\\\/\\\/zapateneo.net\\\/wordpress\\\/wp-content\\\/uploads\\\/2023\\\/09\\\/hegel-9786124817397.jpg\",\"width\":282,\"height\":400},{\"@type\":\"BreadcrumbList\",\"@id\":\"https:\\\/\\\/zapateneo.net\\\/wordpress\\\/index.php\\\/producto\\\/hegel-actualidad-de-su-logica-y-su-sistema\\\/#breadcrumb\",\"itemListElement\":[{\"@type\":\"ListItem\",\"position\":1,\"name\":\"Portada\",\"item\":\"https:\\\/\\\/zapateneo.net\\\/wordpress\\\/\"},{\"@type\":\"ListItem\",\"position\":2,\"name\":\"Tienda\",\"item\":\"https:\\\/\\\/zapateneo.net\\\/wordpress\\\/\"},{\"@type\":\"ListItem\",\"position\":3,\"name\":\"HEGEL Actualidad de su l\u00f3gica y su sistema\"}]},{\"@type\":\"WebSite\",\"@id\":\"https:\\\/\\\/zapateneo.net\\\/wordpress\\\/#website\",\"url\":\"https:\\\/\\\/zapateneo.net\\\/wordpress\\\/\",\"name\":\"Zapateneo\",\"description\":\"Zapateneoaren webgunea\",\"publisher\":{\"@id\":\"https:\\\/\\\/zapateneo.net\\\/wordpress\\\/#organization\"},\"potentialAction\":[{\"@type\":\"SearchAction\",\"target\":{\"@type\":\"EntryPoint\",\"urlTemplate\":\"https:\\\/\\\/zapateneo.net\\\/wordpress\\\/?s={search_term_string}\"},\"query-input\":{\"@type\":\"PropertyValueSpecification\",\"valueRequired\":true,\"valueName\":\"search_term_string\"}}],\"inLanguage\":\"es\"},{\"@type\":\"Organization\",\"@id\":\"https:\\\/\\\/zapateneo.net\\\/wordpress\\\/#organization\",\"name\":\"Zapateneo Kultur Elkartea\",\"url\":\"https:\\\/\\\/zapateneo.net\\\/wordpress\\\/\",\"logo\":{\"@type\":\"ImageObject\",\"inLanguage\":\"es\",\"@id\":\"https:\\\/\\\/zapateneo.net\\\/wordpress\\\/#\\\/schema\\\/logo\\\/image\\\/\",\"url\":\"https:\\\/\\\/zapateneo.net\\\/wordpress\\\/wp-content\\\/uploads\\\/2021\\\/04\\\/zap-libu-kolec.jpg\",\"contentUrl\":\"https:\\\/\\\/zapateneo.net\\\/wordpress\\\/wp-content\\\/uploads\\\/2021\\\/04\\\/zap-libu-kolec.jpg\",\"width\":2234,\"height\":398,\"caption\":\"Zapateneo Kultur Elkartea\"},\"image\":{\"@id\":\"https:\\\/\\\/zapateneo.net\\\/wordpress\\\/#\\\/schema\\\/logo\\\/image\\\/\"},\"sameAs\":[\"https:\\\/\\\/x.com\\\/zapateneo\"]}]}<\/script>\n<!-- \/ Yoast SEO plugin. -->","yoast_head_json":{"title":"HEGEL Actualidad de su l\u00f3gica y su sistema &#8212; Zapateneo","robots":{"index":"index","follow":"follow","max-snippet":"max-snippet:-1","max-image-preview":"max-image-preview:large","max-video-preview":"max-video-preview:-1"},"canonical":"https:\/\/zapateneo.net\/wordpress\/index.php\/producto\/hegel-actualidad-de-su-logica-y-su-sistema\/","og_locale":"es_ES","og_type":"article","og_title":"HEGEL Actualidad de su l\u00f3gica y su sistema &#8212; Zapateneo","og_description":"vvaa 9786124817397 - Ande - 2023 - 278 p\u00e1ginas \/orri.","og_url":"https:\/\/zapateneo.net\/wordpress\/index.php\/producto\/hegel-actualidad-de-su-logica-y-su-sistema\/","og_site_name":"Zapateneo","article_modified_time":"2023-09-15T04:54:26+00:00","twitter_card":"summary_large_image","twitter_site":"@zapateneo","twitter_misc":{"Tiempo de lectura":"1 minuto"},"schema":{"@context":"https:\/\/schema.org","@graph":[{"@type":"WebPage","@id":"https:\/\/zapateneo.net\/wordpress\/index.php\/producto\/hegel-actualidad-de-su-logica-y-su-sistema\/","url":"https:\/\/zapateneo.net\/wordpress\/index.php\/producto\/hegel-actualidad-de-su-logica-y-su-sistema\/","name":"HEGEL Actualidad de su l\u00f3gica y su sistema &#8212; Zapateneo","isPartOf":{"@id":"https:\/\/zapateneo.net\/wordpress\/#website"},"primaryImageOfPage":{"@id":"https:\/\/zapateneo.net\/wordpress\/index.php\/producto\/hegel-actualidad-de-su-logica-y-su-sistema\/#primaryimage"},"image":{"@id":"https:\/\/zapateneo.net\/wordpress\/index.php\/producto\/hegel-actualidad-de-su-logica-y-su-sistema\/#primaryimage"},"thumbnailUrl":"https:\/\/zapateneo.net\/wordpress\/wp-content\/uploads\/2023\/09\/hegel-9786124817397.jpg","datePublished":"2023-09-15T04:54:19+00:00","dateModified":"2023-09-15T04:54:26+00:00","breadcrumb":{"@id":"https:\/\/zapateneo.net\/wordpress\/index.php\/producto\/hegel-actualidad-de-su-logica-y-su-sistema\/#breadcrumb"},"inLanguage":"es","potentialAction":[{"@type":"ReadAction","target":["https:\/\/zapateneo.net\/wordpress\/index.php\/producto\/hegel-actualidad-de-su-logica-y-su-sistema\/"]}]},{"@type":"ImageObject","inLanguage":"es","@id":"https:\/\/zapateneo.net\/wordpress\/index.php\/producto\/hegel-actualidad-de-su-logica-y-su-sistema\/#primaryimage","url":"https:\/\/zapateneo.net\/wordpress\/wp-content\/uploads\/2023\/09\/hegel-9786124817397.jpg","contentUrl":"https:\/\/zapateneo.net\/wordpress\/wp-content\/uploads\/2023\/09\/hegel-9786124817397.jpg","width":282,"height":400},{"@type":"BreadcrumbList","@id":"https:\/\/zapateneo.net\/wordpress\/index.php\/producto\/hegel-actualidad-de-su-logica-y-su-sistema\/#breadcrumb","itemListElement":[{"@type":"ListItem","position":1,"name":"Portada","item":"https:\/\/zapateneo.net\/wordpress\/"},{"@type":"ListItem","position":2,"name":"Tienda","item":"https:\/\/zapateneo.net\/wordpress\/"},{"@type":"ListItem","position":3,"name":"HEGEL Actualidad de su l\u00f3gica y su sistema"}]},{"@type":"WebSite","@id":"https:\/\/zapateneo.net\/wordpress\/#website","url":"https:\/\/zapateneo.net\/wordpress\/","name":"Zapateneo","description":"Zapateneoaren webgunea","publisher":{"@id":"https:\/\/zapateneo.net\/wordpress\/#organization"},"potentialAction":[{"@type":"SearchAction","target":{"@type":"EntryPoint","urlTemplate":"https:\/\/zapateneo.net\/wordpress\/?s={search_term_string}"},"query-input":{"@type":"PropertyValueSpecification","valueRequired":true,"valueName":"search_term_string"}}],"inLanguage":"es"},{"@type":"Organization","@id":"https:\/\/zapateneo.net\/wordpress\/#organization","name":"Zapateneo Kultur Elkartea","url":"https:\/\/zapateneo.net\/wordpress\/","logo":{"@type":"ImageObject","inLanguage":"es","@id":"https:\/\/zapateneo.net\/wordpress\/#\/schema\/logo\/image\/","url":"https:\/\/zapateneo.net\/wordpress\/wp-content\/uploads\/2021\/04\/zap-libu-kolec.jpg","contentUrl":"https:\/\/zapateneo.net\/wordpress\/wp-content\/uploads\/2021\/04\/zap-libu-kolec.jpg","width":2234,"height":398,"caption":"Zapateneo Kultur Elkartea"},"image":{"@id":"https:\/\/zapateneo.net\/wordpress\/#\/schema\/logo\/image\/"},"sameAs":["https:\/\/x.com\/zapateneo"]}]}},"_links":{"self":[{"href":"https:\/\/zapateneo.net\/wordpress\/index.php\/wp-json\/wp\/v2\/product\/14718","targetHints":{"allow":["GET"]}}],"collection":[{"href":"https:\/\/zapateneo.net\/wordpress\/index.php\/wp-json\/wp\/v2\/product"}],"about":[{"href":"https:\/\/zapateneo.net\/wordpress\/index.php\/wp-json\/wp\/v2\/types\/product"}],"wp:featuredmedia":[{"embeddable":true,"href":"https:\/\/zapateneo.net\/wordpress\/index.php\/wp-json\/wp\/v2\/media\/14730"}],"wp:attachment":[{"href":"https:\/\/zapateneo.net\/wordpress\/index.php\/wp-json\/wp\/v2\/media?parent=14718"}],"wp:term":[{"taxonomy":"product_brand","embeddable":true,"href":"https:\/\/zapateneo.net\/wordpress\/index.php\/wp-json\/wp\/v2\/product_brand?post=14718"},{"taxonomy":"product_cat","embeddable":true,"href":"https:\/\/zapateneo.net\/wordpress\/index.php\/wp-json\/wp\/v2\/product_cat?post=14718"},{"taxonomy":"product_tag","embeddable":true,"href":"https:\/\/zapateneo.net\/wordpress\/index.php\/wp-json\/wp\/v2\/product_tag?post=14718"}],"curies":[{"name":"wp","href":"https:\/\/api.w.org\/{rel}","templated":true}]}}