{"id":14717,"date":"2023-09-15T05:54:19","date_gmt":"2023-09-15T04:54:19","guid":{"rendered":"https:\/\/zapateneo.net\/wordpress\/?post_type=product&#038;p=14717"},"modified":"2023-09-15T05:54:25","modified_gmt":"2023-09-15T04:54:25","slug":"cruzando-fronteras-mujeres-indigenas-y-feminismos-desde-abajo-y-a-la-izquierda","status":"publish","type":"product","link":"https:\/\/zapateneo.net\/wordpress\/index.php\/producto\/cruzando-fronteras-mujeres-indigenas-y-feminismos-desde-abajo-y-a-la-izquierda\/","title":{"rendered":"CRUZANDO FRONTERAS Mujeres ind\u00edgenas y feminismos desde abajo y a la izquierda"},"content":{"rendered":"<p>\u00abTambi\u00e9n queremos decir a los hombres que nos respeten nuestro derecho como mujer\u2026 Pero no lo vamos a pedir de favor, sino que lo vamos a obligar a los hombres que nos respeten. Porque muchas veces el maltrato que recibimos las mujeres no s\u00f3lo lo hace el rico explotador\u2026. Entonces, decimos claro que, cuando exigimos respeto a las mujeres, no s\u00f3lo lo demandamos de los neoliberales, tambi\u00e9n se lo vamos a obligar a los que luchan contra el neoliberalismo y dicen que son revolucionarios, pero en su casa son como el Bush\u2026 Es importante pasar del discurso a la pr\u00e1ctica de nuestros valores cosmog\u00f3nicos, desde lo personal, lo familiar, lo comunitario y en nuestras organizaciones.\u00bb \u2014Comandanta Esther, 2003<\/p>\n<p>Este libro viaja desde la Selva Lacandona, para contarnos desde el hacer de las mujeres zapatistas, c\u00f3mo han ido deshilando en colectividad, hebra por hebra, los nudos de \u201caquello que hace triste a su coraz\u00f3n\u201d. Saben que la \u201ccultura\u201d son ellas, que en ellas est\u00e1 el cambio. Al ritmo de sus procesos de transformaci\u00f3n esta edici\u00f3n ampliada \u2013han pasado 7 a\u00f1os\u2013 nos susurra los c\u00e1nticos din\u00e1micos que sostienen las tradiciones ancestrales ind\u00edgenas mesoamericanas. Enton\u00e1ndolos nos sacudiremos el pensamiento filos\u00f3fico patriarcal para dar espacio, en nuestra comprensi\u00f3n, a otras relaciones menos opresivas a partir de tradiciones que se re-forman y re-crean como nuevas fortalezas, porque son ellas, mujeres en colectivo, quienes ejercen soberan\u00eda en sus cuerpas y autonom\u00eda en sus territorios.<\/p>\n<p>El coraz\u00f3n de las mujeres zapatistas es una escuela de solidaridad intergal\u00e1ctica donde, sin ser iguales, en sus demandas nos incluyen a todas. Esta nueva naturaleza que nos ofrecen, acoge el entendimiento de las m\u00faltiples diversidades existentes de ser mujeres, y con ello las variadas formas de control y sujeci\u00f3n que caracterizan a las distintas sociedades. A trav\u00e9s del texto se detalla su resistencia y tambi\u00e9n la de las mujeres del Medio Oriente, oxigenando las r\u00edgidas rutas emancipadoras concebidas por la cultura occidental.<\/p>\n<p>Sylvia Marcos Comprometida investigadora feminista, editora y compa\u00f1era de la Sexta Internacional del EZLN. Es autora de numerosos libros, art\u00edculos e investigaciones etno-hist\u00f3ricas en el \u00e1rea de g\u00e9nero, religiones mesoamericanas, epistemolog\u00edas tradicionales y sobre el curanderismo, entre otros \u201cDi\u00e1logo y Diferencia: Retos Feministas a la Globalizaci\u00f3n\u201d (2008), \u201cMujeres Ind\u00edgenas, Rebeldes Zapatistas\u201d, (2012), \u201cSenti-Pensar el G\u00e9nero\u201d (2013, junto a Georgina M\u00e9ndez, Xuno Lopez Intzin y Carmen Osorio), \u201cMujeres Ind\u00edgenas y Cosmovisi\u00f3n Descolonial\u201d (2014), con ediciones en espa\u00f1ol, ingl\u00e9s, turco, alem\u00e1n, checo, holand\u00e9s, polaco, rumano, franc\u00e9s, italiano, portugu\u00e9s, croata, japon\u00e9s. A trav\u00e9s de los a\u00f1os, Sylvia Marcos ha sido fundadora, consultora e integrante de organizaciones, espacios acad\u00e9micos y publicaciones, que incluyen la Red de Feminismos Descoloniales-Red de redes, Cuadernos Feministas, CIDHAL, CIDOC, Semillas, Cat\u00f3licas por el derecho a decidir, Programa Interdisciplinario de Estudios de la Mujer, La Doble Jornada, Enlace Continental de Mujeres Ind\u00edgenas, entre muchas m\u00e1s. Ha dedicado su vida a la producci\u00f3n de conocimientos en m\u00faltiples programas y centros de estudios de las mujeres, vincul\u00e1ndolo a sus estudios teol\u00f3gicos y realizando conferencias en Europa, Am\u00e9rica Latina, Asia y Ocean\u00eda.<\/p>\n","protected":false},"excerpt":{"rendered":"<p><strong>Sylvia Marcos<\/strong><br \/>\n9789200710988 &#8211; Quimant\u00fa &#8211; 2023 &#8211; 248 p\u00e1ginas \/orri.<\/p>\n","protected":false},"featured_media":14729,"template":"","meta":[],"product_brand":[],"product_cat":[15],"product_tag":[5942,6719],"class_list":{"0":"post-14717","1":"product","2":"type-product","3":"status-publish","4":"has-post-thumbnail","6":"product_cat-otros-bestelakoak","7":"product_tag-quimantu","8":"product_tag-sylvia-marcos","10":"first","11":"instock","12":"sold-individually","13":"shipping-taxable","14":"purchasable","15":"product-type-simple"},"yoast_head":"<!-- This site is optimized with the Yoast SEO plugin v27.3 - https:\/\/yoast.com\/product\/yoast-seo-wordpress\/ -->\n<title>CRUZANDO FRONTERAS Mujeres ind\u00edgenas y feminismos desde abajo y a la izquierda &#8212; Zapateneo<\/title>\n<meta name=\"robots\" content=\"index, follow, max-snippet:-1, max-image-preview:large, max-video-preview:-1\" \/>\n<link rel=\"canonical\" href=\"https:\/\/zapateneo.net\/wordpress\/index.php\/producto\/cruzando-fronteras-mujeres-indigenas-y-feminismos-desde-abajo-y-a-la-izquierda\/\" \/>\n<meta property=\"og:locale\" content=\"es_ES\" \/>\n<meta property=\"og:type\" content=\"article\" \/>\n<meta property=\"og:title\" content=\"CRUZANDO FRONTERAS Mujeres ind\u00edgenas y feminismos desde abajo y a la izquierda &#8212; Zapateneo\" \/>\n<meta property=\"og:description\" content=\"Sylvia Marcos 9789200710988 - Quimant\u00fa - 2023 - 248 p\u00e1ginas \/orri.\" \/>\n<meta property=\"og:url\" content=\"https:\/\/zapateneo.net\/wordpress\/index.php\/producto\/cruzando-fronteras-mujeres-indigenas-y-feminismos-desde-abajo-y-a-la-izquierda\/\" \/>\n<meta property=\"og:site_name\" content=\"Zapateneo\" \/>\n<meta property=\"article:modified_time\" content=\"2023-09-15T04:54:25+00:00\" \/>\n<meta name=\"twitter:card\" content=\"summary_large_image\" \/>\n<meta name=\"twitter:site\" content=\"@zapateneo\" \/>\n<meta name=\"twitter:label1\" content=\"Tiempo de lectura\" \/>\n\t<meta name=\"twitter:data1\" content=\"3 minutos\" \/>\n<script type=\"application\/ld+json\" class=\"yoast-schema-graph\">{\"@context\":\"https:\\\/\\\/schema.org\",\"@graph\":[{\"@type\":\"WebPage\",\"@id\":\"https:\\\/\\\/zapateneo.net\\\/wordpress\\\/index.php\\\/producto\\\/cruzando-fronteras-mujeres-indigenas-y-feminismos-desde-abajo-y-a-la-izquierda\\\/\",\"url\":\"https:\\\/\\\/zapateneo.net\\\/wordpress\\\/index.php\\\/producto\\\/cruzando-fronteras-mujeres-indigenas-y-feminismos-desde-abajo-y-a-la-izquierda\\\/\",\"name\":\"CRUZANDO FRONTERAS Mujeres ind\u00edgenas y feminismos desde abajo y a la izquierda &#8212; Zapateneo\",\"isPartOf\":{\"@id\":\"https:\\\/\\\/zapateneo.net\\\/wordpress\\\/#website\"},\"primaryImageOfPage\":{\"@id\":\"https:\\\/\\\/zapateneo.net\\\/wordpress\\\/index.php\\\/producto\\\/cruzando-fronteras-mujeres-indigenas-y-feminismos-desde-abajo-y-a-la-izquierda\\\/#primaryimage\"},\"image\":{\"@id\":\"https:\\\/\\\/zapateneo.net\\\/wordpress\\\/index.php\\\/producto\\\/cruzando-fronteras-mujeres-indigenas-y-feminismos-desde-abajo-y-a-la-izquierda\\\/#primaryimage\"},\"thumbnailUrl\":\"https:\\\/\\\/zapateneo.net\\\/wordpress\\\/wp-content\\\/uploads\\\/2023\\\/09\\\/cruzando-fronteras-quimantu-9789200710988.jpg\",\"datePublished\":\"2023-09-15T04:54:19+00:00\",\"dateModified\":\"2023-09-15T04:54:25+00:00\",\"breadcrumb\":{\"@id\":\"https:\\\/\\\/zapateneo.net\\\/wordpress\\\/index.php\\\/producto\\\/cruzando-fronteras-mujeres-indigenas-y-feminismos-desde-abajo-y-a-la-izquierda\\\/#breadcrumb\"},\"inLanguage\":\"es\",\"potentialAction\":[{\"@type\":\"ReadAction\",\"target\":[\"https:\\\/\\\/zapateneo.net\\\/wordpress\\\/index.php\\\/producto\\\/cruzando-fronteras-mujeres-indigenas-y-feminismos-desde-abajo-y-a-la-izquierda\\\/\"]}]},{\"@type\":\"ImageObject\",\"inLanguage\":\"es\",\"@id\":\"https:\\\/\\\/zapateneo.net\\\/wordpress\\\/index.php\\\/producto\\\/cruzando-fronteras-mujeres-indigenas-y-feminismos-desde-abajo-y-a-la-izquierda\\\/#primaryimage\",\"url\":\"https:\\\/\\\/zapateneo.net\\\/wordpress\\\/wp-content\\\/uploads\\\/2023\\\/09\\\/cruzando-fronteras-quimantu-9789200710988.jpg\",\"contentUrl\":\"https:\\\/\\\/zapateneo.net\\\/wordpress\\\/wp-content\\\/uploads\\\/2023\\\/09\\\/cruzando-fronteras-quimantu-9789200710988.jpg\",\"width\":283,\"height\":400},{\"@type\":\"BreadcrumbList\",\"@id\":\"https:\\\/\\\/zapateneo.net\\\/wordpress\\\/index.php\\\/producto\\\/cruzando-fronteras-mujeres-indigenas-y-feminismos-desde-abajo-y-a-la-izquierda\\\/#breadcrumb\",\"itemListElement\":[{\"@type\":\"ListItem\",\"position\":1,\"name\":\"Portada\",\"item\":\"https:\\\/\\\/zapateneo.net\\\/wordpress\\\/\"},{\"@type\":\"ListItem\",\"position\":2,\"name\":\"Tienda\",\"item\":\"https:\\\/\\\/zapateneo.net\\\/wordpress\\\/\"},{\"@type\":\"ListItem\",\"position\":3,\"name\":\"CRUZANDO FRONTERAS Mujeres ind\u00edgenas y feminismos desde abajo y a la izquierda\"}]},{\"@type\":\"WebSite\",\"@id\":\"https:\\\/\\\/zapateneo.net\\\/wordpress\\\/#website\",\"url\":\"https:\\\/\\\/zapateneo.net\\\/wordpress\\\/\",\"name\":\"Zapateneo\",\"description\":\"Zapateneoaren webgunea\",\"publisher\":{\"@id\":\"https:\\\/\\\/zapateneo.net\\\/wordpress\\\/#organization\"},\"potentialAction\":[{\"@type\":\"SearchAction\",\"target\":{\"@type\":\"EntryPoint\",\"urlTemplate\":\"https:\\\/\\\/zapateneo.net\\\/wordpress\\\/?s={search_term_string}\"},\"query-input\":{\"@type\":\"PropertyValueSpecification\",\"valueRequired\":true,\"valueName\":\"search_term_string\"}}],\"inLanguage\":\"es\"},{\"@type\":\"Organization\",\"@id\":\"https:\\\/\\\/zapateneo.net\\\/wordpress\\\/#organization\",\"name\":\"Zapateneo Kultur Elkartea\",\"url\":\"https:\\\/\\\/zapateneo.net\\\/wordpress\\\/\",\"logo\":{\"@type\":\"ImageObject\",\"inLanguage\":\"es\",\"@id\":\"https:\\\/\\\/zapateneo.net\\\/wordpress\\\/#\\\/schema\\\/logo\\\/image\\\/\",\"url\":\"https:\\\/\\\/zapateneo.net\\\/wordpress\\\/wp-content\\\/uploads\\\/2021\\\/04\\\/zap-libu-kolec.jpg\",\"contentUrl\":\"https:\\\/\\\/zapateneo.net\\\/wordpress\\\/wp-content\\\/uploads\\\/2021\\\/04\\\/zap-libu-kolec.jpg\",\"width\":2234,\"height\":398,\"caption\":\"Zapateneo Kultur Elkartea\"},\"image\":{\"@id\":\"https:\\\/\\\/zapateneo.net\\\/wordpress\\\/#\\\/schema\\\/logo\\\/image\\\/\"},\"sameAs\":[\"https:\\\/\\\/x.com\\\/zapateneo\"]}]}<\/script>\n<!-- \/ Yoast SEO plugin. -->","yoast_head_json":{"title":"CRUZANDO FRONTERAS Mujeres ind\u00edgenas y feminismos desde abajo y a la izquierda &#8212; Zapateneo","robots":{"index":"index","follow":"follow","max-snippet":"max-snippet:-1","max-image-preview":"max-image-preview:large","max-video-preview":"max-video-preview:-1"},"canonical":"https:\/\/zapateneo.net\/wordpress\/index.php\/producto\/cruzando-fronteras-mujeres-indigenas-y-feminismos-desde-abajo-y-a-la-izquierda\/","og_locale":"es_ES","og_type":"article","og_title":"CRUZANDO FRONTERAS Mujeres ind\u00edgenas y feminismos desde abajo y a la izquierda &#8212; Zapateneo","og_description":"Sylvia Marcos 9789200710988 - Quimant\u00fa - 2023 - 248 p\u00e1ginas \/orri.","og_url":"https:\/\/zapateneo.net\/wordpress\/index.php\/producto\/cruzando-fronteras-mujeres-indigenas-y-feminismos-desde-abajo-y-a-la-izquierda\/","og_site_name":"Zapateneo","article_modified_time":"2023-09-15T04:54:25+00:00","twitter_card":"summary_large_image","twitter_site":"@zapateneo","twitter_misc":{"Tiempo de lectura":"3 minutos"},"schema":{"@context":"https:\/\/schema.org","@graph":[{"@type":"WebPage","@id":"https:\/\/zapateneo.net\/wordpress\/index.php\/producto\/cruzando-fronteras-mujeres-indigenas-y-feminismos-desde-abajo-y-a-la-izquierda\/","url":"https:\/\/zapateneo.net\/wordpress\/index.php\/producto\/cruzando-fronteras-mujeres-indigenas-y-feminismos-desde-abajo-y-a-la-izquierda\/","name":"CRUZANDO FRONTERAS Mujeres ind\u00edgenas y feminismos desde abajo y a la izquierda &#8212; Zapateneo","isPartOf":{"@id":"https:\/\/zapateneo.net\/wordpress\/#website"},"primaryImageOfPage":{"@id":"https:\/\/zapateneo.net\/wordpress\/index.php\/producto\/cruzando-fronteras-mujeres-indigenas-y-feminismos-desde-abajo-y-a-la-izquierda\/#primaryimage"},"image":{"@id":"https:\/\/zapateneo.net\/wordpress\/index.php\/producto\/cruzando-fronteras-mujeres-indigenas-y-feminismos-desde-abajo-y-a-la-izquierda\/#primaryimage"},"thumbnailUrl":"https:\/\/zapateneo.net\/wordpress\/wp-content\/uploads\/2023\/09\/cruzando-fronteras-quimantu-9789200710988.jpg","datePublished":"2023-09-15T04:54:19+00:00","dateModified":"2023-09-15T04:54:25+00:00","breadcrumb":{"@id":"https:\/\/zapateneo.net\/wordpress\/index.php\/producto\/cruzando-fronteras-mujeres-indigenas-y-feminismos-desde-abajo-y-a-la-izquierda\/#breadcrumb"},"inLanguage":"es","potentialAction":[{"@type":"ReadAction","target":["https:\/\/zapateneo.net\/wordpress\/index.php\/producto\/cruzando-fronteras-mujeres-indigenas-y-feminismos-desde-abajo-y-a-la-izquierda\/"]}]},{"@type":"ImageObject","inLanguage":"es","@id":"https:\/\/zapateneo.net\/wordpress\/index.php\/producto\/cruzando-fronteras-mujeres-indigenas-y-feminismos-desde-abajo-y-a-la-izquierda\/#primaryimage","url":"https:\/\/zapateneo.net\/wordpress\/wp-content\/uploads\/2023\/09\/cruzando-fronteras-quimantu-9789200710988.jpg","contentUrl":"https:\/\/zapateneo.net\/wordpress\/wp-content\/uploads\/2023\/09\/cruzando-fronteras-quimantu-9789200710988.jpg","width":283,"height":400},{"@type":"BreadcrumbList","@id":"https:\/\/zapateneo.net\/wordpress\/index.php\/producto\/cruzando-fronteras-mujeres-indigenas-y-feminismos-desde-abajo-y-a-la-izquierda\/#breadcrumb","itemListElement":[{"@type":"ListItem","position":1,"name":"Portada","item":"https:\/\/zapateneo.net\/wordpress\/"},{"@type":"ListItem","position":2,"name":"Tienda","item":"https:\/\/zapateneo.net\/wordpress\/"},{"@type":"ListItem","position":3,"name":"CRUZANDO FRONTERAS Mujeres ind\u00edgenas y feminismos desde abajo y a la izquierda"}]},{"@type":"WebSite","@id":"https:\/\/zapateneo.net\/wordpress\/#website","url":"https:\/\/zapateneo.net\/wordpress\/","name":"Zapateneo","description":"Zapateneoaren webgunea","publisher":{"@id":"https:\/\/zapateneo.net\/wordpress\/#organization"},"potentialAction":[{"@type":"SearchAction","target":{"@type":"EntryPoint","urlTemplate":"https:\/\/zapateneo.net\/wordpress\/?s={search_term_string}"},"query-input":{"@type":"PropertyValueSpecification","valueRequired":true,"valueName":"search_term_string"}}],"inLanguage":"es"},{"@type":"Organization","@id":"https:\/\/zapateneo.net\/wordpress\/#organization","name":"Zapateneo Kultur Elkartea","url":"https:\/\/zapateneo.net\/wordpress\/","logo":{"@type":"ImageObject","inLanguage":"es","@id":"https:\/\/zapateneo.net\/wordpress\/#\/schema\/logo\/image\/","url":"https:\/\/zapateneo.net\/wordpress\/wp-content\/uploads\/2021\/04\/zap-libu-kolec.jpg","contentUrl":"https:\/\/zapateneo.net\/wordpress\/wp-content\/uploads\/2021\/04\/zap-libu-kolec.jpg","width":2234,"height":398,"caption":"Zapateneo Kultur Elkartea"},"image":{"@id":"https:\/\/zapateneo.net\/wordpress\/#\/schema\/logo\/image\/"},"sameAs":["https:\/\/x.com\/zapateneo"]}]}},"_links":{"self":[{"href":"https:\/\/zapateneo.net\/wordpress\/index.php\/wp-json\/wp\/v2\/product\/14717","targetHints":{"allow":["GET"]}}],"collection":[{"href":"https:\/\/zapateneo.net\/wordpress\/index.php\/wp-json\/wp\/v2\/product"}],"about":[{"href":"https:\/\/zapateneo.net\/wordpress\/index.php\/wp-json\/wp\/v2\/types\/product"}],"wp:featuredmedia":[{"embeddable":true,"href":"https:\/\/zapateneo.net\/wordpress\/index.php\/wp-json\/wp\/v2\/media\/14729"}],"wp:attachment":[{"href":"https:\/\/zapateneo.net\/wordpress\/index.php\/wp-json\/wp\/v2\/media?parent=14717"}],"wp:term":[{"taxonomy":"product_brand","embeddable":true,"href":"https:\/\/zapateneo.net\/wordpress\/index.php\/wp-json\/wp\/v2\/product_brand?post=14717"},{"taxonomy":"product_cat","embeddable":true,"href":"https:\/\/zapateneo.net\/wordpress\/index.php\/wp-json\/wp\/v2\/product_cat?post=14717"},{"taxonomy":"product_tag","embeddable":true,"href":"https:\/\/zapateneo.net\/wordpress\/index.php\/wp-json\/wp\/v2\/product_tag?post=14717"}],"curies":[{"name":"wp","href":"https:\/\/api.w.org\/{rel}","templated":true}]}}