{"id":14716,"date":"2023-09-15T05:54:18","date_gmt":"2023-09-15T04:54:18","guid":{"rendered":"https:\/\/zapateneo.net\/wordpress\/?post_type=product&#038;p=14716"},"modified":"2023-09-15T05:54:25","modified_gmt":"2023-09-15T04:54:25","slug":"aprendizajes-para-una-sociedad-libre-educacion-anarquista-vol-1-seleccion-de-escritos-contemporane","status":"publish","type":"product","link":"https:\/\/zapateneo.net\/wordpress\/index.php\/producto\/aprendizajes-para-una-sociedad-libre-educacion-anarquista-vol-1-seleccion-de-escritos-contemporane\/","title":{"rendered":"APRENDIZAJES PARA UNA SOCIEDAD LIBRE Educaci\u00f3n Anarquista Vol.1 &#8211; Selecci\u00f3n de escritos contempor\u00e1ne"},"content":{"rendered":"<p>Este recopilatorio re\u00fane distintas experiencias de educaci\u00f3n libertaria a lo largo y ancho del mundo, a partir de los cuales se proponen cuestionamientos e ideas para construir desde nuestra contemporaneidad y cotidianidad una educaci\u00f3n que promueva los aprendizajes libres para sociedades libres. El punto central y motivador de esta selecci\u00f3n son las ideas de autoformaci\u00f3n y de autogesti\u00f3n como hechos de vida cotidiana al interior y alrededor de los proyectos educativos.<\/p>\n<p>Los m\u00e9todos pedag\u00f3gicos libertarios son m\u00faltiples y por ello no determinan un camino recto y \u00fanico: cada comunidad debe encontrar su propia ruta en la b\u00fasqueda incansable y siempre renovada de una educaci\u00f3n para la libertad. Comunidad autoeducativa, autogestionada y aut\u00f3noma, es decir, que ense\u00f1a y aprende mediante la relaci\u00f3n de todas y todos los individuos que son parte de ella y que toma decisiones por ella misma, en completa responsabilidad para consigo. Ser\u00e1n entonces los m\u00e1s peque\u00f1os los beneficiarios de este cambio actitudinal de la colectividad, que respeta y promueven sus derechos.<\/p>\n<p>El presente libro est\u00e1 compuesto por art\u00edculos de F\u00e9lix Garc\u00eda, H\u00e9loisa Castellanos, Hugues Lenoir, Silvio Gallo, Lamberto Borghi, Francesco Codello, Pere Sol\u00e0, Josefa Mart\u00edn Luengo y Daniel Paraju\u00e1, educadores que han realizado grandes aportes para el desaf\u00edo de una educaci\u00f3n anarquista en el siglo XXI, actualizando y revitalizando el terreno de lo pr\u00e1ctico y de lo te\u00f3rico.<\/p>\n<p>F\u00e9lix Garc\u00eda Moriy\u00f3n es profesor de filosof\u00eda en un instituto de secundaria en Madrid, Espa\u00f1a. Es autor de diversos art\u00edculos y libros sobre educaci\u00f3n y anarquismo, tales como Pregunto, dialogo, aprendo: c\u00f3mo hacer filosof\u00eda en el aula (Ediciones de la Torre, 2006) y Del socialismo ut\u00f3pico al anarquismo (Terramar, 2008). Es tambi\u00e9n miembro del consejo editorial de la revista Librepensamiento?, editada por la CGT Espa\u00f1a.<br \/>\nH\u00e9loisa Castellanos reside en Par\u00eds desde 1970. Ha sido miembro de la redaccion de La Lanterne noire. Actualmente participa a la revista R\u00e9fractions. Recherches et expressions anarchistes.<br \/>\nHugues Lenoir es militante de la Federaci\u00f3n Anarquista Franc\u00f3fona, profesor en Ciencias de la Educaci\u00f3n en la Universidad Paris Ouest Nanterre y miembro del Consejo cient\u00edfico y evaluaci\u00f3n de la Agencia Nacional de Lucha contra el Analfabetismo (ANLCI). Entre sus publicaciones, destacamos: \u00c9duquer pour \u00e9manciper (\u00c9ditions CNT-RP, 2009); \u00c9ducation, autogestion, \u00e9thique (\u00c9ditions libertaires, 2010); y Pour l&#8217;\u00e9ducation populaire (\u00c9ditions du Monde libertaire, 2012).<br \/>\nSilvio Donizetti De Oliveira Gallo es un fil\u00f3sofo y pedagogo brasilero. Actualmente se desempe\u00f1a como acad\u00e9mico en la UNICAMP. Es autor de diversas publicaciones, como: Anarquismo: uma introdu\u00e7\u00e3o filos\u00f3fica e pol\u00edtica (Achiam\u00e9, 2000) y Educa\u00e7\u00e3o do Preconceito. Ensaios sobre poder e resist\u00eancia (Editora Al\u00ednea, 2004).<br \/>\nLamberto Borghi (1907-2000) fue un influyente y destacado escritor y pedagogo italiano. Inicia sus estudios en la Universit\u00e0 di Pisa, donde se especializa en lengua tedesca. La Italia Fascista y la Alemania Hitleriana lo empujan a exiliarse en los Estados Unidos. Terminada la II Guerra Mundial, retorna a Italia, donde contin\u00faa su labor docente, encarg\u00e1ndose de la c\u00e1tedra de pedagog\u00eda de la Facolt\u00e0 di Magistero en la Universit\u00e0 di Firenze hacia el a\u00f1o 1955. Autor de varios art\u00edculos y libros, entre los cuales destacamos Scuola e comunit\u00e0 (Firenze, 1963), La citt\u00e0 e la scuola (El\u00e8uthera, 2000).<br \/>\nFrancesco Codello es un educador italiano, redactor de la revista Libertaria y animador en Italia de la International Democratic Education Network. Es autor de libros como Educazione e anarchismo (Ferrara, 1995); La buona educazione (2 vols., Milano, 2005) y N\u00e9 obbedire n\u00e9 comandare (El\u00e8uthera, 2009).<br \/>\nPere Sol\u00e0 I Gussinyer es catedr\u00e1tico de Historia de la Educaci\u00f3n en la Universidad Aut\u00f3noma de Barcelona. Es autor de una nutrida bibliograf\u00eda: Educaci\u00f3 i moviment llibertari a Catalunya (1901- 1939) (Edic. 62, 1980); Francesc Ferrer i Guardia i l&#8217;escola moderna (Curial, 1978); Els ateneus obrers i la cultura popular a Catalunya (1900-1939) (Edicions de La Magrana, 1978), entre otros.<br \/>\nJosefa Mart\u00edn Luengo (1944-2009) es una de la figuras m\u00e1s relevantes de la pedagog\u00eda libertaria del \u00faltimo tiempo. En 1978 funda, junto a Concha Casta\u00f1o Casaseca y Mar\u00eda Jes\u00fas Checa Sim\u00f3, la Escuela Libre Paideia en la localidad de M\u00e9rida (Badajoz, Espa\u00f1a), proyecto educativo que se mantiene hasta la actualidad y que representa uno de los ejemplos m\u00e1s claros de la educaci\u00f3n libertaria. Entre su bibliograf\u00eda destacamos: Paideia, 25 a\u00f1os de Educaci\u00f3n Libertaria. Manual Te\u00f3rico-Pr\u00e1ctico (Villaka\u00f1eras Ediciones, 2006), libro del cual Editorial Eleuterio public\u00f3 el segundo cap\u00edtulo bajo el t\u00edtulo Para educar en la libertad (2016).<br \/>\nDaniel Paraju\u00e1 Navarrete es parte del personal docente e investigador del Departamente de Antropolog\u00eda de la Universidad Complutense de Madrid. Adem\u00e1s, es parte de la secci\u00f3n de ense\u00f1anza de la CGT madrile\u00f1a.<\/p>\n","protected":false},"excerpt":{"rendered":"<p><strong>Grupo de Estudios G\u00f3mez Rojas<\/strong><br \/>\n9789569261329 &#8211; Eleuterio &#8211; 2023 &#8211; 128 p\u00e1ginas \/orri.<\/p>\n","protected":false},"featured_media":14728,"template":"","meta":[],"product_brand":[],"product_cat":[15],"product_tag":[6717,6718],"class_list":{"0":"post-14716","1":"product","2":"type-product","3":"status-publish","4":"has-post-thumbnail","6":"product_cat-otros-bestelakoak","7":"product_tag-eleuterio","8":"product_tag-grupo-de-estudios-gomez-rojas","10":"first","11":"instock","12":"sold-individually","13":"shipping-taxable","14":"purchasable","15":"product-type-simple"},"yoast_head":"<!-- This site is optimized with the Yoast SEO plugin v27.3 - https:\/\/yoast.com\/product\/yoast-seo-wordpress\/ -->\n<title>APRENDIZAJES PARA UNA SOCIEDAD LIBRE Educaci\u00f3n Anarquista Vol.1 - Selecci\u00f3n de escritos contempor\u00e1ne &#8212; Zapateneo<\/title>\n<meta name=\"robots\" content=\"index, follow, max-snippet:-1, max-image-preview:large, max-video-preview:-1\" \/>\n<link rel=\"canonical\" href=\"https:\/\/zapateneo.net\/wordpress\/index.php\/producto\/aprendizajes-para-una-sociedad-libre-educacion-anarquista-vol-1-seleccion-de-escritos-contemporane\/\" \/>\n<meta property=\"og:locale\" content=\"es_ES\" \/>\n<meta property=\"og:type\" content=\"article\" \/>\n<meta property=\"og:title\" content=\"APRENDIZAJES PARA UNA SOCIEDAD LIBRE Educaci\u00f3n Anarquista Vol.1 - Selecci\u00f3n de escritos contempor\u00e1ne &#8212; Zapateneo\" \/>\n<meta property=\"og:description\" content=\"Grupo de Estudios G\u00f3mez Rojas 9789569261329 - Eleuterio - 2023 - 128 p\u00e1ginas \/orri.\" \/>\n<meta property=\"og:url\" content=\"https:\/\/zapateneo.net\/wordpress\/index.php\/producto\/aprendizajes-para-una-sociedad-libre-educacion-anarquista-vol-1-seleccion-de-escritos-contemporane\/\" \/>\n<meta property=\"og:site_name\" content=\"Zapateneo\" \/>\n<meta property=\"article:modified_time\" content=\"2023-09-15T04:54:25+00:00\" \/>\n<meta name=\"twitter:card\" content=\"summary_large_image\" \/>\n<meta name=\"twitter:site\" content=\"@zapateneo\" \/>\n<meta name=\"twitter:label1\" content=\"Tiempo de lectura\" \/>\n\t<meta name=\"twitter:data1\" content=\"4 minutos\" \/>\n<script type=\"application\/ld+json\" class=\"yoast-schema-graph\">{\"@context\":\"https:\\\/\\\/schema.org\",\"@graph\":[{\"@type\":\"WebPage\",\"@id\":\"https:\\\/\\\/zapateneo.net\\\/wordpress\\\/index.php\\\/producto\\\/aprendizajes-para-una-sociedad-libre-educacion-anarquista-vol-1-seleccion-de-escritos-contemporane\\\/\",\"url\":\"https:\\\/\\\/zapateneo.net\\\/wordpress\\\/index.php\\\/producto\\\/aprendizajes-para-una-sociedad-libre-educacion-anarquista-vol-1-seleccion-de-escritos-contemporane\\\/\",\"name\":\"APRENDIZAJES PARA UNA SOCIEDAD LIBRE Educaci\u00f3n Anarquista Vol.1 - Selecci\u00f3n de escritos contempor\u00e1ne &#8212; Zapateneo\",\"isPartOf\":{\"@id\":\"https:\\\/\\\/zapateneo.net\\\/wordpress\\\/#website\"},\"primaryImageOfPage\":{\"@id\":\"https:\\\/\\\/zapateneo.net\\\/wordpress\\\/index.php\\\/producto\\\/aprendizajes-para-una-sociedad-libre-educacion-anarquista-vol-1-seleccion-de-escritos-contemporane\\\/#primaryimage\"},\"image\":{\"@id\":\"https:\\\/\\\/zapateneo.net\\\/wordpress\\\/index.php\\\/producto\\\/aprendizajes-para-una-sociedad-libre-educacion-anarquista-vol-1-seleccion-de-escritos-contemporane\\\/#primaryimage\"},\"thumbnailUrl\":\"https:\\\/\\\/zapateneo.net\\\/wordpress\\\/wp-content\\\/uploads\\\/2023\\\/09\\\/aprendizajes-para-una-sociedad-libre-9789569261329.png\",\"datePublished\":\"2023-09-15T04:54:18+00:00\",\"dateModified\":\"2023-09-15T04:54:25+00:00\",\"breadcrumb\":{\"@id\":\"https:\\\/\\\/zapateneo.net\\\/wordpress\\\/index.php\\\/producto\\\/aprendizajes-para-una-sociedad-libre-educacion-anarquista-vol-1-seleccion-de-escritos-contemporane\\\/#breadcrumb\"},\"inLanguage\":\"es\",\"potentialAction\":[{\"@type\":\"ReadAction\",\"target\":[\"https:\\\/\\\/zapateneo.net\\\/wordpress\\\/index.php\\\/producto\\\/aprendizajes-para-una-sociedad-libre-educacion-anarquista-vol-1-seleccion-de-escritos-contemporane\\\/\"]}]},{\"@type\":\"ImageObject\",\"inLanguage\":\"es\",\"@id\":\"https:\\\/\\\/zapateneo.net\\\/wordpress\\\/index.php\\\/producto\\\/aprendizajes-para-una-sociedad-libre-educacion-anarquista-vol-1-seleccion-de-escritos-contemporane\\\/#primaryimage\",\"url\":\"https:\\\/\\\/zapateneo.net\\\/wordpress\\\/wp-content\\\/uploads\\\/2023\\\/09\\\/aprendizajes-para-una-sociedad-libre-9789569261329.png\",\"contentUrl\":\"https:\\\/\\\/zapateneo.net\\\/wordpress\\\/wp-content\\\/uploads\\\/2023\\\/09\\\/aprendizajes-para-una-sociedad-libre-9789569261329.png\",\"width\":266,\"height\":400},{\"@type\":\"BreadcrumbList\",\"@id\":\"https:\\\/\\\/zapateneo.net\\\/wordpress\\\/index.php\\\/producto\\\/aprendizajes-para-una-sociedad-libre-educacion-anarquista-vol-1-seleccion-de-escritos-contemporane\\\/#breadcrumb\",\"itemListElement\":[{\"@type\":\"ListItem\",\"position\":1,\"name\":\"Portada\",\"item\":\"https:\\\/\\\/zapateneo.net\\\/wordpress\\\/\"},{\"@type\":\"ListItem\",\"position\":2,\"name\":\"Tienda\",\"item\":\"https:\\\/\\\/zapateneo.net\\\/wordpress\\\/\"},{\"@type\":\"ListItem\",\"position\":3,\"name\":\"APRENDIZAJES PARA UNA SOCIEDAD LIBRE Educaci\u00f3n Anarquista Vol.1 &#8211; Selecci\u00f3n de escritos contempor\u00e1ne\"}]},{\"@type\":\"WebSite\",\"@id\":\"https:\\\/\\\/zapateneo.net\\\/wordpress\\\/#website\",\"url\":\"https:\\\/\\\/zapateneo.net\\\/wordpress\\\/\",\"name\":\"Zapateneo\",\"description\":\"Zapateneoaren webgunea\",\"publisher\":{\"@id\":\"https:\\\/\\\/zapateneo.net\\\/wordpress\\\/#organization\"},\"potentialAction\":[{\"@type\":\"SearchAction\",\"target\":{\"@type\":\"EntryPoint\",\"urlTemplate\":\"https:\\\/\\\/zapateneo.net\\\/wordpress\\\/?s={search_term_string}\"},\"query-input\":{\"@type\":\"PropertyValueSpecification\",\"valueRequired\":true,\"valueName\":\"search_term_string\"}}],\"inLanguage\":\"es\"},{\"@type\":\"Organization\",\"@id\":\"https:\\\/\\\/zapateneo.net\\\/wordpress\\\/#organization\",\"name\":\"Zapateneo Kultur Elkartea\",\"url\":\"https:\\\/\\\/zapateneo.net\\\/wordpress\\\/\",\"logo\":{\"@type\":\"ImageObject\",\"inLanguage\":\"es\",\"@id\":\"https:\\\/\\\/zapateneo.net\\\/wordpress\\\/#\\\/schema\\\/logo\\\/image\\\/\",\"url\":\"https:\\\/\\\/zapateneo.net\\\/wordpress\\\/wp-content\\\/uploads\\\/2021\\\/04\\\/zap-libu-kolec.jpg\",\"contentUrl\":\"https:\\\/\\\/zapateneo.net\\\/wordpress\\\/wp-content\\\/uploads\\\/2021\\\/04\\\/zap-libu-kolec.jpg\",\"width\":2234,\"height\":398,\"caption\":\"Zapateneo Kultur Elkartea\"},\"image\":{\"@id\":\"https:\\\/\\\/zapateneo.net\\\/wordpress\\\/#\\\/schema\\\/logo\\\/image\\\/\"},\"sameAs\":[\"https:\\\/\\\/x.com\\\/zapateneo\"]}]}<\/script>\n<!-- \/ Yoast SEO plugin. -->","yoast_head_json":{"title":"APRENDIZAJES PARA UNA SOCIEDAD LIBRE Educaci\u00f3n Anarquista Vol.1 - Selecci\u00f3n de escritos contempor\u00e1ne &#8212; Zapateneo","robots":{"index":"index","follow":"follow","max-snippet":"max-snippet:-1","max-image-preview":"max-image-preview:large","max-video-preview":"max-video-preview:-1"},"canonical":"https:\/\/zapateneo.net\/wordpress\/index.php\/producto\/aprendizajes-para-una-sociedad-libre-educacion-anarquista-vol-1-seleccion-de-escritos-contemporane\/","og_locale":"es_ES","og_type":"article","og_title":"APRENDIZAJES PARA UNA SOCIEDAD LIBRE Educaci\u00f3n Anarquista Vol.1 - Selecci\u00f3n de escritos contempor\u00e1ne &#8212; Zapateneo","og_description":"Grupo de Estudios G\u00f3mez Rojas 9789569261329 - Eleuterio - 2023 - 128 p\u00e1ginas \/orri.","og_url":"https:\/\/zapateneo.net\/wordpress\/index.php\/producto\/aprendizajes-para-una-sociedad-libre-educacion-anarquista-vol-1-seleccion-de-escritos-contemporane\/","og_site_name":"Zapateneo","article_modified_time":"2023-09-15T04:54:25+00:00","twitter_card":"summary_large_image","twitter_site":"@zapateneo","twitter_misc":{"Tiempo de lectura":"4 minutos"},"schema":{"@context":"https:\/\/schema.org","@graph":[{"@type":"WebPage","@id":"https:\/\/zapateneo.net\/wordpress\/index.php\/producto\/aprendizajes-para-una-sociedad-libre-educacion-anarquista-vol-1-seleccion-de-escritos-contemporane\/","url":"https:\/\/zapateneo.net\/wordpress\/index.php\/producto\/aprendizajes-para-una-sociedad-libre-educacion-anarquista-vol-1-seleccion-de-escritos-contemporane\/","name":"APRENDIZAJES PARA UNA SOCIEDAD LIBRE Educaci\u00f3n Anarquista Vol.1 - Selecci\u00f3n de escritos contempor\u00e1ne &#8212; Zapateneo","isPartOf":{"@id":"https:\/\/zapateneo.net\/wordpress\/#website"},"primaryImageOfPage":{"@id":"https:\/\/zapateneo.net\/wordpress\/index.php\/producto\/aprendizajes-para-una-sociedad-libre-educacion-anarquista-vol-1-seleccion-de-escritos-contemporane\/#primaryimage"},"image":{"@id":"https:\/\/zapateneo.net\/wordpress\/index.php\/producto\/aprendizajes-para-una-sociedad-libre-educacion-anarquista-vol-1-seleccion-de-escritos-contemporane\/#primaryimage"},"thumbnailUrl":"https:\/\/zapateneo.net\/wordpress\/wp-content\/uploads\/2023\/09\/aprendizajes-para-una-sociedad-libre-9789569261329.png","datePublished":"2023-09-15T04:54:18+00:00","dateModified":"2023-09-15T04:54:25+00:00","breadcrumb":{"@id":"https:\/\/zapateneo.net\/wordpress\/index.php\/producto\/aprendizajes-para-una-sociedad-libre-educacion-anarquista-vol-1-seleccion-de-escritos-contemporane\/#breadcrumb"},"inLanguage":"es","potentialAction":[{"@type":"ReadAction","target":["https:\/\/zapateneo.net\/wordpress\/index.php\/producto\/aprendizajes-para-una-sociedad-libre-educacion-anarquista-vol-1-seleccion-de-escritos-contemporane\/"]}]},{"@type":"ImageObject","inLanguage":"es","@id":"https:\/\/zapateneo.net\/wordpress\/index.php\/producto\/aprendizajes-para-una-sociedad-libre-educacion-anarquista-vol-1-seleccion-de-escritos-contemporane\/#primaryimage","url":"https:\/\/zapateneo.net\/wordpress\/wp-content\/uploads\/2023\/09\/aprendizajes-para-una-sociedad-libre-9789569261329.png","contentUrl":"https:\/\/zapateneo.net\/wordpress\/wp-content\/uploads\/2023\/09\/aprendizajes-para-una-sociedad-libre-9789569261329.png","width":266,"height":400},{"@type":"BreadcrumbList","@id":"https:\/\/zapateneo.net\/wordpress\/index.php\/producto\/aprendizajes-para-una-sociedad-libre-educacion-anarquista-vol-1-seleccion-de-escritos-contemporane\/#breadcrumb","itemListElement":[{"@type":"ListItem","position":1,"name":"Portada","item":"https:\/\/zapateneo.net\/wordpress\/"},{"@type":"ListItem","position":2,"name":"Tienda","item":"https:\/\/zapateneo.net\/wordpress\/"},{"@type":"ListItem","position":3,"name":"APRENDIZAJES PARA UNA SOCIEDAD LIBRE Educaci\u00f3n Anarquista Vol.1 &#8211; Selecci\u00f3n de escritos contempor\u00e1ne"}]},{"@type":"WebSite","@id":"https:\/\/zapateneo.net\/wordpress\/#website","url":"https:\/\/zapateneo.net\/wordpress\/","name":"Zapateneo","description":"Zapateneoaren webgunea","publisher":{"@id":"https:\/\/zapateneo.net\/wordpress\/#organization"},"potentialAction":[{"@type":"SearchAction","target":{"@type":"EntryPoint","urlTemplate":"https:\/\/zapateneo.net\/wordpress\/?s={search_term_string}"},"query-input":{"@type":"PropertyValueSpecification","valueRequired":true,"valueName":"search_term_string"}}],"inLanguage":"es"},{"@type":"Organization","@id":"https:\/\/zapateneo.net\/wordpress\/#organization","name":"Zapateneo Kultur Elkartea","url":"https:\/\/zapateneo.net\/wordpress\/","logo":{"@type":"ImageObject","inLanguage":"es","@id":"https:\/\/zapateneo.net\/wordpress\/#\/schema\/logo\/image\/","url":"https:\/\/zapateneo.net\/wordpress\/wp-content\/uploads\/2021\/04\/zap-libu-kolec.jpg","contentUrl":"https:\/\/zapateneo.net\/wordpress\/wp-content\/uploads\/2021\/04\/zap-libu-kolec.jpg","width":2234,"height":398,"caption":"Zapateneo Kultur Elkartea"},"image":{"@id":"https:\/\/zapateneo.net\/wordpress\/#\/schema\/logo\/image\/"},"sameAs":["https:\/\/x.com\/zapateneo"]}]}},"_links":{"self":[{"href":"https:\/\/zapateneo.net\/wordpress\/index.php\/wp-json\/wp\/v2\/product\/14716","targetHints":{"allow":["GET"]}}],"collection":[{"href":"https:\/\/zapateneo.net\/wordpress\/index.php\/wp-json\/wp\/v2\/product"}],"about":[{"href":"https:\/\/zapateneo.net\/wordpress\/index.php\/wp-json\/wp\/v2\/types\/product"}],"wp:featuredmedia":[{"embeddable":true,"href":"https:\/\/zapateneo.net\/wordpress\/index.php\/wp-json\/wp\/v2\/media\/14728"}],"wp:attachment":[{"href":"https:\/\/zapateneo.net\/wordpress\/index.php\/wp-json\/wp\/v2\/media?parent=14716"}],"wp:term":[{"taxonomy":"product_brand","embeddable":true,"href":"https:\/\/zapateneo.net\/wordpress\/index.php\/wp-json\/wp\/v2\/product_brand?post=14716"},{"taxonomy":"product_cat","embeddable":true,"href":"https:\/\/zapateneo.net\/wordpress\/index.php\/wp-json\/wp\/v2\/product_cat?post=14716"},{"taxonomy":"product_tag","embeddable":true,"href":"https:\/\/zapateneo.net\/wordpress\/index.php\/wp-json\/wp\/v2\/product_tag?post=14716"}],"curies":[{"name":"wp","href":"https:\/\/api.w.org\/{rel}","templated":true}]}}