{"id":14715,"date":"2023-09-15T05:54:18","date_gmt":"2023-09-15T04:54:18","guid":{"rendered":"https:\/\/zapateneo.net\/wordpress\/?post_type=product&#038;p=14715"},"modified":"2023-09-15T05:54:24","modified_gmt":"2023-09-15T04:54:24","slug":"la-cuestion-femenina-en-nuestros-medios","status":"publish","type":"product","link":"https:\/\/zapateneo.net\/wordpress\/index.php\/producto\/la-cuestion-femenina-en-nuestros-medios\/","title":{"rendered":"LA CUESTI\u00d3N FEMENINA EN NUESTROS MEDIOS"},"content":{"rendered":"<p>Como integrante del movimiento anarquista y feminista, Luc\u00eda S\u00e1nchez Saornil fue blanco de la amnesia hist\u00f3rica, dado que, a pesar de la gran importancia que tuvo en el movimiento anarquista y anarcosindicalista espa\u00f1ol en la primera d\u00e9cada del siglo XX, a\u00fan es una \u201cilustre desconocida\u201d.<\/p>\n<p>De sus publicaciones en los diarios anarquistas y anarcosindicalistas, por las cuales le llevaron a\u00f1os m\u00e1s tarde a Federica Montseny a reconocerla \u201ccomo la que mejor escrib\u00eda de todas [las militantes]\u201d, se destaca su cr\u00edtica contundente al machismo estructural dentro de la CNT. Eso puede ser evidenciado por medio de la oposici\u00f3n trabada entre ella y Mariano V\u00e1squez sobre la \u201ccuesti\u00f3n femenina en nuestros medios\u201d, en las p\u00e1ginas del peri\u00f3dico barcelon\u00e9s Solidaridad Obrera, a fines de 1935. En seis corajudos art\u00edculos que escribi\u00f3 denuncia que a pesar de que la CNT reconoce en la teor\u00eda y en el derecho la igualdad en relaci\u00f3n a los hombres, en la pr\u00e1ctica la situaci\u00f3n de las mujeres era completamente diferente.<\/p>\n<p>La cr\u00edtica de Luc\u00eda abarcaba desde el enfoque centrado en la cuesti\u00f3n econ\u00f3mica hasta el contradictorio comportamiento autoritario de los hombres anarquistas en el ambiente privado. De esta forma, era imposible separar el problema femenino del social, esto es, no se pod\u00eda separar la lucha contra el Estado y el capitalismo de la lucha contra el patriarcado. En suma, no podr\u00eda haber igualdad social si parte de la sociedad, en este caso, las mujeres, se encontraban inferiorizadas por sus compa\u00f1eros de hogar y de lucha pol\u00edtica. Si la emancipaci\u00f3n de los trabajadores deb\u00eda ser obra de los propios trabajadores y conquistada mediante una lucha aut\u00f3noma basada en la acci\u00f3n directa, la emancipaci\u00f3n femenina s\u00f3lo podr\u00eda ser alcanzada mediante el mismo proceso.<\/p>\n<p>La cuesti\u00f3n femenina en nuestros medios re\u00fane los seis art\u00edculos donde Luc\u00eda polemiza con Mariano V\u00e1squez, al mismo tiempo que compila un conjunto de cartas y documentos que reconstruyen el obrar de \u201cMujeres Libres\u201d, revista y organizaci\u00f3n que inici\u00f3 junto a Mercedes Comaposada y Amparo Poch y G\u00e1scon. \u201cMujeres Libres\u201d, como revista, tuvo trece ediciones, mientras que como federaci\u00f3n lleg\u00f3 a movilizar m\u00e1s de veinte mil mujeres en su lucha \u2013de g\u00e9nero y de clase\u2013 por la emancipaci\u00f3n, estableciendo diversas acciones para modificar, a corto y a largo plazo, la situaci\u00f3n de la mujer en la Espa\u00f1a durante la guerra y la revoluci\u00f3n.<\/p>\n<p>Luc\u00eda S\u00e1nchez Saornil (1895-1970) Oriunda de una familia proletaria, su formaci\u00f3n fue autodidacta. En 1914, con apenas 19 a\u00f1os, public\u00f3 su primer poema. En 1918 participa como militante activa del ultra\u00edsmo, siendo la \u00fanica poetisa que publica en las revista de este movimiento. En la d\u00e9cada 1920, se vincula a la CNT y participa activamente en las huelgas de su categor\u00eda. De sus publicaciones en peri\u00f3dicos anarquistas y anarcosindicalista, se destaca su contundente cr\u00edtica al machismo estructural dentro de la CNT, como se puede evidenciar por medio del debate trabado entre ella y Mariano V\u00e1zquez en las p\u00e1ginas del peri\u00f3dico barcelon\u00e9s \u201cSolidaridad Obrera\u201d. Consciente de que la \u201ccuesti\u00f3n femenina\u201d no pod\u00eda ser reducida a la \u201ccuesti\u00f3n social\u201d, ella fue, junto a Mercedes Comaposada y Amporo P\u00f3ch y G\u00e1scon, una de las iniciadoras de Mujeres Libres, organizaci\u00f3n que moviliz\u00f3 cerca de veinte mil mujeres trabajadoras durante la Revoluci\u00f3n Espa\u00f1ola. Luc\u00eda se exili\u00f3 en Francia, y retorn\u00f3 a Espa\u00f1a tres a\u00f1os despu\u00e9s. Durante el franquismo, se mantuvo completamente desligada de las actividades pol\u00edticas. Luc\u00eda muri\u00f3 un 2 de junio de 1970 en Valencia, a causa de un c\u00e1ncer de pulm\u00f3n. En su tumba, se puede leer el siguiente verso: \u201c\u00bfPero es verdad, que la esperanza ha muerto?\u201d, primera estrofa de sus \u201cSonetos de la desesperanza\u201d.<\/p>\n","protected":false},"excerpt":{"rendered":"<p><strong>Luc\u00eda S\u00e1nchez Saornil<\/strong><br \/>\n9789569261206 &#8211; Eleuterio &#8211; 2023 &#8211; 116 p\u00e1ginas \/orri.<\/p>\n","protected":false},"featured_media":14727,"template":"","meta":[],"product_brand":[],"product_cat":[15],"product_tag":[6717,6716],"class_list":{"0":"post-14715","1":"product","2":"type-product","3":"status-publish","4":"has-post-thumbnail","6":"product_cat-otros-bestelakoak","7":"product_tag-eleuterio","8":"product_tag-lucia-sanchez-saornil","10":"first","11":"instock","12":"sold-individually","13":"shipping-taxable","14":"purchasable","15":"product-type-simple"},"yoast_head":"<!-- This site is optimized with the Yoast SEO plugin v27.3 - https:\/\/yoast.com\/product\/yoast-seo-wordpress\/ -->\n<title>LA CUESTI\u00d3N FEMENINA EN NUESTROS MEDIOS &#8212; Zapateneo<\/title>\n<meta name=\"robots\" content=\"index, follow, max-snippet:-1, max-image-preview:large, max-video-preview:-1\" \/>\n<link rel=\"canonical\" href=\"https:\/\/zapateneo.net\/wordpress\/index.php\/producto\/la-cuestion-femenina-en-nuestros-medios\/\" \/>\n<meta property=\"og:locale\" content=\"es_ES\" \/>\n<meta property=\"og:type\" content=\"article\" \/>\n<meta property=\"og:title\" content=\"LA CUESTI\u00d3N FEMENINA EN NUESTROS MEDIOS &#8212; Zapateneo\" \/>\n<meta property=\"og:description\" content=\"Luc\u00eda S\u00e1nchez Saornil 9789569261206 - Eleuterio - 2023 - 116 p\u00e1ginas \/orri.\" \/>\n<meta property=\"og:url\" content=\"https:\/\/zapateneo.net\/wordpress\/index.php\/producto\/la-cuestion-femenina-en-nuestros-medios\/\" \/>\n<meta property=\"og:site_name\" content=\"Zapateneo\" \/>\n<meta property=\"article:modified_time\" content=\"2023-09-15T04:54:24+00:00\" \/>\n<meta name=\"twitter:card\" content=\"summary_large_image\" \/>\n<meta name=\"twitter:site\" content=\"@zapateneo\" \/>\n<meta name=\"twitter:label1\" content=\"Tiempo de lectura\" \/>\n\t<meta name=\"twitter:data1\" content=\"3 minutos\" \/>\n<script type=\"application\/ld+json\" class=\"yoast-schema-graph\">{\"@context\":\"https:\\\/\\\/schema.org\",\"@graph\":[{\"@type\":\"WebPage\",\"@id\":\"https:\\\/\\\/zapateneo.net\\\/wordpress\\\/index.php\\\/producto\\\/la-cuestion-femenina-en-nuestros-medios\\\/\",\"url\":\"https:\\\/\\\/zapateneo.net\\\/wordpress\\\/index.php\\\/producto\\\/la-cuestion-femenina-en-nuestros-medios\\\/\",\"name\":\"LA CUESTI\u00d3N FEMENINA EN NUESTROS MEDIOS &#8212; Zapateneo\",\"isPartOf\":{\"@id\":\"https:\\\/\\\/zapateneo.net\\\/wordpress\\\/#website\"},\"primaryImageOfPage\":{\"@id\":\"https:\\\/\\\/zapateneo.net\\\/wordpress\\\/index.php\\\/producto\\\/la-cuestion-femenina-en-nuestros-medios\\\/#primaryimage\"},\"image\":{\"@id\":\"https:\\\/\\\/zapateneo.net\\\/wordpress\\\/index.php\\\/producto\\\/la-cuestion-femenina-en-nuestros-medios\\\/#primaryimage\"},\"thumbnailUrl\":\"https:\\\/\\\/zapateneo.net\\\/wordpress\\\/wp-content\\\/uploads\\\/2023\\\/09\\\/la-cuestion-femenina-en-nuestros-medios-9789569261206.jpg\",\"datePublished\":\"2023-09-15T04:54:18+00:00\",\"dateModified\":\"2023-09-15T04:54:24+00:00\",\"breadcrumb\":{\"@id\":\"https:\\\/\\\/zapateneo.net\\\/wordpress\\\/index.php\\\/producto\\\/la-cuestion-femenina-en-nuestros-medios\\\/#breadcrumb\"},\"inLanguage\":\"es\",\"potentialAction\":[{\"@type\":\"ReadAction\",\"target\":[\"https:\\\/\\\/zapateneo.net\\\/wordpress\\\/index.php\\\/producto\\\/la-cuestion-femenina-en-nuestros-medios\\\/\"]}]},{\"@type\":\"ImageObject\",\"inLanguage\":\"es\",\"@id\":\"https:\\\/\\\/zapateneo.net\\\/wordpress\\\/index.php\\\/producto\\\/la-cuestion-femenina-en-nuestros-medios\\\/#primaryimage\",\"url\":\"https:\\\/\\\/zapateneo.net\\\/wordpress\\\/wp-content\\\/uploads\\\/2023\\\/09\\\/la-cuestion-femenina-en-nuestros-medios-9789569261206.jpg\",\"contentUrl\":\"https:\\\/\\\/zapateneo.net\\\/wordpress\\\/wp-content\\\/uploads\\\/2023\\\/09\\\/la-cuestion-femenina-en-nuestros-medios-9789569261206.jpg\",\"width\":266,\"height\":400},{\"@type\":\"BreadcrumbList\",\"@id\":\"https:\\\/\\\/zapateneo.net\\\/wordpress\\\/index.php\\\/producto\\\/la-cuestion-femenina-en-nuestros-medios\\\/#breadcrumb\",\"itemListElement\":[{\"@type\":\"ListItem\",\"position\":1,\"name\":\"Portada\",\"item\":\"https:\\\/\\\/zapateneo.net\\\/wordpress\\\/\"},{\"@type\":\"ListItem\",\"position\":2,\"name\":\"Tienda\",\"item\":\"https:\\\/\\\/zapateneo.net\\\/wordpress\\\/\"},{\"@type\":\"ListItem\",\"position\":3,\"name\":\"LA CUESTI\u00d3N FEMENINA EN NUESTROS MEDIOS\"}]},{\"@type\":\"WebSite\",\"@id\":\"https:\\\/\\\/zapateneo.net\\\/wordpress\\\/#website\",\"url\":\"https:\\\/\\\/zapateneo.net\\\/wordpress\\\/\",\"name\":\"Zapateneo\",\"description\":\"Zapateneoaren webgunea\",\"publisher\":{\"@id\":\"https:\\\/\\\/zapateneo.net\\\/wordpress\\\/#organization\"},\"potentialAction\":[{\"@type\":\"SearchAction\",\"target\":{\"@type\":\"EntryPoint\",\"urlTemplate\":\"https:\\\/\\\/zapateneo.net\\\/wordpress\\\/?s={search_term_string}\"},\"query-input\":{\"@type\":\"PropertyValueSpecification\",\"valueRequired\":true,\"valueName\":\"search_term_string\"}}],\"inLanguage\":\"es\"},{\"@type\":\"Organization\",\"@id\":\"https:\\\/\\\/zapateneo.net\\\/wordpress\\\/#organization\",\"name\":\"Zapateneo Kultur Elkartea\",\"url\":\"https:\\\/\\\/zapateneo.net\\\/wordpress\\\/\",\"logo\":{\"@type\":\"ImageObject\",\"inLanguage\":\"es\",\"@id\":\"https:\\\/\\\/zapateneo.net\\\/wordpress\\\/#\\\/schema\\\/logo\\\/image\\\/\",\"url\":\"https:\\\/\\\/zapateneo.net\\\/wordpress\\\/wp-content\\\/uploads\\\/2021\\\/04\\\/zap-libu-kolec.jpg\",\"contentUrl\":\"https:\\\/\\\/zapateneo.net\\\/wordpress\\\/wp-content\\\/uploads\\\/2021\\\/04\\\/zap-libu-kolec.jpg\",\"width\":2234,\"height\":398,\"caption\":\"Zapateneo Kultur Elkartea\"},\"image\":{\"@id\":\"https:\\\/\\\/zapateneo.net\\\/wordpress\\\/#\\\/schema\\\/logo\\\/image\\\/\"},\"sameAs\":[\"https:\\\/\\\/x.com\\\/zapateneo\"]}]}<\/script>\n<!-- \/ Yoast SEO plugin. -->","yoast_head_json":{"title":"LA CUESTI\u00d3N FEMENINA EN NUESTROS MEDIOS &#8212; Zapateneo","robots":{"index":"index","follow":"follow","max-snippet":"max-snippet:-1","max-image-preview":"max-image-preview:large","max-video-preview":"max-video-preview:-1"},"canonical":"https:\/\/zapateneo.net\/wordpress\/index.php\/producto\/la-cuestion-femenina-en-nuestros-medios\/","og_locale":"es_ES","og_type":"article","og_title":"LA CUESTI\u00d3N FEMENINA EN NUESTROS MEDIOS &#8212; Zapateneo","og_description":"Luc\u00eda S\u00e1nchez Saornil 9789569261206 - Eleuterio - 2023 - 116 p\u00e1ginas \/orri.","og_url":"https:\/\/zapateneo.net\/wordpress\/index.php\/producto\/la-cuestion-femenina-en-nuestros-medios\/","og_site_name":"Zapateneo","article_modified_time":"2023-09-15T04:54:24+00:00","twitter_card":"summary_large_image","twitter_site":"@zapateneo","twitter_misc":{"Tiempo de lectura":"3 minutos"},"schema":{"@context":"https:\/\/schema.org","@graph":[{"@type":"WebPage","@id":"https:\/\/zapateneo.net\/wordpress\/index.php\/producto\/la-cuestion-femenina-en-nuestros-medios\/","url":"https:\/\/zapateneo.net\/wordpress\/index.php\/producto\/la-cuestion-femenina-en-nuestros-medios\/","name":"LA CUESTI\u00d3N FEMENINA EN NUESTROS MEDIOS &#8212; Zapateneo","isPartOf":{"@id":"https:\/\/zapateneo.net\/wordpress\/#website"},"primaryImageOfPage":{"@id":"https:\/\/zapateneo.net\/wordpress\/index.php\/producto\/la-cuestion-femenina-en-nuestros-medios\/#primaryimage"},"image":{"@id":"https:\/\/zapateneo.net\/wordpress\/index.php\/producto\/la-cuestion-femenina-en-nuestros-medios\/#primaryimage"},"thumbnailUrl":"https:\/\/zapateneo.net\/wordpress\/wp-content\/uploads\/2023\/09\/la-cuestion-femenina-en-nuestros-medios-9789569261206.jpg","datePublished":"2023-09-15T04:54:18+00:00","dateModified":"2023-09-15T04:54:24+00:00","breadcrumb":{"@id":"https:\/\/zapateneo.net\/wordpress\/index.php\/producto\/la-cuestion-femenina-en-nuestros-medios\/#breadcrumb"},"inLanguage":"es","potentialAction":[{"@type":"ReadAction","target":["https:\/\/zapateneo.net\/wordpress\/index.php\/producto\/la-cuestion-femenina-en-nuestros-medios\/"]}]},{"@type":"ImageObject","inLanguage":"es","@id":"https:\/\/zapateneo.net\/wordpress\/index.php\/producto\/la-cuestion-femenina-en-nuestros-medios\/#primaryimage","url":"https:\/\/zapateneo.net\/wordpress\/wp-content\/uploads\/2023\/09\/la-cuestion-femenina-en-nuestros-medios-9789569261206.jpg","contentUrl":"https:\/\/zapateneo.net\/wordpress\/wp-content\/uploads\/2023\/09\/la-cuestion-femenina-en-nuestros-medios-9789569261206.jpg","width":266,"height":400},{"@type":"BreadcrumbList","@id":"https:\/\/zapateneo.net\/wordpress\/index.php\/producto\/la-cuestion-femenina-en-nuestros-medios\/#breadcrumb","itemListElement":[{"@type":"ListItem","position":1,"name":"Portada","item":"https:\/\/zapateneo.net\/wordpress\/"},{"@type":"ListItem","position":2,"name":"Tienda","item":"https:\/\/zapateneo.net\/wordpress\/"},{"@type":"ListItem","position":3,"name":"LA CUESTI\u00d3N FEMENINA EN NUESTROS MEDIOS"}]},{"@type":"WebSite","@id":"https:\/\/zapateneo.net\/wordpress\/#website","url":"https:\/\/zapateneo.net\/wordpress\/","name":"Zapateneo","description":"Zapateneoaren webgunea","publisher":{"@id":"https:\/\/zapateneo.net\/wordpress\/#organization"},"potentialAction":[{"@type":"SearchAction","target":{"@type":"EntryPoint","urlTemplate":"https:\/\/zapateneo.net\/wordpress\/?s={search_term_string}"},"query-input":{"@type":"PropertyValueSpecification","valueRequired":true,"valueName":"search_term_string"}}],"inLanguage":"es"},{"@type":"Organization","@id":"https:\/\/zapateneo.net\/wordpress\/#organization","name":"Zapateneo Kultur Elkartea","url":"https:\/\/zapateneo.net\/wordpress\/","logo":{"@type":"ImageObject","inLanguage":"es","@id":"https:\/\/zapateneo.net\/wordpress\/#\/schema\/logo\/image\/","url":"https:\/\/zapateneo.net\/wordpress\/wp-content\/uploads\/2021\/04\/zap-libu-kolec.jpg","contentUrl":"https:\/\/zapateneo.net\/wordpress\/wp-content\/uploads\/2021\/04\/zap-libu-kolec.jpg","width":2234,"height":398,"caption":"Zapateneo Kultur Elkartea"},"image":{"@id":"https:\/\/zapateneo.net\/wordpress\/#\/schema\/logo\/image\/"},"sameAs":["https:\/\/x.com\/zapateneo"]}]}},"_links":{"self":[{"href":"https:\/\/zapateneo.net\/wordpress\/index.php\/wp-json\/wp\/v2\/product\/14715","targetHints":{"allow":["GET"]}}],"collection":[{"href":"https:\/\/zapateneo.net\/wordpress\/index.php\/wp-json\/wp\/v2\/product"}],"about":[{"href":"https:\/\/zapateneo.net\/wordpress\/index.php\/wp-json\/wp\/v2\/types\/product"}],"wp:featuredmedia":[{"embeddable":true,"href":"https:\/\/zapateneo.net\/wordpress\/index.php\/wp-json\/wp\/v2\/media\/14727"}],"wp:attachment":[{"href":"https:\/\/zapateneo.net\/wordpress\/index.php\/wp-json\/wp\/v2\/media?parent=14715"}],"wp:term":[{"taxonomy":"product_brand","embeddable":true,"href":"https:\/\/zapateneo.net\/wordpress\/index.php\/wp-json\/wp\/v2\/product_brand?post=14715"},{"taxonomy":"product_cat","embeddable":true,"href":"https:\/\/zapateneo.net\/wordpress\/index.php\/wp-json\/wp\/v2\/product_cat?post=14715"},{"taxonomy":"product_tag","embeddable":true,"href":"https:\/\/zapateneo.net\/wordpress\/index.php\/wp-json\/wp\/v2\/product_tag?post=14715"}],"curies":[{"name":"wp","href":"https:\/\/api.w.org\/{rel}","templated":true}]}}