{"id":14714,"date":"2023-09-15T05:54:18","date_gmt":"2023-09-15T04:54:18","guid":{"rendered":"https:\/\/zapateneo.net\/wordpress\/?post_type=product&#038;p=14714"},"modified":"2023-09-15T05:54:23","modified_gmt":"2023-09-15T04:54:23","slug":"la-huelga-general-feminista-va-historias-de-un-proceso-en-curso","status":"publish","type":"product","link":"https:\/\/zapateneo.net\/wordpress\/index.php\/producto\/la-huelga-general-feminista-va-historias-de-un-proceso-en-curso\/","title":{"rendered":"LA HUELGA GENERAL FEMINISTA \u00a1VA! Historias de un proceso en curso"},"content":{"rendered":"<p>Estas p\u00e1ginas son pura memoria feminista fresca de una revuelta en marcha. En los dos a\u00f1os que aqu\u00ed se cuentan \u2014desde los inicios de 2018 para preparar la huelga del 8m al 2020\u2014 vemos construirse, texto a texto, acci\u00f3n por acci\u00f3n, encuentro tras encuentro, una enorme fuerza de organizaci\u00f3n, una in\u00e9dita capacidad de movilizaci\u00f3n y un intenso deseo de transformarlo todo.<\/p>\n<p>La reuni\u00f3n de estos documentos, narrar cronol\u00f3gicamente su escritura y ordenar su secuencia, las coyunturas que los demandaron, los encuentros de los que surgen o las convocatorias que lanzan nos permite entender lo r\u00e1pido y a la vez lo cuidadosamente trabajado que ha sido el proceso pol\u00edtico impulsado por la Coordinadora Feminista 8m.<\/p>\n<p>Pensado como una caja de herramientas para la lucha feminista transfronteriza, este libro recopila una experiencia muy situada a la vez que tramada en un ciclo de crisis que trasciende las diferentes latitudes. Re\u00fane nueve entrevistas a mujeres de distintas organizaciones que levantaron la huelga en varias ciudades de Chile y 15 escritos que \u00abvan entrecruzando, desde m\u00faltiples luchas y territorios, el deseo y la necesidad de la huelga, las experiencias concretas y sus dificultades, preguntas y cuestionamientos con la mira en un presente que se va transformando\u00bb.<\/p>\n","protected":false},"excerpt":{"rendered":"<p><strong>vvaa<\/strong><br \/>\n9789569364273 &#8211; Tiempo robado &#8211; 2023 &#8211; 392 p\u00e1ginas \/orri.<\/p>\n","protected":false},"featured_media":14726,"template":"","meta":[],"product_brand":[],"product_cat":[15],"product_tag":[6715],"class_list":{"0":"post-14714","1":"product","2":"type-product","3":"status-publish","4":"has-post-thumbnail","6":"product_cat-otros-bestelakoak","7":"product_tag-tiempo-robado","9":"first","10":"instock","11":"sold-individually","12":"shipping-taxable","13":"purchasable","14":"product-type-simple"},"yoast_head":"<!-- This site is optimized with the Yoast SEO plugin v27.3 - https:\/\/yoast.com\/product\/yoast-seo-wordpress\/ -->\n<title>LA HUELGA GENERAL FEMINISTA \u00a1VA! Historias de un proceso en curso &#8212; Zapateneo<\/title>\n<meta name=\"robots\" content=\"index, follow, max-snippet:-1, max-image-preview:large, max-video-preview:-1\" \/>\n<link rel=\"canonical\" href=\"https:\/\/zapateneo.net\/wordpress\/index.php\/producto\/la-huelga-general-feminista-va-historias-de-un-proceso-en-curso\/\" \/>\n<meta property=\"og:locale\" content=\"es_ES\" \/>\n<meta property=\"og:type\" content=\"article\" \/>\n<meta property=\"og:title\" content=\"LA HUELGA GENERAL FEMINISTA \u00a1VA! Historias de un proceso en curso &#8212; Zapateneo\" \/>\n<meta property=\"og:description\" content=\"vvaa 9789569364273 - Tiempo robado - 2023 - 392 p\u00e1ginas \/orri.\" \/>\n<meta property=\"og:url\" content=\"https:\/\/zapateneo.net\/wordpress\/index.php\/producto\/la-huelga-general-feminista-va-historias-de-un-proceso-en-curso\/\" \/>\n<meta property=\"og:site_name\" content=\"Zapateneo\" \/>\n<meta property=\"article:modified_time\" content=\"2023-09-15T04:54:23+00:00\" \/>\n<meta name=\"twitter:card\" content=\"summary_large_image\" \/>\n<meta name=\"twitter:site\" content=\"@zapateneo\" \/>\n<meta name=\"twitter:label1\" content=\"Tiempo de lectura\" \/>\n\t<meta name=\"twitter:data1\" content=\"1 minuto\" \/>\n<script type=\"application\/ld+json\" class=\"yoast-schema-graph\">{\"@context\":\"https:\\\/\\\/schema.org\",\"@graph\":[{\"@type\":\"WebPage\",\"@id\":\"https:\\\/\\\/zapateneo.net\\\/wordpress\\\/index.php\\\/producto\\\/la-huelga-general-feminista-va-historias-de-un-proceso-en-curso\\\/\",\"url\":\"https:\\\/\\\/zapateneo.net\\\/wordpress\\\/index.php\\\/producto\\\/la-huelga-general-feminista-va-historias-de-un-proceso-en-curso\\\/\",\"name\":\"LA HUELGA GENERAL FEMINISTA \u00a1VA! Historias de un proceso en curso &#8212; Zapateneo\",\"isPartOf\":{\"@id\":\"https:\\\/\\\/zapateneo.net\\\/wordpress\\\/#website\"},\"primaryImageOfPage\":{\"@id\":\"https:\\\/\\\/zapateneo.net\\\/wordpress\\\/index.php\\\/producto\\\/la-huelga-general-feminista-va-historias-de-un-proceso-en-curso\\\/#primaryimage\"},\"image\":{\"@id\":\"https:\\\/\\\/zapateneo.net\\\/wordpress\\\/index.php\\\/producto\\\/la-huelga-general-feminista-va-historias-de-un-proceso-en-curso\\\/#primaryimage\"},\"thumbnailUrl\":\"https:\\\/\\\/zapateneo.net\\\/wordpress\\\/wp-content\\\/uploads\\\/2023\\\/09\\\/la-huelga-general-feminista-va-9789569364273.jpg\",\"datePublished\":\"2023-09-15T04:54:18+00:00\",\"dateModified\":\"2023-09-15T04:54:23+00:00\",\"breadcrumb\":{\"@id\":\"https:\\\/\\\/zapateneo.net\\\/wordpress\\\/index.php\\\/producto\\\/la-huelga-general-feminista-va-historias-de-un-proceso-en-curso\\\/#breadcrumb\"},\"inLanguage\":\"es\",\"potentialAction\":[{\"@type\":\"ReadAction\",\"target\":[\"https:\\\/\\\/zapateneo.net\\\/wordpress\\\/index.php\\\/producto\\\/la-huelga-general-feminista-va-historias-de-un-proceso-en-curso\\\/\"]}]},{\"@type\":\"ImageObject\",\"inLanguage\":\"es\",\"@id\":\"https:\\\/\\\/zapateneo.net\\\/wordpress\\\/index.php\\\/producto\\\/la-huelga-general-feminista-va-historias-de-un-proceso-en-curso\\\/#primaryimage\",\"url\":\"https:\\\/\\\/zapateneo.net\\\/wordpress\\\/wp-content\\\/uploads\\\/2023\\\/09\\\/la-huelga-general-feminista-va-9789569364273.jpg\",\"contentUrl\":\"https:\\\/\\\/zapateneo.net\\\/wordpress\\\/wp-content\\\/uploads\\\/2023\\\/09\\\/la-huelga-general-feminista-va-9789569364273.jpg\",\"width\":295,\"height\":400},{\"@type\":\"BreadcrumbList\",\"@id\":\"https:\\\/\\\/zapateneo.net\\\/wordpress\\\/index.php\\\/producto\\\/la-huelga-general-feminista-va-historias-de-un-proceso-en-curso\\\/#breadcrumb\",\"itemListElement\":[{\"@type\":\"ListItem\",\"position\":1,\"name\":\"Portada\",\"item\":\"https:\\\/\\\/zapateneo.net\\\/wordpress\\\/\"},{\"@type\":\"ListItem\",\"position\":2,\"name\":\"Tienda\",\"item\":\"https:\\\/\\\/zapateneo.net\\\/wordpress\\\/\"},{\"@type\":\"ListItem\",\"position\":3,\"name\":\"LA HUELGA GENERAL FEMINISTA \u00a1VA! Historias de un proceso en curso\"}]},{\"@type\":\"WebSite\",\"@id\":\"https:\\\/\\\/zapateneo.net\\\/wordpress\\\/#website\",\"url\":\"https:\\\/\\\/zapateneo.net\\\/wordpress\\\/\",\"name\":\"Zapateneo\",\"description\":\"Zapateneoaren webgunea\",\"publisher\":{\"@id\":\"https:\\\/\\\/zapateneo.net\\\/wordpress\\\/#organization\"},\"potentialAction\":[{\"@type\":\"SearchAction\",\"target\":{\"@type\":\"EntryPoint\",\"urlTemplate\":\"https:\\\/\\\/zapateneo.net\\\/wordpress\\\/?s={search_term_string}\"},\"query-input\":{\"@type\":\"PropertyValueSpecification\",\"valueRequired\":true,\"valueName\":\"search_term_string\"}}],\"inLanguage\":\"es\"},{\"@type\":\"Organization\",\"@id\":\"https:\\\/\\\/zapateneo.net\\\/wordpress\\\/#organization\",\"name\":\"Zapateneo Kultur Elkartea\",\"url\":\"https:\\\/\\\/zapateneo.net\\\/wordpress\\\/\",\"logo\":{\"@type\":\"ImageObject\",\"inLanguage\":\"es\",\"@id\":\"https:\\\/\\\/zapateneo.net\\\/wordpress\\\/#\\\/schema\\\/logo\\\/image\\\/\",\"url\":\"https:\\\/\\\/zapateneo.net\\\/wordpress\\\/wp-content\\\/uploads\\\/2021\\\/04\\\/zap-libu-kolec.jpg\",\"contentUrl\":\"https:\\\/\\\/zapateneo.net\\\/wordpress\\\/wp-content\\\/uploads\\\/2021\\\/04\\\/zap-libu-kolec.jpg\",\"width\":2234,\"height\":398,\"caption\":\"Zapateneo Kultur Elkartea\"},\"image\":{\"@id\":\"https:\\\/\\\/zapateneo.net\\\/wordpress\\\/#\\\/schema\\\/logo\\\/image\\\/\"},\"sameAs\":[\"https:\\\/\\\/x.com\\\/zapateneo\"]}]}<\/script>\n<!-- \/ Yoast SEO plugin. -->","yoast_head_json":{"title":"LA HUELGA GENERAL FEMINISTA \u00a1VA! Historias de un proceso en curso &#8212; Zapateneo","robots":{"index":"index","follow":"follow","max-snippet":"max-snippet:-1","max-image-preview":"max-image-preview:large","max-video-preview":"max-video-preview:-1"},"canonical":"https:\/\/zapateneo.net\/wordpress\/index.php\/producto\/la-huelga-general-feminista-va-historias-de-un-proceso-en-curso\/","og_locale":"es_ES","og_type":"article","og_title":"LA HUELGA GENERAL FEMINISTA \u00a1VA! Historias de un proceso en curso &#8212; Zapateneo","og_description":"vvaa 9789569364273 - Tiempo robado - 2023 - 392 p\u00e1ginas \/orri.","og_url":"https:\/\/zapateneo.net\/wordpress\/index.php\/producto\/la-huelga-general-feminista-va-historias-de-un-proceso-en-curso\/","og_site_name":"Zapateneo","article_modified_time":"2023-09-15T04:54:23+00:00","twitter_card":"summary_large_image","twitter_site":"@zapateneo","twitter_misc":{"Tiempo de lectura":"1 minuto"},"schema":{"@context":"https:\/\/schema.org","@graph":[{"@type":"WebPage","@id":"https:\/\/zapateneo.net\/wordpress\/index.php\/producto\/la-huelga-general-feminista-va-historias-de-un-proceso-en-curso\/","url":"https:\/\/zapateneo.net\/wordpress\/index.php\/producto\/la-huelga-general-feminista-va-historias-de-un-proceso-en-curso\/","name":"LA HUELGA GENERAL FEMINISTA \u00a1VA! Historias de un proceso en curso &#8212; Zapateneo","isPartOf":{"@id":"https:\/\/zapateneo.net\/wordpress\/#website"},"primaryImageOfPage":{"@id":"https:\/\/zapateneo.net\/wordpress\/index.php\/producto\/la-huelga-general-feminista-va-historias-de-un-proceso-en-curso\/#primaryimage"},"image":{"@id":"https:\/\/zapateneo.net\/wordpress\/index.php\/producto\/la-huelga-general-feminista-va-historias-de-un-proceso-en-curso\/#primaryimage"},"thumbnailUrl":"https:\/\/zapateneo.net\/wordpress\/wp-content\/uploads\/2023\/09\/la-huelga-general-feminista-va-9789569364273.jpg","datePublished":"2023-09-15T04:54:18+00:00","dateModified":"2023-09-15T04:54:23+00:00","breadcrumb":{"@id":"https:\/\/zapateneo.net\/wordpress\/index.php\/producto\/la-huelga-general-feminista-va-historias-de-un-proceso-en-curso\/#breadcrumb"},"inLanguage":"es","potentialAction":[{"@type":"ReadAction","target":["https:\/\/zapateneo.net\/wordpress\/index.php\/producto\/la-huelga-general-feminista-va-historias-de-un-proceso-en-curso\/"]}]},{"@type":"ImageObject","inLanguage":"es","@id":"https:\/\/zapateneo.net\/wordpress\/index.php\/producto\/la-huelga-general-feminista-va-historias-de-un-proceso-en-curso\/#primaryimage","url":"https:\/\/zapateneo.net\/wordpress\/wp-content\/uploads\/2023\/09\/la-huelga-general-feminista-va-9789569364273.jpg","contentUrl":"https:\/\/zapateneo.net\/wordpress\/wp-content\/uploads\/2023\/09\/la-huelga-general-feminista-va-9789569364273.jpg","width":295,"height":400},{"@type":"BreadcrumbList","@id":"https:\/\/zapateneo.net\/wordpress\/index.php\/producto\/la-huelga-general-feminista-va-historias-de-un-proceso-en-curso\/#breadcrumb","itemListElement":[{"@type":"ListItem","position":1,"name":"Portada","item":"https:\/\/zapateneo.net\/wordpress\/"},{"@type":"ListItem","position":2,"name":"Tienda","item":"https:\/\/zapateneo.net\/wordpress\/"},{"@type":"ListItem","position":3,"name":"LA HUELGA GENERAL FEMINISTA \u00a1VA! Historias de un proceso en curso"}]},{"@type":"WebSite","@id":"https:\/\/zapateneo.net\/wordpress\/#website","url":"https:\/\/zapateneo.net\/wordpress\/","name":"Zapateneo","description":"Zapateneoaren webgunea","publisher":{"@id":"https:\/\/zapateneo.net\/wordpress\/#organization"},"potentialAction":[{"@type":"SearchAction","target":{"@type":"EntryPoint","urlTemplate":"https:\/\/zapateneo.net\/wordpress\/?s={search_term_string}"},"query-input":{"@type":"PropertyValueSpecification","valueRequired":true,"valueName":"search_term_string"}}],"inLanguage":"es"},{"@type":"Organization","@id":"https:\/\/zapateneo.net\/wordpress\/#organization","name":"Zapateneo Kultur Elkartea","url":"https:\/\/zapateneo.net\/wordpress\/","logo":{"@type":"ImageObject","inLanguage":"es","@id":"https:\/\/zapateneo.net\/wordpress\/#\/schema\/logo\/image\/","url":"https:\/\/zapateneo.net\/wordpress\/wp-content\/uploads\/2021\/04\/zap-libu-kolec.jpg","contentUrl":"https:\/\/zapateneo.net\/wordpress\/wp-content\/uploads\/2021\/04\/zap-libu-kolec.jpg","width":2234,"height":398,"caption":"Zapateneo Kultur Elkartea"},"image":{"@id":"https:\/\/zapateneo.net\/wordpress\/#\/schema\/logo\/image\/"},"sameAs":["https:\/\/x.com\/zapateneo"]}]}},"_links":{"self":[{"href":"https:\/\/zapateneo.net\/wordpress\/index.php\/wp-json\/wp\/v2\/product\/14714","targetHints":{"allow":["GET"]}}],"collection":[{"href":"https:\/\/zapateneo.net\/wordpress\/index.php\/wp-json\/wp\/v2\/product"}],"about":[{"href":"https:\/\/zapateneo.net\/wordpress\/index.php\/wp-json\/wp\/v2\/types\/product"}],"wp:featuredmedia":[{"embeddable":true,"href":"https:\/\/zapateneo.net\/wordpress\/index.php\/wp-json\/wp\/v2\/media\/14726"}],"wp:attachment":[{"href":"https:\/\/zapateneo.net\/wordpress\/index.php\/wp-json\/wp\/v2\/media?parent=14714"}],"wp:term":[{"taxonomy":"product_brand","embeddable":true,"href":"https:\/\/zapateneo.net\/wordpress\/index.php\/wp-json\/wp\/v2\/product_brand?post=14714"},{"taxonomy":"product_cat","embeddable":true,"href":"https:\/\/zapateneo.net\/wordpress\/index.php\/wp-json\/wp\/v2\/product_cat?post=14714"},{"taxonomy":"product_tag","embeddable":true,"href":"https:\/\/zapateneo.net\/wordpress\/index.php\/wp-json\/wp\/v2\/product_tag?post=14714"}],"curies":[{"name":"wp","href":"https:\/\/api.w.org\/{rel}","templated":true}]}}