{"id":14711,"date":"2023-09-15T05:54:16","date_gmt":"2023-09-15T04:54:16","guid":{"rendered":"https:\/\/zapateneo.net\/wordpress\/?post_type=product&#038;p=14711"},"modified":"2023-09-15T05:54:21","modified_gmt":"2023-09-15T04:54:21","slug":"piel-blanca-mascaras-negras-critica-de-la-razon-neocolonial","status":"publish","type":"product","link":"https:\/\/zapateneo.net\/wordpress\/index.php\/producto\/piel-blanca-mascaras-negras-critica-de-la-razon-neocolonial\/","title":{"rendered":"PIEL BLANCA, M\u00c1SCARAS NEGRAS Cr\u00edtica de la raz\u00f3n neocolonial"},"content":{"rendered":"<p>Lo \u201cdecolonial\u201d est\u00e1 de moda. En Am\u00e9rica Latina, los estudios decoloniales han conseguido cierto \u00e9xito acad\u00e9mico, particularmente en las ciencias sociales y las humanidades. Sin embargo, sus ideas centrales no dejan de presentar inconsistencias y contradicciones que es necesario examinar. Hasta el momento las cr\u00edticas se encontraban dispersas, en textos aislados o debates truncos. En este libro colectivo se re\u00fane un conjunto de trabajos que, desde una pluralidad de perspectivas y lugares, desarrollan una cr\u00edtica documentada y rigurosa a los estudios decoloniales y a sus principales autores.<\/p>\n<p>En este sentido, el libro busca ser una especie de contrafuego que permita contrarrestar los efectos de una moda intelectual y distinguir los estudios decoloniales de un anticolonialismo activo, basado en las alternativas descolonizadoras que construyen pueblos y comunidades frente a las formas actuales del despojo capitalista y en nombre de las cuales los autores decoloniales pretenden hablar. As\u00ed podremos \u201cliberarnos de los libertadores\u201d y hacer caer sus m\u00e1scaras.<\/p>\n","protected":false},"excerpt":{"rendered":"<p><strong>Gaya Makaran, Pierre Gaussens<\/strong><br \/>\n9786073038041 &#8211; Bajo Tierra &#8211; 2021 &#8211; 344 p\u00e1ginas \/orri.<\/p>\n","protected":false},"featured_media":14723,"template":"","meta":[],"product_brand":[],"product_cat":[15],"product_tag":[4497,6710,6711],"class_list":{"0":"post-14711","1":"product","2":"type-product","3":"status-publish","4":"has-post-thumbnail","6":"product_cat-otros-bestelakoak","7":"product_tag-bajo-tierra","8":"product_tag-gaya-makaran","9":"product_tag-pierre-gaussens","11":"first","12":"instock","13":"sold-individually","14":"shipping-taxable","15":"purchasable","16":"product-type-simple"},"yoast_head":"<!-- This site is optimized with the Yoast SEO plugin v27.3 - https:\/\/yoast.com\/product\/yoast-seo-wordpress\/ -->\n<title>PIEL BLANCA, M\u00c1SCARAS NEGRAS Cr\u00edtica de la raz\u00f3n neocolonial &#8212; Zapateneo<\/title>\n<meta name=\"robots\" content=\"index, follow, max-snippet:-1, max-image-preview:large, max-video-preview:-1\" \/>\n<link rel=\"canonical\" href=\"https:\/\/zapateneo.net\/wordpress\/index.php\/producto\/piel-blanca-mascaras-negras-critica-de-la-razon-neocolonial\/\" \/>\n<meta property=\"og:locale\" content=\"es_ES\" \/>\n<meta property=\"og:type\" content=\"article\" \/>\n<meta property=\"og:title\" content=\"PIEL BLANCA, M\u00c1SCARAS NEGRAS Cr\u00edtica de la raz\u00f3n neocolonial &#8212; Zapateneo\" \/>\n<meta property=\"og:description\" content=\"Gaya Makaran, Pierre Gaussens 9786073038041 - Bajo Tierra - 2021 - 344 p\u00e1ginas \/orri.\" \/>\n<meta property=\"og:url\" content=\"https:\/\/zapateneo.net\/wordpress\/index.php\/producto\/piel-blanca-mascaras-negras-critica-de-la-razon-neocolonial\/\" \/>\n<meta property=\"og:site_name\" content=\"Zapateneo\" \/>\n<meta property=\"article:modified_time\" content=\"2023-09-15T04:54:21+00:00\" \/>\n<meta name=\"twitter:card\" content=\"summary_large_image\" \/>\n<meta name=\"twitter:site\" content=\"@zapateneo\" \/>\n<meta name=\"twitter:label1\" content=\"Tiempo de lectura\" \/>\n\t<meta name=\"twitter:data1\" content=\"1 minuto\" \/>\n<script type=\"application\/ld+json\" class=\"yoast-schema-graph\">{\"@context\":\"https:\\\/\\\/schema.org\",\"@graph\":[{\"@type\":\"WebPage\",\"@id\":\"https:\\\/\\\/zapateneo.net\\\/wordpress\\\/index.php\\\/producto\\\/piel-blanca-mascaras-negras-critica-de-la-razon-neocolonial\\\/\",\"url\":\"https:\\\/\\\/zapateneo.net\\\/wordpress\\\/index.php\\\/producto\\\/piel-blanca-mascaras-negras-critica-de-la-razon-neocolonial\\\/\",\"name\":\"PIEL BLANCA, M\u00c1SCARAS NEGRAS Cr\u00edtica de la raz\u00f3n neocolonial &#8212; Zapateneo\",\"isPartOf\":{\"@id\":\"https:\\\/\\\/zapateneo.net\\\/wordpress\\\/#website\"},\"primaryImageOfPage\":{\"@id\":\"https:\\\/\\\/zapateneo.net\\\/wordpress\\\/index.php\\\/producto\\\/piel-blanca-mascaras-negras-critica-de-la-razon-neocolonial\\\/#primaryimage\"},\"image\":{\"@id\":\"https:\\\/\\\/zapateneo.net\\\/wordpress\\\/index.php\\\/producto\\\/piel-blanca-mascaras-negras-critica-de-la-razon-neocolonial\\\/#primaryimage\"},\"thumbnailUrl\":\"https:\\\/\\\/zapateneo.net\\\/wordpress\\\/wp-content\\\/uploads\\\/2023\\\/09\\\/piel-blanca-mascaras-negras-9786073038041.jpg\",\"datePublished\":\"2023-09-15T04:54:16+00:00\",\"dateModified\":\"2023-09-15T04:54:21+00:00\",\"breadcrumb\":{\"@id\":\"https:\\\/\\\/zapateneo.net\\\/wordpress\\\/index.php\\\/producto\\\/piel-blanca-mascaras-negras-critica-de-la-razon-neocolonial\\\/#breadcrumb\"},\"inLanguage\":\"es\",\"potentialAction\":[{\"@type\":\"ReadAction\",\"target\":[\"https:\\\/\\\/zapateneo.net\\\/wordpress\\\/index.php\\\/producto\\\/piel-blanca-mascaras-negras-critica-de-la-razon-neocolonial\\\/\"]}]},{\"@type\":\"ImageObject\",\"inLanguage\":\"es\",\"@id\":\"https:\\\/\\\/zapateneo.net\\\/wordpress\\\/index.php\\\/producto\\\/piel-blanca-mascaras-negras-critica-de-la-razon-neocolonial\\\/#primaryimage\",\"url\":\"https:\\\/\\\/zapateneo.net\\\/wordpress\\\/wp-content\\\/uploads\\\/2023\\\/09\\\/piel-blanca-mascaras-negras-9786073038041.jpg\",\"contentUrl\":\"https:\\\/\\\/zapateneo.net\\\/wordpress\\\/wp-content\\\/uploads\\\/2023\\\/09\\\/piel-blanca-mascaras-negras-9786073038041.jpg\",\"width\":285,\"height\":400},{\"@type\":\"BreadcrumbList\",\"@id\":\"https:\\\/\\\/zapateneo.net\\\/wordpress\\\/index.php\\\/producto\\\/piel-blanca-mascaras-negras-critica-de-la-razon-neocolonial\\\/#breadcrumb\",\"itemListElement\":[{\"@type\":\"ListItem\",\"position\":1,\"name\":\"Portada\",\"item\":\"https:\\\/\\\/zapateneo.net\\\/wordpress\\\/\"},{\"@type\":\"ListItem\",\"position\":2,\"name\":\"Tienda\",\"item\":\"https:\\\/\\\/zapateneo.net\\\/wordpress\\\/\"},{\"@type\":\"ListItem\",\"position\":3,\"name\":\"PIEL BLANCA, M\u00c1SCARAS NEGRAS Cr\u00edtica de la raz\u00f3n neocolonial\"}]},{\"@type\":\"WebSite\",\"@id\":\"https:\\\/\\\/zapateneo.net\\\/wordpress\\\/#website\",\"url\":\"https:\\\/\\\/zapateneo.net\\\/wordpress\\\/\",\"name\":\"Zapateneo\",\"description\":\"Zapateneoaren webgunea\",\"publisher\":{\"@id\":\"https:\\\/\\\/zapateneo.net\\\/wordpress\\\/#organization\"},\"potentialAction\":[{\"@type\":\"SearchAction\",\"target\":{\"@type\":\"EntryPoint\",\"urlTemplate\":\"https:\\\/\\\/zapateneo.net\\\/wordpress\\\/?s={search_term_string}\"},\"query-input\":{\"@type\":\"PropertyValueSpecification\",\"valueRequired\":true,\"valueName\":\"search_term_string\"}}],\"inLanguage\":\"es\"},{\"@type\":\"Organization\",\"@id\":\"https:\\\/\\\/zapateneo.net\\\/wordpress\\\/#organization\",\"name\":\"Zapateneo Kultur Elkartea\",\"url\":\"https:\\\/\\\/zapateneo.net\\\/wordpress\\\/\",\"logo\":{\"@type\":\"ImageObject\",\"inLanguage\":\"es\",\"@id\":\"https:\\\/\\\/zapateneo.net\\\/wordpress\\\/#\\\/schema\\\/logo\\\/image\\\/\",\"url\":\"https:\\\/\\\/zapateneo.net\\\/wordpress\\\/wp-content\\\/uploads\\\/2021\\\/04\\\/zap-libu-kolec.jpg\",\"contentUrl\":\"https:\\\/\\\/zapateneo.net\\\/wordpress\\\/wp-content\\\/uploads\\\/2021\\\/04\\\/zap-libu-kolec.jpg\",\"width\":2234,\"height\":398,\"caption\":\"Zapateneo Kultur Elkartea\"},\"image\":{\"@id\":\"https:\\\/\\\/zapateneo.net\\\/wordpress\\\/#\\\/schema\\\/logo\\\/image\\\/\"},\"sameAs\":[\"https:\\\/\\\/x.com\\\/zapateneo\"]}]}<\/script>\n<!-- \/ Yoast SEO plugin. -->","yoast_head_json":{"title":"PIEL BLANCA, M\u00c1SCARAS NEGRAS Cr\u00edtica de la raz\u00f3n neocolonial &#8212; Zapateneo","robots":{"index":"index","follow":"follow","max-snippet":"max-snippet:-1","max-image-preview":"max-image-preview:large","max-video-preview":"max-video-preview:-1"},"canonical":"https:\/\/zapateneo.net\/wordpress\/index.php\/producto\/piel-blanca-mascaras-negras-critica-de-la-razon-neocolonial\/","og_locale":"es_ES","og_type":"article","og_title":"PIEL BLANCA, M\u00c1SCARAS NEGRAS Cr\u00edtica de la raz\u00f3n neocolonial &#8212; Zapateneo","og_description":"Gaya Makaran, Pierre Gaussens 9786073038041 - Bajo Tierra - 2021 - 344 p\u00e1ginas \/orri.","og_url":"https:\/\/zapateneo.net\/wordpress\/index.php\/producto\/piel-blanca-mascaras-negras-critica-de-la-razon-neocolonial\/","og_site_name":"Zapateneo","article_modified_time":"2023-09-15T04:54:21+00:00","twitter_card":"summary_large_image","twitter_site":"@zapateneo","twitter_misc":{"Tiempo de lectura":"1 minuto"},"schema":{"@context":"https:\/\/schema.org","@graph":[{"@type":"WebPage","@id":"https:\/\/zapateneo.net\/wordpress\/index.php\/producto\/piel-blanca-mascaras-negras-critica-de-la-razon-neocolonial\/","url":"https:\/\/zapateneo.net\/wordpress\/index.php\/producto\/piel-blanca-mascaras-negras-critica-de-la-razon-neocolonial\/","name":"PIEL BLANCA, M\u00c1SCARAS NEGRAS Cr\u00edtica de la raz\u00f3n neocolonial &#8212; Zapateneo","isPartOf":{"@id":"https:\/\/zapateneo.net\/wordpress\/#website"},"primaryImageOfPage":{"@id":"https:\/\/zapateneo.net\/wordpress\/index.php\/producto\/piel-blanca-mascaras-negras-critica-de-la-razon-neocolonial\/#primaryimage"},"image":{"@id":"https:\/\/zapateneo.net\/wordpress\/index.php\/producto\/piel-blanca-mascaras-negras-critica-de-la-razon-neocolonial\/#primaryimage"},"thumbnailUrl":"https:\/\/zapateneo.net\/wordpress\/wp-content\/uploads\/2023\/09\/piel-blanca-mascaras-negras-9786073038041.jpg","datePublished":"2023-09-15T04:54:16+00:00","dateModified":"2023-09-15T04:54:21+00:00","breadcrumb":{"@id":"https:\/\/zapateneo.net\/wordpress\/index.php\/producto\/piel-blanca-mascaras-negras-critica-de-la-razon-neocolonial\/#breadcrumb"},"inLanguage":"es","potentialAction":[{"@type":"ReadAction","target":["https:\/\/zapateneo.net\/wordpress\/index.php\/producto\/piel-blanca-mascaras-negras-critica-de-la-razon-neocolonial\/"]}]},{"@type":"ImageObject","inLanguage":"es","@id":"https:\/\/zapateneo.net\/wordpress\/index.php\/producto\/piel-blanca-mascaras-negras-critica-de-la-razon-neocolonial\/#primaryimage","url":"https:\/\/zapateneo.net\/wordpress\/wp-content\/uploads\/2023\/09\/piel-blanca-mascaras-negras-9786073038041.jpg","contentUrl":"https:\/\/zapateneo.net\/wordpress\/wp-content\/uploads\/2023\/09\/piel-blanca-mascaras-negras-9786073038041.jpg","width":285,"height":400},{"@type":"BreadcrumbList","@id":"https:\/\/zapateneo.net\/wordpress\/index.php\/producto\/piel-blanca-mascaras-negras-critica-de-la-razon-neocolonial\/#breadcrumb","itemListElement":[{"@type":"ListItem","position":1,"name":"Portada","item":"https:\/\/zapateneo.net\/wordpress\/"},{"@type":"ListItem","position":2,"name":"Tienda","item":"https:\/\/zapateneo.net\/wordpress\/"},{"@type":"ListItem","position":3,"name":"PIEL BLANCA, M\u00c1SCARAS NEGRAS Cr\u00edtica de la raz\u00f3n neocolonial"}]},{"@type":"WebSite","@id":"https:\/\/zapateneo.net\/wordpress\/#website","url":"https:\/\/zapateneo.net\/wordpress\/","name":"Zapateneo","description":"Zapateneoaren webgunea","publisher":{"@id":"https:\/\/zapateneo.net\/wordpress\/#organization"},"potentialAction":[{"@type":"SearchAction","target":{"@type":"EntryPoint","urlTemplate":"https:\/\/zapateneo.net\/wordpress\/?s={search_term_string}"},"query-input":{"@type":"PropertyValueSpecification","valueRequired":true,"valueName":"search_term_string"}}],"inLanguage":"es"},{"@type":"Organization","@id":"https:\/\/zapateneo.net\/wordpress\/#organization","name":"Zapateneo Kultur Elkartea","url":"https:\/\/zapateneo.net\/wordpress\/","logo":{"@type":"ImageObject","inLanguage":"es","@id":"https:\/\/zapateneo.net\/wordpress\/#\/schema\/logo\/image\/","url":"https:\/\/zapateneo.net\/wordpress\/wp-content\/uploads\/2021\/04\/zap-libu-kolec.jpg","contentUrl":"https:\/\/zapateneo.net\/wordpress\/wp-content\/uploads\/2021\/04\/zap-libu-kolec.jpg","width":2234,"height":398,"caption":"Zapateneo Kultur Elkartea"},"image":{"@id":"https:\/\/zapateneo.net\/wordpress\/#\/schema\/logo\/image\/"},"sameAs":["https:\/\/x.com\/zapateneo"]}]}},"_links":{"self":[{"href":"https:\/\/zapateneo.net\/wordpress\/index.php\/wp-json\/wp\/v2\/product\/14711","targetHints":{"allow":["GET"]}}],"collection":[{"href":"https:\/\/zapateneo.net\/wordpress\/index.php\/wp-json\/wp\/v2\/product"}],"about":[{"href":"https:\/\/zapateneo.net\/wordpress\/index.php\/wp-json\/wp\/v2\/types\/product"}],"wp:featuredmedia":[{"embeddable":true,"href":"https:\/\/zapateneo.net\/wordpress\/index.php\/wp-json\/wp\/v2\/media\/14723"}],"wp:attachment":[{"href":"https:\/\/zapateneo.net\/wordpress\/index.php\/wp-json\/wp\/v2\/media?parent=14711"}],"wp:term":[{"taxonomy":"product_brand","embeddable":true,"href":"https:\/\/zapateneo.net\/wordpress\/index.php\/wp-json\/wp\/v2\/product_brand?post=14711"},{"taxonomy":"product_cat","embeddable":true,"href":"https:\/\/zapateneo.net\/wordpress\/index.php\/wp-json\/wp\/v2\/product_cat?post=14711"},{"taxonomy":"product_tag","embeddable":true,"href":"https:\/\/zapateneo.net\/wordpress\/index.php\/wp-json\/wp\/v2\/product_tag?post=14711"}],"curies":[{"name":"wp","href":"https:\/\/api.w.org\/{rel}","templated":true}]}}