{"id":14686,"date":"2023-09-13T19:10:25","date_gmt":"2023-09-13T18:10:25","guid":{"rendered":"https:\/\/zapateneo.net\/wordpress\/?post_type=product&#038;p=14686"},"modified":"2023-09-13T19:10:45","modified_gmt":"2023-09-13T18:10:45","slug":"el-movimiento-libertario-espanol-visto-por-la-policia-franquista","status":"publish","type":"product","link":"https:\/\/zapateneo.net\/wordpress\/index.php\/producto\/el-movimiento-libertario-espanol-visto-por-la-policia-franquista\/","title":{"rendered":"EL MOVIMIENTO LIBERTARIO ESPA\u00d1OL VISTO POR LA POLIC\u00cdA FRANQUISTA"},"content":{"rendered":"<p>Los documentos policiales que ahora presentamos son, creemos, en su totalidad in\u00e9ditos y en consecuencia nunca hasta el presente hab\u00edan visto la luz. Nuestra intenci\u00f3n es mostrar de forma \u00edntegra esa documentaci\u00f3n contextualiz\u00e1ndola pues, estamos convencidos, representa una fuente destacada para el estudio de la represi\u00f3n franquista.<\/p>\n<p>No obstante, tratamos de documentos que, dada su procedencia, deben manejarse con especial cautela pero que, al mismo tiempo y esto es lo importante, muestran desde dentro la visi\u00f3n de los represores en su lucha contra la disidencia antifranquista, en concreto contra un determinado sector de oposici\u00f3n al r\u00e9gimen salido de la victoria en la Guerra Civil espa\u00f1ola: el Movimiento Libertario Espa\u00f1ol (MLE), organizaci\u00f3n anarcosindicalista fundada el 26 de febrero de 1939 e integrada por la Confederaci\u00f3n Nacional del Trabajo (CNT), la Federaci\u00f3n Anarquista Ib\u00e9rica (FAI) y la Federaci\u00f3n Ib\u00e9rica de Juventudes Libertarias (FIJL).<\/p>\n<p>En consecuencia, estamos ante la mirada y la observaci\u00f3n, el estudio y los an\u00e1lisis de los responsables de la persecuci\u00f3n y represi\u00f3n del movimiento libertario en su lucha contra el franquismo. A trav\u00e9s de sus documentos internos descubriremos el grado de conocimiento que la polic\u00eda pol\u00edtica franquista pose\u00eda de las personas, movimientos y organizaciones, actividades, contactos, discusiones, \u00f3rganos de prensa, congresos, plenos y dem\u00e1s cuestiones relacionadas con la lucha desarrollada contra el r\u00e9gimen militar por la que fue primera fuerza sindical del Estado espa\u00f1ol hasta el inicio de la Guerra Civil.<\/p>\n<p>De esta manera, entenderemos la importancia de los boletines como fuente para el estudio de los grupos y formaciones anarcosindicalistas en su disputa y confrontaci\u00f3n al franquismo. En definitiva, nos encontramos al leer estos documentos ante la vigilancia, el control y la represi\u00f3n efectuadas por la Brigada Pol\u00edtico-Social contra su enemigo ancestral: el anarquismo y todas sus manifestaciones.<\/p>\n","protected":false},"excerpt":{"rendered":"<p><strong>Francisco Xavier Redondo Abal<\/strong><br \/>\n9788412350777 &#8211; Fundaci\u00f3n Anselmo Lorenzo &#8211; 2023 &#8211; 400 p\u00e1ginas \/orri.<\/p>\n","protected":false},"featured_media":14701,"template":"","meta":[],"product_brand":[],"product_cat":[1868,16],"product_tag":[6707,561],"class_list":{"0":"post-14686","1":"product","2":"type-product","3":"status-publish","4":"has-post-thumbnail","6":"product_cat-anarkismoa-anarquismo","7":"product_cat-libros","8":"product_tag-francisco-xavier-redondo-abal","9":"product_tag-fundacion-anselmo-lorenzo","11":"first","12":"instock","13":"sold-individually","14":"shipping-taxable","15":"purchasable","16":"product-type-simple"},"yoast_head":"<!-- This site is optimized with the Yoast SEO plugin v27.3 - https:\/\/yoast.com\/product\/yoast-seo-wordpress\/ -->\n<title>EL MOVIMIENTO LIBERTARIO ESPA\u00d1OL VISTO POR LA POLIC\u00cdA FRANQUISTA &#8212; Zapateneo<\/title>\n<meta name=\"robots\" content=\"index, follow, max-snippet:-1, max-image-preview:large, max-video-preview:-1\" \/>\n<link rel=\"canonical\" href=\"https:\/\/zapateneo.net\/wordpress\/index.php\/producto\/el-movimiento-libertario-espanol-visto-por-la-policia-franquista\/\" \/>\n<meta property=\"og:locale\" content=\"es_ES\" \/>\n<meta property=\"og:type\" content=\"article\" \/>\n<meta property=\"og:title\" content=\"EL MOVIMIENTO LIBERTARIO ESPA\u00d1OL VISTO POR LA POLIC\u00cdA FRANQUISTA &#8212; Zapateneo\" \/>\n<meta property=\"og:description\" content=\"Francisco Xavier Redondo Abal 9788412350777 - Fundaci\u00f3n Anselmo Lorenzo - 2023 - 400 p\u00e1ginas \/orri.\" \/>\n<meta property=\"og:url\" content=\"https:\/\/zapateneo.net\/wordpress\/index.php\/producto\/el-movimiento-libertario-espanol-visto-por-la-policia-franquista\/\" \/>\n<meta property=\"og:site_name\" content=\"Zapateneo\" \/>\n<meta property=\"article:modified_time\" content=\"2023-09-13T18:10:45+00:00\" \/>\n<meta name=\"twitter:card\" content=\"summary_large_image\" \/>\n<meta name=\"twitter:site\" content=\"@zapateneo\" \/>\n<meta name=\"twitter:label1\" content=\"Tiempo de lectura\" \/>\n\t<meta name=\"twitter:data1\" content=\"2 minutos\" \/>\n<script type=\"application\/ld+json\" class=\"yoast-schema-graph\">{\"@context\":\"https:\\\/\\\/schema.org\",\"@graph\":[{\"@type\":\"WebPage\",\"@id\":\"https:\\\/\\\/zapateneo.net\\\/wordpress\\\/index.php\\\/producto\\\/el-movimiento-libertario-espanol-visto-por-la-policia-franquista\\\/\",\"url\":\"https:\\\/\\\/zapateneo.net\\\/wordpress\\\/index.php\\\/producto\\\/el-movimiento-libertario-espanol-visto-por-la-policia-franquista\\\/\",\"name\":\"EL MOVIMIENTO LIBERTARIO ESPA\u00d1OL VISTO POR LA POLIC\u00cdA FRANQUISTA &#8212; Zapateneo\",\"isPartOf\":{\"@id\":\"https:\\\/\\\/zapateneo.net\\\/wordpress\\\/#website\"},\"primaryImageOfPage\":{\"@id\":\"https:\\\/\\\/zapateneo.net\\\/wordpress\\\/index.php\\\/producto\\\/el-movimiento-libertario-espanol-visto-por-la-policia-franquista\\\/#primaryimage\"},\"image\":{\"@id\":\"https:\\\/\\\/zapateneo.net\\\/wordpress\\\/index.php\\\/producto\\\/el-movimiento-libertario-espanol-visto-por-la-policia-franquista\\\/#primaryimage\"},\"thumbnailUrl\":\"https:\\\/\\\/zapateneo.net\\\/wordpress\\\/wp-content\\\/uploads\\\/2023\\\/09\\\/el-movimiento-libertario-espanol-visto-por-la-policia-franquista-9788412350777.jpg\",\"datePublished\":\"2023-09-13T18:10:25+00:00\",\"dateModified\":\"2023-09-13T18:10:45+00:00\",\"breadcrumb\":{\"@id\":\"https:\\\/\\\/zapateneo.net\\\/wordpress\\\/index.php\\\/producto\\\/el-movimiento-libertario-espanol-visto-por-la-policia-franquista\\\/#breadcrumb\"},\"inLanguage\":\"es\",\"potentialAction\":[{\"@type\":\"ReadAction\",\"target\":[\"https:\\\/\\\/zapateneo.net\\\/wordpress\\\/index.php\\\/producto\\\/el-movimiento-libertario-espanol-visto-por-la-policia-franquista\\\/\"]}]},{\"@type\":\"ImageObject\",\"inLanguage\":\"es\",\"@id\":\"https:\\\/\\\/zapateneo.net\\\/wordpress\\\/index.php\\\/producto\\\/el-movimiento-libertario-espanol-visto-por-la-policia-franquista\\\/#primaryimage\",\"url\":\"https:\\\/\\\/zapateneo.net\\\/wordpress\\\/wp-content\\\/uploads\\\/2023\\\/09\\\/el-movimiento-libertario-espanol-visto-por-la-policia-franquista-9788412350777.jpg\",\"contentUrl\":\"https:\\\/\\\/zapateneo.net\\\/wordpress\\\/wp-content\\\/uploads\\\/2023\\\/09\\\/el-movimiento-libertario-espanol-visto-por-la-policia-franquista-9788412350777.jpg\",\"width\":287,\"height\":400},{\"@type\":\"BreadcrumbList\",\"@id\":\"https:\\\/\\\/zapateneo.net\\\/wordpress\\\/index.php\\\/producto\\\/el-movimiento-libertario-espanol-visto-por-la-policia-franquista\\\/#breadcrumb\",\"itemListElement\":[{\"@type\":\"ListItem\",\"position\":1,\"name\":\"Portada\",\"item\":\"https:\\\/\\\/zapateneo.net\\\/wordpress\\\/\"},{\"@type\":\"ListItem\",\"position\":2,\"name\":\"Tienda\",\"item\":\"https:\\\/\\\/zapateneo.net\\\/wordpress\\\/\"},{\"@type\":\"ListItem\",\"position\":3,\"name\":\"EL MOVIMIENTO LIBERTARIO ESPA\u00d1OL VISTO POR LA POLIC\u00cdA FRANQUISTA\"}]},{\"@type\":\"WebSite\",\"@id\":\"https:\\\/\\\/zapateneo.net\\\/wordpress\\\/#website\",\"url\":\"https:\\\/\\\/zapateneo.net\\\/wordpress\\\/\",\"name\":\"Zapateneo\",\"description\":\"Zapateneoaren webgunea\",\"publisher\":{\"@id\":\"https:\\\/\\\/zapateneo.net\\\/wordpress\\\/#organization\"},\"potentialAction\":[{\"@type\":\"SearchAction\",\"target\":{\"@type\":\"EntryPoint\",\"urlTemplate\":\"https:\\\/\\\/zapateneo.net\\\/wordpress\\\/?s={search_term_string}\"},\"query-input\":{\"@type\":\"PropertyValueSpecification\",\"valueRequired\":true,\"valueName\":\"search_term_string\"}}],\"inLanguage\":\"es\"},{\"@type\":\"Organization\",\"@id\":\"https:\\\/\\\/zapateneo.net\\\/wordpress\\\/#organization\",\"name\":\"Zapateneo Kultur Elkartea\",\"url\":\"https:\\\/\\\/zapateneo.net\\\/wordpress\\\/\",\"logo\":{\"@type\":\"ImageObject\",\"inLanguage\":\"es\",\"@id\":\"https:\\\/\\\/zapateneo.net\\\/wordpress\\\/#\\\/schema\\\/logo\\\/image\\\/\",\"url\":\"https:\\\/\\\/zapateneo.net\\\/wordpress\\\/wp-content\\\/uploads\\\/2021\\\/04\\\/zap-libu-kolec.jpg\",\"contentUrl\":\"https:\\\/\\\/zapateneo.net\\\/wordpress\\\/wp-content\\\/uploads\\\/2021\\\/04\\\/zap-libu-kolec.jpg\",\"width\":2234,\"height\":398,\"caption\":\"Zapateneo Kultur Elkartea\"},\"image\":{\"@id\":\"https:\\\/\\\/zapateneo.net\\\/wordpress\\\/#\\\/schema\\\/logo\\\/image\\\/\"},\"sameAs\":[\"https:\\\/\\\/x.com\\\/zapateneo\"]}]}<\/script>\n<!-- \/ Yoast SEO plugin. -->","yoast_head_json":{"title":"EL MOVIMIENTO LIBERTARIO ESPA\u00d1OL VISTO POR LA POLIC\u00cdA FRANQUISTA &#8212; Zapateneo","robots":{"index":"index","follow":"follow","max-snippet":"max-snippet:-1","max-image-preview":"max-image-preview:large","max-video-preview":"max-video-preview:-1"},"canonical":"https:\/\/zapateneo.net\/wordpress\/index.php\/producto\/el-movimiento-libertario-espanol-visto-por-la-policia-franquista\/","og_locale":"es_ES","og_type":"article","og_title":"EL MOVIMIENTO LIBERTARIO ESPA\u00d1OL VISTO POR LA POLIC\u00cdA FRANQUISTA &#8212; Zapateneo","og_description":"Francisco Xavier Redondo Abal 9788412350777 - Fundaci\u00f3n Anselmo Lorenzo - 2023 - 400 p\u00e1ginas \/orri.","og_url":"https:\/\/zapateneo.net\/wordpress\/index.php\/producto\/el-movimiento-libertario-espanol-visto-por-la-policia-franquista\/","og_site_name":"Zapateneo","article_modified_time":"2023-09-13T18:10:45+00:00","twitter_card":"summary_large_image","twitter_site":"@zapateneo","twitter_misc":{"Tiempo de lectura":"2 minutos"},"schema":{"@context":"https:\/\/schema.org","@graph":[{"@type":"WebPage","@id":"https:\/\/zapateneo.net\/wordpress\/index.php\/producto\/el-movimiento-libertario-espanol-visto-por-la-policia-franquista\/","url":"https:\/\/zapateneo.net\/wordpress\/index.php\/producto\/el-movimiento-libertario-espanol-visto-por-la-policia-franquista\/","name":"EL MOVIMIENTO LIBERTARIO ESPA\u00d1OL VISTO POR LA POLIC\u00cdA FRANQUISTA &#8212; Zapateneo","isPartOf":{"@id":"https:\/\/zapateneo.net\/wordpress\/#website"},"primaryImageOfPage":{"@id":"https:\/\/zapateneo.net\/wordpress\/index.php\/producto\/el-movimiento-libertario-espanol-visto-por-la-policia-franquista\/#primaryimage"},"image":{"@id":"https:\/\/zapateneo.net\/wordpress\/index.php\/producto\/el-movimiento-libertario-espanol-visto-por-la-policia-franquista\/#primaryimage"},"thumbnailUrl":"https:\/\/zapateneo.net\/wordpress\/wp-content\/uploads\/2023\/09\/el-movimiento-libertario-espanol-visto-por-la-policia-franquista-9788412350777.jpg","datePublished":"2023-09-13T18:10:25+00:00","dateModified":"2023-09-13T18:10:45+00:00","breadcrumb":{"@id":"https:\/\/zapateneo.net\/wordpress\/index.php\/producto\/el-movimiento-libertario-espanol-visto-por-la-policia-franquista\/#breadcrumb"},"inLanguage":"es","potentialAction":[{"@type":"ReadAction","target":["https:\/\/zapateneo.net\/wordpress\/index.php\/producto\/el-movimiento-libertario-espanol-visto-por-la-policia-franquista\/"]}]},{"@type":"ImageObject","inLanguage":"es","@id":"https:\/\/zapateneo.net\/wordpress\/index.php\/producto\/el-movimiento-libertario-espanol-visto-por-la-policia-franquista\/#primaryimage","url":"https:\/\/zapateneo.net\/wordpress\/wp-content\/uploads\/2023\/09\/el-movimiento-libertario-espanol-visto-por-la-policia-franquista-9788412350777.jpg","contentUrl":"https:\/\/zapateneo.net\/wordpress\/wp-content\/uploads\/2023\/09\/el-movimiento-libertario-espanol-visto-por-la-policia-franquista-9788412350777.jpg","width":287,"height":400},{"@type":"BreadcrumbList","@id":"https:\/\/zapateneo.net\/wordpress\/index.php\/producto\/el-movimiento-libertario-espanol-visto-por-la-policia-franquista\/#breadcrumb","itemListElement":[{"@type":"ListItem","position":1,"name":"Portada","item":"https:\/\/zapateneo.net\/wordpress\/"},{"@type":"ListItem","position":2,"name":"Tienda","item":"https:\/\/zapateneo.net\/wordpress\/"},{"@type":"ListItem","position":3,"name":"EL MOVIMIENTO LIBERTARIO ESPA\u00d1OL VISTO POR LA POLIC\u00cdA FRANQUISTA"}]},{"@type":"WebSite","@id":"https:\/\/zapateneo.net\/wordpress\/#website","url":"https:\/\/zapateneo.net\/wordpress\/","name":"Zapateneo","description":"Zapateneoaren webgunea","publisher":{"@id":"https:\/\/zapateneo.net\/wordpress\/#organization"},"potentialAction":[{"@type":"SearchAction","target":{"@type":"EntryPoint","urlTemplate":"https:\/\/zapateneo.net\/wordpress\/?s={search_term_string}"},"query-input":{"@type":"PropertyValueSpecification","valueRequired":true,"valueName":"search_term_string"}}],"inLanguage":"es"},{"@type":"Organization","@id":"https:\/\/zapateneo.net\/wordpress\/#organization","name":"Zapateneo Kultur Elkartea","url":"https:\/\/zapateneo.net\/wordpress\/","logo":{"@type":"ImageObject","inLanguage":"es","@id":"https:\/\/zapateneo.net\/wordpress\/#\/schema\/logo\/image\/","url":"https:\/\/zapateneo.net\/wordpress\/wp-content\/uploads\/2021\/04\/zap-libu-kolec.jpg","contentUrl":"https:\/\/zapateneo.net\/wordpress\/wp-content\/uploads\/2021\/04\/zap-libu-kolec.jpg","width":2234,"height":398,"caption":"Zapateneo Kultur Elkartea"},"image":{"@id":"https:\/\/zapateneo.net\/wordpress\/#\/schema\/logo\/image\/"},"sameAs":["https:\/\/x.com\/zapateneo"]}]}},"_links":{"self":[{"href":"https:\/\/zapateneo.net\/wordpress\/index.php\/wp-json\/wp\/v2\/product\/14686","targetHints":{"allow":["GET"]}}],"collection":[{"href":"https:\/\/zapateneo.net\/wordpress\/index.php\/wp-json\/wp\/v2\/product"}],"about":[{"href":"https:\/\/zapateneo.net\/wordpress\/index.php\/wp-json\/wp\/v2\/types\/product"}],"wp:featuredmedia":[{"embeddable":true,"href":"https:\/\/zapateneo.net\/wordpress\/index.php\/wp-json\/wp\/v2\/media\/14701"}],"wp:attachment":[{"href":"https:\/\/zapateneo.net\/wordpress\/index.php\/wp-json\/wp\/v2\/media?parent=14686"}],"wp:term":[{"taxonomy":"product_brand","embeddable":true,"href":"https:\/\/zapateneo.net\/wordpress\/index.php\/wp-json\/wp\/v2\/product_brand?post=14686"},{"taxonomy":"product_cat","embeddable":true,"href":"https:\/\/zapateneo.net\/wordpress\/index.php\/wp-json\/wp\/v2\/product_cat?post=14686"},{"taxonomy":"product_tag","embeddable":true,"href":"https:\/\/zapateneo.net\/wordpress\/index.php\/wp-json\/wp\/v2\/product_tag?post=14686"}],"curies":[{"name":"wp","href":"https:\/\/api.w.org\/{rel}","templated":true}]}}