{"id":14683,"date":"2023-09-13T19:10:24","date_gmt":"2023-09-13T18:10:24","guid":{"rendered":"https:\/\/zapateneo.net\/wordpress\/?post_type=product&#038;p=14683"},"modified":"2023-09-13T19:10:38","modified_gmt":"2023-09-13T18:10:38","slug":"el-anarquismo-paso-a-paso-guia-basica-de-las-ideas-y-la-historia-del-movimiento-libertario","status":"publish","type":"product","link":"https:\/\/zapateneo.net\/wordpress\/index.php\/producto\/el-anarquismo-paso-a-paso-guia-basica-de-las-ideas-y-la-historia-del-movimiento-libertario\/","title":{"rendered":"EL ANARQUISMO PASO A PASO Gu\u00eda b\u00e1sica de las ideas y la historia del movimiento libertario"},"content":{"rendered":"<p>Estamos ante un resumen de las ideas, las figuras y las realizaciones del anarquismo a lo largo de la historia. Una gu\u00eda para acercarse al mundo \u00e1crata, que nos abre las puertas a una de las grandes, pero menos conocidas, corrientes del pensamiento revolucionario.<\/p>\n<p>A trav\u00e9s de los correspondientes cap\u00edtulos iremos tomando contacto con la definici\u00f3n y los conceptos principales del anarquismo, sus distintas corrientes, los pensadores y activistas m\u00e1s influyentes, su trayectoria desde la Grecia cl\u00e1sica a nuestros d\u00edas, sus diferencias con otras variantes del socialismo o la influencia libertaria en la cultura, el arte y los movimientos sociales.<\/p>\n<p>Otros aspectos que aborda el libro nos aproximan al anarcosindicalismo, los ateneos libertarios, el naturismo, la lucha de las mujeres, las experiencias de autogesti\u00f3n \u2014hist\u00f3ricas y actuales\u2014, as\u00ed como a la implicaci\u00f3n del anarquismo en las principales revoluciones que en el mundo se han producido. El trabajo acaba con unos anexos en los que se incluyen sendos listados de libros y pel\u00edculas sobre anarquismo, las letras de los m\u00e1s populares himnos libertarios, la historia de los diferentes s\u00edmbolos y banderas \u00e1cratas y otras curiosidades.<\/p>\n<p>IMPRESIONES SOBRE EL SOCIALISMO EN ESPA\u00d1A &#8211; Max Nettlau<\/p>\n","protected":false},"excerpt":{"rendered":"<p><strong>Antonio P\u00e9rez Collado<\/strong><br \/>\n9788412540598 &#8211; Ateneo libertario Al Margen &#8211; 2023 &#8211; 160 p\u00e1ginas \/orri.<\/p>\n","protected":false},"featured_media":14698,"template":"","meta":[],"product_brand":[],"product_cat":[1868,16],"product_tag":[6704,4205],"class_list":{"0":"post-14683","1":"product","2":"type-product","3":"status-publish","4":"has-post-thumbnail","6":"product_cat-anarkismoa-anarquismo","7":"product_cat-libros","8":"product_tag-antonio-perez-collado","9":"product_tag-ateneo-libertario-al-margen","11":"first","12":"instock","13":"sold-individually","14":"shipping-taxable","15":"purchasable","16":"product-type-simple"},"yoast_head":"<!-- This site is optimized with the Yoast SEO plugin v27.3 - https:\/\/yoast.com\/product\/yoast-seo-wordpress\/ -->\n<title>EL ANARQUISMO PASO A PASO Gu\u00eda b\u00e1sica de las ideas y la historia del movimiento libertario &#8212; Zapateneo<\/title>\n<meta name=\"robots\" content=\"index, follow, max-snippet:-1, max-image-preview:large, max-video-preview:-1\" \/>\n<link rel=\"canonical\" href=\"https:\/\/zapateneo.net\/wordpress\/index.php\/producto\/el-anarquismo-paso-a-paso-guia-basica-de-las-ideas-y-la-historia-del-movimiento-libertario\/\" \/>\n<meta property=\"og:locale\" content=\"es_ES\" \/>\n<meta property=\"og:type\" content=\"article\" \/>\n<meta property=\"og:title\" content=\"EL ANARQUISMO PASO A PASO Gu\u00eda b\u00e1sica de las ideas y la historia del movimiento libertario &#8212; Zapateneo\" \/>\n<meta property=\"og:description\" content=\"Antonio P\u00e9rez Collado 9788412540598 - Ateneo libertario Al Margen - 2023 - 160 p\u00e1ginas \/orri.\" \/>\n<meta property=\"og:url\" content=\"https:\/\/zapateneo.net\/wordpress\/index.php\/producto\/el-anarquismo-paso-a-paso-guia-basica-de-las-ideas-y-la-historia-del-movimiento-libertario\/\" \/>\n<meta property=\"og:site_name\" content=\"Zapateneo\" \/>\n<meta property=\"article:modified_time\" content=\"2023-09-13T18:10:38+00:00\" \/>\n<meta name=\"twitter:card\" content=\"summary_large_image\" \/>\n<meta name=\"twitter:site\" content=\"@zapateneo\" \/>\n<meta name=\"twitter:label1\" content=\"Tiempo de lectura\" \/>\n\t<meta name=\"twitter:data1\" content=\"1 minuto\" \/>\n<script type=\"application\/ld+json\" class=\"yoast-schema-graph\">{\"@context\":\"https:\\\/\\\/schema.org\",\"@graph\":[{\"@type\":\"WebPage\",\"@id\":\"https:\\\/\\\/zapateneo.net\\\/wordpress\\\/index.php\\\/producto\\\/el-anarquismo-paso-a-paso-guia-basica-de-las-ideas-y-la-historia-del-movimiento-libertario\\\/\",\"url\":\"https:\\\/\\\/zapateneo.net\\\/wordpress\\\/index.php\\\/producto\\\/el-anarquismo-paso-a-paso-guia-basica-de-las-ideas-y-la-historia-del-movimiento-libertario\\\/\",\"name\":\"EL ANARQUISMO PASO A PASO Gu\u00eda b\u00e1sica de las ideas y la historia del movimiento libertario &#8212; Zapateneo\",\"isPartOf\":{\"@id\":\"https:\\\/\\\/zapateneo.net\\\/wordpress\\\/#website\"},\"primaryImageOfPage\":{\"@id\":\"https:\\\/\\\/zapateneo.net\\\/wordpress\\\/index.php\\\/producto\\\/el-anarquismo-paso-a-paso-guia-basica-de-las-ideas-y-la-historia-del-movimiento-libertario\\\/#primaryimage\"},\"image\":{\"@id\":\"https:\\\/\\\/zapateneo.net\\\/wordpress\\\/index.php\\\/producto\\\/el-anarquismo-paso-a-paso-guia-basica-de-las-ideas-y-la-historia-del-movimiento-libertario\\\/#primaryimage\"},\"thumbnailUrl\":\"https:\\\/\\\/zapateneo.net\\\/wordpress\\\/wp-content\\\/uploads\\\/2023\\\/09\\\/9788412540598.gif\",\"datePublished\":\"2023-09-13T18:10:24+00:00\",\"dateModified\":\"2023-09-13T18:10:38+00:00\",\"breadcrumb\":{\"@id\":\"https:\\\/\\\/zapateneo.net\\\/wordpress\\\/index.php\\\/producto\\\/el-anarquismo-paso-a-paso-guia-basica-de-las-ideas-y-la-historia-del-movimiento-libertario\\\/#breadcrumb\"},\"inLanguage\":\"es\",\"potentialAction\":[{\"@type\":\"ReadAction\",\"target\":[\"https:\\\/\\\/zapateneo.net\\\/wordpress\\\/index.php\\\/producto\\\/el-anarquismo-paso-a-paso-guia-basica-de-las-ideas-y-la-historia-del-movimiento-libertario\\\/\"]}]},{\"@type\":\"ImageObject\",\"inLanguage\":\"es\",\"@id\":\"https:\\\/\\\/zapateneo.net\\\/wordpress\\\/index.php\\\/producto\\\/el-anarquismo-paso-a-paso-guia-basica-de-las-ideas-y-la-historia-del-movimiento-libertario\\\/#primaryimage\",\"url\":\"https:\\\/\\\/zapateneo.net\\\/wordpress\\\/wp-content\\\/uploads\\\/2023\\\/09\\\/9788412540598.gif\",\"contentUrl\":\"https:\\\/\\\/zapateneo.net\\\/wordpress\\\/wp-content\\\/uploads\\\/2023\\\/09\\\/9788412540598.gif\",\"width\":240,\"height\":306},{\"@type\":\"BreadcrumbList\",\"@id\":\"https:\\\/\\\/zapateneo.net\\\/wordpress\\\/index.php\\\/producto\\\/el-anarquismo-paso-a-paso-guia-basica-de-las-ideas-y-la-historia-del-movimiento-libertario\\\/#breadcrumb\",\"itemListElement\":[{\"@type\":\"ListItem\",\"position\":1,\"name\":\"Portada\",\"item\":\"https:\\\/\\\/zapateneo.net\\\/wordpress\\\/\"},{\"@type\":\"ListItem\",\"position\":2,\"name\":\"Tienda\",\"item\":\"https:\\\/\\\/zapateneo.net\\\/wordpress\\\/\"},{\"@type\":\"ListItem\",\"position\":3,\"name\":\"EL ANARQUISMO PASO A PASO Gu\u00eda b\u00e1sica de las ideas y la historia del movimiento libertario\"}]},{\"@type\":\"WebSite\",\"@id\":\"https:\\\/\\\/zapateneo.net\\\/wordpress\\\/#website\",\"url\":\"https:\\\/\\\/zapateneo.net\\\/wordpress\\\/\",\"name\":\"Zapateneo\",\"description\":\"Zapateneoaren webgunea\",\"publisher\":{\"@id\":\"https:\\\/\\\/zapateneo.net\\\/wordpress\\\/#organization\"},\"potentialAction\":[{\"@type\":\"SearchAction\",\"target\":{\"@type\":\"EntryPoint\",\"urlTemplate\":\"https:\\\/\\\/zapateneo.net\\\/wordpress\\\/?s={search_term_string}\"},\"query-input\":{\"@type\":\"PropertyValueSpecification\",\"valueRequired\":true,\"valueName\":\"search_term_string\"}}],\"inLanguage\":\"es\"},{\"@type\":\"Organization\",\"@id\":\"https:\\\/\\\/zapateneo.net\\\/wordpress\\\/#organization\",\"name\":\"Zapateneo Kultur Elkartea\",\"url\":\"https:\\\/\\\/zapateneo.net\\\/wordpress\\\/\",\"logo\":{\"@type\":\"ImageObject\",\"inLanguage\":\"es\",\"@id\":\"https:\\\/\\\/zapateneo.net\\\/wordpress\\\/#\\\/schema\\\/logo\\\/image\\\/\",\"url\":\"https:\\\/\\\/zapateneo.net\\\/wordpress\\\/wp-content\\\/uploads\\\/2021\\\/04\\\/zap-libu-kolec.jpg\",\"contentUrl\":\"https:\\\/\\\/zapateneo.net\\\/wordpress\\\/wp-content\\\/uploads\\\/2021\\\/04\\\/zap-libu-kolec.jpg\",\"width\":2234,\"height\":398,\"caption\":\"Zapateneo Kultur Elkartea\"},\"image\":{\"@id\":\"https:\\\/\\\/zapateneo.net\\\/wordpress\\\/#\\\/schema\\\/logo\\\/image\\\/\"},\"sameAs\":[\"https:\\\/\\\/x.com\\\/zapateneo\"]}]}<\/script>\n<!-- \/ Yoast SEO plugin. -->","yoast_head_json":{"title":"EL ANARQUISMO PASO A PASO Gu\u00eda b\u00e1sica de las ideas y la historia del movimiento libertario &#8212; Zapateneo","robots":{"index":"index","follow":"follow","max-snippet":"max-snippet:-1","max-image-preview":"max-image-preview:large","max-video-preview":"max-video-preview:-1"},"canonical":"https:\/\/zapateneo.net\/wordpress\/index.php\/producto\/el-anarquismo-paso-a-paso-guia-basica-de-las-ideas-y-la-historia-del-movimiento-libertario\/","og_locale":"es_ES","og_type":"article","og_title":"EL ANARQUISMO PASO A PASO Gu\u00eda b\u00e1sica de las ideas y la historia del movimiento libertario &#8212; Zapateneo","og_description":"Antonio P\u00e9rez Collado 9788412540598 - Ateneo libertario Al Margen - 2023 - 160 p\u00e1ginas \/orri.","og_url":"https:\/\/zapateneo.net\/wordpress\/index.php\/producto\/el-anarquismo-paso-a-paso-guia-basica-de-las-ideas-y-la-historia-del-movimiento-libertario\/","og_site_name":"Zapateneo","article_modified_time":"2023-09-13T18:10:38+00:00","twitter_card":"summary_large_image","twitter_site":"@zapateneo","twitter_misc":{"Tiempo de lectura":"1 minuto"},"schema":{"@context":"https:\/\/schema.org","@graph":[{"@type":"WebPage","@id":"https:\/\/zapateneo.net\/wordpress\/index.php\/producto\/el-anarquismo-paso-a-paso-guia-basica-de-las-ideas-y-la-historia-del-movimiento-libertario\/","url":"https:\/\/zapateneo.net\/wordpress\/index.php\/producto\/el-anarquismo-paso-a-paso-guia-basica-de-las-ideas-y-la-historia-del-movimiento-libertario\/","name":"EL ANARQUISMO PASO A PASO Gu\u00eda b\u00e1sica de las ideas y la historia del movimiento libertario &#8212; Zapateneo","isPartOf":{"@id":"https:\/\/zapateneo.net\/wordpress\/#website"},"primaryImageOfPage":{"@id":"https:\/\/zapateneo.net\/wordpress\/index.php\/producto\/el-anarquismo-paso-a-paso-guia-basica-de-las-ideas-y-la-historia-del-movimiento-libertario\/#primaryimage"},"image":{"@id":"https:\/\/zapateneo.net\/wordpress\/index.php\/producto\/el-anarquismo-paso-a-paso-guia-basica-de-las-ideas-y-la-historia-del-movimiento-libertario\/#primaryimage"},"thumbnailUrl":"https:\/\/zapateneo.net\/wordpress\/wp-content\/uploads\/2023\/09\/9788412540598.gif","datePublished":"2023-09-13T18:10:24+00:00","dateModified":"2023-09-13T18:10:38+00:00","breadcrumb":{"@id":"https:\/\/zapateneo.net\/wordpress\/index.php\/producto\/el-anarquismo-paso-a-paso-guia-basica-de-las-ideas-y-la-historia-del-movimiento-libertario\/#breadcrumb"},"inLanguage":"es","potentialAction":[{"@type":"ReadAction","target":["https:\/\/zapateneo.net\/wordpress\/index.php\/producto\/el-anarquismo-paso-a-paso-guia-basica-de-las-ideas-y-la-historia-del-movimiento-libertario\/"]}]},{"@type":"ImageObject","inLanguage":"es","@id":"https:\/\/zapateneo.net\/wordpress\/index.php\/producto\/el-anarquismo-paso-a-paso-guia-basica-de-las-ideas-y-la-historia-del-movimiento-libertario\/#primaryimage","url":"https:\/\/zapateneo.net\/wordpress\/wp-content\/uploads\/2023\/09\/9788412540598.gif","contentUrl":"https:\/\/zapateneo.net\/wordpress\/wp-content\/uploads\/2023\/09\/9788412540598.gif","width":240,"height":306},{"@type":"BreadcrumbList","@id":"https:\/\/zapateneo.net\/wordpress\/index.php\/producto\/el-anarquismo-paso-a-paso-guia-basica-de-las-ideas-y-la-historia-del-movimiento-libertario\/#breadcrumb","itemListElement":[{"@type":"ListItem","position":1,"name":"Portada","item":"https:\/\/zapateneo.net\/wordpress\/"},{"@type":"ListItem","position":2,"name":"Tienda","item":"https:\/\/zapateneo.net\/wordpress\/"},{"@type":"ListItem","position":3,"name":"EL ANARQUISMO PASO A PASO Gu\u00eda b\u00e1sica de las ideas y la historia del movimiento libertario"}]},{"@type":"WebSite","@id":"https:\/\/zapateneo.net\/wordpress\/#website","url":"https:\/\/zapateneo.net\/wordpress\/","name":"Zapateneo","description":"Zapateneoaren webgunea","publisher":{"@id":"https:\/\/zapateneo.net\/wordpress\/#organization"},"potentialAction":[{"@type":"SearchAction","target":{"@type":"EntryPoint","urlTemplate":"https:\/\/zapateneo.net\/wordpress\/?s={search_term_string}"},"query-input":{"@type":"PropertyValueSpecification","valueRequired":true,"valueName":"search_term_string"}}],"inLanguage":"es"},{"@type":"Organization","@id":"https:\/\/zapateneo.net\/wordpress\/#organization","name":"Zapateneo Kultur Elkartea","url":"https:\/\/zapateneo.net\/wordpress\/","logo":{"@type":"ImageObject","inLanguage":"es","@id":"https:\/\/zapateneo.net\/wordpress\/#\/schema\/logo\/image\/","url":"https:\/\/zapateneo.net\/wordpress\/wp-content\/uploads\/2021\/04\/zap-libu-kolec.jpg","contentUrl":"https:\/\/zapateneo.net\/wordpress\/wp-content\/uploads\/2021\/04\/zap-libu-kolec.jpg","width":2234,"height":398,"caption":"Zapateneo Kultur Elkartea"},"image":{"@id":"https:\/\/zapateneo.net\/wordpress\/#\/schema\/logo\/image\/"},"sameAs":["https:\/\/x.com\/zapateneo"]}]}},"_links":{"self":[{"href":"https:\/\/zapateneo.net\/wordpress\/index.php\/wp-json\/wp\/v2\/product\/14683","targetHints":{"allow":["GET"]}}],"collection":[{"href":"https:\/\/zapateneo.net\/wordpress\/index.php\/wp-json\/wp\/v2\/product"}],"about":[{"href":"https:\/\/zapateneo.net\/wordpress\/index.php\/wp-json\/wp\/v2\/types\/product"}],"wp:featuredmedia":[{"embeddable":true,"href":"https:\/\/zapateneo.net\/wordpress\/index.php\/wp-json\/wp\/v2\/media\/14698"}],"wp:attachment":[{"href":"https:\/\/zapateneo.net\/wordpress\/index.php\/wp-json\/wp\/v2\/media?parent=14683"}],"wp:term":[{"taxonomy":"product_brand","embeddable":true,"href":"https:\/\/zapateneo.net\/wordpress\/index.php\/wp-json\/wp\/v2\/product_brand?post=14683"},{"taxonomy":"product_cat","embeddable":true,"href":"https:\/\/zapateneo.net\/wordpress\/index.php\/wp-json\/wp\/v2\/product_cat?post=14683"},{"taxonomy":"product_tag","embeddable":true,"href":"https:\/\/zapateneo.net\/wordpress\/index.php\/wp-json\/wp\/v2\/product_tag?post=14683"}],"curies":[{"name":"wp","href":"https:\/\/api.w.org\/{rel}","templated":true}]}}