{"id":14679,"date":"2023-09-13T19:10:22","date_gmt":"2023-09-13T18:10:22","guid":{"rendered":"https:\/\/zapateneo.net\/wordpress\/?post_type=product&#038;p=14679"},"modified":"2023-09-13T19:10:33","modified_gmt":"2023-09-13T18:10:33","slug":"de-tartesos-a-hispania-geografia-y-etnografia-en-la-literatura-greco-latina","status":"publish","type":"product","link":"https:\/\/zapateneo.net\/wordpress\/index.php\/producto\/de-tartesos-a-hispania-geografia-y-etnografia-en-la-literatura-greco-latina\/","title":{"rendered":"DE TARTESOS A HISPANIA Geograf\u00eda y etnograf\u00eda en la literatura greco-latina"},"content":{"rendered":"<p>La tendencia, afortunadamente cada vez m\u00e1s en declive, de querer ver en los testimonios literarios de la Antig\u00fcedad como una suerte de \u201cBiblia\u201d a la que acudir para reconstruir una imagen precisa, inequ\u00edvoca y atemporal de las realidades \u00e9tnicas presentes en la pen\u00ednsula ib\u00e9rica y sus respectivas plasmaciones geo-cartogr\u00e1ficas ha llevado a forzar los datos, descontextualiz\u00e1ndolos.<\/p>\n<p>El recurso a tachar de compilador o simple transmisor a determinados autores o la proyecci\u00f3n de esquemas de nuestro presente para intentar comprender realidades del pasado han sido utilizados, en m\u00e1s ocasiones de las deseadas, para explicar las incongruencias o los errores en los que incurrieron los distintos autores que volvieron su mirada hacia el extremo occidente.<\/p>\n<p>El libro que el lector tiene entre sus manos es un intento de romper, de manera definitiva, con este planteamiento epistemol\u00f3gico que, en la historiograf\u00eda hispana, tuvo su m\u00e1ximo exponente en las Fontes Hispaniae Antiquae. As\u00ed, la autora, partiendo de un amplio corpus literario que se extiende, cronol\u00f3gicamente, desde las primeras referencias a prop\u00f3sito de Tartesos y el estrecho de Gibraltar hasta los locorum nuda nomina de Plinio, ha procurado no tratar estas referencias como datos as\u00e9pticos y objetivos, sino como informaciones insertas en obras que escapan a los c\u00e1nones de nuestros g\u00e9neros literarios actuales.<\/p>\n<p>De manera paralela, este an\u00e1lisis se ha llevado a cabo teniendo en mente la premisa de que todas estas producciones literarias son tambi\u00e9n, y, sobre todo, productos cul\u00adturales que son el reflejo de ideolog\u00edas y contextos pol\u00edticos muy concretos de los que no pueden ser aisladas. En sus l\u00edneas hay, en consecuencia, una elecci\u00f3n, no juzgamos si correcta o no, por parte de su autor quien, en muchos de los casos analizados, escribe con un ojo puesto en la tradici\u00f3n y con otro puesto en las realidades que est\u00e1 viviendo o les est\u00e1n llegando. Solo as\u00ed podremos entender, explicar y recurrir al rico corpus etno-geogr\u00e1fico referido a Iberia-Hispania.<\/p>\n","protected":false},"excerpt":{"rendered":"<p><strong>Encarnaci\u00f3n Castro-P\u00e1ez<\/strong><br \/>\n9788418723650 &#8211; Bellaterra &#8211; 2023 &#8211; 324 p\u00e1ginas \/orri.<\/p>\n","protected":false},"featured_media":14694,"template":"","meta":[],"product_brand":[],"product_cat":[185,16],"product_tag":[92,6695],"class_list":{"0":"post-14679","1":"product","2":"type-product","3":"status-publish","4":"has-post-thumbnail","6":"product_cat-historia","7":"product_cat-libros","8":"product_tag-bellaterra","9":"product_tag-encarnacion-castro-paez","11":"first","12":"instock","13":"sold-individually","14":"shipping-taxable","15":"purchasable","16":"product-type-simple"},"yoast_head":"<!-- This site is optimized with the Yoast SEO plugin v27.3 - https:\/\/yoast.com\/product\/yoast-seo-wordpress\/ -->\n<title>DE TARTESOS A HISPANIA Geograf\u00eda y etnograf\u00eda en la literatura greco-latina &#8212; Zapateneo<\/title>\n<meta name=\"robots\" content=\"index, follow, max-snippet:-1, max-image-preview:large, max-video-preview:-1\" \/>\n<link rel=\"canonical\" href=\"https:\/\/zapateneo.net\/wordpress\/index.php\/producto\/de-tartesos-a-hispania-geografia-y-etnografia-en-la-literatura-greco-latina\/\" \/>\n<meta property=\"og:locale\" content=\"es_ES\" \/>\n<meta property=\"og:type\" content=\"article\" \/>\n<meta property=\"og:title\" content=\"DE TARTESOS A HISPANIA Geograf\u00eda y etnograf\u00eda en la literatura greco-latina &#8212; Zapateneo\" \/>\n<meta property=\"og:description\" content=\"Encarnaci\u00f3n Castro-P\u00e1ez 9788418723650 - Bellaterra - 2023 - 324 p\u00e1ginas \/orri.\" \/>\n<meta property=\"og:url\" content=\"https:\/\/zapateneo.net\/wordpress\/index.php\/producto\/de-tartesos-a-hispania-geografia-y-etnografia-en-la-literatura-greco-latina\/\" \/>\n<meta property=\"og:site_name\" content=\"Zapateneo\" \/>\n<meta property=\"article:modified_time\" content=\"2023-09-13T18:10:33+00:00\" \/>\n<meta name=\"twitter:card\" content=\"summary_large_image\" \/>\n<meta name=\"twitter:site\" content=\"@zapateneo\" \/>\n<meta name=\"twitter:label1\" content=\"Tiempo de lectura\" \/>\n\t<meta name=\"twitter:data1\" content=\"2 minutos\" \/>\n<script type=\"application\/ld+json\" class=\"yoast-schema-graph\">{\"@context\":\"https:\\\/\\\/schema.org\",\"@graph\":[{\"@type\":\"WebPage\",\"@id\":\"https:\\\/\\\/zapateneo.net\\\/wordpress\\\/index.php\\\/producto\\\/de-tartesos-a-hispania-geografia-y-etnografia-en-la-literatura-greco-latina\\\/\",\"url\":\"https:\\\/\\\/zapateneo.net\\\/wordpress\\\/index.php\\\/producto\\\/de-tartesos-a-hispania-geografia-y-etnografia-en-la-literatura-greco-latina\\\/\",\"name\":\"DE TARTESOS A HISPANIA Geograf\u00eda y etnograf\u00eda en la literatura greco-latina &#8212; Zapateneo\",\"isPartOf\":{\"@id\":\"https:\\\/\\\/zapateneo.net\\\/wordpress\\\/#website\"},\"primaryImageOfPage\":{\"@id\":\"https:\\\/\\\/zapateneo.net\\\/wordpress\\\/index.php\\\/producto\\\/de-tartesos-a-hispania-geografia-y-etnografia-en-la-literatura-greco-latina\\\/#primaryimage\"},\"image\":{\"@id\":\"https:\\\/\\\/zapateneo.net\\\/wordpress\\\/index.php\\\/producto\\\/de-tartesos-a-hispania-geografia-y-etnografia-en-la-literatura-greco-latina\\\/#primaryimage\"},\"thumbnailUrl\":\"https:\\\/\\\/zapateneo.net\\\/wordpress\\\/wp-content\\\/uploads\\\/2023\\\/09\\\/de-tartesos-a-hispania-9788418723650.jpg\",\"datePublished\":\"2023-09-13T18:10:22+00:00\",\"dateModified\":\"2023-09-13T18:10:33+00:00\",\"breadcrumb\":{\"@id\":\"https:\\\/\\\/zapateneo.net\\\/wordpress\\\/index.php\\\/producto\\\/de-tartesos-a-hispania-geografia-y-etnografia-en-la-literatura-greco-latina\\\/#breadcrumb\"},\"inLanguage\":\"es\",\"potentialAction\":[{\"@type\":\"ReadAction\",\"target\":[\"https:\\\/\\\/zapateneo.net\\\/wordpress\\\/index.php\\\/producto\\\/de-tartesos-a-hispania-geografia-y-etnografia-en-la-literatura-greco-latina\\\/\"]}]},{\"@type\":\"ImageObject\",\"inLanguage\":\"es\",\"@id\":\"https:\\\/\\\/zapateneo.net\\\/wordpress\\\/index.php\\\/producto\\\/de-tartesos-a-hispania-geografia-y-etnografia-en-la-literatura-greco-latina\\\/#primaryimage\",\"url\":\"https:\\\/\\\/zapateneo.net\\\/wordpress\\\/wp-content\\\/uploads\\\/2023\\\/09\\\/de-tartesos-a-hispania-9788418723650.jpg\",\"contentUrl\":\"https:\\\/\\\/zapateneo.net\\\/wordpress\\\/wp-content\\\/uploads\\\/2023\\\/09\\\/de-tartesos-a-hispania-9788418723650.jpg\",\"width\":265,\"height\":400},{\"@type\":\"BreadcrumbList\",\"@id\":\"https:\\\/\\\/zapateneo.net\\\/wordpress\\\/index.php\\\/producto\\\/de-tartesos-a-hispania-geografia-y-etnografia-en-la-literatura-greco-latina\\\/#breadcrumb\",\"itemListElement\":[{\"@type\":\"ListItem\",\"position\":1,\"name\":\"Portada\",\"item\":\"https:\\\/\\\/zapateneo.net\\\/wordpress\\\/\"},{\"@type\":\"ListItem\",\"position\":2,\"name\":\"Tienda\",\"item\":\"https:\\\/\\\/zapateneo.net\\\/wordpress\\\/\"},{\"@type\":\"ListItem\",\"position\":3,\"name\":\"DE TARTESOS A HISPANIA Geograf\u00eda y etnograf\u00eda en la literatura greco-latina\"}]},{\"@type\":\"WebSite\",\"@id\":\"https:\\\/\\\/zapateneo.net\\\/wordpress\\\/#website\",\"url\":\"https:\\\/\\\/zapateneo.net\\\/wordpress\\\/\",\"name\":\"Zapateneo\",\"description\":\"Zapateneoaren webgunea\",\"publisher\":{\"@id\":\"https:\\\/\\\/zapateneo.net\\\/wordpress\\\/#organization\"},\"potentialAction\":[{\"@type\":\"SearchAction\",\"target\":{\"@type\":\"EntryPoint\",\"urlTemplate\":\"https:\\\/\\\/zapateneo.net\\\/wordpress\\\/?s={search_term_string}\"},\"query-input\":{\"@type\":\"PropertyValueSpecification\",\"valueRequired\":true,\"valueName\":\"search_term_string\"}}],\"inLanguage\":\"es\"},{\"@type\":\"Organization\",\"@id\":\"https:\\\/\\\/zapateneo.net\\\/wordpress\\\/#organization\",\"name\":\"Zapateneo Kultur Elkartea\",\"url\":\"https:\\\/\\\/zapateneo.net\\\/wordpress\\\/\",\"logo\":{\"@type\":\"ImageObject\",\"inLanguage\":\"es\",\"@id\":\"https:\\\/\\\/zapateneo.net\\\/wordpress\\\/#\\\/schema\\\/logo\\\/image\\\/\",\"url\":\"https:\\\/\\\/zapateneo.net\\\/wordpress\\\/wp-content\\\/uploads\\\/2021\\\/04\\\/zap-libu-kolec.jpg\",\"contentUrl\":\"https:\\\/\\\/zapateneo.net\\\/wordpress\\\/wp-content\\\/uploads\\\/2021\\\/04\\\/zap-libu-kolec.jpg\",\"width\":2234,\"height\":398,\"caption\":\"Zapateneo Kultur Elkartea\"},\"image\":{\"@id\":\"https:\\\/\\\/zapateneo.net\\\/wordpress\\\/#\\\/schema\\\/logo\\\/image\\\/\"},\"sameAs\":[\"https:\\\/\\\/x.com\\\/zapateneo\"]}]}<\/script>\n<!-- \/ Yoast SEO plugin. -->","yoast_head_json":{"title":"DE TARTESOS A HISPANIA Geograf\u00eda y etnograf\u00eda en la literatura greco-latina &#8212; Zapateneo","robots":{"index":"index","follow":"follow","max-snippet":"max-snippet:-1","max-image-preview":"max-image-preview:large","max-video-preview":"max-video-preview:-1"},"canonical":"https:\/\/zapateneo.net\/wordpress\/index.php\/producto\/de-tartesos-a-hispania-geografia-y-etnografia-en-la-literatura-greco-latina\/","og_locale":"es_ES","og_type":"article","og_title":"DE TARTESOS A HISPANIA Geograf\u00eda y etnograf\u00eda en la literatura greco-latina &#8212; Zapateneo","og_description":"Encarnaci\u00f3n Castro-P\u00e1ez 9788418723650 - Bellaterra - 2023 - 324 p\u00e1ginas \/orri.","og_url":"https:\/\/zapateneo.net\/wordpress\/index.php\/producto\/de-tartesos-a-hispania-geografia-y-etnografia-en-la-literatura-greco-latina\/","og_site_name":"Zapateneo","article_modified_time":"2023-09-13T18:10:33+00:00","twitter_card":"summary_large_image","twitter_site":"@zapateneo","twitter_misc":{"Tiempo de lectura":"2 minutos"},"schema":{"@context":"https:\/\/schema.org","@graph":[{"@type":"WebPage","@id":"https:\/\/zapateneo.net\/wordpress\/index.php\/producto\/de-tartesos-a-hispania-geografia-y-etnografia-en-la-literatura-greco-latina\/","url":"https:\/\/zapateneo.net\/wordpress\/index.php\/producto\/de-tartesos-a-hispania-geografia-y-etnografia-en-la-literatura-greco-latina\/","name":"DE TARTESOS A HISPANIA Geograf\u00eda y etnograf\u00eda en la literatura greco-latina &#8212; Zapateneo","isPartOf":{"@id":"https:\/\/zapateneo.net\/wordpress\/#website"},"primaryImageOfPage":{"@id":"https:\/\/zapateneo.net\/wordpress\/index.php\/producto\/de-tartesos-a-hispania-geografia-y-etnografia-en-la-literatura-greco-latina\/#primaryimage"},"image":{"@id":"https:\/\/zapateneo.net\/wordpress\/index.php\/producto\/de-tartesos-a-hispania-geografia-y-etnografia-en-la-literatura-greco-latina\/#primaryimage"},"thumbnailUrl":"https:\/\/zapateneo.net\/wordpress\/wp-content\/uploads\/2023\/09\/de-tartesos-a-hispania-9788418723650.jpg","datePublished":"2023-09-13T18:10:22+00:00","dateModified":"2023-09-13T18:10:33+00:00","breadcrumb":{"@id":"https:\/\/zapateneo.net\/wordpress\/index.php\/producto\/de-tartesos-a-hispania-geografia-y-etnografia-en-la-literatura-greco-latina\/#breadcrumb"},"inLanguage":"es","potentialAction":[{"@type":"ReadAction","target":["https:\/\/zapateneo.net\/wordpress\/index.php\/producto\/de-tartesos-a-hispania-geografia-y-etnografia-en-la-literatura-greco-latina\/"]}]},{"@type":"ImageObject","inLanguage":"es","@id":"https:\/\/zapateneo.net\/wordpress\/index.php\/producto\/de-tartesos-a-hispania-geografia-y-etnografia-en-la-literatura-greco-latina\/#primaryimage","url":"https:\/\/zapateneo.net\/wordpress\/wp-content\/uploads\/2023\/09\/de-tartesos-a-hispania-9788418723650.jpg","contentUrl":"https:\/\/zapateneo.net\/wordpress\/wp-content\/uploads\/2023\/09\/de-tartesos-a-hispania-9788418723650.jpg","width":265,"height":400},{"@type":"BreadcrumbList","@id":"https:\/\/zapateneo.net\/wordpress\/index.php\/producto\/de-tartesos-a-hispania-geografia-y-etnografia-en-la-literatura-greco-latina\/#breadcrumb","itemListElement":[{"@type":"ListItem","position":1,"name":"Portada","item":"https:\/\/zapateneo.net\/wordpress\/"},{"@type":"ListItem","position":2,"name":"Tienda","item":"https:\/\/zapateneo.net\/wordpress\/"},{"@type":"ListItem","position":3,"name":"DE TARTESOS A HISPANIA Geograf\u00eda y etnograf\u00eda en la literatura greco-latina"}]},{"@type":"WebSite","@id":"https:\/\/zapateneo.net\/wordpress\/#website","url":"https:\/\/zapateneo.net\/wordpress\/","name":"Zapateneo","description":"Zapateneoaren webgunea","publisher":{"@id":"https:\/\/zapateneo.net\/wordpress\/#organization"},"potentialAction":[{"@type":"SearchAction","target":{"@type":"EntryPoint","urlTemplate":"https:\/\/zapateneo.net\/wordpress\/?s={search_term_string}"},"query-input":{"@type":"PropertyValueSpecification","valueRequired":true,"valueName":"search_term_string"}}],"inLanguage":"es"},{"@type":"Organization","@id":"https:\/\/zapateneo.net\/wordpress\/#organization","name":"Zapateneo Kultur Elkartea","url":"https:\/\/zapateneo.net\/wordpress\/","logo":{"@type":"ImageObject","inLanguage":"es","@id":"https:\/\/zapateneo.net\/wordpress\/#\/schema\/logo\/image\/","url":"https:\/\/zapateneo.net\/wordpress\/wp-content\/uploads\/2021\/04\/zap-libu-kolec.jpg","contentUrl":"https:\/\/zapateneo.net\/wordpress\/wp-content\/uploads\/2021\/04\/zap-libu-kolec.jpg","width":2234,"height":398,"caption":"Zapateneo Kultur Elkartea"},"image":{"@id":"https:\/\/zapateneo.net\/wordpress\/#\/schema\/logo\/image\/"},"sameAs":["https:\/\/x.com\/zapateneo"]}]}},"_links":{"self":[{"href":"https:\/\/zapateneo.net\/wordpress\/index.php\/wp-json\/wp\/v2\/product\/14679","targetHints":{"allow":["GET"]}}],"collection":[{"href":"https:\/\/zapateneo.net\/wordpress\/index.php\/wp-json\/wp\/v2\/product"}],"about":[{"href":"https:\/\/zapateneo.net\/wordpress\/index.php\/wp-json\/wp\/v2\/types\/product"}],"wp:featuredmedia":[{"embeddable":true,"href":"https:\/\/zapateneo.net\/wordpress\/index.php\/wp-json\/wp\/v2\/media\/14694"}],"wp:attachment":[{"href":"https:\/\/zapateneo.net\/wordpress\/index.php\/wp-json\/wp\/v2\/media?parent=14679"}],"wp:term":[{"taxonomy":"product_brand","embeddable":true,"href":"https:\/\/zapateneo.net\/wordpress\/index.php\/wp-json\/wp\/v2\/product_brand?post=14679"},{"taxonomy":"product_cat","embeddable":true,"href":"https:\/\/zapateneo.net\/wordpress\/index.php\/wp-json\/wp\/v2\/product_cat?post=14679"},{"taxonomy":"product_tag","embeddable":true,"href":"https:\/\/zapateneo.net\/wordpress\/index.php\/wp-json\/wp\/v2\/product_tag?post=14679"}],"curies":[{"name":"wp","href":"https:\/\/api.w.org\/{rel}","templated":true}]}}