{"id":14677,"date":"2023-09-13T19:10:21","date_gmt":"2023-09-13T18:10:21","guid":{"rendered":"https:\/\/zapateneo.net\/wordpress\/?post_type=product&#038;p=14677"},"modified":"2023-09-13T19:10:31","modified_gmt":"2023-09-13T18:10:31","slug":"sangre-y-resistencia","status":"publish","type":"product","link":"https:\/\/zapateneo.net\/wordpress\/index.php\/producto\/sangre-y-resistencia\/","title":{"rendered":"SANGRE Y RESISTENCIA"},"content":{"rendered":"<p>\u00abEstamos ante un libro que no te deja indemne, que incomoda. La regla no mancha, pero este libro s\u00ed; profana representaciones y valores culturales, intelectuales, est\u00e9ticos o morales que no hacen m\u00e1s que contribuir a mantener desigualdades sociales y de g\u00e9nero.\u00bb \u2014Mari Luz Esteban<\/p>\n<p>Sangre y resistencia nos sumerge en distintas transformaciones sociales y culturales que estamos viviendo a partir de una etnograf\u00eda corporal sobre pol\u00edticas y culturas menstruales alternativas. Identifica los principales significados biom\u00e9dicos y culturales que conforman la normatividad menstrual. Analiza las configuraciones de g\u00e9nero y las pr\u00e1cticas pol\u00edticas, sensoriales y est\u00e9ticas surgidas en las \u00faltimas d\u00e9cadas fruto de las luchas feministas.<\/p>\n<p>Este libro plantea un recorrido etnogr\u00e1fico a trav\u00e9s de los itinerarios corporales de las protagonistas de la investigaci\u00f3n que, desde sus diversos contextos y mediante estrategias feministas, nos muestran las pol\u00edticas que buscan imaginarios corporales alternativos, epistemolog\u00edas y pr\u00e1cticas de salud, y tecnolog\u00edas feministas relacionadas con la menstruaci\u00f3n. Nos muestra la influencia de la sociedad de consumo en la conformaci\u00f3n de las subjetividades, pero tambi\u00e9n estrategias feministas subversivas como la performatividad del asco, la importancia del placer y los procesos colectivos de la producci\u00f3n de saberes para la transformaci\u00f3n social.<\/p>\n<p>Miren Guill\u00f3 presenta esta obra sobre pol\u00edticas y culturas menstruales alternativas desde la etnograf\u00eda corporal y apoyada en las aportaciones de la antropolog\u00eda del cuerpo y los afectos, la antropolog\u00eda de la medicina, la teor\u00eda feminista y los estudios cr\u00edticos de la menstruaci\u00f3n. Todo ello desde un punto de vista cr\u00edtico que nos permite profundizar en los cambios en torno al g\u00e9nero, la salud, el consumo y la pol\u00edtica.<\/p>\n<p>Miren Guill\u00f3 Arakistain es antrop\u00f3loga, profesora en el Dpto. de Filosof\u00eda de los Valores y Antropolog\u00eda Social de la Universidad del Pa\u00eds Vasco UPV\/EHU, y miembro de AFIT-Grupo de Investigaci\u00f3n en Antropolog\u00eda Feminista. Es doctora en Estudios Feministas y de G\u00e9nero. Investiga sobre salud, cuerpo y afectos, epistemolog\u00edas feministas y movimientos sociales. Sus procesos acad\u00e9micos y sociales est\u00e1n atravesados por su formaci\u00f3n en pedagog\u00eda y su inter\u00e9s por la memoria social y las diversidades sexogen\u00e9ricas. Entre otras, es editora y coautora del libro Festak, genero-harremanak eta feminismoa. Begirada teoriko eta antropologikoak, praktika sortzaileak eta plazeraren kudeaketa kolektiboak [Fiestas, relaciones de g\u00e9nero y feminismo. Miradas te\u00f3ricas y antropol\u00f3gicas, pr\u00e1cticas creativas y gestiones colectivas del placer] (UEU, 2016), y del libro Los movimientos sociales en Euskal Herria durante la pandemia: consecuencias de la situaci\u00f3n, transformaciones y nuevos escenarios (UPV\/EHU, 2022), as\u00ed como de los art\u00edculos \u00abChallenging Menstrual Normativity: Nonessentialist Body Politics and Feminist Epistemologies of Health\u00bb (Palgrave Macmillan, 2020) o \u00abEthnography of the kitchen and feminism: the Women\u2019s House as a space for alliance, intercultural encounter and the breaking of dichotomies\u00bb (Ethnography, 2022).<\/p>\n<p>Pr\u00f3logo de Mari Luz Esteban<\/p>\n","protected":false},"excerpt":{"rendered":"<p><strong>Miren Guill\u00f3 Arakistain<\/strong><br \/>\n9788419160348 &#8211; Bellaterra &#8211; 2023 &#8211; 308 p\u00e1ginas \/orri.<\/p>\n","protected":false},"featured_media":14692,"template":"","meta":[],"product_brand":[],"product_cat":[174,16],"product_tag":[92,6693],"class_list":{"0":"post-14677","1":"product","2":"type-product","3":"status-publish","4":"has-post-thumbnail","6":"product_cat-generoak-generos","7":"product_cat-libros","8":"product_tag-bellaterra","9":"product_tag-miren-guillo-arakistain","11":"first","12":"instock","13":"sold-individually","14":"shipping-taxable","15":"purchasable","16":"product-type-simple"},"yoast_head":"<!-- This site is optimized with the Yoast SEO plugin v27.3 - https:\/\/yoast.com\/product\/yoast-seo-wordpress\/ -->\n<title>SANGRE Y RESISTENCIA &#8212; Zapateneo<\/title>\n<meta name=\"robots\" content=\"index, follow, max-snippet:-1, max-image-preview:large, max-video-preview:-1\" \/>\n<link rel=\"canonical\" href=\"https:\/\/zapateneo.net\/wordpress\/index.php\/producto\/sangre-y-resistencia\/\" \/>\n<meta property=\"og:locale\" content=\"es_ES\" \/>\n<meta property=\"og:type\" content=\"article\" \/>\n<meta property=\"og:title\" content=\"SANGRE Y RESISTENCIA &#8212; Zapateneo\" \/>\n<meta property=\"og:description\" content=\"Miren Guill\u00f3 Arakistain 9788419160348 - Bellaterra - 2023 - 308 p\u00e1ginas \/orri.\" \/>\n<meta property=\"og:url\" content=\"https:\/\/zapateneo.net\/wordpress\/index.php\/producto\/sangre-y-resistencia\/\" \/>\n<meta property=\"og:site_name\" content=\"Zapateneo\" \/>\n<meta property=\"article:modified_time\" content=\"2023-09-13T18:10:31+00:00\" \/>\n<meta name=\"twitter:card\" content=\"summary_large_image\" \/>\n<meta name=\"twitter:site\" content=\"@zapateneo\" \/>\n<meta name=\"twitter:label1\" content=\"Tiempo de lectura\" \/>\n\t<meta name=\"twitter:data1\" content=\"3 minutos\" \/>\n<script type=\"application\/ld+json\" class=\"yoast-schema-graph\">{\"@context\":\"https:\\\/\\\/schema.org\",\"@graph\":[{\"@type\":\"WebPage\",\"@id\":\"https:\\\/\\\/zapateneo.net\\\/wordpress\\\/index.php\\\/producto\\\/sangre-y-resistencia\\\/\",\"url\":\"https:\\\/\\\/zapateneo.net\\\/wordpress\\\/index.php\\\/producto\\\/sangre-y-resistencia\\\/\",\"name\":\"SANGRE Y RESISTENCIA &#8212; Zapateneo\",\"isPartOf\":{\"@id\":\"https:\\\/\\\/zapateneo.net\\\/wordpress\\\/#website\"},\"primaryImageOfPage\":{\"@id\":\"https:\\\/\\\/zapateneo.net\\\/wordpress\\\/index.php\\\/producto\\\/sangre-y-resistencia\\\/#primaryimage\"},\"image\":{\"@id\":\"https:\\\/\\\/zapateneo.net\\\/wordpress\\\/index.php\\\/producto\\\/sangre-y-resistencia\\\/#primaryimage\"},\"thumbnailUrl\":\"https:\\\/\\\/zapateneo.net\\\/wordpress\\\/wp-content\\\/uploads\\\/2023\\\/09\\\/sangre-y-resistencia-9788419160348.jpg\",\"datePublished\":\"2023-09-13T18:10:21+00:00\",\"dateModified\":\"2023-09-13T18:10:31+00:00\",\"breadcrumb\":{\"@id\":\"https:\\\/\\\/zapateneo.net\\\/wordpress\\\/index.php\\\/producto\\\/sangre-y-resistencia\\\/#breadcrumb\"},\"inLanguage\":\"es\",\"potentialAction\":[{\"@type\":\"ReadAction\",\"target\":[\"https:\\\/\\\/zapateneo.net\\\/wordpress\\\/index.php\\\/producto\\\/sangre-y-resistencia\\\/\"]}]},{\"@type\":\"ImageObject\",\"inLanguage\":\"es\",\"@id\":\"https:\\\/\\\/zapateneo.net\\\/wordpress\\\/index.php\\\/producto\\\/sangre-y-resistencia\\\/#primaryimage\",\"url\":\"https:\\\/\\\/zapateneo.net\\\/wordpress\\\/wp-content\\\/uploads\\\/2023\\\/09\\\/sangre-y-resistencia-9788419160348.jpg\",\"contentUrl\":\"https:\\\/\\\/zapateneo.net\\\/wordpress\\\/wp-content\\\/uploads\\\/2023\\\/09\\\/sangre-y-resistencia-9788419160348.jpg\",\"width\":261,\"height\":400},{\"@type\":\"BreadcrumbList\",\"@id\":\"https:\\\/\\\/zapateneo.net\\\/wordpress\\\/index.php\\\/producto\\\/sangre-y-resistencia\\\/#breadcrumb\",\"itemListElement\":[{\"@type\":\"ListItem\",\"position\":1,\"name\":\"Portada\",\"item\":\"https:\\\/\\\/zapateneo.net\\\/wordpress\\\/\"},{\"@type\":\"ListItem\",\"position\":2,\"name\":\"Tienda\",\"item\":\"https:\\\/\\\/zapateneo.net\\\/wordpress\\\/\"},{\"@type\":\"ListItem\",\"position\":3,\"name\":\"SANGRE Y RESISTENCIA\"}]},{\"@type\":\"WebSite\",\"@id\":\"https:\\\/\\\/zapateneo.net\\\/wordpress\\\/#website\",\"url\":\"https:\\\/\\\/zapateneo.net\\\/wordpress\\\/\",\"name\":\"Zapateneo\",\"description\":\"Zapateneoaren webgunea\",\"publisher\":{\"@id\":\"https:\\\/\\\/zapateneo.net\\\/wordpress\\\/#organization\"},\"potentialAction\":[{\"@type\":\"SearchAction\",\"target\":{\"@type\":\"EntryPoint\",\"urlTemplate\":\"https:\\\/\\\/zapateneo.net\\\/wordpress\\\/?s={search_term_string}\"},\"query-input\":{\"@type\":\"PropertyValueSpecification\",\"valueRequired\":true,\"valueName\":\"search_term_string\"}}],\"inLanguage\":\"es\"},{\"@type\":\"Organization\",\"@id\":\"https:\\\/\\\/zapateneo.net\\\/wordpress\\\/#organization\",\"name\":\"Zapateneo Kultur Elkartea\",\"url\":\"https:\\\/\\\/zapateneo.net\\\/wordpress\\\/\",\"logo\":{\"@type\":\"ImageObject\",\"inLanguage\":\"es\",\"@id\":\"https:\\\/\\\/zapateneo.net\\\/wordpress\\\/#\\\/schema\\\/logo\\\/image\\\/\",\"url\":\"https:\\\/\\\/zapateneo.net\\\/wordpress\\\/wp-content\\\/uploads\\\/2021\\\/04\\\/zap-libu-kolec.jpg\",\"contentUrl\":\"https:\\\/\\\/zapateneo.net\\\/wordpress\\\/wp-content\\\/uploads\\\/2021\\\/04\\\/zap-libu-kolec.jpg\",\"width\":2234,\"height\":398,\"caption\":\"Zapateneo Kultur Elkartea\"},\"image\":{\"@id\":\"https:\\\/\\\/zapateneo.net\\\/wordpress\\\/#\\\/schema\\\/logo\\\/image\\\/\"},\"sameAs\":[\"https:\\\/\\\/x.com\\\/zapateneo\"]}]}<\/script>\n<!-- \/ Yoast SEO plugin. -->","yoast_head_json":{"title":"SANGRE Y RESISTENCIA &#8212; Zapateneo","robots":{"index":"index","follow":"follow","max-snippet":"max-snippet:-1","max-image-preview":"max-image-preview:large","max-video-preview":"max-video-preview:-1"},"canonical":"https:\/\/zapateneo.net\/wordpress\/index.php\/producto\/sangre-y-resistencia\/","og_locale":"es_ES","og_type":"article","og_title":"SANGRE Y RESISTENCIA &#8212; Zapateneo","og_description":"Miren Guill\u00f3 Arakistain 9788419160348 - Bellaterra - 2023 - 308 p\u00e1ginas \/orri.","og_url":"https:\/\/zapateneo.net\/wordpress\/index.php\/producto\/sangre-y-resistencia\/","og_site_name":"Zapateneo","article_modified_time":"2023-09-13T18:10:31+00:00","twitter_card":"summary_large_image","twitter_site":"@zapateneo","twitter_misc":{"Tiempo de lectura":"3 minutos"},"schema":{"@context":"https:\/\/schema.org","@graph":[{"@type":"WebPage","@id":"https:\/\/zapateneo.net\/wordpress\/index.php\/producto\/sangre-y-resistencia\/","url":"https:\/\/zapateneo.net\/wordpress\/index.php\/producto\/sangre-y-resistencia\/","name":"SANGRE Y RESISTENCIA &#8212; Zapateneo","isPartOf":{"@id":"https:\/\/zapateneo.net\/wordpress\/#website"},"primaryImageOfPage":{"@id":"https:\/\/zapateneo.net\/wordpress\/index.php\/producto\/sangre-y-resistencia\/#primaryimage"},"image":{"@id":"https:\/\/zapateneo.net\/wordpress\/index.php\/producto\/sangre-y-resistencia\/#primaryimage"},"thumbnailUrl":"https:\/\/zapateneo.net\/wordpress\/wp-content\/uploads\/2023\/09\/sangre-y-resistencia-9788419160348.jpg","datePublished":"2023-09-13T18:10:21+00:00","dateModified":"2023-09-13T18:10:31+00:00","breadcrumb":{"@id":"https:\/\/zapateneo.net\/wordpress\/index.php\/producto\/sangre-y-resistencia\/#breadcrumb"},"inLanguage":"es","potentialAction":[{"@type":"ReadAction","target":["https:\/\/zapateneo.net\/wordpress\/index.php\/producto\/sangre-y-resistencia\/"]}]},{"@type":"ImageObject","inLanguage":"es","@id":"https:\/\/zapateneo.net\/wordpress\/index.php\/producto\/sangre-y-resistencia\/#primaryimage","url":"https:\/\/zapateneo.net\/wordpress\/wp-content\/uploads\/2023\/09\/sangre-y-resistencia-9788419160348.jpg","contentUrl":"https:\/\/zapateneo.net\/wordpress\/wp-content\/uploads\/2023\/09\/sangre-y-resistencia-9788419160348.jpg","width":261,"height":400},{"@type":"BreadcrumbList","@id":"https:\/\/zapateneo.net\/wordpress\/index.php\/producto\/sangre-y-resistencia\/#breadcrumb","itemListElement":[{"@type":"ListItem","position":1,"name":"Portada","item":"https:\/\/zapateneo.net\/wordpress\/"},{"@type":"ListItem","position":2,"name":"Tienda","item":"https:\/\/zapateneo.net\/wordpress\/"},{"@type":"ListItem","position":3,"name":"SANGRE Y RESISTENCIA"}]},{"@type":"WebSite","@id":"https:\/\/zapateneo.net\/wordpress\/#website","url":"https:\/\/zapateneo.net\/wordpress\/","name":"Zapateneo","description":"Zapateneoaren webgunea","publisher":{"@id":"https:\/\/zapateneo.net\/wordpress\/#organization"},"potentialAction":[{"@type":"SearchAction","target":{"@type":"EntryPoint","urlTemplate":"https:\/\/zapateneo.net\/wordpress\/?s={search_term_string}"},"query-input":{"@type":"PropertyValueSpecification","valueRequired":true,"valueName":"search_term_string"}}],"inLanguage":"es"},{"@type":"Organization","@id":"https:\/\/zapateneo.net\/wordpress\/#organization","name":"Zapateneo Kultur Elkartea","url":"https:\/\/zapateneo.net\/wordpress\/","logo":{"@type":"ImageObject","inLanguage":"es","@id":"https:\/\/zapateneo.net\/wordpress\/#\/schema\/logo\/image\/","url":"https:\/\/zapateneo.net\/wordpress\/wp-content\/uploads\/2021\/04\/zap-libu-kolec.jpg","contentUrl":"https:\/\/zapateneo.net\/wordpress\/wp-content\/uploads\/2021\/04\/zap-libu-kolec.jpg","width":2234,"height":398,"caption":"Zapateneo Kultur Elkartea"},"image":{"@id":"https:\/\/zapateneo.net\/wordpress\/#\/schema\/logo\/image\/"},"sameAs":["https:\/\/x.com\/zapateneo"]}]}},"_links":{"self":[{"href":"https:\/\/zapateneo.net\/wordpress\/index.php\/wp-json\/wp\/v2\/product\/14677","targetHints":{"allow":["GET"]}}],"collection":[{"href":"https:\/\/zapateneo.net\/wordpress\/index.php\/wp-json\/wp\/v2\/product"}],"about":[{"href":"https:\/\/zapateneo.net\/wordpress\/index.php\/wp-json\/wp\/v2\/types\/product"}],"wp:featuredmedia":[{"embeddable":true,"href":"https:\/\/zapateneo.net\/wordpress\/index.php\/wp-json\/wp\/v2\/media\/14692"}],"wp:attachment":[{"href":"https:\/\/zapateneo.net\/wordpress\/index.php\/wp-json\/wp\/v2\/media?parent=14677"}],"wp:term":[{"taxonomy":"product_brand","embeddable":true,"href":"https:\/\/zapateneo.net\/wordpress\/index.php\/wp-json\/wp\/v2\/product_brand?post=14677"},{"taxonomy":"product_cat","embeddable":true,"href":"https:\/\/zapateneo.net\/wordpress\/index.php\/wp-json\/wp\/v2\/product_cat?post=14677"},{"taxonomy":"product_tag","embeddable":true,"href":"https:\/\/zapateneo.net\/wordpress\/index.php\/wp-json\/wp\/v2\/product_tag?post=14677"}],"curies":[{"name":"wp","href":"https:\/\/api.w.org\/{rel}","templated":true}]}}