{"id":14646,"date":"2023-07-12T06:20:13","date_gmt":"2023-07-12T05:20:13","guid":{"rendered":"https:\/\/zapateneo.net\/wordpress\/?post_type=product&#038;p=14646"},"modified":"2023-07-12T06:20:18","modified_gmt":"2023-07-12T05:20:18","slug":"cien-hogueras-flamencos-hippies-y-poetas-en-la-andalucia-contracultural","status":"publish","type":"product","link":"https:\/\/zapateneo.net\/wordpress\/index.php\/producto\/cien-hogueras-flamencos-hippies-y-poetas-en-la-andalucia-contracultural\/","title":{"rendered":"CIEN HOGUERAS FLAMENCOS, HIPPIES Y POETAS EN LA ANDALUC\u00cdA CONTRACULTURAL"},"content":{"rendered":"<p>Orilladas en los m\u00e1rgenes de la historia cultural m\u00e1s reciente en el Estado espa\u00f1ol, la viveza de las pr\u00e1cticas contraculturales en el territorio andaluz deslumbra a poco que rasquemos las cenizas, todav\u00eda candentes, de las cien hogueras que alimentaron el esp\u00edritu contestatario de buena parte de los artistas andaluces durante los \u00faltimos a\u00f1os del franquismo.<\/p>\n<p>Poetas, m\u00fasicos o cantaores, entre otros, repudiaron en Andaluc\u00eda los condicionamientos de la cultura oficial dictada por el franquismo, impulsando iniciativas art\u00edsticas de todo tipo, apenas investigadas hoy, que dan cuenta de un panorama cultural inexplorado; un tejido creativo transformador y de ruptura que, a pesar de sus expresiones m\u00e1s vanguardistas, hundi\u00f3 sus ra\u00edces en la tradici\u00f3n y el sentir popular.<\/p>\n","protected":false},"excerpt":{"rendered":"<p><strong>ANTONIO ORIHUELA PARRALES<\/strong><br \/>\n9788412384093 &#8211; PIEDRA PAPEL LIBROS &#8211; 2022 &#8211; 184 p\u00e1ginas \/orri.<\/p>\n","protected":false},"featured_media":14650,"template":"","meta":[],"product_brand":[],"product_cat":[183,16],"product_tag":[6687,6042],"class_list":{"0":"post-14646","1":"product","2":"type-product","3":"status-publish","4":"has-post-thumbnail","6":"product_cat-kultur-adierazpenak-expresiones-culturales","7":"product_cat-libros","8":"product_tag-antonio-orihuela-parrales","9":"product_tag-piedra-papel-libros","11":"first","12":"instock","13":"sold-individually","14":"shipping-taxable","15":"purchasable","16":"product-type-simple"},"yoast_head":"<!-- This site is optimized with the Yoast SEO plugin v27.3 - https:\/\/yoast.com\/product\/yoast-seo-wordpress\/ -->\n<title>CIEN HOGUERAS FLAMENCOS, HIPPIES Y POETAS EN LA ANDALUC\u00cdA CONTRACULTURAL &#8212; Zapateneo<\/title>\n<meta name=\"robots\" content=\"index, follow, max-snippet:-1, max-image-preview:large, max-video-preview:-1\" \/>\n<link rel=\"canonical\" href=\"https:\/\/zapateneo.net\/wordpress\/index.php\/producto\/cien-hogueras-flamencos-hippies-y-poetas-en-la-andalucia-contracultural\/\" \/>\n<meta property=\"og:locale\" content=\"es_ES\" \/>\n<meta property=\"og:type\" content=\"article\" \/>\n<meta property=\"og:title\" content=\"CIEN HOGUERAS FLAMENCOS, HIPPIES Y POETAS EN LA ANDALUC\u00cdA CONTRACULTURAL &#8212; Zapateneo\" \/>\n<meta property=\"og:description\" content=\"ANTONIO ORIHUELA PARRALES 9788412384093 - PIEDRA PAPEL LIBROS - 2022 - 184 p\u00e1ginas \/orri.\" \/>\n<meta property=\"og:url\" content=\"https:\/\/zapateneo.net\/wordpress\/index.php\/producto\/cien-hogueras-flamencos-hippies-y-poetas-en-la-andalucia-contracultural\/\" \/>\n<meta property=\"og:site_name\" content=\"Zapateneo\" \/>\n<meta property=\"article:modified_time\" content=\"2023-07-12T05:20:18+00:00\" \/>\n<meta name=\"twitter:card\" content=\"summary_large_image\" \/>\n<meta name=\"twitter:site\" content=\"@zapateneo\" \/>\n<meta name=\"twitter:label1\" content=\"Tiempo de lectura\" \/>\n\t<meta name=\"twitter:data1\" content=\"1 minuto\" \/>\n<script type=\"application\/ld+json\" class=\"yoast-schema-graph\">{\"@context\":\"https:\\\/\\\/schema.org\",\"@graph\":[{\"@type\":\"WebPage\",\"@id\":\"https:\\\/\\\/zapateneo.net\\\/wordpress\\\/index.php\\\/producto\\\/cien-hogueras-flamencos-hippies-y-poetas-en-la-andalucia-contracultural\\\/\",\"url\":\"https:\\\/\\\/zapateneo.net\\\/wordpress\\\/index.php\\\/producto\\\/cien-hogueras-flamencos-hippies-y-poetas-en-la-andalucia-contracultural\\\/\",\"name\":\"CIEN HOGUERAS FLAMENCOS, HIPPIES Y POETAS EN LA ANDALUC\u00cdA CONTRACULTURAL &#8212; Zapateneo\",\"isPartOf\":{\"@id\":\"https:\\\/\\\/zapateneo.net\\\/wordpress\\\/#website\"},\"primaryImageOfPage\":{\"@id\":\"https:\\\/\\\/zapateneo.net\\\/wordpress\\\/index.php\\\/producto\\\/cien-hogueras-flamencos-hippies-y-poetas-en-la-andalucia-contracultural\\\/#primaryimage\"},\"image\":{\"@id\":\"https:\\\/\\\/zapateneo.net\\\/wordpress\\\/index.php\\\/producto\\\/cien-hogueras-flamencos-hippies-y-poetas-en-la-andalucia-contracultural\\\/#primaryimage\"},\"thumbnailUrl\":\"https:\\\/\\\/zapateneo.net\\\/wordpress\\\/wp-content\\\/uploads\\\/2023\\\/07\\\/orih.gif\",\"datePublished\":\"2023-07-12T05:20:13+00:00\",\"dateModified\":\"2023-07-12T05:20:18+00:00\",\"breadcrumb\":{\"@id\":\"https:\\\/\\\/zapateneo.net\\\/wordpress\\\/index.php\\\/producto\\\/cien-hogueras-flamencos-hippies-y-poetas-en-la-andalucia-contracultural\\\/#breadcrumb\"},\"inLanguage\":\"es\",\"potentialAction\":[{\"@type\":\"ReadAction\",\"target\":[\"https:\\\/\\\/zapateneo.net\\\/wordpress\\\/index.php\\\/producto\\\/cien-hogueras-flamencos-hippies-y-poetas-en-la-andalucia-contracultural\\\/\"]}]},{\"@type\":\"ImageObject\",\"inLanguage\":\"es\",\"@id\":\"https:\\\/\\\/zapateneo.net\\\/wordpress\\\/index.php\\\/producto\\\/cien-hogueras-flamencos-hippies-y-poetas-en-la-andalucia-contracultural\\\/#primaryimage\",\"url\":\"https:\\\/\\\/zapateneo.net\\\/wordpress\\\/wp-content\\\/uploads\\\/2023\\\/07\\\/orih.gif\",\"contentUrl\":\"https:\\\/\\\/zapateneo.net\\\/wordpress\\\/wp-content\\\/uploads\\\/2023\\\/07\\\/orih.gif\",\"width\":240,\"height\":373},{\"@type\":\"BreadcrumbList\",\"@id\":\"https:\\\/\\\/zapateneo.net\\\/wordpress\\\/index.php\\\/producto\\\/cien-hogueras-flamencos-hippies-y-poetas-en-la-andalucia-contracultural\\\/#breadcrumb\",\"itemListElement\":[{\"@type\":\"ListItem\",\"position\":1,\"name\":\"Portada\",\"item\":\"https:\\\/\\\/zapateneo.net\\\/wordpress\\\/\"},{\"@type\":\"ListItem\",\"position\":2,\"name\":\"Tienda\",\"item\":\"https:\\\/\\\/zapateneo.net\\\/wordpress\\\/\"},{\"@type\":\"ListItem\",\"position\":3,\"name\":\"CIEN HOGUERAS FLAMENCOS, HIPPIES Y POETAS EN LA ANDALUC\u00cdA CONTRACULTURAL\"}]},{\"@type\":\"WebSite\",\"@id\":\"https:\\\/\\\/zapateneo.net\\\/wordpress\\\/#website\",\"url\":\"https:\\\/\\\/zapateneo.net\\\/wordpress\\\/\",\"name\":\"Zapateneo\",\"description\":\"Zapateneoaren webgunea\",\"publisher\":{\"@id\":\"https:\\\/\\\/zapateneo.net\\\/wordpress\\\/#organization\"},\"potentialAction\":[{\"@type\":\"SearchAction\",\"target\":{\"@type\":\"EntryPoint\",\"urlTemplate\":\"https:\\\/\\\/zapateneo.net\\\/wordpress\\\/?s={search_term_string}\"},\"query-input\":{\"@type\":\"PropertyValueSpecification\",\"valueRequired\":true,\"valueName\":\"search_term_string\"}}],\"inLanguage\":\"es\"},{\"@type\":\"Organization\",\"@id\":\"https:\\\/\\\/zapateneo.net\\\/wordpress\\\/#organization\",\"name\":\"Zapateneo Kultur Elkartea\",\"url\":\"https:\\\/\\\/zapateneo.net\\\/wordpress\\\/\",\"logo\":{\"@type\":\"ImageObject\",\"inLanguage\":\"es\",\"@id\":\"https:\\\/\\\/zapateneo.net\\\/wordpress\\\/#\\\/schema\\\/logo\\\/image\\\/\",\"url\":\"https:\\\/\\\/zapateneo.net\\\/wordpress\\\/wp-content\\\/uploads\\\/2021\\\/04\\\/zap-libu-kolec.jpg\",\"contentUrl\":\"https:\\\/\\\/zapateneo.net\\\/wordpress\\\/wp-content\\\/uploads\\\/2021\\\/04\\\/zap-libu-kolec.jpg\",\"width\":2234,\"height\":398,\"caption\":\"Zapateneo Kultur Elkartea\"},\"image\":{\"@id\":\"https:\\\/\\\/zapateneo.net\\\/wordpress\\\/#\\\/schema\\\/logo\\\/image\\\/\"},\"sameAs\":[\"https:\\\/\\\/x.com\\\/zapateneo\"]}]}<\/script>\n<!-- \/ Yoast SEO plugin. -->","yoast_head_json":{"title":"CIEN HOGUERAS FLAMENCOS, HIPPIES Y POETAS EN LA ANDALUC\u00cdA CONTRACULTURAL &#8212; Zapateneo","robots":{"index":"index","follow":"follow","max-snippet":"max-snippet:-1","max-image-preview":"max-image-preview:large","max-video-preview":"max-video-preview:-1"},"canonical":"https:\/\/zapateneo.net\/wordpress\/index.php\/producto\/cien-hogueras-flamencos-hippies-y-poetas-en-la-andalucia-contracultural\/","og_locale":"es_ES","og_type":"article","og_title":"CIEN HOGUERAS FLAMENCOS, HIPPIES Y POETAS EN LA ANDALUC\u00cdA CONTRACULTURAL &#8212; Zapateneo","og_description":"ANTONIO ORIHUELA PARRALES 9788412384093 - PIEDRA PAPEL LIBROS - 2022 - 184 p\u00e1ginas \/orri.","og_url":"https:\/\/zapateneo.net\/wordpress\/index.php\/producto\/cien-hogueras-flamencos-hippies-y-poetas-en-la-andalucia-contracultural\/","og_site_name":"Zapateneo","article_modified_time":"2023-07-12T05:20:18+00:00","twitter_card":"summary_large_image","twitter_site":"@zapateneo","twitter_misc":{"Tiempo de lectura":"1 minuto"},"schema":{"@context":"https:\/\/schema.org","@graph":[{"@type":"WebPage","@id":"https:\/\/zapateneo.net\/wordpress\/index.php\/producto\/cien-hogueras-flamencos-hippies-y-poetas-en-la-andalucia-contracultural\/","url":"https:\/\/zapateneo.net\/wordpress\/index.php\/producto\/cien-hogueras-flamencos-hippies-y-poetas-en-la-andalucia-contracultural\/","name":"CIEN HOGUERAS FLAMENCOS, HIPPIES Y POETAS EN LA ANDALUC\u00cdA CONTRACULTURAL &#8212; Zapateneo","isPartOf":{"@id":"https:\/\/zapateneo.net\/wordpress\/#website"},"primaryImageOfPage":{"@id":"https:\/\/zapateneo.net\/wordpress\/index.php\/producto\/cien-hogueras-flamencos-hippies-y-poetas-en-la-andalucia-contracultural\/#primaryimage"},"image":{"@id":"https:\/\/zapateneo.net\/wordpress\/index.php\/producto\/cien-hogueras-flamencos-hippies-y-poetas-en-la-andalucia-contracultural\/#primaryimage"},"thumbnailUrl":"https:\/\/zapateneo.net\/wordpress\/wp-content\/uploads\/2023\/07\/orih.gif","datePublished":"2023-07-12T05:20:13+00:00","dateModified":"2023-07-12T05:20:18+00:00","breadcrumb":{"@id":"https:\/\/zapateneo.net\/wordpress\/index.php\/producto\/cien-hogueras-flamencos-hippies-y-poetas-en-la-andalucia-contracultural\/#breadcrumb"},"inLanguage":"es","potentialAction":[{"@type":"ReadAction","target":["https:\/\/zapateneo.net\/wordpress\/index.php\/producto\/cien-hogueras-flamencos-hippies-y-poetas-en-la-andalucia-contracultural\/"]}]},{"@type":"ImageObject","inLanguage":"es","@id":"https:\/\/zapateneo.net\/wordpress\/index.php\/producto\/cien-hogueras-flamencos-hippies-y-poetas-en-la-andalucia-contracultural\/#primaryimage","url":"https:\/\/zapateneo.net\/wordpress\/wp-content\/uploads\/2023\/07\/orih.gif","contentUrl":"https:\/\/zapateneo.net\/wordpress\/wp-content\/uploads\/2023\/07\/orih.gif","width":240,"height":373},{"@type":"BreadcrumbList","@id":"https:\/\/zapateneo.net\/wordpress\/index.php\/producto\/cien-hogueras-flamencos-hippies-y-poetas-en-la-andalucia-contracultural\/#breadcrumb","itemListElement":[{"@type":"ListItem","position":1,"name":"Portada","item":"https:\/\/zapateneo.net\/wordpress\/"},{"@type":"ListItem","position":2,"name":"Tienda","item":"https:\/\/zapateneo.net\/wordpress\/"},{"@type":"ListItem","position":3,"name":"CIEN HOGUERAS FLAMENCOS, HIPPIES Y POETAS EN LA ANDALUC\u00cdA CONTRACULTURAL"}]},{"@type":"WebSite","@id":"https:\/\/zapateneo.net\/wordpress\/#website","url":"https:\/\/zapateneo.net\/wordpress\/","name":"Zapateneo","description":"Zapateneoaren webgunea","publisher":{"@id":"https:\/\/zapateneo.net\/wordpress\/#organization"},"potentialAction":[{"@type":"SearchAction","target":{"@type":"EntryPoint","urlTemplate":"https:\/\/zapateneo.net\/wordpress\/?s={search_term_string}"},"query-input":{"@type":"PropertyValueSpecification","valueRequired":true,"valueName":"search_term_string"}}],"inLanguage":"es"},{"@type":"Organization","@id":"https:\/\/zapateneo.net\/wordpress\/#organization","name":"Zapateneo Kultur Elkartea","url":"https:\/\/zapateneo.net\/wordpress\/","logo":{"@type":"ImageObject","inLanguage":"es","@id":"https:\/\/zapateneo.net\/wordpress\/#\/schema\/logo\/image\/","url":"https:\/\/zapateneo.net\/wordpress\/wp-content\/uploads\/2021\/04\/zap-libu-kolec.jpg","contentUrl":"https:\/\/zapateneo.net\/wordpress\/wp-content\/uploads\/2021\/04\/zap-libu-kolec.jpg","width":2234,"height":398,"caption":"Zapateneo Kultur Elkartea"},"image":{"@id":"https:\/\/zapateneo.net\/wordpress\/#\/schema\/logo\/image\/"},"sameAs":["https:\/\/x.com\/zapateneo"]}]}},"_links":{"self":[{"href":"https:\/\/zapateneo.net\/wordpress\/index.php\/wp-json\/wp\/v2\/product\/14646","targetHints":{"allow":["GET"]}}],"collection":[{"href":"https:\/\/zapateneo.net\/wordpress\/index.php\/wp-json\/wp\/v2\/product"}],"about":[{"href":"https:\/\/zapateneo.net\/wordpress\/index.php\/wp-json\/wp\/v2\/types\/product"}],"wp:featuredmedia":[{"embeddable":true,"href":"https:\/\/zapateneo.net\/wordpress\/index.php\/wp-json\/wp\/v2\/media\/14650"}],"wp:attachment":[{"href":"https:\/\/zapateneo.net\/wordpress\/index.php\/wp-json\/wp\/v2\/media?parent=14646"}],"wp:term":[{"taxonomy":"product_brand","embeddable":true,"href":"https:\/\/zapateneo.net\/wordpress\/index.php\/wp-json\/wp\/v2\/product_brand?post=14646"},{"taxonomy":"product_cat","embeddable":true,"href":"https:\/\/zapateneo.net\/wordpress\/index.php\/wp-json\/wp\/v2\/product_cat?post=14646"},{"taxonomy":"product_tag","embeddable":true,"href":"https:\/\/zapateneo.net\/wordpress\/index.php\/wp-json\/wp\/v2\/product_tag?post=14646"}],"curies":[{"name":"wp","href":"https:\/\/api.w.org\/{rel}","templated":true}]}}