{"id":14605,"date":"2023-06-29T18:25:33","date_gmt":"2023-06-29T17:25:33","guid":{"rendered":"https:\/\/zapateneo.net\/wordpress\/?post_type=product&#038;p=14605"},"modified":"2023-06-29T18:28:14","modified_gmt":"2023-06-29T17:28:14","slug":"conceptos-fundamentales-para-las-luchas-feministas-adaptacion-grafica-de-caliban-y-la-bruja","status":"publish","type":"product","link":"https:\/\/zapateneo.net\/wordpress\/index.php\/producto\/conceptos-fundamentales-para-las-luchas-feministas-adaptacion-grafica-de-caliban-y-la-bruja\/","title":{"rendered":"CONCEPTOS FUNDAMENTALES PARA LAS LUCHAS FEMINISTAS ADAPTACI\u00d3N GR\u00c1FICA DE CALIBAN Y LA BRUJA"},"content":{"rendered":"<p>Las ilustraciones son una gran contribuci\u00f3n a este proyecto, sobre todo cuando est\u00e1n realizadas on la creatividad, la rabia y el humor que una encuentra en cada p\u00e1gina de este libro. De hecho \u00abConceptos fundamentales para las luchas feministas\u00bb es m\u00e1s que una versi\u00f3n ilustrada de \u00abCalib\u00e1n y la bruja\u00bb, es una obra maestra en s\u00ed misma, rica en un mundo de im\u00e1genes contundentes y bellamente dise\u00f1adas que, p\u00e1gina tras p\u00e1gina, nos confrontan, dirigen nuestra atenci\u00f3n y se anticipan a nuestras preguntas. En efecto, una cosa es nombrar y enumerar las cargas que los terratenientes impon\u00edan a los siervos en la edad media y otra, pintarlas como cargas amontonadas sobre los hombros encorvados de sufridos campesinos, coronados por un cuerpo aristocr\u00e1tico reclinado sobre ellos. Ua cosa es enunciar lo que las mujeres perdieron en la llamada \u00abtransici\u00f3n\u00bb al capitalismo y otra, representar a decenas de mujeres sosteniendo manifiestos denunciando esos cr\u00edmenes. Las im\u00e1genes son un lenguaje que todo el mundo puede leer, entender, apropiarse inmediatamente. Este es el poder del arte y su contribuci\u00f3n a la lucha revolucionaria.<\/p>\n<p>As\u00ed pues, al hojear las p\u00e1ginas de este libro, me invade un gran sentimiento de gratitud por las muchas horas de trabajo que se han dedicado a realizar esta traducci\u00f3n, que ha dado a \u00abCaliban y la bruja\u00bb otra vida y ha reforzado su poder subversivo.<\/p>\n<p>Silvia Federici<\/p>\n","protected":false},"excerpt":{"rendered":"<p><strong>DANITZA LUNA<\/strong><br \/>\n9789917983453 &#8211; Mujeres Creando &#8211; 2023 &#8211; 104 p\u00e1ginas \/orri.<\/p>\n","protected":false},"featured_media":14619,"template":"","meta":[],"product_brand":[],"product_cat":[174,16],"product_tag":[6675,1419],"class_list":{"0":"post-14605","1":"product","2":"type-product","3":"status-publish","4":"has-post-thumbnail","6":"product_cat-generoak-generos","7":"product_cat-libros","8":"product_tag-danitza-luna","9":"product_tag-mujeres-creando","11":"first","12":"instock","13":"sold-individually","14":"shipping-taxable","15":"purchasable","16":"product-type-simple"},"yoast_head":"<!-- This site is optimized with the Yoast SEO plugin v27.3 - https:\/\/yoast.com\/product\/yoast-seo-wordpress\/ -->\n<title>CONCEPTOS FUNDAMENTALES PARA LAS LUCHAS FEMINISTAS ADAPTACI\u00d3N GR\u00c1FICA DE CALIBAN Y LA BRUJA &#8212; Zapateneo<\/title>\n<meta name=\"robots\" content=\"index, follow, max-snippet:-1, max-image-preview:large, max-video-preview:-1\" \/>\n<link rel=\"canonical\" href=\"https:\/\/zapateneo.net\/wordpress\/index.php\/producto\/conceptos-fundamentales-para-las-luchas-feministas-adaptacion-grafica-de-caliban-y-la-bruja\/\" \/>\n<meta property=\"og:locale\" content=\"es_ES\" \/>\n<meta property=\"og:type\" content=\"article\" \/>\n<meta property=\"og:title\" content=\"CONCEPTOS FUNDAMENTALES PARA LAS LUCHAS FEMINISTAS ADAPTACI\u00d3N GR\u00c1FICA DE CALIBAN Y LA BRUJA &#8212; Zapateneo\" \/>\n<meta property=\"og:description\" content=\"DANITZA LUNA 9789917983453 - Mujeres Creando - 2023 - 104 p\u00e1ginas \/orri.\" \/>\n<meta property=\"og:url\" content=\"https:\/\/zapateneo.net\/wordpress\/index.php\/producto\/conceptos-fundamentales-para-las-luchas-feministas-adaptacion-grafica-de-caliban-y-la-bruja\/\" \/>\n<meta property=\"og:site_name\" content=\"Zapateneo\" \/>\n<meta property=\"article:modified_time\" content=\"2023-06-29T17:28:14+00:00\" \/>\n<meta property=\"og:image\" content=\"https:\/\/zapateneo.net\/wordpress\/wp-content\/uploads\/2023\/06\/9789917983453.gif\" \/>\n\t<meta property=\"og:image:width\" content=\"240\" \/>\n\t<meta property=\"og:image:height\" content=\"310\" \/>\n\t<meta property=\"og:image:type\" content=\"image\/gif\" \/>\n<meta name=\"twitter:card\" content=\"summary_large_image\" \/>\n<meta name=\"twitter:site\" content=\"@zapateneo\" \/>\n<meta name=\"twitter:label1\" content=\"Tiempo de lectura\" \/>\n\t<meta name=\"twitter:data1\" content=\"1 minuto\" \/>\n<script type=\"application\/ld+json\" class=\"yoast-schema-graph\">{\"@context\":\"https:\\\/\\\/schema.org\",\"@graph\":[{\"@type\":\"WebPage\",\"@id\":\"https:\\\/\\\/zapateneo.net\\\/wordpress\\\/index.php\\\/producto\\\/conceptos-fundamentales-para-las-luchas-feministas-adaptacion-grafica-de-caliban-y-la-bruja\\\/\",\"url\":\"https:\\\/\\\/zapateneo.net\\\/wordpress\\\/index.php\\\/producto\\\/conceptos-fundamentales-para-las-luchas-feministas-adaptacion-grafica-de-caliban-y-la-bruja\\\/\",\"name\":\"CONCEPTOS FUNDAMENTALES PARA LAS LUCHAS FEMINISTAS ADAPTACI\u00d3N GR\u00c1FICA DE CALIBAN Y LA BRUJA &#8212; Zapateneo\",\"isPartOf\":{\"@id\":\"https:\\\/\\\/zapateneo.net\\\/wordpress\\\/#website\"},\"primaryImageOfPage\":{\"@id\":\"https:\\\/\\\/zapateneo.net\\\/wordpress\\\/index.php\\\/producto\\\/conceptos-fundamentales-para-las-luchas-feministas-adaptacion-grafica-de-caliban-y-la-bruja\\\/#primaryimage\"},\"image\":{\"@id\":\"https:\\\/\\\/zapateneo.net\\\/wordpress\\\/index.php\\\/producto\\\/conceptos-fundamentales-para-las-luchas-feministas-adaptacion-grafica-de-caliban-y-la-bruja\\\/#primaryimage\"},\"thumbnailUrl\":\"https:\\\/\\\/zapateneo.net\\\/wordpress\\\/wp-content\\\/uploads\\\/2023\\\/06\\\/9789917983453.gif\",\"datePublished\":\"2023-06-29T17:25:33+00:00\",\"dateModified\":\"2023-06-29T17:28:14+00:00\",\"breadcrumb\":{\"@id\":\"https:\\\/\\\/zapateneo.net\\\/wordpress\\\/index.php\\\/producto\\\/conceptos-fundamentales-para-las-luchas-feministas-adaptacion-grafica-de-caliban-y-la-bruja\\\/#breadcrumb\"},\"inLanguage\":\"es\",\"potentialAction\":[{\"@type\":\"ReadAction\",\"target\":[\"https:\\\/\\\/zapateneo.net\\\/wordpress\\\/index.php\\\/producto\\\/conceptos-fundamentales-para-las-luchas-feministas-adaptacion-grafica-de-caliban-y-la-bruja\\\/\"]}]},{\"@type\":\"ImageObject\",\"inLanguage\":\"es\",\"@id\":\"https:\\\/\\\/zapateneo.net\\\/wordpress\\\/index.php\\\/producto\\\/conceptos-fundamentales-para-las-luchas-feministas-adaptacion-grafica-de-caliban-y-la-bruja\\\/#primaryimage\",\"url\":\"https:\\\/\\\/zapateneo.net\\\/wordpress\\\/wp-content\\\/uploads\\\/2023\\\/06\\\/9789917983453.gif\",\"contentUrl\":\"https:\\\/\\\/zapateneo.net\\\/wordpress\\\/wp-content\\\/uploads\\\/2023\\\/06\\\/9789917983453.gif\",\"width\":240,\"height\":310},{\"@type\":\"BreadcrumbList\",\"@id\":\"https:\\\/\\\/zapateneo.net\\\/wordpress\\\/index.php\\\/producto\\\/conceptos-fundamentales-para-las-luchas-feministas-adaptacion-grafica-de-caliban-y-la-bruja\\\/#breadcrumb\",\"itemListElement\":[{\"@type\":\"ListItem\",\"position\":1,\"name\":\"Portada\",\"item\":\"https:\\\/\\\/zapateneo.net\\\/wordpress\\\/\"},{\"@type\":\"ListItem\",\"position\":2,\"name\":\"Tienda\",\"item\":\"https:\\\/\\\/zapateneo.net\\\/wordpress\\\/\"},{\"@type\":\"ListItem\",\"position\":3,\"name\":\"CONCEPTOS FUNDAMENTALES PARA LAS LUCHAS FEMINISTAS ADAPTACI\u00d3N GR\u00c1FICA DE CALIBAN Y LA BRUJA\"}]},{\"@type\":\"WebSite\",\"@id\":\"https:\\\/\\\/zapateneo.net\\\/wordpress\\\/#website\",\"url\":\"https:\\\/\\\/zapateneo.net\\\/wordpress\\\/\",\"name\":\"Zapateneo\",\"description\":\"Zapateneoaren webgunea\",\"publisher\":{\"@id\":\"https:\\\/\\\/zapateneo.net\\\/wordpress\\\/#organization\"},\"potentialAction\":[{\"@type\":\"SearchAction\",\"target\":{\"@type\":\"EntryPoint\",\"urlTemplate\":\"https:\\\/\\\/zapateneo.net\\\/wordpress\\\/?s={search_term_string}\"},\"query-input\":{\"@type\":\"PropertyValueSpecification\",\"valueRequired\":true,\"valueName\":\"search_term_string\"}}],\"inLanguage\":\"es\"},{\"@type\":\"Organization\",\"@id\":\"https:\\\/\\\/zapateneo.net\\\/wordpress\\\/#organization\",\"name\":\"Zapateneo Kultur Elkartea\",\"url\":\"https:\\\/\\\/zapateneo.net\\\/wordpress\\\/\",\"logo\":{\"@type\":\"ImageObject\",\"inLanguage\":\"es\",\"@id\":\"https:\\\/\\\/zapateneo.net\\\/wordpress\\\/#\\\/schema\\\/logo\\\/image\\\/\",\"url\":\"https:\\\/\\\/zapateneo.net\\\/wordpress\\\/wp-content\\\/uploads\\\/2021\\\/04\\\/zap-libu-kolec.jpg\",\"contentUrl\":\"https:\\\/\\\/zapateneo.net\\\/wordpress\\\/wp-content\\\/uploads\\\/2021\\\/04\\\/zap-libu-kolec.jpg\",\"width\":2234,\"height\":398,\"caption\":\"Zapateneo Kultur Elkartea\"},\"image\":{\"@id\":\"https:\\\/\\\/zapateneo.net\\\/wordpress\\\/#\\\/schema\\\/logo\\\/image\\\/\"},\"sameAs\":[\"https:\\\/\\\/x.com\\\/zapateneo\"]}]}<\/script>\n<!-- \/ Yoast SEO plugin. -->","yoast_head_json":{"title":"CONCEPTOS FUNDAMENTALES PARA LAS LUCHAS FEMINISTAS ADAPTACI\u00d3N GR\u00c1FICA DE CALIBAN Y LA BRUJA &#8212; Zapateneo","robots":{"index":"index","follow":"follow","max-snippet":"max-snippet:-1","max-image-preview":"max-image-preview:large","max-video-preview":"max-video-preview:-1"},"canonical":"https:\/\/zapateneo.net\/wordpress\/index.php\/producto\/conceptos-fundamentales-para-las-luchas-feministas-adaptacion-grafica-de-caliban-y-la-bruja\/","og_locale":"es_ES","og_type":"article","og_title":"CONCEPTOS FUNDAMENTALES PARA LAS LUCHAS FEMINISTAS ADAPTACI\u00d3N GR\u00c1FICA DE CALIBAN Y LA BRUJA &#8212; Zapateneo","og_description":"DANITZA LUNA 9789917983453 - Mujeres Creando - 2023 - 104 p\u00e1ginas \/orri.","og_url":"https:\/\/zapateneo.net\/wordpress\/index.php\/producto\/conceptos-fundamentales-para-las-luchas-feministas-adaptacion-grafica-de-caliban-y-la-bruja\/","og_site_name":"Zapateneo","article_modified_time":"2023-06-29T17:28:14+00:00","og_image":[{"width":240,"height":310,"url":"https:\/\/zapateneo.net\/wordpress\/wp-content\/uploads\/2023\/06\/9789917983453.gif","type":"image\/gif"}],"twitter_card":"summary_large_image","twitter_site":"@zapateneo","twitter_misc":{"Tiempo de lectura":"1 minuto"},"schema":{"@context":"https:\/\/schema.org","@graph":[{"@type":"WebPage","@id":"https:\/\/zapateneo.net\/wordpress\/index.php\/producto\/conceptos-fundamentales-para-las-luchas-feministas-adaptacion-grafica-de-caliban-y-la-bruja\/","url":"https:\/\/zapateneo.net\/wordpress\/index.php\/producto\/conceptos-fundamentales-para-las-luchas-feministas-adaptacion-grafica-de-caliban-y-la-bruja\/","name":"CONCEPTOS FUNDAMENTALES PARA LAS LUCHAS FEMINISTAS ADAPTACI\u00d3N GR\u00c1FICA DE CALIBAN Y LA BRUJA &#8212; Zapateneo","isPartOf":{"@id":"https:\/\/zapateneo.net\/wordpress\/#website"},"primaryImageOfPage":{"@id":"https:\/\/zapateneo.net\/wordpress\/index.php\/producto\/conceptos-fundamentales-para-las-luchas-feministas-adaptacion-grafica-de-caliban-y-la-bruja\/#primaryimage"},"image":{"@id":"https:\/\/zapateneo.net\/wordpress\/index.php\/producto\/conceptos-fundamentales-para-las-luchas-feministas-adaptacion-grafica-de-caliban-y-la-bruja\/#primaryimage"},"thumbnailUrl":"https:\/\/zapateneo.net\/wordpress\/wp-content\/uploads\/2023\/06\/9789917983453.gif","datePublished":"2023-06-29T17:25:33+00:00","dateModified":"2023-06-29T17:28:14+00:00","breadcrumb":{"@id":"https:\/\/zapateneo.net\/wordpress\/index.php\/producto\/conceptos-fundamentales-para-las-luchas-feministas-adaptacion-grafica-de-caliban-y-la-bruja\/#breadcrumb"},"inLanguage":"es","potentialAction":[{"@type":"ReadAction","target":["https:\/\/zapateneo.net\/wordpress\/index.php\/producto\/conceptos-fundamentales-para-las-luchas-feministas-adaptacion-grafica-de-caliban-y-la-bruja\/"]}]},{"@type":"ImageObject","inLanguage":"es","@id":"https:\/\/zapateneo.net\/wordpress\/index.php\/producto\/conceptos-fundamentales-para-las-luchas-feministas-adaptacion-grafica-de-caliban-y-la-bruja\/#primaryimage","url":"https:\/\/zapateneo.net\/wordpress\/wp-content\/uploads\/2023\/06\/9789917983453.gif","contentUrl":"https:\/\/zapateneo.net\/wordpress\/wp-content\/uploads\/2023\/06\/9789917983453.gif","width":240,"height":310},{"@type":"BreadcrumbList","@id":"https:\/\/zapateneo.net\/wordpress\/index.php\/producto\/conceptos-fundamentales-para-las-luchas-feministas-adaptacion-grafica-de-caliban-y-la-bruja\/#breadcrumb","itemListElement":[{"@type":"ListItem","position":1,"name":"Portada","item":"https:\/\/zapateneo.net\/wordpress\/"},{"@type":"ListItem","position":2,"name":"Tienda","item":"https:\/\/zapateneo.net\/wordpress\/"},{"@type":"ListItem","position":3,"name":"CONCEPTOS FUNDAMENTALES PARA LAS LUCHAS FEMINISTAS ADAPTACI\u00d3N GR\u00c1FICA DE CALIBAN Y LA BRUJA"}]},{"@type":"WebSite","@id":"https:\/\/zapateneo.net\/wordpress\/#website","url":"https:\/\/zapateneo.net\/wordpress\/","name":"Zapateneo","description":"Zapateneoaren webgunea","publisher":{"@id":"https:\/\/zapateneo.net\/wordpress\/#organization"},"potentialAction":[{"@type":"SearchAction","target":{"@type":"EntryPoint","urlTemplate":"https:\/\/zapateneo.net\/wordpress\/?s={search_term_string}"},"query-input":{"@type":"PropertyValueSpecification","valueRequired":true,"valueName":"search_term_string"}}],"inLanguage":"es"},{"@type":"Organization","@id":"https:\/\/zapateneo.net\/wordpress\/#organization","name":"Zapateneo Kultur Elkartea","url":"https:\/\/zapateneo.net\/wordpress\/","logo":{"@type":"ImageObject","inLanguage":"es","@id":"https:\/\/zapateneo.net\/wordpress\/#\/schema\/logo\/image\/","url":"https:\/\/zapateneo.net\/wordpress\/wp-content\/uploads\/2021\/04\/zap-libu-kolec.jpg","contentUrl":"https:\/\/zapateneo.net\/wordpress\/wp-content\/uploads\/2021\/04\/zap-libu-kolec.jpg","width":2234,"height":398,"caption":"Zapateneo Kultur Elkartea"},"image":{"@id":"https:\/\/zapateneo.net\/wordpress\/#\/schema\/logo\/image\/"},"sameAs":["https:\/\/x.com\/zapateneo"]}]}},"_links":{"self":[{"href":"https:\/\/zapateneo.net\/wordpress\/index.php\/wp-json\/wp\/v2\/product\/14605","targetHints":{"allow":["GET"]}}],"collection":[{"href":"https:\/\/zapateneo.net\/wordpress\/index.php\/wp-json\/wp\/v2\/product"}],"about":[{"href":"https:\/\/zapateneo.net\/wordpress\/index.php\/wp-json\/wp\/v2\/types\/product"}],"wp:featuredmedia":[{"embeddable":true,"href":"https:\/\/zapateneo.net\/wordpress\/index.php\/wp-json\/wp\/v2\/media\/14619"}],"wp:attachment":[{"href":"https:\/\/zapateneo.net\/wordpress\/index.php\/wp-json\/wp\/v2\/media?parent=14605"}],"wp:term":[{"taxonomy":"product_brand","embeddable":true,"href":"https:\/\/zapateneo.net\/wordpress\/index.php\/wp-json\/wp\/v2\/product_brand?post=14605"},{"taxonomy":"product_cat","embeddable":true,"href":"https:\/\/zapateneo.net\/wordpress\/index.php\/wp-json\/wp\/v2\/product_cat?post=14605"},{"taxonomy":"product_tag","embeddable":true,"href":"https:\/\/zapateneo.net\/wordpress\/index.php\/wp-json\/wp\/v2\/product_tag?post=14605"}],"curies":[{"name":"wp","href":"https:\/\/api.w.org\/{rel}","templated":true}]}}