{"id":14604,"date":"2023-06-29T18:25:33","date_gmt":"2023-06-29T17:25:33","guid":{"rendered":"https:\/\/zapateneo.net\/wordpress\/?post_type=product&#038;p=14604"},"modified":"2023-06-29T18:27:56","modified_gmt":"2023-06-29T17:27:56","slug":"militancia-alegre-tejer-resistencias-florecer-en-tiempos-toxicos","status":"publish","type":"product","link":"https:\/\/zapateneo.net\/wordpress\/index.php\/producto\/militancia-alegre-tejer-resistencias-florecer-en-tiempos-toxicos\/","title":{"rendered":"MILITANCIA ALEGRE Tejer resistencias, florecer en tiempos t\u00f3xicos"},"content":{"rendered":"<p>Este libro es una investigaci\u00f3n sobre el miedo, la rigidez y el moralismo, y los modos en los que estos afectos han echado ra\u00edces en los movimientos de liberaci\u00f3n. Es tambi\u00e9n una propuesta para volver a recuperar la ternura y la vulnerabilidad en el compromiso militante, sin por ello renunciar a la responsabilidad y a la tenacidad que este requiere.<\/p>\n<p>\u00bfPor qu\u00e9 los movimientos y espacios radicales cargan, en tantas ocasiones, con estos sentimientos y actitudes de miedo, ansiedad, sospecha, rigidez y competencia? Montgomery y bergman llaman a este fen\u00f3meno \u00abradicalismo r\u00edgido\u00bb. Con este t\u00e9rmino dan nombre a las formas congeladas y t\u00f3xicas de relaci\u00f3n que se han infiltrado en los movimientos sociales.<\/p>\n<p>El resultado es una autoexploraci\u00f3n de los bloqueos culturales y subjetivos; y al mismo tiempo un llamamiento a salir de la espiral de tristeza e involuci\u00f3n que tan frecuentemente degenera en la competencia por el juicio pol\u00edtico correcto. De hecho, este libro es una apuesta por una militancia alegre en el sentido de Spinoza en su teor\u00eda de los afectos: la alegr\u00eda como un aumento de las potencias individuales y colectivas.<\/p>\n<p>carla bergman es investigadora independiente, escritora, realizadora de podcast y madre. Ha dedicado las \u00faltimas dos d\u00e9cadas a trabajar en su comunidad con el fin de crear plataformas multimedia colaborativas que van desde la producci\u00f3n editorial hasta la videogr\u00e1fica. Es cofundadadora del proyecto Grounded Futures.<\/p>\n<p>Nick Montgomery es escritor y organizer, actualmente trabaja para la Queen&#8217;s University.<\/p>\n","protected":false},"excerpt":{"rendered":"<p><strong>Carla Bergman, Nick Montgomery<\/strong><br \/>\n9788412575378 &#8211; Traficantes de Sue\u00f1os &#8211; 2023 &#8211; 236 p\u00e1ginas \/orri.<\/p>\n","protected":false},"featured_media":14618,"template":"","meta":[],"product_brand":[],"product_cat":[177,16],"product_tag":[6673,6674,72],"class_list":{"0":"post-14604","1":"product","2":"type-product","3":"status-publish","4":"has-post-thumbnail","6":"product_cat-gizarte-mugimenduak-movimientos-sociales","7":"product_cat-libros","8":"product_tag-carla-bergman","9":"product_tag-nick-montgomery","10":"product_tag-traficantes-de-suenos","12":"first","13":"instock","14":"sold-individually","15":"shipping-taxable","16":"purchasable","17":"product-type-simple"},"yoast_head":"<!-- This site is optimized with the Yoast SEO plugin v27.3 - https:\/\/yoast.com\/product\/yoast-seo-wordpress\/ -->\n<title>MILITANCIA ALEGRE Tejer resistencias, florecer en tiempos t\u00f3xicos &#8212; Zapateneo<\/title>\n<meta name=\"robots\" content=\"index, follow, max-snippet:-1, max-image-preview:large, max-video-preview:-1\" \/>\n<link rel=\"canonical\" href=\"https:\/\/zapateneo.net\/wordpress\/index.php\/producto\/militancia-alegre-tejer-resistencias-florecer-en-tiempos-toxicos\/\" \/>\n<meta property=\"og:locale\" content=\"es_ES\" \/>\n<meta property=\"og:type\" content=\"article\" \/>\n<meta property=\"og:title\" content=\"MILITANCIA ALEGRE Tejer resistencias, florecer en tiempos t\u00f3xicos &#8212; Zapateneo\" \/>\n<meta property=\"og:description\" content=\"Carla Bergman, Nick Montgomery 9788412575378 - Traficantes de Sue\u00f1os - 2023 - 236 p\u00e1ginas \/orri.\" \/>\n<meta property=\"og:url\" content=\"https:\/\/zapateneo.net\/wordpress\/index.php\/producto\/militancia-alegre-tejer-resistencias-florecer-en-tiempos-toxicos\/\" \/>\n<meta property=\"og:site_name\" content=\"Zapateneo\" \/>\n<meta property=\"article:modified_time\" content=\"2023-06-29T17:27:56+00:00\" \/>\n<meta property=\"og:image\" content=\"https:\/\/zapateneo.net\/wordpress\/wp-content\/uploads\/2023\/06\/militancia-alegre-9788412575378.jpg\" \/>\n\t<meta property=\"og:image:width\" content=\"229\" \/>\n\t<meta property=\"og:image:height\" content=\"400\" \/>\n\t<meta property=\"og:image:type\" content=\"image\/jpeg\" \/>\n<meta name=\"twitter:card\" content=\"summary_large_image\" \/>\n<meta name=\"twitter:site\" content=\"@zapateneo\" \/>\n<meta name=\"twitter:label1\" content=\"Tiempo de lectura\" \/>\n\t<meta name=\"twitter:data1\" content=\"1 minuto\" \/>\n<script type=\"application\/ld+json\" class=\"yoast-schema-graph\">{\"@context\":\"https:\\\/\\\/schema.org\",\"@graph\":[{\"@type\":\"WebPage\",\"@id\":\"https:\\\/\\\/zapateneo.net\\\/wordpress\\\/index.php\\\/producto\\\/militancia-alegre-tejer-resistencias-florecer-en-tiempos-toxicos\\\/\",\"url\":\"https:\\\/\\\/zapateneo.net\\\/wordpress\\\/index.php\\\/producto\\\/militancia-alegre-tejer-resistencias-florecer-en-tiempos-toxicos\\\/\",\"name\":\"MILITANCIA ALEGRE Tejer resistencias, florecer en tiempos t\u00f3xicos &#8212; Zapateneo\",\"isPartOf\":{\"@id\":\"https:\\\/\\\/zapateneo.net\\\/wordpress\\\/#website\"},\"primaryImageOfPage\":{\"@id\":\"https:\\\/\\\/zapateneo.net\\\/wordpress\\\/index.php\\\/producto\\\/militancia-alegre-tejer-resistencias-florecer-en-tiempos-toxicos\\\/#primaryimage\"},\"image\":{\"@id\":\"https:\\\/\\\/zapateneo.net\\\/wordpress\\\/index.php\\\/producto\\\/militancia-alegre-tejer-resistencias-florecer-en-tiempos-toxicos\\\/#primaryimage\"},\"thumbnailUrl\":\"https:\\\/\\\/zapateneo.net\\\/wordpress\\\/wp-content\\\/uploads\\\/2023\\\/06\\\/militancia-alegre-9788412575378.jpg\",\"datePublished\":\"2023-06-29T17:25:33+00:00\",\"dateModified\":\"2023-06-29T17:27:56+00:00\",\"breadcrumb\":{\"@id\":\"https:\\\/\\\/zapateneo.net\\\/wordpress\\\/index.php\\\/producto\\\/militancia-alegre-tejer-resistencias-florecer-en-tiempos-toxicos\\\/#breadcrumb\"},\"inLanguage\":\"es\",\"potentialAction\":[{\"@type\":\"ReadAction\",\"target\":[\"https:\\\/\\\/zapateneo.net\\\/wordpress\\\/index.php\\\/producto\\\/militancia-alegre-tejer-resistencias-florecer-en-tiempos-toxicos\\\/\"]}]},{\"@type\":\"ImageObject\",\"inLanguage\":\"es\",\"@id\":\"https:\\\/\\\/zapateneo.net\\\/wordpress\\\/index.php\\\/producto\\\/militancia-alegre-tejer-resistencias-florecer-en-tiempos-toxicos\\\/#primaryimage\",\"url\":\"https:\\\/\\\/zapateneo.net\\\/wordpress\\\/wp-content\\\/uploads\\\/2023\\\/06\\\/militancia-alegre-9788412575378.jpg\",\"contentUrl\":\"https:\\\/\\\/zapateneo.net\\\/wordpress\\\/wp-content\\\/uploads\\\/2023\\\/06\\\/militancia-alegre-9788412575378.jpg\",\"width\":229,\"height\":400},{\"@type\":\"BreadcrumbList\",\"@id\":\"https:\\\/\\\/zapateneo.net\\\/wordpress\\\/index.php\\\/producto\\\/militancia-alegre-tejer-resistencias-florecer-en-tiempos-toxicos\\\/#breadcrumb\",\"itemListElement\":[{\"@type\":\"ListItem\",\"position\":1,\"name\":\"Portada\",\"item\":\"https:\\\/\\\/zapateneo.net\\\/wordpress\\\/\"},{\"@type\":\"ListItem\",\"position\":2,\"name\":\"Tienda\",\"item\":\"https:\\\/\\\/zapateneo.net\\\/wordpress\\\/\"},{\"@type\":\"ListItem\",\"position\":3,\"name\":\"MILITANCIA ALEGRE Tejer resistencias, florecer en tiempos t\u00f3xicos\"}]},{\"@type\":\"WebSite\",\"@id\":\"https:\\\/\\\/zapateneo.net\\\/wordpress\\\/#website\",\"url\":\"https:\\\/\\\/zapateneo.net\\\/wordpress\\\/\",\"name\":\"Zapateneo\",\"description\":\"Zapateneoaren webgunea\",\"publisher\":{\"@id\":\"https:\\\/\\\/zapateneo.net\\\/wordpress\\\/#organization\"},\"potentialAction\":[{\"@type\":\"SearchAction\",\"target\":{\"@type\":\"EntryPoint\",\"urlTemplate\":\"https:\\\/\\\/zapateneo.net\\\/wordpress\\\/?s={search_term_string}\"},\"query-input\":{\"@type\":\"PropertyValueSpecification\",\"valueRequired\":true,\"valueName\":\"search_term_string\"}}],\"inLanguage\":\"es\"},{\"@type\":\"Organization\",\"@id\":\"https:\\\/\\\/zapateneo.net\\\/wordpress\\\/#organization\",\"name\":\"Zapateneo Kultur Elkartea\",\"url\":\"https:\\\/\\\/zapateneo.net\\\/wordpress\\\/\",\"logo\":{\"@type\":\"ImageObject\",\"inLanguage\":\"es\",\"@id\":\"https:\\\/\\\/zapateneo.net\\\/wordpress\\\/#\\\/schema\\\/logo\\\/image\\\/\",\"url\":\"https:\\\/\\\/zapateneo.net\\\/wordpress\\\/wp-content\\\/uploads\\\/2021\\\/04\\\/zap-libu-kolec.jpg\",\"contentUrl\":\"https:\\\/\\\/zapateneo.net\\\/wordpress\\\/wp-content\\\/uploads\\\/2021\\\/04\\\/zap-libu-kolec.jpg\",\"width\":2234,\"height\":398,\"caption\":\"Zapateneo Kultur Elkartea\"},\"image\":{\"@id\":\"https:\\\/\\\/zapateneo.net\\\/wordpress\\\/#\\\/schema\\\/logo\\\/image\\\/\"},\"sameAs\":[\"https:\\\/\\\/x.com\\\/zapateneo\"]}]}<\/script>\n<!-- \/ Yoast SEO plugin. -->","yoast_head_json":{"title":"MILITANCIA ALEGRE Tejer resistencias, florecer en tiempos t\u00f3xicos &#8212; Zapateneo","robots":{"index":"index","follow":"follow","max-snippet":"max-snippet:-1","max-image-preview":"max-image-preview:large","max-video-preview":"max-video-preview:-1"},"canonical":"https:\/\/zapateneo.net\/wordpress\/index.php\/producto\/militancia-alegre-tejer-resistencias-florecer-en-tiempos-toxicos\/","og_locale":"es_ES","og_type":"article","og_title":"MILITANCIA ALEGRE Tejer resistencias, florecer en tiempos t\u00f3xicos &#8212; Zapateneo","og_description":"Carla Bergman, Nick Montgomery 9788412575378 - Traficantes de Sue\u00f1os - 2023 - 236 p\u00e1ginas \/orri.","og_url":"https:\/\/zapateneo.net\/wordpress\/index.php\/producto\/militancia-alegre-tejer-resistencias-florecer-en-tiempos-toxicos\/","og_site_name":"Zapateneo","article_modified_time":"2023-06-29T17:27:56+00:00","og_image":[{"width":229,"height":400,"url":"https:\/\/zapateneo.net\/wordpress\/wp-content\/uploads\/2023\/06\/militancia-alegre-9788412575378.jpg","type":"image\/jpeg"}],"twitter_card":"summary_large_image","twitter_site":"@zapateneo","twitter_misc":{"Tiempo de lectura":"1 minuto"},"schema":{"@context":"https:\/\/schema.org","@graph":[{"@type":"WebPage","@id":"https:\/\/zapateneo.net\/wordpress\/index.php\/producto\/militancia-alegre-tejer-resistencias-florecer-en-tiempos-toxicos\/","url":"https:\/\/zapateneo.net\/wordpress\/index.php\/producto\/militancia-alegre-tejer-resistencias-florecer-en-tiempos-toxicos\/","name":"MILITANCIA ALEGRE Tejer resistencias, florecer en tiempos t\u00f3xicos &#8212; Zapateneo","isPartOf":{"@id":"https:\/\/zapateneo.net\/wordpress\/#website"},"primaryImageOfPage":{"@id":"https:\/\/zapateneo.net\/wordpress\/index.php\/producto\/militancia-alegre-tejer-resistencias-florecer-en-tiempos-toxicos\/#primaryimage"},"image":{"@id":"https:\/\/zapateneo.net\/wordpress\/index.php\/producto\/militancia-alegre-tejer-resistencias-florecer-en-tiempos-toxicos\/#primaryimage"},"thumbnailUrl":"https:\/\/zapateneo.net\/wordpress\/wp-content\/uploads\/2023\/06\/militancia-alegre-9788412575378.jpg","datePublished":"2023-06-29T17:25:33+00:00","dateModified":"2023-06-29T17:27:56+00:00","breadcrumb":{"@id":"https:\/\/zapateneo.net\/wordpress\/index.php\/producto\/militancia-alegre-tejer-resistencias-florecer-en-tiempos-toxicos\/#breadcrumb"},"inLanguage":"es","potentialAction":[{"@type":"ReadAction","target":["https:\/\/zapateneo.net\/wordpress\/index.php\/producto\/militancia-alegre-tejer-resistencias-florecer-en-tiempos-toxicos\/"]}]},{"@type":"ImageObject","inLanguage":"es","@id":"https:\/\/zapateneo.net\/wordpress\/index.php\/producto\/militancia-alegre-tejer-resistencias-florecer-en-tiempos-toxicos\/#primaryimage","url":"https:\/\/zapateneo.net\/wordpress\/wp-content\/uploads\/2023\/06\/militancia-alegre-9788412575378.jpg","contentUrl":"https:\/\/zapateneo.net\/wordpress\/wp-content\/uploads\/2023\/06\/militancia-alegre-9788412575378.jpg","width":229,"height":400},{"@type":"BreadcrumbList","@id":"https:\/\/zapateneo.net\/wordpress\/index.php\/producto\/militancia-alegre-tejer-resistencias-florecer-en-tiempos-toxicos\/#breadcrumb","itemListElement":[{"@type":"ListItem","position":1,"name":"Portada","item":"https:\/\/zapateneo.net\/wordpress\/"},{"@type":"ListItem","position":2,"name":"Tienda","item":"https:\/\/zapateneo.net\/wordpress\/"},{"@type":"ListItem","position":3,"name":"MILITANCIA ALEGRE Tejer resistencias, florecer en tiempos t\u00f3xicos"}]},{"@type":"WebSite","@id":"https:\/\/zapateneo.net\/wordpress\/#website","url":"https:\/\/zapateneo.net\/wordpress\/","name":"Zapateneo","description":"Zapateneoaren webgunea","publisher":{"@id":"https:\/\/zapateneo.net\/wordpress\/#organization"},"potentialAction":[{"@type":"SearchAction","target":{"@type":"EntryPoint","urlTemplate":"https:\/\/zapateneo.net\/wordpress\/?s={search_term_string}"},"query-input":{"@type":"PropertyValueSpecification","valueRequired":true,"valueName":"search_term_string"}}],"inLanguage":"es"},{"@type":"Organization","@id":"https:\/\/zapateneo.net\/wordpress\/#organization","name":"Zapateneo Kultur Elkartea","url":"https:\/\/zapateneo.net\/wordpress\/","logo":{"@type":"ImageObject","inLanguage":"es","@id":"https:\/\/zapateneo.net\/wordpress\/#\/schema\/logo\/image\/","url":"https:\/\/zapateneo.net\/wordpress\/wp-content\/uploads\/2021\/04\/zap-libu-kolec.jpg","contentUrl":"https:\/\/zapateneo.net\/wordpress\/wp-content\/uploads\/2021\/04\/zap-libu-kolec.jpg","width":2234,"height":398,"caption":"Zapateneo Kultur Elkartea"},"image":{"@id":"https:\/\/zapateneo.net\/wordpress\/#\/schema\/logo\/image\/"},"sameAs":["https:\/\/x.com\/zapateneo"]}]}},"_links":{"self":[{"href":"https:\/\/zapateneo.net\/wordpress\/index.php\/wp-json\/wp\/v2\/product\/14604","targetHints":{"allow":["GET"]}}],"collection":[{"href":"https:\/\/zapateneo.net\/wordpress\/index.php\/wp-json\/wp\/v2\/product"}],"about":[{"href":"https:\/\/zapateneo.net\/wordpress\/index.php\/wp-json\/wp\/v2\/types\/product"}],"wp:featuredmedia":[{"embeddable":true,"href":"https:\/\/zapateneo.net\/wordpress\/index.php\/wp-json\/wp\/v2\/media\/14618"}],"wp:attachment":[{"href":"https:\/\/zapateneo.net\/wordpress\/index.php\/wp-json\/wp\/v2\/media?parent=14604"}],"wp:term":[{"taxonomy":"product_brand","embeddable":true,"href":"https:\/\/zapateneo.net\/wordpress\/index.php\/wp-json\/wp\/v2\/product_brand?post=14604"},{"taxonomy":"product_cat","embeddable":true,"href":"https:\/\/zapateneo.net\/wordpress\/index.php\/wp-json\/wp\/v2\/product_cat?post=14604"},{"taxonomy":"product_tag","embeddable":true,"href":"https:\/\/zapateneo.net\/wordpress\/index.php\/wp-json\/wp\/v2\/product_tag?post=14604"}],"curies":[{"name":"wp","href":"https:\/\/api.w.org\/{rel}","templated":true}]}}