{"id":14603,"date":"2023-06-29T18:25:33","date_gmt":"2023-06-29T17:25:33","guid":{"rendered":"https:\/\/zapateneo.net\/wordpress\/?post_type=product&#038;p=14603"},"modified":"2023-06-29T18:27:27","modified_gmt":"2023-06-29T17:27:27","slug":"trauma-herencia-palabra-y-accion-colectiva","status":"publish","type":"product","link":"https:\/\/zapateneo.net\/wordpress\/index.php\/producto\/trauma-herencia-palabra-y-accion-colectiva\/","title":{"rendered":"TRAUMA Herencia, palabra y accion colectiva"},"content":{"rendered":"<p>Este volumen recoge aportaciones de las psic\u00f3logas y psicoanalistas Lucila Edelman y Diana Kordon, sobre los efectos psicosociales de la dictadura argentina; Nora Levinton, acerca de los impactos de la pandemia de covid-19; Anna Mi\u00f1arro, sobre la Guerra Civil; Mar\u00eda Reneses, acerca de la acci\u00f3n colectiva y los malestares contempor\u00e1neos; y Mariana Wikinski, sobre la figura del testigo y la potencia del testimonio.<\/p>\n<p>En palabras de la coordinadora, la catedr\u00e1tica Almudena Hernando: \u00abEn este libro solo trataremos algunos casos de la innumerable variaci\u00f3n de situaciones traum\u00e1ticas posibles, pero conf\u00edo en que puedan servir para demostrar que resulta necesario sacar a la luz lo que se esconde en los s\u00f3tanos de cualquier nivel de construcci\u00f3n humana con el fin de abandonar la deriva traumatizante y enfermante en la que estamos; que esa visibilizaci\u00f3n exige de din\u00e1micas colectivas de escucha y apoyo mutuo; y que al analizar lo subjetivo siempre se analiza tambi\u00e9n lo pol\u00edtico, en una vuelta m\u00e1s de lo que hace ya tantos a\u00f1os apuntara Kate Millet\u00bb.<\/p>\n<p>Almudena Hernando es catedr\u00e1tica de Prehistoria en la Universidad Complutense de Madrid. Ha publicado con Traficantes de Sue\u00f1os La fantas\u00eda de la individualidad y La corriente de la historia. En este volumen compila contribuciones en torno al trauma y la acci\u00f3n colectiva de: Lucila Edelman y Diana Kordon, psiquiatras y psicoanalistas, han trabajado sobre los efectos psicosociales de la represi\u00f3n pol\u00edtica y la impunidad en Argentina; Nora Levinton, psicoanalista y doctora en Psicolog\u00eda por la Universidad Aut\u00f3noma de Madrid, se centra en los estudios de la subjetividad femenina; Anna Mi\u00f1arro, psic\u00f3loga cl\u00ednica y psicoanalista, ha trabajado con represaliados y familiares de represaliados de la Guerra Civil y la dictadura de Franco; Mar\u00eda Reneses, psic\u00f3loga, antrop\u00f3loga y activista, profesora en la Universidad de Comillas, estudia las alternativas comunitarias a la intervenci\u00f3n biom\u00e9dica de los malestares contempor\u00e1neos; Mariana Wikinski, psicoanalista, acompa\u00f1a a v\u00edctimas en los procesos judiciales en torno a graves violaciones de los Derechos Humanos.<\/p>\n","protected":false},"excerpt":{"rendered":"<p><strong>Almudena Hernando (coord.)<\/strong><br \/>\n9788412575378 &#8211; Traficantes de Sue\u00f1os &#8211; 2023 &#8211; 162 p\u00e1ginas \/orri.<\/p>\n","protected":false},"featured_media":14617,"template":"","meta":[],"product_brand":[],"product_cat":[181,16],"product_tag":[6672,72],"class_list":{"0":"post-14603","1":"product","2":"type-product","3":"status-publish","4":"has-post-thumbnail","6":"product_cat-bazterketa-soziala-eta-errepresioa-exclusion-social-y-represion","7":"product_cat-libros","8":"product_tag-almudena-hernando-coord","9":"product_tag-traficantes-de-suenos","11":"first","12":"instock","13":"sold-individually","14":"shipping-taxable","15":"purchasable","16":"product-type-simple"},"yoast_head":"<!-- This site is optimized with the Yoast SEO plugin v27.3 - https:\/\/yoast.com\/product\/yoast-seo-wordpress\/ -->\n<title>TRAUMA Herencia, palabra y accion colectiva &#8212; Zapateneo<\/title>\n<meta name=\"robots\" content=\"index, follow, max-snippet:-1, max-image-preview:large, max-video-preview:-1\" \/>\n<link rel=\"canonical\" href=\"https:\/\/zapateneo.net\/wordpress\/index.php\/producto\/trauma-herencia-palabra-y-accion-colectiva\/\" \/>\n<meta property=\"og:locale\" content=\"es_ES\" \/>\n<meta property=\"og:type\" content=\"article\" \/>\n<meta property=\"og:title\" content=\"TRAUMA Herencia, palabra y accion colectiva &#8212; Zapateneo\" \/>\n<meta property=\"og:description\" content=\"Almudena Hernando (coord.) 9788412575378 - Traficantes de Sue\u00f1os - 2023 - 162 p\u00e1ginas \/orri.\" \/>\n<meta property=\"og:url\" content=\"https:\/\/zapateneo.net\/wordpress\/index.php\/producto\/trauma-herencia-palabra-y-accion-colectiva\/\" \/>\n<meta property=\"og:site_name\" content=\"Zapateneo\" \/>\n<meta property=\"article:modified_time\" content=\"2023-06-29T17:27:27+00:00\" \/>\n<meta property=\"og:image\" content=\"https:\/\/zapateneo.net\/wordpress\/wp-content\/uploads\/2023\/06\/trauma-9788412575392.jpg\" \/>\n\t<meta property=\"og:image:width\" content=\"230\" \/>\n\t<meta property=\"og:image:height\" content=\"400\" \/>\n\t<meta property=\"og:image:type\" content=\"image\/jpeg\" \/>\n<meta name=\"twitter:card\" content=\"summary_large_image\" \/>\n<meta name=\"twitter:site\" content=\"@zapateneo\" \/>\n<meta name=\"twitter:label1\" content=\"Tiempo de lectura\" \/>\n\t<meta name=\"twitter:data1\" content=\"2 minutos\" \/>\n<script type=\"application\/ld+json\" class=\"yoast-schema-graph\">{\"@context\":\"https:\\\/\\\/schema.org\",\"@graph\":[{\"@type\":\"WebPage\",\"@id\":\"https:\\\/\\\/zapateneo.net\\\/wordpress\\\/index.php\\\/producto\\\/trauma-herencia-palabra-y-accion-colectiva\\\/\",\"url\":\"https:\\\/\\\/zapateneo.net\\\/wordpress\\\/index.php\\\/producto\\\/trauma-herencia-palabra-y-accion-colectiva\\\/\",\"name\":\"TRAUMA Herencia, palabra y accion colectiva &#8212; Zapateneo\",\"isPartOf\":{\"@id\":\"https:\\\/\\\/zapateneo.net\\\/wordpress\\\/#website\"},\"primaryImageOfPage\":{\"@id\":\"https:\\\/\\\/zapateneo.net\\\/wordpress\\\/index.php\\\/producto\\\/trauma-herencia-palabra-y-accion-colectiva\\\/#primaryimage\"},\"image\":{\"@id\":\"https:\\\/\\\/zapateneo.net\\\/wordpress\\\/index.php\\\/producto\\\/trauma-herencia-palabra-y-accion-colectiva\\\/#primaryimage\"},\"thumbnailUrl\":\"https:\\\/\\\/zapateneo.net\\\/wordpress\\\/wp-content\\\/uploads\\\/2023\\\/06\\\/trauma-9788412575392.jpg\",\"datePublished\":\"2023-06-29T17:25:33+00:00\",\"dateModified\":\"2023-06-29T17:27:27+00:00\",\"breadcrumb\":{\"@id\":\"https:\\\/\\\/zapateneo.net\\\/wordpress\\\/index.php\\\/producto\\\/trauma-herencia-palabra-y-accion-colectiva\\\/#breadcrumb\"},\"inLanguage\":\"es\",\"potentialAction\":[{\"@type\":\"ReadAction\",\"target\":[\"https:\\\/\\\/zapateneo.net\\\/wordpress\\\/index.php\\\/producto\\\/trauma-herencia-palabra-y-accion-colectiva\\\/\"]}]},{\"@type\":\"ImageObject\",\"inLanguage\":\"es\",\"@id\":\"https:\\\/\\\/zapateneo.net\\\/wordpress\\\/index.php\\\/producto\\\/trauma-herencia-palabra-y-accion-colectiva\\\/#primaryimage\",\"url\":\"https:\\\/\\\/zapateneo.net\\\/wordpress\\\/wp-content\\\/uploads\\\/2023\\\/06\\\/trauma-9788412575392.jpg\",\"contentUrl\":\"https:\\\/\\\/zapateneo.net\\\/wordpress\\\/wp-content\\\/uploads\\\/2023\\\/06\\\/trauma-9788412575392.jpg\",\"width\":230,\"height\":400},{\"@type\":\"BreadcrumbList\",\"@id\":\"https:\\\/\\\/zapateneo.net\\\/wordpress\\\/index.php\\\/producto\\\/trauma-herencia-palabra-y-accion-colectiva\\\/#breadcrumb\",\"itemListElement\":[{\"@type\":\"ListItem\",\"position\":1,\"name\":\"Portada\",\"item\":\"https:\\\/\\\/zapateneo.net\\\/wordpress\\\/\"},{\"@type\":\"ListItem\",\"position\":2,\"name\":\"Tienda\",\"item\":\"https:\\\/\\\/zapateneo.net\\\/wordpress\\\/\"},{\"@type\":\"ListItem\",\"position\":3,\"name\":\"TRAUMA Herencia, palabra y accion colectiva\"}]},{\"@type\":\"WebSite\",\"@id\":\"https:\\\/\\\/zapateneo.net\\\/wordpress\\\/#website\",\"url\":\"https:\\\/\\\/zapateneo.net\\\/wordpress\\\/\",\"name\":\"Zapateneo\",\"description\":\"Zapateneoaren webgunea\",\"publisher\":{\"@id\":\"https:\\\/\\\/zapateneo.net\\\/wordpress\\\/#organization\"},\"potentialAction\":[{\"@type\":\"SearchAction\",\"target\":{\"@type\":\"EntryPoint\",\"urlTemplate\":\"https:\\\/\\\/zapateneo.net\\\/wordpress\\\/?s={search_term_string}\"},\"query-input\":{\"@type\":\"PropertyValueSpecification\",\"valueRequired\":true,\"valueName\":\"search_term_string\"}}],\"inLanguage\":\"es\"},{\"@type\":\"Organization\",\"@id\":\"https:\\\/\\\/zapateneo.net\\\/wordpress\\\/#organization\",\"name\":\"Zapateneo Kultur Elkartea\",\"url\":\"https:\\\/\\\/zapateneo.net\\\/wordpress\\\/\",\"logo\":{\"@type\":\"ImageObject\",\"inLanguage\":\"es\",\"@id\":\"https:\\\/\\\/zapateneo.net\\\/wordpress\\\/#\\\/schema\\\/logo\\\/image\\\/\",\"url\":\"https:\\\/\\\/zapateneo.net\\\/wordpress\\\/wp-content\\\/uploads\\\/2021\\\/04\\\/zap-libu-kolec.jpg\",\"contentUrl\":\"https:\\\/\\\/zapateneo.net\\\/wordpress\\\/wp-content\\\/uploads\\\/2021\\\/04\\\/zap-libu-kolec.jpg\",\"width\":2234,\"height\":398,\"caption\":\"Zapateneo Kultur Elkartea\"},\"image\":{\"@id\":\"https:\\\/\\\/zapateneo.net\\\/wordpress\\\/#\\\/schema\\\/logo\\\/image\\\/\"},\"sameAs\":[\"https:\\\/\\\/x.com\\\/zapateneo\"]}]}<\/script>\n<!-- \/ Yoast SEO plugin. -->","yoast_head_json":{"title":"TRAUMA Herencia, palabra y accion colectiva &#8212; Zapateneo","robots":{"index":"index","follow":"follow","max-snippet":"max-snippet:-1","max-image-preview":"max-image-preview:large","max-video-preview":"max-video-preview:-1"},"canonical":"https:\/\/zapateneo.net\/wordpress\/index.php\/producto\/trauma-herencia-palabra-y-accion-colectiva\/","og_locale":"es_ES","og_type":"article","og_title":"TRAUMA Herencia, palabra y accion colectiva &#8212; Zapateneo","og_description":"Almudena Hernando (coord.) 9788412575378 - Traficantes de Sue\u00f1os - 2023 - 162 p\u00e1ginas \/orri.","og_url":"https:\/\/zapateneo.net\/wordpress\/index.php\/producto\/trauma-herencia-palabra-y-accion-colectiva\/","og_site_name":"Zapateneo","article_modified_time":"2023-06-29T17:27:27+00:00","og_image":[{"width":230,"height":400,"url":"https:\/\/zapateneo.net\/wordpress\/wp-content\/uploads\/2023\/06\/trauma-9788412575392.jpg","type":"image\/jpeg"}],"twitter_card":"summary_large_image","twitter_site":"@zapateneo","twitter_misc":{"Tiempo de lectura":"2 minutos"},"schema":{"@context":"https:\/\/schema.org","@graph":[{"@type":"WebPage","@id":"https:\/\/zapateneo.net\/wordpress\/index.php\/producto\/trauma-herencia-palabra-y-accion-colectiva\/","url":"https:\/\/zapateneo.net\/wordpress\/index.php\/producto\/trauma-herencia-palabra-y-accion-colectiva\/","name":"TRAUMA Herencia, palabra y accion colectiva &#8212; Zapateneo","isPartOf":{"@id":"https:\/\/zapateneo.net\/wordpress\/#website"},"primaryImageOfPage":{"@id":"https:\/\/zapateneo.net\/wordpress\/index.php\/producto\/trauma-herencia-palabra-y-accion-colectiva\/#primaryimage"},"image":{"@id":"https:\/\/zapateneo.net\/wordpress\/index.php\/producto\/trauma-herencia-palabra-y-accion-colectiva\/#primaryimage"},"thumbnailUrl":"https:\/\/zapateneo.net\/wordpress\/wp-content\/uploads\/2023\/06\/trauma-9788412575392.jpg","datePublished":"2023-06-29T17:25:33+00:00","dateModified":"2023-06-29T17:27:27+00:00","breadcrumb":{"@id":"https:\/\/zapateneo.net\/wordpress\/index.php\/producto\/trauma-herencia-palabra-y-accion-colectiva\/#breadcrumb"},"inLanguage":"es","potentialAction":[{"@type":"ReadAction","target":["https:\/\/zapateneo.net\/wordpress\/index.php\/producto\/trauma-herencia-palabra-y-accion-colectiva\/"]}]},{"@type":"ImageObject","inLanguage":"es","@id":"https:\/\/zapateneo.net\/wordpress\/index.php\/producto\/trauma-herencia-palabra-y-accion-colectiva\/#primaryimage","url":"https:\/\/zapateneo.net\/wordpress\/wp-content\/uploads\/2023\/06\/trauma-9788412575392.jpg","contentUrl":"https:\/\/zapateneo.net\/wordpress\/wp-content\/uploads\/2023\/06\/trauma-9788412575392.jpg","width":230,"height":400},{"@type":"BreadcrumbList","@id":"https:\/\/zapateneo.net\/wordpress\/index.php\/producto\/trauma-herencia-palabra-y-accion-colectiva\/#breadcrumb","itemListElement":[{"@type":"ListItem","position":1,"name":"Portada","item":"https:\/\/zapateneo.net\/wordpress\/"},{"@type":"ListItem","position":2,"name":"Tienda","item":"https:\/\/zapateneo.net\/wordpress\/"},{"@type":"ListItem","position":3,"name":"TRAUMA Herencia, palabra y accion colectiva"}]},{"@type":"WebSite","@id":"https:\/\/zapateneo.net\/wordpress\/#website","url":"https:\/\/zapateneo.net\/wordpress\/","name":"Zapateneo","description":"Zapateneoaren webgunea","publisher":{"@id":"https:\/\/zapateneo.net\/wordpress\/#organization"},"potentialAction":[{"@type":"SearchAction","target":{"@type":"EntryPoint","urlTemplate":"https:\/\/zapateneo.net\/wordpress\/?s={search_term_string}"},"query-input":{"@type":"PropertyValueSpecification","valueRequired":true,"valueName":"search_term_string"}}],"inLanguage":"es"},{"@type":"Organization","@id":"https:\/\/zapateneo.net\/wordpress\/#organization","name":"Zapateneo Kultur Elkartea","url":"https:\/\/zapateneo.net\/wordpress\/","logo":{"@type":"ImageObject","inLanguage":"es","@id":"https:\/\/zapateneo.net\/wordpress\/#\/schema\/logo\/image\/","url":"https:\/\/zapateneo.net\/wordpress\/wp-content\/uploads\/2021\/04\/zap-libu-kolec.jpg","contentUrl":"https:\/\/zapateneo.net\/wordpress\/wp-content\/uploads\/2021\/04\/zap-libu-kolec.jpg","width":2234,"height":398,"caption":"Zapateneo Kultur Elkartea"},"image":{"@id":"https:\/\/zapateneo.net\/wordpress\/#\/schema\/logo\/image\/"},"sameAs":["https:\/\/x.com\/zapateneo"]}]}},"_links":{"self":[{"href":"https:\/\/zapateneo.net\/wordpress\/index.php\/wp-json\/wp\/v2\/product\/14603","targetHints":{"allow":["GET"]}}],"collection":[{"href":"https:\/\/zapateneo.net\/wordpress\/index.php\/wp-json\/wp\/v2\/product"}],"about":[{"href":"https:\/\/zapateneo.net\/wordpress\/index.php\/wp-json\/wp\/v2\/types\/product"}],"wp:featuredmedia":[{"embeddable":true,"href":"https:\/\/zapateneo.net\/wordpress\/index.php\/wp-json\/wp\/v2\/media\/14617"}],"wp:attachment":[{"href":"https:\/\/zapateneo.net\/wordpress\/index.php\/wp-json\/wp\/v2\/media?parent=14603"}],"wp:term":[{"taxonomy":"product_brand","embeddable":true,"href":"https:\/\/zapateneo.net\/wordpress\/index.php\/wp-json\/wp\/v2\/product_brand?post=14603"},{"taxonomy":"product_cat","embeddable":true,"href":"https:\/\/zapateneo.net\/wordpress\/index.php\/wp-json\/wp\/v2\/product_cat?post=14603"},{"taxonomy":"product_tag","embeddable":true,"href":"https:\/\/zapateneo.net\/wordpress\/index.php\/wp-json\/wp\/v2\/product_tag?post=14603"}],"curies":[{"name":"wp","href":"https:\/\/api.w.org\/{rel}","templated":true}]}}