{"id":14600,"date":"2023-06-29T18:25:32","date_gmt":"2023-06-29T17:25:32","guid":{"rendered":"https:\/\/zapateneo.net\/wordpress\/?post_type=product&#038;p=14600"},"modified":"2023-06-29T18:29:14","modified_gmt":"2023-06-29T17:29:14","slug":"sexo-raza-clase-una-perspectiva-para-vencer","status":"publish","type":"product","link":"https:\/\/zapateneo.net\/wordpress\/index.php\/producto\/sexo-raza-clase-una-perspectiva-para-vencer\/","title":{"rendered":"SEXO, RAZA, CLASE Una perspectiva para vencer"},"content":{"rendered":"<p>Nuestra lucha contra la f\u00e1brica no es solo una lucha por salir de ella, sino para no tener que entrar nunca. Nuestra lucha contra la familia es para salir de ella, pero no para que esto nos libere para ir a la f\u00e1brica. Esta es nuestra exigencia de autonom\u00eda, nuestra perspectiva aut\u00f3noma de clase, cimentada en este rechazo total a la organizaci\u00f3n capitalista de nuestras vidas, de nuestro trabajo. Dicho rechazo es un rechazo a que nuestra estrategia sea una estrategia de defensa. Solo podemos elaborar nuestra estrategia si pasamos a la ofensiva porque las mujeres no van a apoyarnos en nada que no sea ir a la ofensiva y porque es la \u00fanica manera de vencer. En el sentido m\u00e1s literal, las mujeres no tienen tiempo para algo que no sea esto, hace tiempo que arrastramos las cadenas de la doble jornada y su peso va en aumento. Nuestro feminismo abarca la totalidad de la explotaci\u00f3n, en la casa y fuera de esta, y por ello comprende la totalidad de la lucha de la clase obrera, en la casa y fuera de ella. Ninguna organizaci\u00f3n de la clase obrera ha hecho esto antes\u00bb.<\/p>\n<p>Selma James, militante desde muy joven en la Tendencia Johnson-Forest, activista en el Caribe y Gran Breta\u00f1a, fue una de las iniciadoras de la Campa\u00f1a Internacional por Salarios para el Trabajo Dom\u00e9stico, junto a Mariarosa Dalla Costa, Silvia Federici y muchas m\u00e1s. Este libro es un recorrido por su pensamiento y su activismo: desde el seminal \u00abEl lugar de la mujer\u00bb (1952) hasta \u00abLas mujeres y la subversi\u00f3n de la comunidad\u00bb (1972), \u00abUna perspectiva para vencer\u00bb (1973) o \u00abSexo, raza y clase\u00bb (1974 ) de la etapa de la Campa\u00f1a; del an\u00e1lisis de experiencias activistas concretas a sus reflexiones sobre la Huelga Global de Mujeres, organizaci\u00f3n en la que participa desde su fundaci\u00f3n en 2000. Siempre l\u00facida e incisiva, los apuntes de James sobre feminismo, marxismo, antirracismo y organizaci\u00f3n son de extrema utilidad en nuestros d\u00edas para pensar una pol\u00edtica de clase aut\u00f3noma.<\/p>\n<p>Selma James (Nueva York, 1930) es activista por los derechos de las mujeres y luchadora antirracista, adem\u00e1s de escritora. Militante en la Tendencia Johnson-Forest, de 1958 a 1962 trabaj\u00f3 con C. L. R. James en el movimiento por la federaci\u00f3n y la independencia del Caribe. En 1972, fund\u00f3 la Campa\u00f1a Internacional por Salarios para el Trabajo Dom\u00e9stico. Es coautora junto a Mariarosa Dalla Costa del cl\u00e1sico El poder de la mujer y la subversi\u00f3n de la comunidad, que abri\u00f3 el \u00abdebate acerca del trabajo dom\u00e9stico\u00bb. James ha analizado las relaciones de poder dentro del movimiento obrero y el problema de la organizaci\u00f3n entre sectores separados por las divisiones de sexo, raza, ocupaci\u00f3n, Sur-Norte, etc. Desde 2000 participa en la Huelga Internacional de Mujeres cuya estrategia para el cambio se resume en el lema \u00abInvertir en cuidados no en muerte\u00bb.<\/p>\n","protected":false},"excerpt":{"rendered":"<p><strong>Selma James<\/strong><br \/>\n9788419833013 &#8211; Traficantes de Sue\u00f1os &#8211; 2023 &#8211; 478 p p\u00e1ginas \/orri.<\/p>\n","protected":false},"featured_media":14614,"template":"","meta":[],"product_brand":[],"product_cat":[177,16],"product_tag":[6670,72],"class_list":{"0":"post-14600","1":"product","2":"type-product","3":"status-publish","4":"has-post-thumbnail","6":"product_cat-gizarte-mugimenduak-movimientos-sociales","7":"product_cat-libros","8":"product_tag-selma-james","9":"product_tag-traficantes-de-suenos","11":"first","12":"instock","13":"sold-individually","14":"shipping-taxable","15":"purchasable","16":"product-type-simple"},"yoast_head":"<!-- This site is optimized with the Yoast SEO plugin v27.3 - https:\/\/yoast.com\/product\/yoast-seo-wordpress\/ -->\n<title>SEXO, RAZA, CLASE Una perspectiva para vencer &#8212; Zapateneo<\/title>\n<meta name=\"robots\" content=\"index, follow, max-snippet:-1, max-image-preview:large, max-video-preview:-1\" \/>\n<link rel=\"canonical\" href=\"https:\/\/zapateneo.net\/wordpress\/index.php\/producto\/sexo-raza-clase-una-perspectiva-para-vencer\/\" \/>\n<meta property=\"og:locale\" content=\"es_ES\" \/>\n<meta property=\"og:type\" content=\"article\" \/>\n<meta property=\"og:title\" content=\"SEXO, RAZA, CLASE Una perspectiva para vencer &#8212; Zapateneo\" \/>\n<meta property=\"og:description\" content=\"Selma James 9788419833013 - Traficantes de Sue\u00f1os - 2023 - 478 p p\u00e1ginas \/orri.\" \/>\n<meta property=\"og:url\" content=\"https:\/\/zapateneo.net\/wordpress\/index.php\/producto\/sexo-raza-clase-una-perspectiva-para-vencer\/\" \/>\n<meta property=\"og:site_name\" content=\"Zapateneo\" \/>\n<meta property=\"article:modified_time\" content=\"2023-06-29T17:29:14+00:00\" \/>\n<meta property=\"og:image\" content=\"https:\/\/zapateneo.net\/wordpress\/wp-content\/uploads\/2023\/06\/sexo-raza-clase-9788419833013.jpg\" \/>\n\t<meta property=\"og:image:width\" content=\"286\" \/>\n\t<meta property=\"og:image:height\" content=\"400\" \/>\n\t<meta property=\"og:image:type\" content=\"image\/jpeg\" \/>\n<meta name=\"twitter:card\" content=\"summary_large_image\" \/>\n<meta name=\"twitter:site\" content=\"@zapateneo\" \/>\n<meta name=\"twitter:label1\" content=\"Tiempo de lectura\" \/>\n\t<meta name=\"twitter:data1\" content=\"2 minutos\" \/>\n<script type=\"application\/ld+json\" class=\"yoast-schema-graph\">{\"@context\":\"https:\\\/\\\/schema.org\",\"@graph\":[{\"@type\":\"WebPage\",\"@id\":\"https:\\\/\\\/zapateneo.net\\\/wordpress\\\/index.php\\\/producto\\\/sexo-raza-clase-una-perspectiva-para-vencer\\\/\",\"url\":\"https:\\\/\\\/zapateneo.net\\\/wordpress\\\/index.php\\\/producto\\\/sexo-raza-clase-una-perspectiva-para-vencer\\\/\",\"name\":\"SEXO, RAZA, CLASE Una perspectiva para vencer &#8212; Zapateneo\",\"isPartOf\":{\"@id\":\"https:\\\/\\\/zapateneo.net\\\/wordpress\\\/#website\"},\"primaryImageOfPage\":{\"@id\":\"https:\\\/\\\/zapateneo.net\\\/wordpress\\\/index.php\\\/producto\\\/sexo-raza-clase-una-perspectiva-para-vencer\\\/#primaryimage\"},\"image\":{\"@id\":\"https:\\\/\\\/zapateneo.net\\\/wordpress\\\/index.php\\\/producto\\\/sexo-raza-clase-una-perspectiva-para-vencer\\\/#primaryimage\"},\"thumbnailUrl\":\"https:\\\/\\\/zapateneo.net\\\/wordpress\\\/wp-content\\\/uploads\\\/2023\\\/06\\\/sexo-raza-clase-9788419833013.jpg\",\"datePublished\":\"2023-06-29T17:25:32+00:00\",\"dateModified\":\"2023-06-29T17:29:14+00:00\",\"breadcrumb\":{\"@id\":\"https:\\\/\\\/zapateneo.net\\\/wordpress\\\/index.php\\\/producto\\\/sexo-raza-clase-una-perspectiva-para-vencer\\\/#breadcrumb\"},\"inLanguage\":\"es\",\"potentialAction\":[{\"@type\":\"ReadAction\",\"target\":[\"https:\\\/\\\/zapateneo.net\\\/wordpress\\\/index.php\\\/producto\\\/sexo-raza-clase-una-perspectiva-para-vencer\\\/\"]}]},{\"@type\":\"ImageObject\",\"inLanguage\":\"es\",\"@id\":\"https:\\\/\\\/zapateneo.net\\\/wordpress\\\/index.php\\\/producto\\\/sexo-raza-clase-una-perspectiva-para-vencer\\\/#primaryimage\",\"url\":\"https:\\\/\\\/zapateneo.net\\\/wordpress\\\/wp-content\\\/uploads\\\/2023\\\/06\\\/sexo-raza-clase-9788419833013.jpg\",\"contentUrl\":\"https:\\\/\\\/zapateneo.net\\\/wordpress\\\/wp-content\\\/uploads\\\/2023\\\/06\\\/sexo-raza-clase-9788419833013.jpg\",\"width\":286,\"height\":400},{\"@type\":\"BreadcrumbList\",\"@id\":\"https:\\\/\\\/zapateneo.net\\\/wordpress\\\/index.php\\\/producto\\\/sexo-raza-clase-una-perspectiva-para-vencer\\\/#breadcrumb\",\"itemListElement\":[{\"@type\":\"ListItem\",\"position\":1,\"name\":\"Portada\",\"item\":\"https:\\\/\\\/zapateneo.net\\\/wordpress\\\/\"},{\"@type\":\"ListItem\",\"position\":2,\"name\":\"Tienda\",\"item\":\"https:\\\/\\\/zapateneo.net\\\/wordpress\\\/\"},{\"@type\":\"ListItem\",\"position\":3,\"name\":\"SEXO, RAZA, CLASE Una perspectiva para vencer\"}]},{\"@type\":\"WebSite\",\"@id\":\"https:\\\/\\\/zapateneo.net\\\/wordpress\\\/#website\",\"url\":\"https:\\\/\\\/zapateneo.net\\\/wordpress\\\/\",\"name\":\"Zapateneo\",\"description\":\"Zapateneoaren webgunea\",\"publisher\":{\"@id\":\"https:\\\/\\\/zapateneo.net\\\/wordpress\\\/#organization\"},\"potentialAction\":[{\"@type\":\"SearchAction\",\"target\":{\"@type\":\"EntryPoint\",\"urlTemplate\":\"https:\\\/\\\/zapateneo.net\\\/wordpress\\\/?s={search_term_string}\"},\"query-input\":{\"@type\":\"PropertyValueSpecification\",\"valueRequired\":true,\"valueName\":\"search_term_string\"}}],\"inLanguage\":\"es\"},{\"@type\":\"Organization\",\"@id\":\"https:\\\/\\\/zapateneo.net\\\/wordpress\\\/#organization\",\"name\":\"Zapateneo Kultur Elkartea\",\"url\":\"https:\\\/\\\/zapateneo.net\\\/wordpress\\\/\",\"logo\":{\"@type\":\"ImageObject\",\"inLanguage\":\"es\",\"@id\":\"https:\\\/\\\/zapateneo.net\\\/wordpress\\\/#\\\/schema\\\/logo\\\/image\\\/\",\"url\":\"https:\\\/\\\/zapateneo.net\\\/wordpress\\\/wp-content\\\/uploads\\\/2021\\\/04\\\/zap-libu-kolec.jpg\",\"contentUrl\":\"https:\\\/\\\/zapateneo.net\\\/wordpress\\\/wp-content\\\/uploads\\\/2021\\\/04\\\/zap-libu-kolec.jpg\",\"width\":2234,\"height\":398,\"caption\":\"Zapateneo Kultur Elkartea\"},\"image\":{\"@id\":\"https:\\\/\\\/zapateneo.net\\\/wordpress\\\/#\\\/schema\\\/logo\\\/image\\\/\"},\"sameAs\":[\"https:\\\/\\\/x.com\\\/zapateneo\"]}]}<\/script>\n<!-- \/ Yoast SEO plugin. -->","yoast_head_json":{"title":"SEXO, RAZA, CLASE Una perspectiva para vencer &#8212; Zapateneo","robots":{"index":"index","follow":"follow","max-snippet":"max-snippet:-1","max-image-preview":"max-image-preview:large","max-video-preview":"max-video-preview:-1"},"canonical":"https:\/\/zapateneo.net\/wordpress\/index.php\/producto\/sexo-raza-clase-una-perspectiva-para-vencer\/","og_locale":"es_ES","og_type":"article","og_title":"SEXO, RAZA, CLASE Una perspectiva para vencer &#8212; Zapateneo","og_description":"Selma James 9788419833013 - Traficantes de Sue\u00f1os - 2023 - 478 p p\u00e1ginas \/orri.","og_url":"https:\/\/zapateneo.net\/wordpress\/index.php\/producto\/sexo-raza-clase-una-perspectiva-para-vencer\/","og_site_name":"Zapateneo","article_modified_time":"2023-06-29T17:29:14+00:00","og_image":[{"width":286,"height":400,"url":"https:\/\/zapateneo.net\/wordpress\/wp-content\/uploads\/2023\/06\/sexo-raza-clase-9788419833013.jpg","type":"image\/jpeg"}],"twitter_card":"summary_large_image","twitter_site":"@zapateneo","twitter_misc":{"Tiempo de lectura":"2 minutos"},"schema":{"@context":"https:\/\/schema.org","@graph":[{"@type":"WebPage","@id":"https:\/\/zapateneo.net\/wordpress\/index.php\/producto\/sexo-raza-clase-una-perspectiva-para-vencer\/","url":"https:\/\/zapateneo.net\/wordpress\/index.php\/producto\/sexo-raza-clase-una-perspectiva-para-vencer\/","name":"SEXO, RAZA, CLASE Una perspectiva para vencer &#8212; Zapateneo","isPartOf":{"@id":"https:\/\/zapateneo.net\/wordpress\/#website"},"primaryImageOfPage":{"@id":"https:\/\/zapateneo.net\/wordpress\/index.php\/producto\/sexo-raza-clase-una-perspectiva-para-vencer\/#primaryimage"},"image":{"@id":"https:\/\/zapateneo.net\/wordpress\/index.php\/producto\/sexo-raza-clase-una-perspectiva-para-vencer\/#primaryimage"},"thumbnailUrl":"https:\/\/zapateneo.net\/wordpress\/wp-content\/uploads\/2023\/06\/sexo-raza-clase-9788419833013.jpg","datePublished":"2023-06-29T17:25:32+00:00","dateModified":"2023-06-29T17:29:14+00:00","breadcrumb":{"@id":"https:\/\/zapateneo.net\/wordpress\/index.php\/producto\/sexo-raza-clase-una-perspectiva-para-vencer\/#breadcrumb"},"inLanguage":"es","potentialAction":[{"@type":"ReadAction","target":["https:\/\/zapateneo.net\/wordpress\/index.php\/producto\/sexo-raza-clase-una-perspectiva-para-vencer\/"]}]},{"@type":"ImageObject","inLanguage":"es","@id":"https:\/\/zapateneo.net\/wordpress\/index.php\/producto\/sexo-raza-clase-una-perspectiva-para-vencer\/#primaryimage","url":"https:\/\/zapateneo.net\/wordpress\/wp-content\/uploads\/2023\/06\/sexo-raza-clase-9788419833013.jpg","contentUrl":"https:\/\/zapateneo.net\/wordpress\/wp-content\/uploads\/2023\/06\/sexo-raza-clase-9788419833013.jpg","width":286,"height":400},{"@type":"BreadcrumbList","@id":"https:\/\/zapateneo.net\/wordpress\/index.php\/producto\/sexo-raza-clase-una-perspectiva-para-vencer\/#breadcrumb","itemListElement":[{"@type":"ListItem","position":1,"name":"Portada","item":"https:\/\/zapateneo.net\/wordpress\/"},{"@type":"ListItem","position":2,"name":"Tienda","item":"https:\/\/zapateneo.net\/wordpress\/"},{"@type":"ListItem","position":3,"name":"SEXO, RAZA, CLASE Una perspectiva para vencer"}]},{"@type":"WebSite","@id":"https:\/\/zapateneo.net\/wordpress\/#website","url":"https:\/\/zapateneo.net\/wordpress\/","name":"Zapateneo","description":"Zapateneoaren webgunea","publisher":{"@id":"https:\/\/zapateneo.net\/wordpress\/#organization"},"potentialAction":[{"@type":"SearchAction","target":{"@type":"EntryPoint","urlTemplate":"https:\/\/zapateneo.net\/wordpress\/?s={search_term_string}"},"query-input":{"@type":"PropertyValueSpecification","valueRequired":true,"valueName":"search_term_string"}}],"inLanguage":"es"},{"@type":"Organization","@id":"https:\/\/zapateneo.net\/wordpress\/#organization","name":"Zapateneo Kultur Elkartea","url":"https:\/\/zapateneo.net\/wordpress\/","logo":{"@type":"ImageObject","inLanguage":"es","@id":"https:\/\/zapateneo.net\/wordpress\/#\/schema\/logo\/image\/","url":"https:\/\/zapateneo.net\/wordpress\/wp-content\/uploads\/2021\/04\/zap-libu-kolec.jpg","contentUrl":"https:\/\/zapateneo.net\/wordpress\/wp-content\/uploads\/2021\/04\/zap-libu-kolec.jpg","width":2234,"height":398,"caption":"Zapateneo Kultur Elkartea"},"image":{"@id":"https:\/\/zapateneo.net\/wordpress\/#\/schema\/logo\/image\/"},"sameAs":["https:\/\/x.com\/zapateneo"]}]}},"_links":{"self":[{"href":"https:\/\/zapateneo.net\/wordpress\/index.php\/wp-json\/wp\/v2\/product\/14600","targetHints":{"allow":["GET"]}}],"collection":[{"href":"https:\/\/zapateneo.net\/wordpress\/index.php\/wp-json\/wp\/v2\/product"}],"about":[{"href":"https:\/\/zapateneo.net\/wordpress\/index.php\/wp-json\/wp\/v2\/types\/product"}],"wp:featuredmedia":[{"embeddable":true,"href":"https:\/\/zapateneo.net\/wordpress\/index.php\/wp-json\/wp\/v2\/media\/14614"}],"wp:attachment":[{"href":"https:\/\/zapateneo.net\/wordpress\/index.php\/wp-json\/wp\/v2\/media?parent=14600"}],"wp:term":[{"taxonomy":"product_brand","embeddable":true,"href":"https:\/\/zapateneo.net\/wordpress\/index.php\/wp-json\/wp\/v2\/product_brand?post=14600"},{"taxonomy":"product_cat","embeddable":true,"href":"https:\/\/zapateneo.net\/wordpress\/index.php\/wp-json\/wp\/v2\/product_cat?post=14600"},{"taxonomy":"product_tag","embeddable":true,"href":"https:\/\/zapateneo.net\/wordpress\/index.php\/wp-json\/wp\/v2\/product_tag?post=14600"}],"curies":[{"name":"wp","href":"https:\/\/api.w.org\/{rel}","templated":true}]}}