{"id":14596,"date":"2023-06-29T18:25:32","date_gmt":"2023-06-29T17:25:32","guid":{"rendered":"https:\/\/zapateneo.net\/wordpress\/?post_type=product&#038;p=14596"},"modified":"2023-06-29T18:28:33","modified_gmt":"2023-06-29T17:28:33","slug":"construir-lo-comun-desde-el-disenso-5","status":"publish","type":"product","link":"https:\/\/zapateneo.net\/wordpress\/index.php\/producto\/construir-lo-comun-desde-el-disenso-5\/","title":{"rendered":"Construir lo com\u00fan desde el disenso"},"content":{"rendered":"<p>El ojo en lo cotidiano, lo invisible, las miradas que dicen sin decir. Las historias de las personas contadas d\u00eda a d\u00eda, el pasado tra\u00eddo al presente porque hoy se asom\u00f3 y nadie lo invit\u00f3. Aqu\u00ed donde el futuro aterra tanto que, si podemos evitarlo a toda costa, lo haremos.<\/p>\n<p>Al futuro no hay que aceptarlo tal y como se est\u00e1 dando; no es posible resignarse al futuro. Pero cuidado, que hay muchos que propagan la idea de que una sola puede enfrentar todos esos muros que caen sobre nuestros cuerpos y que am\u00e1ndose solas pueden librar estas batallas.<\/p>\n<p>Pero todos los d\u00edas nos enfrentamos a esa estructura vertical, capitalista y patriarcal que cae encima de nosotras y que a veces con esas l\u00e1pidas sobre nuestras espaldas es que enfrentamos la vida\u2026<\/p>\n<p>Queremos vivir entrelazando saberes populares en la cotidianidad, en los que no se separa pensar, sentir y hacer, y compartir con quienes quieran construir colectivamente la autogesti\u00f3n de la vida cotidiana, sin depender del Estado o del Mercado.<\/p>\n<p>\u00bfQue c\u00f3mo se hace? Ah, pues se vive as\u00ed, viviendo ahora.<\/p>\n<p>Es viviendo.<\/p>\n<p>Viviendo ahora.<\/p>\n<p>Este libro, coordinado por Ainhoa Ezeiza, Javier Encina, Emiliano Urteaga y Sina\u00ed Rivera (coords.), es una selecci\u00f3n de art\u00edculos de la tetralog\u00eda de Volap\u00fck Ediciones sobre autogesti\u00f3n de la vida cotidiana, eligiendo aquellos textos que fueran una ventana al desempoderamiento y a las forma de trabajo del ilusionismo social (culturas populares, salud, educaci\u00f3n, participaci\u00f3n, autonom\u00eda, construcci\u00f3n colectiva&#8230;). <\/p>\n<p>Estos textos se han entretejido con experiencias y reflexiones de autoras y autores mexicanos que, desde otros modos y otros lugares, conversan con la idea de autogesti\u00f3n de la vida, la salud, la educaci\u00f3n. En los art\u00edculos agrupados en este libro, hay diversidad en las reflexiones y las experiencias. Hay debates que se dejan abiertos para entrar y salir cuando se quiera y denuncias sobre c\u00f3mo se viven y se enfrentan las m\u00faltiples violencias y desigualdades. Es un libro que fue pensado tambi\u00e9n como material que ayude al trabajo comunitario, entrelazando experiencias y teor\u00eda para la construcci\u00f3n colectiva.<\/p>\n<p>Se conforma en cinco bloques:<\/p>\n<p>\u00b7 Un primer bloque para ir entrando en el libro por el Zagu\u00e1n.<\/p>\n<p>\u00b7 Un Pre\u00e1mbulo, con art\u00edculos que ayudan a situar algunas claves del debate que se propone.<\/p>\n<p>\u00b7 En Ambulando, se profundiza en diversos aspectos m\u00e1s te\u00f3ricos o conceptuales.<\/p>\n<p>\u00b7 Al pasar a Nomadeando, compartimos algunas experiencias que nos muestran vivencias en su complejidad.<\/p>\n<p>\u00b7 Y, finalmente, salimos del libro gracias al Epi\u00e1mbulo, para no quedarnos atrapadas en \u00e9l, con art\u00edculos que reflejan sentires, pensares y haceres que nos abren a nuevos mundos desde el disenso.<\/p>\n","protected":false},"excerpt":{"rendered":"<p><strong>Ainhoa Ezeiza, Javier Encina, Emiliano Urteaga y Sina\u00ed Rivera<\/strong><br \/>\n978-84-947515-9-2 &#8211; Volap\u00fck &#8211; 2022 &#8211; 367 p\u00e1ginas \/orri.<\/p>\n","protected":false},"featured_media":14610,"template":"","meta":[],"product_brand":[],"product_cat":[177,16],"product_tag":[5924,6666,5923,3769],"class_list":{"0":"post-14596","1":"product","2":"type-product","3":"status-publish","4":"has-post-thumbnail","6":"product_cat-gizarte-mugimenduak-movimientos-sociales","7":"product_cat-libros","8":"product_tag-ainhoa-ezeiza","9":"product_tag-emiliano-urteaga-y-sinai-rivera","10":"product_tag-javier-encina","11":"product_tag-volapuk","13":"first","14":"instock","15":"sold-individually","16":"shipping-taxable","17":"purchasable","18":"product-type-simple"},"yoast_head":"<!-- This site is optimized with the Yoast SEO plugin v27.3 - https:\/\/yoast.com\/product\/yoast-seo-wordpress\/ -->\n<title>Construir lo com\u00fan desde el disenso &#8212; Zapateneo<\/title>\n<meta name=\"robots\" content=\"index, follow, max-snippet:-1, max-image-preview:large, max-video-preview:-1\" \/>\n<link rel=\"canonical\" href=\"https:\/\/zapateneo.net\/wordpress\/index.php\/producto\/construir-lo-comun-desde-el-disenso-5\/\" \/>\n<meta property=\"og:locale\" content=\"es_ES\" \/>\n<meta property=\"og:type\" content=\"article\" \/>\n<meta property=\"og:title\" content=\"Construir lo com\u00fan desde el disenso &#8212; Zapateneo\" \/>\n<meta property=\"og:description\" content=\"Ainhoa Ezeiza, Javier Encina, Emiliano Urteaga y Sina\u00ed Rivera 978-84-947515-9-2 - Volap\u00fck - 2022 - 367 p\u00e1ginas \/orri.\" \/>\n<meta property=\"og:url\" content=\"https:\/\/zapateneo.net\/wordpress\/index.php\/producto\/construir-lo-comun-desde-el-disenso-5\/\" \/>\n<meta property=\"og:site_name\" content=\"Zapateneo\" \/>\n<meta property=\"article:modified_time\" content=\"2023-06-29T17:28:33+00:00\" \/>\n<meta property=\"og:image\" content=\"https:\/\/zapateneo.net\/wordpress\/wp-content\/uploads\/2023\/06\/cubierta_libro_construir_lo_comun_desde_el_disenso.jpg\" \/>\n\t<meta property=\"og:image:width\" content=\"400\" \/>\n\t<meta property=\"og:image:height\" content=\"287\" \/>\n\t<meta property=\"og:image:type\" content=\"image\/jpeg\" \/>\n<meta name=\"twitter:card\" content=\"summary_large_image\" \/>\n<meta name=\"twitter:site\" content=\"@zapateneo\" \/>\n<meta name=\"twitter:label1\" content=\"Tiempo de lectura\" \/>\n\t<meta name=\"twitter:data1\" content=\"2 minutos\" \/>\n<script type=\"application\/ld+json\" class=\"yoast-schema-graph\">{\"@context\":\"https:\\\/\\\/schema.org\",\"@graph\":[{\"@type\":\"WebPage\",\"@id\":\"https:\\\/\\\/zapateneo.net\\\/wordpress\\\/index.php\\\/producto\\\/construir-lo-comun-desde-el-disenso-5\\\/\",\"url\":\"https:\\\/\\\/zapateneo.net\\\/wordpress\\\/index.php\\\/producto\\\/construir-lo-comun-desde-el-disenso-5\\\/\",\"name\":\"Construir lo com\u00fan desde el disenso &#8212; Zapateneo\",\"isPartOf\":{\"@id\":\"https:\\\/\\\/zapateneo.net\\\/wordpress\\\/#website\"},\"primaryImageOfPage\":{\"@id\":\"https:\\\/\\\/zapateneo.net\\\/wordpress\\\/index.php\\\/producto\\\/construir-lo-comun-desde-el-disenso-5\\\/#primaryimage\"},\"image\":{\"@id\":\"https:\\\/\\\/zapateneo.net\\\/wordpress\\\/index.php\\\/producto\\\/construir-lo-comun-desde-el-disenso-5\\\/#primaryimage\"},\"thumbnailUrl\":\"https:\\\/\\\/zapateneo.net\\\/wordpress\\\/wp-content\\\/uploads\\\/2023\\\/06\\\/cubierta_libro_construir_lo_comun_desde_el_disenso.jpg\",\"datePublished\":\"2023-06-29T17:25:32+00:00\",\"dateModified\":\"2023-06-29T17:28:33+00:00\",\"breadcrumb\":{\"@id\":\"https:\\\/\\\/zapateneo.net\\\/wordpress\\\/index.php\\\/producto\\\/construir-lo-comun-desde-el-disenso-5\\\/#breadcrumb\"},\"inLanguage\":\"es\",\"potentialAction\":[{\"@type\":\"ReadAction\",\"target\":[\"https:\\\/\\\/zapateneo.net\\\/wordpress\\\/index.php\\\/producto\\\/construir-lo-comun-desde-el-disenso-5\\\/\"]}]},{\"@type\":\"ImageObject\",\"inLanguage\":\"es\",\"@id\":\"https:\\\/\\\/zapateneo.net\\\/wordpress\\\/index.php\\\/producto\\\/construir-lo-comun-desde-el-disenso-5\\\/#primaryimage\",\"url\":\"https:\\\/\\\/zapateneo.net\\\/wordpress\\\/wp-content\\\/uploads\\\/2023\\\/06\\\/cubierta_libro_construir_lo_comun_desde_el_disenso.jpg\",\"contentUrl\":\"https:\\\/\\\/zapateneo.net\\\/wordpress\\\/wp-content\\\/uploads\\\/2023\\\/06\\\/cubierta_libro_construir_lo_comun_desde_el_disenso.jpg\",\"width\":400,\"height\":287},{\"@type\":\"BreadcrumbList\",\"@id\":\"https:\\\/\\\/zapateneo.net\\\/wordpress\\\/index.php\\\/producto\\\/construir-lo-comun-desde-el-disenso-5\\\/#breadcrumb\",\"itemListElement\":[{\"@type\":\"ListItem\",\"position\":1,\"name\":\"Portada\",\"item\":\"https:\\\/\\\/zapateneo.net\\\/wordpress\\\/\"},{\"@type\":\"ListItem\",\"position\":2,\"name\":\"Tienda\",\"item\":\"https:\\\/\\\/zapateneo.net\\\/wordpress\\\/\"},{\"@type\":\"ListItem\",\"position\":3,\"name\":\"Construir lo com\u00fan desde el disenso\"}]},{\"@type\":\"WebSite\",\"@id\":\"https:\\\/\\\/zapateneo.net\\\/wordpress\\\/#website\",\"url\":\"https:\\\/\\\/zapateneo.net\\\/wordpress\\\/\",\"name\":\"Zapateneo\",\"description\":\"Zapateneoaren webgunea\",\"publisher\":{\"@id\":\"https:\\\/\\\/zapateneo.net\\\/wordpress\\\/#organization\"},\"potentialAction\":[{\"@type\":\"SearchAction\",\"target\":{\"@type\":\"EntryPoint\",\"urlTemplate\":\"https:\\\/\\\/zapateneo.net\\\/wordpress\\\/?s={search_term_string}\"},\"query-input\":{\"@type\":\"PropertyValueSpecification\",\"valueRequired\":true,\"valueName\":\"search_term_string\"}}],\"inLanguage\":\"es\"},{\"@type\":\"Organization\",\"@id\":\"https:\\\/\\\/zapateneo.net\\\/wordpress\\\/#organization\",\"name\":\"Zapateneo Kultur Elkartea\",\"url\":\"https:\\\/\\\/zapateneo.net\\\/wordpress\\\/\",\"logo\":{\"@type\":\"ImageObject\",\"inLanguage\":\"es\",\"@id\":\"https:\\\/\\\/zapateneo.net\\\/wordpress\\\/#\\\/schema\\\/logo\\\/image\\\/\",\"url\":\"https:\\\/\\\/zapateneo.net\\\/wordpress\\\/wp-content\\\/uploads\\\/2021\\\/04\\\/zap-libu-kolec.jpg\",\"contentUrl\":\"https:\\\/\\\/zapateneo.net\\\/wordpress\\\/wp-content\\\/uploads\\\/2021\\\/04\\\/zap-libu-kolec.jpg\",\"width\":2234,\"height\":398,\"caption\":\"Zapateneo Kultur Elkartea\"},\"image\":{\"@id\":\"https:\\\/\\\/zapateneo.net\\\/wordpress\\\/#\\\/schema\\\/logo\\\/image\\\/\"},\"sameAs\":[\"https:\\\/\\\/x.com\\\/zapateneo\"]}]}<\/script>\n<!-- \/ Yoast SEO plugin. -->","yoast_head_json":{"title":"Construir lo com\u00fan desde el disenso &#8212; Zapateneo","robots":{"index":"index","follow":"follow","max-snippet":"max-snippet:-1","max-image-preview":"max-image-preview:large","max-video-preview":"max-video-preview:-1"},"canonical":"https:\/\/zapateneo.net\/wordpress\/index.php\/producto\/construir-lo-comun-desde-el-disenso-5\/","og_locale":"es_ES","og_type":"article","og_title":"Construir lo com\u00fan desde el disenso &#8212; Zapateneo","og_description":"Ainhoa Ezeiza, Javier Encina, Emiliano Urteaga y Sina\u00ed Rivera 978-84-947515-9-2 - Volap\u00fck - 2022 - 367 p\u00e1ginas \/orri.","og_url":"https:\/\/zapateneo.net\/wordpress\/index.php\/producto\/construir-lo-comun-desde-el-disenso-5\/","og_site_name":"Zapateneo","article_modified_time":"2023-06-29T17:28:33+00:00","og_image":[{"width":400,"height":287,"url":"https:\/\/zapateneo.net\/wordpress\/wp-content\/uploads\/2023\/06\/cubierta_libro_construir_lo_comun_desde_el_disenso.jpg","type":"image\/jpeg"}],"twitter_card":"summary_large_image","twitter_site":"@zapateneo","twitter_misc":{"Tiempo de lectura":"2 minutos"},"schema":{"@context":"https:\/\/schema.org","@graph":[{"@type":"WebPage","@id":"https:\/\/zapateneo.net\/wordpress\/index.php\/producto\/construir-lo-comun-desde-el-disenso-5\/","url":"https:\/\/zapateneo.net\/wordpress\/index.php\/producto\/construir-lo-comun-desde-el-disenso-5\/","name":"Construir lo com\u00fan desde el disenso &#8212; Zapateneo","isPartOf":{"@id":"https:\/\/zapateneo.net\/wordpress\/#website"},"primaryImageOfPage":{"@id":"https:\/\/zapateneo.net\/wordpress\/index.php\/producto\/construir-lo-comun-desde-el-disenso-5\/#primaryimage"},"image":{"@id":"https:\/\/zapateneo.net\/wordpress\/index.php\/producto\/construir-lo-comun-desde-el-disenso-5\/#primaryimage"},"thumbnailUrl":"https:\/\/zapateneo.net\/wordpress\/wp-content\/uploads\/2023\/06\/cubierta_libro_construir_lo_comun_desde_el_disenso.jpg","datePublished":"2023-06-29T17:25:32+00:00","dateModified":"2023-06-29T17:28:33+00:00","breadcrumb":{"@id":"https:\/\/zapateneo.net\/wordpress\/index.php\/producto\/construir-lo-comun-desde-el-disenso-5\/#breadcrumb"},"inLanguage":"es","potentialAction":[{"@type":"ReadAction","target":["https:\/\/zapateneo.net\/wordpress\/index.php\/producto\/construir-lo-comun-desde-el-disenso-5\/"]}]},{"@type":"ImageObject","inLanguage":"es","@id":"https:\/\/zapateneo.net\/wordpress\/index.php\/producto\/construir-lo-comun-desde-el-disenso-5\/#primaryimage","url":"https:\/\/zapateneo.net\/wordpress\/wp-content\/uploads\/2023\/06\/cubierta_libro_construir_lo_comun_desde_el_disenso.jpg","contentUrl":"https:\/\/zapateneo.net\/wordpress\/wp-content\/uploads\/2023\/06\/cubierta_libro_construir_lo_comun_desde_el_disenso.jpg","width":400,"height":287},{"@type":"BreadcrumbList","@id":"https:\/\/zapateneo.net\/wordpress\/index.php\/producto\/construir-lo-comun-desde-el-disenso-5\/#breadcrumb","itemListElement":[{"@type":"ListItem","position":1,"name":"Portada","item":"https:\/\/zapateneo.net\/wordpress\/"},{"@type":"ListItem","position":2,"name":"Tienda","item":"https:\/\/zapateneo.net\/wordpress\/"},{"@type":"ListItem","position":3,"name":"Construir lo com\u00fan desde el disenso"}]},{"@type":"WebSite","@id":"https:\/\/zapateneo.net\/wordpress\/#website","url":"https:\/\/zapateneo.net\/wordpress\/","name":"Zapateneo","description":"Zapateneoaren webgunea","publisher":{"@id":"https:\/\/zapateneo.net\/wordpress\/#organization"},"potentialAction":[{"@type":"SearchAction","target":{"@type":"EntryPoint","urlTemplate":"https:\/\/zapateneo.net\/wordpress\/?s={search_term_string}"},"query-input":{"@type":"PropertyValueSpecification","valueRequired":true,"valueName":"search_term_string"}}],"inLanguage":"es"},{"@type":"Organization","@id":"https:\/\/zapateneo.net\/wordpress\/#organization","name":"Zapateneo Kultur Elkartea","url":"https:\/\/zapateneo.net\/wordpress\/","logo":{"@type":"ImageObject","inLanguage":"es","@id":"https:\/\/zapateneo.net\/wordpress\/#\/schema\/logo\/image\/","url":"https:\/\/zapateneo.net\/wordpress\/wp-content\/uploads\/2021\/04\/zap-libu-kolec.jpg","contentUrl":"https:\/\/zapateneo.net\/wordpress\/wp-content\/uploads\/2021\/04\/zap-libu-kolec.jpg","width":2234,"height":398,"caption":"Zapateneo Kultur Elkartea"},"image":{"@id":"https:\/\/zapateneo.net\/wordpress\/#\/schema\/logo\/image\/"},"sameAs":["https:\/\/x.com\/zapateneo"]}]}},"_links":{"self":[{"href":"https:\/\/zapateneo.net\/wordpress\/index.php\/wp-json\/wp\/v2\/product\/14596","targetHints":{"allow":["GET"]}}],"collection":[{"href":"https:\/\/zapateneo.net\/wordpress\/index.php\/wp-json\/wp\/v2\/product"}],"about":[{"href":"https:\/\/zapateneo.net\/wordpress\/index.php\/wp-json\/wp\/v2\/types\/product"}],"wp:featuredmedia":[{"embeddable":true,"href":"https:\/\/zapateneo.net\/wordpress\/index.php\/wp-json\/wp\/v2\/media\/14610"}],"wp:attachment":[{"href":"https:\/\/zapateneo.net\/wordpress\/index.php\/wp-json\/wp\/v2\/media?parent=14596"}],"wp:term":[{"taxonomy":"product_brand","embeddable":true,"href":"https:\/\/zapateneo.net\/wordpress\/index.php\/wp-json\/wp\/v2\/product_brand?post=14596"},{"taxonomy":"product_cat","embeddable":true,"href":"https:\/\/zapateneo.net\/wordpress\/index.php\/wp-json\/wp\/v2\/product_cat?post=14596"},{"taxonomy":"product_tag","embeddable":true,"href":"https:\/\/zapateneo.net\/wordpress\/index.php\/wp-json\/wp\/v2\/product_tag?post=14596"}],"curies":[{"name":"wp","href":"https:\/\/api.w.org\/{rel}","templated":true}]}}