{"id":14565,"date":"2022-06-16T15:49:43","date_gmt":"2022-06-16T14:49:43","guid":{"rendered":"https:\/\/zapateneo.net\/wordpress\/?post_type=product&#038;p=14565"},"modified":"2023-06-18T15:26:05","modified_gmt":"2023-06-18T14:26:05","slug":"vision-tunel-inedito-vision-tunel-doble-lp","status":"publish","type":"product","link":"https:\/\/zapateneo.net\/wordpress\/index.php\/producto\/vision-tunel-inedito-vision-tunel-doble-lp\/","title":{"rendered":"Visi\u00f3n T\u00fanel: In\u00e9dito + Visi\u00f3n Tunel (Doble LP)"},"content":{"rendered":"<p>Una de las bandas m\u00e1s interesantes (y no s\u00f3lo en lo musical) del underground estatal fueron sin duda Vision Tunel. La banda zaragozana nos trajo viento fresco a la escena alternativa con una propuesta musical poco habitual en los espacios m\u00e1s okupis y gaztetxeros. La voz, unas veces dulce otras veces desga\u00f1itada, de Pepa, el talento de los m\u00fasicos que la acompa\u00f1aban y su fuerza en directo nos conquistaron a quienes and\u00e1bamos en el \u00abrollo\u00bb all\u00e1 a principios de este siglo. No era de extra\u00f1ar, teniendo en cuenta que por sus filas pasaron gentes de grandes bandas como Criatura, El Coraz\u00f3n del Sapo, Fuerza para Vivir, etc\u2026 Lo curioso del grupo fue que al igual que Los Panchos o Napalm Death, en su formaci\u00f3n final ya no quedaba nadie de la primera \u00e9poca. Pero lo realmente inexplicable fue que dejaran sin editar un LP completo. Y no pens\u00e9is que debido a que se separaran o algo as\u00ed (de hecho continuaron unos cuantos a\u00f1os m\u00e1s y editaron alg\u00fan otro trabajo), si no quiz\u00e1 porque pensaron que no hab\u00eda quedado lo suficientemente pulido, que pod\u00edan a\u00fan hacerlo mejor\u2026, a saber. El caso es que diecisiete a\u00f1os despu\u00e9s, termina por fin esa suerte de clandestinidad a la que se forz\u00f3 a esas canciones. Salen del limbo por primera vez en formato f\u00edsico en una elegante edici\u00f3n en doble LP. Era de justicia. La primera placa nos trae los ocho temas in\u00e9ditos de ese \u00abdisco perdido\u00bb y como excelente complemento la segunda rodaja nos trae su disco debut (editado en CD en 2003), por primera vez en formato vinilo. El post hardcore, el post-rock. el emo, los sonidos progresivos, el rock alternativo, todos ellos se dan la mano en esta joya sonora que son Vision Tunel. DDT BANAKETAK se congratula de haber participado en esta edici\u00f3n colaborando no s\u00f3lo con la banda, sino tambi\u00e9n con viej@s amig@s como lo son los sellos\/distris\/colectivos In My Heart Empire (Barakaldo), Zapateno (Gasteiz) y Pozoin Banaketak (Laudio), con quienes hemos compartido tantos momentos y proyectos a lo largo de los a\u00f1os dentro de este peque\u00f1o gran mundo del Hazlo Tu Mism@..<\/p>\n","protected":false},"excerpt":{"rendered":"<p><strong>Zapateneo, Pozoin, In My Heart, DDT<\/strong><br \/>\n&#8211; Vinilo<\/p>\n","protected":false},"featured_media":8262,"template":"","meta":[],"product_brand":[],"product_cat":[168],"product_tag":[738,4617,4616,6275,4615,1913],"class_list":{"0":"post-14565","1":"product","2":"type-product","3":"status-publish","4":"has-post-thumbnail","6":"product_cat-musica-musika","7":"product_tag-ddt","8":"product_tag-in-my-heart","9":"product_tag-pozoin","10":"product_tag-vision-tunel","11":"product_tag-vison-tunel","12":"product_tag-zapateneo","14":"first","15":"instock","16":"sold-individually","17":"shipping-taxable","18":"purchasable","19":"product-type-simple"},"yoast_head":"<!-- This site is optimized with the Yoast SEO plugin v27.3 - https:\/\/yoast.com\/product\/yoast-seo-wordpress\/ -->\n<title>Visi\u00f3n T\u00fanel: In\u00e9dito + Visi\u00f3n Tunel (Doble LP) &#8212; Zapateneo<\/title>\n<meta name=\"robots\" content=\"index, follow, max-snippet:-1, max-image-preview:large, max-video-preview:-1\" \/>\n<link rel=\"canonical\" href=\"https:\/\/zapateneo.net\/wordpress\/index.php\/producto\/vision-tunel-inedito-vision-tunel-doble-lp\/\" \/>\n<meta property=\"og:locale\" content=\"es_ES\" \/>\n<meta property=\"og:type\" content=\"article\" \/>\n<meta property=\"og:title\" content=\"Visi\u00f3n T\u00fanel: In\u00e9dito + Visi\u00f3n Tunel (Doble LP) &#8212; Zapateneo\" \/>\n<meta property=\"og:description\" content=\"Zapateneo, Pozoin, In My Heart, DDT - Vinilo\" \/>\n<meta property=\"og:url\" content=\"https:\/\/zapateneo.net\/wordpress\/index.php\/producto\/vision-tunel-inedito-vision-tunel-doble-lp\/\" \/>\n<meta property=\"og:site_name\" content=\"Zapateneo\" \/>\n<meta property=\"article:modified_time\" content=\"2023-06-18T14:26:05+00:00\" \/>\n<meta property=\"og:image\" content=\"https:\/\/zapateneo.net\/wordpress\/wp-content\/uploads\/2021\/09\/visiontunel.png\" \/>\n\t<meta property=\"og:image:width\" content=\"400\" \/>\n\t<meta property=\"og:image:height\" content=\"393\" \/>\n\t<meta property=\"og:image:type\" content=\"image\/png\" \/>\n<meta name=\"twitter:card\" content=\"summary_large_image\" \/>\n<meta name=\"twitter:site\" content=\"@zapateneo\" \/>\n<meta name=\"twitter:label1\" content=\"Tiempo de lectura\" \/>\n\t<meta name=\"twitter:data1\" content=\"2 minutos\" \/>\n<script type=\"application\/ld+json\" class=\"yoast-schema-graph\">{\"@context\":\"https:\\\/\\\/schema.org\",\"@graph\":[{\"@type\":\"WebPage\",\"@id\":\"https:\\\/\\\/zapateneo.net\\\/wordpress\\\/index.php\\\/producto\\\/vision-tunel-inedito-vision-tunel-doble-lp\\\/\",\"url\":\"https:\\\/\\\/zapateneo.net\\\/wordpress\\\/index.php\\\/producto\\\/vision-tunel-inedito-vision-tunel-doble-lp\\\/\",\"name\":\"Visi\u00f3n T\u00fanel: In\u00e9dito + Visi\u00f3n Tunel (Doble LP) &#8212; Zapateneo\",\"isPartOf\":{\"@id\":\"https:\\\/\\\/zapateneo.net\\\/wordpress\\\/#website\"},\"primaryImageOfPage\":{\"@id\":\"https:\\\/\\\/zapateneo.net\\\/wordpress\\\/index.php\\\/producto\\\/vision-tunel-inedito-vision-tunel-doble-lp\\\/#primaryimage\"},\"image\":{\"@id\":\"https:\\\/\\\/zapateneo.net\\\/wordpress\\\/index.php\\\/producto\\\/vision-tunel-inedito-vision-tunel-doble-lp\\\/#primaryimage\"},\"thumbnailUrl\":\"https:\\\/\\\/zapateneo.net\\\/wordpress\\\/wp-content\\\/uploads\\\/2021\\\/09\\\/visiontunel.png\",\"datePublished\":\"2022-06-16T14:49:43+00:00\",\"dateModified\":\"2023-06-18T14:26:05+00:00\",\"breadcrumb\":{\"@id\":\"https:\\\/\\\/zapateneo.net\\\/wordpress\\\/index.php\\\/producto\\\/vision-tunel-inedito-vision-tunel-doble-lp\\\/#breadcrumb\"},\"inLanguage\":\"es\",\"potentialAction\":[{\"@type\":\"ReadAction\",\"target\":[\"https:\\\/\\\/zapateneo.net\\\/wordpress\\\/index.php\\\/producto\\\/vision-tunel-inedito-vision-tunel-doble-lp\\\/\"]}]},{\"@type\":\"ImageObject\",\"inLanguage\":\"es\",\"@id\":\"https:\\\/\\\/zapateneo.net\\\/wordpress\\\/index.php\\\/producto\\\/vision-tunel-inedito-vision-tunel-doble-lp\\\/#primaryimage\",\"url\":\"https:\\\/\\\/zapateneo.net\\\/wordpress\\\/wp-content\\\/uploads\\\/2021\\\/09\\\/visiontunel.png\",\"contentUrl\":\"https:\\\/\\\/zapateneo.net\\\/wordpress\\\/wp-content\\\/uploads\\\/2021\\\/09\\\/visiontunel.png\",\"width\":400,\"height\":393},{\"@type\":\"BreadcrumbList\",\"@id\":\"https:\\\/\\\/zapateneo.net\\\/wordpress\\\/index.php\\\/producto\\\/vision-tunel-inedito-vision-tunel-doble-lp\\\/#breadcrumb\",\"itemListElement\":[{\"@type\":\"ListItem\",\"position\":1,\"name\":\"Portada\",\"item\":\"https:\\\/\\\/zapateneo.net\\\/wordpress\\\/\"},{\"@type\":\"ListItem\",\"position\":2,\"name\":\"Tienda\",\"item\":\"https:\\\/\\\/zapateneo.net\\\/wordpress\\\/\"},{\"@type\":\"ListItem\",\"position\":3,\"name\":\"Visi\u00f3n T\u00fanel: In\u00e9dito + Visi\u00f3n Tunel (Doble LP)\"}]},{\"@type\":\"WebSite\",\"@id\":\"https:\\\/\\\/zapateneo.net\\\/wordpress\\\/#website\",\"url\":\"https:\\\/\\\/zapateneo.net\\\/wordpress\\\/\",\"name\":\"Zapateneo\",\"description\":\"Zapateneoaren webgunea\",\"publisher\":{\"@id\":\"https:\\\/\\\/zapateneo.net\\\/wordpress\\\/#organization\"},\"potentialAction\":[{\"@type\":\"SearchAction\",\"target\":{\"@type\":\"EntryPoint\",\"urlTemplate\":\"https:\\\/\\\/zapateneo.net\\\/wordpress\\\/?s={search_term_string}\"},\"query-input\":{\"@type\":\"PropertyValueSpecification\",\"valueRequired\":true,\"valueName\":\"search_term_string\"}}],\"inLanguage\":\"es\"},{\"@type\":\"Organization\",\"@id\":\"https:\\\/\\\/zapateneo.net\\\/wordpress\\\/#organization\",\"name\":\"Zapateneo Kultur Elkartea\",\"url\":\"https:\\\/\\\/zapateneo.net\\\/wordpress\\\/\",\"logo\":{\"@type\":\"ImageObject\",\"inLanguage\":\"es\",\"@id\":\"https:\\\/\\\/zapateneo.net\\\/wordpress\\\/#\\\/schema\\\/logo\\\/image\\\/\",\"url\":\"https:\\\/\\\/zapateneo.net\\\/wordpress\\\/wp-content\\\/uploads\\\/2021\\\/04\\\/zap-libu-kolec.jpg\",\"contentUrl\":\"https:\\\/\\\/zapateneo.net\\\/wordpress\\\/wp-content\\\/uploads\\\/2021\\\/04\\\/zap-libu-kolec.jpg\",\"width\":2234,\"height\":398,\"caption\":\"Zapateneo Kultur Elkartea\"},\"image\":{\"@id\":\"https:\\\/\\\/zapateneo.net\\\/wordpress\\\/#\\\/schema\\\/logo\\\/image\\\/\"},\"sameAs\":[\"https:\\\/\\\/x.com\\\/zapateneo\"]}]}<\/script>\n<!-- \/ Yoast SEO plugin. -->","yoast_head_json":{"title":"Visi\u00f3n T\u00fanel: In\u00e9dito + Visi\u00f3n Tunel (Doble LP) &#8212; Zapateneo","robots":{"index":"index","follow":"follow","max-snippet":"max-snippet:-1","max-image-preview":"max-image-preview:large","max-video-preview":"max-video-preview:-1"},"canonical":"https:\/\/zapateneo.net\/wordpress\/index.php\/producto\/vision-tunel-inedito-vision-tunel-doble-lp\/","og_locale":"es_ES","og_type":"article","og_title":"Visi\u00f3n T\u00fanel: In\u00e9dito + Visi\u00f3n Tunel (Doble LP) &#8212; Zapateneo","og_description":"Zapateneo, Pozoin, In My Heart, DDT - Vinilo","og_url":"https:\/\/zapateneo.net\/wordpress\/index.php\/producto\/vision-tunel-inedito-vision-tunel-doble-lp\/","og_site_name":"Zapateneo","article_modified_time":"2023-06-18T14:26:05+00:00","og_image":[{"width":400,"height":393,"url":"https:\/\/zapateneo.net\/wordpress\/wp-content\/uploads\/2021\/09\/visiontunel.png","type":"image\/png"}],"twitter_card":"summary_large_image","twitter_site":"@zapateneo","twitter_misc":{"Tiempo de lectura":"2 minutos"},"schema":{"@context":"https:\/\/schema.org","@graph":[{"@type":"WebPage","@id":"https:\/\/zapateneo.net\/wordpress\/index.php\/producto\/vision-tunel-inedito-vision-tunel-doble-lp\/","url":"https:\/\/zapateneo.net\/wordpress\/index.php\/producto\/vision-tunel-inedito-vision-tunel-doble-lp\/","name":"Visi\u00f3n T\u00fanel: In\u00e9dito + Visi\u00f3n Tunel (Doble LP) &#8212; Zapateneo","isPartOf":{"@id":"https:\/\/zapateneo.net\/wordpress\/#website"},"primaryImageOfPage":{"@id":"https:\/\/zapateneo.net\/wordpress\/index.php\/producto\/vision-tunel-inedito-vision-tunel-doble-lp\/#primaryimage"},"image":{"@id":"https:\/\/zapateneo.net\/wordpress\/index.php\/producto\/vision-tunel-inedito-vision-tunel-doble-lp\/#primaryimage"},"thumbnailUrl":"https:\/\/zapateneo.net\/wordpress\/wp-content\/uploads\/2021\/09\/visiontunel.png","datePublished":"2022-06-16T14:49:43+00:00","dateModified":"2023-06-18T14:26:05+00:00","breadcrumb":{"@id":"https:\/\/zapateneo.net\/wordpress\/index.php\/producto\/vision-tunel-inedito-vision-tunel-doble-lp\/#breadcrumb"},"inLanguage":"es","potentialAction":[{"@type":"ReadAction","target":["https:\/\/zapateneo.net\/wordpress\/index.php\/producto\/vision-tunel-inedito-vision-tunel-doble-lp\/"]}]},{"@type":"ImageObject","inLanguage":"es","@id":"https:\/\/zapateneo.net\/wordpress\/index.php\/producto\/vision-tunel-inedito-vision-tunel-doble-lp\/#primaryimage","url":"https:\/\/zapateneo.net\/wordpress\/wp-content\/uploads\/2021\/09\/visiontunel.png","contentUrl":"https:\/\/zapateneo.net\/wordpress\/wp-content\/uploads\/2021\/09\/visiontunel.png","width":400,"height":393},{"@type":"BreadcrumbList","@id":"https:\/\/zapateneo.net\/wordpress\/index.php\/producto\/vision-tunel-inedito-vision-tunel-doble-lp\/#breadcrumb","itemListElement":[{"@type":"ListItem","position":1,"name":"Portada","item":"https:\/\/zapateneo.net\/wordpress\/"},{"@type":"ListItem","position":2,"name":"Tienda","item":"https:\/\/zapateneo.net\/wordpress\/"},{"@type":"ListItem","position":3,"name":"Visi\u00f3n T\u00fanel: In\u00e9dito + Visi\u00f3n Tunel (Doble LP)"}]},{"@type":"WebSite","@id":"https:\/\/zapateneo.net\/wordpress\/#website","url":"https:\/\/zapateneo.net\/wordpress\/","name":"Zapateneo","description":"Zapateneoaren webgunea","publisher":{"@id":"https:\/\/zapateneo.net\/wordpress\/#organization"},"potentialAction":[{"@type":"SearchAction","target":{"@type":"EntryPoint","urlTemplate":"https:\/\/zapateneo.net\/wordpress\/?s={search_term_string}"},"query-input":{"@type":"PropertyValueSpecification","valueRequired":true,"valueName":"search_term_string"}}],"inLanguage":"es"},{"@type":"Organization","@id":"https:\/\/zapateneo.net\/wordpress\/#organization","name":"Zapateneo Kultur Elkartea","url":"https:\/\/zapateneo.net\/wordpress\/","logo":{"@type":"ImageObject","inLanguage":"es","@id":"https:\/\/zapateneo.net\/wordpress\/#\/schema\/logo\/image\/","url":"https:\/\/zapateneo.net\/wordpress\/wp-content\/uploads\/2021\/04\/zap-libu-kolec.jpg","contentUrl":"https:\/\/zapateneo.net\/wordpress\/wp-content\/uploads\/2021\/04\/zap-libu-kolec.jpg","width":2234,"height":398,"caption":"Zapateneo Kultur Elkartea"},"image":{"@id":"https:\/\/zapateneo.net\/wordpress\/#\/schema\/logo\/image\/"},"sameAs":["https:\/\/x.com\/zapateneo"]}]}},"_links":{"self":[{"href":"https:\/\/zapateneo.net\/wordpress\/index.php\/wp-json\/wp\/v2\/product\/14565","targetHints":{"allow":["GET"]}}],"collection":[{"href":"https:\/\/zapateneo.net\/wordpress\/index.php\/wp-json\/wp\/v2\/product"}],"about":[{"href":"https:\/\/zapateneo.net\/wordpress\/index.php\/wp-json\/wp\/v2\/types\/product"}],"wp:featuredmedia":[{"embeddable":true,"href":"https:\/\/zapateneo.net\/wordpress\/index.php\/wp-json\/wp\/v2\/media\/8262"}],"wp:attachment":[{"href":"https:\/\/zapateneo.net\/wordpress\/index.php\/wp-json\/wp\/v2\/media?parent=14565"}],"wp:term":[{"taxonomy":"product_brand","embeddable":true,"href":"https:\/\/zapateneo.net\/wordpress\/index.php\/wp-json\/wp\/v2\/product_brand?post=14565"},{"taxonomy":"product_cat","embeddable":true,"href":"https:\/\/zapateneo.net\/wordpress\/index.php\/wp-json\/wp\/v2\/product_cat?post=14565"},{"taxonomy":"product_tag","embeddable":true,"href":"https:\/\/zapateneo.net\/wordpress\/index.php\/wp-json\/wp\/v2\/product_tag?post=14565"}],"curies":[{"name":"wp","href":"https:\/\/api.w.org\/{rel}","templated":true}]}}