{"id":143,"date":"2021-04-05T12:51:19","date_gmt":"2021-04-05T11:51:19","guid":{"rendered":"https:\/\/zapateneo.net\/wordpress\/?post_type=product&#038;p=143"},"modified":"2023-04-10T18:53:19","modified_gmt":"2023-04-10T17:53:19","slug":"el-duende-del-maquis","status":"publish","type":"product","link":"https:\/\/zapateneo.net\/wordpress\/index.php\/producto\/el-duende-del-maquis\/","title":{"rendered":"El duende del maquis"},"content":{"rendered":"<p style=\"font-style: inherit; font-weight: inherit;\">Jes\u00fas Mart\u00ednez Maluenda, conocido como<i><em style=\"font-weight: inherit;\">\u00a0Ma\u00f1o<\/em><\/i>\u00a0o<i><em style=\"font-weight: inherit;\">\u00a0el Duende<\/em><\/i>, fue una figura tan esencial como an\u00f3nima en las actividades del maquis en Catalu\u00f1a. No protagoniz\u00f3 ninguna acci\u00f3n, pero hizo posibles muchas. Ha sido uno de los mejores gu\u00edas de monta\u00f1a durante la resistencia contra la franquismo: comparti\u00f3 experiencias y lucha, entre otros, con<span style=\"font-style: inherit; font-weight: inherit;\">\u00a0\u00a0<\/span>Josep Llu\u00eds Facer\u00edas, Quico Sabat\u00e9, Marcel\u00b7li Massana y Ramon Vila Capdevila, con el que tuvo una relaci\u00f3n de hermanos. Atravesaba con frecuencia la frontera desde Francia para introducir explosivos o armamentos, para entregar documentos o dinero, para acompa\u00f1ar a miembros de la CNT en misiones en el Interior o para ayudar a escapar de las garras de la dictadura a compa\u00f1eros perseguidos por la polic\u00eda.<\/p>\n<p style=\"font-style: inherit; font-weight: inherit;\">Gracias a su capacidad para pasar inadvertido, sus precauciones extremas y su astucia, nunca cay\u00f3 en manos de la polic\u00eda ni de la Guardia Civil, mientras ve\u00eda como sus compa\u00f1eros de lucha eran v\u00edctimas uno tras otro de un final tr\u00e1gico.<\/p>\n<p style=\"font-style: inherit; font-weight: inherit;\">Jaume Serra conoci\u00f3 a Jes\u00fas Mart\u00ednez Maluenda durante el rodaje de la serie de TVE<i><em style=\"font-weight: inherit;\">\u00a0El maquis a Catalunya<\/em><\/i>, de la que fue director. Impactado por el car\u00e1cter y la entereza del<i><em style=\"font-weight: inherit;\">\u00a0Ma\u00f1o<\/em><\/i>, su memoria prodigiosa y la peculiaridad de sus vivencias como gu\u00eda, a\u00f1os despu\u00e9s de acabar la serie decide retomar el contacto.<\/p>\n<p style=\"font-style: inherit; font-weight: inherit;\">El fruto de este reencuentro y de las entrevistas resultantes es<i><em style=\"font-weight: inherit;\">\u00a0El duende del maquis<\/em><\/i>, donde se le cede la palabra a Jes\u00fas para que nos cuente en primera persona y con su gracejo especial \u2014esa mezcla de ma\u00f1o, catal\u00e1n y franc\u00e9s\u2014, las vivencias de una persona idealista sin concesiones, humilde y esencialmente humana, que siempre consider\u00f3 que su aut\u00e9ntica familia eran aquellas personas con las que compart\u00eda las ideas anarquistas.<\/p>\n<p style=\"font-style: inherit; font-weight: inherit;\">\n<p style=\"font-style: inherit; font-weight: inherit;\"><strong style=\"font-style: inherit; font-weight: 600;\">Jaume Serra Fontelles<\/strong>\u00a0(Manresa, 1946) siempre ha alternado su dedicaci\u00f3n profesional como realizador de televisi\u00f3n con la escritura. De su labor como escritor, destaca especialmente su obra teatral.<span style=\"font-style: inherit; font-weight: inherit;\">\u00a0\u00a0<\/span>Su primera obra,<i><em style=\"font-weight: inherit;\">\u00a0El dret al rev\u00e9s<\/em><\/i>, recibi\u00f3 el premio Ciutat de Granollers en 1977. A \u00e9sta le seguir\u00edan, entre otras,<i><em style=\"font-weight: inherit;\">\u00a0Deixeu-me ser<\/em><\/i>\u00a0mariner (premio Ciutat d&#8217;Alcoi, 1979),<i><em style=\"font-weight: inherit;\">\u00a0Manric Delcl\u00f2s<\/em><\/i>\u00a0(premio Born de Teatre, 1992) o<i><em style=\"font-weight: inherit;\">\u00a0Com\u00e8dies de corral<\/em><\/i>\u00a0(premio Santos Antol\u00edn, 1993). Tambi\u00e9n es autor de dos novelas,<i><em style=\"font-weight: inherit;\">\u00a0Desitja&#8217;m sort, Madeleine (<\/em><\/i>premio Ciutat d&#8217;Alacant, 1974), y<i><em style=\"font-weight: inherit;\">\u00a0Nit de vetlla<\/em><\/i>.<\/p>\n<p style=\"font-style: inherit; font-weight: inherit;\">Profesionalmente, se dedicaba a la realizaci\u00f3n en TVE-Catalunya. Especializado en documentales, en su haber figuran los dedicados a Manuel Carrasco i Formiguera, Josep Pla y Joan Mir\u00f3 (este documental recibi\u00f3 una nominaci\u00f3n a los EMI International Awards).<\/p>\n<p style=\"font-style: inherit; font-weight: inherit;\">\n<p style=\"font-style: inherit; font-weight: inherit;\"><a style=\"font-style: inherit; font-weight: inherit;\" href=\"http:\/\/www.viruseditorial.net\/file\/mailing-el-duende-del-maquis.pdf\">Ficha<\/a><\/p>\n<p style=\"font-weight: 400;\"><a style=\"font-style: inherit; font-weight: inherit;\" href=\"http:\/\/www.viruseditorial.net\/pags\/noticia.php?id=400\">Un libro corto pero intenso que nos acerca a una vida an\u00f3nima y apasionante<\/a>\u00a0(Juli\u00e1n Vadillo, Diagonal 20\/05\/2013)<\/p>\n","protected":false},"excerpt":{"rendered":"<p><strong>Serra Fontelles, Jaume<\/strong><br \/>\n9788492559428 &#8211; Virus &#8211; 2012 &#8211; 160 p\u00e1ginas \/orri.<\/p>\n","protected":false},"featured_media":173,"template":"","meta":[],"product_brand":[],"product_cat":[160,16],"product_tag":[115,57],"class_list":{"0":"post-143","1":"product","2":"type-product","3":"status-publish","4":"has-post-thumbnail","6":"product_cat-biografiak-biografias","7":"product_cat-libros","8":"product_tag-serra-fontelles","9":"product_tag-virus","11":"first","12":"instock","13":"shipping-taxable","14":"purchasable","15":"product-type-simple"},"yoast_head":"<!-- This site is optimized with the Yoast SEO plugin v27.3 - https:\/\/yoast.com\/product\/yoast-seo-wordpress\/ -->\n<title>El duende del maquis &#8212; Zapateneo<\/title>\n<meta name=\"robots\" content=\"index, follow, max-snippet:-1, max-image-preview:large, max-video-preview:-1\" \/>\n<link rel=\"canonical\" href=\"https:\/\/zapateneo.net\/wordpress\/index.php\/producto\/el-duende-del-maquis\/\" \/>\n<meta property=\"og:locale\" content=\"es_ES\" \/>\n<meta property=\"og:type\" content=\"article\" \/>\n<meta property=\"og:title\" content=\"El duende del maquis &#8212; Zapateneo\" \/>\n<meta property=\"og:description\" content=\"Serra Fontelles, Jaume 9788492559428 - Virus - 2012 - 160 p\u00e1ginas \/orri.\" \/>\n<meta property=\"og:url\" content=\"https:\/\/zapateneo.net\/wordpress\/index.php\/producto\/el-duende-del-maquis\/\" \/>\n<meta property=\"og:site_name\" content=\"Zapateneo\" \/>\n<meta property=\"article:modified_time\" content=\"2023-04-10T17:53:19+00:00\" \/>\n<meta property=\"og:image\" content=\"https:\/\/zapateneo.net\/wordpress\/wp-content\/uploads\/2021\/04\/7402.png\" \/>\n\t<meta property=\"og:image:width\" content=\"354\" \/>\n\t<meta property=\"og:image:height\" content=\"501\" \/>\n\t<meta property=\"og:image:type\" content=\"image\/png\" \/>\n<meta name=\"twitter:card\" content=\"summary_large_image\" \/>\n<meta name=\"twitter:site\" content=\"@zapateneo\" \/>\n<meta name=\"twitter:label1\" content=\"Tiempo de lectura\" \/>\n\t<meta name=\"twitter:data1\" content=\"2 minutos\" \/>\n<script type=\"application\/ld+json\" class=\"yoast-schema-graph\">{\"@context\":\"https:\\\/\\\/schema.org\",\"@graph\":[{\"@type\":\"WebPage\",\"@id\":\"https:\\\/\\\/zapateneo.net\\\/wordpress\\\/index.php\\\/producto\\\/el-duende-del-maquis\\\/\",\"url\":\"https:\\\/\\\/zapateneo.net\\\/wordpress\\\/index.php\\\/producto\\\/el-duende-del-maquis\\\/\",\"name\":\"El duende del maquis &#8212; Zapateneo\",\"isPartOf\":{\"@id\":\"https:\\\/\\\/zapateneo.net\\\/wordpress\\\/#website\"},\"primaryImageOfPage\":{\"@id\":\"https:\\\/\\\/zapateneo.net\\\/wordpress\\\/index.php\\\/producto\\\/el-duende-del-maquis\\\/#primaryimage\"},\"image\":{\"@id\":\"https:\\\/\\\/zapateneo.net\\\/wordpress\\\/index.php\\\/producto\\\/el-duende-del-maquis\\\/#primaryimage\"},\"thumbnailUrl\":\"https:\\\/\\\/zapateneo.net\\\/wordpress\\\/wp-content\\\/uploads\\\/2021\\\/04\\\/7402.png\",\"datePublished\":\"2021-04-05T11:51:19+00:00\",\"dateModified\":\"2023-04-10T17:53:19+00:00\",\"breadcrumb\":{\"@id\":\"https:\\\/\\\/zapateneo.net\\\/wordpress\\\/index.php\\\/producto\\\/el-duende-del-maquis\\\/#breadcrumb\"},\"inLanguage\":\"es\",\"potentialAction\":[{\"@type\":\"ReadAction\",\"target\":[\"https:\\\/\\\/zapateneo.net\\\/wordpress\\\/index.php\\\/producto\\\/el-duende-del-maquis\\\/\"]}]},{\"@type\":\"ImageObject\",\"inLanguage\":\"es\",\"@id\":\"https:\\\/\\\/zapateneo.net\\\/wordpress\\\/index.php\\\/producto\\\/el-duende-del-maquis\\\/#primaryimage\",\"url\":\"https:\\\/\\\/zapateneo.net\\\/wordpress\\\/wp-content\\\/uploads\\\/2021\\\/04\\\/7402.png\",\"contentUrl\":\"https:\\\/\\\/zapateneo.net\\\/wordpress\\\/wp-content\\\/uploads\\\/2021\\\/04\\\/7402.png\",\"width\":354,\"height\":501},{\"@type\":\"BreadcrumbList\",\"@id\":\"https:\\\/\\\/zapateneo.net\\\/wordpress\\\/index.php\\\/producto\\\/el-duende-del-maquis\\\/#breadcrumb\",\"itemListElement\":[{\"@type\":\"ListItem\",\"position\":1,\"name\":\"Portada\",\"item\":\"https:\\\/\\\/zapateneo.net\\\/wordpress\\\/\"},{\"@type\":\"ListItem\",\"position\":2,\"name\":\"Tienda\",\"item\":\"https:\\\/\\\/zapateneo.net\\\/wordpress\\\/\"},{\"@type\":\"ListItem\",\"position\":3,\"name\":\"El duende del maquis\"}]},{\"@type\":\"WebSite\",\"@id\":\"https:\\\/\\\/zapateneo.net\\\/wordpress\\\/#website\",\"url\":\"https:\\\/\\\/zapateneo.net\\\/wordpress\\\/\",\"name\":\"Zapateneo\",\"description\":\"Zapateneoaren webgunea\",\"publisher\":{\"@id\":\"https:\\\/\\\/zapateneo.net\\\/wordpress\\\/#organization\"},\"potentialAction\":[{\"@type\":\"SearchAction\",\"target\":{\"@type\":\"EntryPoint\",\"urlTemplate\":\"https:\\\/\\\/zapateneo.net\\\/wordpress\\\/?s={search_term_string}\"},\"query-input\":{\"@type\":\"PropertyValueSpecification\",\"valueRequired\":true,\"valueName\":\"search_term_string\"}}],\"inLanguage\":\"es\"},{\"@type\":\"Organization\",\"@id\":\"https:\\\/\\\/zapateneo.net\\\/wordpress\\\/#organization\",\"name\":\"Zapateneo Kultur Elkartea\",\"url\":\"https:\\\/\\\/zapateneo.net\\\/wordpress\\\/\",\"logo\":{\"@type\":\"ImageObject\",\"inLanguage\":\"es\",\"@id\":\"https:\\\/\\\/zapateneo.net\\\/wordpress\\\/#\\\/schema\\\/logo\\\/image\\\/\",\"url\":\"https:\\\/\\\/zapateneo.net\\\/wordpress\\\/wp-content\\\/uploads\\\/2021\\\/04\\\/zap-libu-kolec.jpg\",\"contentUrl\":\"https:\\\/\\\/zapateneo.net\\\/wordpress\\\/wp-content\\\/uploads\\\/2021\\\/04\\\/zap-libu-kolec.jpg\",\"width\":2234,\"height\":398,\"caption\":\"Zapateneo Kultur Elkartea\"},\"image\":{\"@id\":\"https:\\\/\\\/zapateneo.net\\\/wordpress\\\/#\\\/schema\\\/logo\\\/image\\\/\"},\"sameAs\":[\"https:\\\/\\\/x.com\\\/zapateneo\"]}]}<\/script>\n<!-- \/ Yoast SEO plugin. -->","yoast_head_json":{"title":"El duende del maquis &#8212; Zapateneo","robots":{"index":"index","follow":"follow","max-snippet":"max-snippet:-1","max-image-preview":"max-image-preview:large","max-video-preview":"max-video-preview:-1"},"canonical":"https:\/\/zapateneo.net\/wordpress\/index.php\/producto\/el-duende-del-maquis\/","og_locale":"es_ES","og_type":"article","og_title":"El duende del maquis &#8212; Zapateneo","og_description":"Serra Fontelles, Jaume 9788492559428 - Virus - 2012 - 160 p\u00e1ginas \/orri.","og_url":"https:\/\/zapateneo.net\/wordpress\/index.php\/producto\/el-duende-del-maquis\/","og_site_name":"Zapateneo","article_modified_time":"2023-04-10T17:53:19+00:00","og_image":[{"width":354,"height":501,"url":"https:\/\/zapateneo.net\/wordpress\/wp-content\/uploads\/2021\/04\/7402.png","type":"image\/png"}],"twitter_card":"summary_large_image","twitter_site":"@zapateneo","twitter_misc":{"Tiempo de lectura":"2 minutos"},"schema":{"@context":"https:\/\/schema.org","@graph":[{"@type":"WebPage","@id":"https:\/\/zapateneo.net\/wordpress\/index.php\/producto\/el-duende-del-maquis\/","url":"https:\/\/zapateneo.net\/wordpress\/index.php\/producto\/el-duende-del-maquis\/","name":"El duende del maquis &#8212; Zapateneo","isPartOf":{"@id":"https:\/\/zapateneo.net\/wordpress\/#website"},"primaryImageOfPage":{"@id":"https:\/\/zapateneo.net\/wordpress\/index.php\/producto\/el-duende-del-maquis\/#primaryimage"},"image":{"@id":"https:\/\/zapateneo.net\/wordpress\/index.php\/producto\/el-duende-del-maquis\/#primaryimage"},"thumbnailUrl":"https:\/\/zapateneo.net\/wordpress\/wp-content\/uploads\/2021\/04\/7402.png","datePublished":"2021-04-05T11:51:19+00:00","dateModified":"2023-04-10T17:53:19+00:00","breadcrumb":{"@id":"https:\/\/zapateneo.net\/wordpress\/index.php\/producto\/el-duende-del-maquis\/#breadcrumb"},"inLanguage":"es","potentialAction":[{"@type":"ReadAction","target":["https:\/\/zapateneo.net\/wordpress\/index.php\/producto\/el-duende-del-maquis\/"]}]},{"@type":"ImageObject","inLanguage":"es","@id":"https:\/\/zapateneo.net\/wordpress\/index.php\/producto\/el-duende-del-maquis\/#primaryimage","url":"https:\/\/zapateneo.net\/wordpress\/wp-content\/uploads\/2021\/04\/7402.png","contentUrl":"https:\/\/zapateneo.net\/wordpress\/wp-content\/uploads\/2021\/04\/7402.png","width":354,"height":501},{"@type":"BreadcrumbList","@id":"https:\/\/zapateneo.net\/wordpress\/index.php\/producto\/el-duende-del-maquis\/#breadcrumb","itemListElement":[{"@type":"ListItem","position":1,"name":"Portada","item":"https:\/\/zapateneo.net\/wordpress\/"},{"@type":"ListItem","position":2,"name":"Tienda","item":"https:\/\/zapateneo.net\/wordpress\/"},{"@type":"ListItem","position":3,"name":"El duende del maquis"}]},{"@type":"WebSite","@id":"https:\/\/zapateneo.net\/wordpress\/#website","url":"https:\/\/zapateneo.net\/wordpress\/","name":"Zapateneo","description":"Zapateneoaren webgunea","publisher":{"@id":"https:\/\/zapateneo.net\/wordpress\/#organization"},"potentialAction":[{"@type":"SearchAction","target":{"@type":"EntryPoint","urlTemplate":"https:\/\/zapateneo.net\/wordpress\/?s={search_term_string}"},"query-input":{"@type":"PropertyValueSpecification","valueRequired":true,"valueName":"search_term_string"}}],"inLanguage":"es"},{"@type":"Organization","@id":"https:\/\/zapateneo.net\/wordpress\/#organization","name":"Zapateneo Kultur Elkartea","url":"https:\/\/zapateneo.net\/wordpress\/","logo":{"@type":"ImageObject","inLanguage":"es","@id":"https:\/\/zapateneo.net\/wordpress\/#\/schema\/logo\/image\/","url":"https:\/\/zapateneo.net\/wordpress\/wp-content\/uploads\/2021\/04\/zap-libu-kolec.jpg","contentUrl":"https:\/\/zapateneo.net\/wordpress\/wp-content\/uploads\/2021\/04\/zap-libu-kolec.jpg","width":2234,"height":398,"caption":"Zapateneo Kultur Elkartea"},"image":{"@id":"https:\/\/zapateneo.net\/wordpress\/#\/schema\/logo\/image\/"},"sameAs":["https:\/\/x.com\/zapateneo"]}]}},"_links":{"self":[{"href":"https:\/\/zapateneo.net\/wordpress\/index.php\/wp-json\/wp\/v2\/product\/143","targetHints":{"allow":["GET"]}}],"collection":[{"href":"https:\/\/zapateneo.net\/wordpress\/index.php\/wp-json\/wp\/v2\/product"}],"about":[{"href":"https:\/\/zapateneo.net\/wordpress\/index.php\/wp-json\/wp\/v2\/types\/product"}],"wp:featuredmedia":[{"embeddable":true,"href":"https:\/\/zapateneo.net\/wordpress\/index.php\/wp-json\/wp\/v2\/media\/173"}],"wp:attachment":[{"href":"https:\/\/zapateneo.net\/wordpress\/index.php\/wp-json\/wp\/v2\/media?parent=143"}],"wp:term":[{"taxonomy":"product_brand","embeddable":true,"href":"https:\/\/zapateneo.net\/wordpress\/index.php\/wp-json\/wp\/v2\/product_brand?post=143"},{"taxonomy":"product_cat","embeddable":true,"href":"https:\/\/zapateneo.net\/wordpress\/index.php\/wp-json\/wp\/v2\/product_cat?post=143"},{"taxonomy":"product_tag","embeddable":true,"href":"https:\/\/zapateneo.net\/wordpress\/index.php\/wp-json\/wp\/v2\/product_tag?post=143"}],"curies":[{"name":"wp","href":"https:\/\/api.w.org\/{rel}","templated":true}]}}