{"id":1326,"date":"2021-04-07T07:49:55","date_gmt":"2021-04-07T06:49:55","guid":{"rendered":"https:\/\/zapateneo.net\/wordpress\/?post_type=product&#038;p=1326"},"modified":"2023-05-05T15:12:53","modified_gmt":"2023-05-05T14:12:53","slug":"guerra-global-comenzo-la","status":"publish","type":"product","link":"https:\/\/zapateneo.net\/wordpress\/index.php\/producto\/guerra-global-comenzo-la\/","title":{"rendered":"Guerra global comenz\u00f3, La"},"content":{"rendered":"<p>MUCHO EN TRES Lo bueno que tienen las colecciones de bolsillo es que permiten usar los libros como instrumentos de acci\u00f3n te\u00f3rica f\u00e1cilmente port\u00e1tiles, y eso siempre es una ventaja. Pero no es la \u00fanica, porque tambi\u00e9n este formato permite sacar al mercado muy oportunos e interesantes -necesarios, tambi\u00e9n- libritos que en momentos de crisis y preguntas, de dudas y de urgencia de respuestas, como ahora mismo, aparecen como agua en el desierto. Las grandes colecciones tienen dificultades para lograrlo, y las editoriales comerciales y peseteras no s\u00f3lo pasan de esos problemas sino que adem\u00e1s intentan asfixiar y hundir a las incordiantes colecciones rojas de bolsillo. Las razones para ello son obvias y no vamos a repetirlas, simplemente, como ejemplo, remitimos al lector a los tres \u00faltimos n\u00fameros de la Colecci\u00f3n Sediciones. Sin embargo, me voy a permitir dos licencias que no son sino dos recomendaciones para el buen estudio, el mejor uso y el mayor placer de la lectura cr\u00edtica. La primera recomendaci\u00f3n es que, a poder ser, se compren los tres libros. Basta comprarlos en cuadrilla por ejemplo. \u00bfPor qu\u00e9? Pues porque los tres mantienen una muy estrecha relaci\u00f3n tem\u00e1tica, y los tres tienen adem\u00e1s una actualidad innegable. No son caros y se puede hacer esa inversi\u00f3n. La segunda recomendaci\u00f3n es sobre el orden de lectura. Recomiendo que se empiece por el n\u00famero 19,<br \/>\npor los art\u00edculos de Fidel Castro -\u00abEl terrorismo, la guerra y la crisis econ\u00f3mica\u00bb- y Michel Collon -\u00abLa guerra global ha comenzado\u00bb-, y una vez ah\u00ed pasar a Noam Chomsky -\u00abLa nueva guerra contra el terror\u00bb-. Dispondremos as\u00ed de una rica y variada interpretaci\u00f3n de las razones de fondo sobre lo que est\u00e1 pasando y siempre viene bien empezar con los pies en el suelo. Y, para acabar este n\u00ba 19, leer a James Petras -\u00abLos intelectuales y la guerra\u00bb-. As\u00ed, con este orden, no s\u00f3lo podemos comprender la miseria de la intelectualidad tras haber estudiado la gravedad de la situaci\u00f3n mundial, sino que tambi\u00e9n nos preparamos para la lectura del siguiente librito, el n\u00ba 18, entero de F. Sierra Caballero -\u00abLos profesionales del silencio. La informaci\u00f3n y la guerra en la doctrina de los EEUU\u00bb- con lo que avanzamos en la adquisici\u00f3n de una panor\u00e1mica cr\u00edtica muy valiosa. Todos sabemos que la prensa burguesa es un instrumento del poder y de la guerra, y que los intelectuales burgueses son piezas claves en la prensa y en la guerra; y, buceando un poco m\u00e1s, sabemos que esa prensa guerrera y esos intelectuales serviles obedecen a unos poderes de clase, econ\u00f3micos e imperialistas, verdaderos amos y s\u00e1trapas de la humanidad. Por \u00faltimo, ya con la base te\u00f3rica adquirida, recomiendo que se lea el n\u00ba 17 que tarta sobre uno de los puntos decisivos de la situaci\u00f3n mundial: el Isl\u00e1m. Son tres imprescindibles acercamientos al tema a cargo de Santiago Alba, Mohamed Arkoun y Javier Barreda. Resumiendo, tenemos la oportunidad de quitarnos de encima mucha mentira y enga\u00f1o leyendo estos libritos c\u00f3modos y baratos, pero les sacaremos m\u00e1s jugo y provecho estudi\u00e1ndolos con un m\u00ednimo de orden. Naturalmente, quien quiera seguir otro m\u00e9todo puede hacerlo, pero, lo digo sinceramente, al leerlos yo me he acordado de aquellos tiempos no tan viejos en los que la militancia se preocupaba por aconsejar, formar, educar y facilitar la concienciaci\u00f3n y la formaci\u00f3n. Todo indica que las fuerzas del mal y el dolor pugnan por hacernos retroceder a aquellos tiempos de mayor oscuridad y prohibici\u00f3n generalizada. Por tanto, debemos adelantarnos y empezar a recuperar y actualizar las formas de respuesta que tan buenos resultados nos dieron. No perdamos el tiempo y al toro, que estos libritos son buenos estoques. I\u00d1AKI GIL DE SAN VICENTE<\/p>\n","protected":false},"excerpt":{"rendered":"<p><strong>Collon, Chomsky, Petras, Castro<\/strong><br \/>\n9788495786111 &#8211; HIRU &#8211; 2002 &#8211; 164 p\u00e1ginas \/orri.<\/p>\n","protected":false},"featured_media":1356,"template":"","meta":[],"product_brand":[],"product_cat":[16,173],"product_tag":[5076,1072,1070,1069,639,1071],"class_list":{"0":"post-1326","1":"product","2":"type-product","3":"status-publish","4":"has-post-thumbnail","6":"product_cat-libros","7":"product_cat-saiakera-ensayo","8":"product_tag-antimilitarismo","9":"product_tag-castro","10":"product_tag-chomsky","11":"product_tag-collon","12":"product_tag-hiru","13":"product_tag-petras","15":"first","16":"instock","17":"sold-individually","18":"shipping-taxable","19":"purchasable","20":"product-type-simple"},"yoast_head":"<!-- This site is optimized with the Yoast SEO plugin v27.3 - https:\/\/yoast.com\/product\/yoast-seo-wordpress\/ -->\n<title>Guerra global comenz\u00f3, La &#8212; Zapateneo<\/title>\n<meta name=\"robots\" content=\"index, follow, max-snippet:-1, max-image-preview:large, max-video-preview:-1\" \/>\n<link rel=\"canonical\" href=\"https:\/\/zapateneo.net\/wordpress\/index.php\/producto\/guerra-global-comenzo-la\/\" \/>\n<meta property=\"og:locale\" content=\"es_ES\" \/>\n<meta property=\"og:type\" content=\"article\" \/>\n<meta property=\"og:title\" content=\"Guerra global comenz\u00f3, La &#8212; Zapateneo\" \/>\n<meta property=\"og:description\" content=\"Collon, Chomsky, Petras, Castro 9788495786111 - HIRU - 2002 - 164 p\u00e1ginas \/orri.\" \/>\n<meta property=\"og:url\" content=\"https:\/\/zapateneo.net\/wordpress\/index.php\/producto\/guerra-global-comenzo-la\/\" \/>\n<meta property=\"og:site_name\" content=\"Zapateneo\" \/>\n<meta property=\"article:modified_time\" content=\"2023-05-05T14:12:53+00:00\" \/>\n<meta property=\"og:image\" content=\"https:\/\/zapateneo.net\/wordpress\/wp-content\/uploads\/2021\/04\/4906.gif\" \/>\n\t<meta property=\"og:image:width\" content=\"215\" \/>\n\t<meta property=\"og:image:height\" content=\"260\" \/>\n\t<meta property=\"og:image:type\" content=\"image\/gif\" \/>\n<meta name=\"twitter:card\" content=\"summary_large_image\" \/>\n<meta name=\"twitter:site\" content=\"@zapateneo\" \/>\n<meta name=\"twitter:label1\" content=\"Tiempo de lectura\" \/>\n\t<meta name=\"twitter:data1\" content=\"3 minutos\" \/>\n<script type=\"application\/ld+json\" class=\"yoast-schema-graph\">{\"@context\":\"https:\\\/\\\/schema.org\",\"@graph\":[{\"@type\":\"WebPage\",\"@id\":\"https:\\\/\\\/zapateneo.net\\\/wordpress\\\/index.php\\\/producto\\\/guerra-global-comenzo-la\\\/\",\"url\":\"https:\\\/\\\/zapateneo.net\\\/wordpress\\\/index.php\\\/producto\\\/guerra-global-comenzo-la\\\/\",\"name\":\"Guerra global comenz\u00f3, La &#8212; Zapateneo\",\"isPartOf\":{\"@id\":\"https:\\\/\\\/zapateneo.net\\\/wordpress\\\/#website\"},\"primaryImageOfPage\":{\"@id\":\"https:\\\/\\\/zapateneo.net\\\/wordpress\\\/index.php\\\/producto\\\/guerra-global-comenzo-la\\\/#primaryimage\"},\"image\":{\"@id\":\"https:\\\/\\\/zapateneo.net\\\/wordpress\\\/index.php\\\/producto\\\/guerra-global-comenzo-la\\\/#primaryimage\"},\"thumbnailUrl\":\"https:\\\/\\\/zapateneo.net\\\/wordpress\\\/wp-content\\\/uploads\\\/2021\\\/04\\\/4906.gif\",\"datePublished\":\"2021-04-07T06:49:55+00:00\",\"dateModified\":\"2023-05-05T14:12:53+00:00\",\"breadcrumb\":{\"@id\":\"https:\\\/\\\/zapateneo.net\\\/wordpress\\\/index.php\\\/producto\\\/guerra-global-comenzo-la\\\/#breadcrumb\"},\"inLanguage\":\"es\",\"potentialAction\":[{\"@type\":\"ReadAction\",\"target\":[\"https:\\\/\\\/zapateneo.net\\\/wordpress\\\/index.php\\\/producto\\\/guerra-global-comenzo-la\\\/\"]}]},{\"@type\":\"ImageObject\",\"inLanguage\":\"es\",\"@id\":\"https:\\\/\\\/zapateneo.net\\\/wordpress\\\/index.php\\\/producto\\\/guerra-global-comenzo-la\\\/#primaryimage\",\"url\":\"https:\\\/\\\/zapateneo.net\\\/wordpress\\\/wp-content\\\/uploads\\\/2021\\\/04\\\/4906.gif\",\"contentUrl\":\"https:\\\/\\\/zapateneo.net\\\/wordpress\\\/wp-content\\\/uploads\\\/2021\\\/04\\\/4906.gif\",\"width\":215,\"height\":260},{\"@type\":\"BreadcrumbList\",\"@id\":\"https:\\\/\\\/zapateneo.net\\\/wordpress\\\/index.php\\\/producto\\\/guerra-global-comenzo-la\\\/#breadcrumb\",\"itemListElement\":[{\"@type\":\"ListItem\",\"position\":1,\"name\":\"Portada\",\"item\":\"https:\\\/\\\/zapateneo.net\\\/wordpress\\\/\"},{\"@type\":\"ListItem\",\"position\":2,\"name\":\"Tienda\",\"item\":\"https:\\\/\\\/zapateneo.net\\\/wordpress\\\/\"},{\"@type\":\"ListItem\",\"position\":3,\"name\":\"Guerra global comenz\u00f3, La\"}]},{\"@type\":\"WebSite\",\"@id\":\"https:\\\/\\\/zapateneo.net\\\/wordpress\\\/#website\",\"url\":\"https:\\\/\\\/zapateneo.net\\\/wordpress\\\/\",\"name\":\"Zapateneo\",\"description\":\"Zapateneoaren webgunea\",\"publisher\":{\"@id\":\"https:\\\/\\\/zapateneo.net\\\/wordpress\\\/#organization\"},\"potentialAction\":[{\"@type\":\"SearchAction\",\"target\":{\"@type\":\"EntryPoint\",\"urlTemplate\":\"https:\\\/\\\/zapateneo.net\\\/wordpress\\\/?s={search_term_string}\"},\"query-input\":{\"@type\":\"PropertyValueSpecification\",\"valueRequired\":true,\"valueName\":\"search_term_string\"}}],\"inLanguage\":\"es\"},{\"@type\":\"Organization\",\"@id\":\"https:\\\/\\\/zapateneo.net\\\/wordpress\\\/#organization\",\"name\":\"Zapateneo Kultur Elkartea\",\"url\":\"https:\\\/\\\/zapateneo.net\\\/wordpress\\\/\",\"logo\":{\"@type\":\"ImageObject\",\"inLanguage\":\"es\",\"@id\":\"https:\\\/\\\/zapateneo.net\\\/wordpress\\\/#\\\/schema\\\/logo\\\/image\\\/\",\"url\":\"https:\\\/\\\/zapateneo.net\\\/wordpress\\\/wp-content\\\/uploads\\\/2021\\\/04\\\/zap-libu-kolec.jpg\",\"contentUrl\":\"https:\\\/\\\/zapateneo.net\\\/wordpress\\\/wp-content\\\/uploads\\\/2021\\\/04\\\/zap-libu-kolec.jpg\",\"width\":2234,\"height\":398,\"caption\":\"Zapateneo Kultur Elkartea\"},\"image\":{\"@id\":\"https:\\\/\\\/zapateneo.net\\\/wordpress\\\/#\\\/schema\\\/logo\\\/image\\\/\"},\"sameAs\":[\"https:\\\/\\\/x.com\\\/zapateneo\"]}]}<\/script>\n<!-- \/ Yoast SEO plugin. -->","yoast_head_json":{"title":"Guerra global comenz\u00f3, La &#8212; Zapateneo","robots":{"index":"index","follow":"follow","max-snippet":"max-snippet:-1","max-image-preview":"max-image-preview:large","max-video-preview":"max-video-preview:-1"},"canonical":"https:\/\/zapateneo.net\/wordpress\/index.php\/producto\/guerra-global-comenzo-la\/","og_locale":"es_ES","og_type":"article","og_title":"Guerra global comenz\u00f3, La &#8212; Zapateneo","og_description":"Collon, Chomsky, Petras, Castro 9788495786111 - HIRU - 2002 - 164 p\u00e1ginas \/orri.","og_url":"https:\/\/zapateneo.net\/wordpress\/index.php\/producto\/guerra-global-comenzo-la\/","og_site_name":"Zapateneo","article_modified_time":"2023-05-05T14:12:53+00:00","og_image":[{"width":215,"height":260,"url":"https:\/\/zapateneo.net\/wordpress\/wp-content\/uploads\/2021\/04\/4906.gif","type":"image\/gif"}],"twitter_card":"summary_large_image","twitter_site":"@zapateneo","twitter_misc":{"Tiempo de lectura":"3 minutos"},"schema":{"@context":"https:\/\/schema.org","@graph":[{"@type":"WebPage","@id":"https:\/\/zapateneo.net\/wordpress\/index.php\/producto\/guerra-global-comenzo-la\/","url":"https:\/\/zapateneo.net\/wordpress\/index.php\/producto\/guerra-global-comenzo-la\/","name":"Guerra global comenz\u00f3, La &#8212; Zapateneo","isPartOf":{"@id":"https:\/\/zapateneo.net\/wordpress\/#website"},"primaryImageOfPage":{"@id":"https:\/\/zapateneo.net\/wordpress\/index.php\/producto\/guerra-global-comenzo-la\/#primaryimage"},"image":{"@id":"https:\/\/zapateneo.net\/wordpress\/index.php\/producto\/guerra-global-comenzo-la\/#primaryimage"},"thumbnailUrl":"https:\/\/zapateneo.net\/wordpress\/wp-content\/uploads\/2021\/04\/4906.gif","datePublished":"2021-04-07T06:49:55+00:00","dateModified":"2023-05-05T14:12:53+00:00","breadcrumb":{"@id":"https:\/\/zapateneo.net\/wordpress\/index.php\/producto\/guerra-global-comenzo-la\/#breadcrumb"},"inLanguage":"es","potentialAction":[{"@type":"ReadAction","target":["https:\/\/zapateneo.net\/wordpress\/index.php\/producto\/guerra-global-comenzo-la\/"]}]},{"@type":"ImageObject","inLanguage":"es","@id":"https:\/\/zapateneo.net\/wordpress\/index.php\/producto\/guerra-global-comenzo-la\/#primaryimage","url":"https:\/\/zapateneo.net\/wordpress\/wp-content\/uploads\/2021\/04\/4906.gif","contentUrl":"https:\/\/zapateneo.net\/wordpress\/wp-content\/uploads\/2021\/04\/4906.gif","width":215,"height":260},{"@type":"BreadcrumbList","@id":"https:\/\/zapateneo.net\/wordpress\/index.php\/producto\/guerra-global-comenzo-la\/#breadcrumb","itemListElement":[{"@type":"ListItem","position":1,"name":"Portada","item":"https:\/\/zapateneo.net\/wordpress\/"},{"@type":"ListItem","position":2,"name":"Tienda","item":"https:\/\/zapateneo.net\/wordpress\/"},{"@type":"ListItem","position":3,"name":"Guerra global comenz\u00f3, La"}]},{"@type":"WebSite","@id":"https:\/\/zapateneo.net\/wordpress\/#website","url":"https:\/\/zapateneo.net\/wordpress\/","name":"Zapateneo","description":"Zapateneoaren webgunea","publisher":{"@id":"https:\/\/zapateneo.net\/wordpress\/#organization"},"potentialAction":[{"@type":"SearchAction","target":{"@type":"EntryPoint","urlTemplate":"https:\/\/zapateneo.net\/wordpress\/?s={search_term_string}"},"query-input":{"@type":"PropertyValueSpecification","valueRequired":true,"valueName":"search_term_string"}}],"inLanguage":"es"},{"@type":"Organization","@id":"https:\/\/zapateneo.net\/wordpress\/#organization","name":"Zapateneo Kultur Elkartea","url":"https:\/\/zapateneo.net\/wordpress\/","logo":{"@type":"ImageObject","inLanguage":"es","@id":"https:\/\/zapateneo.net\/wordpress\/#\/schema\/logo\/image\/","url":"https:\/\/zapateneo.net\/wordpress\/wp-content\/uploads\/2021\/04\/zap-libu-kolec.jpg","contentUrl":"https:\/\/zapateneo.net\/wordpress\/wp-content\/uploads\/2021\/04\/zap-libu-kolec.jpg","width":2234,"height":398,"caption":"Zapateneo Kultur Elkartea"},"image":{"@id":"https:\/\/zapateneo.net\/wordpress\/#\/schema\/logo\/image\/"},"sameAs":["https:\/\/x.com\/zapateneo"]}]}},"_links":{"self":[{"href":"https:\/\/zapateneo.net\/wordpress\/index.php\/wp-json\/wp\/v2\/product\/1326","targetHints":{"allow":["GET"]}}],"collection":[{"href":"https:\/\/zapateneo.net\/wordpress\/index.php\/wp-json\/wp\/v2\/product"}],"about":[{"href":"https:\/\/zapateneo.net\/wordpress\/index.php\/wp-json\/wp\/v2\/types\/product"}],"wp:featuredmedia":[{"embeddable":true,"href":"https:\/\/zapateneo.net\/wordpress\/index.php\/wp-json\/wp\/v2\/media\/1356"}],"wp:attachment":[{"href":"https:\/\/zapateneo.net\/wordpress\/index.php\/wp-json\/wp\/v2\/media?parent=1326"}],"wp:term":[{"taxonomy":"product_brand","embeddable":true,"href":"https:\/\/zapateneo.net\/wordpress\/index.php\/wp-json\/wp\/v2\/product_brand?post=1326"},{"taxonomy":"product_cat","embeddable":true,"href":"https:\/\/zapateneo.net\/wordpress\/index.php\/wp-json\/wp\/v2\/product_cat?post=1326"},{"taxonomy":"product_tag","embeddable":true,"href":"https:\/\/zapateneo.net\/wordpress\/index.php\/wp-json\/wp\/v2\/product_tag?post=1326"}],"curies":[{"name":"wp","href":"https:\/\/api.w.org\/{rel}","templated":true}]}}