{"id":1290,"date":"2021-04-07T07:49:28","date_gmt":"2021-04-07T06:49:28","guid":{"rendered":"https:\/\/zapateneo.net\/wordpress\/?post_type=product&#038;p=1290"},"modified":"2023-07-27T07:58:01","modified_gmt":"2023-07-27T06:58:01","slug":"generacion-post-alfa","status":"publish","type":"product","link":"https:\/\/zapateneo.net\/wordpress\/index.php\/producto\/generacion-post-alfa\/","title":{"rendered":"Generaci\u00f3n Post-Alfa"},"content":{"rendered":"<p>Franco Berardi lleva uno de esos seud\u00f3nimos que se imponen. Por eso en muchos sitios y desde hace casi cuarenta a\u00f1os se lo conoce simplemente como \u00abBifo\u00bb. Sin embargo, sus experiencias y escritos no han sido hasta el momento discutidos en la Argentina, a pesar de su prol\u00edfica producci\u00f3n y del inter\u00e9s y actualidad de los problemas que lo ocupan. Este mes Tinta Lim\u00f3n edita en Buenos Aires su nuevo libro, Bifurcaciones. Rapsodia precaria en el semiocapitalismo e invita al autor durante los primeros diez d\u00edas de noviembre para participar en presentaciones, talleres y debates. A continuaci\u00f3n publicamos un cap\u00edtulo del libro, como adelanto de las discusiones que a su paso seguramente tendr\u00e1n lugar. En el texto se conjugan algunas de sus m\u00e1s intensas preocupaciones: c\u00f3mo operan las subjetividades de las nuevas generaciones que \u00e9l mismo llama post-alfab\u00e9ticas (video electr\u00f3nicas y celular conectivas) y qu\u00e9 influencia tienen las patolog\u00edas propias de la mente colectiva contempor\u00e1nea en nuestros m\u00e1s urgentes desaf\u00edos pol\u00edticos. Estos y otros problemas constituyen derivaciones de su sostenida y ecl\u00e9ctica investigaci\u00f3n, que dificilmente pueda definirse seg\u00fan las grillas disciplinarias de las ciencias sociales, pues aborda cuestiones antropol\u00f3gicas, de la psicolog\u00eda y la filosof\u00eda, al tiempo que estudia y experimenta las nuevas tecnolog\u00edas de la comunicaci\u00f3n. A\u00fan m\u00e1s: seg\u00fan \u00e9l, pensar es una actividad que opera de manera recombinante, es decir, a partir de composiciones siempre originales de signos que son comunes y est\u00e1n a disposici\u00f3n de cualquiera. Su pensamiento estuvo siempre signado, en realidad, por una trayectoria pol\u00edtica que sin embargo tampoco es demasiado lineal. Junto a Toni Negri y Paolo Virno, Bifo es una de las figuras m\u00e1s conocidas de la experiencia aut\u00f3noma del opera\u00edsmo italiano que conoci\u00f3 su esplendor a mediado de los a\u00f1os setenta. De ah\u00ed su preocupaci\u00f3n permanente por las variaciones de las formas de producci\u00f3n y su especial inter\u00e9s por los avatares del trabajo cognitivo. Berardi cursaba Est\u00e9tica en la Universidad de Bologna cuando sobrevino la rebeli\u00f3n estudiantil del 68 y m\u00e1s tarde particip\u00f3 del movimiento del 77. All\u00ed fund\u00f3 la revista A\/traverso y la radio libre m\u00e1s conocida de aquella \u00e9poca, Radio Alice, clausurada por la polic\u00eda pero inspiradora de un movimiento de experimentaci\u00f3n radical en torno a las formas de la comunicaci\u00f3n. En este mismo camino, Bifo mas adelante anim\u00f3 dos originales emprendimientos pol\u00edticos: el proyecto Rekombinant (www.rekombinant.org) y el movimiento de construcci\u00f3n de televisoras callejeras en contra del despotismo medi\u00e1tico en Italia (www.telestreet.it). Tres de sus numerosos libros han sido editados en castellano, aunque todos recientemente y en Espa\u00f1a. La f\u00e1brica de la infelicidad. Nuevas formas de trabajo y movimiento global (Traficantes de sue\u00f1os, 2003), Telestreet. M\u00e1quina imaginativa no homologada (El Viejo Topo, 2004) y El sabio, el mercader y el guerrero. Del rechazo del trabajo al surgimiento del cognitariado (Acuarela, 2007). El cap\u00edtulo de su nuevo libro que aqu\u00ed presentamos es una aguda provocaci\u00f3n a las inercias de los saberes que descansan de manera autocomplaciente. Seg\u00fan dicen, es este (y la amplitud de sus campos de incumbencia) uno de los rasgos de su estilo intelectual. Pero no se trata de un gusto por el esc\u00e1ndalo<br \/>\nsin m\u00e1s, sino de una sinceridad m\u00ednima ante la escala de los desaf\u00edos que se nos presentan en la actualidad. Quiz\u00e1s la visita de Bifo y el intercambio con \u00e9l sea un est\u00edmulo y un recurso para pensar las dimensiones problem\u00e1ticas que est\u00e1n sacudiendo nuestras vidas, ante nuestra perplejidad.<\/p>\n","protected":false},"excerpt":{"rendered":"<p><strong>Franco Berardi ( Bifo )<\/strong><br \/>\n9789872314040 &#8211; Tinta Lim\u00f3n &#8211; 2007 &#8211; 258 p\u00e1ginas \/orri.<\/p>\n","protected":false},"featured_media":1320,"template":"","meta":[],"product_brand":[],"product_cat":[16,173],"product_tag":[1050,660],"class_list":{"0":"post-1290","1":"product","2":"type-product","3":"status-publish","4":"has-post-thumbnail","6":"product_cat-libros","7":"product_cat-saiakera-ensayo","8":"product_tag-franco-berardi-bifo","9":"product_tag-tinta-limon","11":"first","12":"outofstock","13":"sold-individually","14":"shipping-taxable","15":"purchasable","16":"product-type-simple"},"yoast_head":"<!-- This site is optimized with the Yoast SEO plugin v27.3 - https:\/\/yoast.com\/product\/yoast-seo-wordpress\/ -->\n<title>Generaci\u00f3n Post-Alfa &#8212; Zapateneo<\/title>\n<meta name=\"robots\" content=\"index, follow, max-snippet:-1, max-image-preview:large, max-video-preview:-1\" \/>\n<link rel=\"canonical\" href=\"https:\/\/zapateneo.net\/wordpress\/index.php\/producto\/generacion-post-alfa\/\" \/>\n<meta property=\"og:locale\" content=\"es_ES\" \/>\n<meta property=\"og:type\" content=\"article\" \/>\n<meta property=\"og:title\" content=\"Generaci\u00f3n Post-Alfa &#8212; Zapateneo\" \/>\n<meta property=\"og:description\" content=\"Franco Berardi ( Bifo ) 9789872314040 - Tinta Lim\u00f3n - 2007 - 258 p\u00e1ginas \/orri.\" \/>\n<meta property=\"og:url\" content=\"https:\/\/zapateneo.net\/wordpress\/index.php\/producto\/generacion-post-alfa\/\" \/>\n<meta property=\"og:site_name\" content=\"Zapateneo\" \/>\n<meta property=\"article:modified_time\" content=\"2023-07-27T06:58:01+00:00\" \/>\n<meta property=\"og:image\" content=\"https:\/\/zapateneo.net\/wordpress\/wp-content\/uploads\/2021\/04\/5275.jpg\" \/>\n\t<meta property=\"og:image:width\" content=\"200\" \/>\n\t<meta property=\"og:image:height\" content=\"288\" \/>\n\t<meta property=\"og:image:type\" content=\"image\/jpeg\" \/>\n<meta name=\"twitter:card\" content=\"summary_large_image\" \/>\n<meta name=\"twitter:site\" content=\"@zapateneo\" \/>\n<meta name=\"twitter:label1\" content=\"Tiempo de lectura\" \/>\n\t<meta name=\"twitter:data1\" content=\"3 minutos\" \/>\n<script type=\"application\/ld+json\" class=\"yoast-schema-graph\">{\"@context\":\"https:\\\/\\\/schema.org\",\"@graph\":[{\"@type\":\"WebPage\",\"@id\":\"https:\\\/\\\/zapateneo.net\\\/wordpress\\\/index.php\\\/producto\\\/generacion-post-alfa\\\/\",\"url\":\"https:\\\/\\\/zapateneo.net\\\/wordpress\\\/index.php\\\/producto\\\/generacion-post-alfa\\\/\",\"name\":\"Generaci\u00f3n Post-Alfa &#8212; Zapateneo\",\"isPartOf\":{\"@id\":\"https:\\\/\\\/zapateneo.net\\\/wordpress\\\/#website\"},\"primaryImageOfPage\":{\"@id\":\"https:\\\/\\\/zapateneo.net\\\/wordpress\\\/index.php\\\/producto\\\/generacion-post-alfa\\\/#primaryimage\"},\"image\":{\"@id\":\"https:\\\/\\\/zapateneo.net\\\/wordpress\\\/index.php\\\/producto\\\/generacion-post-alfa\\\/#primaryimage\"},\"thumbnailUrl\":\"https:\\\/\\\/zapateneo.net\\\/wordpress\\\/wp-content\\\/uploads\\\/2021\\\/04\\\/5275.jpg\",\"datePublished\":\"2021-04-07T06:49:28+00:00\",\"dateModified\":\"2023-07-27T06:58:01+00:00\",\"breadcrumb\":{\"@id\":\"https:\\\/\\\/zapateneo.net\\\/wordpress\\\/index.php\\\/producto\\\/generacion-post-alfa\\\/#breadcrumb\"},\"inLanguage\":\"es\",\"potentialAction\":[{\"@type\":\"ReadAction\",\"target\":[\"https:\\\/\\\/zapateneo.net\\\/wordpress\\\/index.php\\\/producto\\\/generacion-post-alfa\\\/\"]}]},{\"@type\":\"ImageObject\",\"inLanguage\":\"es\",\"@id\":\"https:\\\/\\\/zapateneo.net\\\/wordpress\\\/index.php\\\/producto\\\/generacion-post-alfa\\\/#primaryimage\",\"url\":\"https:\\\/\\\/zapateneo.net\\\/wordpress\\\/wp-content\\\/uploads\\\/2021\\\/04\\\/5275.jpg\",\"contentUrl\":\"https:\\\/\\\/zapateneo.net\\\/wordpress\\\/wp-content\\\/uploads\\\/2021\\\/04\\\/5275.jpg\",\"width\":200,\"height\":288},{\"@type\":\"BreadcrumbList\",\"@id\":\"https:\\\/\\\/zapateneo.net\\\/wordpress\\\/index.php\\\/producto\\\/generacion-post-alfa\\\/#breadcrumb\",\"itemListElement\":[{\"@type\":\"ListItem\",\"position\":1,\"name\":\"Portada\",\"item\":\"https:\\\/\\\/zapateneo.net\\\/wordpress\\\/\"},{\"@type\":\"ListItem\",\"position\":2,\"name\":\"Tienda\",\"item\":\"https:\\\/\\\/zapateneo.net\\\/wordpress\\\/\"},{\"@type\":\"ListItem\",\"position\":3,\"name\":\"Generaci\u00f3n Post-Alfa\"}]},{\"@type\":\"WebSite\",\"@id\":\"https:\\\/\\\/zapateneo.net\\\/wordpress\\\/#website\",\"url\":\"https:\\\/\\\/zapateneo.net\\\/wordpress\\\/\",\"name\":\"Zapateneo\",\"description\":\"Zapateneoaren webgunea\",\"publisher\":{\"@id\":\"https:\\\/\\\/zapateneo.net\\\/wordpress\\\/#organization\"},\"potentialAction\":[{\"@type\":\"SearchAction\",\"target\":{\"@type\":\"EntryPoint\",\"urlTemplate\":\"https:\\\/\\\/zapateneo.net\\\/wordpress\\\/?s={search_term_string}\"},\"query-input\":{\"@type\":\"PropertyValueSpecification\",\"valueRequired\":true,\"valueName\":\"search_term_string\"}}],\"inLanguage\":\"es\"},{\"@type\":\"Organization\",\"@id\":\"https:\\\/\\\/zapateneo.net\\\/wordpress\\\/#organization\",\"name\":\"Zapateneo Kultur Elkartea\",\"url\":\"https:\\\/\\\/zapateneo.net\\\/wordpress\\\/\",\"logo\":{\"@type\":\"ImageObject\",\"inLanguage\":\"es\",\"@id\":\"https:\\\/\\\/zapateneo.net\\\/wordpress\\\/#\\\/schema\\\/logo\\\/image\\\/\",\"url\":\"https:\\\/\\\/zapateneo.net\\\/wordpress\\\/wp-content\\\/uploads\\\/2021\\\/04\\\/zap-libu-kolec.jpg\",\"contentUrl\":\"https:\\\/\\\/zapateneo.net\\\/wordpress\\\/wp-content\\\/uploads\\\/2021\\\/04\\\/zap-libu-kolec.jpg\",\"width\":2234,\"height\":398,\"caption\":\"Zapateneo Kultur Elkartea\"},\"image\":{\"@id\":\"https:\\\/\\\/zapateneo.net\\\/wordpress\\\/#\\\/schema\\\/logo\\\/image\\\/\"},\"sameAs\":[\"https:\\\/\\\/x.com\\\/zapateneo\"]}]}<\/script>\n<!-- \/ Yoast SEO plugin. -->","yoast_head_json":{"title":"Generaci\u00f3n Post-Alfa &#8212; Zapateneo","robots":{"index":"index","follow":"follow","max-snippet":"max-snippet:-1","max-image-preview":"max-image-preview:large","max-video-preview":"max-video-preview:-1"},"canonical":"https:\/\/zapateneo.net\/wordpress\/index.php\/producto\/generacion-post-alfa\/","og_locale":"es_ES","og_type":"article","og_title":"Generaci\u00f3n Post-Alfa &#8212; Zapateneo","og_description":"Franco Berardi ( Bifo ) 9789872314040 - Tinta Lim\u00f3n - 2007 - 258 p\u00e1ginas \/orri.","og_url":"https:\/\/zapateneo.net\/wordpress\/index.php\/producto\/generacion-post-alfa\/","og_site_name":"Zapateneo","article_modified_time":"2023-07-27T06:58:01+00:00","og_image":[{"width":200,"height":288,"url":"https:\/\/zapateneo.net\/wordpress\/wp-content\/uploads\/2021\/04\/5275.jpg","type":"image\/jpeg"}],"twitter_card":"summary_large_image","twitter_site":"@zapateneo","twitter_misc":{"Tiempo de lectura":"3 minutos"},"schema":{"@context":"https:\/\/schema.org","@graph":[{"@type":"WebPage","@id":"https:\/\/zapateneo.net\/wordpress\/index.php\/producto\/generacion-post-alfa\/","url":"https:\/\/zapateneo.net\/wordpress\/index.php\/producto\/generacion-post-alfa\/","name":"Generaci\u00f3n Post-Alfa &#8212; Zapateneo","isPartOf":{"@id":"https:\/\/zapateneo.net\/wordpress\/#website"},"primaryImageOfPage":{"@id":"https:\/\/zapateneo.net\/wordpress\/index.php\/producto\/generacion-post-alfa\/#primaryimage"},"image":{"@id":"https:\/\/zapateneo.net\/wordpress\/index.php\/producto\/generacion-post-alfa\/#primaryimage"},"thumbnailUrl":"https:\/\/zapateneo.net\/wordpress\/wp-content\/uploads\/2021\/04\/5275.jpg","datePublished":"2021-04-07T06:49:28+00:00","dateModified":"2023-07-27T06:58:01+00:00","breadcrumb":{"@id":"https:\/\/zapateneo.net\/wordpress\/index.php\/producto\/generacion-post-alfa\/#breadcrumb"},"inLanguage":"es","potentialAction":[{"@type":"ReadAction","target":["https:\/\/zapateneo.net\/wordpress\/index.php\/producto\/generacion-post-alfa\/"]}]},{"@type":"ImageObject","inLanguage":"es","@id":"https:\/\/zapateneo.net\/wordpress\/index.php\/producto\/generacion-post-alfa\/#primaryimage","url":"https:\/\/zapateneo.net\/wordpress\/wp-content\/uploads\/2021\/04\/5275.jpg","contentUrl":"https:\/\/zapateneo.net\/wordpress\/wp-content\/uploads\/2021\/04\/5275.jpg","width":200,"height":288},{"@type":"BreadcrumbList","@id":"https:\/\/zapateneo.net\/wordpress\/index.php\/producto\/generacion-post-alfa\/#breadcrumb","itemListElement":[{"@type":"ListItem","position":1,"name":"Portada","item":"https:\/\/zapateneo.net\/wordpress\/"},{"@type":"ListItem","position":2,"name":"Tienda","item":"https:\/\/zapateneo.net\/wordpress\/"},{"@type":"ListItem","position":3,"name":"Generaci\u00f3n Post-Alfa"}]},{"@type":"WebSite","@id":"https:\/\/zapateneo.net\/wordpress\/#website","url":"https:\/\/zapateneo.net\/wordpress\/","name":"Zapateneo","description":"Zapateneoaren webgunea","publisher":{"@id":"https:\/\/zapateneo.net\/wordpress\/#organization"},"potentialAction":[{"@type":"SearchAction","target":{"@type":"EntryPoint","urlTemplate":"https:\/\/zapateneo.net\/wordpress\/?s={search_term_string}"},"query-input":{"@type":"PropertyValueSpecification","valueRequired":true,"valueName":"search_term_string"}}],"inLanguage":"es"},{"@type":"Organization","@id":"https:\/\/zapateneo.net\/wordpress\/#organization","name":"Zapateneo Kultur Elkartea","url":"https:\/\/zapateneo.net\/wordpress\/","logo":{"@type":"ImageObject","inLanguage":"es","@id":"https:\/\/zapateneo.net\/wordpress\/#\/schema\/logo\/image\/","url":"https:\/\/zapateneo.net\/wordpress\/wp-content\/uploads\/2021\/04\/zap-libu-kolec.jpg","contentUrl":"https:\/\/zapateneo.net\/wordpress\/wp-content\/uploads\/2021\/04\/zap-libu-kolec.jpg","width":2234,"height":398,"caption":"Zapateneo Kultur Elkartea"},"image":{"@id":"https:\/\/zapateneo.net\/wordpress\/#\/schema\/logo\/image\/"},"sameAs":["https:\/\/x.com\/zapateneo"]}]}},"_links":{"self":[{"href":"https:\/\/zapateneo.net\/wordpress\/index.php\/wp-json\/wp\/v2\/product\/1290","targetHints":{"allow":["GET"]}}],"collection":[{"href":"https:\/\/zapateneo.net\/wordpress\/index.php\/wp-json\/wp\/v2\/product"}],"about":[{"href":"https:\/\/zapateneo.net\/wordpress\/index.php\/wp-json\/wp\/v2\/types\/product"}],"wp:featuredmedia":[{"embeddable":true,"href":"https:\/\/zapateneo.net\/wordpress\/index.php\/wp-json\/wp\/v2\/media\/1320"}],"wp:attachment":[{"href":"https:\/\/zapateneo.net\/wordpress\/index.php\/wp-json\/wp\/v2\/media?parent=1290"}],"wp:term":[{"taxonomy":"product_brand","embeddable":true,"href":"https:\/\/zapateneo.net\/wordpress\/index.php\/wp-json\/wp\/v2\/product_brand?post=1290"},{"taxonomy":"product_cat","embeddable":true,"href":"https:\/\/zapateneo.net\/wordpress\/index.php\/wp-json\/wp\/v2\/product_cat?post=1290"},{"taxonomy":"product_tag","embeddable":true,"href":"https:\/\/zapateneo.net\/wordpress\/index.php\/wp-json\/wp\/v2\/product_tag?post=1290"}],"curies":[{"name":"wp","href":"https:\/\/api.w.org\/{rel}","templated":true}]}}