{"id":12839,"date":"2023-06-11T17:05:35","date_gmt":"2023-06-11T16:05:35","guid":{"rendered":"https:\/\/zapateneo.net\/wordpress\/?post_type=product&#038;p=12839"},"modified":"2023-07-12T06:24:08","modified_gmt":"2023-07-12T05:24:08","slug":"fundamentos-y-estrategias-de-la-copel","status":"publish","type":"product","link":"https:\/\/zapateneo.net\/wordpress\/index.php\/producto\/fundamentos-y-estrategias-de-la-copel\/","title":{"rendered":"Fundamentos Y Estrategias De La COPEL"},"content":{"rendered":"<p>EL LIBRO<\/p>\n<p>Una de las principales pasiones revolucionarias de los anarquistas, su deseo m\u00e1s impetuoso (no ut\u00f3pico, sino intentado una y otra vez sobre el suelo terrestre y siempre masacrado por el r\u00e9gimen de dominaci\u00f3n imperante), ha sido siempre que, en la lucha social, los combatientes fueran al mismo tiempo estrategas, que la t\u00e1ctica de muchos fuera como la t\u00e1ctica de uno, como dec\u00eda Miyamoto Musashi. Y aqu\u00ed, uno que particip\u00f3 activamente nos relata con todo detalle su experiencia de uno de esos intentos an\u00e1rquicos: la lucha autoorganizada de los presos sociales, durante la Transacci\u00f3n \u201cdemocr\u00e1tica\u201d, por ser incluidos en la amnist\u00eda, reivindicaci\u00f3n profundamente subversiva, capaz de neutralizar el poder punitivo sin el que la dominaci\u00f3n no puede subsistir. Con mirada l\u00facidamente horizontal, da cuenta de las razones, objetivos, medios y vicisitudes de esa lucha y de los factores que contribuyeron decisivamente a reprimirla. Analiza especialmente las leyes de Amnist\u00eda y c\u00f3mo fueron excluidos de su cobertura los rebeldes sociales, los pobres y miserables, v\u00edctimas del franquismo, que les hab\u00eda privado de todo derecho, y del borbonismo, cuyos valedores decidieron perpetuar el agravio, revelando la verdadera condici\u00f3n explotadora y antipopular del nuevo r\u00e9gimen todav\u00eda vigente.<\/p>\n<p> LA EDICI\u00d3N<\/p>\n<p>Se trata de una nueva edici\u00f3n de \u00abTokata, ediciones para el debate y la lucha social\u00bb, la tercera en que nos implicamos. Ha salido de la imprenta en abril de 2023. La edici\u00f3n, maquetaci\u00f3n y dise\u00f1o tanto del texto como de la portada las han realizado compa\u00f1eros del grupo Tokata.<\/p>\n<p>EL AUTOR<\/p>\n<p>Agust\u00edn Moreno Carmona naci\u00f3 en el seno de una familia clandestina, desestructurada y dispersada por el terrorismo de estado franquista. La persecuci\u00f3n ideol\u00f3gica, con desapariciones en cunetas secretas de dos familiares directos, fue el drama permanente de su familia materna y paterna. Suma brutales torturas, encarcelamientos y violaciones a mujeres por la Guardia civil a las \u00f3rdenes del General Gonzalo Queipo de Llano. El allanamiento y saqueo de las dos viviendas familiares. No faltaba la incautaci\u00f3n de sus bienes: robar las tierras y pertenencias de la oposici\u00f3n ideol\u00f3gica para arruinar a los descendientes de los perseguidos.<\/p>\n<p>A los tres a\u00f1os, en 1950, vio a su padre tras las rejas de la C\u00e1rcel de Carabanchel. El progenitor, autoridad republicana inconclusa, se acababa de entregar al enemigo para regularizarse administrativamente. Le condenaron a 30 a\u00f1os de reclusi\u00f3n mayor por el falso delito de rebeli\u00f3n militar. La madre se qued\u00f3 sola con un ni\u00f1o de doce a\u00f1os y otros dos de cuatro y tres a\u00f1os. Para atender a las cinco bocas, se mataba a fregar suelos y escaleras a mano, sin consguir paliar el hambre. Los tit\u00e1nicos esfuerzos afectaron a su h\u00edgado, muriendo por cirrosis en 1969.<\/p>\n<p>Siendo menor de edad, Agust\u00edn conoci\u00f3 la c\u00e1rcel por delitos impropios, Ley de Vagos y arresto gubernativo decretado por el Gobernador Civil. Los descendientes de los republicanos eran la oposici\u00f3n de futuro a la dictadura y por ese motivo pagaban una contribuci\u00f3n de dolor al estado falsificado. El dolor no pudo rendirle afili\u00e1ndole a las organizaciones franquistas ni a la asistencia a las iglesias. El dolor aliment\u00f3 su resistencia al crimen. Es una resistencia indestructible que ni la muerte puede acabar con ella porque la memoria es imperecedera.<\/p>\n","protected":false},"excerpt":{"rendered":"<p><strong>Agust\u00edn Moreno Carmona<\/strong><br \/>\n202305260001 &#8211; Tokata &#8211; 2023 &#8211; 205 p\u00e1ginas \/orri.<\/p>\n","protected":false},"featured_media":12840,"template":"","meta":[],"product_brand":[],"product_cat":[181,16],"product_tag":[6165,2831],"class_list":{"0":"post-12839","1":"product","2":"type-product","3":"status-publish","4":"has-post-thumbnail","6":"product_cat-bazterketa-soziala-eta-errepresioa-exclusion-social-y-represion","7":"product_cat-libros","8":"product_tag-agustin-moreno-carmona","9":"product_tag-tokata","11":"first","12":"instock","13":"sold-individually","14":"shipping-taxable","15":"purchasable","16":"product-type-simple"},"yoast_head":"<!-- This site is optimized with the Yoast SEO plugin v27.3 - https:\/\/yoast.com\/product\/yoast-seo-wordpress\/ -->\n<title>Fundamentos Y Estrategias De La COPEL &#8212; Zapateneo<\/title>\n<meta name=\"robots\" content=\"index, follow, max-snippet:-1, max-image-preview:large, max-video-preview:-1\" \/>\n<link rel=\"canonical\" href=\"https:\/\/zapateneo.net\/wordpress\/index.php\/producto\/fundamentos-y-estrategias-de-la-copel\/\" \/>\n<meta property=\"og:locale\" content=\"es_ES\" \/>\n<meta property=\"og:type\" content=\"article\" \/>\n<meta property=\"og:title\" content=\"Fundamentos Y Estrategias De La COPEL &#8212; Zapateneo\" \/>\n<meta property=\"og:description\" content=\"Agust\u00edn Moreno Carmona 202305260001 - Tokata - 2023 - 205 p\u00e1ginas \/orri.\" \/>\n<meta property=\"og:url\" content=\"https:\/\/zapateneo.net\/wordpress\/index.php\/producto\/fundamentos-y-estrategias-de-la-copel\/\" \/>\n<meta property=\"og:site_name\" content=\"Zapateneo\" \/>\n<meta property=\"article:modified_time\" content=\"2023-07-12T05:24:08+00:00\" \/>\n<meta property=\"og:image\" content=\"https:\/\/zapateneo.net\/wordpress\/wp-content\/uploads\/2023\/05\/copel.jpg\" \/>\n\t<meta property=\"og:image:width\" content=\"183\" \/>\n\t<meta property=\"og:image:height\" content=\"275\" \/>\n\t<meta property=\"og:image:type\" content=\"image\/jpeg\" \/>\n<meta name=\"twitter:card\" content=\"summary_large_image\" \/>\n<meta name=\"twitter:site\" content=\"@zapateneo\" \/>\n<meta name=\"twitter:label1\" content=\"Tiempo de lectura\" \/>\n\t<meta name=\"twitter:data1\" content=\"3 minutos\" \/>\n<script type=\"application\/ld+json\" class=\"yoast-schema-graph\">{\"@context\":\"https:\\\/\\\/schema.org\",\"@graph\":[{\"@type\":\"WebPage\",\"@id\":\"https:\\\/\\\/zapateneo.net\\\/wordpress\\\/index.php\\\/producto\\\/fundamentos-y-estrategias-de-la-copel\\\/\",\"url\":\"https:\\\/\\\/zapateneo.net\\\/wordpress\\\/index.php\\\/producto\\\/fundamentos-y-estrategias-de-la-copel\\\/\",\"name\":\"Fundamentos Y Estrategias De La COPEL &#8212; Zapateneo\",\"isPartOf\":{\"@id\":\"https:\\\/\\\/zapateneo.net\\\/wordpress\\\/#website\"},\"primaryImageOfPage\":{\"@id\":\"https:\\\/\\\/zapateneo.net\\\/wordpress\\\/index.php\\\/producto\\\/fundamentos-y-estrategias-de-la-copel\\\/#primaryimage\"},\"image\":{\"@id\":\"https:\\\/\\\/zapateneo.net\\\/wordpress\\\/index.php\\\/producto\\\/fundamentos-y-estrategias-de-la-copel\\\/#primaryimage\"},\"thumbnailUrl\":\"https:\\\/\\\/zapateneo.net\\\/wordpress\\\/wp-content\\\/uploads\\\/2023\\\/05\\\/copel.jpg\",\"datePublished\":\"2023-06-11T16:05:35+00:00\",\"dateModified\":\"2023-07-12T05:24:08+00:00\",\"breadcrumb\":{\"@id\":\"https:\\\/\\\/zapateneo.net\\\/wordpress\\\/index.php\\\/producto\\\/fundamentos-y-estrategias-de-la-copel\\\/#breadcrumb\"},\"inLanguage\":\"es\",\"potentialAction\":[{\"@type\":\"ReadAction\",\"target\":[\"https:\\\/\\\/zapateneo.net\\\/wordpress\\\/index.php\\\/producto\\\/fundamentos-y-estrategias-de-la-copel\\\/\"]}]},{\"@type\":\"ImageObject\",\"inLanguage\":\"es\",\"@id\":\"https:\\\/\\\/zapateneo.net\\\/wordpress\\\/index.php\\\/producto\\\/fundamentos-y-estrategias-de-la-copel\\\/#primaryimage\",\"url\":\"https:\\\/\\\/zapateneo.net\\\/wordpress\\\/wp-content\\\/uploads\\\/2023\\\/05\\\/copel.jpg\",\"contentUrl\":\"https:\\\/\\\/zapateneo.net\\\/wordpress\\\/wp-content\\\/uploads\\\/2023\\\/05\\\/copel.jpg\",\"width\":183,\"height\":275},{\"@type\":\"BreadcrumbList\",\"@id\":\"https:\\\/\\\/zapateneo.net\\\/wordpress\\\/index.php\\\/producto\\\/fundamentos-y-estrategias-de-la-copel\\\/#breadcrumb\",\"itemListElement\":[{\"@type\":\"ListItem\",\"position\":1,\"name\":\"Portada\",\"item\":\"https:\\\/\\\/zapateneo.net\\\/wordpress\\\/\"},{\"@type\":\"ListItem\",\"position\":2,\"name\":\"Tienda\",\"item\":\"https:\\\/\\\/zapateneo.net\\\/wordpress\\\/\"},{\"@type\":\"ListItem\",\"position\":3,\"name\":\"Fundamentos Y Estrategias De La COPEL\"}]},{\"@type\":\"WebSite\",\"@id\":\"https:\\\/\\\/zapateneo.net\\\/wordpress\\\/#website\",\"url\":\"https:\\\/\\\/zapateneo.net\\\/wordpress\\\/\",\"name\":\"Zapateneo\",\"description\":\"Zapateneoaren webgunea\",\"publisher\":{\"@id\":\"https:\\\/\\\/zapateneo.net\\\/wordpress\\\/#organization\"},\"potentialAction\":[{\"@type\":\"SearchAction\",\"target\":{\"@type\":\"EntryPoint\",\"urlTemplate\":\"https:\\\/\\\/zapateneo.net\\\/wordpress\\\/?s={search_term_string}\"},\"query-input\":{\"@type\":\"PropertyValueSpecification\",\"valueRequired\":true,\"valueName\":\"search_term_string\"}}],\"inLanguage\":\"es\"},{\"@type\":\"Organization\",\"@id\":\"https:\\\/\\\/zapateneo.net\\\/wordpress\\\/#organization\",\"name\":\"Zapateneo Kultur Elkartea\",\"url\":\"https:\\\/\\\/zapateneo.net\\\/wordpress\\\/\",\"logo\":{\"@type\":\"ImageObject\",\"inLanguage\":\"es\",\"@id\":\"https:\\\/\\\/zapateneo.net\\\/wordpress\\\/#\\\/schema\\\/logo\\\/image\\\/\",\"url\":\"https:\\\/\\\/zapateneo.net\\\/wordpress\\\/wp-content\\\/uploads\\\/2021\\\/04\\\/zap-libu-kolec.jpg\",\"contentUrl\":\"https:\\\/\\\/zapateneo.net\\\/wordpress\\\/wp-content\\\/uploads\\\/2021\\\/04\\\/zap-libu-kolec.jpg\",\"width\":2234,\"height\":398,\"caption\":\"Zapateneo Kultur Elkartea\"},\"image\":{\"@id\":\"https:\\\/\\\/zapateneo.net\\\/wordpress\\\/#\\\/schema\\\/logo\\\/image\\\/\"},\"sameAs\":[\"https:\\\/\\\/x.com\\\/zapateneo\"]}]}<\/script>\n<!-- \/ Yoast SEO plugin. -->","yoast_head_json":{"title":"Fundamentos Y Estrategias De La COPEL &#8212; Zapateneo","robots":{"index":"index","follow":"follow","max-snippet":"max-snippet:-1","max-image-preview":"max-image-preview:large","max-video-preview":"max-video-preview:-1"},"canonical":"https:\/\/zapateneo.net\/wordpress\/index.php\/producto\/fundamentos-y-estrategias-de-la-copel\/","og_locale":"es_ES","og_type":"article","og_title":"Fundamentos Y Estrategias De La COPEL &#8212; Zapateneo","og_description":"Agust\u00edn Moreno Carmona 202305260001 - Tokata - 2023 - 205 p\u00e1ginas \/orri.","og_url":"https:\/\/zapateneo.net\/wordpress\/index.php\/producto\/fundamentos-y-estrategias-de-la-copel\/","og_site_name":"Zapateneo","article_modified_time":"2023-07-12T05:24:08+00:00","og_image":[{"width":183,"height":275,"url":"https:\/\/zapateneo.net\/wordpress\/wp-content\/uploads\/2023\/05\/copel.jpg","type":"image\/jpeg"}],"twitter_card":"summary_large_image","twitter_site":"@zapateneo","twitter_misc":{"Tiempo de lectura":"3 minutos"},"schema":{"@context":"https:\/\/schema.org","@graph":[{"@type":"WebPage","@id":"https:\/\/zapateneo.net\/wordpress\/index.php\/producto\/fundamentos-y-estrategias-de-la-copel\/","url":"https:\/\/zapateneo.net\/wordpress\/index.php\/producto\/fundamentos-y-estrategias-de-la-copel\/","name":"Fundamentos Y Estrategias De La COPEL &#8212; Zapateneo","isPartOf":{"@id":"https:\/\/zapateneo.net\/wordpress\/#website"},"primaryImageOfPage":{"@id":"https:\/\/zapateneo.net\/wordpress\/index.php\/producto\/fundamentos-y-estrategias-de-la-copel\/#primaryimage"},"image":{"@id":"https:\/\/zapateneo.net\/wordpress\/index.php\/producto\/fundamentos-y-estrategias-de-la-copel\/#primaryimage"},"thumbnailUrl":"https:\/\/zapateneo.net\/wordpress\/wp-content\/uploads\/2023\/05\/copel.jpg","datePublished":"2023-06-11T16:05:35+00:00","dateModified":"2023-07-12T05:24:08+00:00","breadcrumb":{"@id":"https:\/\/zapateneo.net\/wordpress\/index.php\/producto\/fundamentos-y-estrategias-de-la-copel\/#breadcrumb"},"inLanguage":"es","potentialAction":[{"@type":"ReadAction","target":["https:\/\/zapateneo.net\/wordpress\/index.php\/producto\/fundamentos-y-estrategias-de-la-copel\/"]}]},{"@type":"ImageObject","inLanguage":"es","@id":"https:\/\/zapateneo.net\/wordpress\/index.php\/producto\/fundamentos-y-estrategias-de-la-copel\/#primaryimage","url":"https:\/\/zapateneo.net\/wordpress\/wp-content\/uploads\/2023\/05\/copel.jpg","contentUrl":"https:\/\/zapateneo.net\/wordpress\/wp-content\/uploads\/2023\/05\/copel.jpg","width":183,"height":275},{"@type":"BreadcrumbList","@id":"https:\/\/zapateneo.net\/wordpress\/index.php\/producto\/fundamentos-y-estrategias-de-la-copel\/#breadcrumb","itemListElement":[{"@type":"ListItem","position":1,"name":"Portada","item":"https:\/\/zapateneo.net\/wordpress\/"},{"@type":"ListItem","position":2,"name":"Tienda","item":"https:\/\/zapateneo.net\/wordpress\/"},{"@type":"ListItem","position":3,"name":"Fundamentos Y Estrategias De La COPEL"}]},{"@type":"WebSite","@id":"https:\/\/zapateneo.net\/wordpress\/#website","url":"https:\/\/zapateneo.net\/wordpress\/","name":"Zapateneo","description":"Zapateneoaren webgunea","publisher":{"@id":"https:\/\/zapateneo.net\/wordpress\/#organization"},"potentialAction":[{"@type":"SearchAction","target":{"@type":"EntryPoint","urlTemplate":"https:\/\/zapateneo.net\/wordpress\/?s={search_term_string}"},"query-input":{"@type":"PropertyValueSpecification","valueRequired":true,"valueName":"search_term_string"}}],"inLanguage":"es"},{"@type":"Organization","@id":"https:\/\/zapateneo.net\/wordpress\/#organization","name":"Zapateneo Kultur Elkartea","url":"https:\/\/zapateneo.net\/wordpress\/","logo":{"@type":"ImageObject","inLanguage":"es","@id":"https:\/\/zapateneo.net\/wordpress\/#\/schema\/logo\/image\/","url":"https:\/\/zapateneo.net\/wordpress\/wp-content\/uploads\/2021\/04\/zap-libu-kolec.jpg","contentUrl":"https:\/\/zapateneo.net\/wordpress\/wp-content\/uploads\/2021\/04\/zap-libu-kolec.jpg","width":2234,"height":398,"caption":"Zapateneo Kultur Elkartea"},"image":{"@id":"https:\/\/zapateneo.net\/wordpress\/#\/schema\/logo\/image\/"},"sameAs":["https:\/\/x.com\/zapateneo"]}]}},"_links":{"self":[{"href":"https:\/\/zapateneo.net\/wordpress\/index.php\/wp-json\/wp\/v2\/product\/12839","targetHints":{"allow":["GET"]}}],"collection":[{"href":"https:\/\/zapateneo.net\/wordpress\/index.php\/wp-json\/wp\/v2\/product"}],"about":[{"href":"https:\/\/zapateneo.net\/wordpress\/index.php\/wp-json\/wp\/v2\/types\/product"}],"wp:featuredmedia":[{"embeddable":true,"href":"https:\/\/zapateneo.net\/wordpress\/index.php\/wp-json\/wp\/v2\/media\/12840"}],"wp:attachment":[{"href":"https:\/\/zapateneo.net\/wordpress\/index.php\/wp-json\/wp\/v2\/media?parent=12839"}],"wp:term":[{"taxonomy":"product_brand","embeddable":true,"href":"https:\/\/zapateneo.net\/wordpress\/index.php\/wp-json\/wp\/v2\/product_brand?post=12839"},{"taxonomy":"product_cat","embeddable":true,"href":"https:\/\/zapateneo.net\/wordpress\/index.php\/wp-json\/wp\/v2\/product_cat?post=12839"},{"taxonomy":"product_tag","embeddable":true,"href":"https:\/\/zapateneo.net\/wordpress\/index.php\/wp-json\/wp\/v2\/product_tag?post=12839"}],"curies":[{"name":"wp","href":"https:\/\/api.w.org\/{rel}","templated":true}]}}