{"id":12728,"date":"2023-04-10T19:29:25","date_gmt":"2023-04-10T18:29:25","guid":{"rendered":"https:\/\/zapateneo.net\/wordpress\/?post_type=product&#038;p=12728"},"modified":"2023-04-10T19:29:57","modified_gmt":"2023-04-10T18:29:57","slug":"rebeldias-feministas-y-luchas-de-mujeres-en-america-latina","status":"publish","type":"product","link":"https:\/\/zapateneo.net\/wordpress\/index.php\/producto\/rebeldias-feministas-y-luchas-de-mujeres-en-america-latina\/","title":{"rendered":"REBELD\u00cdAS FEMINISTAS Y LUCHAS DE MUJERES EN AM\u00c9RICA LATINA"},"content":{"rendered":"<p>En medio de la fragmentaci\u00f3n y la separaci\u00f3n de los mundos urbanos y rurales, las luchas actuales de las mujeres han ido visibilizando la simultaneidad e interconexi\u00f3n de las distintas violencias que nos afectan y de las que nos defendemos. Organizado en cinco ep\u00edgrafes (Mujeres que luchan y territorio; Cuerpos, experiencias e intercambios; Construyendo entre nosotras; Mujeres en la revuelta; y Afectos y justicia feminista) este recopilatorio avanza en esa direcci\u00f3n: hablamos entre nosotras para conectar los agravios y dilucidar el sustrato com\u00fan del que est\u00e1n hechos. Para ello se re\u00fanen 17 textos, aportaciones individuales o colectivas, que desde la experiencia concreta de Chile, M\u00e9xico, Argentina, Ecuador, Bolivia, Uruguay, etc., abordan las reflexiones que nutren los feminismos y refleja sus \u00e1mbitos de intervenci\u00f3n: desde la salud y la defensa del derecho al aborto, hasta la b\u00fasqueda de otros sistema de justicia, pasando por la gesti\u00f3n de la econom\u00eda local o la participaci\u00f3n en las huelgas.<\/p>\n<p>Este libro se suma al torrente de esfuerzos nacidos en un momento de profunda necesidad de las mujeres de encontrarse entre ellas y construir juntas de manera distinta. Un proceso latente, gestado desde hace a\u00f1os (el libro se empez\u00f3 a armar en 2018) que ha convocado a m\u00faltiples experiencias reflexivas y organizativas entre mujeres. Las experiencias de lucha retratadas en esta compilaci\u00f3n producen potentes formas de hacer pol\u00edtica que desaf\u00edan las escalas, los modos y los espacios hasta ahora permitidos por la pol\u00edtica en clave patriarcal. El constante cuestionamiento a las formas de trabajo pol\u00edtico de la izquierda militante ha puesto en el centro el deseo de las mujeres de cambiarlo todo: en las camas, las aulas y las calles. Desvelan que nuestro lugar ha sido siempre vital e imprescindible: desde las esferas desde las que reproducir la vida (cotidiana) y asegurar los cuidados, hasta los modos de ocupar un territorio y gestionar los bienes comunes, o las maneras de establecer relaciones sexo-afectivas entre nosotras que nos permiten cultivar la ternura radical en medio de la crisis continua.<\/p>\n","protected":false},"excerpt":{"rendered":"<p><strong>vvaa<\/strong><br \/>\n9786079890186 &#8211; Bajo Tierra &#8211; 2022 &#8211; 364 p\u00e1ginas \/orri.<\/p>\n","protected":false},"featured_media":12759,"template":"","meta":[],"product_brand":[],"product_cat":[174,16],"product_tag":[4497],"class_list":{"0":"post-12728","1":"product","2":"type-product","3":"status-publish","4":"has-post-thumbnail","6":"product_cat-generoak-generos","7":"product_cat-libros","8":"product_tag-bajo-tierra","10":"first","11":"instock","12":"sold-individually","13":"shipping-taxable","14":"purchasable","15":"product-type-simple"},"yoast_head":"<!-- This site is optimized with the Yoast SEO plugin v27.3 - https:\/\/yoast.com\/product\/yoast-seo-wordpress\/ -->\n<title>REBELD\u00cdAS FEMINISTAS Y LUCHAS DE MUJERES EN AM\u00c9RICA LATINA &#8212; Zapateneo<\/title>\n<meta name=\"robots\" content=\"index, follow, max-snippet:-1, max-image-preview:large, max-video-preview:-1\" \/>\n<link rel=\"canonical\" href=\"https:\/\/zapateneo.net\/wordpress\/index.php\/producto\/rebeldias-feministas-y-luchas-de-mujeres-en-america-latina\/\" \/>\n<meta property=\"og:locale\" content=\"es_ES\" \/>\n<meta property=\"og:type\" content=\"article\" \/>\n<meta property=\"og:title\" content=\"REBELD\u00cdAS FEMINISTAS Y LUCHAS DE MUJERES EN AM\u00c9RICA LATINA &#8212; Zapateneo\" \/>\n<meta property=\"og:description\" content=\"vvaa 9786079890186 - Bajo Tierra - 2022 - 364 p\u00e1ginas \/orri.\" \/>\n<meta property=\"og:url\" content=\"https:\/\/zapateneo.net\/wordpress\/index.php\/producto\/rebeldias-feministas-y-luchas-de-mujeres-en-america-latina\/\" \/>\n<meta property=\"og:site_name\" content=\"Zapateneo\" \/>\n<meta property=\"article:modified_time\" content=\"2023-04-10T18:29:57+00:00\" \/>\n<meta name=\"twitter:card\" content=\"summary_large_image\" \/>\n<meta name=\"twitter:site\" content=\"@zapateneo\" \/>\n<meta name=\"twitter:label1\" content=\"Tiempo de lectura\" \/>\n\t<meta name=\"twitter:data1\" content=\"2 minutos\" \/>\n<script type=\"application\/ld+json\" class=\"yoast-schema-graph\">{\"@context\":\"https:\\\/\\\/schema.org\",\"@graph\":[{\"@type\":\"WebPage\",\"@id\":\"https:\\\/\\\/zapateneo.net\\\/wordpress\\\/index.php\\\/producto\\\/rebeldias-feministas-y-luchas-de-mujeres-en-america-latina\\\/\",\"url\":\"https:\\\/\\\/zapateneo.net\\\/wordpress\\\/index.php\\\/producto\\\/rebeldias-feministas-y-luchas-de-mujeres-en-america-latina\\\/\",\"name\":\"REBELD\u00cdAS FEMINISTAS Y LUCHAS DE MUJERES EN AM\u00c9RICA LATINA &#8212; Zapateneo\",\"isPartOf\":{\"@id\":\"https:\\\/\\\/zapateneo.net\\\/wordpress\\\/#website\"},\"primaryImageOfPage\":{\"@id\":\"https:\\\/\\\/zapateneo.net\\\/wordpress\\\/index.php\\\/producto\\\/rebeldias-feministas-y-luchas-de-mujeres-en-america-latina\\\/#primaryimage\"},\"image\":{\"@id\":\"https:\\\/\\\/zapateneo.net\\\/wordpress\\\/index.php\\\/producto\\\/rebeldias-feministas-y-luchas-de-mujeres-en-america-latina\\\/#primaryimage\"},\"thumbnailUrl\":\"https:\\\/\\\/zapateneo.net\\\/wordpress\\\/wp-content\\\/uploads\\\/2023\\\/04\\\/rebeldias-feministas-y-luchas-de-mujeres-en-america-latina-9786079890186.png\",\"datePublished\":\"2023-04-10T18:29:25+00:00\",\"dateModified\":\"2023-04-10T18:29:57+00:00\",\"breadcrumb\":{\"@id\":\"https:\\\/\\\/zapateneo.net\\\/wordpress\\\/index.php\\\/producto\\\/rebeldias-feministas-y-luchas-de-mujeres-en-america-latina\\\/#breadcrumb\"},\"inLanguage\":\"es\",\"potentialAction\":[{\"@type\":\"ReadAction\",\"target\":[\"https:\\\/\\\/zapateneo.net\\\/wordpress\\\/index.php\\\/producto\\\/rebeldias-feministas-y-luchas-de-mujeres-en-america-latina\\\/\"]}]},{\"@type\":\"ImageObject\",\"inLanguage\":\"es\",\"@id\":\"https:\\\/\\\/zapateneo.net\\\/wordpress\\\/index.php\\\/producto\\\/rebeldias-feministas-y-luchas-de-mujeres-en-america-latina\\\/#primaryimage\",\"url\":\"https:\\\/\\\/zapateneo.net\\\/wordpress\\\/wp-content\\\/uploads\\\/2023\\\/04\\\/rebeldias-feministas-y-luchas-de-mujeres-en-america-latina-9786079890186.png\",\"contentUrl\":\"https:\\\/\\\/zapateneo.net\\\/wordpress\\\/wp-content\\\/uploads\\\/2023\\\/04\\\/rebeldias-feministas-y-luchas-de-mujeres-en-america-latina-9786079890186.png\",\"width\":299,\"height\":400},{\"@type\":\"BreadcrumbList\",\"@id\":\"https:\\\/\\\/zapateneo.net\\\/wordpress\\\/index.php\\\/producto\\\/rebeldias-feministas-y-luchas-de-mujeres-en-america-latina\\\/#breadcrumb\",\"itemListElement\":[{\"@type\":\"ListItem\",\"position\":1,\"name\":\"Portada\",\"item\":\"https:\\\/\\\/zapateneo.net\\\/wordpress\\\/\"},{\"@type\":\"ListItem\",\"position\":2,\"name\":\"Tienda\",\"item\":\"https:\\\/\\\/zapateneo.net\\\/wordpress\\\/\"},{\"@type\":\"ListItem\",\"position\":3,\"name\":\"REBELD\u00cdAS FEMINISTAS Y LUCHAS DE MUJERES EN AM\u00c9RICA LATINA\"}]},{\"@type\":\"WebSite\",\"@id\":\"https:\\\/\\\/zapateneo.net\\\/wordpress\\\/#website\",\"url\":\"https:\\\/\\\/zapateneo.net\\\/wordpress\\\/\",\"name\":\"Zapateneo\",\"description\":\"Zapateneoaren webgunea\",\"publisher\":{\"@id\":\"https:\\\/\\\/zapateneo.net\\\/wordpress\\\/#organization\"},\"potentialAction\":[{\"@type\":\"SearchAction\",\"target\":{\"@type\":\"EntryPoint\",\"urlTemplate\":\"https:\\\/\\\/zapateneo.net\\\/wordpress\\\/?s={search_term_string}\"},\"query-input\":{\"@type\":\"PropertyValueSpecification\",\"valueRequired\":true,\"valueName\":\"search_term_string\"}}],\"inLanguage\":\"es\"},{\"@type\":\"Organization\",\"@id\":\"https:\\\/\\\/zapateneo.net\\\/wordpress\\\/#organization\",\"name\":\"Zapateneo Kultur Elkartea\",\"url\":\"https:\\\/\\\/zapateneo.net\\\/wordpress\\\/\",\"logo\":{\"@type\":\"ImageObject\",\"inLanguage\":\"es\",\"@id\":\"https:\\\/\\\/zapateneo.net\\\/wordpress\\\/#\\\/schema\\\/logo\\\/image\\\/\",\"url\":\"https:\\\/\\\/zapateneo.net\\\/wordpress\\\/wp-content\\\/uploads\\\/2021\\\/04\\\/zap-libu-kolec.jpg\",\"contentUrl\":\"https:\\\/\\\/zapateneo.net\\\/wordpress\\\/wp-content\\\/uploads\\\/2021\\\/04\\\/zap-libu-kolec.jpg\",\"width\":2234,\"height\":398,\"caption\":\"Zapateneo Kultur Elkartea\"},\"image\":{\"@id\":\"https:\\\/\\\/zapateneo.net\\\/wordpress\\\/#\\\/schema\\\/logo\\\/image\\\/\"},\"sameAs\":[\"https:\\\/\\\/x.com\\\/zapateneo\"]}]}<\/script>\n<!-- \/ Yoast SEO plugin. -->","yoast_head_json":{"title":"REBELD\u00cdAS FEMINISTAS Y LUCHAS DE MUJERES EN AM\u00c9RICA LATINA &#8212; Zapateneo","robots":{"index":"index","follow":"follow","max-snippet":"max-snippet:-1","max-image-preview":"max-image-preview:large","max-video-preview":"max-video-preview:-1"},"canonical":"https:\/\/zapateneo.net\/wordpress\/index.php\/producto\/rebeldias-feministas-y-luchas-de-mujeres-en-america-latina\/","og_locale":"es_ES","og_type":"article","og_title":"REBELD\u00cdAS FEMINISTAS Y LUCHAS DE MUJERES EN AM\u00c9RICA LATINA &#8212; Zapateneo","og_description":"vvaa 9786079890186 - Bajo Tierra - 2022 - 364 p\u00e1ginas \/orri.","og_url":"https:\/\/zapateneo.net\/wordpress\/index.php\/producto\/rebeldias-feministas-y-luchas-de-mujeres-en-america-latina\/","og_site_name":"Zapateneo","article_modified_time":"2023-04-10T18:29:57+00:00","twitter_card":"summary_large_image","twitter_site":"@zapateneo","twitter_misc":{"Tiempo de lectura":"2 minutos"},"schema":{"@context":"https:\/\/schema.org","@graph":[{"@type":"WebPage","@id":"https:\/\/zapateneo.net\/wordpress\/index.php\/producto\/rebeldias-feministas-y-luchas-de-mujeres-en-america-latina\/","url":"https:\/\/zapateneo.net\/wordpress\/index.php\/producto\/rebeldias-feministas-y-luchas-de-mujeres-en-america-latina\/","name":"REBELD\u00cdAS FEMINISTAS Y LUCHAS DE MUJERES EN AM\u00c9RICA LATINA &#8212; Zapateneo","isPartOf":{"@id":"https:\/\/zapateneo.net\/wordpress\/#website"},"primaryImageOfPage":{"@id":"https:\/\/zapateneo.net\/wordpress\/index.php\/producto\/rebeldias-feministas-y-luchas-de-mujeres-en-america-latina\/#primaryimage"},"image":{"@id":"https:\/\/zapateneo.net\/wordpress\/index.php\/producto\/rebeldias-feministas-y-luchas-de-mujeres-en-america-latina\/#primaryimage"},"thumbnailUrl":"https:\/\/zapateneo.net\/wordpress\/wp-content\/uploads\/2023\/04\/rebeldias-feministas-y-luchas-de-mujeres-en-america-latina-9786079890186.png","datePublished":"2023-04-10T18:29:25+00:00","dateModified":"2023-04-10T18:29:57+00:00","breadcrumb":{"@id":"https:\/\/zapateneo.net\/wordpress\/index.php\/producto\/rebeldias-feministas-y-luchas-de-mujeres-en-america-latina\/#breadcrumb"},"inLanguage":"es","potentialAction":[{"@type":"ReadAction","target":["https:\/\/zapateneo.net\/wordpress\/index.php\/producto\/rebeldias-feministas-y-luchas-de-mujeres-en-america-latina\/"]}]},{"@type":"ImageObject","inLanguage":"es","@id":"https:\/\/zapateneo.net\/wordpress\/index.php\/producto\/rebeldias-feministas-y-luchas-de-mujeres-en-america-latina\/#primaryimage","url":"https:\/\/zapateneo.net\/wordpress\/wp-content\/uploads\/2023\/04\/rebeldias-feministas-y-luchas-de-mujeres-en-america-latina-9786079890186.png","contentUrl":"https:\/\/zapateneo.net\/wordpress\/wp-content\/uploads\/2023\/04\/rebeldias-feministas-y-luchas-de-mujeres-en-america-latina-9786079890186.png","width":299,"height":400},{"@type":"BreadcrumbList","@id":"https:\/\/zapateneo.net\/wordpress\/index.php\/producto\/rebeldias-feministas-y-luchas-de-mujeres-en-america-latina\/#breadcrumb","itemListElement":[{"@type":"ListItem","position":1,"name":"Portada","item":"https:\/\/zapateneo.net\/wordpress\/"},{"@type":"ListItem","position":2,"name":"Tienda","item":"https:\/\/zapateneo.net\/wordpress\/"},{"@type":"ListItem","position":3,"name":"REBELD\u00cdAS FEMINISTAS Y LUCHAS DE MUJERES EN AM\u00c9RICA LATINA"}]},{"@type":"WebSite","@id":"https:\/\/zapateneo.net\/wordpress\/#website","url":"https:\/\/zapateneo.net\/wordpress\/","name":"Zapateneo","description":"Zapateneoaren webgunea","publisher":{"@id":"https:\/\/zapateneo.net\/wordpress\/#organization"},"potentialAction":[{"@type":"SearchAction","target":{"@type":"EntryPoint","urlTemplate":"https:\/\/zapateneo.net\/wordpress\/?s={search_term_string}"},"query-input":{"@type":"PropertyValueSpecification","valueRequired":true,"valueName":"search_term_string"}}],"inLanguage":"es"},{"@type":"Organization","@id":"https:\/\/zapateneo.net\/wordpress\/#organization","name":"Zapateneo Kultur Elkartea","url":"https:\/\/zapateneo.net\/wordpress\/","logo":{"@type":"ImageObject","inLanguage":"es","@id":"https:\/\/zapateneo.net\/wordpress\/#\/schema\/logo\/image\/","url":"https:\/\/zapateneo.net\/wordpress\/wp-content\/uploads\/2021\/04\/zap-libu-kolec.jpg","contentUrl":"https:\/\/zapateneo.net\/wordpress\/wp-content\/uploads\/2021\/04\/zap-libu-kolec.jpg","width":2234,"height":398,"caption":"Zapateneo Kultur Elkartea"},"image":{"@id":"https:\/\/zapateneo.net\/wordpress\/#\/schema\/logo\/image\/"},"sameAs":["https:\/\/x.com\/zapateneo"]}]}},"_links":{"self":[{"href":"https:\/\/zapateneo.net\/wordpress\/index.php\/wp-json\/wp\/v2\/product\/12728","targetHints":{"allow":["GET"]}}],"collection":[{"href":"https:\/\/zapateneo.net\/wordpress\/index.php\/wp-json\/wp\/v2\/product"}],"about":[{"href":"https:\/\/zapateneo.net\/wordpress\/index.php\/wp-json\/wp\/v2\/types\/product"}],"wp:featuredmedia":[{"embeddable":true,"href":"https:\/\/zapateneo.net\/wordpress\/index.php\/wp-json\/wp\/v2\/media\/12759"}],"wp:attachment":[{"href":"https:\/\/zapateneo.net\/wordpress\/index.php\/wp-json\/wp\/v2\/media?parent=12728"}],"wp:term":[{"taxonomy":"product_brand","embeddable":true,"href":"https:\/\/zapateneo.net\/wordpress\/index.php\/wp-json\/wp\/v2\/product_brand?post=12728"},{"taxonomy":"product_cat","embeddable":true,"href":"https:\/\/zapateneo.net\/wordpress\/index.php\/wp-json\/wp\/v2\/product_cat?post=12728"},{"taxonomy":"product_tag","embeddable":true,"href":"https:\/\/zapateneo.net\/wordpress\/index.php\/wp-json\/wp\/v2\/product_tag?post=12728"}],"curies":[{"name":"wp","href":"https:\/\/api.w.org\/{rel}","templated":true}]}}