{"id":12727,"date":"2023-04-10T19:29:25","date_gmt":"2023-04-10T18:29:25","guid":{"rendered":"https:\/\/zapateneo.net\/wordpress\/?post_type=product&#038;p=12727"},"modified":"2023-04-10T19:29:55","modified_gmt":"2023-04-10T18:29:55","slug":"carta-a-mis-hermanas-mas-jovenes-ii-amistad-politica-entre-mujeres","status":"publish","type":"product","link":"https:\/\/zapateneo.net\/wordpress\/index.php\/producto\/carta-a-mis-hermanas-mas-jovenes-ii-amistad-politica-entre-mujeres\/","title":{"rendered":"CARTA A MIS HERMANAS M\u00c1S J\u00d3VENES (II) Amistad pol\u00edtica entre mujeres"},"content":{"rendered":"<p>Esta es la segunda entrega de reflexiones sobre los l\u00edmites y aciertos de las pr\u00e1cticas feministas, que busca problematizarlas y dotarlas de mayor consistencia.<\/p>\n<p>\u00abDeseo tanto entablar con otras esta conversaci\u00f3n. Volver a traer temas que brotan y desaparecen en la discusi\u00f3n entre nosotras. Contribuir un poco a la reflexi\u00f3n compartida que urge sobre la manera en que construimos v\u00ednculos entre distintas. En particular, a la manera como alumbramos formas siempre in\u00e9ditas, potentes y simult\u00e1neamente contradictorias de amistad pol\u00edtica entre mujeres en lucha. Practicar la amistad pol\u00edtica entre mujeres es, de por s\u00ed, vivir a contracorriente del mundo tal como es, tanto en el \u00e1mbito privado y familiar como en el espacio p\u00fablico. Significa no plegarse ingenuamente, sino desobedecer y rebelarse a lo estructurado de modo patriarcal y por eso es, a veces, tan pero tan dif\u00edcil sostenerlo, entenderlo y expresarlo. Existe, adem\u00e1s, una paradoja: aliarse con otras mujeres es una decisi\u00f3n \u00edntima y personal, sostener la alianza y politizarla es una apuesta que no depende \u00fanicamente de una misma. Urge explorar la paradoja y documentar lo que ya hemos aprendido.\u00bb, nos explica Raquel Guti\u00e9rrez.<\/p>\n","protected":false},"excerpt":{"rendered":"<p><strong>Raquel Guti\u00e9rrez<\/strong><br \/>\n9786079930172 &#8211; Bajo Tierra &#8211; 2022 &#8211; 72 p\u00e1ginas \/orri.<\/p>\n","protected":false},"featured_media":12758,"template":"","meta":[],"product_brand":[],"product_cat":[174,16],"product_tag":[4497,5956],"class_list":{"0":"post-12727","1":"product","2":"type-product","3":"status-publish","4":"has-post-thumbnail","6":"product_cat-generoak-generos","7":"product_cat-libros","8":"product_tag-bajo-tierra","9":"product_tag-raquel-gutierrez","11":"first","12":"instock","13":"sold-individually","14":"shipping-taxable","15":"purchasable","16":"product-type-simple"},"yoast_head":"<!-- This site is optimized with the Yoast SEO plugin v27.3 - https:\/\/yoast.com\/product\/yoast-seo-wordpress\/ -->\n<title>CARTA A MIS HERMANAS M\u00c1S J\u00d3VENES (II) Amistad pol\u00edtica entre mujeres &#8212; Zapateneo<\/title>\n<meta name=\"robots\" content=\"index, follow, max-snippet:-1, max-image-preview:large, max-video-preview:-1\" \/>\n<link rel=\"canonical\" href=\"https:\/\/zapateneo.net\/wordpress\/index.php\/producto\/carta-a-mis-hermanas-mas-jovenes-ii-amistad-politica-entre-mujeres\/\" \/>\n<meta property=\"og:locale\" content=\"es_ES\" \/>\n<meta property=\"og:type\" content=\"article\" \/>\n<meta property=\"og:title\" content=\"CARTA A MIS HERMANAS M\u00c1S J\u00d3VENES (II) Amistad pol\u00edtica entre mujeres &#8212; Zapateneo\" \/>\n<meta property=\"og:description\" content=\"Raquel Guti\u00e9rrez 9786079930172 - Bajo Tierra - 2022 - 72 p\u00e1ginas \/orri.\" \/>\n<meta property=\"og:url\" content=\"https:\/\/zapateneo.net\/wordpress\/index.php\/producto\/carta-a-mis-hermanas-mas-jovenes-ii-amistad-politica-entre-mujeres\/\" \/>\n<meta property=\"og:site_name\" content=\"Zapateneo\" \/>\n<meta property=\"article:modified_time\" content=\"2023-04-10T18:29:55+00:00\" \/>\n<meta name=\"twitter:card\" content=\"summary_large_image\" \/>\n<meta name=\"twitter:site\" content=\"@zapateneo\" \/>\n<meta name=\"twitter:label1\" content=\"Tiempo de lectura\" \/>\n\t<meta name=\"twitter:data1\" content=\"1 minuto\" \/>\n<script type=\"application\/ld+json\" class=\"yoast-schema-graph\">{\"@context\":\"https:\\\/\\\/schema.org\",\"@graph\":[{\"@type\":\"WebPage\",\"@id\":\"https:\\\/\\\/zapateneo.net\\\/wordpress\\\/index.php\\\/producto\\\/carta-a-mis-hermanas-mas-jovenes-ii-amistad-politica-entre-mujeres\\\/\",\"url\":\"https:\\\/\\\/zapateneo.net\\\/wordpress\\\/index.php\\\/producto\\\/carta-a-mis-hermanas-mas-jovenes-ii-amistad-politica-entre-mujeres\\\/\",\"name\":\"CARTA A MIS HERMANAS M\u00c1S J\u00d3VENES (II) Amistad pol\u00edtica entre mujeres &#8212; Zapateneo\",\"isPartOf\":{\"@id\":\"https:\\\/\\\/zapateneo.net\\\/wordpress\\\/#website\"},\"primaryImageOfPage\":{\"@id\":\"https:\\\/\\\/zapateneo.net\\\/wordpress\\\/index.php\\\/producto\\\/carta-a-mis-hermanas-mas-jovenes-ii-amistad-politica-entre-mujeres\\\/#primaryimage\"},\"image\":{\"@id\":\"https:\\\/\\\/zapateneo.net\\\/wordpress\\\/index.php\\\/producto\\\/carta-a-mis-hermanas-mas-jovenes-ii-amistad-politica-entre-mujeres\\\/#primaryimage\"},\"thumbnailUrl\":\"https:\\\/\\\/zapateneo.net\\\/wordpress\\\/wp-content\\\/uploads\\\/2023\\\/04\\\/carta-a-mis-hermanas-mas-jovenes-2-9786079930172.jpg\",\"datePublished\":\"2023-04-10T18:29:25+00:00\",\"dateModified\":\"2023-04-10T18:29:55+00:00\",\"breadcrumb\":{\"@id\":\"https:\\\/\\\/zapateneo.net\\\/wordpress\\\/index.php\\\/producto\\\/carta-a-mis-hermanas-mas-jovenes-ii-amistad-politica-entre-mujeres\\\/#breadcrumb\"},\"inLanguage\":\"es\",\"potentialAction\":[{\"@type\":\"ReadAction\",\"target\":[\"https:\\\/\\\/zapateneo.net\\\/wordpress\\\/index.php\\\/producto\\\/carta-a-mis-hermanas-mas-jovenes-ii-amistad-politica-entre-mujeres\\\/\"]}]},{\"@type\":\"ImageObject\",\"inLanguage\":\"es\",\"@id\":\"https:\\\/\\\/zapateneo.net\\\/wordpress\\\/index.php\\\/producto\\\/carta-a-mis-hermanas-mas-jovenes-ii-amistad-politica-entre-mujeres\\\/#primaryimage\",\"url\":\"https:\\\/\\\/zapateneo.net\\\/wordpress\\\/wp-content\\\/uploads\\\/2023\\\/04\\\/carta-a-mis-hermanas-mas-jovenes-2-9786079930172.jpg\",\"contentUrl\":\"https:\\\/\\\/zapateneo.net\\\/wordpress\\\/wp-content\\\/uploads\\\/2023\\\/04\\\/carta-a-mis-hermanas-mas-jovenes-2-9786079930172.jpg\",\"width\":280,\"height\":400},{\"@type\":\"BreadcrumbList\",\"@id\":\"https:\\\/\\\/zapateneo.net\\\/wordpress\\\/index.php\\\/producto\\\/carta-a-mis-hermanas-mas-jovenes-ii-amistad-politica-entre-mujeres\\\/#breadcrumb\",\"itemListElement\":[{\"@type\":\"ListItem\",\"position\":1,\"name\":\"Portada\",\"item\":\"https:\\\/\\\/zapateneo.net\\\/wordpress\\\/\"},{\"@type\":\"ListItem\",\"position\":2,\"name\":\"Tienda\",\"item\":\"https:\\\/\\\/zapateneo.net\\\/wordpress\\\/\"},{\"@type\":\"ListItem\",\"position\":3,\"name\":\"CARTA A MIS HERMANAS M\u00c1S J\u00d3VENES (II) Amistad pol\u00edtica entre mujeres\"}]},{\"@type\":\"WebSite\",\"@id\":\"https:\\\/\\\/zapateneo.net\\\/wordpress\\\/#website\",\"url\":\"https:\\\/\\\/zapateneo.net\\\/wordpress\\\/\",\"name\":\"Zapateneo\",\"description\":\"Zapateneoaren webgunea\",\"publisher\":{\"@id\":\"https:\\\/\\\/zapateneo.net\\\/wordpress\\\/#organization\"},\"potentialAction\":[{\"@type\":\"SearchAction\",\"target\":{\"@type\":\"EntryPoint\",\"urlTemplate\":\"https:\\\/\\\/zapateneo.net\\\/wordpress\\\/?s={search_term_string}\"},\"query-input\":{\"@type\":\"PropertyValueSpecification\",\"valueRequired\":true,\"valueName\":\"search_term_string\"}}],\"inLanguage\":\"es\"},{\"@type\":\"Organization\",\"@id\":\"https:\\\/\\\/zapateneo.net\\\/wordpress\\\/#organization\",\"name\":\"Zapateneo Kultur Elkartea\",\"url\":\"https:\\\/\\\/zapateneo.net\\\/wordpress\\\/\",\"logo\":{\"@type\":\"ImageObject\",\"inLanguage\":\"es\",\"@id\":\"https:\\\/\\\/zapateneo.net\\\/wordpress\\\/#\\\/schema\\\/logo\\\/image\\\/\",\"url\":\"https:\\\/\\\/zapateneo.net\\\/wordpress\\\/wp-content\\\/uploads\\\/2021\\\/04\\\/zap-libu-kolec.jpg\",\"contentUrl\":\"https:\\\/\\\/zapateneo.net\\\/wordpress\\\/wp-content\\\/uploads\\\/2021\\\/04\\\/zap-libu-kolec.jpg\",\"width\":2234,\"height\":398,\"caption\":\"Zapateneo Kultur Elkartea\"},\"image\":{\"@id\":\"https:\\\/\\\/zapateneo.net\\\/wordpress\\\/#\\\/schema\\\/logo\\\/image\\\/\"},\"sameAs\":[\"https:\\\/\\\/x.com\\\/zapateneo\"]}]}<\/script>\n<!-- \/ Yoast SEO plugin. -->","yoast_head_json":{"title":"CARTA A MIS HERMANAS M\u00c1S J\u00d3VENES (II) Amistad pol\u00edtica entre mujeres &#8212; Zapateneo","robots":{"index":"index","follow":"follow","max-snippet":"max-snippet:-1","max-image-preview":"max-image-preview:large","max-video-preview":"max-video-preview:-1"},"canonical":"https:\/\/zapateneo.net\/wordpress\/index.php\/producto\/carta-a-mis-hermanas-mas-jovenes-ii-amistad-politica-entre-mujeres\/","og_locale":"es_ES","og_type":"article","og_title":"CARTA A MIS HERMANAS M\u00c1S J\u00d3VENES (II) Amistad pol\u00edtica entre mujeres &#8212; Zapateneo","og_description":"Raquel Guti\u00e9rrez 9786079930172 - Bajo Tierra - 2022 - 72 p\u00e1ginas \/orri.","og_url":"https:\/\/zapateneo.net\/wordpress\/index.php\/producto\/carta-a-mis-hermanas-mas-jovenes-ii-amistad-politica-entre-mujeres\/","og_site_name":"Zapateneo","article_modified_time":"2023-04-10T18:29:55+00:00","twitter_card":"summary_large_image","twitter_site":"@zapateneo","twitter_misc":{"Tiempo de lectura":"1 minuto"},"schema":{"@context":"https:\/\/schema.org","@graph":[{"@type":"WebPage","@id":"https:\/\/zapateneo.net\/wordpress\/index.php\/producto\/carta-a-mis-hermanas-mas-jovenes-ii-amistad-politica-entre-mujeres\/","url":"https:\/\/zapateneo.net\/wordpress\/index.php\/producto\/carta-a-mis-hermanas-mas-jovenes-ii-amistad-politica-entre-mujeres\/","name":"CARTA A MIS HERMANAS M\u00c1S J\u00d3VENES (II) Amistad pol\u00edtica entre mujeres &#8212; Zapateneo","isPartOf":{"@id":"https:\/\/zapateneo.net\/wordpress\/#website"},"primaryImageOfPage":{"@id":"https:\/\/zapateneo.net\/wordpress\/index.php\/producto\/carta-a-mis-hermanas-mas-jovenes-ii-amistad-politica-entre-mujeres\/#primaryimage"},"image":{"@id":"https:\/\/zapateneo.net\/wordpress\/index.php\/producto\/carta-a-mis-hermanas-mas-jovenes-ii-amistad-politica-entre-mujeres\/#primaryimage"},"thumbnailUrl":"https:\/\/zapateneo.net\/wordpress\/wp-content\/uploads\/2023\/04\/carta-a-mis-hermanas-mas-jovenes-2-9786079930172.jpg","datePublished":"2023-04-10T18:29:25+00:00","dateModified":"2023-04-10T18:29:55+00:00","breadcrumb":{"@id":"https:\/\/zapateneo.net\/wordpress\/index.php\/producto\/carta-a-mis-hermanas-mas-jovenes-ii-amistad-politica-entre-mujeres\/#breadcrumb"},"inLanguage":"es","potentialAction":[{"@type":"ReadAction","target":["https:\/\/zapateneo.net\/wordpress\/index.php\/producto\/carta-a-mis-hermanas-mas-jovenes-ii-amistad-politica-entre-mujeres\/"]}]},{"@type":"ImageObject","inLanguage":"es","@id":"https:\/\/zapateneo.net\/wordpress\/index.php\/producto\/carta-a-mis-hermanas-mas-jovenes-ii-amistad-politica-entre-mujeres\/#primaryimage","url":"https:\/\/zapateneo.net\/wordpress\/wp-content\/uploads\/2023\/04\/carta-a-mis-hermanas-mas-jovenes-2-9786079930172.jpg","contentUrl":"https:\/\/zapateneo.net\/wordpress\/wp-content\/uploads\/2023\/04\/carta-a-mis-hermanas-mas-jovenes-2-9786079930172.jpg","width":280,"height":400},{"@type":"BreadcrumbList","@id":"https:\/\/zapateneo.net\/wordpress\/index.php\/producto\/carta-a-mis-hermanas-mas-jovenes-ii-amistad-politica-entre-mujeres\/#breadcrumb","itemListElement":[{"@type":"ListItem","position":1,"name":"Portada","item":"https:\/\/zapateneo.net\/wordpress\/"},{"@type":"ListItem","position":2,"name":"Tienda","item":"https:\/\/zapateneo.net\/wordpress\/"},{"@type":"ListItem","position":3,"name":"CARTA A MIS HERMANAS M\u00c1S J\u00d3VENES (II) Amistad pol\u00edtica entre mujeres"}]},{"@type":"WebSite","@id":"https:\/\/zapateneo.net\/wordpress\/#website","url":"https:\/\/zapateneo.net\/wordpress\/","name":"Zapateneo","description":"Zapateneoaren webgunea","publisher":{"@id":"https:\/\/zapateneo.net\/wordpress\/#organization"},"potentialAction":[{"@type":"SearchAction","target":{"@type":"EntryPoint","urlTemplate":"https:\/\/zapateneo.net\/wordpress\/?s={search_term_string}"},"query-input":{"@type":"PropertyValueSpecification","valueRequired":true,"valueName":"search_term_string"}}],"inLanguage":"es"},{"@type":"Organization","@id":"https:\/\/zapateneo.net\/wordpress\/#organization","name":"Zapateneo Kultur Elkartea","url":"https:\/\/zapateneo.net\/wordpress\/","logo":{"@type":"ImageObject","inLanguage":"es","@id":"https:\/\/zapateneo.net\/wordpress\/#\/schema\/logo\/image\/","url":"https:\/\/zapateneo.net\/wordpress\/wp-content\/uploads\/2021\/04\/zap-libu-kolec.jpg","contentUrl":"https:\/\/zapateneo.net\/wordpress\/wp-content\/uploads\/2021\/04\/zap-libu-kolec.jpg","width":2234,"height":398,"caption":"Zapateneo Kultur Elkartea"},"image":{"@id":"https:\/\/zapateneo.net\/wordpress\/#\/schema\/logo\/image\/"},"sameAs":["https:\/\/x.com\/zapateneo"]}]}},"_links":{"self":[{"href":"https:\/\/zapateneo.net\/wordpress\/index.php\/wp-json\/wp\/v2\/product\/12727","targetHints":{"allow":["GET"]}}],"collection":[{"href":"https:\/\/zapateneo.net\/wordpress\/index.php\/wp-json\/wp\/v2\/product"}],"about":[{"href":"https:\/\/zapateneo.net\/wordpress\/index.php\/wp-json\/wp\/v2\/types\/product"}],"wp:featuredmedia":[{"embeddable":true,"href":"https:\/\/zapateneo.net\/wordpress\/index.php\/wp-json\/wp\/v2\/media\/12758"}],"wp:attachment":[{"href":"https:\/\/zapateneo.net\/wordpress\/index.php\/wp-json\/wp\/v2\/media?parent=12727"}],"wp:term":[{"taxonomy":"product_brand","embeddable":true,"href":"https:\/\/zapateneo.net\/wordpress\/index.php\/wp-json\/wp\/v2\/product_brand?post=12727"},{"taxonomy":"product_cat","embeddable":true,"href":"https:\/\/zapateneo.net\/wordpress\/index.php\/wp-json\/wp\/v2\/product_cat?post=12727"},{"taxonomy":"product_tag","embeddable":true,"href":"https:\/\/zapateneo.net\/wordpress\/index.php\/wp-json\/wp\/v2\/product_tag?post=12727"}],"curies":[{"name":"wp","href":"https:\/\/api.w.org\/{rel}","templated":true}]}}