{"id":12726,"date":"2023-04-10T19:29:24","date_gmt":"2023-04-10T18:29:24","guid":{"rendered":"https:\/\/zapateneo.net\/wordpress\/?post_type=product&#038;p=12726"},"modified":"2023-04-10T19:29:55","modified_gmt":"2023-04-10T18:29:55","slug":"horizontes-del-feminismo-conversaciones-en-un-tiempo-de-crisis-y-esperanza","status":"publish","type":"product","link":"https:\/\/zapateneo.net\/wordpress\/index.php\/producto\/horizontes-del-feminismo-conversaciones-en-un-tiempo-de-crisis-y-esperanza\/","title":{"rendered":"HORIZONTES DEL FEMINISMO Conversaciones en un tiempo de crisis y esperanza"},"content":{"rendered":"<p>Este libro pretende ser un mapa de los problemas fil\u00f3s\u00f3fico-pol\u00edticos de los feminismos contempor\u00e1neos. \u00bfC\u00f3mo pensar la revuelta feminista? \u00bfQu\u00e9 preguntas y desaf\u00edos plantean las voces del Sur? \u00bfC\u00f3mo se reconfiguran los escenarios pol\u00edticos cuando lo inaudible impone ser escuchado? \u00bfC\u00f3mo pensar las violencias en su multiplicidad y concatenaci\u00f3n? \u00bfQui\u00e9n es el sujeto del feminismo? \u00bfC\u00f3mo se est\u00e1 reinventando la justicia? \u00bfEs posible una pol\u00edtica de lo com\u00fan que no diluya las diferencias? \u00bfQu\u00e9 otras representaciones de lo humano est\u00e1n siendo disputadas?<\/p>\n<p>De las distintas voces entretejidas a lo largo de estas p\u00e1ginas emergen reflexiones de inter\u00e9s no solo para los feminismos, sino para todos aquellos impulsos organizativos que intentan reconstruir los pedazos de este mundo hecho a\u00f1icos e insisten preguntando \u00bfc\u00f3mo es que llegamos aqu\u00ed? Alrededor de estas preguntas, Silvia L. Gil abre una conversaci\u00f3n con mujeres y esfuerzos colectivos imprescindibles \u2014Francesca Gargallo, Guiomar Rovira, Raquel Guti\u00e9rrez, Sylvia Marcos, M\u00e1rgara Mill\u00e1n, Araceli Osorio, Asamblea Vecinal Nos Queremos Vivas Neza, Hasta Encontrarles Ciudad de M\u00e9xico y Mujeres Organizadas de la Facultad de Filosof\u00eda y Letras de la Universidad Nacional Aut\u00f3noma de M\u00e9xico\u2014, buscando entender la historia reciente de un mundo convulso y desgarrado por los \u00faltimos a\u00f1os de una guerra no declarada, pero abierta contra la vida en su conjunto. Una guerra que, con distintas declinaciones e intensidades, se extiende por todo el planeta.<\/p>\n<p>\u00bfC\u00f3mo volver a decir \u00abnosotras\u00bb en un mundo-cat\u00e1strofe donde lo com\u00fan se ha convertido en contrasentido y en un verdadero desaf\u00edo? La vulnerabilidad, lo sensible, las diferencias, la corporeidad, la potencia y el cuidado se despliegan a trav\u00e9s del archivo visual ?con los trabajos fotogr\u00e1ficos de Mar\u00eda Ruiz, Quetzalli Nicte Ha Gonz\u00e1lez y Lizbeth Hern\u00e1ndez? y de las distintas conversaciones. Con estas im\u00e1genes y palabras emergen respuestas que reinventan la acci\u00f3n y organizaci\u00f3n pol\u00edticas en un tiempo de crisis que reclama lenguajes y horizontes distintos.<\/p>\n","protected":false},"excerpt":{"rendered":"<p><strong>Silvia L. Gil<\/strong><br \/>\n9786079930141 &#8211; Bajo Tierra &#8211; 2022 &#8211; 342 p\u00e1ginas \/orri.<\/p>\n","protected":false},"featured_media":12757,"template":"","meta":[],"product_brand":[],"product_cat":[174,16],"product_tag":[4497,5958],"class_list":{"0":"post-12726","1":"product","2":"type-product","3":"status-publish","4":"has-post-thumbnail","6":"product_cat-generoak-generos","7":"product_cat-libros","8":"product_tag-bajo-tierra","9":"product_tag-silvia-l-gil","11":"first","12":"instock","13":"sold-individually","14":"shipping-taxable","15":"purchasable","16":"product-type-simple"},"yoast_head":"<!-- This site is optimized with the Yoast SEO plugin v27.3 - https:\/\/yoast.com\/product\/yoast-seo-wordpress\/ -->\n<title>HORIZONTES DEL FEMINISMO Conversaciones en un tiempo de crisis y esperanza &#8212; Zapateneo<\/title>\n<meta name=\"robots\" content=\"index, follow, max-snippet:-1, max-image-preview:large, max-video-preview:-1\" \/>\n<link rel=\"canonical\" href=\"https:\/\/zapateneo.net\/wordpress\/index.php\/producto\/horizontes-del-feminismo-conversaciones-en-un-tiempo-de-crisis-y-esperanza\/\" \/>\n<meta property=\"og:locale\" content=\"es_ES\" \/>\n<meta property=\"og:type\" content=\"article\" \/>\n<meta property=\"og:title\" content=\"HORIZONTES DEL FEMINISMO Conversaciones en un tiempo de crisis y esperanza &#8212; Zapateneo\" \/>\n<meta property=\"og:description\" content=\"Silvia L. Gil 9786079930141 - Bajo Tierra - 2022 - 342 p\u00e1ginas \/orri.\" \/>\n<meta property=\"og:url\" content=\"https:\/\/zapateneo.net\/wordpress\/index.php\/producto\/horizontes-del-feminismo-conversaciones-en-un-tiempo-de-crisis-y-esperanza\/\" \/>\n<meta property=\"og:site_name\" content=\"Zapateneo\" \/>\n<meta property=\"article:modified_time\" content=\"2023-04-10T18:29:55+00:00\" \/>\n<meta name=\"twitter:card\" content=\"summary_large_image\" \/>\n<meta name=\"twitter:site\" content=\"@zapateneo\" \/>\n<meta name=\"twitter:label1\" content=\"Tiempo de lectura\" \/>\n\t<meta name=\"twitter:data1\" content=\"2 minutos\" \/>\n<script type=\"application\/ld+json\" class=\"yoast-schema-graph\">{\"@context\":\"https:\\\/\\\/schema.org\",\"@graph\":[{\"@type\":\"WebPage\",\"@id\":\"https:\\\/\\\/zapateneo.net\\\/wordpress\\\/index.php\\\/producto\\\/horizontes-del-feminismo-conversaciones-en-un-tiempo-de-crisis-y-esperanza\\\/\",\"url\":\"https:\\\/\\\/zapateneo.net\\\/wordpress\\\/index.php\\\/producto\\\/horizontes-del-feminismo-conversaciones-en-un-tiempo-de-crisis-y-esperanza\\\/\",\"name\":\"HORIZONTES DEL FEMINISMO Conversaciones en un tiempo de crisis y esperanza &#8212; Zapateneo\",\"isPartOf\":{\"@id\":\"https:\\\/\\\/zapateneo.net\\\/wordpress\\\/#website\"},\"primaryImageOfPage\":{\"@id\":\"https:\\\/\\\/zapateneo.net\\\/wordpress\\\/index.php\\\/producto\\\/horizontes-del-feminismo-conversaciones-en-un-tiempo-de-crisis-y-esperanza\\\/#primaryimage\"},\"image\":{\"@id\":\"https:\\\/\\\/zapateneo.net\\\/wordpress\\\/index.php\\\/producto\\\/horizontes-del-feminismo-conversaciones-en-un-tiempo-de-crisis-y-esperanza\\\/#primaryimage\"},\"thumbnailUrl\":\"https:\\\/\\\/zapateneo.net\\\/wordpress\\\/wp-content\\\/uploads\\\/2023\\\/04\\\/horizontes-del-feminismo-9786079930141.png\",\"datePublished\":\"2023-04-10T18:29:24+00:00\",\"dateModified\":\"2023-04-10T18:29:55+00:00\",\"breadcrumb\":{\"@id\":\"https:\\\/\\\/zapateneo.net\\\/wordpress\\\/index.php\\\/producto\\\/horizontes-del-feminismo-conversaciones-en-un-tiempo-de-crisis-y-esperanza\\\/#breadcrumb\"},\"inLanguage\":\"es\",\"potentialAction\":[{\"@type\":\"ReadAction\",\"target\":[\"https:\\\/\\\/zapateneo.net\\\/wordpress\\\/index.php\\\/producto\\\/horizontes-del-feminismo-conversaciones-en-un-tiempo-de-crisis-y-esperanza\\\/\"]}]},{\"@type\":\"ImageObject\",\"inLanguage\":\"es\",\"@id\":\"https:\\\/\\\/zapateneo.net\\\/wordpress\\\/index.php\\\/producto\\\/horizontes-del-feminismo-conversaciones-en-un-tiempo-de-crisis-y-esperanza\\\/#primaryimage\",\"url\":\"https:\\\/\\\/zapateneo.net\\\/wordpress\\\/wp-content\\\/uploads\\\/2023\\\/04\\\/horizontes-del-feminismo-9786079930141.png\",\"contentUrl\":\"https:\\\/\\\/zapateneo.net\\\/wordpress\\\/wp-content\\\/uploads\\\/2023\\\/04\\\/horizontes-del-feminismo-9786079930141.png\",\"width\":264,\"height\":400},{\"@type\":\"BreadcrumbList\",\"@id\":\"https:\\\/\\\/zapateneo.net\\\/wordpress\\\/index.php\\\/producto\\\/horizontes-del-feminismo-conversaciones-en-un-tiempo-de-crisis-y-esperanza\\\/#breadcrumb\",\"itemListElement\":[{\"@type\":\"ListItem\",\"position\":1,\"name\":\"Portada\",\"item\":\"https:\\\/\\\/zapateneo.net\\\/wordpress\\\/\"},{\"@type\":\"ListItem\",\"position\":2,\"name\":\"Tienda\",\"item\":\"https:\\\/\\\/zapateneo.net\\\/wordpress\\\/\"},{\"@type\":\"ListItem\",\"position\":3,\"name\":\"HORIZONTES DEL FEMINISMO Conversaciones en un tiempo de crisis y esperanza\"}]},{\"@type\":\"WebSite\",\"@id\":\"https:\\\/\\\/zapateneo.net\\\/wordpress\\\/#website\",\"url\":\"https:\\\/\\\/zapateneo.net\\\/wordpress\\\/\",\"name\":\"Zapateneo\",\"description\":\"Zapateneoaren webgunea\",\"publisher\":{\"@id\":\"https:\\\/\\\/zapateneo.net\\\/wordpress\\\/#organization\"},\"potentialAction\":[{\"@type\":\"SearchAction\",\"target\":{\"@type\":\"EntryPoint\",\"urlTemplate\":\"https:\\\/\\\/zapateneo.net\\\/wordpress\\\/?s={search_term_string}\"},\"query-input\":{\"@type\":\"PropertyValueSpecification\",\"valueRequired\":true,\"valueName\":\"search_term_string\"}}],\"inLanguage\":\"es\"},{\"@type\":\"Organization\",\"@id\":\"https:\\\/\\\/zapateneo.net\\\/wordpress\\\/#organization\",\"name\":\"Zapateneo Kultur Elkartea\",\"url\":\"https:\\\/\\\/zapateneo.net\\\/wordpress\\\/\",\"logo\":{\"@type\":\"ImageObject\",\"inLanguage\":\"es\",\"@id\":\"https:\\\/\\\/zapateneo.net\\\/wordpress\\\/#\\\/schema\\\/logo\\\/image\\\/\",\"url\":\"https:\\\/\\\/zapateneo.net\\\/wordpress\\\/wp-content\\\/uploads\\\/2021\\\/04\\\/zap-libu-kolec.jpg\",\"contentUrl\":\"https:\\\/\\\/zapateneo.net\\\/wordpress\\\/wp-content\\\/uploads\\\/2021\\\/04\\\/zap-libu-kolec.jpg\",\"width\":2234,\"height\":398,\"caption\":\"Zapateneo Kultur Elkartea\"},\"image\":{\"@id\":\"https:\\\/\\\/zapateneo.net\\\/wordpress\\\/#\\\/schema\\\/logo\\\/image\\\/\"},\"sameAs\":[\"https:\\\/\\\/x.com\\\/zapateneo\"]}]}<\/script>\n<!-- \/ Yoast SEO plugin. -->","yoast_head_json":{"title":"HORIZONTES DEL FEMINISMO Conversaciones en un tiempo de crisis y esperanza &#8212; Zapateneo","robots":{"index":"index","follow":"follow","max-snippet":"max-snippet:-1","max-image-preview":"max-image-preview:large","max-video-preview":"max-video-preview:-1"},"canonical":"https:\/\/zapateneo.net\/wordpress\/index.php\/producto\/horizontes-del-feminismo-conversaciones-en-un-tiempo-de-crisis-y-esperanza\/","og_locale":"es_ES","og_type":"article","og_title":"HORIZONTES DEL FEMINISMO Conversaciones en un tiempo de crisis y esperanza &#8212; Zapateneo","og_description":"Silvia L. Gil 9786079930141 - Bajo Tierra - 2022 - 342 p\u00e1ginas \/orri.","og_url":"https:\/\/zapateneo.net\/wordpress\/index.php\/producto\/horizontes-del-feminismo-conversaciones-en-un-tiempo-de-crisis-y-esperanza\/","og_site_name":"Zapateneo","article_modified_time":"2023-04-10T18:29:55+00:00","twitter_card":"summary_large_image","twitter_site":"@zapateneo","twitter_misc":{"Tiempo de lectura":"2 minutos"},"schema":{"@context":"https:\/\/schema.org","@graph":[{"@type":"WebPage","@id":"https:\/\/zapateneo.net\/wordpress\/index.php\/producto\/horizontes-del-feminismo-conversaciones-en-un-tiempo-de-crisis-y-esperanza\/","url":"https:\/\/zapateneo.net\/wordpress\/index.php\/producto\/horizontes-del-feminismo-conversaciones-en-un-tiempo-de-crisis-y-esperanza\/","name":"HORIZONTES DEL FEMINISMO Conversaciones en un tiempo de crisis y esperanza &#8212; Zapateneo","isPartOf":{"@id":"https:\/\/zapateneo.net\/wordpress\/#website"},"primaryImageOfPage":{"@id":"https:\/\/zapateneo.net\/wordpress\/index.php\/producto\/horizontes-del-feminismo-conversaciones-en-un-tiempo-de-crisis-y-esperanza\/#primaryimage"},"image":{"@id":"https:\/\/zapateneo.net\/wordpress\/index.php\/producto\/horizontes-del-feminismo-conversaciones-en-un-tiempo-de-crisis-y-esperanza\/#primaryimage"},"thumbnailUrl":"https:\/\/zapateneo.net\/wordpress\/wp-content\/uploads\/2023\/04\/horizontes-del-feminismo-9786079930141.png","datePublished":"2023-04-10T18:29:24+00:00","dateModified":"2023-04-10T18:29:55+00:00","breadcrumb":{"@id":"https:\/\/zapateneo.net\/wordpress\/index.php\/producto\/horizontes-del-feminismo-conversaciones-en-un-tiempo-de-crisis-y-esperanza\/#breadcrumb"},"inLanguage":"es","potentialAction":[{"@type":"ReadAction","target":["https:\/\/zapateneo.net\/wordpress\/index.php\/producto\/horizontes-del-feminismo-conversaciones-en-un-tiempo-de-crisis-y-esperanza\/"]}]},{"@type":"ImageObject","inLanguage":"es","@id":"https:\/\/zapateneo.net\/wordpress\/index.php\/producto\/horizontes-del-feminismo-conversaciones-en-un-tiempo-de-crisis-y-esperanza\/#primaryimage","url":"https:\/\/zapateneo.net\/wordpress\/wp-content\/uploads\/2023\/04\/horizontes-del-feminismo-9786079930141.png","contentUrl":"https:\/\/zapateneo.net\/wordpress\/wp-content\/uploads\/2023\/04\/horizontes-del-feminismo-9786079930141.png","width":264,"height":400},{"@type":"BreadcrumbList","@id":"https:\/\/zapateneo.net\/wordpress\/index.php\/producto\/horizontes-del-feminismo-conversaciones-en-un-tiempo-de-crisis-y-esperanza\/#breadcrumb","itemListElement":[{"@type":"ListItem","position":1,"name":"Portada","item":"https:\/\/zapateneo.net\/wordpress\/"},{"@type":"ListItem","position":2,"name":"Tienda","item":"https:\/\/zapateneo.net\/wordpress\/"},{"@type":"ListItem","position":3,"name":"HORIZONTES DEL FEMINISMO Conversaciones en un tiempo de crisis y esperanza"}]},{"@type":"WebSite","@id":"https:\/\/zapateneo.net\/wordpress\/#website","url":"https:\/\/zapateneo.net\/wordpress\/","name":"Zapateneo","description":"Zapateneoaren webgunea","publisher":{"@id":"https:\/\/zapateneo.net\/wordpress\/#organization"},"potentialAction":[{"@type":"SearchAction","target":{"@type":"EntryPoint","urlTemplate":"https:\/\/zapateneo.net\/wordpress\/?s={search_term_string}"},"query-input":{"@type":"PropertyValueSpecification","valueRequired":true,"valueName":"search_term_string"}}],"inLanguage":"es"},{"@type":"Organization","@id":"https:\/\/zapateneo.net\/wordpress\/#organization","name":"Zapateneo Kultur Elkartea","url":"https:\/\/zapateneo.net\/wordpress\/","logo":{"@type":"ImageObject","inLanguage":"es","@id":"https:\/\/zapateneo.net\/wordpress\/#\/schema\/logo\/image\/","url":"https:\/\/zapateneo.net\/wordpress\/wp-content\/uploads\/2021\/04\/zap-libu-kolec.jpg","contentUrl":"https:\/\/zapateneo.net\/wordpress\/wp-content\/uploads\/2021\/04\/zap-libu-kolec.jpg","width":2234,"height":398,"caption":"Zapateneo Kultur Elkartea"},"image":{"@id":"https:\/\/zapateneo.net\/wordpress\/#\/schema\/logo\/image\/"},"sameAs":["https:\/\/x.com\/zapateneo"]}]}},"_links":{"self":[{"href":"https:\/\/zapateneo.net\/wordpress\/index.php\/wp-json\/wp\/v2\/product\/12726","targetHints":{"allow":["GET"]}}],"collection":[{"href":"https:\/\/zapateneo.net\/wordpress\/index.php\/wp-json\/wp\/v2\/product"}],"about":[{"href":"https:\/\/zapateneo.net\/wordpress\/index.php\/wp-json\/wp\/v2\/types\/product"}],"wp:featuredmedia":[{"embeddable":true,"href":"https:\/\/zapateneo.net\/wordpress\/index.php\/wp-json\/wp\/v2\/media\/12757"}],"wp:attachment":[{"href":"https:\/\/zapateneo.net\/wordpress\/index.php\/wp-json\/wp\/v2\/media?parent=12726"}],"wp:term":[{"taxonomy":"product_brand","embeddable":true,"href":"https:\/\/zapateneo.net\/wordpress\/index.php\/wp-json\/wp\/v2\/product_brand?post=12726"},{"taxonomy":"product_cat","embeddable":true,"href":"https:\/\/zapateneo.net\/wordpress\/index.php\/wp-json\/wp\/v2\/product_cat?post=12726"},{"taxonomy":"product_tag","embeddable":true,"href":"https:\/\/zapateneo.net\/wordpress\/index.php\/wp-json\/wp\/v2\/product_tag?post=12726"}],"curies":[{"name":"wp","href":"https:\/\/api.w.org\/{rel}","templated":true}]}}