{"id":12724,"date":"2023-04-10T19:29:24","date_gmt":"2023-04-10T18:29:24","guid":{"rendered":"https:\/\/zapateneo.net\/wordpress\/?post_type=product&#038;p=12724"},"modified":"2023-04-10T19:29:49","modified_gmt":"2023-04-10T18:29:49","slug":"carta-a-mis-hermanas-mas-jovenes-i","status":"publish","type":"product","link":"https:\/\/zapateneo.net\/wordpress\/index.php\/producto\/carta-a-mis-hermanas-mas-jovenes-i\/","title":{"rendered":"CARTA A MIS HERMANAS M\u00c1S J\u00d3VENES (I)"},"content":{"rendered":"<p>\u00bfPor qu\u00e9 estas cartas? Porque me empe\u00f1o en contribuir a la profundizaci\u00f3n e intensificaci\u00f3n del tiempo de rebeli\u00f3n feminista que se ha abierto en nuestro continente a golpe de lucha, de ocupaci\u00f3n de la calle, de an\u00e1lisis y comprensi\u00f3n de nuestros dolores m\u00e1s \u00edntimos, de deliberaci\u00f3n pol\u00edtica, de creaci\u00f3n de todo tipo de v\u00ednculos y enlaces para sostener la vida, de politizaci\u00f3n multifac\u00e9tica de terrenos oscuros de la vida cotidiana, de debates eruditos e inteligentes y, claro que s\u00ed, de gozo y sorpresa compartida.<\/p>\n<p>Quiero contribuir tambi\u00e9n con palabras en los actuales momentos de creciente amenaza fascista. Hace varios a\u00f1os que me dedico, principalmente, al trabajo de formaci\u00f3n. Me doy cuenta de la fertilidad de mi oficio actual, que es el de profesora, cuando veo c\u00f3mo florecen y se auto-afirman muy queridas compa\u00f1eras m\u00e1s j\u00f3venes. El di\u00e1logo constante con ellas me nutre y me enriquece. He aprendido que en la pr\u00e1ctica de la relaci\u00f3n cotidiana y sostenida con ellas se desborda el v\u00ednculo instituido cuando se crea confianza. El conocimiento, entonces, va y viene: fluye desde diversos flancos. Aprendemos. Aprendemos juntas y nos convertimos en fuente de fuerza unas para otras. La pr\u00e1ctica de la relaci\u00f3n no disuelve las diferencias entre distintas, pero las regula y las equilibra. Logra que tales v\u00ednculos no se conviertan, de manera inmediata, en relaciones jer\u00e1rquicas y desigualadoras; aun si tales v\u00ednculos contin\u00faan siendo, con frecuencia, bastante conflictivos.<\/p>\n<p>He aprendido, tambi\u00e9n, que hay bloques de conocimiento del mundo cuya transmisi\u00f3n no es sencilla. Hablo de conocimiento del mundo, es decir, conocimiento pr\u00e1ctico, conocimiento sensible, conocimiento intuitivo y conocimiento razonado y expresado de manera formal. Por eso ahora me decido a escribir esta serie de cartas a mis hermanas m\u00e1s j\u00f3venes.<\/p>\n","protected":false},"excerpt":{"rendered":"<p><strong>Raquel Guti\u00e9rrez<\/strong><br \/>\n9789200705045 &#8211; Bajo Tierra &#8211; 2022 &#8211; 56 p\u00e1ginas \/orri.<\/p>\n","protected":false},"featured_media":12755,"template":"","meta":[],"product_brand":[],"product_cat":[174,16],"product_tag":[4497,5956],"class_list":{"0":"post-12724","1":"product","2":"type-product","3":"status-publish","4":"has-post-thumbnail","6":"product_cat-generoak-generos","7":"product_cat-libros","8":"product_tag-bajo-tierra","9":"product_tag-raquel-gutierrez","11":"first","12":"instock","13":"sold-individually","14":"shipping-taxable","15":"purchasable","16":"product-type-simple"},"yoast_head":"<!-- This site is optimized with the Yoast SEO plugin v27.3 - https:\/\/yoast.com\/product\/yoast-seo-wordpress\/ -->\n<title>CARTA A MIS HERMANAS M\u00c1S J\u00d3VENES (I) &#8212; Zapateneo<\/title>\n<meta name=\"robots\" content=\"index, follow, max-snippet:-1, max-image-preview:large, max-video-preview:-1\" \/>\n<link rel=\"canonical\" href=\"https:\/\/zapateneo.net\/wordpress\/index.php\/producto\/carta-a-mis-hermanas-mas-jovenes-i\/\" \/>\n<meta property=\"og:locale\" content=\"es_ES\" \/>\n<meta property=\"og:type\" content=\"article\" \/>\n<meta property=\"og:title\" content=\"CARTA A MIS HERMANAS M\u00c1S J\u00d3VENES (I) &#8212; Zapateneo\" \/>\n<meta property=\"og:description\" content=\"Raquel Guti\u00e9rrez 9789200705045 - Bajo Tierra - 2022 - 56 p\u00e1ginas \/orri.\" \/>\n<meta property=\"og:url\" content=\"https:\/\/zapateneo.net\/wordpress\/index.php\/producto\/carta-a-mis-hermanas-mas-jovenes-i\/\" \/>\n<meta property=\"og:site_name\" content=\"Zapateneo\" \/>\n<meta property=\"article:modified_time\" content=\"2023-04-10T18:29:49+00:00\" \/>\n<meta name=\"twitter:card\" content=\"summary_large_image\" \/>\n<meta name=\"twitter:site\" content=\"@zapateneo\" \/>\n<meta name=\"twitter:label1\" content=\"Tiempo de lectura\" \/>\n\t<meta name=\"twitter:data1\" content=\"2 minutos\" \/>\n<script type=\"application\/ld+json\" class=\"yoast-schema-graph\">{\"@context\":\"https:\\\/\\\/schema.org\",\"@graph\":[{\"@type\":\"WebPage\",\"@id\":\"https:\\\/\\\/zapateneo.net\\\/wordpress\\\/index.php\\\/producto\\\/carta-a-mis-hermanas-mas-jovenes-i\\\/\",\"url\":\"https:\\\/\\\/zapateneo.net\\\/wordpress\\\/index.php\\\/producto\\\/carta-a-mis-hermanas-mas-jovenes-i\\\/\",\"name\":\"CARTA A MIS HERMANAS M\u00c1S J\u00d3VENES (I) &#8212; Zapateneo\",\"isPartOf\":{\"@id\":\"https:\\\/\\\/zapateneo.net\\\/wordpress\\\/#website\"},\"primaryImageOfPage\":{\"@id\":\"https:\\\/\\\/zapateneo.net\\\/wordpress\\\/index.php\\\/producto\\\/carta-a-mis-hermanas-mas-jovenes-i\\\/#primaryimage\"},\"image\":{\"@id\":\"https:\\\/\\\/zapateneo.net\\\/wordpress\\\/index.php\\\/producto\\\/carta-a-mis-hermanas-mas-jovenes-i\\\/#primaryimage\"},\"thumbnailUrl\":\"https:\\\/\\\/zapateneo.net\\\/wordpress\\\/wp-content\\\/uploads\\\/2023\\\/04\\\/carta-a-mis-hermanas-mas-jovenes-1-9789200705045.jpg\",\"datePublished\":\"2023-04-10T18:29:24+00:00\",\"dateModified\":\"2023-04-10T18:29:49+00:00\",\"breadcrumb\":{\"@id\":\"https:\\\/\\\/zapateneo.net\\\/wordpress\\\/index.php\\\/producto\\\/carta-a-mis-hermanas-mas-jovenes-i\\\/#breadcrumb\"},\"inLanguage\":\"es\",\"potentialAction\":[{\"@type\":\"ReadAction\",\"target\":[\"https:\\\/\\\/zapateneo.net\\\/wordpress\\\/index.php\\\/producto\\\/carta-a-mis-hermanas-mas-jovenes-i\\\/\"]}]},{\"@type\":\"ImageObject\",\"inLanguage\":\"es\",\"@id\":\"https:\\\/\\\/zapateneo.net\\\/wordpress\\\/index.php\\\/producto\\\/carta-a-mis-hermanas-mas-jovenes-i\\\/#primaryimage\",\"url\":\"https:\\\/\\\/zapateneo.net\\\/wordpress\\\/wp-content\\\/uploads\\\/2023\\\/04\\\/carta-a-mis-hermanas-mas-jovenes-1-9789200705045.jpg\",\"contentUrl\":\"https:\\\/\\\/zapateneo.net\\\/wordpress\\\/wp-content\\\/uploads\\\/2023\\\/04\\\/carta-a-mis-hermanas-mas-jovenes-1-9789200705045.jpg\",\"width\":285,\"height\":400},{\"@type\":\"BreadcrumbList\",\"@id\":\"https:\\\/\\\/zapateneo.net\\\/wordpress\\\/index.php\\\/producto\\\/carta-a-mis-hermanas-mas-jovenes-i\\\/#breadcrumb\",\"itemListElement\":[{\"@type\":\"ListItem\",\"position\":1,\"name\":\"Portada\",\"item\":\"https:\\\/\\\/zapateneo.net\\\/wordpress\\\/\"},{\"@type\":\"ListItem\",\"position\":2,\"name\":\"Tienda\",\"item\":\"https:\\\/\\\/zapateneo.net\\\/wordpress\\\/\"},{\"@type\":\"ListItem\",\"position\":3,\"name\":\"CARTA A MIS HERMANAS M\u00c1S J\u00d3VENES (I)\"}]},{\"@type\":\"WebSite\",\"@id\":\"https:\\\/\\\/zapateneo.net\\\/wordpress\\\/#website\",\"url\":\"https:\\\/\\\/zapateneo.net\\\/wordpress\\\/\",\"name\":\"Zapateneo\",\"description\":\"Zapateneoaren webgunea\",\"publisher\":{\"@id\":\"https:\\\/\\\/zapateneo.net\\\/wordpress\\\/#organization\"},\"potentialAction\":[{\"@type\":\"SearchAction\",\"target\":{\"@type\":\"EntryPoint\",\"urlTemplate\":\"https:\\\/\\\/zapateneo.net\\\/wordpress\\\/?s={search_term_string}\"},\"query-input\":{\"@type\":\"PropertyValueSpecification\",\"valueRequired\":true,\"valueName\":\"search_term_string\"}}],\"inLanguage\":\"es\"},{\"@type\":\"Organization\",\"@id\":\"https:\\\/\\\/zapateneo.net\\\/wordpress\\\/#organization\",\"name\":\"Zapateneo Kultur Elkartea\",\"url\":\"https:\\\/\\\/zapateneo.net\\\/wordpress\\\/\",\"logo\":{\"@type\":\"ImageObject\",\"inLanguage\":\"es\",\"@id\":\"https:\\\/\\\/zapateneo.net\\\/wordpress\\\/#\\\/schema\\\/logo\\\/image\\\/\",\"url\":\"https:\\\/\\\/zapateneo.net\\\/wordpress\\\/wp-content\\\/uploads\\\/2021\\\/04\\\/zap-libu-kolec.jpg\",\"contentUrl\":\"https:\\\/\\\/zapateneo.net\\\/wordpress\\\/wp-content\\\/uploads\\\/2021\\\/04\\\/zap-libu-kolec.jpg\",\"width\":2234,\"height\":398,\"caption\":\"Zapateneo Kultur Elkartea\"},\"image\":{\"@id\":\"https:\\\/\\\/zapateneo.net\\\/wordpress\\\/#\\\/schema\\\/logo\\\/image\\\/\"},\"sameAs\":[\"https:\\\/\\\/x.com\\\/zapateneo\"]}]}<\/script>\n<!-- \/ Yoast SEO plugin. -->","yoast_head_json":{"title":"CARTA A MIS HERMANAS M\u00c1S J\u00d3VENES (I) &#8212; Zapateneo","robots":{"index":"index","follow":"follow","max-snippet":"max-snippet:-1","max-image-preview":"max-image-preview:large","max-video-preview":"max-video-preview:-1"},"canonical":"https:\/\/zapateneo.net\/wordpress\/index.php\/producto\/carta-a-mis-hermanas-mas-jovenes-i\/","og_locale":"es_ES","og_type":"article","og_title":"CARTA A MIS HERMANAS M\u00c1S J\u00d3VENES (I) &#8212; Zapateneo","og_description":"Raquel Guti\u00e9rrez 9789200705045 - Bajo Tierra - 2022 - 56 p\u00e1ginas \/orri.","og_url":"https:\/\/zapateneo.net\/wordpress\/index.php\/producto\/carta-a-mis-hermanas-mas-jovenes-i\/","og_site_name":"Zapateneo","article_modified_time":"2023-04-10T18:29:49+00:00","twitter_card":"summary_large_image","twitter_site":"@zapateneo","twitter_misc":{"Tiempo de lectura":"2 minutos"},"schema":{"@context":"https:\/\/schema.org","@graph":[{"@type":"WebPage","@id":"https:\/\/zapateneo.net\/wordpress\/index.php\/producto\/carta-a-mis-hermanas-mas-jovenes-i\/","url":"https:\/\/zapateneo.net\/wordpress\/index.php\/producto\/carta-a-mis-hermanas-mas-jovenes-i\/","name":"CARTA A MIS HERMANAS M\u00c1S J\u00d3VENES (I) &#8212; Zapateneo","isPartOf":{"@id":"https:\/\/zapateneo.net\/wordpress\/#website"},"primaryImageOfPage":{"@id":"https:\/\/zapateneo.net\/wordpress\/index.php\/producto\/carta-a-mis-hermanas-mas-jovenes-i\/#primaryimage"},"image":{"@id":"https:\/\/zapateneo.net\/wordpress\/index.php\/producto\/carta-a-mis-hermanas-mas-jovenes-i\/#primaryimage"},"thumbnailUrl":"https:\/\/zapateneo.net\/wordpress\/wp-content\/uploads\/2023\/04\/carta-a-mis-hermanas-mas-jovenes-1-9789200705045.jpg","datePublished":"2023-04-10T18:29:24+00:00","dateModified":"2023-04-10T18:29:49+00:00","breadcrumb":{"@id":"https:\/\/zapateneo.net\/wordpress\/index.php\/producto\/carta-a-mis-hermanas-mas-jovenes-i\/#breadcrumb"},"inLanguage":"es","potentialAction":[{"@type":"ReadAction","target":["https:\/\/zapateneo.net\/wordpress\/index.php\/producto\/carta-a-mis-hermanas-mas-jovenes-i\/"]}]},{"@type":"ImageObject","inLanguage":"es","@id":"https:\/\/zapateneo.net\/wordpress\/index.php\/producto\/carta-a-mis-hermanas-mas-jovenes-i\/#primaryimage","url":"https:\/\/zapateneo.net\/wordpress\/wp-content\/uploads\/2023\/04\/carta-a-mis-hermanas-mas-jovenes-1-9789200705045.jpg","contentUrl":"https:\/\/zapateneo.net\/wordpress\/wp-content\/uploads\/2023\/04\/carta-a-mis-hermanas-mas-jovenes-1-9789200705045.jpg","width":285,"height":400},{"@type":"BreadcrumbList","@id":"https:\/\/zapateneo.net\/wordpress\/index.php\/producto\/carta-a-mis-hermanas-mas-jovenes-i\/#breadcrumb","itemListElement":[{"@type":"ListItem","position":1,"name":"Portada","item":"https:\/\/zapateneo.net\/wordpress\/"},{"@type":"ListItem","position":2,"name":"Tienda","item":"https:\/\/zapateneo.net\/wordpress\/"},{"@type":"ListItem","position":3,"name":"CARTA A MIS HERMANAS M\u00c1S J\u00d3VENES (I)"}]},{"@type":"WebSite","@id":"https:\/\/zapateneo.net\/wordpress\/#website","url":"https:\/\/zapateneo.net\/wordpress\/","name":"Zapateneo","description":"Zapateneoaren webgunea","publisher":{"@id":"https:\/\/zapateneo.net\/wordpress\/#organization"},"potentialAction":[{"@type":"SearchAction","target":{"@type":"EntryPoint","urlTemplate":"https:\/\/zapateneo.net\/wordpress\/?s={search_term_string}"},"query-input":{"@type":"PropertyValueSpecification","valueRequired":true,"valueName":"search_term_string"}}],"inLanguage":"es"},{"@type":"Organization","@id":"https:\/\/zapateneo.net\/wordpress\/#organization","name":"Zapateneo Kultur Elkartea","url":"https:\/\/zapateneo.net\/wordpress\/","logo":{"@type":"ImageObject","inLanguage":"es","@id":"https:\/\/zapateneo.net\/wordpress\/#\/schema\/logo\/image\/","url":"https:\/\/zapateneo.net\/wordpress\/wp-content\/uploads\/2021\/04\/zap-libu-kolec.jpg","contentUrl":"https:\/\/zapateneo.net\/wordpress\/wp-content\/uploads\/2021\/04\/zap-libu-kolec.jpg","width":2234,"height":398,"caption":"Zapateneo Kultur Elkartea"},"image":{"@id":"https:\/\/zapateneo.net\/wordpress\/#\/schema\/logo\/image\/"},"sameAs":["https:\/\/x.com\/zapateneo"]}]}},"_links":{"self":[{"href":"https:\/\/zapateneo.net\/wordpress\/index.php\/wp-json\/wp\/v2\/product\/12724","targetHints":{"allow":["GET"]}}],"collection":[{"href":"https:\/\/zapateneo.net\/wordpress\/index.php\/wp-json\/wp\/v2\/product"}],"about":[{"href":"https:\/\/zapateneo.net\/wordpress\/index.php\/wp-json\/wp\/v2\/types\/product"}],"wp:featuredmedia":[{"embeddable":true,"href":"https:\/\/zapateneo.net\/wordpress\/index.php\/wp-json\/wp\/v2\/media\/12755"}],"wp:attachment":[{"href":"https:\/\/zapateneo.net\/wordpress\/index.php\/wp-json\/wp\/v2\/media?parent=12724"}],"wp:term":[{"taxonomy":"product_brand","embeddable":true,"href":"https:\/\/zapateneo.net\/wordpress\/index.php\/wp-json\/wp\/v2\/product_brand?post=12724"},{"taxonomy":"product_cat","embeddable":true,"href":"https:\/\/zapateneo.net\/wordpress\/index.php\/wp-json\/wp\/v2\/product_cat?post=12724"},{"taxonomy":"product_tag","embeddable":true,"href":"https:\/\/zapateneo.net\/wordpress\/index.php\/wp-json\/wp\/v2\/product_tag?post=12724"}],"curies":[{"name":"wp","href":"https:\/\/api.w.org\/{rel}","templated":true}]}}