{"id":12720,"date":"2023-04-10T19:29:23","date_gmt":"2023-04-10T18:29:23","guid":{"rendered":"https:\/\/zapateneo.net\/wordpress\/?post_type=product&#038;p=12720"},"modified":"2023-04-10T19:29:43","modified_gmt":"2023-04-10T18:29:43","slug":"indigenismo-violencia-y-despojo-entre-la-lucha-por-la-autonomia-indigena-y-el-acoso-neoliberal","status":"publish","type":"product","link":"https:\/\/zapateneo.net\/wordpress\/index.php\/producto\/indigenismo-violencia-y-despojo-entre-la-lucha-por-la-autonomia-indigena-y-el-acoso-neoliberal\/","title":{"rendered":"INDIGENISMO, VIOLENCIA Y DESPOJO Entre la lucha por la autonom\u00eda ind\u00edgena y el acoso neoliberal"},"content":{"rendered":"<p>Indigenismo, Violencia y Despojo, entre la lucha por la autonom\u00eda ind\u00edgena y el acoso neoliberal es un libro que intenta hacer visibles una serie de problem\u00e1ticas que enfrentan comunidades ind\u00edgenas en M\u00e9xico, en particular en Oaxaca. Esta publicaci\u00f3n fue coordinada por el Dr. Francisco L\u00f3pez B\u00e1rcenas, investigador de El Colegio de San Luis.<\/p>\n<p>Hacer visibles las problem\u00e1ticas que enfrentan las comunidades ind\u00edgenas en el M\u00e9xico de hoy, bajo un gobierno progresista, es uno de los objetivos de esta obra. \u00abNo hay peor negacionismo que pretender que la l\u00f3gica implacable del capital puede regularse en favor del campo popular s\u00f3lo porque hoy est\u00e1n en el gobierno quienes hasta hace poco tiempo lo criticaban.\u00bb El otro objetivo es dar cuenta de la disputa por otro futuro ind\u00edgena, entre el neoindigenismo o libre determinaci\u00f3 como reclaman los zapatistas entre otros.<\/p>\n<p>Con una mirada a profundidad en Oaxaca y sus violencias, el libro ofrece tambi\u00e9n una visi\u00f3n panor\u00e1mica de las resistencias de los pueblos originarios al neoliberalismo, en concreto a sus megaproyectos. Conocedores de gran calado de las vicisitudes y entresijos de la lucha ind\u00edgena, los cuatro autores (Francisco L\u00f3pez B\u00e1rcenas, Diana Manzo, Emanuel G\u00f3mez Mart\u00ednez y Pedro Mat\u00edas) nos ofrecen una visi\u00f3n informada y reflexiva de hechos aparentemente inexplicables, como pueden ser las matanzas en las comunidades ind\u00edgenas.<\/p>\n<p>Lo que en los medias se presenta como noticias inconexas y en ocasiones, ca\u00f3ticas, en el libro aparecen como relatos coherentes, estructurados e inteligibles. Este es un libro necesario para comprender una de las piezas claves del rompecabezas mexicano. Y una lectura obligada para las personas interesadas en comprender la compleja relaci\u00f3n entre un movimiento popular de largo aliento y un gobierno que se propone reformar el r\u00e9gimen pol\u00edtico sin renunciar a emprender megaproyectos.<\/p>\n<p>Francisco L\u00f3pez B\u00e1rcenas, originario de la comunidad de Santa Rosa Caxtlahuaca, Oaxaca, y con postgrado en Derecho y Desarrollo Rural, ha ejercido como profesor, investigador y funcionario p\u00fablico. Particip\u00f3 como asesor del EZLN en los di\u00e1logos por la paz en Chiapas. Es miembro de la Asociaci\u00f3n Mexicana para las Naciones Unidas y de la Academia Mexicana de Derechos Humanos, as\u00ed como asesor jur\u00eddico del Centro de Orientaci\u00f3n y Asesor\u00eda para los Pueblos Ind\u00edgenas A.C., en Oaxaca. Actualmente es investigador del Centro de Estudios para el Desarrollo Rural Sustentable y la Soberan\u00eda Alimentaria en la C\u00e1mara de Diputados del Congreso de M\u00e9xico y colaborador del diario La Jornada.<\/p>\n","protected":false},"excerpt":{"rendered":"<p><strong>Francisco L\u00f3pez B\u00e1rcenas<\/strong><br \/>\n9786079852139 &#8211; Pez en el \u00e1rbol &#8211; 2022 &#8211; 194 p\u00e1ginas \/orri.<\/p>\n","protected":false},"featured_media":12750,"template":"","meta":[],"product_brand":[],"product_cat":[177,16],"product_tag":[5952,5953],"class_list":{"0":"post-12720","1":"product","2":"type-product","3":"status-publish","4":"has-post-thumbnail","6":"product_cat-gizarte-mugimenduak-movimientos-sociales","7":"product_cat-libros","8":"product_tag-francisco-lopez-barcenas","9":"product_tag-pez-en-el-arbol","11":"first","12":"instock","13":"sold-individually","14":"shipping-taxable","15":"purchasable","16":"product-type-simple"},"yoast_head":"<!-- This site is optimized with the Yoast SEO plugin v27.3 - https:\/\/yoast.com\/product\/yoast-seo-wordpress\/ -->\n<title>INDIGENISMO, VIOLENCIA Y DESPOJO Entre la lucha por la autonom\u00eda ind\u00edgena y el acoso neoliberal &#8212; Zapateneo<\/title>\n<meta name=\"robots\" content=\"index, follow, max-snippet:-1, max-image-preview:large, max-video-preview:-1\" \/>\n<link rel=\"canonical\" href=\"https:\/\/zapateneo.net\/wordpress\/index.php\/producto\/indigenismo-violencia-y-despojo-entre-la-lucha-por-la-autonomia-indigena-y-el-acoso-neoliberal\/\" \/>\n<meta property=\"og:locale\" content=\"es_ES\" \/>\n<meta property=\"og:type\" content=\"article\" \/>\n<meta property=\"og:title\" content=\"INDIGENISMO, VIOLENCIA Y DESPOJO Entre la lucha por la autonom\u00eda ind\u00edgena y el acoso neoliberal &#8212; Zapateneo\" \/>\n<meta property=\"og:description\" content=\"Francisco L\u00f3pez B\u00e1rcenas 9786079852139 - Pez en el \u00e1rbol - 2022 - 194 p\u00e1ginas \/orri.\" \/>\n<meta property=\"og:url\" content=\"https:\/\/zapateneo.net\/wordpress\/index.php\/producto\/indigenismo-violencia-y-despojo-entre-la-lucha-por-la-autonomia-indigena-y-el-acoso-neoliberal\/\" \/>\n<meta property=\"og:site_name\" content=\"Zapateneo\" \/>\n<meta property=\"article:modified_time\" content=\"2023-04-10T18:29:43+00:00\" \/>\n<meta name=\"twitter:card\" content=\"summary_large_image\" \/>\n<meta name=\"twitter:site\" content=\"@zapateneo\" \/>\n<meta name=\"twitter:label1\" content=\"Tiempo de lectura\" \/>\n\t<meta name=\"twitter:data1\" content=\"2 minutos\" \/>\n<script type=\"application\/ld+json\" class=\"yoast-schema-graph\">{\"@context\":\"https:\\\/\\\/schema.org\",\"@graph\":[{\"@type\":\"WebPage\",\"@id\":\"https:\\\/\\\/zapateneo.net\\\/wordpress\\\/index.php\\\/producto\\\/indigenismo-violencia-y-despojo-entre-la-lucha-por-la-autonomia-indigena-y-el-acoso-neoliberal\\\/\",\"url\":\"https:\\\/\\\/zapateneo.net\\\/wordpress\\\/index.php\\\/producto\\\/indigenismo-violencia-y-despojo-entre-la-lucha-por-la-autonomia-indigena-y-el-acoso-neoliberal\\\/\",\"name\":\"INDIGENISMO, VIOLENCIA Y DESPOJO Entre la lucha por la autonom\u00eda ind\u00edgena y el acoso neoliberal &#8212; Zapateneo\",\"isPartOf\":{\"@id\":\"https:\\\/\\\/zapateneo.net\\\/wordpress\\\/#website\"},\"primaryImageOfPage\":{\"@id\":\"https:\\\/\\\/zapateneo.net\\\/wordpress\\\/index.php\\\/producto\\\/indigenismo-violencia-y-despojo-entre-la-lucha-por-la-autonomia-indigena-y-el-acoso-neoliberal\\\/#primaryimage\"},\"image\":{\"@id\":\"https:\\\/\\\/zapateneo.net\\\/wordpress\\\/index.php\\\/producto\\\/indigenismo-violencia-y-despojo-entre-la-lucha-por-la-autonomia-indigena-y-el-acoso-neoliberal\\\/#primaryimage\"},\"thumbnailUrl\":\"https:\\\/\\\/zapateneo.net\\\/wordpress\\\/wp-content\\\/uploads\\\/2023\\\/04\\\/indigenismo-violencia-y-despojo-9786079852139.jpg\",\"datePublished\":\"2023-04-10T18:29:23+00:00\",\"dateModified\":\"2023-04-10T18:29:43+00:00\",\"breadcrumb\":{\"@id\":\"https:\\\/\\\/zapateneo.net\\\/wordpress\\\/index.php\\\/producto\\\/indigenismo-violencia-y-despojo-entre-la-lucha-por-la-autonomia-indigena-y-el-acoso-neoliberal\\\/#breadcrumb\"},\"inLanguage\":\"es\",\"potentialAction\":[{\"@type\":\"ReadAction\",\"target\":[\"https:\\\/\\\/zapateneo.net\\\/wordpress\\\/index.php\\\/producto\\\/indigenismo-violencia-y-despojo-entre-la-lucha-por-la-autonomia-indigena-y-el-acoso-neoliberal\\\/\"]}]},{\"@type\":\"ImageObject\",\"inLanguage\":\"es\",\"@id\":\"https:\\\/\\\/zapateneo.net\\\/wordpress\\\/index.php\\\/producto\\\/indigenismo-violencia-y-despojo-entre-la-lucha-por-la-autonomia-indigena-y-el-acoso-neoliberal\\\/#primaryimage\",\"url\":\"https:\\\/\\\/zapateneo.net\\\/wordpress\\\/wp-content\\\/uploads\\\/2023\\\/04\\\/indigenismo-violencia-y-despojo-9786079852139.jpg\",\"contentUrl\":\"https:\\\/\\\/zapateneo.net\\\/wordpress\\\/wp-content\\\/uploads\\\/2023\\\/04\\\/indigenismo-violencia-y-despojo-9786079852139.jpg\",\"width\":250,\"height\":387},{\"@type\":\"BreadcrumbList\",\"@id\":\"https:\\\/\\\/zapateneo.net\\\/wordpress\\\/index.php\\\/producto\\\/indigenismo-violencia-y-despojo-entre-la-lucha-por-la-autonomia-indigena-y-el-acoso-neoliberal\\\/#breadcrumb\",\"itemListElement\":[{\"@type\":\"ListItem\",\"position\":1,\"name\":\"Portada\",\"item\":\"https:\\\/\\\/zapateneo.net\\\/wordpress\\\/\"},{\"@type\":\"ListItem\",\"position\":2,\"name\":\"Tienda\",\"item\":\"https:\\\/\\\/zapateneo.net\\\/wordpress\\\/\"},{\"@type\":\"ListItem\",\"position\":3,\"name\":\"INDIGENISMO, VIOLENCIA Y DESPOJO Entre la lucha por la autonom\u00eda ind\u00edgena y el acoso neoliberal\"}]},{\"@type\":\"WebSite\",\"@id\":\"https:\\\/\\\/zapateneo.net\\\/wordpress\\\/#website\",\"url\":\"https:\\\/\\\/zapateneo.net\\\/wordpress\\\/\",\"name\":\"Zapateneo\",\"description\":\"Zapateneoaren webgunea\",\"publisher\":{\"@id\":\"https:\\\/\\\/zapateneo.net\\\/wordpress\\\/#organization\"},\"potentialAction\":[{\"@type\":\"SearchAction\",\"target\":{\"@type\":\"EntryPoint\",\"urlTemplate\":\"https:\\\/\\\/zapateneo.net\\\/wordpress\\\/?s={search_term_string}\"},\"query-input\":{\"@type\":\"PropertyValueSpecification\",\"valueRequired\":true,\"valueName\":\"search_term_string\"}}],\"inLanguage\":\"es\"},{\"@type\":\"Organization\",\"@id\":\"https:\\\/\\\/zapateneo.net\\\/wordpress\\\/#organization\",\"name\":\"Zapateneo Kultur Elkartea\",\"url\":\"https:\\\/\\\/zapateneo.net\\\/wordpress\\\/\",\"logo\":{\"@type\":\"ImageObject\",\"inLanguage\":\"es\",\"@id\":\"https:\\\/\\\/zapateneo.net\\\/wordpress\\\/#\\\/schema\\\/logo\\\/image\\\/\",\"url\":\"https:\\\/\\\/zapateneo.net\\\/wordpress\\\/wp-content\\\/uploads\\\/2021\\\/04\\\/zap-libu-kolec.jpg\",\"contentUrl\":\"https:\\\/\\\/zapateneo.net\\\/wordpress\\\/wp-content\\\/uploads\\\/2021\\\/04\\\/zap-libu-kolec.jpg\",\"width\":2234,\"height\":398,\"caption\":\"Zapateneo Kultur Elkartea\"},\"image\":{\"@id\":\"https:\\\/\\\/zapateneo.net\\\/wordpress\\\/#\\\/schema\\\/logo\\\/image\\\/\"},\"sameAs\":[\"https:\\\/\\\/x.com\\\/zapateneo\"]}]}<\/script>\n<!-- \/ Yoast SEO plugin. -->","yoast_head_json":{"title":"INDIGENISMO, VIOLENCIA Y DESPOJO Entre la lucha por la autonom\u00eda ind\u00edgena y el acoso neoliberal &#8212; Zapateneo","robots":{"index":"index","follow":"follow","max-snippet":"max-snippet:-1","max-image-preview":"max-image-preview:large","max-video-preview":"max-video-preview:-1"},"canonical":"https:\/\/zapateneo.net\/wordpress\/index.php\/producto\/indigenismo-violencia-y-despojo-entre-la-lucha-por-la-autonomia-indigena-y-el-acoso-neoliberal\/","og_locale":"es_ES","og_type":"article","og_title":"INDIGENISMO, VIOLENCIA Y DESPOJO Entre la lucha por la autonom\u00eda ind\u00edgena y el acoso neoliberal &#8212; Zapateneo","og_description":"Francisco L\u00f3pez B\u00e1rcenas 9786079852139 - Pez en el \u00e1rbol - 2022 - 194 p\u00e1ginas \/orri.","og_url":"https:\/\/zapateneo.net\/wordpress\/index.php\/producto\/indigenismo-violencia-y-despojo-entre-la-lucha-por-la-autonomia-indigena-y-el-acoso-neoliberal\/","og_site_name":"Zapateneo","article_modified_time":"2023-04-10T18:29:43+00:00","twitter_card":"summary_large_image","twitter_site":"@zapateneo","twitter_misc":{"Tiempo de lectura":"2 minutos"},"schema":{"@context":"https:\/\/schema.org","@graph":[{"@type":"WebPage","@id":"https:\/\/zapateneo.net\/wordpress\/index.php\/producto\/indigenismo-violencia-y-despojo-entre-la-lucha-por-la-autonomia-indigena-y-el-acoso-neoliberal\/","url":"https:\/\/zapateneo.net\/wordpress\/index.php\/producto\/indigenismo-violencia-y-despojo-entre-la-lucha-por-la-autonomia-indigena-y-el-acoso-neoliberal\/","name":"INDIGENISMO, VIOLENCIA Y DESPOJO Entre la lucha por la autonom\u00eda ind\u00edgena y el acoso neoliberal &#8212; Zapateneo","isPartOf":{"@id":"https:\/\/zapateneo.net\/wordpress\/#website"},"primaryImageOfPage":{"@id":"https:\/\/zapateneo.net\/wordpress\/index.php\/producto\/indigenismo-violencia-y-despojo-entre-la-lucha-por-la-autonomia-indigena-y-el-acoso-neoliberal\/#primaryimage"},"image":{"@id":"https:\/\/zapateneo.net\/wordpress\/index.php\/producto\/indigenismo-violencia-y-despojo-entre-la-lucha-por-la-autonomia-indigena-y-el-acoso-neoliberal\/#primaryimage"},"thumbnailUrl":"https:\/\/zapateneo.net\/wordpress\/wp-content\/uploads\/2023\/04\/indigenismo-violencia-y-despojo-9786079852139.jpg","datePublished":"2023-04-10T18:29:23+00:00","dateModified":"2023-04-10T18:29:43+00:00","breadcrumb":{"@id":"https:\/\/zapateneo.net\/wordpress\/index.php\/producto\/indigenismo-violencia-y-despojo-entre-la-lucha-por-la-autonomia-indigena-y-el-acoso-neoliberal\/#breadcrumb"},"inLanguage":"es","potentialAction":[{"@type":"ReadAction","target":["https:\/\/zapateneo.net\/wordpress\/index.php\/producto\/indigenismo-violencia-y-despojo-entre-la-lucha-por-la-autonomia-indigena-y-el-acoso-neoliberal\/"]}]},{"@type":"ImageObject","inLanguage":"es","@id":"https:\/\/zapateneo.net\/wordpress\/index.php\/producto\/indigenismo-violencia-y-despojo-entre-la-lucha-por-la-autonomia-indigena-y-el-acoso-neoliberal\/#primaryimage","url":"https:\/\/zapateneo.net\/wordpress\/wp-content\/uploads\/2023\/04\/indigenismo-violencia-y-despojo-9786079852139.jpg","contentUrl":"https:\/\/zapateneo.net\/wordpress\/wp-content\/uploads\/2023\/04\/indigenismo-violencia-y-despojo-9786079852139.jpg","width":250,"height":387},{"@type":"BreadcrumbList","@id":"https:\/\/zapateneo.net\/wordpress\/index.php\/producto\/indigenismo-violencia-y-despojo-entre-la-lucha-por-la-autonomia-indigena-y-el-acoso-neoliberal\/#breadcrumb","itemListElement":[{"@type":"ListItem","position":1,"name":"Portada","item":"https:\/\/zapateneo.net\/wordpress\/"},{"@type":"ListItem","position":2,"name":"Tienda","item":"https:\/\/zapateneo.net\/wordpress\/"},{"@type":"ListItem","position":3,"name":"INDIGENISMO, VIOLENCIA Y DESPOJO Entre la lucha por la autonom\u00eda ind\u00edgena y el acoso neoliberal"}]},{"@type":"WebSite","@id":"https:\/\/zapateneo.net\/wordpress\/#website","url":"https:\/\/zapateneo.net\/wordpress\/","name":"Zapateneo","description":"Zapateneoaren webgunea","publisher":{"@id":"https:\/\/zapateneo.net\/wordpress\/#organization"},"potentialAction":[{"@type":"SearchAction","target":{"@type":"EntryPoint","urlTemplate":"https:\/\/zapateneo.net\/wordpress\/?s={search_term_string}"},"query-input":{"@type":"PropertyValueSpecification","valueRequired":true,"valueName":"search_term_string"}}],"inLanguage":"es"},{"@type":"Organization","@id":"https:\/\/zapateneo.net\/wordpress\/#organization","name":"Zapateneo Kultur Elkartea","url":"https:\/\/zapateneo.net\/wordpress\/","logo":{"@type":"ImageObject","inLanguage":"es","@id":"https:\/\/zapateneo.net\/wordpress\/#\/schema\/logo\/image\/","url":"https:\/\/zapateneo.net\/wordpress\/wp-content\/uploads\/2021\/04\/zap-libu-kolec.jpg","contentUrl":"https:\/\/zapateneo.net\/wordpress\/wp-content\/uploads\/2021\/04\/zap-libu-kolec.jpg","width":2234,"height":398,"caption":"Zapateneo Kultur Elkartea"},"image":{"@id":"https:\/\/zapateneo.net\/wordpress\/#\/schema\/logo\/image\/"},"sameAs":["https:\/\/x.com\/zapateneo"]}]}},"_links":{"self":[{"href":"https:\/\/zapateneo.net\/wordpress\/index.php\/wp-json\/wp\/v2\/product\/12720","targetHints":{"allow":["GET"]}}],"collection":[{"href":"https:\/\/zapateneo.net\/wordpress\/index.php\/wp-json\/wp\/v2\/product"}],"about":[{"href":"https:\/\/zapateneo.net\/wordpress\/index.php\/wp-json\/wp\/v2\/types\/product"}],"wp:featuredmedia":[{"embeddable":true,"href":"https:\/\/zapateneo.net\/wordpress\/index.php\/wp-json\/wp\/v2\/media\/12750"}],"wp:attachment":[{"href":"https:\/\/zapateneo.net\/wordpress\/index.php\/wp-json\/wp\/v2\/media?parent=12720"}],"wp:term":[{"taxonomy":"product_brand","embeddable":true,"href":"https:\/\/zapateneo.net\/wordpress\/index.php\/wp-json\/wp\/v2\/product_brand?post=12720"},{"taxonomy":"product_cat","embeddable":true,"href":"https:\/\/zapateneo.net\/wordpress\/index.php\/wp-json\/wp\/v2\/product_cat?post=12720"},{"taxonomy":"product_tag","embeddable":true,"href":"https:\/\/zapateneo.net\/wordpress\/index.php\/wp-json\/wp\/v2\/product_tag?post=12720"}],"curies":[{"name":"wp","href":"https:\/\/api.w.org\/{rel}","templated":true}]}}