{"id":12717,"date":"2023-04-10T19:29:22","date_gmt":"2023-04-10T18:29:22","guid":{"rendered":"https:\/\/zapateneo.net\/wordpress\/?post_type=product&#038;p=12717"},"modified":"2023-04-10T19:29:41","modified_gmt":"2023-04-10T18:29:41","slug":"siempre-adelante-escritos-y-cartas-1866-1897","status":"publish","type":"product","link":"https:\/\/zapateneo.net\/wordpress\/index.php\/producto\/siempre-adelante-escritos-y-cartas-1866-1897\/","title":{"rendered":"\u00a1SIEMPRE ADELANTE! Escritos y cartas, 1866-1897"},"content":{"rendered":"<p>En marzo de 1883 muere Karl Marx. A los pocos d\u00edas, Eleanor, \u00abTussy\u00bb, su hija menor, publica en los peri\u00f3dicos un llamamiento para recopilar sus cartas, panfletos y escritos, con el prop\u00f3sito de comenzar un proyecto de obras completas. Por m\u00e1s de un siglo esa labor de sistematizaci\u00f3n de la obra del autor de uno de los libros m\u00e1s importantes en la historia estuvo asociada a Engels y al marxismo oficial, borrando el lugar que ella tuvo como interlocutora, traductora y par intelectual.<\/p>\n<p>Pero el nombre de Eleanor Marx no se reduce al espectro del padre. Vers\u00e1til y prol\u00edfica, escritora y militante socialista, fue especialista en la obra de Shakespeare, brillante traductora literaria de Flaubert y de Ibsen al ingl\u00e9s, y una de las primeras pensadoras del feminismo marxista en pleno apogeo del sufragismo.<\/p>\n<p>Una vida entrelazada en el deseo de la escritura, la dramaturgia y la pol\u00edtica, que la llev\u00f3 a fundar la Liga Socialista, protagonizar el \u00abnuevo sindicalismo\u00bb y buscar incansablemente caminos para desmantelar la hipocres\u00eda en los hogares y el matrimonio. Su muerte tr\u00e1gica, discutida en la \u00e9poca como un suicidio inducido, volc\u00f3 sobre su legado un silencio que todav\u00eda perdura.<\/p>\n<p>\u00a1Siempre adelante! Escritos y cartas 1866-1897 re\u00fane gran parte de sus textos, hasta ahora in\u00e9ditos en castellano. Un volumen que recorre su biograf\u00eda y pensamiento a trav\u00e9s de correspondencias, ensayos pol\u00edticos y rese\u00f1as literarias que se cruzan con documentos de la \u00e9poca, obituarios e informes periciales sobre su muerte. Este libro ofrece en nuestro idioma capas desconocidas y fascinantes de la familia Marx y su principal interlocutora.<\/p>\n<p>Jenny Julia Eleanor Marx naci\u00f3 en Londres en el a\u00f1o 1855. Fue la menor de las hijas de Karl Marx y Jenny von Westphalen, y la \u00fanica que naci\u00f3 en la Inglaterra victoriana. Sin haber recibido una educaci\u00f3n formal continua, aprendi\u00f3 alem\u00e1n y franc\u00e9s en un ambiente familiar rodeado de exiliados y refugiados. Ferviente socialista, feminista marxista y partidaria de la liberaci\u00f3n de Irlanda, tradujo por primera vez al ingl\u00e9s a Henrik Ibsen y Gustave Flaubert, mientras cuidaba a sus padres y trabajaba como investigadora para la conformaci\u00f3n del canon shakespeariano moderno. Desde 1883 se vincul\u00f3 con las nuevas sociedades pol\u00edticas y literarias londinenses, hasta llegar a conducir las organizaciones socialistas del nuevo sindicalismo. Se suicida en marzo de 1898 bajo circunstancias policiales inciertas.<\/p>\n<p>Investigaci\u00f3n y traducci\u00f3n Angelo Narv\u00e1ez Le\u00f3n<br \/>\nPr\u00f3logo Alia Trabucco Zer\u00e1n<\/p>\n","protected":false},"excerpt":{"rendered":"<p><strong>Eleanor Marx<\/strong><br \/>\n9789566088141 &#8211; Banda propia &#8211; 2022 &#8211; 452 p\u00e1ginas \/orri.<\/p>\n","protected":false},"featured_media":12747,"template":"","meta":[],"product_brand":[],"product_cat":[174,16],"product_tag":[5949,5950],"class_list":{"0":"post-12717","1":"product","2":"type-product","3":"status-publish","4":"has-post-thumbnail","6":"product_cat-generoak-generos","7":"product_cat-libros","8":"product_tag-banda-propia","9":"product_tag-eleanor-marx","11":"first","12":"instock","13":"sold-individually","14":"shipping-taxable","15":"purchasable","16":"product-type-simple"},"yoast_head":"<!-- This site is optimized with the Yoast SEO plugin v27.3 - https:\/\/yoast.com\/product\/yoast-seo-wordpress\/ -->\n<title>\u00a1SIEMPRE ADELANTE! Escritos y cartas, 1866-1897 &#8212; Zapateneo<\/title>\n<meta name=\"robots\" content=\"index, follow, max-snippet:-1, max-image-preview:large, max-video-preview:-1\" \/>\n<link rel=\"canonical\" href=\"https:\/\/zapateneo.net\/wordpress\/index.php\/producto\/siempre-adelante-escritos-y-cartas-1866-1897\/\" \/>\n<meta property=\"og:locale\" content=\"es_ES\" \/>\n<meta property=\"og:type\" content=\"article\" \/>\n<meta property=\"og:title\" content=\"\u00a1SIEMPRE ADELANTE! Escritos y cartas, 1866-1897 &#8212; Zapateneo\" \/>\n<meta property=\"og:description\" content=\"Eleanor Marx 9789566088141 - Banda propia - 2022 - 452 p\u00e1ginas \/orri.\" \/>\n<meta property=\"og:url\" content=\"https:\/\/zapateneo.net\/wordpress\/index.php\/producto\/siempre-adelante-escritos-y-cartas-1866-1897\/\" \/>\n<meta property=\"og:site_name\" content=\"Zapateneo\" \/>\n<meta property=\"article:modified_time\" content=\"2023-04-10T18:29:41+00:00\" \/>\n<meta name=\"twitter:card\" content=\"summary_large_image\" \/>\n<meta name=\"twitter:site\" content=\"@zapateneo\" \/>\n<meta name=\"twitter:label1\" content=\"Tiempo de lectura\" \/>\n\t<meta name=\"twitter:data1\" content=\"2 minutos\" \/>\n<script type=\"application\/ld+json\" class=\"yoast-schema-graph\">{\"@context\":\"https:\\\/\\\/schema.org\",\"@graph\":[{\"@type\":\"WebPage\",\"@id\":\"https:\\\/\\\/zapateneo.net\\\/wordpress\\\/index.php\\\/producto\\\/siempre-adelante-escritos-y-cartas-1866-1897\\\/\",\"url\":\"https:\\\/\\\/zapateneo.net\\\/wordpress\\\/index.php\\\/producto\\\/siempre-adelante-escritos-y-cartas-1866-1897\\\/\",\"name\":\"\u00a1SIEMPRE ADELANTE! Escritos y cartas, 1866-1897 &#8212; Zapateneo\",\"isPartOf\":{\"@id\":\"https:\\\/\\\/zapateneo.net\\\/wordpress\\\/#website\"},\"primaryImageOfPage\":{\"@id\":\"https:\\\/\\\/zapateneo.net\\\/wordpress\\\/index.php\\\/producto\\\/siempre-adelante-escritos-y-cartas-1866-1897\\\/#primaryimage\"},\"image\":{\"@id\":\"https:\\\/\\\/zapateneo.net\\\/wordpress\\\/index.php\\\/producto\\\/siempre-adelante-escritos-y-cartas-1866-1897\\\/#primaryimage\"},\"thumbnailUrl\":\"https:\\\/\\\/zapateneo.net\\\/wordpress\\\/wp-content\\\/uploads\\\/2023\\\/04\\\/siempre-adelante-9789566088141.jpg\",\"datePublished\":\"2023-04-10T18:29:22+00:00\",\"dateModified\":\"2023-04-10T18:29:41+00:00\",\"breadcrumb\":{\"@id\":\"https:\\\/\\\/zapateneo.net\\\/wordpress\\\/index.php\\\/producto\\\/siempre-adelante-escritos-y-cartas-1866-1897\\\/#breadcrumb\"},\"inLanguage\":\"es\",\"potentialAction\":[{\"@type\":\"ReadAction\",\"target\":[\"https:\\\/\\\/zapateneo.net\\\/wordpress\\\/index.php\\\/producto\\\/siempre-adelante-escritos-y-cartas-1866-1897\\\/\"]}]},{\"@type\":\"ImageObject\",\"inLanguage\":\"es\",\"@id\":\"https:\\\/\\\/zapateneo.net\\\/wordpress\\\/index.php\\\/producto\\\/siempre-adelante-escritos-y-cartas-1866-1897\\\/#primaryimage\",\"url\":\"https:\\\/\\\/zapateneo.net\\\/wordpress\\\/wp-content\\\/uploads\\\/2023\\\/04\\\/siempre-adelante-9789566088141.jpg\",\"contentUrl\":\"https:\\\/\\\/zapateneo.net\\\/wordpress\\\/wp-content\\\/uploads\\\/2023\\\/04\\\/siempre-adelante-9789566088141.jpg\",\"width\":260,\"height\":400},{\"@type\":\"BreadcrumbList\",\"@id\":\"https:\\\/\\\/zapateneo.net\\\/wordpress\\\/index.php\\\/producto\\\/siempre-adelante-escritos-y-cartas-1866-1897\\\/#breadcrumb\",\"itemListElement\":[{\"@type\":\"ListItem\",\"position\":1,\"name\":\"Portada\",\"item\":\"https:\\\/\\\/zapateneo.net\\\/wordpress\\\/\"},{\"@type\":\"ListItem\",\"position\":2,\"name\":\"Tienda\",\"item\":\"https:\\\/\\\/zapateneo.net\\\/wordpress\\\/\"},{\"@type\":\"ListItem\",\"position\":3,\"name\":\"\u00a1SIEMPRE ADELANTE! Escritos y cartas, 1866-1897\"}]},{\"@type\":\"WebSite\",\"@id\":\"https:\\\/\\\/zapateneo.net\\\/wordpress\\\/#website\",\"url\":\"https:\\\/\\\/zapateneo.net\\\/wordpress\\\/\",\"name\":\"Zapateneo\",\"description\":\"Zapateneoaren webgunea\",\"publisher\":{\"@id\":\"https:\\\/\\\/zapateneo.net\\\/wordpress\\\/#organization\"},\"potentialAction\":[{\"@type\":\"SearchAction\",\"target\":{\"@type\":\"EntryPoint\",\"urlTemplate\":\"https:\\\/\\\/zapateneo.net\\\/wordpress\\\/?s={search_term_string}\"},\"query-input\":{\"@type\":\"PropertyValueSpecification\",\"valueRequired\":true,\"valueName\":\"search_term_string\"}}],\"inLanguage\":\"es\"},{\"@type\":\"Organization\",\"@id\":\"https:\\\/\\\/zapateneo.net\\\/wordpress\\\/#organization\",\"name\":\"Zapateneo Kultur Elkartea\",\"url\":\"https:\\\/\\\/zapateneo.net\\\/wordpress\\\/\",\"logo\":{\"@type\":\"ImageObject\",\"inLanguage\":\"es\",\"@id\":\"https:\\\/\\\/zapateneo.net\\\/wordpress\\\/#\\\/schema\\\/logo\\\/image\\\/\",\"url\":\"https:\\\/\\\/zapateneo.net\\\/wordpress\\\/wp-content\\\/uploads\\\/2021\\\/04\\\/zap-libu-kolec.jpg\",\"contentUrl\":\"https:\\\/\\\/zapateneo.net\\\/wordpress\\\/wp-content\\\/uploads\\\/2021\\\/04\\\/zap-libu-kolec.jpg\",\"width\":2234,\"height\":398,\"caption\":\"Zapateneo Kultur Elkartea\"},\"image\":{\"@id\":\"https:\\\/\\\/zapateneo.net\\\/wordpress\\\/#\\\/schema\\\/logo\\\/image\\\/\"},\"sameAs\":[\"https:\\\/\\\/x.com\\\/zapateneo\"]}]}<\/script>\n<!-- \/ Yoast SEO plugin. -->","yoast_head_json":{"title":"\u00a1SIEMPRE ADELANTE! Escritos y cartas, 1866-1897 &#8212; Zapateneo","robots":{"index":"index","follow":"follow","max-snippet":"max-snippet:-1","max-image-preview":"max-image-preview:large","max-video-preview":"max-video-preview:-1"},"canonical":"https:\/\/zapateneo.net\/wordpress\/index.php\/producto\/siempre-adelante-escritos-y-cartas-1866-1897\/","og_locale":"es_ES","og_type":"article","og_title":"\u00a1SIEMPRE ADELANTE! Escritos y cartas, 1866-1897 &#8212; Zapateneo","og_description":"Eleanor Marx 9789566088141 - Banda propia - 2022 - 452 p\u00e1ginas \/orri.","og_url":"https:\/\/zapateneo.net\/wordpress\/index.php\/producto\/siempre-adelante-escritos-y-cartas-1866-1897\/","og_site_name":"Zapateneo","article_modified_time":"2023-04-10T18:29:41+00:00","twitter_card":"summary_large_image","twitter_site":"@zapateneo","twitter_misc":{"Tiempo de lectura":"2 minutos"},"schema":{"@context":"https:\/\/schema.org","@graph":[{"@type":"WebPage","@id":"https:\/\/zapateneo.net\/wordpress\/index.php\/producto\/siempre-adelante-escritos-y-cartas-1866-1897\/","url":"https:\/\/zapateneo.net\/wordpress\/index.php\/producto\/siempre-adelante-escritos-y-cartas-1866-1897\/","name":"\u00a1SIEMPRE ADELANTE! Escritos y cartas, 1866-1897 &#8212; Zapateneo","isPartOf":{"@id":"https:\/\/zapateneo.net\/wordpress\/#website"},"primaryImageOfPage":{"@id":"https:\/\/zapateneo.net\/wordpress\/index.php\/producto\/siempre-adelante-escritos-y-cartas-1866-1897\/#primaryimage"},"image":{"@id":"https:\/\/zapateneo.net\/wordpress\/index.php\/producto\/siempre-adelante-escritos-y-cartas-1866-1897\/#primaryimage"},"thumbnailUrl":"https:\/\/zapateneo.net\/wordpress\/wp-content\/uploads\/2023\/04\/siempre-adelante-9789566088141.jpg","datePublished":"2023-04-10T18:29:22+00:00","dateModified":"2023-04-10T18:29:41+00:00","breadcrumb":{"@id":"https:\/\/zapateneo.net\/wordpress\/index.php\/producto\/siempre-adelante-escritos-y-cartas-1866-1897\/#breadcrumb"},"inLanguage":"es","potentialAction":[{"@type":"ReadAction","target":["https:\/\/zapateneo.net\/wordpress\/index.php\/producto\/siempre-adelante-escritos-y-cartas-1866-1897\/"]}]},{"@type":"ImageObject","inLanguage":"es","@id":"https:\/\/zapateneo.net\/wordpress\/index.php\/producto\/siempre-adelante-escritos-y-cartas-1866-1897\/#primaryimage","url":"https:\/\/zapateneo.net\/wordpress\/wp-content\/uploads\/2023\/04\/siempre-adelante-9789566088141.jpg","contentUrl":"https:\/\/zapateneo.net\/wordpress\/wp-content\/uploads\/2023\/04\/siempre-adelante-9789566088141.jpg","width":260,"height":400},{"@type":"BreadcrumbList","@id":"https:\/\/zapateneo.net\/wordpress\/index.php\/producto\/siempre-adelante-escritos-y-cartas-1866-1897\/#breadcrumb","itemListElement":[{"@type":"ListItem","position":1,"name":"Portada","item":"https:\/\/zapateneo.net\/wordpress\/"},{"@type":"ListItem","position":2,"name":"Tienda","item":"https:\/\/zapateneo.net\/wordpress\/"},{"@type":"ListItem","position":3,"name":"\u00a1SIEMPRE ADELANTE! Escritos y cartas, 1866-1897"}]},{"@type":"WebSite","@id":"https:\/\/zapateneo.net\/wordpress\/#website","url":"https:\/\/zapateneo.net\/wordpress\/","name":"Zapateneo","description":"Zapateneoaren webgunea","publisher":{"@id":"https:\/\/zapateneo.net\/wordpress\/#organization"},"potentialAction":[{"@type":"SearchAction","target":{"@type":"EntryPoint","urlTemplate":"https:\/\/zapateneo.net\/wordpress\/?s={search_term_string}"},"query-input":{"@type":"PropertyValueSpecification","valueRequired":true,"valueName":"search_term_string"}}],"inLanguage":"es"},{"@type":"Organization","@id":"https:\/\/zapateneo.net\/wordpress\/#organization","name":"Zapateneo Kultur Elkartea","url":"https:\/\/zapateneo.net\/wordpress\/","logo":{"@type":"ImageObject","inLanguage":"es","@id":"https:\/\/zapateneo.net\/wordpress\/#\/schema\/logo\/image\/","url":"https:\/\/zapateneo.net\/wordpress\/wp-content\/uploads\/2021\/04\/zap-libu-kolec.jpg","contentUrl":"https:\/\/zapateneo.net\/wordpress\/wp-content\/uploads\/2021\/04\/zap-libu-kolec.jpg","width":2234,"height":398,"caption":"Zapateneo Kultur Elkartea"},"image":{"@id":"https:\/\/zapateneo.net\/wordpress\/#\/schema\/logo\/image\/"},"sameAs":["https:\/\/x.com\/zapateneo"]}]}},"_links":{"self":[{"href":"https:\/\/zapateneo.net\/wordpress\/index.php\/wp-json\/wp\/v2\/product\/12717","targetHints":{"allow":["GET"]}}],"collection":[{"href":"https:\/\/zapateneo.net\/wordpress\/index.php\/wp-json\/wp\/v2\/product"}],"about":[{"href":"https:\/\/zapateneo.net\/wordpress\/index.php\/wp-json\/wp\/v2\/types\/product"}],"wp:featuredmedia":[{"embeddable":true,"href":"https:\/\/zapateneo.net\/wordpress\/index.php\/wp-json\/wp\/v2\/media\/12747"}],"wp:attachment":[{"href":"https:\/\/zapateneo.net\/wordpress\/index.php\/wp-json\/wp\/v2\/media?parent=12717"}],"wp:term":[{"taxonomy":"product_brand","embeddable":true,"href":"https:\/\/zapateneo.net\/wordpress\/index.php\/wp-json\/wp\/v2\/product_brand?post=12717"},{"taxonomy":"product_cat","embeddable":true,"href":"https:\/\/zapateneo.net\/wordpress\/index.php\/wp-json\/wp\/v2\/product_cat?post=12717"},{"taxonomy":"product_tag","embeddable":true,"href":"https:\/\/zapateneo.net\/wordpress\/index.php\/wp-json\/wp\/v2\/product_tag?post=12717"}],"curies":[{"name":"wp","href":"https:\/\/api.w.org\/{rel}","templated":true}]}}