{"id":12716,"date":"2023-04-10T19:29:21","date_gmt":"2023-04-10T18:29:21","guid":{"rendered":"https:\/\/zapateneo.net\/wordpress\/?post_type=product&#038;p=12716"},"modified":"2023-04-10T19:29:40","modified_gmt":"2023-04-10T18:29:40","slug":"crear-en-peligro-el-trabajo-del-artista-migrante","status":"publish","type":"product","link":"https:\/\/zapateneo.net\/wordpress\/index.php\/producto\/crear-en-peligro-el-trabajo-del-artista-migrante\/","title":{"rendered":"CREAR EN PELIGRO El trabajo del artista migrante"},"content":{"rendered":"<p>A mediados de los a\u00f1os sesenta, dos j\u00f3venes haitianos fueron fusilados a las afueras del cementerio nacional de Puerto Pr\u00edncipe frente a una multitud convocada por la dictadura de Fran\u00e7ois \u00abPapa Doc\u00bb Duvalier. La escritora haitiano-estadounidense Edwidge Danticat no recuerda cu\u00e1ndo escuch\u00f3 por primera vez sobre esta ejecuci\u00f3n convertida en espect\u00e1culo, pero s\u00ed que siempre la ha perseguido y obsesionado.<\/p>\n<p>Crear en peligro enlaza esta y otras historias que transcurren entre su pa\u00eds natal y Estados Unidos, su pa\u00eds adoptivo. Es un conjunto de ensayos literarios que exploran las vidas de artistas migrantes en momentos de crisis y di\u00e1spora, artistas que crean en peligro para gente que lee en peligro.<\/p>\n<p>Edwidge Danticat ha desarrollado una prosa nutrida de voces orales y cosmopolitas, de tradiciones narradas en ingl\u00e9s, creol y franc\u00e9s. Su originalidad la ha consolidado como una de las escritoras internacionales m\u00e1s celebradas y premiadas de su generaci\u00f3n.<\/p>\n<p>\u00abCon sus ficciones, Danticat ha recreado un Hait\u00ed para m\u00faltiples lectores que de otro modo no hubieran entendido nada\u00bb \u2014The New York Times<\/p>\n<p>\u00abCon un talento indiscutible e impregnado de m\u00e1s de una cultura, ha hecho con su historia lo que los cobardes y fan\u00e1ticos no se atreven: transformar la vida, el pasado, la identidad en un inmenso oc\u00e9ano donde no se puede dejar de remar. Danticat entiende que crear en peligro es posible cuando la esperanza supera el miedo\u00bb \u2014Jean-Jacques Pierre Paul <\/p>\n<p>Edwidge Danticat Naci\u00f3 en Hait\u00ed en 1969. Actualmente reside en Estados Unidos, pa\u00eds al que emigr\u00f3 cuando ten\u00eda doce a\u00f1os. Ha publicado las novelas Palabras, ojos, memoria (1994) y Cosecha de huesos (1998); y los vol\u00famenes de cuentos \u00bfCric? \u00a1Crac! (2000) y El quebrantador (2004), entre otros t\u00edtulos literarios y de no ficci\u00f3n. Es colaboradora en The New Yorker, Time y The Progressive. Fue finalista del National Book Award, ganadora del National Critics Circle Award y beneficiada con la MacArthur Fellowship en 2009. Sus libros circulan en m\u00e1s de siete idiomas. Esta es la primera traducci\u00f3n de Crear en peligro: El trabajo del artista migrante a nuestra lengua.<\/p>\n","protected":false},"excerpt":{"rendered":"<p><strong>Edwidge Danticat<\/strong><br \/>\n9789560936219 &#8211; Banda propia &#8211; 2022 &#8211; 202 p\u00e1ginas \/orri.<\/p>\n","protected":false},"featured_media":12746,"template":"","meta":[],"product_brand":[],"product_cat":[183,16],"product_tag":[5949,5948],"class_list":{"0":"post-12716","1":"product","2":"type-product","3":"status-publish","4":"has-post-thumbnail","6":"product_cat-kultur-adierazpenak-expresiones-culturales","7":"product_cat-libros","8":"product_tag-banda-propia","9":"product_tag-edwidge-danticat","11":"first","12":"instock","13":"sold-individually","14":"shipping-taxable","15":"purchasable","16":"product-type-simple"},"yoast_head":"<!-- This site is optimized with the Yoast SEO plugin v27.3 - https:\/\/yoast.com\/product\/yoast-seo-wordpress\/ -->\n<title>CREAR EN PELIGRO El trabajo del artista migrante &#8212; Zapateneo<\/title>\n<meta name=\"robots\" content=\"index, follow, max-snippet:-1, max-image-preview:large, max-video-preview:-1\" \/>\n<link rel=\"canonical\" href=\"https:\/\/zapateneo.net\/wordpress\/index.php\/producto\/crear-en-peligro-el-trabajo-del-artista-migrante\/\" \/>\n<meta property=\"og:locale\" content=\"es_ES\" \/>\n<meta property=\"og:type\" content=\"article\" \/>\n<meta property=\"og:title\" content=\"CREAR EN PELIGRO El trabajo del artista migrante &#8212; Zapateneo\" \/>\n<meta property=\"og:description\" content=\"Edwidge Danticat 9789560936219 - Banda propia - 2022 - 202 p\u00e1ginas \/orri.\" \/>\n<meta property=\"og:url\" content=\"https:\/\/zapateneo.net\/wordpress\/index.php\/producto\/crear-en-peligro-el-trabajo-del-artista-migrante\/\" \/>\n<meta property=\"og:site_name\" content=\"Zapateneo\" \/>\n<meta property=\"article:modified_time\" content=\"2023-04-10T18:29:40+00:00\" \/>\n<meta name=\"twitter:card\" content=\"summary_large_image\" \/>\n<meta name=\"twitter:site\" content=\"@zapateneo\" \/>\n<meta name=\"twitter:label1\" content=\"Tiempo de lectura\" \/>\n\t<meta name=\"twitter:data1\" content=\"2 minutos\" \/>\n<script type=\"application\/ld+json\" class=\"yoast-schema-graph\">{\"@context\":\"https:\\\/\\\/schema.org\",\"@graph\":[{\"@type\":\"WebPage\",\"@id\":\"https:\\\/\\\/zapateneo.net\\\/wordpress\\\/index.php\\\/producto\\\/crear-en-peligro-el-trabajo-del-artista-migrante\\\/\",\"url\":\"https:\\\/\\\/zapateneo.net\\\/wordpress\\\/index.php\\\/producto\\\/crear-en-peligro-el-trabajo-del-artista-migrante\\\/\",\"name\":\"CREAR EN PELIGRO El trabajo del artista migrante &#8212; Zapateneo\",\"isPartOf\":{\"@id\":\"https:\\\/\\\/zapateneo.net\\\/wordpress\\\/#website\"},\"primaryImageOfPage\":{\"@id\":\"https:\\\/\\\/zapateneo.net\\\/wordpress\\\/index.php\\\/producto\\\/crear-en-peligro-el-trabajo-del-artista-migrante\\\/#primaryimage\"},\"image\":{\"@id\":\"https:\\\/\\\/zapateneo.net\\\/wordpress\\\/index.php\\\/producto\\\/crear-en-peligro-el-trabajo-del-artista-migrante\\\/#primaryimage\"},\"thumbnailUrl\":\"https:\\\/\\\/zapateneo.net\\\/wordpress\\\/wp-content\\\/uploads\\\/2023\\\/04\\\/crear-en-peligro-9789560936219.jpg\",\"datePublished\":\"2023-04-10T18:29:21+00:00\",\"dateModified\":\"2023-04-10T18:29:40+00:00\",\"breadcrumb\":{\"@id\":\"https:\\\/\\\/zapateneo.net\\\/wordpress\\\/index.php\\\/producto\\\/crear-en-peligro-el-trabajo-del-artista-migrante\\\/#breadcrumb\"},\"inLanguage\":\"es\",\"potentialAction\":[{\"@type\":\"ReadAction\",\"target\":[\"https:\\\/\\\/zapateneo.net\\\/wordpress\\\/index.php\\\/producto\\\/crear-en-peligro-el-trabajo-del-artista-migrante\\\/\"]}]},{\"@type\":\"ImageObject\",\"inLanguage\":\"es\",\"@id\":\"https:\\\/\\\/zapateneo.net\\\/wordpress\\\/index.php\\\/producto\\\/crear-en-peligro-el-trabajo-del-artista-migrante\\\/#primaryimage\",\"url\":\"https:\\\/\\\/zapateneo.net\\\/wordpress\\\/wp-content\\\/uploads\\\/2023\\\/04\\\/crear-en-peligro-9789560936219.jpg\",\"contentUrl\":\"https:\\\/\\\/zapateneo.net\\\/wordpress\\\/wp-content\\\/uploads\\\/2023\\\/04\\\/crear-en-peligro-9789560936219.jpg\",\"width\":247,\"height\":400},{\"@type\":\"BreadcrumbList\",\"@id\":\"https:\\\/\\\/zapateneo.net\\\/wordpress\\\/index.php\\\/producto\\\/crear-en-peligro-el-trabajo-del-artista-migrante\\\/#breadcrumb\",\"itemListElement\":[{\"@type\":\"ListItem\",\"position\":1,\"name\":\"Portada\",\"item\":\"https:\\\/\\\/zapateneo.net\\\/wordpress\\\/\"},{\"@type\":\"ListItem\",\"position\":2,\"name\":\"Tienda\",\"item\":\"https:\\\/\\\/zapateneo.net\\\/wordpress\\\/\"},{\"@type\":\"ListItem\",\"position\":3,\"name\":\"CREAR EN PELIGRO El trabajo del artista migrante\"}]},{\"@type\":\"WebSite\",\"@id\":\"https:\\\/\\\/zapateneo.net\\\/wordpress\\\/#website\",\"url\":\"https:\\\/\\\/zapateneo.net\\\/wordpress\\\/\",\"name\":\"Zapateneo\",\"description\":\"Zapateneoaren webgunea\",\"publisher\":{\"@id\":\"https:\\\/\\\/zapateneo.net\\\/wordpress\\\/#organization\"},\"potentialAction\":[{\"@type\":\"SearchAction\",\"target\":{\"@type\":\"EntryPoint\",\"urlTemplate\":\"https:\\\/\\\/zapateneo.net\\\/wordpress\\\/?s={search_term_string}\"},\"query-input\":{\"@type\":\"PropertyValueSpecification\",\"valueRequired\":true,\"valueName\":\"search_term_string\"}}],\"inLanguage\":\"es\"},{\"@type\":\"Organization\",\"@id\":\"https:\\\/\\\/zapateneo.net\\\/wordpress\\\/#organization\",\"name\":\"Zapateneo Kultur Elkartea\",\"url\":\"https:\\\/\\\/zapateneo.net\\\/wordpress\\\/\",\"logo\":{\"@type\":\"ImageObject\",\"inLanguage\":\"es\",\"@id\":\"https:\\\/\\\/zapateneo.net\\\/wordpress\\\/#\\\/schema\\\/logo\\\/image\\\/\",\"url\":\"https:\\\/\\\/zapateneo.net\\\/wordpress\\\/wp-content\\\/uploads\\\/2021\\\/04\\\/zap-libu-kolec.jpg\",\"contentUrl\":\"https:\\\/\\\/zapateneo.net\\\/wordpress\\\/wp-content\\\/uploads\\\/2021\\\/04\\\/zap-libu-kolec.jpg\",\"width\":2234,\"height\":398,\"caption\":\"Zapateneo Kultur Elkartea\"},\"image\":{\"@id\":\"https:\\\/\\\/zapateneo.net\\\/wordpress\\\/#\\\/schema\\\/logo\\\/image\\\/\"},\"sameAs\":[\"https:\\\/\\\/x.com\\\/zapateneo\"]}]}<\/script>\n<!-- \/ Yoast SEO plugin. -->","yoast_head_json":{"title":"CREAR EN PELIGRO El trabajo del artista migrante &#8212; Zapateneo","robots":{"index":"index","follow":"follow","max-snippet":"max-snippet:-1","max-image-preview":"max-image-preview:large","max-video-preview":"max-video-preview:-1"},"canonical":"https:\/\/zapateneo.net\/wordpress\/index.php\/producto\/crear-en-peligro-el-trabajo-del-artista-migrante\/","og_locale":"es_ES","og_type":"article","og_title":"CREAR EN PELIGRO El trabajo del artista migrante &#8212; Zapateneo","og_description":"Edwidge Danticat 9789560936219 - Banda propia - 2022 - 202 p\u00e1ginas \/orri.","og_url":"https:\/\/zapateneo.net\/wordpress\/index.php\/producto\/crear-en-peligro-el-trabajo-del-artista-migrante\/","og_site_name":"Zapateneo","article_modified_time":"2023-04-10T18:29:40+00:00","twitter_card":"summary_large_image","twitter_site":"@zapateneo","twitter_misc":{"Tiempo de lectura":"2 minutos"},"schema":{"@context":"https:\/\/schema.org","@graph":[{"@type":"WebPage","@id":"https:\/\/zapateneo.net\/wordpress\/index.php\/producto\/crear-en-peligro-el-trabajo-del-artista-migrante\/","url":"https:\/\/zapateneo.net\/wordpress\/index.php\/producto\/crear-en-peligro-el-trabajo-del-artista-migrante\/","name":"CREAR EN PELIGRO El trabajo del artista migrante &#8212; Zapateneo","isPartOf":{"@id":"https:\/\/zapateneo.net\/wordpress\/#website"},"primaryImageOfPage":{"@id":"https:\/\/zapateneo.net\/wordpress\/index.php\/producto\/crear-en-peligro-el-trabajo-del-artista-migrante\/#primaryimage"},"image":{"@id":"https:\/\/zapateneo.net\/wordpress\/index.php\/producto\/crear-en-peligro-el-trabajo-del-artista-migrante\/#primaryimage"},"thumbnailUrl":"https:\/\/zapateneo.net\/wordpress\/wp-content\/uploads\/2023\/04\/crear-en-peligro-9789560936219.jpg","datePublished":"2023-04-10T18:29:21+00:00","dateModified":"2023-04-10T18:29:40+00:00","breadcrumb":{"@id":"https:\/\/zapateneo.net\/wordpress\/index.php\/producto\/crear-en-peligro-el-trabajo-del-artista-migrante\/#breadcrumb"},"inLanguage":"es","potentialAction":[{"@type":"ReadAction","target":["https:\/\/zapateneo.net\/wordpress\/index.php\/producto\/crear-en-peligro-el-trabajo-del-artista-migrante\/"]}]},{"@type":"ImageObject","inLanguage":"es","@id":"https:\/\/zapateneo.net\/wordpress\/index.php\/producto\/crear-en-peligro-el-trabajo-del-artista-migrante\/#primaryimage","url":"https:\/\/zapateneo.net\/wordpress\/wp-content\/uploads\/2023\/04\/crear-en-peligro-9789560936219.jpg","contentUrl":"https:\/\/zapateneo.net\/wordpress\/wp-content\/uploads\/2023\/04\/crear-en-peligro-9789560936219.jpg","width":247,"height":400},{"@type":"BreadcrumbList","@id":"https:\/\/zapateneo.net\/wordpress\/index.php\/producto\/crear-en-peligro-el-trabajo-del-artista-migrante\/#breadcrumb","itemListElement":[{"@type":"ListItem","position":1,"name":"Portada","item":"https:\/\/zapateneo.net\/wordpress\/"},{"@type":"ListItem","position":2,"name":"Tienda","item":"https:\/\/zapateneo.net\/wordpress\/"},{"@type":"ListItem","position":3,"name":"CREAR EN PELIGRO El trabajo del artista migrante"}]},{"@type":"WebSite","@id":"https:\/\/zapateneo.net\/wordpress\/#website","url":"https:\/\/zapateneo.net\/wordpress\/","name":"Zapateneo","description":"Zapateneoaren webgunea","publisher":{"@id":"https:\/\/zapateneo.net\/wordpress\/#organization"},"potentialAction":[{"@type":"SearchAction","target":{"@type":"EntryPoint","urlTemplate":"https:\/\/zapateneo.net\/wordpress\/?s={search_term_string}"},"query-input":{"@type":"PropertyValueSpecification","valueRequired":true,"valueName":"search_term_string"}}],"inLanguage":"es"},{"@type":"Organization","@id":"https:\/\/zapateneo.net\/wordpress\/#organization","name":"Zapateneo Kultur Elkartea","url":"https:\/\/zapateneo.net\/wordpress\/","logo":{"@type":"ImageObject","inLanguage":"es","@id":"https:\/\/zapateneo.net\/wordpress\/#\/schema\/logo\/image\/","url":"https:\/\/zapateneo.net\/wordpress\/wp-content\/uploads\/2021\/04\/zap-libu-kolec.jpg","contentUrl":"https:\/\/zapateneo.net\/wordpress\/wp-content\/uploads\/2021\/04\/zap-libu-kolec.jpg","width":2234,"height":398,"caption":"Zapateneo Kultur Elkartea"},"image":{"@id":"https:\/\/zapateneo.net\/wordpress\/#\/schema\/logo\/image\/"},"sameAs":["https:\/\/x.com\/zapateneo"]}]}},"_links":{"self":[{"href":"https:\/\/zapateneo.net\/wordpress\/index.php\/wp-json\/wp\/v2\/product\/12716","targetHints":{"allow":["GET"]}}],"collection":[{"href":"https:\/\/zapateneo.net\/wordpress\/index.php\/wp-json\/wp\/v2\/product"}],"about":[{"href":"https:\/\/zapateneo.net\/wordpress\/index.php\/wp-json\/wp\/v2\/types\/product"}],"wp:featuredmedia":[{"embeddable":true,"href":"https:\/\/zapateneo.net\/wordpress\/index.php\/wp-json\/wp\/v2\/media\/12746"}],"wp:attachment":[{"href":"https:\/\/zapateneo.net\/wordpress\/index.php\/wp-json\/wp\/v2\/media?parent=12716"}],"wp:term":[{"taxonomy":"product_brand","embeddable":true,"href":"https:\/\/zapateneo.net\/wordpress\/index.php\/wp-json\/wp\/v2\/product_brand?post=12716"},{"taxonomy":"product_cat","embeddable":true,"href":"https:\/\/zapateneo.net\/wordpress\/index.php\/wp-json\/wp\/v2\/product_cat?post=12716"},{"taxonomy":"product_tag","embeddable":true,"href":"https:\/\/zapateneo.net\/wordpress\/index.php\/wp-json\/wp\/v2\/product_tag?post=12716"}],"curies":[{"name":"wp","href":"https:\/\/api.w.org\/{rel}","templated":true}]}}