{"id":12710,"date":"2023-04-10T19:29:20","date_gmt":"2023-04-10T18:29:20","guid":{"rendered":"https:\/\/zapateneo.net\/wordpress\/?post_type=product&#038;p=12710"},"modified":"2023-04-10T19:29:35","modified_gmt":"2023-04-10T18:29:35","slug":"antimanual-del-mal-historiador-o-como-hacer-hoy-una-buena-historia-critica","status":"publish","type":"product","link":"https:\/\/zapateneo.net\/wordpress\/index.php\/producto\/antimanual-del-mal-historiador-o-como-hacer-hoy-una-buena-historia-critica\/","title":{"rendered":"ANTIMANUAL DEL MAL HISTORIADOR O \u00bfc\u00f3mo hacer hoy una buena historia cr\u00edtica?"},"content":{"rendered":"<p>\u00bfQu\u00e9 tipo de historia queremos hacer? Con esta interpelaci\u00f3n como hilo conductor, Aguirre Rojas nos invita a reflexionar sobre dicha disciplina hoy, anim\u00e1ndonos a reescribirla de un modo totalmente diferente, criticando todas las historias y memorias oficiales. Con una clara intencionalidad pedag\u00f3gica, simplificando las ideas pero sin atentar contra la complejidad del conocimiento hist\u00f3rico, el autor nos lleva por la reconstrucci\u00f3n de las principales corrientes historiogr\u00e1ficas del siglo XX, teniendo como fundamentos el an\u00e1lisis de la Historia Cr\u00edtica propuesta por Marx y relevando los aportes de la Escuela de los Annales, as\u00ed como las corrientes post 1968 que nacieron desde ambas influencias: la Historia Social de la Cultura, la Historia desde Abajo o marxista-brit\u00e1nica, la Microhistoria italiana y el An\u00e1lisis del Sistema-Mundo Capita\u00adlista.<\/p>\n<p>Desde estas reconstrucciones que permiten comprender las m\u00faltiples temporalidades que componen el tiempo hist\u00f3rico, el autor propone englobar las disciplinas en una ciencia social que derribe los muros que han delimitado y hecho competir a las ciencias sociales, dialogando entre ellas solo como ciencias auxiliares. Por ello plantea una historia global o una Unidisciplina, una ciencia social que englobe las problem\u00e1ticas multidimensionales que posee y componen la realidad misma, una forma de construcci\u00f3n del conocimiento global.<\/p>\n<p>Carlos Antonio Aguirre Rojas Investigador titular del Instituto de Investigaciones Sociales de la UNAM, con estudios en Econom\u00eda e Historia. Es director de la revista Contrahistorias, la otra mirada de Cl\u00edo, desde el 2003, y miembro del Sistema Nacional de Investigadores de M\u00e9xico desde 1988. Fue nombrado Premio Universidad Nacional en el \u00c1rea de Investigaci\u00f3n en Ciencias Sociales en 2013. Prol\u00edfico autor de libros y art\u00edculos, encontramos entre sus publicaciones \u201cMicrohistoria Italiana. Modo de Empleo\u201d (2009), \u201cAntimanual del mal Historiador\u201d (2002), \u201cMovimientos Antisist\u00e9micos. Pensar lo antisist\u00e9mico en el siglo XXI\u201d (2010), \u201cAm\u00e9rica Latina en la encrucijada\u201d (2005) y \u201cContrahistoria de la Revoluci\u00f3n Mexicana\u201d (2009). Sus libros han nacido en distintas partes del mundo, a trav\u00e9s de grandes y (mucho m\u00e1s) peque\u00f1as editoriales de M\u00e9xico, Guatemala, Cuba, Colombia, Venezuela, Argentina, Brasil, pero tambi\u00e9n en China, Italia, Francia, Alemania, Rusia, Espa\u00f1a, Hungr\u00eda, entre otras.<\/p>\n","protected":false},"excerpt":{"rendered":"<p><strong>Carlos Antonio Aguirre Rojas<\/strong><br \/>\n9789200723131 &#8211; Quimant\u00fa &#8211; 2022 &#8211; 198 p\u00e1ginas \/orri.<\/p>\n","protected":false},"featured_media":12740,"template":"","meta":[],"product_brand":[],"product_cat":[185,16],"product_tag":[5943,5942],"class_list":{"0":"post-12710","1":"product","2":"type-product","3":"status-publish","4":"has-post-thumbnail","6":"product_cat-historia","7":"product_cat-libros","8":"product_tag-carlos-antonio-aguirre-rojas","9":"product_tag-quimantu","11":"first","12":"instock","13":"sold-individually","14":"shipping-taxable","15":"purchasable","16":"product-type-simple"},"yoast_head":"<!-- This site is optimized with the Yoast SEO plugin v27.3 - https:\/\/yoast.com\/product\/yoast-seo-wordpress\/ -->\n<title>ANTIMANUAL DEL MAL HISTORIADOR O \u00bfc\u00f3mo hacer hoy una buena historia cr\u00edtica? &#8212; Zapateneo<\/title>\n<meta name=\"robots\" content=\"index, follow, max-snippet:-1, max-image-preview:large, max-video-preview:-1\" \/>\n<link rel=\"canonical\" href=\"https:\/\/zapateneo.net\/wordpress\/index.php\/producto\/antimanual-del-mal-historiador-o-como-hacer-hoy-una-buena-historia-critica\/\" \/>\n<meta property=\"og:locale\" content=\"es_ES\" \/>\n<meta property=\"og:type\" content=\"article\" \/>\n<meta property=\"og:title\" content=\"ANTIMANUAL DEL MAL HISTORIADOR O \u00bfc\u00f3mo hacer hoy una buena historia cr\u00edtica? &#8212; Zapateneo\" \/>\n<meta property=\"og:description\" content=\"Carlos Antonio Aguirre Rojas 9789200723131 - Quimant\u00fa - 2022 - 198 p\u00e1ginas \/orri.\" \/>\n<meta property=\"og:url\" content=\"https:\/\/zapateneo.net\/wordpress\/index.php\/producto\/antimanual-del-mal-historiador-o-como-hacer-hoy-una-buena-historia-critica\/\" \/>\n<meta property=\"og:site_name\" content=\"Zapateneo\" \/>\n<meta property=\"article:modified_time\" content=\"2023-04-10T18:29:35+00:00\" \/>\n<meta name=\"twitter:card\" content=\"summary_large_image\" \/>\n<meta name=\"twitter:site\" content=\"@zapateneo\" \/>\n<meta name=\"twitter:label1\" content=\"Tiempo de lectura\" \/>\n\t<meta name=\"twitter:data1\" content=\"2 minutos\" \/>\n<script type=\"application\/ld+json\" class=\"yoast-schema-graph\">{\"@context\":\"https:\\\/\\\/schema.org\",\"@graph\":[{\"@type\":\"WebPage\",\"@id\":\"https:\\\/\\\/zapateneo.net\\\/wordpress\\\/index.php\\\/producto\\\/antimanual-del-mal-historiador-o-como-hacer-hoy-una-buena-historia-critica\\\/\",\"url\":\"https:\\\/\\\/zapateneo.net\\\/wordpress\\\/index.php\\\/producto\\\/antimanual-del-mal-historiador-o-como-hacer-hoy-una-buena-historia-critica\\\/\",\"name\":\"ANTIMANUAL DEL MAL HISTORIADOR O \u00bfc\u00f3mo hacer hoy una buena historia cr\u00edtica? &#8212; Zapateneo\",\"isPartOf\":{\"@id\":\"https:\\\/\\\/zapateneo.net\\\/wordpress\\\/#website\"},\"primaryImageOfPage\":{\"@id\":\"https:\\\/\\\/zapateneo.net\\\/wordpress\\\/index.php\\\/producto\\\/antimanual-del-mal-historiador-o-como-hacer-hoy-una-buena-historia-critica\\\/#primaryimage\"},\"image\":{\"@id\":\"https:\\\/\\\/zapateneo.net\\\/wordpress\\\/index.php\\\/producto\\\/antimanual-del-mal-historiador-o-como-hacer-hoy-una-buena-historia-critica\\\/#primaryimage\"},\"thumbnailUrl\":\"https:\\\/\\\/zapateneo.net\\\/wordpress\\\/wp-content\\\/uploads\\\/2023\\\/04\\\/antimanual-del-mal-historiador-9789200723131.jpg\",\"datePublished\":\"2023-04-10T18:29:20+00:00\",\"dateModified\":\"2023-04-10T18:29:35+00:00\",\"breadcrumb\":{\"@id\":\"https:\\\/\\\/zapateneo.net\\\/wordpress\\\/index.php\\\/producto\\\/antimanual-del-mal-historiador-o-como-hacer-hoy-una-buena-historia-critica\\\/#breadcrumb\"},\"inLanguage\":\"es\",\"potentialAction\":[{\"@type\":\"ReadAction\",\"target\":[\"https:\\\/\\\/zapateneo.net\\\/wordpress\\\/index.php\\\/producto\\\/antimanual-del-mal-historiador-o-como-hacer-hoy-una-buena-historia-critica\\\/\"]}]},{\"@type\":\"ImageObject\",\"inLanguage\":\"es\",\"@id\":\"https:\\\/\\\/zapateneo.net\\\/wordpress\\\/index.php\\\/producto\\\/antimanual-del-mal-historiador-o-como-hacer-hoy-una-buena-historia-critica\\\/#primaryimage\",\"url\":\"https:\\\/\\\/zapateneo.net\\\/wordpress\\\/wp-content\\\/uploads\\\/2023\\\/04\\\/antimanual-del-mal-historiador-9789200723131.jpg\",\"contentUrl\":\"https:\\\/\\\/zapateneo.net\\\/wordpress\\\/wp-content\\\/uploads\\\/2023\\\/04\\\/antimanual-del-mal-historiador-9789200723131.jpg\",\"width\":283,\"height\":400},{\"@type\":\"BreadcrumbList\",\"@id\":\"https:\\\/\\\/zapateneo.net\\\/wordpress\\\/index.php\\\/producto\\\/antimanual-del-mal-historiador-o-como-hacer-hoy-una-buena-historia-critica\\\/#breadcrumb\",\"itemListElement\":[{\"@type\":\"ListItem\",\"position\":1,\"name\":\"Portada\",\"item\":\"https:\\\/\\\/zapateneo.net\\\/wordpress\\\/\"},{\"@type\":\"ListItem\",\"position\":2,\"name\":\"Tienda\",\"item\":\"https:\\\/\\\/zapateneo.net\\\/wordpress\\\/\"},{\"@type\":\"ListItem\",\"position\":3,\"name\":\"ANTIMANUAL DEL MAL HISTORIADOR O \u00bfc\u00f3mo hacer hoy una buena historia cr\u00edtica?\"}]},{\"@type\":\"WebSite\",\"@id\":\"https:\\\/\\\/zapateneo.net\\\/wordpress\\\/#website\",\"url\":\"https:\\\/\\\/zapateneo.net\\\/wordpress\\\/\",\"name\":\"Zapateneo\",\"description\":\"Zapateneoaren webgunea\",\"publisher\":{\"@id\":\"https:\\\/\\\/zapateneo.net\\\/wordpress\\\/#organization\"},\"potentialAction\":[{\"@type\":\"SearchAction\",\"target\":{\"@type\":\"EntryPoint\",\"urlTemplate\":\"https:\\\/\\\/zapateneo.net\\\/wordpress\\\/?s={search_term_string}\"},\"query-input\":{\"@type\":\"PropertyValueSpecification\",\"valueRequired\":true,\"valueName\":\"search_term_string\"}}],\"inLanguage\":\"es\"},{\"@type\":\"Organization\",\"@id\":\"https:\\\/\\\/zapateneo.net\\\/wordpress\\\/#organization\",\"name\":\"Zapateneo Kultur Elkartea\",\"url\":\"https:\\\/\\\/zapateneo.net\\\/wordpress\\\/\",\"logo\":{\"@type\":\"ImageObject\",\"inLanguage\":\"es\",\"@id\":\"https:\\\/\\\/zapateneo.net\\\/wordpress\\\/#\\\/schema\\\/logo\\\/image\\\/\",\"url\":\"https:\\\/\\\/zapateneo.net\\\/wordpress\\\/wp-content\\\/uploads\\\/2021\\\/04\\\/zap-libu-kolec.jpg\",\"contentUrl\":\"https:\\\/\\\/zapateneo.net\\\/wordpress\\\/wp-content\\\/uploads\\\/2021\\\/04\\\/zap-libu-kolec.jpg\",\"width\":2234,\"height\":398,\"caption\":\"Zapateneo Kultur Elkartea\"},\"image\":{\"@id\":\"https:\\\/\\\/zapateneo.net\\\/wordpress\\\/#\\\/schema\\\/logo\\\/image\\\/\"},\"sameAs\":[\"https:\\\/\\\/x.com\\\/zapateneo\"]}]}<\/script>\n<!-- \/ Yoast SEO plugin. -->","yoast_head_json":{"title":"ANTIMANUAL DEL MAL HISTORIADOR O \u00bfc\u00f3mo hacer hoy una buena historia cr\u00edtica? &#8212; Zapateneo","robots":{"index":"index","follow":"follow","max-snippet":"max-snippet:-1","max-image-preview":"max-image-preview:large","max-video-preview":"max-video-preview:-1"},"canonical":"https:\/\/zapateneo.net\/wordpress\/index.php\/producto\/antimanual-del-mal-historiador-o-como-hacer-hoy-una-buena-historia-critica\/","og_locale":"es_ES","og_type":"article","og_title":"ANTIMANUAL DEL MAL HISTORIADOR O \u00bfc\u00f3mo hacer hoy una buena historia cr\u00edtica? &#8212; Zapateneo","og_description":"Carlos Antonio Aguirre Rojas 9789200723131 - Quimant\u00fa - 2022 - 198 p\u00e1ginas \/orri.","og_url":"https:\/\/zapateneo.net\/wordpress\/index.php\/producto\/antimanual-del-mal-historiador-o-como-hacer-hoy-una-buena-historia-critica\/","og_site_name":"Zapateneo","article_modified_time":"2023-04-10T18:29:35+00:00","twitter_card":"summary_large_image","twitter_site":"@zapateneo","twitter_misc":{"Tiempo de lectura":"2 minutos"},"schema":{"@context":"https:\/\/schema.org","@graph":[{"@type":"WebPage","@id":"https:\/\/zapateneo.net\/wordpress\/index.php\/producto\/antimanual-del-mal-historiador-o-como-hacer-hoy-una-buena-historia-critica\/","url":"https:\/\/zapateneo.net\/wordpress\/index.php\/producto\/antimanual-del-mal-historiador-o-como-hacer-hoy-una-buena-historia-critica\/","name":"ANTIMANUAL DEL MAL HISTORIADOR O \u00bfc\u00f3mo hacer hoy una buena historia cr\u00edtica? &#8212; Zapateneo","isPartOf":{"@id":"https:\/\/zapateneo.net\/wordpress\/#website"},"primaryImageOfPage":{"@id":"https:\/\/zapateneo.net\/wordpress\/index.php\/producto\/antimanual-del-mal-historiador-o-como-hacer-hoy-una-buena-historia-critica\/#primaryimage"},"image":{"@id":"https:\/\/zapateneo.net\/wordpress\/index.php\/producto\/antimanual-del-mal-historiador-o-como-hacer-hoy-una-buena-historia-critica\/#primaryimage"},"thumbnailUrl":"https:\/\/zapateneo.net\/wordpress\/wp-content\/uploads\/2023\/04\/antimanual-del-mal-historiador-9789200723131.jpg","datePublished":"2023-04-10T18:29:20+00:00","dateModified":"2023-04-10T18:29:35+00:00","breadcrumb":{"@id":"https:\/\/zapateneo.net\/wordpress\/index.php\/producto\/antimanual-del-mal-historiador-o-como-hacer-hoy-una-buena-historia-critica\/#breadcrumb"},"inLanguage":"es","potentialAction":[{"@type":"ReadAction","target":["https:\/\/zapateneo.net\/wordpress\/index.php\/producto\/antimanual-del-mal-historiador-o-como-hacer-hoy-una-buena-historia-critica\/"]}]},{"@type":"ImageObject","inLanguage":"es","@id":"https:\/\/zapateneo.net\/wordpress\/index.php\/producto\/antimanual-del-mal-historiador-o-como-hacer-hoy-una-buena-historia-critica\/#primaryimage","url":"https:\/\/zapateneo.net\/wordpress\/wp-content\/uploads\/2023\/04\/antimanual-del-mal-historiador-9789200723131.jpg","contentUrl":"https:\/\/zapateneo.net\/wordpress\/wp-content\/uploads\/2023\/04\/antimanual-del-mal-historiador-9789200723131.jpg","width":283,"height":400},{"@type":"BreadcrumbList","@id":"https:\/\/zapateneo.net\/wordpress\/index.php\/producto\/antimanual-del-mal-historiador-o-como-hacer-hoy-una-buena-historia-critica\/#breadcrumb","itemListElement":[{"@type":"ListItem","position":1,"name":"Portada","item":"https:\/\/zapateneo.net\/wordpress\/"},{"@type":"ListItem","position":2,"name":"Tienda","item":"https:\/\/zapateneo.net\/wordpress\/"},{"@type":"ListItem","position":3,"name":"ANTIMANUAL DEL MAL HISTORIADOR O \u00bfc\u00f3mo hacer hoy una buena historia cr\u00edtica?"}]},{"@type":"WebSite","@id":"https:\/\/zapateneo.net\/wordpress\/#website","url":"https:\/\/zapateneo.net\/wordpress\/","name":"Zapateneo","description":"Zapateneoaren webgunea","publisher":{"@id":"https:\/\/zapateneo.net\/wordpress\/#organization"},"potentialAction":[{"@type":"SearchAction","target":{"@type":"EntryPoint","urlTemplate":"https:\/\/zapateneo.net\/wordpress\/?s={search_term_string}"},"query-input":{"@type":"PropertyValueSpecification","valueRequired":true,"valueName":"search_term_string"}}],"inLanguage":"es"},{"@type":"Organization","@id":"https:\/\/zapateneo.net\/wordpress\/#organization","name":"Zapateneo Kultur Elkartea","url":"https:\/\/zapateneo.net\/wordpress\/","logo":{"@type":"ImageObject","inLanguage":"es","@id":"https:\/\/zapateneo.net\/wordpress\/#\/schema\/logo\/image\/","url":"https:\/\/zapateneo.net\/wordpress\/wp-content\/uploads\/2021\/04\/zap-libu-kolec.jpg","contentUrl":"https:\/\/zapateneo.net\/wordpress\/wp-content\/uploads\/2021\/04\/zap-libu-kolec.jpg","width":2234,"height":398,"caption":"Zapateneo Kultur Elkartea"},"image":{"@id":"https:\/\/zapateneo.net\/wordpress\/#\/schema\/logo\/image\/"},"sameAs":["https:\/\/x.com\/zapateneo"]}]}},"_links":{"self":[{"href":"https:\/\/zapateneo.net\/wordpress\/index.php\/wp-json\/wp\/v2\/product\/12710","targetHints":{"allow":["GET"]}}],"collection":[{"href":"https:\/\/zapateneo.net\/wordpress\/index.php\/wp-json\/wp\/v2\/product"}],"about":[{"href":"https:\/\/zapateneo.net\/wordpress\/index.php\/wp-json\/wp\/v2\/types\/product"}],"wp:featuredmedia":[{"embeddable":true,"href":"https:\/\/zapateneo.net\/wordpress\/index.php\/wp-json\/wp\/v2\/media\/12740"}],"wp:attachment":[{"href":"https:\/\/zapateneo.net\/wordpress\/index.php\/wp-json\/wp\/v2\/media?parent=12710"}],"wp:term":[{"taxonomy":"product_brand","embeddable":true,"href":"https:\/\/zapateneo.net\/wordpress\/index.php\/wp-json\/wp\/v2\/product_brand?post=12710"},{"taxonomy":"product_cat","embeddable":true,"href":"https:\/\/zapateneo.net\/wordpress\/index.php\/wp-json\/wp\/v2\/product_cat?post=12710"},{"taxonomy":"product_tag","embeddable":true,"href":"https:\/\/zapateneo.net\/wordpress\/index.php\/wp-json\/wp\/v2\/product_tag?post=12710"}],"curies":[{"name":"wp","href":"https:\/\/api.w.org\/{rel}","templated":true}]}}