{"id":12709,"date":"2023-04-10T19:29:19","date_gmt":"2023-04-10T18:29:19","guid":{"rendered":"https:\/\/zapateneo.net\/wordpress\/?post_type=product&#038;p=12709"},"modified":"2023-04-10T19:29:34","modified_gmt":"2023-04-10T18:29:34","slug":"feminismos-territoriales-hacia-una-pedagogia-feminista","status":"publish","type":"product","link":"https:\/\/zapateneo.net\/wordpress\/index.php\/producto\/feminismos-territoriales-hacia-una-pedagogia-feminista\/","title":{"rendered":"FEMINISMOS TERRITORIALES Hacia una pedagog\u00eda feminista"},"content":{"rendered":"<p>\u00abLeer estos textos y entrevistas es tambi\u00e9n un tremendo ejercicio de memoria que nos alerta sobre la necesidad de nutrir nuestro quehacer con conceptos y teor\u00edas que van naciendo desde nuestros propios cuerpos*territorios. Rescatar la oralidad de nuestras luchas y sistematizarlas nos vuelve reflexivas y nos da la posibilidad de salir del tareismo que tanto atrapa y que a veces nos roba la claridad estrat\u00e9gica de nuestro caminar: muchas veces o no vemos la importancia hist\u00f3rica del registro o viendo esta importancia, el mismo tareismo excluye la s\u00edntesis y divulgaci\u00f3n de nuestras experiencias como un \u00edtem prioritario en nuestras organizaciones y\/o comunidades; por lo tanto, he aqu\u00ed un nuevo valor de esta compilaci\u00f3n, pues nos planta un riqu\u00edsimo jard\u00edn florido de conceptos dispuestos para fertilizar las rebeld\u00edas y resistencias anticapitalistas, anticoloniales y antipatriarcales que cada una de nosotras est\u00e1 sosteniendo en su territorio.<\/p>\n<p>\u00bbPor lo tanto, al avanzar en la lectura se va realizando un ejercicio de despatriarcalizaci\u00f3n del mismo feminismo, pues aparece e irrumpe el valor y la gracia de lo plural de nuestros cuerpos*territorios, de nuestros territorios y de los conceptos y propuestas que nacen de la conjunci\u00f3n de ambos. Es tan placentero el viaje que se realiza por estas p\u00e1ginas que incluso aparecen tensiones tan cl\u00e1sicas como la posibilidad\/imposibilidad de hacer la lucha feminista desde organizaciones de izquierda, revolucionarias o mixtas (las historias de las compa\u00f1eras de las revoluciones cubana y venezolana se inscriben aqu\u00ed) o se devela la desconfianza que muchas feministas de clase a\u00fan tienen de las luchas travestis o transexuales (recomendado e imprescindible es el texto de Las Innombradas).<\/p>\n<p>\u00bbDespatriarcalizar el feminismo es entonces, volverlo a lo plural de los territorios y a lo diverso de las vidas de las mujeres, pues as\u00ed, habr\u00e1n tantos feminismos como formas de entenderse mujer dentro una clase o de un pueblo y habr\u00e1n tantas estrategias y t\u00e1cticas como problemas que agobian a la vida de las mujeres y por ende, es un tanto dif\u00edcil y arrogante imponer agendas de luchas o calendarios de movilizaci\u00f3n a quien no lo siente como urgente y prioritario, por eso es tan dulce y desobediente renunciar al ideario colonial y abandonar las ganas de que todo se vuelva homog\u00e9neo, incluso nuestro Movimiento, pues nuestra heterogeneidad surge como la rebeld\u00eda de los A VECES en el cuento de los SIEMPRE y los NUNCA del Subcomandante Marcos, hoy Galeano, como las compa\u00f1eras del MST y Dar\u00edo Santill\u00e1n desde el campo y la ciudad van siendo escuela unas de otras sin el af\u00e1n de que todas sientan*piensen*hagan igual. Tenemos diferencias. Somos distintas y no siempre somos c\u00e1lidas en las cr\u00edticas, pero no por ello dejamos de ser sororas, por eso, este texto es una invitaci\u00f3n a leer la palabra vivida por las otras, sin juzgar de manera colonial y patriarcal las estrategias y t\u00e1cticas que cada una tom\u00f3 para sobrevivir en un mundo que a todas luces nos quiere a todas muertas.<\/p>\n<p>\u00bbNo queremos ni vamos a coincidir en todo, pero vamos a ser espejos de unas y otras y en ese reflejo, muchas veces no nos gustar\u00e1 lo que vemos y capaz que se evidencie lo limitadas que estamos por ese feminismo que tanto decimos rechazar o capaz que se refleje qu\u00e9 tan liberales estamos siendo dentro de nuestros propios feminismos o qu\u00e9 tan colonialistas somos con aquellas mujeres que no se declaran feministas o quiz\u00e1s se muestre qu\u00e9 tan patriarcales estamos siendo en la forma en que construimos relaciones con otros movimientos y otros cuerpos que hoy est\u00e1n tambi\u00e9n por la defensa de la vida frente a la maquinaria de muerte Capital y Patriarcal \u00a1capaz que todo eso se devele al concluir la lecturas de estas p\u00e1ginas, pero hay algo m\u00e1s, hay otro reflejo m\u00e1s!\u00bb<\/p>\n","protected":false},"excerpt":{"rendered":"<p><strong>Claudia Korol<\/strong><br \/>\n9789200720529 &#8211; Quimant\u00fa &#8211; 2022 &#8211; 310 p\u00e1ginas \/orri.<\/p>\n","protected":false},"featured_media":12739,"template":"","meta":[],"product_brand":[],"product_cat":[174,16],"product_tag":[5941,5942],"class_list":{"0":"post-12709","1":"product","2":"type-product","3":"status-publish","4":"has-post-thumbnail","6":"product_cat-generoak-generos","7":"product_cat-libros","8":"product_tag-claudia-korol","9":"product_tag-quimantu","11":"first","12":"instock","13":"sold-individually","14":"shipping-taxable","15":"purchasable","16":"product-type-simple"},"yoast_head":"<!-- This site is optimized with the Yoast SEO plugin v27.3 - https:\/\/yoast.com\/product\/yoast-seo-wordpress\/ -->\n<title>FEMINISMOS TERRITORIALES Hacia una pedagog\u00eda feminista &#8212; Zapateneo<\/title>\n<meta name=\"robots\" content=\"index, follow, max-snippet:-1, max-image-preview:large, max-video-preview:-1\" \/>\n<link rel=\"canonical\" href=\"https:\/\/zapateneo.net\/wordpress\/index.php\/producto\/feminismos-territoriales-hacia-una-pedagogia-feminista\/\" \/>\n<meta property=\"og:locale\" content=\"es_ES\" \/>\n<meta property=\"og:type\" content=\"article\" \/>\n<meta property=\"og:title\" content=\"FEMINISMOS TERRITORIALES Hacia una pedagog\u00eda feminista &#8212; Zapateneo\" \/>\n<meta property=\"og:description\" content=\"Claudia Korol 9789200720529 - Quimant\u00fa - 2022 - 310 p\u00e1ginas \/orri.\" \/>\n<meta property=\"og:url\" content=\"https:\/\/zapateneo.net\/wordpress\/index.php\/producto\/feminismos-territoriales-hacia-una-pedagogia-feminista\/\" \/>\n<meta property=\"og:site_name\" content=\"Zapateneo\" \/>\n<meta property=\"article:modified_time\" content=\"2023-04-10T18:29:34+00:00\" \/>\n<meta name=\"twitter:card\" content=\"summary_large_image\" \/>\n<meta name=\"twitter:site\" content=\"@zapateneo\" \/>\n<meta name=\"twitter:label1\" content=\"Tiempo de lectura\" \/>\n\t<meta name=\"twitter:data1\" content=\"3 minutos\" \/>\n<script type=\"application\/ld+json\" class=\"yoast-schema-graph\">{\"@context\":\"https:\\\/\\\/schema.org\",\"@graph\":[{\"@type\":\"WebPage\",\"@id\":\"https:\\\/\\\/zapateneo.net\\\/wordpress\\\/index.php\\\/producto\\\/feminismos-territoriales-hacia-una-pedagogia-feminista\\\/\",\"url\":\"https:\\\/\\\/zapateneo.net\\\/wordpress\\\/index.php\\\/producto\\\/feminismos-territoriales-hacia-una-pedagogia-feminista\\\/\",\"name\":\"FEMINISMOS TERRITORIALES Hacia una pedagog\u00eda feminista &#8212; Zapateneo\",\"isPartOf\":{\"@id\":\"https:\\\/\\\/zapateneo.net\\\/wordpress\\\/#website\"},\"primaryImageOfPage\":{\"@id\":\"https:\\\/\\\/zapateneo.net\\\/wordpress\\\/index.php\\\/producto\\\/feminismos-territoriales-hacia-una-pedagogia-feminista\\\/#primaryimage\"},\"image\":{\"@id\":\"https:\\\/\\\/zapateneo.net\\\/wordpress\\\/index.php\\\/producto\\\/feminismos-territoriales-hacia-una-pedagogia-feminista\\\/#primaryimage\"},\"thumbnailUrl\":\"https:\\\/\\\/zapateneo.net\\\/wordpress\\\/wp-content\\\/uploads\\\/2023\\\/04\\\/feminismos-territoriales-9789200720529.jpg\",\"datePublished\":\"2023-04-10T18:29:19+00:00\",\"dateModified\":\"2023-04-10T18:29:34+00:00\",\"breadcrumb\":{\"@id\":\"https:\\\/\\\/zapateneo.net\\\/wordpress\\\/index.php\\\/producto\\\/feminismos-territoriales-hacia-una-pedagogia-feminista\\\/#breadcrumb\"},\"inLanguage\":\"es\",\"potentialAction\":[{\"@type\":\"ReadAction\",\"target\":[\"https:\\\/\\\/zapateneo.net\\\/wordpress\\\/index.php\\\/producto\\\/feminismos-territoriales-hacia-una-pedagogia-feminista\\\/\"]}]},{\"@type\":\"ImageObject\",\"inLanguage\":\"es\",\"@id\":\"https:\\\/\\\/zapateneo.net\\\/wordpress\\\/index.php\\\/producto\\\/feminismos-territoriales-hacia-una-pedagogia-feminista\\\/#primaryimage\",\"url\":\"https:\\\/\\\/zapateneo.net\\\/wordpress\\\/wp-content\\\/uploads\\\/2023\\\/04\\\/feminismos-territoriales-9789200720529.jpg\",\"contentUrl\":\"https:\\\/\\\/zapateneo.net\\\/wordpress\\\/wp-content\\\/uploads\\\/2023\\\/04\\\/feminismos-territoriales-9789200720529.jpg\",\"width\":285,\"height\":400},{\"@type\":\"BreadcrumbList\",\"@id\":\"https:\\\/\\\/zapateneo.net\\\/wordpress\\\/index.php\\\/producto\\\/feminismos-territoriales-hacia-una-pedagogia-feminista\\\/#breadcrumb\",\"itemListElement\":[{\"@type\":\"ListItem\",\"position\":1,\"name\":\"Portada\",\"item\":\"https:\\\/\\\/zapateneo.net\\\/wordpress\\\/\"},{\"@type\":\"ListItem\",\"position\":2,\"name\":\"Tienda\",\"item\":\"https:\\\/\\\/zapateneo.net\\\/wordpress\\\/\"},{\"@type\":\"ListItem\",\"position\":3,\"name\":\"FEMINISMOS TERRITORIALES Hacia una pedagog\u00eda feminista\"}]},{\"@type\":\"WebSite\",\"@id\":\"https:\\\/\\\/zapateneo.net\\\/wordpress\\\/#website\",\"url\":\"https:\\\/\\\/zapateneo.net\\\/wordpress\\\/\",\"name\":\"Zapateneo\",\"description\":\"Zapateneoaren webgunea\",\"publisher\":{\"@id\":\"https:\\\/\\\/zapateneo.net\\\/wordpress\\\/#organization\"},\"potentialAction\":[{\"@type\":\"SearchAction\",\"target\":{\"@type\":\"EntryPoint\",\"urlTemplate\":\"https:\\\/\\\/zapateneo.net\\\/wordpress\\\/?s={search_term_string}\"},\"query-input\":{\"@type\":\"PropertyValueSpecification\",\"valueRequired\":true,\"valueName\":\"search_term_string\"}}],\"inLanguage\":\"es\"},{\"@type\":\"Organization\",\"@id\":\"https:\\\/\\\/zapateneo.net\\\/wordpress\\\/#organization\",\"name\":\"Zapateneo Kultur Elkartea\",\"url\":\"https:\\\/\\\/zapateneo.net\\\/wordpress\\\/\",\"logo\":{\"@type\":\"ImageObject\",\"inLanguage\":\"es\",\"@id\":\"https:\\\/\\\/zapateneo.net\\\/wordpress\\\/#\\\/schema\\\/logo\\\/image\\\/\",\"url\":\"https:\\\/\\\/zapateneo.net\\\/wordpress\\\/wp-content\\\/uploads\\\/2021\\\/04\\\/zap-libu-kolec.jpg\",\"contentUrl\":\"https:\\\/\\\/zapateneo.net\\\/wordpress\\\/wp-content\\\/uploads\\\/2021\\\/04\\\/zap-libu-kolec.jpg\",\"width\":2234,\"height\":398,\"caption\":\"Zapateneo Kultur Elkartea\"},\"image\":{\"@id\":\"https:\\\/\\\/zapateneo.net\\\/wordpress\\\/#\\\/schema\\\/logo\\\/image\\\/\"},\"sameAs\":[\"https:\\\/\\\/x.com\\\/zapateneo\"]}]}<\/script>\n<!-- \/ Yoast SEO plugin. -->","yoast_head_json":{"title":"FEMINISMOS TERRITORIALES Hacia una pedagog\u00eda feminista &#8212; Zapateneo","robots":{"index":"index","follow":"follow","max-snippet":"max-snippet:-1","max-image-preview":"max-image-preview:large","max-video-preview":"max-video-preview:-1"},"canonical":"https:\/\/zapateneo.net\/wordpress\/index.php\/producto\/feminismos-territoriales-hacia-una-pedagogia-feminista\/","og_locale":"es_ES","og_type":"article","og_title":"FEMINISMOS TERRITORIALES Hacia una pedagog\u00eda feminista &#8212; Zapateneo","og_description":"Claudia Korol 9789200720529 - Quimant\u00fa - 2022 - 310 p\u00e1ginas \/orri.","og_url":"https:\/\/zapateneo.net\/wordpress\/index.php\/producto\/feminismos-territoriales-hacia-una-pedagogia-feminista\/","og_site_name":"Zapateneo","article_modified_time":"2023-04-10T18:29:34+00:00","twitter_card":"summary_large_image","twitter_site":"@zapateneo","twitter_misc":{"Tiempo de lectura":"3 minutos"},"schema":{"@context":"https:\/\/schema.org","@graph":[{"@type":"WebPage","@id":"https:\/\/zapateneo.net\/wordpress\/index.php\/producto\/feminismos-territoriales-hacia-una-pedagogia-feminista\/","url":"https:\/\/zapateneo.net\/wordpress\/index.php\/producto\/feminismos-territoriales-hacia-una-pedagogia-feminista\/","name":"FEMINISMOS TERRITORIALES Hacia una pedagog\u00eda feminista &#8212; Zapateneo","isPartOf":{"@id":"https:\/\/zapateneo.net\/wordpress\/#website"},"primaryImageOfPage":{"@id":"https:\/\/zapateneo.net\/wordpress\/index.php\/producto\/feminismos-territoriales-hacia-una-pedagogia-feminista\/#primaryimage"},"image":{"@id":"https:\/\/zapateneo.net\/wordpress\/index.php\/producto\/feminismos-territoriales-hacia-una-pedagogia-feminista\/#primaryimage"},"thumbnailUrl":"https:\/\/zapateneo.net\/wordpress\/wp-content\/uploads\/2023\/04\/feminismos-territoriales-9789200720529.jpg","datePublished":"2023-04-10T18:29:19+00:00","dateModified":"2023-04-10T18:29:34+00:00","breadcrumb":{"@id":"https:\/\/zapateneo.net\/wordpress\/index.php\/producto\/feminismos-territoriales-hacia-una-pedagogia-feminista\/#breadcrumb"},"inLanguage":"es","potentialAction":[{"@type":"ReadAction","target":["https:\/\/zapateneo.net\/wordpress\/index.php\/producto\/feminismos-territoriales-hacia-una-pedagogia-feminista\/"]}]},{"@type":"ImageObject","inLanguage":"es","@id":"https:\/\/zapateneo.net\/wordpress\/index.php\/producto\/feminismos-territoriales-hacia-una-pedagogia-feminista\/#primaryimage","url":"https:\/\/zapateneo.net\/wordpress\/wp-content\/uploads\/2023\/04\/feminismos-territoriales-9789200720529.jpg","contentUrl":"https:\/\/zapateneo.net\/wordpress\/wp-content\/uploads\/2023\/04\/feminismos-territoriales-9789200720529.jpg","width":285,"height":400},{"@type":"BreadcrumbList","@id":"https:\/\/zapateneo.net\/wordpress\/index.php\/producto\/feminismos-territoriales-hacia-una-pedagogia-feminista\/#breadcrumb","itemListElement":[{"@type":"ListItem","position":1,"name":"Portada","item":"https:\/\/zapateneo.net\/wordpress\/"},{"@type":"ListItem","position":2,"name":"Tienda","item":"https:\/\/zapateneo.net\/wordpress\/"},{"@type":"ListItem","position":3,"name":"FEMINISMOS TERRITORIALES Hacia una pedagog\u00eda feminista"}]},{"@type":"WebSite","@id":"https:\/\/zapateneo.net\/wordpress\/#website","url":"https:\/\/zapateneo.net\/wordpress\/","name":"Zapateneo","description":"Zapateneoaren webgunea","publisher":{"@id":"https:\/\/zapateneo.net\/wordpress\/#organization"},"potentialAction":[{"@type":"SearchAction","target":{"@type":"EntryPoint","urlTemplate":"https:\/\/zapateneo.net\/wordpress\/?s={search_term_string}"},"query-input":{"@type":"PropertyValueSpecification","valueRequired":true,"valueName":"search_term_string"}}],"inLanguage":"es"},{"@type":"Organization","@id":"https:\/\/zapateneo.net\/wordpress\/#organization","name":"Zapateneo Kultur Elkartea","url":"https:\/\/zapateneo.net\/wordpress\/","logo":{"@type":"ImageObject","inLanguage":"es","@id":"https:\/\/zapateneo.net\/wordpress\/#\/schema\/logo\/image\/","url":"https:\/\/zapateneo.net\/wordpress\/wp-content\/uploads\/2021\/04\/zap-libu-kolec.jpg","contentUrl":"https:\/\/zapateneo.net\/wordpress\/wp-content\/uploads\/2021\/04\/zap-libu-kolec.jpg","width":2234,"height":398,"caption":"Zapateneo Kultur Elkartea"},"image":{"@id":"https:\/\/zapateneo.net\/wordpress\/#\/schema\/logo\/image\/"},"sameAs":["https:\/\/x.com\/zapateneo"]}]}},"_links":{"self":[{"href":"https:\/\/zapateneo.net\/wordpress\/index.php\/wp-json\/wp\/v2\/product\/12709","targetHints":{"allow":["GET"]}}],"collection":[{"href":"https:\/\/zapateneo.net\/wordpress\/index.php\/wp-json\/wp\/v2\/product"}],"about":[{"href":"https:\/\/zapateneo.net\/wordpress\/index.php\/wp-json\/wp\/v2\/types\/product"}],"wp:featuredmedia":[{"embeddable":true,"href":"https:\/\/zapateneo.net\/wordpress\/index.php\/wp-json\/wp\/v2\/media\/12739"}],"wp:attachment":[{"href":"https:\/\/zapateneo.net\/wordpress\/index.php\/wp-json\/wp\/v2\/media?parent=12709"}],"wp:term":[{"taxonomy":"product_brand","embeddable":true,"href":"https:\/\/zapateneo.net\/wordpress\/index.php\/wp-json\/wp\/v2\/product_brand?post=12709"},{"taxonomy":"product_cat","embeddable":true,"href":"https:\/\/zapateneo.net\/wordpress\/index.php\/wp-json\/wp\/v2\/product_cat?post=12709"},{"taxonomy":"product_tag","embeddable":true,"href":"https:\/\/zapateneo.net\/wordpress\/index.php\/wp-json\/wp\/v2\/product_tag?post=12709"}],"curies":[{"name":"wp","href":"https:\/\/api.w.org\/{rel}","templated":true}]}}