{"id":12705,"date":"2023-04-10T19:29:17","date_gmt":"2023-04-10T18:29:17","guid":{"rendered":"https:\/\/zapateneo.net\/wordpress\/?post_type=product&#038;p=12705"},"modified":"2023-05-05T06:12:30","modified_gmt":"2023-05-05T05:12:30","slug":"esta-guerra-no-termina-en-ucrania","status":"publish","type":"product","link":"https:\/\/zapateneo.net\/wordpress\/index.php\/producto\/esta-guerra-no-termina-en-ucrania\/","title":{"rendered":"ESTA GUERRA NO TERMINA EN UCRANIA"},"content":{"rendered":"<p>Desde comienzos del siglo XX Ucrania ha sido devastada por el capitalismo, la guerra, el fascismo, el antisemitismo, el estalinismo y la energ\u00eda nuclear. Desde 2018, adem\u00e1s, y seg\u00fan los indicadores econ\u00f3micos internacionales, es el pa\u00eds m\u00e1s pobre de Europa. Pero, parafraseando a Magritte, este no es un libro sobre la guerra como g\u00e9nero de ilustraci\u00f3n y comentario militar, geopol\u00edtico o estrat\u00e9gico, sino sobre c\u00f3mo hacer pol\u00edtica emancipadora ante la propaganda y la instauraci\u00f3n de un r\u00e9gimen de guerra continental.<\/p>\n<p>Escrito a lomos del tigre belicista, en una coyuntura impredecible, y con una prosa exuberante, abigarrada y abrasadora, el texto desmonta la tramoya neoliberal, racista, xen\u00f3foba, mis\u00f3gina y LGTBQIf\u00f3bica que sostiene el esfuerzo marcial de ambos bandos. Para ello, y a trav\u00e9s de un despliegue intelectual apabullante, Ra\u00fal S\u00e1nchez Cedillo recorre hist\u00f3rica, geogr\u00e1fica y conceptualmente las relaciones entre guerra moderna, imperios, m\u00e1quinas, derecho internacional, econom\u00eda del sistema-mundo, modo de acumulaci\u00f3n en el espacio postsovi\u00e9tico, Green New Deal, y producciones del campo social. Siempre a trav\u00e9s del prisma de la lucha de clases, siempre a trav\u00e9s del \u00e9xodo y de la b\u00fasqueda del com\u00fan(ismo).<\/p>\n<p>En definitiva, se trata de pensar la guerra en Ucrania desde la perspectiva de las clases subalternas y los chivos expiatorios (siempre en el punto de mira de tropas regulares, consejos de guerra, paramilitares y escuadrones de la muerte): las trabajadoras pobres (minorizadas, racializadas, dom\u00e9sticas o sexuales), el precariado, los migrantes, las minor\u00edas de deseo\/sexuales y de g\u00e9nero, los ind\u00edgenas del planeta, el proletariado cognitivo y de las maquilas, los campesinados mundiales sin tierra y sin agua, las naciones pobres o las minor\u00edas nacionales sin estado. Su voz es la \u00fanica que deber\u00eda interesarnos.<\/p>\n<p>Ra\u00fal S\u00e1nchez Cedillo es un activista, ensayista y traductor nacido en Madrid en 1969. Comenz\u00f3 su actividad pol\u00edtica en el Movimiento Comunista a finales de la d\u00e9cada de 1980, del que saldr\u00eda junto a una decena de militantes como una tendencia por la autonom\u00eda en el periodo de la fallida unificaci\u00f3n con la LCR en 1991. Siempre en colectivo, intervino como insumiso en la campa\u00f1a antimilitarista iniciada en 1989 y, desde 1994, en el movimiento de los centros sociales okupados y autogestionados de Madrid, sobre todo en las experiencias del Laboratorio (1997-2003) en el barrio de Lavapi\u00e9s. Vivi\u00f3 en G\u00e9nova las jornadas contra el G8 de julio de 2001. Particip\u00f3 en la creaci\u00f3n de la Universidad N\u00f3mada en 2001 y, tras la experiencia del 15M y sus secuelas, en la Fundaci\u00f3n de los Comunes en 2011, donde contin\u00faa. Desde principios de la d\u00e9cada de 1990 ha trabajado en sinton\u00eda con las redes del post-operaismo italiano. Ha traducido decenas de t\u00edtulos de la teor\u00eda marxista, feminista y emancipadora global. Ha publicado pr\u00f3logos de libros de Felix Guattari, Antonio Negri y Paolo Virno, as\u00ed como art\u00edculos y ensayos en publicaciones como Posse, Multitudes, Contrapoder, transversal, South Atlantic Quarterly, Diagonal, El Salto, Ctxt, entre otras. Es autor de Lo absoluto de la democracia. Contrapoderes, cuerpos-m\u00e1quina, sistema red transdividual, Subtextos, M\u00e1laga, 2021.<\/p>\n","protected":false},"excerpt":{"rendered":"<p><strong>Ra\u00fal S\u00e1nchez Cedillo<\/strong><br \/>\n9788416946785 &#8211; Katakrak &#8211; 2022 &#8211; 330 p\u00e1ginas \/orri.<\/p>\n","protected":false},"featured_media":12735,"template":"","meta":[],"product_brand":[],"product_cat":[16,173],"product_tag":[5076,508,5938],"class_list":{"0":"post-12705","1":"product","2":"type-product","3":"status-publish","4":"has-post-thumbnail","6":"product_cat-libros","7":"product_cat-saiakera-ensayo","8":"product_tag-antimilitarismo","9":"product_tag-katakrak","10":"product_tag-raul-sanchez-cedillo","12":"first","13":"instock","14":"sold-individually","15":"shipping-taxable","16":"purchasable","17":"product-type-simple"},"yoast_head":"<!-- This site is optimized with the Yoast SEO plugin v27.3 - https:\/\/yoast.com\/product\/yoast-seo-wordpress\/ -->\n<title>ESTA GUERRA NO TERMINA EN UCRANIA &#8212; Zapateneo<\/title>\n<meta name=\"robots\" content=\"index, follow, max-snippet:-1, max-image-preview:large, max-video-preview:-1\" \/>\n<link rel=\"canonical\" href=\"https:\/\/zapateneo.net\/wordpress\/index.php\/producto\/esta-guerra-no-termina-en-ucrania\/\" \/>\n<meta property=\"og:locale\" content=\"es_ES\" \/>\n<meta property=\"og:type\" content=\"article\" \/>\n<meta property=\"og:title\" content=\"ESTA GUERRA NO TERMINA EN UCRANIA &#8212; Zapateneo\" \/>\n<meta property=\"og:description\" content=\"Ra\u00fal S\u00e1nchez Cedillo 9788416946785 - Katakrak - 2022 - 330 p\u00e1ginas \/orri.\" \/>\n<meta property=\"og:url\" content=\"https:\/\/zapateneo.net\/wordpress\/index.php\/producto\/esta-guerra-no-termina-en-ucrania\/\" \/>\n<meta property=\"og:site_name\" content=\"Zapateneo\" \/>\n<meta property=\"article:modified_time\" content=\"2023-05-05T05:12:30+00:00\" \/>\n<meta property=\"og:image\" content=\"https:\/\/zapateneo.net\/wordpress\/wp-content\/uploads\/2023\/04\/esta-guerra-no-termina-en-ucrania-9788416946785.png\" \/>\n\t<meta property=\"og:image:width\" content=\"266\" \/>\n\t<meta property=\"og:image:height\" content=\"400\" \/>\n\t<meta property=\"og:image:type\" content=\"image\/png\" \/>\n<meta name=\"twitter:card\" content=\"summary_large_image\" \/>\n<meta name=\"twitter:site\" content=\"@zapateneo\" \/>\n<meta name=\"twitter:label1\" content=\"Tiempo de lectura\" \/>\n\t<meta name=\"twitter:data1\" content=\"3 minutos\" \/>\n<script type=\"application\/ld+json\" class=\"yoast-schema-graph\">{\"@context\":\"https:\\\/\\\/schema.org\",\"@graph\":[{\"@type\":\"WebPage\",\"@id\":\"https:\\\/\\\/zapateneo.net\\\/wordpress\\\/index.php\\\/producto\\\/esta-guerra-no-termina-en-ucrania\\\/\",\"url\":\"https:\\\/\\\/zapateneo.net\\\/wordpress\\\/index.php\\\/producto\\\/esta-guerra-no-termina-en-ucrania\\\/\",\"name\":\"ESTA GUERRA NO TERMINA EN UCRANIA &#8212; Zapateneo\",\"isPartOf\":{\"@id\":\"https:\\\/\\\/zapateneo.net\\\/wordpress\\\/#website\"},\"primaryImageOfPage\":{\"@id\":\"https:\\\/\\\/zapateneo.net\\\/wordpress\\\/index.php\\\/producto\\\/esta-guerra-no-termina-en-ucrania\\\/#primaryimage\"},\"image\":{\"@id\":\"https:\\\/\\\/zapateneo.net\\\/wordpress\\\/index.php\\\/producto\\\/esta-guerra-no-termina-en-ucrania\\\/#primaryimage\"},\"thumbnailUrl\":\"https:\\\/\\\/zapateneo.net\\\/wordpress\\\/wp-content\\\/uploads\\\/2023\\\/04\\\/esta-guerra-no-termina-en-ucrania-9788416946785.png\",\"datePublished\":\"2023-04-10T18:29:17+00:00\",\"dateModified\":\"2023-05-05T05:12:30+00:00\",\"breadcrumb\":{\"@id\":\"https:\\\/\\\/zapateneo.net\\\/wordpress\\\/index.php\\\/producto\\\/esta-guerra-no-termina-en-ucrania\\\/#breadcrumb\"},\"inLanguage\":\"es\",\"potentialAction\":[{\"@type\":\"ReadAction\",\"target\":[\"https:\\\/\\\/zapateneo.net\\\/wordpress\\\/index.php\\\/producto\\\/esta-guerra-no-termina-en-ucrania\\\/\"]}]},{\"@type\":\"ImageObject\",\"inLanguage\":\"es\",\"@id\":\"https:\\\/\\\/zapateneo.net\\\/wordpress\\\/index.php\\\/producto\\\/esta-guerra-no-termina-en-ucrania\\\/#primaryimage\",\"url\":\"https:\\\/\\\/zapateneo.net\\\/wordpress\\\/wp-content\\\/uploads\\\/2023\\\/04\\\/esta-guerra-no-termina-en-ucrania-9788416946785.png\",\"contentUrl\":\"https:\\\/\\\/zapateneo.net\\\/wordpress\\\/wp-content\\\/uploads\\\/2023\\\/04\\\/esta-guerra-no-termina-en-ucrania-9788416946785.png\",\"width\":266,\"height\":400},{\"@type\":\"BreadcrumbList\",\"@id\":\"https:\\\/\\\/zapateneo.net\\\/wordpress\\\/index.php\\\/producto\\\/esta-guerra-no-termina-en-ucrania\\\/#breadcrumb\",\"itemListElement\":[{\"@type\":\"ListItem\",\"position\":1,\"name\":\"Portada\",\"item\":\"https:\\\/\\\/zapateneo.net\\\/wordpress\\\/\"},{\"@type\":\"ListItem\",\"position\":2,\"name\":\"Tienda\",\"item\":\"https:\\\/\\\/zapateneo.net\\\/wordpress\\\/\"},{\"@type\":\"ListItem\",\"position\":3,\"name\":\"ESTA GUERRA NO TERMINA EN UCRANIA\"}]},{\"@type\":\"WebSite\",\"@id\":\"https:\\\/\\\/zapateneo.net\\\/wordpress\\\/#website\",\"url\":\"https:\\\/\\\/zapateneo.net\\\/wordpress\\\/\",\"name\":\"Zapateneo\",\"description\":\"Zapateneoaren webgunea\",\"publisher\":{\"@id\":\"https:\\\/\\\/zapateneo.net\\\/wordpress\\\/#organization\"},\"potentialAction\":[{\"@type\":\"SearchAction\",\"target\":{\"@type\":\"EntryPoint\",\"urlTemplate\":\"https:\\\/\\\/zapateneo.net\\\/wordpress\\\/?s={search_term_string}\"},\"query-input\":{\"@type\":\"PropertyValueSpecification\",\"valueRequired\":true,\"valueName\":\"search_term_string\"}}],\"inLanguage\":\"es\"},{\"@type\":\"Organization\",\"@id\":\"https:\\\/\\\/zapateneo.net\\\/wordpress\\\/#organization\",\"name\":\"Zapateneo Kultur Elkartea\",\"url\":\"https:\\\/\\\/zapateneo.net\\\/wordpress\\\/\",\"logo\":{\"@type\":\"ImageObject\",\"inLanguage\":\"es\",\"@id\":\"https:\\\/\\\/zapateneo.net\\\/wordpress\\\/#\\\/schema\\\/logo\\\/image\\\/\",\"url\":\"https:\\\/\\\/zapateneo.net\\\/wordpress\\\/wp-content\\\/uploads\\\/2021\\\/04\\\/zap-libu-kolec.jpg\",\"contentUrl\":\"https:\\\/\\\/zapateneo.net\\\/wordpress\\\/wp-content\\\/uploads\\\/2021\\\/04\\\/zap-libu-kolec.jpg\",\"width\":2234,\"height\":398,\"caption\":\"Zapateneo Kultur Elkartea\"},\"image\":{\"@id\":\"https:\\\/\\\/zapateneo.net\\\/wordpress\\\/#\\\/schema\\\/logo\\\/image\\\/\"},\"sameAs\":[\"https:\\\/\\\/x.com\\\/zapateneo\"]}]}<\/script>\n<!-- \/ Yoast SEO plugin. -->","yoast_head_json":{"title":"ESTA GUERRA NO TERMINA EN UCRANIA &#8212; Zapateneo","robots":{"index":"index","follow":"follow","max-snippet":"max-snippet:-1","max-image-preview":"max-image-preview:large","max-video-preview":"max-video-preview:-1"},"canonical":"https:\/\/zapateneo.net\/wordpress\/index.php\/producto\/esta-guerra-no-termina-en-ucrania\/","og_locale":"es_ES","og_type":"article","og_title":"ESTA GUERRA NO TERMINA EN UCRANIA &#8212; Zapateneo","og_description":"Ra\u00fal S\u00e1nchez Cedillo 9788416946785 - Katakrak - 2022 - 330 p\u00e1ginas \/orri.","og_url":"https:\/\/zapateneo.net\/wordpress\/index.php\/producto\/esta-guerra-no-termina-en-ucrania\/","og_site_name":"Zapateneo","article_modified_time":"2023-05-05T05:12:30+00:00","og_image":[{"width":266,"height":400,"url":"https:\/\/zapateneo.net\/wordpress\/wp-content\/uploads\/2023\/04\/esta-guerra-no-termina-en-ucrania-9788416946785.png","type":"image\/png"}],"twitter_card":"summary_large_image","twitter_site":"@zapateneo","twitter_misc":{"Tiempo de lectura":"3 minutos"},"schema":{"@context":"https:\/\/schema.org","@graph":[{"@type":"WebPage","@id":"https:\/\/zapateneo.net\/wordpress\/index.php\/producto\/esta-guerra-no-termina-en-ucrania\/","url":"https:\/\/zapateneo.net\/wordpress\/index.php\/producto\/esta-guerra-no-termina-en-ucrania\/","name":"ESTA GUERRA NO TERMINA EN UCRANIA &#8212; Zapateneo","isPartOf":{"@id":"https:\/\/zapateneo.net\/wordpress\/#website"},"primaryImageOfPage":{"@id":"https:\/\/zapateneo.net\/wordpress\/index.php\/producto\/esta-guerra-no-termina-en-ucrania\/#primaryimage"},"image":{"@id":"https:\/\/zapateneo.net\/wordpress\/index.php\/producto\/esta-guerra-no-termina-en-ucrania\/#primaryimage"},"thumbnailUrl":"https:\/\/zapateneo.net\/wordpress\/wp-content\/uploads\/2023\/04\/esta-guerra-no-termina-en-ucrania-9788416946785.png","datePublished":"2023-04-10T18:29:17+00:00","dateModified":"2023-05-05T05:12:30+00:00","breadcrumb":{"@id":"https:\/\/zapateneo.net\/wordpress\/index.php\/producto\/esta-guerra-no-termina-en-ucrania\/#breadcrumb"},"inLanguage":"es","potentialAction":[{"@type":"ReadAction","target":["https:\/\/zapateneo.net\/wordpress\/index.php\/producto\/esta-guerra-no-termina-en-ucrania\/"]}]},{"@type":"ImageObject","inLanguage":"es","@id":"https:\/\/zapateneo.net\/wordpress\/index.php\/producto\/esta-guerra-no-termina-en-ucrania\/#primaryimage","url":"https:\/\/zapateneo.net\/wordpress\/wp-content\/uploads\/2023\/04\/esta-guerra-no-termina-en-ucrania-9788416946785.png","contentUrl":"https:\/\/zapateneo.net\/wordpress\/wp-content\/uploads\/2023\/04\/esta-guerra-no-termina-en-ucrania-9788416946785.png","width":266,"height":400},{"@type":"BreadcrumbList","@id":"https:\/\/zapateneo.net\/wordpress\/index.php\/producto\/esta-guerra-no-termina-en-ucrania\/#breadcrumb","itemListElement":[{"@type":"ListItem","position":1,"name":"Portada","item":"https:\/\/zapateneo.net\/wordpress\/"},{"@type":"ListItem","position":2,"name":"Tienda","item":"https:\/\/zapateneo.net\/wordpress\/"},{"@type":"ListItem","position":3,"name":"ESTA GUERRA NO TERMINA EN UCRANIA"}]},{"@type":"WebSite","@id":"https:\/\/zapateneo.net\/wordpress\/#website","url":"https:\/\/zapateneo.net\/wordpress\/","name":"Zapateneo","description":"Zapateneoaren webgunea","publisher":{"@id":"https:\/\/zapateneo.net\/wordpress\/#organization"},"potentialAction":[{"@type":"SearchAction","target":{"@type":"EntryPoint","urlTemplate":"https:\/\/zapateneo.net\/wordpress\/?s={search_term_string}"},"query-input":{"@type":"PropertyValueSpecification","valueRequired":true,"valueName":"search_term_string"}}],"inLanguage":"es"},{"@type":"Organization","@id":"https:\/\/zapateneo.net\/wordpress\/#organization","name":"Zapateneo Kultur Elkartea","url":"https:\/\/zapateneo.net\/wordpress\/","logo":{"@type":"ImageObject","inLanguage":"es","@id":"https:\/\/zapateneo.net\/wordpress\/#\/schema\/logo\/image\/","url":"https:\/\/zapateneo.net\/wordpress\/wp-content\/uploads\/2021\/04\/zap-libu-kolec.jpg","contentUrl":"https:\/\/zapateneo.net\/wordpress\/wp-content\/uploads\/2021\/04\/zap-libu-kolec.jpg","width":2234,"height":398,"caption":"Zapateneo Kultur Elkartea"},"image":{"@id":"https:\/\/zapateneo.net\/wordpress\/#\/schema\/logo\/image\/"},"sameAs":["https:\/\/x.com\/zapateneo"]}]}},"_links":{"self":[{"href":"https:\/\/zapateneo.net\/wordpress\/index.php\/wp-json\/wp\/v2\/product\/12705","targetHints":{"allow":["GET"]}}],"collection":[{"href":"https:\/\/zapateneo.net\/wordpress\/index.php\/wp-json\/wp\/v2\/product"}],"about":[{"href":"https:\/\/zapateneo.net\/wordpress\/index.php\/wp-json\/wp\/v2\/types\/product"}],"wp:featuredmedia":[{"embeddable":true,"href":"https:\/\/zapateneo.net\/wordpress\/index.php\/wp-json\/wp\/v2\/media\/12735"}],"wp:attachment":[{"href":"https:\/\/zapateneo.net\/wordpress\/index.php\/wp-json\/wp\/v2\/media?parent=12705"}],"wp:term":[{"taxonomy":"product_brand","embeddable":true,"href":"https:\/\/zapateneo.net\/wordpress\/index.php\/wp-json\/wp\/v2\/product_brand?post=12705"},{"taxonomy":"product_cat","embeddable":true,"href":"https:\/\/zapateneo.net\/wordpress\/index.php\/wp-json\/wp\/v2\/product_cat?post=12705"},{"taxonomy":"product_tag","embeddable":true,"href":"https:\/\/zapateneo.net\/wordpress\/index.php\/wp-json\/wp\/v2\/product_tag?post=12705"}],"curies":[{"name":"wp","href":"https:\/\/api.w.org\/{rel}","templated":true}]}}