{"id":12704,"date":"2023-04-10T19:29:17","date_gmt":"2023-04-10T18:29:17","guid":{"rendered":"https:\/\/zapateneo.net\/wordpress\/?post_type=product&#038;p=12704"},"modified":"2023-04-10T19:29:30","modified_gmt":"2023-04-10T18:29:30","slug":"mediterraneo-negro-cuerpos-fronteras-ciudadania","status":"publish","type":"product","link":"https:\/\/zapateneo.net\/wordpress\/index.php\/producto\/mediterraneo-negro-cuerpos-fronteras-ciudadania\/","title":{"rendered":"MEDITERR\u00c1NEO NEGRO Cuerpos, fronteras, ciudadan\u00eda"},"content":{"rendered":"<p>Ninguna frontera es una simple l\u00ednea, una barrera. En el caso del Mediterr\u00e1neo, que une y separa Europa, \u00c1frica y Asia, esto es a\u00fan m\u00e1s cierto. La zona fronteriza es una masa de agua con una tremenda carga de historias de sometimiento, de trabajo forzado, de violencia, pero tambi\u00e9n de resistencia, de fuga, de emancipaci\u00f3n. Mediterr\u00e1neo negro es el enfoque compartido por las activistas y acad\u00e9micas que contribuyen a este volumen desde distintas disciplinas: geograf\u00eda, teor\u00eda pol\u00edtica, sociolog\u00eda y estudios culturales. El desaf\u00edo al que nos invitan consiste en repensar el \u00e1rea mediterr\u00e1nea como un espacio de producci\u00f3n racializada de fronteras, cuerpos y ciudadan\u00eda inserto en los circuitos globales de acumulaci\u00f3n capitalista.<\/p>\n<p>El marco Mediterr\u00e1neo negro es cualquier cosa menos una frivolidad acad\u00e9mica. Al contrario, es un esfuerzo coral, coordinado y pol\u00edticamente orientado, que viene a intervenir en un campo de batalla bastante concurrido. En la actualidad compiten por el relato y la historia de las fronteras de Europa varias propuestas con agendas distintas. Mediterr\u00e1neo negro se opone frontalmente tanto a los populismos racistas de derechas como a las llamadas m\u00e1s amables al cierre de fronteras por parte de la socialdemocracia nativista y cierto chovinismo del bienestar. Su apuesta es radical: ir m\u00e1s all\u00e1 del paradigma de la acogida y no conformarse con menos que la abolici\u00f3n, tanto de las fronteras como de todas las instituciones al servicio del capitalismo racial y sus din\u00e1micas de exclusi\u00f3n e inclusi\u00f3n diferenciada, que mantienen bajo control los costes salariales y el conflicto social.<\/p>\n<p>En suma, este libro impugna los t\u00e9rminos del debate sobre las migraciones en plena crisis de las clases medias europeas. La tarea, de la que est\u00e1 casi todo por hacer, consiste en encontrar conexiones entre el empobrecimiento acelerado de quienes ya viven en el continente y la situaci\u00f3n desesperada de quienes acaban de llegar. La creaci\u00f3n de alianzas, comunidades de lucha, deseo y apoyo mutuo es la oportunidad a la que apuntan estas p\u00e1ginas.<\/p>\n<p>Acerca de Black Mediterranean collective: Grupo de activistas e investigadores universitarios preocupados por pensar pol\u00edticamente el Mediterr\u00e1neo, que comparten trayectorias e intersecciones pol\u00edticas, vitales y biogr\u00e1ficas. Gabriele Proglio, Camilla Hawthorne, Ida Danewid, P. Khalil Saucier, Giuseppe Grimaldi, Angelica Pesarini, Timothy Raeymaekers, Giulia Grechi y Vivian Gerrand han elaborado este libro a trav\u00e9s de sus textos, discusiones y reflexiones.<\/p>\n","protected":false},"excerpt":{"rendered":"<p><strong>The Black Mediterranean Collective<\/strong><br \/>\n9788416946723 &#8211; Katakrak &#8211; 2023 &#8211; 278 p\u00e1ginas \/orri.<\/p>\n","protected":false},"featured_media":12734,"template":"","meta":[],"product_brand":[],"product_cat":[181,16],"product_tag":[508,5937],"class_list":{"0":"post-12704","1":"product","2":"type-product","3":"status-publish","4":"has-post-thumbnail","6":"product_cat-bazterketa-soziala-eta-errepresioa-exclusion-social-y-represion","7":"product_cat-libros","8":"product_tag-katakrak","9":"product_tag-the-black-mediterranean-collective","11":"first","12":"instock","13":"sold-individually","14":"shipping-taxable","15":"purchasable","16":"product-type-simple"},"yoast_head":"<!-- This site is optimized with the Yoast SEO plugin v27.3 - https:\/\/yoast.com\/product\/yoast-seo-wordpress\/ -->\n<title>MEDITERR\u00c1NEO NEGRO Cuerpos, fronteras, ciudadan\u00eda &#8212; Zapateneo<\/title>\n<meta name=\"robots\" content=\"index, follow, max-snippet:-1, max-image-preview:large, max-video-preview:-1\" \/>\n<link rel=\"canonical\" href=\"https:\/\/zapateneo.net\/wordpress\/index.php\/producto\/mediterraneo-negro-cuerpos-fronteras-ciudadania\/\" \/>\n<meta property=\"og:locale\" content=\"es_ES\" \/>\n<meta property=\"og:type\" content=\"article\" \/>\n<meta property=\"og:title\" content=\"MEDITERR\u00c1NEO NEGRO Cuerpos, fronteras, ciudadan\u00eda &#8212; Zapateneo\" \/>\n<meta property=\"og:description\" content=\"The Black Mediterranean Collective 9788416946723 - Katakrak - 2023 - 278 p\u00e1ginas \/orri.\" \/>\n<meta property=\"og:url\" content=\"https:\/\/zapateneo.net\/wordpress\/index.php\/producto\/mediterraneo-negro-cuerpos-fronteras-ciudadania\/\" \/>\n<meta property=\"og:site_name\" content=\"Zapateneo\" \/>\n<meta property=\"article:modified_time\" content=\"2023-04-10T18:29:30+00:00\" \/>\n<meta name=\"twitter:card\" content=\"summary_large_image\" \/>\n<meta name=\"twitter:site\" content=\"@zapateneo\" \/>\n<meta name=\"twitter:label1\" content=\"Tiempo de lectura\" \/>\n\t<meta name=\"twitter:data1\" content=\"2 minutos\" \/>\n<script type=\"application\/ld+json\" class=\"yoast-schema-graph\">{\"@context\":\"https:\\\/\\\/schema.org\",\"@graph\":[{\"@type\":\"WebPage\",\"@id\":\"https:\\\/\\\/zapateneo.net\\\/wordpress\\\/index.php\\\/producto\\\/mediterraneo-negro-cuerpos-fronteras-ciudadania\\\/\",\"url\":\"https:\\\/\\\/zapateneo.net\\\/wordpress\\\/index.php\\\/producto\\\/mediterraneo-negro-cuerpos-fronteras-ciudadania\\\/\",\"name\":\"MEDITERR\u00c1NEO NEGRO Cuerpos, fronteras, ciudadan\u00eda &#8212; Zapateneo\",\"isPartOf\":{\"@id\":\"https:\\\/\\\/zapateneo.net\\\/wordpress\\\/#website\"},\"primaryImageOfPage\":{\"@id\":\"https:\\\/\\\/zapateneo.net\\\/wordpress\\\/index.php\\\/producto\\\/mediterraneo-negro-cuerpos-fronteras-ciudadania\\\/#primaryimage\"},\"image\":{\"@id\":\"https:\\\/\\\/zapateneo.net\\\/wordpress\\\/index.php\\\/producto\\\/mediterraneo-negro-cuerpos-fronteras-ciudadania\\\/#primaryimage\"},\"thumbnailUrl\":\"https:\\\/\\\/zapateneo.net\\\/wordpress\\\/wp-content\\\/uploads\\\/2023\\\/04\\\/mediterraneo-negro-9788416946723.jpg\",\"datePublished\":\"2023-04-10T18:29:17+00:00\",\"dateModified\":\"2023-04-10T18:29:30+00:00\",\"breadcrumb\":{\"@id\":\"https:\\\/\\\/zapateneo.net\\\/wordpress\\\/index.php\\\/producto\\\/mediterraneo-negro-cuerpos-fronteras-ciudadania\\\/#breadcrumb\"},\"inLanguage\":\"es\",\"potentialAction\":[{\"@type\":\"ReadAction\",\"target\":[\"https:\\\/\\\/zapateneo.net\\\/wordpress\\\/index.php\\\/producto\\\/mediterraneo-negro-cuerpos-fronteras-ciudadania\\\/\"]}]},{\"@type\":\"ImageObject\",\"inLanguage\":\"es\",\"@id\":\"https:\\\/\\\/zapateneo.net\\\/wordpress\\\/index.php\\\/producto\\\/mediterraneo-negro-cuerpos-fronteras-ciudadania\\\/#primaryimage\",\"url\":\"https:\\\/\\\/zapateneo.net\\\/wordpress\\\/wp-content\\\/uploads\\\/2023\\\/04\\\/mediterraneo-negro-9788416946723.jpg\",\"contentUrl\":\"https:\\\/\\\/zapateneo.net\\\/wordpress\\\/wp-content\\\/uploads\\\/2023\\\/04\\\/mediterraneo-negro-9788416946723.jpg\",\"width\":265,\"height\":400},{\"@type\":\"BreadcrumbList\",\"@id\":\"https:\\\/\\\/zapateneo.net\\\/wordpress\\\/index.php\\\/producto\\\/mediterraneo-negro-cuerpos-fronteras-ciudadania\\\/#breadcrumb\",\"itemListElement\":[{\"@type\":\"ListItem\",\"position\":1,\"name\":\"Portada\",\"item\":\"https:\\\/\\\/zapateneo.net\\\/wordpress\\\/\"},{\"@type\":\"ListItem\",\"position\":2,\"name\":\"Tienda\",\"item\":\"https:\\\/\\\/zapateneo.net\\\/wordpress\\\/\"},{\"@type\":\"ListItem\",\"position\":3,\"name\":\"MEDITERR\u00c1NEO NEGRO Cuerpos, fronteras, ciudadan\u00eda\"}]},{\"@type\":\"WebSite\",\"@id\":\"https:\\\/\\\/zapateneo.net\\\/wordpress\\\/#website\",\"url\":\"https:\\\/\\\/zapateneo.net\\\/wordpress\\\/\",\"name\":\"Zapateneo\",\"description\":\"Zapateneoaren webgunea\",\"publisher\":{\"@id\":\"https:\\\/\\\/zapateneo.net\\\/wordpress\\\/#organization\"},\"potentialAction\":[{\"@type\":\"SearchAction\",\"target\":{\"@type\":\"EntryPoint\",\"urlTemplate\":\"https:\\\/\\\/zapateneo.net\\\/wordpress\\\/?s={search_term_string}\"},\"query-input\":{\"@type\":\"PropertyValueSpecification\",\"valueRequired\":true,\"valueName\":\"search_term_string\"}}],\"inLanguage\":\"es\"},{\"@type\":\"Organization\",\"@id\":\"https:\\\/\\\/zapateneo.net\\\/wordpress\\\/#organization\",\"name\":\"Zapateneo Kultur Elkartea\",\"url\":\"https:\\\/\\\/zapateneo.net\\\/wordpress\\\/\",\"logo\":{\"@type\":\"ImageObject\",\"inLanguage\":\"es\",\"@id\":\"https:\\\/\\\/zapateneo.net\\\/wordpress\\\/#\\\/schema\\\/logo\\\/image\\\/\",\"url\":\"https:\\\/\\\/zapateneo.net\\\/wordpress\\\/wp-content\\\/uploads\\\/2021\\\/04\\\/zap-libu-kolec.jpg\",\"contentUrl\":\"https:\\\/\\\/zapateneo.net\\\/wordpress\\\/wp-content\\\/uploads\\\/2021\\\/04\\\/zap-libu-kolec.jpg\",\"width\":2234,\"height\":398,\"caption\":\"Zapateneo Kultur Elkartea\"},\"image\":{\"@id\":\"https:\\\/\\\/zapateneo.net\\\/wordpress\\\/#\\\/schema\\\/logo\\\/image\\\/\"},\"sameAs\":[\"https:\\\/\\\/x.com\\\/zapateneo\"]}]}<\/script>\n<!-- \/ Yoast SEO plugin. -->","yoast_head_json":{"title":"MEDITERR\u00c1NEO NEGRO Cuerpos, fronteras, ciudadan\u00eda &#8212; Zapateneo","robots":{"index":"index","follow":"follow","max-snippet":"max-snippet:-1","max-image-preview":"max-image-preview:large","max-video-preview":"max-video-preview:-1"},"canonical":"https:\/\/zapateneo.net\/wordpress\/index.php\/producto\/mediterraneo-negro-cuerpos-fronteras-ciudadania\/","og_locale":"es_ES","og_type":"article","og_title":"MEDITERR\u00c1NEO NEGRO Cuerpos, fronteras, ciudadan\u00eda &#8212; Zapateneo","og_description":"The Black Mediterranean Collective 9788416946723 - Katakrak - 2023 - 278 p\u00e1ginas \/orri.","og_url":"https:\/\/zapateneo.net\/wordpress\/index.php\/producto\/mediterraneo-negro-cuerpos-fronteras-ciudadania\/","og_site_name":"Zapateneo","article_modified_time":"2023-04-10T18:29:30+00:00","twitter_card":"summary_large_image","twitter_site":"@zapateneo","twitter_misc":{"Tiempo de lectura":"2 minutos"},"schema":{"@context":"https:\/\/schema.org","@graph":[{"@type":"WebPage","@id":"https:\/\/zapateneo.net\/wordpress\/index.php\/producto\/mediterraneo-negro-cuerpos-fronteras-ciudadania\/","url":"https:\/\/zapateneo.net\/wordpress\/index.php\/producto\/mediterraneo-negro-cuerpos-fronteras-ciudadania\/","name":"MEDITERR\u00c1NEO NEGRO Cuerpos, fronteras, ciudadan\u00eda &#8212; Zapateneo","isPartOf":{"@id":"https:\/\/zapateneo.net\/wordpress\/#website"},"primaryImageOfPage":{"@id":"https:\/\/zapateneo.net\/wordpress\/index.php\/producto\/mediterraneo-negro-cuerpos-fronteras-ciudadania\/#primaryimage"},"image":{"@id":"https:\/\/zapateneo.net\/wordpress\/index.php\/producto\/mediterraneo-negro-cuerpos-fronteras-ciudadania\/#primaryimage"},"thumbnailUrl":"https:\/\/zapateneo.net\/wordpress\/wp-content\/uploads\/2023\/04\/mediterraneo-negro-9788416946723.jpg","datePublished":"2023-04-10T18:29:17+00:00","dateModified":"2023-04-10T18:29:30+00:00","breadcrumb":{"@id":"https:\/\/zapateneo.net\/wordpress\/index.php\/producto\/mediterraneo-negro-cuerpos-fronteras-ciudadania\/#breadcrumb"},"inLanguage":"es","potentialAction":[{"@type":"ReadAction","target":["https:\/\/zapateneo.net\/wordpress\/index.php\/producto\/mediterraneo-negro-cuerpos-fronteras-ciudadania\/"]}]},{"@type":"ImageObject","inLanguage":"es","@id":"https:\/\/zapateneo.net\/wordpress\/index.php\/producto\/mediterraneo-negro-cuerpos-fronteras-ciudadania\/#primaryimage","url":"https:\/\/zapateneo.net\/wordpress\/wp-content\/uploads\/2023\/04\/mediterraneo-negro-9788416946723.jpg","contentUrl":"https:\/\/zapateneo.net\/wordpress\/wp-content\/uploads\/2023\/04\/mediterraneo-negro-9788416946723.jpg","width":265,"height":400},{"@type":"BreadcrumbList","@id":"https:\/\/zapateneo.net\/wordpress\/index.php\/producto\/mediterraneo-negro-cuerpos-fronteras-ciudadania\/#breadcrumb","itemListElement":[{"@type":"ListItem","position":1,"name":"Portada","item":"https:\/\/zapateneo.net\/wordpress\/"},{"@type":"ListItem","position":2,"name":"Tienda","item":"https:\/\/zapateneo.net\/wordpress\/"},{"@type":"ListItem","position":3,"name":"MEDITERR\u00c1NEO NEGRO Cuerpos, fronteras, ciudadan\u00eda"}]},{"@type":"WebSite","@id":"https:\/\/zapateneo.net\/wordpress\/#website","url":"https:\/\/zapateneo.net\/wordpress\/","name":"Zapateneo","description":"Zapateneoaren webgunea","publisher":{"@id":"https:\/\/zapateneo.net\/wordpress\/#organization"},"potentialAction":[{"@type":"SearchAction","target":{"@type":"EntryPoint","urlTemplate":"https:\/\/zapateneo.net\/wordpress\/?s={search_term_string}"},"query-input":{"@type":"PropertyValueSpecification","valueRequired":true,"valueName":"search_term_string"}}],"inLanguage":"es"},{"@type":"Organization","@id":"https:\/\/zapateneo.net\/wordpress\/#organization","name":"Zapateneo Kultur Elkartea","url":"https:\/\/zapateneo.net\/wordpress\/","logo":{"@type":"ImageObject","inLanguage":"es","@id":"https:\/\/zapateneo.net\/wordpress\/#\/schema\/logo\/image\/","url":"https:\/\/zapateneo.net\/wordpress\/wp-content\/uploads\/2021\/04\/zap-libu-kolec.jpg","contentUrl":"https:\/\/zapateneo.net\/wordpress\/wp-content\/uploads\/2021\/04\/zap-libu-kolec.jpg","width":2234,"height":398,"caption":"Zapateneo Kultur Elkartea"},"image":{"@id":"https:\/\/zapateneo.net\/wordpress\/#\/schema\/logo\/image\/"},"sameAs":["https:\/\/x.com\/zapateneo"]}]}},"_links":{"self":[{"href":"https:\/\/zapateneo.net\/wordpress\/index.php\/wp-json\/wp\/v2\/product\/12704","targetHints":{"allow":["GET"]}}],"collection":[{"href":"https:\/\/zapateneo.net\/wordpress\/index.php\/wp-json\/wp\/v2\/product"}],"about":[{"href":"https:\/\/zapateneo.net\/wordpress\/index.php\/wp-json\/wp\/v2\/types\/product"}],"wp:featuredmedia":[{"embeddable":true,"href":"https:\/\/zapateneo.net\/wordpress\/index.php\/wp-json\/wp\/v2\/media\/12734"}],"wp:attachment":[{"href":"https:\/\/zapateneo.net\/wordpress\/index.php\/wp-json\/wp\/v2\/media?parent=12704"}],"wp:term":[{"taxonomy":"product_brand","embeddable":true,"href":"https:\/\/zapateneo.net\/wordpress\/index.php\/wp-json\/wp\/v2\/product_brand?post=12704"},{"taxonomy":"product_cat","embeddable":true,"href":"https:\/\/zapateneo.net\/wordpress\/index.php\/wp-json\/wp\/v2\/product_cat?post=12704"},{"taxonomy":"product_tag","embeddable":true,"href":"https:\/\/zapateneo.net\/wordpress\/index.php\/wp-json\/wp\/v2\/product_tag?post=12704"}],"curies":[{"name":"wp","href":"https:\/\/api.w.org\/{rel}","templated":true}]}}